{"id":10,"date":"2022-09-09T03:49:01","date_gmt":"2022-09-09T03:49:01","guid":{"rendered":"https:\/\/carreras.uleam.edu.ec\/sede-pichincha\/?page_id=10"},"modified":"2024-01-31T14:36:39","modified_gmt":"2024-01-31T14:36:39","slug":"inicio","status":"publish","type":"page","link":"https:\/\/carreras.uleam.edu.ec\/campus-pichincha\/","title":{"rendered":"Inicio"},"content":{"rendered":"\t\t<div data-elementor-type=\"wp-page\" data-elementor-id=\"10\" class=\"elementor elementor-10\" data-elementor-settings=\"[]\">\n\t\t\t\t\t\t\t<div class=\"elementor-section-wrap\">\n\t\t\t\t\t\t\t<section class=\"elementor-section elementor-top-section elementor-element elementor-element-16a9993 elementor-section-full_width elementor-section-height-default elementor-section-height-default\" data-id=\"16a9993\" data-element_type=\"section\">\n\t\t\t\t\t\t<div class=\"elementor-container elementor-column-gap-default\">\n\t\t\t\t\t<div class=\"elementor-column elementor-col-100 elementor-top-column elementor-element elementor-element-d5882db\" data-id=\"d5882db\" data-element_type=\"column\">\n\t\t\t<div class=\"elementor-widget-wrap elementor-element-populated\">\n\t\t\t\t\t\t\t\t<div class=\"elementor-element elementor-element-ca4511e elementor-widget elementor-widget-image\" data-id=\"ca4511e\" data-element_type=\"widget\" data-widget_type=\"image.default\">\n\t\t\t\t<div class=\"elementor-widget-container\">\n\t\t\t\t\t\t\t\t\t\t\t\t\t\t\t<img loading=\"lazy\" decoding=\"async\" width=\"3236\" height=\"882\" src=\"https:\/\/carreras.uleam.edu.ec\/campus-pichincha\/wp-content\/uploads\/sites\/82\/2023\/01\/cabeceras-campus-Pichincha.png\" class=\"attachment-full size-full\" alt=\"\" srcset=\"https:\/\/carreras.uleam.edu.ec\/campus-pichincha\/wp-content\/uploads\/sites\/82\/2023\/01\/cabeceras-campus-Pichincha.png 3236w, https:\/\/carreras.uleam.edu.ec\/campus-pichincha\/wp-content\/uploads\/sites\/82\/2023\/01\/cabeceras-campus-Pichincha-300x82.png 300w, https:\/\/carreras.uleam.edu.ec\/campus-pichincha\/wp-content\/uploads\/sites\/82\/2023\/01\/cabeceras-campus-Pichincha-1024x279.png 1024w, https:\/\/carreras.uleam.edu.ec\/campus-pichincha\/wp-content\/uploads\/sites\/82\/2023\/01\/cabeceras-campus-Pichincha-768x209.png 768w, https:\/\/carreras.uleam.edu.ec\/campus-pichincha\/wp-content\/uploads\/sites\/82\/2023\/01\/cabeceras-campus-Pichincha-1536x419.png 1536w, https:\/\/carreras.uleam.edu.ec\/campus-pichincha\/wp-content\/uploads\/sites\/82\/2023\/01\/cabeceras-campus-Pichincha-2048x558.png 2048w\" sizes=\"auto, (max-width: 3236px) 100vw, 3236px\" \/>\t\t\t\t\t\t\t\t\t\t\t\t\t\t\t<\/div>\n\t\t\t\t<\/div>\n\t\t\t\t\t<\/div>\n\t\t<\/div>\n\t\t\t\t\t\t\t<\/div>\n\t\t<\/section>\n\t\t\t\t<section class=\"elementor-section elementor-top-section elementor-element elementor-element-c466bbd elementor-section-boxed elementor-section-height-default elementor-section-height-default\" data-id=\"c466bbd\" data-element_type=\"section\">\n\t\t\t\t\t\t<div class=\"elementor-container elementor-column-gap-default\">\n\t\t\t\t\t<div class=\"elementor-column elementor-col-100 elementor-top-column elementor-element elementor-element-4a7523d\" data-id=\"4a7523d\" data-element_type=\"column\">\n\t\t\t<div class=\"elementor-widget-wrap elementor-element-populated\">\n\t\t\t\t\t\t\t\t<div class=\"elementor-element elementor-element-5ed915a elementor-tabs-view-horizontal elementor-widget elementor-widget-tabs\" data-id=\"5ed915a\" data-element_type=\"widget\" data-widget_type=\"tabs.default\">\n\t\t\t\t<div class=\"elementor-widget-container\">\n\t\t\t\t\t<div class=\"elementor-tabs\">\n\t\t\t<div class=\"elementor-tabs-wrapper\" role=\"tablist\" >\n\t\t\t\t\t\t\t\t\t<div id=\"elementor-tab-title-9941\" class=\"elementor-tab-title elementor-tab-desktop-title\" aria-selected=\"true\" data-tab=\"1\" role=\"tab\" tabindex=\"0\" aria-controls=\"elementor-tab-content-9941\" aria-expanded=\"false\">Promocional del Campus<\/div>\n\t\t\t\t\t\t\t\t\t<div id=\"elementor-tab-title-9942\" class=\"elementor-tab-title elementor-tab-desktop-title\" aria-selected=\"false\" data-tab=\"2\" role=\"tab\" tabindex=\"-1\" aria-controls=\"elementor-tab-content-9942\" aria-expanded=\"false\">Carreras<\/div>\n\t\t\t\t\t\t\t\t\t<div id=\"elementor-tab-title-9943\" class=\"elementor-tab-title elementor-tab-desktop-title\" aria-selected=\"false\" data-tab=\"3\" role=\"tab\" tabindex=\"-1\" aria-controls=\"elementor-tab-content-9943\" aria-expanded=\"false\">Autoridades<\/div>\n\t\t\t\t\t\t\t\t\t<div id=\"elementor-tab-title-9944\" class=\"elementor-tab-title elementor-tab-desktop-title\" aria-selected=\"false\" data-tab=\"4\" role=\"tab\" tabindex=\"-1\" aria-controls=\"elementor-tab-content-9944\" aria-expanded=\"false\">Misi\u00f3n y Visi\u00f3n<\/div>\n\t\t\t\t\t\t\t\t\t<div id=\"elementor-tab-title-9945\" class=\"elementor-tab-title elementor-tab-desktop-title\" aria-selected=\"false\" data-tab=\"5\" role=\"tab\" tabindex=\"-1\" aria-controls=\"elementor-tab-content-9945\" aria-expanded=\"false\">Organigrama<\/div>\n\t\t\t\t\t\t\t\t\t<div id=\"elementor-tab-title-9946\" class=\"elementor-tab-title elementor-tab-desktop-title\" aria-selected=\"false\" data-tab=\"6\" role=\"tab\" tabindex=\"-1\" aria-controls=\"elementor-tab-content-9946\" aria-expanded=\"false\">Convenios<\/div>\n\t\t\t\t\t\t\t<\/div>\n\t\t\t<div class=\"elementor-tabs-content-wrapper\" role=\"tablist\" aria-orientation=\"vertical\">\n\t\t\t\t\t\t\t\t\t<div class=\"elementor-tab-title elementor-tab-mobile-title\" aria-selected=\"true\" data-tab=\"1\" role=\"tab\" tabindex=\"0\" aria-controls=\"elementor-tab-content-9941\" aria-expanded=\"false\">Promocional del Campus<\/div>\n\t\t\t\t\t<div id=\"elementor-tab-content-9941\" class=\"elementor-tab-content elementor-clearfix\" data-tab=\"1\" role=\"tabpanel\" aria-labelledby=\"elementor-tab-title-9941\" tabindex=\"0\" hidden=\"false\"><p><iframe loading=\"lazy\" title=\"\ud835\udc02\ud835\udc1a\ud835\udc26\ud835\udc29\ud835\udc2e\ud835\udc2c \ud835\udc0f\ud835\udc22\ud835\udc1c\ud835\udc21\ud835\udc22\ud835\udc27\ud835\udc1c\ud835\udc21\ud835\udc1a\ud83d\udd34EN VIVO EXPO-ULEAM 2024\" width=\"500\" height=\"281\" src=\"https:\/\/www.youtube.com\/embed\/c4G0VGZAQnA?feature=oembed\" frameborder=\"0\" allow=\"accelerometer; autoplay; clipboard-write; encrypted-media; gyroscope; picture-in-picture; web-share\" referrerpolicy=\"strict-origin-when-cross-origin\" allowfullscreen><\/iframe><\/p><\/div>\n\t\t\t\t\t\t\t\t\t<div class=\"elementor-tab-title elementor-tab-mobile-title\" aria-selected=\"false\" data-tab=\"2\" role=\"tab\" tabindex=\"-1\" aria-controls=\"elementor-tab-content-9942\" aria-expanded=\"false\">Carreras<\/div>\n\t\t\t\t\t<div id=\"elementor-tab-content-9942\" class=\"elementor-tab-content elementor-clearfix\" data-tab=\"2\" role=\"tabpanel\" aria-labelledby=\"elementor-tab-title-9942\" tabindex=\"0\" hidden=\"hidden\"><ul><li><strong><span style=\"color: #000000\"><a style=\"color: #000000\" href=\"https:\/\/carreras.uleam.edu.ec\/campus-pichincha\/carrera-de-agronegocios-sede-pichincha\/\">Agronegocios<\/a><\/span><\/strong><\/li><li><strong><span style=\"color: #000000\"><a style=\"color: #000000\" href=\"https:\/\/carreras.uleam.edu.ec\/campus-pichincha\/carrera-de-educacion-basica\/\">Educaci\u00f3n B\u00e1sica<\/a><\/span><\/strong><\/li><\/ul><\/div>\n\t\t\t\t\t\t\t\t\t<div class=\"elementor-tab-title elementor-tab-mobile-title\" aria-selected=\"false\" data-tab=\"3\" role=\"tab\" tabindex=\"-1\" aria-controls=\"elementor-tab-content-9943\" aria-expanded=\"false\">Autoridades<\/div>\n\t\t\t\t\t<div id=\"elementor-tab-content-9943\" class=\"elementor-tab-content elementor-clearfix\" data-tab=\"3\" role=\"tabpanel\" aria-labelledby=\"elementor-tab-title-9943\" tabindex=\"0\" hidden=\"hidden\"><p><img loading=\"lazy\" decoding=\"async\" class=\"alignnone wp-image-91 size-large\" src=\"https:\/\/carreras.uleam.edu.ec\/campus-pichincha\/wp-content\/uploads\/sites\/82\/2023\/05\/FOTOS-DR.-CHARLE-VERA-GRANADO-DIRECTOR-CAMPUS-PICHINCHA-1024x576.png\" alt=\"\" width=\"1024\" height=\"576\" srcset=\"https:\/\/carreras.uleam.edu.ec\/campus-pichincha\/wp-content\/uploads\/sites\/82\/2023\/05\/FOTOS-DR.-CHARLE-VERA-GRANADO-DIRECTOR-CAMPUS-PICHINCHA-1024x576.png 1024w, https:\/\/carreras.uleam.edu.ec\/campus-pichincha\/wp-content\/uploads\/sites\/82\/2023\/05\/FOTOS-DR.-CHARLE-VERA-GRANADO-DIRECTOR-CAMPUS-PICHINCHA-300x169.png 300w, https:\/\/carreras.uleam.edu.ec\/campus-pichincha\/wp-content\/uploads\/sites\/82\/2023\/05\/FOTOS-DR.-CHARLE-VERA-GRANADO-DIRECTOR-CAMPUS-PICHINCHA-768x432.png 768w, https:\/\/carreras.uleam.edu.ec\/campus-pichincha\/wp-content\/uploads\/sites\/82\/2023\/05\/FOTOS-DR.-CHARLE-VERA-GRANADO-DIRECTOR-CAMPUS-PICHINCHA-1536x864.png 1536w, https:\/\/carreras.uleam.edu.ec\/campus-pichincha\/wp-content\/uploads\/sites\/82\/2023\/05\/FOTOS-DR.-CHARLE-VERA-GRANADO-DIRECTOR-CAMPUS-PICHINCHA-2048x1152.png 2048w\" sizes=\"auto, (max-width: 1024px) 100vw, 1024px\" \/><\/p><p style=\"text-align: center\">E-mail: charles.vera@uleam.edu.ec<\/p><hr \/><p style=\"text-align: center\">HORARIO DE ATENCI\u00d3N:<\/p><p style=\"text-align: center\">DE 08:00 A 17:00\u00a0<\/p><p style=\"text-align: center\">Lunes \u2013 Viernes<\/p><\/div>\n\t\t\t\t\t\t\t\t\t<div class=\"elementor-tab-title elementor-tab-mobile-title\" aria-selected=\"false\" data-tab=\"4\" role=\"tab\" tabindex=\"-1\" aria-controls=\"elementor-tab-content-9944\" aria-expanded=\"false\">Misi\u00f3n y Visi\u00f3n<\/div>\n\t\t\t\t\t<div id=\"elementor-tab-content-9944\" class=\"elementor-tab-content elementor-clearfix\" data-tab=\"4\" role=\"tabpanel\" aria-labelledby=\"elementor-tab-title-9944\" tabindex=\"0\" hidden=\"hidden\"><h4>Misi\u00f3n:<\/h4><ul><li style=\"text-align: justify\">Educar y formar profesionales que cubran la demanda actual en las \u00e1reas de producci\u00f3n y comercializaci\u00f3n de productos, educaci\u00f3n, turismo, salud y tecnolog\u00eda existente en el cant\u00f3n Pichincha y sus alrededores.<\/li><\/ul><h4 style=\"text-align: justify\">Visi\u00f3n:<\/h4><ul><li style=\"text-align: justify\">El campus Pichincha ser\u00e1 el motor que impulse al cant\u00f3n y a toda su zona de influencia a un verdadero desarrollo econ\u00f3mico y social, creando nuevas y mejores formas de producci\u00f3n, dando valor agregado a sus procesos y explotando de mejor manera los recursos.<\/li><\/ul><\/div>\n\t\t\t\t\t\t\t\t\t<div class=\"elementor-tab-title elementor-tab-mobile-title\" aria-selected=\"false\" data-tab=\"5\" role=\"tab\" tabindex=\"-1\" aria-controls=\"elementor-tab-content-9945\" aria-expanded=\"false\">Organigrama<\/div>\n\t\t\t\t\t<div id=\"elementor-tab-content-9945\" class=\"elementor-tab-content elementor-clearfix\" data-tab=\"5\" role=\"tabpanel\" aria-labelledby=\"elementor-tab-title-9945\" tabindex=\"0\" hidden=\"hidden\">Contenido de la pesta\u00f1a<\/div>\n\t\t\t\t\t\t\t\t\t<div class=\"elementor-tab-title elementor-tab-mobile-title\" aria-selected=\"false\" data-tab=\"6\" role=\"tab\" tabindex=\"-1\" aria-controls=\"elementor-tab-content-9946\" aria-expanded=\"false\">Convenios<\/div>\n\t\t\t\t\t<div id=\"elementor-tab-content-9946\" class=\"elementor-tab-content elementor-clearfix\" data-tab=\"6\" role=\"tabpanel\" aria-labelledby=\"elementor-tab-title-9946\" tabindex=\"0\" hidden=\"hidden\"><ul><li>Asociaci\u00f3n de Ganaderos del cant\u00f3n Pichincha<\/li><li>Gobierno Aut\u00f3nomo Descentralizado Municipal del Cant\u00f3n Pichincha<\/li><li>Gobierno Aut\u00f3nomo Descentralizado Parroquial El Rosario<\/li><li>Gobierno Aut\u00f3nomo Descentralizado de la Parroquia San Sebasti\u00e1n del Cant\u00f3n Pichincha<\/li><li>Unidad Educativa Particular Vicente Rocafuerte del cant\u00f3n Pichincha<\/li><li>Fundaci\u00f3n Humana Pueblo A Pueblo &#8211; Ecuador.<\/li><li>Universidad Europea del Atl\u00e1ntico y Universidad Internacional Iberoamericana<\/li><\/ul><p>\u00a0<\/p><\/div>\n\t\t\t\t\t\t\t<\/div>\n\t\t<\/div>\n\t\t\t\t<\/div>\n\t\t\t\t<\/div>\n\t\t\t\t\t<\/div>\n\t\t<\/div>\n\t\t\t\t\t\t\t<\/div>\n\t\t<\/section>\n\t\t\t\t\t\t<\/div>\n\t\t\t\t\t<\/div>\n\t\t","protected":false},"excerpt":{"rendered":"<p>Promocional del Campus Carreras Autoridades Misi\u00f3n y Visi\u00f3n Organigrama Convenios Promocional del Campus Carreras Agronegocios Educaci\u00f3n B\u00e1sica Autoridades E-mail: charles.vera@uleam.edu.ec HORARIO DE ATENCI\u00d3N: DE 08:00 A 17:00\u00a0 Lunes \u2013 Viernes Misi\u00f3n y Visi\u00f3n Misi\u00f3n: Educar y formar profesionales que cubran [&hellip;]<\/p>\n","protected":false},"author":7,"featured_media":0,"parent":0,"menu_order":0,"comment_status":"closed","ping_status":"closed","template":"elementor_canvas","meta":{"_acf_changed":false,"footnotes":""},"class_list":["post-10","page","type-page","status-publish","hentry"],"acf":[],"_links":{"self":[{"href":"https:\/\/carreras.uleam.edu.ec\/campus-pichincha\/wp-json\/wp\/v2\/pages\/10","targetHints":{"allow":["GET"]}}],"collection":[{"href":"https:\/\/carreras.uleam.edu.ec\/campus-pichincha\/wp-json\/wp\/v2\/pages"}],"about":[{"href":"https:\/\/carreras.uleam.edu.ec\/campus-pichincha\/wp-json\/wp\/v2\/types\/page"}],"author":[{"embeddable":true,"href":"https:\/\/carreras.uleam.edu.ec\/campus-pichincha\/wp-json\/wp\/v2\/users\/7"}],"replies":[{"embeddable":true,"href":"https:\/\/carreras.uleam.edu.ec\/campus-pichincha\/wp-json\/wp\/v2\/comments?post=10"}],"version-history":[{"count":37,"href":"https:\/\/carreras.uleam.edu.ec\/campus-pichincha\/wp-json\/wp\/v2\/pages\/10\/revisions"}],"predecessor-version":[{"id":137,"href":"https:\/\/carreras.uleam.edu.ec\/campus-pichincha\/wp-json\/wp\/v2\/pages\/10\/revisions\/137"}],"wp:attachment":[{"href":"https:\/\/carreras.uleam.edu.ec\/campus-pichincha\/wp-json\/wp\/v2\/media?parent=10"}],"curies":[{"name":"wp","href":"https:\/\/api.w.org\/{rel}","templated":true}]}}