{"id":7,"date":"2022-09-09T02:06:35","date_gmt":"2022-09-09T02:06:35","guid":{"rendered":"https:\/\/carreras.uleam.edu.ec\/sede-pichincha\/?page_id=7"},"modified":"2025-03-14T21:34:52","modified_gmt":"2025-03-14T21:34:52","slug":"carrera-de-agronegocios-sede-pichincha","status":"publish","type":"page","link":"https:\/\/carreras.uleam.edu.ec\/campus-pichincha\/carrera-de-agronegocios-sede-pichincha\/","title":{"rendered":"Carrera Agronegocios"},"content":{"rendered":"\t\t<div data-elementor-type=\"wp-page\" data-elementor-id=\"7\" class=\"elementor elementor-7\" data-elementor-settings=\"[]\">\n\t\t\t\t\t\t\t<div class=\"elementor-section-wrap\">\n\t\t\t\t\t\t\t<section class=\"elementor-section elementor-top-section elementor-element elementor-element-51ecf03 elementor-section-boxed elementor-section-height-default elementor-section-height-default\" data-id=\"51ecf03\" data-element_type=\"section\">\n\t\t\t\t\t\t<div class=\"elementor-container elementor-column-gap-default\">\n\t\t\t\t\t<div class=\"elementor-column elementor-col-100 elementor-top-column elementor-element elementor-element-1752122\" data-id=\"1752122\" data-element_type=\"column\">\n\t\t\t<div class=\"elementor-widget-wrap elementor-element-populated\">\n\t\t\t\t\t\t\t\t<div class=\"elementor-element elementor-element-5afa703 elementor-tabs-view-horizontal elementor-widget elementor-widget-tabs\" data-id=\"5afa703\" data-element_type=\"widget\" data-widget_type=\"tabs.default\">\n\t\t\t\t<div class=\"elementor-widget-container\">\n\t\t\t\t\t<div class=\"elementor-tabs\">\n\t\t\t<div class=\"elementor-tabs-wrapper\" role=\"tablist\" >\n\t\t\t\t\t\t\t\t\t<div id=\"elementor-tab-title-9531\" class=\"elementor-tab-title elementor-tab-desktop-title\" aria-selected=\"true\" data-tab=\"1\" role=\"tab\" tabindex=\"0\" aria-controls=\"elementor-tab-content-9531\" aria-expanded=\"false\">Descripci\u00f3n General de la Carrera<\/div>\n\t\t\t\t\t\t\t\t\t<div id=\"elementor-tab-title-9532\" class=\"elementor-tab-title elementor-tab-desktop-title\" aria-selected=\"false\" data-tab=\"2\" role=\"tab\" tabindex=\"-1\" aria-controls=\"elementor-tab-content-9532\" aria-expanded=\"false\">Malla Curricular<\/div>\n\t\t\t\t\t\t\t\t\t<div id=\"elementor-tab-title-9533\" class=\"elementor-tab-title elementor-tab-desktop-title\" aria-selected=\"false\" data-tab=\"3\" role=\"tab\" tabindex=\"-1\" aria-controls=\"elementor-tab-content-9533\" aria-expanded=\"false\">Docentes<\/div>\n\t\t\t\t\t\t\t\t\t<div id=\"elementor-tab-title-9534\" class=\"elementor-tab-title elementor-tab-desktop-title\" aria-selected=\"false\" data-tab=\"4\" role=\"tab\" tabindex=\"-1\" aria-controls=\"elementor-tab-content-9534\" aria-expanded=\"false\">Datos Generales<\/div>\n\t\t\t\t\t\t\t\t\t<div id=\"elementor-tab-title-9535\" class=\"elementor-tab-title elementor-tab-desktop-title\" aria-selected=\"false\" data-tab=\"5\" role=\"tab\" tabindex=\"-1\" aria-controls=\"elementor-tab-content-9535\" aria-expanded=\"false\">Gesti\u00f3n y Proceso Estudiantil<\/div>\n\t\t\t\t\t\t\t<\/div>\n\t\t\t<div class=\"elementor-tabs-content-wrapper\" role=\"tablist\" aria-orientation=\"vertical\">\n\t\t\t\t\t\t\t\t\t<div class=\"elementor-tab-title elementor-tab-mobile-title\" aria-selected=\"true\" data-tab=\"1\" role=\"tab\" tabindex=\"0\" aria-controls=\"elementor-tab-content-9531\" aria-expanded=\"false\">Descripci\u00f3n General de la Carrera<\/div>\n\t\t\t\t\t<div id=\"elementor-tab-content-9531\" class=\"elementor-tab-content elementor-clearfix\" data-tab=\"1\" role=\"tabpanel\" aria-labelledby=\"elementor-tab-title-9531\" tabindex=\"0\" hidden=\"false\"><div id=\"elementor-tab-content-2251\" class=\"elementor-tab-content elementor-clearfix elementor-active\" role=\"tabpanel\" data-tab=\"1\" aria-labelledby=\"elementor-tab-title-2251\"><p>\u00a0<\/p><p>Nombre de la carrera:\u00a0 \u00a0 \u00a0 \u00a0 \u00a0 \u00a0 \u00a0 \u00a0 \u00a0 \u00a0AGRONEGOCIOS.<\/p><p>T\u00edtulo que otorga:\u00a0 \u00a0 \u00a0 \u00a0 \u00a0 \u00a0 \u00a0 \u00a0 \u00a0 \u00a0 \u00a0 \u00a0 \u00a0 LICENCIADO EN AGRONEGOCIOS.<\/p><p>Modalidad de aprendizaje:\u00a0 \u00a0 \u00a0 \u00a0 \u00a0 PRESENCIAL.<\/p><p>Numero de periodos ordinarios: 8 NIVELES ACADEMICOS.<\/p><p>OBJETIV0 GENERAL<\/p><p style=\"padding-left: 40px\">Formar profesionales con conocimientos t\u00e9cnicos capaces de gestionar e innovar procesos y estrategias vinculadas a la comercializaci6n de bienes y servicios agroalimentarios, as\u00ed como en la administraci\u00f3n de recursos tangibles, intangibles y humanos, en concordancia con la demanda nacional e internacional.<\/p><p>PERFIL DE INGRESO<\/p><p>El aspirante a esta carrera deber\u00e1 garantizar poseer las siguientes competencias y habilidades:<\/p><ul><li>Vocaci6n de servicio, solidaridad, autorreflexi\u00f3n y humanismo.<\/li><li>Tener sentido de responsabilidad social.<\/li><li>Capacidad de trabajo en equipo.<\/li><li>Comprender su realidad natural.<\/li><li>Comportamiento \u00e9tico e integro.<\/li><li>An\u00e1lisis, s\u00edntesis y abstracci\u00f3n.<\/li><li>Razonamiento, fluidez y comprensi\u00f3n verbal.<\/li><li>Comunicaci\u00f3n efectiva.<\/li><li>Ser creativo, innovador y proactivo.<\/li><li>inform\u00e1tica a nivel de usuario.<\/li><\/ul><p>REQUISITOS DE INGRESO<\/p><ul><li>Poseer t\u00edtulo de bachiller o su equivalente, de conformidad con la Ley.<\/li><li>Haber cumplido los requisitos normados por el Sistema de Nivelaci\u00f3n y Admisi\u00f3n, el mismo que observara los principios de igualdad de oportunidades, m\u00e9rito y<\/li><li>Cumplir con la entrega de documentaci\u00f3n personal y habilitante en Secretar\u00eda<\/li><li>En casos especiales, certificados de reconocimiento y homologaci\u00f3n de estudios de otras IES. de conformidad con el Articulo 98 y 99 del Reglamento de r\u00e9gimen Acad\u00e9mico.<\/li><\/ul><p>REQUISITOS DE GRADUACI\u00d3N<\/p><ul><li>Haber aprobado las asignaturas de las unidades b\u00e1sica y profesional del plan curricular de la carrera.<\/li><li>Acreditar suficiencia a nivel MERL-B1 al culminar la carrera conforme a lo dispuesto en Art. 80 del RRA aprobado por el CES: A trav\u00e9s del Instituto de Idiomas la universidad eval\u00faa a sus estudiantes para garantizar que tienen el nivel 81 en el idioma ingl\u00e9s, previo a la matriculaci\u00f3n en su \u00faltimo semestre de carrera. De manera opcional el estudiante puede asistir a programas de preparaci\u00f3n previa dictados por el propio instituto o a trav\u00e9s de programas online con instituciones con las que se mantienen convenios vigentes para estos procesos formativos.<\/li><li>Aprobar el trabajo de integraci6n curricular de conformidad con lo establecido en el Reglamento Interno de r\u00e9gimen Acad\u00e9mico.<\/li><li>Acreditar el cumplimiento de los requisitos de titulaci\u00f3n establecidos en la LOES: pr\u00e1cticas laborales y de servicio comunitario seg\u00fan lo aprobado en el proyecto de carrera.<\/li><\/ul><p>MODALIDADES DE TITULACI\u00d3N<\/p><ul><li>Desarrollo de un trabajo de integraci6n curricular.<\/li><\/ul><\/div><\/div>\n\t\t\t\t\t\t\t\t\t<div class=\"elementor-tab-title elementor-tab-mobile-title\" aria-selected=\"false\" data-tab=\"2\" role=\"tab\" tabindex=\"-1\" aria-controls=\"elementor-tab-content-9532\" aria-expanded=\"false\">Malla Curricular<\/div>\n\t\t\t\t\t<div id=\"elementor-tab-content-9532\" class=\"elementor-tab-content elementor-clearfix\" data-tab=\"2\" role=\"tabpanel\" aria-labelledby=\"elementor-tab-title-9532\" tabindex=\"0\" hidden=\"hidden\"><p><a href=\"https:\/\/carreras.uleam.edu.ec\/campus-pichincha\/wp-content\/uploads\/sites\/82\/2024\/01\/Malla-Curricular-Agronegocios-1.pdf\" target=\"_blank\" rel=\"noopener\"><img loading=\"lazy\" decoding=\"async\" class=\"alignnone wp-image-113 size-large\" src=\"https:\/\/carreras.uleam.edu.ec\/campus-pichincha\/wp-content\/uploads\/sites\/82\/2024\/01\/MALLA-AGRONEGOCIOS-1024x618.png\" alt=\"\" width=\"1024\" height=\"618\" srcset=\"https:\/\/carreras.uleam.edu.ec\/campus-pichincha\/wp-content\/uploads\/sites\/82\/2024\/01\/MALLA-AGRONEGOCIOS-1024x618.png 1024w, https:\/\/carreras.uleam.edu.ec\/campus-pichincha\/wp-content\/uploads\/sites\/82\/2024\/01\/MALLA-AGRONEGOCIOS-300x181.png 300w, https:\/\/carreras.uleam.edu.ec\/campus-pichincha\/wp-content\/uploads\/sites\/82\/2024\/01\/MALLA-AGRONEGOCIOS-768x463.png 768w, https:\/\/carreras.uleam.edu.ec\/campus-pichincha\/wp-content\/uploads\/sites\/82\/2024\/01\/MALLA-AGRONEGOCIOS-1536x926.png 1536w, https:\/\/carreras.uleam.edu.ec\/campus-pichincha\/wp-content\/uploads\/sites\/82\/2024\/01\/MALLA-AGRONEGOCIOS-2048x1235.png 2048w\" sizes=\"auto, (max-width: 1024px) 100vw, 1024px\" \/><\/a><\/p><\/div>\n\t\t\t\t\t\t\t\t\t<div class=\"elementor-tab-title elementor-tab-mobile-title\" aria-selected=\"false\" data-tab=\"3\" role=\"tab\" tabindex=\"-1\" aria-controls=\"elementor-tab-content-9533\" aria-expanded=\"false\">Docentes<\/div>\n\t\t\t\t\t<div id=\"elementor-tab-content-9533\" class=\"elementor-tab-content elementor-clearfix\" data-tab=\"3\" role=\"tabpanel\" aria-labelledby=\"elementor-tab-title-9533\" tabindex=\"0\" hidden=\"hidden\"><\/div>\n\t\t\t\t\t\t\t\t\t<div class=\"elementor-tab-title elementor-tab-mobile-title\" aria-selected=\"false\" data-tab=\"4\" role=\"tab\" tabindex=\"-1\" aria-controls=\"elementor-tab-content-9534\" aria-expanded=\"false\">Datos Generales<\/div>\n\t\t\t\t\t<div id=\"elementor-tab-content-9534\" class=\"elementor-tab-content elementor-clearfix\" data-tab=\"4\" role=\"tabpanel\" aria-labelledby=\"elementor-tab-title-9534\" tabindex=\"0\" hidden=\"hidden\"><div id=\"elementor-tab-content-2254\" class=\"elementor-tab-content elementor-clearfix elementor-active\" role=\"tabpanel\" data-tab=\"4\" aria-labelledby=\"elementor-tab-title-2254\"><p>\u00a0<\/p><ul><li style=\"text-align: center\">Ing. Jefferson Cevallos Rivera, Mg.<\/li><li style=\"text-align: center\">COORDINADOR DE CARRERA<\/li><li style=\"text-align: center\"><a href=\"mailto:jefferson.cevallos@uleam.edu.ec\">jefferson.cevallos@uleam.edu.ec<\/a><\/li><\/ul><hr \/><ul style=\"text-align: center\"><li>Econ. Manuela Garc\u00eda Men\u00e9ndez<\/li><li>SECRETARIA<\/li><li><p><a href=\"mailto:manuela.garcia@uleam.edu.ec\">manuela.garcia@uleam.edu.ec<\/a><\/p><hr \/><ul><li>Horarios de atenci\u00f3n:<\/li><li>08:00 \u2013 17:00<\/li><\/ul><\/li><\/ul><\/div><\/div>\n\t\t\t\t\t\t\t\t\t<div class=\"elementor-tab-title elementor-tab-mobile-title\" aria-selected=\"false\" data-tab=\"5\" role=\"tab\" tabindex=\"-1\" aria-controls=\"elementor-tab-content-9535\" aria-expanded=\"false\">Gesti\u00f3n y Proceso Estudiantil<\/div>\n\t\t\t\t\t<div id=\"elementor-tab-content-9535\" class=\"elementor-tab-content elementor-clearfix\" data-tab=\"5\" role=\"tabpanel\" aria-labelledby=\"elementor-tab-title-9535\" tabindex=\"0\" hidden=\"hidden\"><ul><li>\u21d2\u00a0Pr\u00e1cticas Pre-profesionales<\/li><li>\u21d2 <a href=\"https:\/\/departamentos.uleam.edu.ec\/gestion-aseguramiento-calidad\/2019\/04\/08\/matricula\/\">Matr\u00edcula<\/a><\/li><li>\u21d2 <a href=\"https:\/\/departamentos.uleam.edu.ec\/gestion-aseguramiento-calidad\/reingreso-de-estudiantes\/\">Reingreso de estudiantes<\/a><\/li><li>\u21d2 <a href=\"https:\/\/departamentos.uleam.edu.ec\/gestion-aseguramiento-calidad\/homologacion-de-estudios-por-analisis-comparativo-de-contenidos\/\">Homologaci\u00f3n de Estudios por An\u00e1lisis Comparativo de Contenidos<\/a><\/li><\/ul><\/div>\n\t\t\t\t\t\t\t<\/div>\n\t\t<\/div>\n\t\t\t\t<\/div>\n\t\t\t\t<\/div>\n\t\t\t\t\t<\/div>\n\t\t<\/div>\n\t\t\t\t\t\t\t<\/div>\n\t\t<\/section>\n\t\t\t\t\t\t<\/div>\n\t\t\t\t\t<\/div>\n\t\t","protected":false},"excerpt":{"rendered":"<p>Descripci\u00f3n General de la Carrera Malla Curricular Docentes Datos Generales Gesti\u00f3n y Proceso Estudiantil Descripci\u00f3n General de la Carrera \u00a0 Nombre de la carrera:\u00a0 \u00a0 \u00a0 \u00a0 \u00a0 \u00a0 \u00a0 \u00a0 \u00a0 \u00a0AGRONEGOCIOS. T\u00edtulo que otorga:\u00a0 \u00a0 \u00a0 \u00a0 \u00a0 [&hellip;]<\/p>\n","protected":false},"author":7,"featured_media":0,"parent":0,"menu_order":0,"comment_status":"closed","ping_status":"closed","template":"","meta":{"_acf_changed":false,"footnotes":""},"class_list":["post-7","page","type-page","status-publish","hentry"],"acf":[],"_links":{"self":[{"href":"https:\/\/carreras.uleam.edu.ec\/campus-pichincha\/wp-json\/wp\/v2\/pages\/7","targetHints":{"allow":["GET"]}}],"collection":[{"href":"https:\/\/carreras.uleam.edu.ec\/campus-pichincha\/wp-json\/wp\/v2\/pages"}],"about":[{"href":"https:\/\/carreras.uleam.edu.ec\/campus-pichincha\/wp-json\/wp\/v2\/types\/page"}],"author":[{"embeddable":true,"href":"https:\/\/carreras.uleam.edu.ec\/campus-pichincha\/wp-json\/wp\/v2\/users\/7"}],"replies":[{"embeddable":true,"href":"https:\/\/carreras.uleam.edu.ec\/campus-pichincha\/wp-json\/wp\/v2\/comments?post=7"}],"version-history":[{"count":48,"href":"https:\/\/carreras.uleam.edu.ec\/campus-pichincha\/wp-json\/wp\/v2\/pages\/7\/revisions"}],"predecessor-version":[{"id":147,"href":"https:\/\/carreras.uleam.edu.ec\/campus-pichincha\/wp-json\/wp\/v2\/pages\/7\/revisions\/147"}],"wp:attachment":[{"href":"https:\/\/carreras.uleam.edu.ec\/campus-pichincha\/wp-json\/wp\/v2\/media?parent=7"}],"curies":[{"name":"wp","href":"https:\/\/api.w.org\/{rel}","templated":true}]}}