{"id":10,"date":"2022-09-09T03:47:29","date_gmt":"2022-09-09T03:47:29","guid":{"rendered":"https:\/\/carreras.uleam.edu.ec\/campus-tosagua\/?page_id=10"},"modified":"2025-02-13T13:23:42","modified_gmt":"2025-02-13T13:23:42","slug":"inicio","status":"publish","type":"page","link":"https:\/\/carreras.uleam.edu.ec\/campus-tosagua\/","title":{"rendered":"Inicio"},"content":{"rendered":"\t\t<div data-elementor-type=\"wp-page\" data-elementor-id=\"10\" class=\"elementor elementor-10\" data-elementor-settings=\"[]\">\n\t\t\t\t\t\t\t<div class=\"elementor-section-wrap\">\n\t\t\t\t\t\t\t<section class=\"elementor-section elementor-top-section elementor-element elementor-element-b4ebe3a elementor-section-full_width elementor-section-height-default elementor-section-height-default\" data-id=\"b4ebe3a\" data-element_type=\"section\">\n\t\t\t\t\t\t<div class=\"elementor-container elementor-column-gap-default\">\n\t\t\t\t\t<div class=\"elementor-column elementor-col-100 elementor-top-column elementor-element elementor-element-057e76c\" data-id=\"057e76c\" data-element_type=\"column\">\n\t\t\t<div class=\"elementor-widget-wrap elementor-element-populated\">\n\t\t\t\t\t\t\t\t<div class=\"elementor-element elementor-element-6d7dcbd elementor-widget elementor-widget-image\" data-id=\"6d7dcbd\" data-element_type=\"widget\" data-widget_type=\"image.default\">\n\t\t\t\t<div class=\"elementor-widget-container\">\n\t\t\t\t\t\t\t\t\t\t\t\t\t\t\t<img loading=\"lazy\" decoding=\"async\" width=\"3236\" height=\"881\" src=\"https:\/\/carreras.uleam.edu.ec\/campus-tosagua\/wp-content\/uploads\/sites\/81\/2022\/09\/CABECERA-TOSAGUA.png\" class=\"attachment-full size-full\" alt=\"\" srcset=\"https:\/\/carreras.uleam.edu.ec\/campus-tosagua\/wp-content\/uploads\/sites\/81\/2022\/09\/CABECERA-TOSAGUA.png 3236w, https:\/\/carreras.uleam.edu.ec\/campus-tosagua\/wp-content\/uploads\/sites\/81\/2022\/09\/CABECERA-TOSAGUA-300x82.png 300w, https:\/\/carreras.uleam.edu.ec\/campus-tosagua\/wp-content\/uploads\/sites\/81\/2022\/09\/CABECERA-TOSAGUA-1024x279.png 1024w, https:\/\/carreras.uleam.edu.ec\/campus-tosagua\/wp-content\/uploads\/sites\/81\/2022\/09\/CABECERA-TOSAGUA-768x209.png 768w, https:\/\/carreras.uleam.edu.ec\/campus-tosagua\/wp-content\/uploads\/sites\/81\/2022\/09\/CABECERA-TOSAGUA-1536x418.png 1536w, https:\/\/carreras.uleam.edu.ec\/campus-tosagua\/wp-content\/uploads\/sites\/81\/2022\/09\/CABECERA-TOSAGUA-2048x558.png 2048w\" sizes=\"auto, (max-width: 3236px) 100vw, 3236px\" \/>\t\t\t\t\t\t\t\t\t\t\t\t\t\t\t<\/div>\n\t\t\t\t<\/div>\n\t\t\t\t\t<\/div>\n\t\t<\/div>\n\t\t\t\t\t\t\t<\/div>\n\t\t<\/section>\n\t\t\t\t<section class=\"elementor-section elementor-top-section elementor-element elementor-element-926db0a elementor-section-boxed elementor-section-height-default elementor-section-height-default\" data-id=\"926db0a\" data-element_type=\"section\">\n\t\t\t\t\t\t<div class=\"elementor-container elementor-column-gap-default\">\n\t\t\t\t\t<div class=\"elementor-column elementor-col-100 elementor-top-column elementor-element elementor-element-0e8bac7\" data-id=\"0e8bac7\" data-element_type=\"column\">\n\t\t\t<div class=\"elementor-widget-wrap elementor-element-populated\">\n\t\t\t\t\t\t\t\t<div class=\"elementor-element elementor-element-aef4426 elementor-tabs-view-horizontal elementor-widget elementor-widget-tabs\" data-id=\"aef4426\" data-element_type=\"widget\" data-widget_type=\"tabs.default\">\n\t\t\t\t<div class=\"elementor-widget-container\">\n\t\t\t\t\t<div class=\"elementor-tabs\">\n\t\t\t<div class=\"elementor-tabs-wrapper\" role=\"tablist\" >\n\t\t\t\t\t\t\t\t\t<div id=\"elementor-tab-title-1831\" class=\"elementor-tab-title elementor-tab-desktop-title\" aria-selected=\"true\" data-tab=\"1\" role=\"tab\" tabindex=\"0\" aria-controls=\"elementor-tab-content-1831\" aria-expanded=\"false\">Carreras<\/div>\n\t\t\t\t\t\t\t\t\t<div id=\"elementor-tab-title-1832\" class=\"elementor-tab-title elementor-tab-desktop-title\" aria-selected=\"false\" data-tab=\"2\" role=\"tab\" tabindex=\"-1\" aria-controls=\"elementor-tab-content-1832\" aria-expanded=\"false\">Autoridades<\/div>\n\t\t\t\t\t\t\t\t\t<div id=\"elementor-tab-title-1833\" class=\"elementor-tab-title elementor-tab-desktop-title\" aria-selected=\"false\" data-tab=\"3\" role=\"tab\" tabindex=\"-1\" aria-controls=\"elementor-tab-content-1833\" aria-expanded=\"false\">Misi\u00f3n y Visi\u00f3n<\/div>\n\t\t\t\t\t\t\t\t\t<div id=\"elementor-tab-title-1834\" class=\"elementor-tab-title elementor-tab-desktop-title\" aria-selected=\"false\" data-tab=\"4\" role=\"tab\" tabindex=\"-1\" aria-controls=\"elementor-tab-content-1834\" aria-expanded=\"false\">Organigrama<\/div>\n\t\t\t\t\t\t\t\t\t<div id=\"elementor-tab-title-1835\" class=\"elementor-tab-title elementor-tab-desktop-title\" aria-selected=\"false\" data-tab=\"5\" role=\"tab\" tabindex=\"-1\" aria-controls=\"elementor-tab-content-1835\" aria-expanded=\"false\">Convenios<\/div>\n\t\t\t\t\t\t\t<\/div>\n\t\t\t<div class=\"elementor-tabs-content-wrapper\" role=\"tablist\" aria-orientation=\"vertical\">\n\t\t\t\t\t\t\t\t\t<div class=\"elementor-tab-title elementor-tab-mobile-title\" aria-selected=\"true\" data-tab=\"1\" role=\"tab\" tabindex=\"0\" aria-controls=\"elementor-tab-content-1831\" aria-expanded=\"false\">Carreras<\/div>\n\t\t\t\t\t<div id=\"elementor-tab-content-1831\" class=\"elementor-tab-content elementor-clearfix\" data-tab=\"1\" role=\"tabpanel\" aria-labelledby=\"elementor-tab-title-1831\" tabindex=\"0\" hidden=\"false\"><div class=\"elementor-element elementor-element-82e0be3 elementor-widget elementor-widget-text-editor\" data-id=\"82e0be3\" data-element_type=\"widget\" data-widget_type=\"text-editor.default\"><p>\u00a0<\/p><div class=\"elementor-widget-container\"><div class=\"elementor-text-editor elementor-clearfix\"><ul><li><strong><span style=\"color: #000000\"><a style=\"color: #000000\" role=\"link\" href=\"https:\/\/carreras.uleam.edu.ec\/campus-tosagua\/carrera-educacion-inicial\/\">*Educaci\u00f3n Inicial<\/a><\/span><\/strong><br \/><strong><span style=\"color: #000000\"><a style=\"color: #000000\" role=\"link\" href=\"https:\/\/carreras.uleam.edu.ec\/campus-tosagua\/carrera-enfermeria\/\">*Enfermer\u00eda<\/a><\/span><\/strong><\/li><li><strong><span style=\"color: #000000\"><a style=\"color: #000000\" href=\"https:\/\/carreras.uleam.edu.ec\/campus-tosagua\/carrera-de-educacion-basica\/\">*Educaci\u00f3n B\u00e1scia<\/a><\/span><\/strong><\/li><li><strong><span style=\"color: #000000\"><a style=\"color: #000000\" href=\"https:\/\/carreras.uleam.edu.ec\/campus-tosagua\/carrera-de-derecho\/\">*Derecho<\/a><\/span><\/strong><\/li><\/ul><\/div><\/div><\/div><\/div>\n\t\t\t\t\t\t\t\t\t<div class=\"elementor-tab-title elementor-tab-mobile-title\" aria-selected=\"false\" data-tab=\"2\" role=\"tab\" tabindex=\"-1\" aria-controls=\"elementor-tab-content-1832\" aria-expanded=\"false\">Autoridades<\/div>\n\t\t\t\t\t<div id=\"elementor-tab-content-1832\" class=\"elementor-tab-content elementor-clearfix\" data-tab=\"2\" role=\"tabpanel\" aria-labelledby=\"elementor-tab-title-1832\" tabindex=\"0\" hidden=\"hidden\"><p><img loading=\"lazy\" decoding=\"async\" class=\"alignnone wp-image-136 size-large\" src=\"https:\/\/carreras.uleam.edu.ec\/campus-tosagua\/wp-content\/uploads\/sites\/81\/2025\/02\/FOTOS-PARA-DECANOS-2024-TOSAGUA-1024x576.png\" alt=\"\" width=\"1024\" height=\"576\" srcset=\"https:\/\/carreras.uleam.edu.ec\/campus-tosagua\/wp-content\/uploads\/sites\/81\/2025\/02\/FOTOS-PARA-DECANOS-2024-TOSAGUA-1024x576.png 1024w, https:\/\/carreras.uleam.edu.ec\/campus-tosagua\/wp-content\/uploads\/sites\/81\/2025\/02\/FOTOS-PARA-DECANOS-2024-TOSAGUA-300x169.png 300w, https:\/\/carreras.uleam.edu.ec\/campus-tosagua\/wp-content\/uploads\/sites\/81\/2025\/02\/FOTOS-PARA-DECANOS-2024-TOSAGUA-768x432.png 768w, https:\/\/carreras.uleam.edu.ec\/campus-tosagua\/wp-content\/uploads\/sites\/81\/2025\/02\/FOTOS-PARA-DECANOS-2024-TOSAGUA-1536x864.png 1536w, https:\/\/carreras.uleam.edu.ec\/campus-tosagua\/wp-content\/uploads\/sites\/81\/2025\/02\/FOTOS-PARA-DECANOS-2024-TOSAGUA-2048x1152.png 2048w\" sizes=\"auto, (max-width: 1024px) 100vw, 1024px\" \/><\/p><p style=\"text-align: center\"><a href=\"mailto:andres.andrade@uleam.edu.ec\">andres.andrade@uleam.edu.ec<\/a>\u00a0<\/p><hr \/><ul><li style=\"text-align: center\">HORARIO DE ATENCI\u00d3N:<\/li><li style=\"text-align: center\">DE 08:00 A 17:00\u00a0<\/li><li style=\"text-align: center\">Lunes \u2013 Viernes<\/li><\/ul><\/div>\n\t\t\t\t\t\t\t\t\t<div class=\"elementor-tab-title elementor-tab-mobile-title\" aria-selected=\"false\" data-tab=\"3\" role=\"tab\" tabindex=\"-1\" aria-controls=\"elementor-tab-content-1833\" aria-expanded=\"false\">Misi\u00f3n y Visi\u00f3n<\/div>\n\t\t\t\t\t<div id=\"elementor-tab-content-1833\" class=\"elementor-tab-content elementor-clearfix\" data-tab=\"3\" role=\"tabpanel\" aria-labelledby=\"elementor-tab-title-1833\" tabindex=\"0\" hidden=\"hidden\"><p>MISI\u00d3N:<\/p><p>Formar profesionales a nivel t\u00e9cnico y tecnol\u00f3gico competentes y emprendedores desde lo acad\u00e9mico, la investigaci\u00f3n, y la vinculaci\u00f3n, que contribuyan a mejorar la calidad de vida de la sociedad.<\/p><p>VISI\u00d3N:<\/p><p>Ser un referente nacional e internacional en la formaci\u00f3n de profesionales a nivel t\u00e9cnico y tecnol\u00f3gico alineada a las exigencias de la sociedad que promueva la creatividad, productividad y equidad con base en la \u00e9tica y con sentido de pertinencia.<\/p><\/div>\n\t\t\t\t\t\t\t\t\t<div class=\"elementor-tab-title elementor-tab-mobile-title\" aria-selected=\"false\" data-tab=\"4\" role=\"tab\" tabindex=\"-1\" aria-controls=\"elementor-tab-content-1834\" aria-expanded=\"false\">Organigrama<\/div>\n\t\t\t\t\t<div id=\"elementor-tab-content-1834\" class=\"elementor-tab-content elementor-clearfix\" data-tab=\"4\" role=\"tabpanel\" aria-labelledby=\"elementor-tab-title-1834\" tabindex=\"0\" hidden=\"hidden\"><p><img loading=\"lazy\" decoding=\"async\" class=\"aligncenter wp-image-92 size-full\" src=\"https:\/\/carreras.uleam.edu.ec\/campus-tosagua\/wp-content\/uploads\/sites\/81\/2023\/05\/EstructuraUAFTT_sl-1.jpg\" alt=\"\" width=\"1024\" height=\"1024\" srcset=\"https:\/\/carreras.uleam.edu.ec\/campus-tosagua\/wp-content\/uploads\/sites\/81\/2023\/05\/EstructuraUAFTT_sl-1.jpg 1024w, https:\/\/carreras.uleam.edu.ec\/campus-tosagua\/wp-content\/uploads\/sites\/81\/2023\/05\/EstructuraUAFTT_sl-1-300x300.jpg 300w, https:\/\/carreras.uleam.edu.ec\/campus-tosagua\/wp-content\/uploads\/sites\/81\/2023\/05\/EstructuraUAFTT_sl-1-150x150.jpg 150w, https:\/\/carreras.uleam.edu.ec\/campus-tosagua\/wp-content\/uploads\/sites\/81\/2023\/05\/EstructuraUAFTT_sl-1-768x768.jpg 768w, https:\/\/carreras.uleam.edu.ec\/campus-tosagua\/wp-content\/uploads\/sites\/81\/2023\/05\/EstructuraUAFTT_sl-1-100x100.jpg 100w\" sizes=\"auto, (max-width: 1024px) 100vw, 1024px\" \/><\/p><\/div>\n\t\t\t\t\t\t\t\t\t<div class=\"elementor-tab-title elementor-tab-mobile-title\" aria-selected=\"false\" data-tab=\"5\" role=\"tab\" tabindex=\"-1\" aria-controls=\"elementor-tab-content-1835\" aria-expanded=\"false\">Convenios<\/div>\n\t\t\t\t\t<div id=\"elementor-tab-content-1835\" class=\"elementor-tab-content elementor-clearfix\" data-tab=\"5\" role=\"tabpanel\" aria-labelledby=\"elementor-tab-title-1835\" tabindex=\"0\" hidden=\"hidden\"><p><a href=\"https:\/\/departamentos.uleam.edu.ec\/procuraduria\/convenios\/\" target=\"_blank\" rel=\"noopener\"><img loading=\"lazy\" decoding=\"async\" class=\"size-medium wp-image-94 aligncenter\" src=\"https:\/\/carreras.uleam.edu.ec\/campus-tosagua\/wp-content\/uploads\/sites\/81\/2023\/05\/convenios-300x256.png\" alt=\"\" width=\"300\" height=\"256\" srcset=\"https:\/\/carreras.uleam.edu.ec\/campus-tosagua\/wp-content\/uploads\/sites\/81\/2023\/05\/convenios-300x256.png 300w, https:\/\/carreras.uleam.edu.ec\/campus-tosagua\/wp-content\/uploads\/sites\/81\/2023\/05\/convenios-768x656.png 768w, https:\/\/carreras.uleam.edu.ec\/campus-tosagua\/wp-content\/uploads\/sites\/81\/2023\/05\/convenios.png 854w\" sizes=\"auto, (max-width: 300px) 100vw, 300px\" \/><\/a><\/p><\/div>\n\t\t\t\t\t\t\t<\/div>\n\t\t<\/div>\n\t\t\t\t<\/div>\n\t\t\t\t<\/div>\n\t\t\t\t\t<\/div>\n\t\t<\/div>\n\t\t\t\t\t\t\t<\/div>\n\t\t<\/section>\n\t\t\t\t\t\t<\/div>\n\t\t\t\t\t<\/div>\n\t\t","protected":false},"excerpt":{"rendered":"<p>Carreras Autoridades Misi\u00f3n y Visi\u00f3n Organigrama Convenios Carreras \u00a0 *Educaci\u00f3n Inicial*Enfermer\u00eda *Educaci\u00f3n B\u00e1scia *Derecho Autoridades andres.andrade@uleam.edu.ec\u00a0 HORARIO DE ATENCI\u00d3N: DE 08:00 A 17:00\u00a0 Lunes \u2013 Viernes Misi\u00f3n y Visi\u00f3n MISI\u00d3N: Formar profesionales a nivel t\u00e9cnico y tecnol\u00f3gico competentes y emprendedores [&hellip;]<\/p>\n","protected":false},"author":7,"featured_media":0,"parent":0,"menu_order":0,"comment_status":"closed","ping_status":"closed","template":"elementor_canvas","meta":{"_acf_changed":false,"footnotes":""},"class_list":["post-10","page","type-page","status-publish","hentry"],"acf":[],"_links":{"self":[{"href":"https:\/\/carreras.uleam.edu.ec\/campus-tosagua\/wp-json\/wp\/v2\/pages\/10","targetHints":{"allow":["GET"]}}],"collection":[{"href":"https:\/\/carreras.uleam.edu.ec\/campus-tosagua\/wp-json\/wp\/v2\/pages"}],"about":[{"href":"https:\/\/carreras.uleam.edu.ec\/campus-tosagua\/wp-json\/wp\/v2\/types\/page"}],"author":[{"embeddable":true,"href":"https:\/\/carreras.uleam.edu.ec\/campus-tosagua\/wp-json\/wp\/v2\/users\/7"}],"replies":[{"embeddable":true,"href":"https:\/\/carreras.uleam.edu.ec\/campus-tosagua\/wp-json\/wp\/v2\/comments?post=10"}],"version-history":[{"count":49,"href":"https:\/\/carreras.uleam.edu.ec\/campus-tosagua\/wp-json\/wp\/v2\/pages\/10\/revisions"}],"predecessor-version":[{"id":138,"href":"https:\/\/carreras.uleam.edu.ec\/campus-tosagua\/wp-json\/wp\/v2\/pages\/10\/revisions\/138"}],"wp:attachment":[{"href":"https:\/\/carreras.uleam.edu.ec\/campus-tosagua\/wp-json\/wp\/v2\/media?parent=10"}],"curies":[{"name":"wp","href":"https:\/\/api.w.org\/{rel}","templated":true}]}}