{"id":1371,"date":"2025-05-15T18:21:55","date_gmt":"2025-05-15T16:21:55","guid":{"rendered":"https:\/\/carreras.uleam.edu.ec\/carrera-trabajo-social-anuatse\/?page_id=1371"},"modified":"2025-05-28T00:12:19","modified_gmt":"2025-05-27T22:12:19","slug":"afiliaciones","status":"publish","type":"page","link":"https:\/\/carreras.uleam.edu.ec\/carrera-trabajo-social-anuatse\/afiliaciones\/","title":{"rendered":"AFILIACIONES"},"content":{"rendered":"\n<div style=\"height:38px\" aria-hidden=\"true\" class=\"wp-block-spacer\"><\/div>\n\n\n\n<div class=\"wp-block-columns is-layout-flex wp-container-core-columns-is-layout-28f84493 wp-block-columns-is-layout-flex\">\n<div class=\"wp-block-column is-layout-flow wp-block-column-is-layout-flow\" style=\"flex-basis:66.66%\">\n<p><strong>ALAIETS \u2013 Asociaci\u00f3n Latinoamericana de Ense\u00f1anza e Investigaci\u00f3n en Trabajo Social<\/strong><\/p>\n\n\n\n<figure class=\"wp-block-image alignleft size-full is-resized\"><img loading=\"lazy\" decoding=\"async\" width=\"342\" height=\"147\" src=\"https:\/\/carreras.uleam.edu.ec\/carrera-trabajo-social-anuatse\/wp-content\/uploads\/sites\/91\/2025\/05\/logo-alaeits.jpg\" alt=\"\" class=\"wp-image-1396\" style=\"width:214px;height:auto\" srcset=\"https:\/\/carreras.uleam.edu.ec\/carrera-trabajo-social-anuatse\/wp-content\/uploads\/sites\/91\/2025\/05\/logo-alaeits.jpg 342w, https:\/\/carreras.uleam.edu.ec\/carrera-trabajo-social-anuatse\/wp-content\/uploads\/sites\/91\/2025\/05\/logo-alaeits-300x129.jpg 300w\" sizes=\"auto, (max-width: 342px) 100vw, 342px\" \/><\/figure>\n\n\n\n<p>ANUATSE forma parte de ALAIETS, una red acad\u00e9mica latinoamericana que promueve la integraci\u00f3n de las escuelas, programas y facultades de Trabajo Social de la regi\u00f3n. Esta afiliaci\u00f3n permite a nuestra organizaci\u00f3n participar activamente en espacios de reflexi\u00f3n, formaci\u00f3n, investigaci\u00f3n e intercambio de experiencias a nivel internacional, fortaleciendo el posicionamiento del Trabajo Social ecuatoriano en el \u00e1mbito latinoamericano.<\/p>\n<\/div>\n\n\n\n<div class=\"wp-block-column is-layout-flow wp-block-column-is-layout-flow\" style=\"flex-basis:33.33%\">\n<div data-wp-interactive=\"core\/file\" class=\"wp-block-file\"><object data-wp-bind--hidden=\"!state.hasPdfPreview\" hidden class=\"wp-block-file__embed\" data=\"https:\/\/carreras.uleam.edu.ec\/carrera-trabajo-social-anuatse\/wp-content\/uploads\/sites\/91\/2025\/05\/Certificado-ANUATSE-ALAIETS.pdf\" type=\"application\/pdf\" style=\"width:100%;height:240px\" aria-label=\"Incrustado de Certificado ANUATSE ALAIETS.\"><\/object><a id=\"wp-block-file--media-17bbd085-4458-4b0a-9503-2aff9026b4a4\" href=\"https:\/\/carreras.uleam.edu.ec\/carrera-trabajo-social-anuatse\/wp-content\/uploads\/sites\/91\/2025\/05\/Certificado-ANUATSE-ALAIETS.pdf\">Certificado ANUATSE ALAIETS<\/a><a href=\"https:\/\/carreras.uleam.edu.ec\/carrera-trabajo-social-anuatse\/wp-content\/uploads\/sites\/91\/2025\/05\/Certificado-ANUATSE-ALAIETS.pdf\" class=\"wp-block-file__button wp-element-button\" download aria-describedby=\"wp-block-file--media-17bbd085-4458-4b0a-9503-2aff9026b4a4\">Descarga<\/a><\/div>\n<\/div>\n<\/div>\n\n\n\n<div style=\"height:36px\" aria-hidden=\"true\" class=\"wp-block-spacer\"><\/div>\n\n\n\n<div class=\"wp-block-columns is-layout-flex wp-container-core-columns-is-layout-28f84493 wp-block-columns-is-layout-flex\">\n<div class=\"wp-block-column is-layout-flow wp-block-column-is-layout-flow\" style=\"flex-basis:66.66%\">\n<p><strong>Asociaci\u00f3n de Escuelas de Trabajo Social del Ecuador<\/strong><\/p>\n\n\n\n<figure class=\"wp-block-image alignleft size-full is-resized\"><img loading=\"lazy\" decoding=\"async\" width=\"201\" height=\"205\" src=\"https:\/\/carreras.uleam.edu.ec\/carrera-trabajo-social-anuatse\/wp-content\/uploads\/sites\/91\/2024\/04\/cropped-anutse.jpg\" alt=\"\" class=\"wp-image-730\" style=\"width:182px;height:auto\"\/><\/figure>\n\n\n\n<p>ANUATSE mantiene un v\u00ednculo estrat\u00e9gico con la Asociaci\u00f3n de Escuelas de Trabajo Social del Ecuador, espacio que articula a las instituciones formadoras del pa\u00eds. Esta afiliaci\u00f3n facilita el desarrollo de propuestas comunes, el fortalecimiento curricular, la mejora de los procesos de formaci\u00f3n profesional y la incidencia conjunta en las pol\u00edticas p\u00fablicas vinculadas al Trabajo Social.<\/p>\n<\/div>\n\n\n\n<div class=\"wp-block-column is-layout-flow wp-block-column-is-layout-flow\" style=\"flex-basis:33.33%\">\n<div data-wp-interactive=\"core\/file\" class=\"wp-block-file\"><object data-wp-bind--hidden=\"!state.hasPdfPreview\" hidden class=\"wp-block-file__embed\" data=\"https:\/\/carreras.uleam.edu.ec\/carrera-trabajo-social-anuatse\/wp-content\/uploads\/sites\/91\/2025\/05\/1.-ANUATSE-ACTA-CONSTITUTIVA-ANUATSE_organized.pdf\" type=\"application\/pdf\" style=\"width:100%;height:220px\" aria-label=\"Incrustado de ACTA CONSTITUTIVA ANUATSE.\"><\/object><a id=\"wp-block-file--media-056a00f8-9b8b-4950-8de6-055ee0101f13\" href=\"https:\/\/carreras.uleam.edu.ec\/carrera-trabajo-social-anuatse\/wp-content\/uploads\/sites\/91\/2025\/05\/1.-ANUATSE-ACTA-CONSTITUTIVA-ANUATSE_organized.pdf\">ACTA CONSTITUTIVA ANUATSE<\/a><a href=\"https:\/\/carreras.uleam.edu.ec\/carrera-trabajo-social-anuatse\/wp-content\/uploads\/sites\/91\/2025\/05\/1.-ANUATSE-ACTA-CONSTITUTIVA-ANUATSE_organized.pdf\" class=\"wp-block-file__button wp-element-button\" download aria-describedby=\"wp-block-file--media-056a00f8-9b8b-4950-8de6-055ee0101f13\">Descarga<\/a><\/div>\n<\/div>\n<\/div>\n\n\n\n<div style=\"height:38px\" aria-hidden=\"true\" class=\"wp-block-spacer\"><\/div>\n\n\n\n<div class=\"wp-block-columns is-layout-flex wp-container-core-columns-is-layout-28f84493 wp-block-columns-is-layout-flex\">\n<div class=\"wp-block-column is-layout-flow wp-block-column-is-layout-flow\" style=\"flex-basis:66.66%\">\n<p><strong>Revista Cient\u00edfica y Arbitrada de Ciencias Sociales y Trabajo Social: Tejedora.<\/strong><\/p>\n\n\n\n<figure class=\"wp-block-image alignleft size-full is-resized\"><img loading=\"lazy\" decoding=\"async\" width=\"595\" height=\"842\" src=\"https:\/\/carreras.uleam.edu.ec\/carrera-trabajo-social-anuatse\/wp-content\/uploads\/sites\/91\/2025\/05\/logo-revista-tejedora.png\" alt=\"\" class=\"wp-image-1397\" style=\"width:179px;height:auto\" srcset=\"https:\/\/carreras.uleam.edu.ec\/carrera-trabajo-social-anuatse\/wp-content\/uploads\/sites\/91\/2025\/05\/logo-revista-tejedora.png 595w, https:\/\/carreras.uleam.edu.ec\/carrera-trabajo-social-anuatse\/wp-content\/uploads\/sites\/91\/2025\/05\/logo-revista-tejedora-212x300.png 212w\" sizes=\"auto, (max-width: 595px) 100vw, 595px\" \/><\/figure>\n\n\n\n<p>ANUATSE colabora con la revista Tejedora, una publicaci\u00f3n acad\u00e9mica orientada a la difusi\u00f3n del pensamiento cr\u00edtico y la producci\u00f3n de conocimientos desde el Trabajo Social y disciplinas afines. Esta alianza nos permite visibilizar investigaciones, experiencias y aportes relevantes del contexto ecuatoriano y latinoamericano, promoviendo la construcci\u00f3n colectiva de saberes y pr\u00e1cticas transformadoras.<\/p>\n\n\n\n<p><\/p>\n<\/div>\n\n\n\n<div class=\"wp-block-column is-layout-flow wp-block-column-is-layout-flow\" style=\"flex-basis:33.33%\">\n<div data-wp-interactive=\"core\/file\" class=\"wp-block-file\"><object data-wp-bind--hidden=\"!state.hasPdfPreview\" hidden class=\"wp-block-file__embed\" data=\"https:\/\/carreras.uleam.edu.ec\/carrera-trabajo-social-anuatse\/wp-content\/uploads\/sites\/91\/2025\/05\/ANUATSE_TEJEDORA-signed.pdf\" type=\"application\/pdf\" style=\"width:100%;height:290px\" aria-label=\"Incrustado de ANUATSE_TEJEDORA-signed.\"><\/object><a id=\"wp-block-file--media-5e1e4709-e4fd-4354-9b6c-10652336f4a7\" href=\"https:\/\/carreras.uleam.edu.ec\/carrera-trabajo-social-anuatse\/wp-content\/uploads\/sites\/91\/2025\/05\/ANUATSE_TEJEDORA-signed.pdf\">ANUATSE_TEJEDORA-signed<\/a><a href=\"https:\/\/carreras.uleam.edu.ec\/carrera-trabajo-social-anuatse\/wp-content\/uploads\/sites\/91\/2025\/05\/ANUATSE_TEJEDORA-signed.pdf\" class=\"wp-block-file__button wp-element-button\" download aria-describedby=\"wp-block-file--media-5e1e4709-e4fd-4354-9b6c-10652336f4a7\">Descarga<\/a><\/div>\n<\/div>\n<\/div>\n\n\n\n<div style=\"height:100px\" aria-hidden=\"true\" class=\"wp-block-spacer\"><\/div>\n","protected":false},"excerpt":{"rendered":"<p>ALAIETS \u2013 Asociaci\u00f3n Latinoamericana de Ense\u00f1anza e Investigaci\u00f3n en Trabajo Social ANUATSE forma parte de ALAIETS, una red acad\u00e9mica latinoamericana que promueve la integraci\u00f3n de las escuelas, programas y facultades de Trabajo Social de la regi\u00f3n. Esta afiliaci\u00f3n permite a nuestra organizaci\u00f3n participar activamente en espacios de reflexi\u00f3n, formaci\u00f3n, investigaci\u00f3n e intercambio de experiencias a [&hellip;]<\/p>\n","protected":false},"author":7,"featured_media":0,"parent":0,"menu_order":0,"comment_status":"closed","ping_status":"closed","template":"","meta":{"_acf_changed":false,"footnotes":""},"class_list":["post-1371","page","type-page","status-publish","hentry"],"acf":[],"_links":{"self":[{"href":"https:\/\/carreras.uleam.edu.ec\/carrera-trabajo-social-anuatse\/wp-json\/wp\/v2\/pages\/1371","targetHints":{"allow":["GET"]}}],"collection":[{"href":"https:\/\/carreras.uleam.edu.ec\/carrera-trabajo-social-anuatse\/wp-json\/wp\/v2\/pages"}],"about":[{"href":"https:\/\/carreras.uleam.edu.ec\/carrera-trabajo-social-anuatse\/wp-json\/wp\/v2\/types\/page"}],"author":[{"embeddable":true,"href":"https:\/\/carreras.uleam.edu.ec\/carrera-trabajo-social-anuatse\/wp-json\/wp\/v2\/users\/7"}],"replies":[{"embeddable":true,"href":"https:\/\/carreras.uleam.edu.ec\/carrera-trabajo-social-anuatse\/wp-json\/wp\/v2\/comments?post=1371"}],"version-history":[{"count":13,"href":"https:\/\/carreras.uleam.edu.ec\/carrera-trabajo-social-anuatse\/wp-json\/wp\/v2\/pages\/1371\/revisions"}],"predecessor-version":[{"id":1588,"href":"https:\/\/carreras.uleam.edu.ec\/carrera-trabajo-social-anuatse\/wp-json\/wp\/v2\/pages\/1371\/revisions\/1588"}],"wp:attachment":[{"href":"https:\/\/carreras.uleam.edu.ec\/carrera-trabajo-social-anuatse\/wp-json\/wp\/v2\/media?parent=1371"}],"curies":[{"name":"wp","href":"https:\/\/api.w.org\/{rel}","templated":true}]}}