{"id":63,"date":"2016-07-21T15:36:17","date_gmt":"2016-07-21T15:36:17","guid":{"rendered":"http:\/\/demo.hashthemes.com\/total\/?page_id=63"},"modified":"2025-05-15T22:54:45","modified_gmt":"2025-05-15T20:54:45","slug":"brayden-charles","status":"publish","type":"page","link":"https:\/\/carreras.uleam.edu.ec\/carrera-trabajo-social-anuatse\/brayden-charles\/","title":{"rendered":"Dra. Carmita Alvarez Santana"},"content":{"rendered":"\n<p><\/p>\n\n\n\n<h2 class=\"wp-block-heading\">Saludo de<strong> <\/strong>Bienvenida<\/h2>\n\n\n\n<figure class=\"wp-block-image alignright size-full is-resized\"><img loading=\"lazy\" decoding=\"async\" width=\"871\" height=\"1044\" src=\"https:\/\/carreras.uleam.edu.ec\/carrera-trabajo-social-anuatse\/wp-content\/uploads\/sites\/91\/2025\/03\/dra-carmita-alvarez-presidenta-anuatse.png\" alt=\"\" class=\"wp-image-1069\" style=\"width:247px;height:auto\" srcset=\"https:\/\/carreras.uleam.edu.ec\/carrera-trabajo-social-anuatse\/wp-content\/uploads\/sites\/91\/2025\/03\/dra-carmita-alvarez-presidenta-anuatse.png 871w, https:\/\/carreras.uleam.edu.ec\/carrera-trabajo-social-anuatse\/wp-content\/uploads\/sites\/91\/2025\/03\/dra-carmita-alvarez-presidenta-anuatse-250x300.png 250w, https:\/\/carreras.uleam.edu.ec\/carrera-trabajo-social-anuatse\/wp-content\/uploads\/sites\/91\/2025\/03\/dra-carmita-alvarez-presidenta-anuatse-854x1024.png 854w, https:\/\/carreras.uleam.edu.ec\/carrera-trabajo-social-anuatse\/wp-content\/uploads\/sites\/91\/2025\/03\/dra-carmita-alvarez-presidenta-anuatse-768x921.png 768w, https:\/\/carreras.uleam.edu.ec\/carrera-trabajo-social-anuatse\/wp-content\/uploads\/sites\/91\/2025\/03\/dra-carmita-alvarez-presidenta-anuatse-350x420.png 350w\" sizes=\"auto, (max-width: 871px) 100vw, 871px\" \/><\/figure>\n\n\n\n<p class=\"has-text-align-left\">Estimados colegas y visitantes, reciban un cordial saludo. Como Directora de ANUATSE, es un honor darles la bienvenida a este espacio institucional dedicado al fortalecimiento del Trabajo Social en Ecuador. Desde nuestra asociaci\u00f3n, reafirmamos nuestro compromiso con la articulaci\u00f3n, coordinaci\u00f3n y promoci\u00f3n de iniciativas acad\u00e9micas, investigativas y de formaci\u00f3n, consolidando la vinculaci\u00f3n social de las unidades acad\u00e9micas de Trabajo Social a nivel nacional. En un contexto de constantes desaf\u00edos sociales, asumimos la responsabilidad de contribuir al desarrollo de estrategias que fortalezcan la gesti\u00f3n social y el ejercicio profesional, con el prop\u00f3sito de generar un impacto positivo y sostenible en nuestra sociedad. Les invito a ser parte activa de este esfuerzo colectivo, sumando conocimientos, experiencias y propuestas que permitan avanzar en la consolidaci\u00f3n de una disciplina comprometida con la justicia social y el bienestar de las comunidades.<\/p>\n\n\n\n<p>Atentamente,<br>Dra. Carmita \u00c1lvarez<br><strong>Directora de ANUATSE<\/strong><\/p>\n\n\n\n<p><\/p>\n","protected":false},"excerpt":{"rendered":"<p>Saludo de Bienvenida Estimados colegas y visitantes, reciban un cordial saludo. Como Directora de ANUATSE, es un honor darles la bienvenida a este espacio institucional dedicado al fortalecimiento del Trabajo Social en Ecuador. Desde nuestra asociaci\u00f3n, reafirmamos nuestro compromiso con la articulaci\u00f3n, coordinaci\u00f3n y promoci\u00f3n de iniciativas acad\u00e9micas, investigativas y de formaci\u00f3n, consolidando la vinculaci\u00f3n [&hellip;]<\/p>\n","protected":false},"author":7,"featured_media":1069,"parent":0,"menu_order":0,"comment_status":"closed","ping_status":"closed","template":"","meta":{"_acf_changed":false,"footnotes":""},"class_list":["post-63","page","type-page","status-publish","has-post-thumbnail","hentry"],"acf":[],"_links":{"self":[{"href":"https:\/\/carreras.uleam.edu.ec\/carrera-trabajo-social-anuatse\/wp-json\/wp\/v2\/pages\/63","targetHints":{"allow":["GET"]}}],"collection":[{"href":"https:\/\/carreras.uleam.edu.ec\/carrera-trabajo-social-anuatse\/wp-json\/wp\/v2\/pages"}],"about":[{"href":"https:\/\/carreras.uleam.edu.ec\/carrera-trabajo-social-anuatse\/wp-json\/wp\/v2\/types\/page"}],"author":[{"embeddable":true,"href":"https:\/\/carreras.uleam.edu.ec\/carrera-trabajo-social-anuatse\/wp-json\/wp\/v2\/users\/7"}],"replies":[{"embeddable":true,"href":"https:\/\/carreras.uleam.edu.ec\/carrera-trabajo-social-anuatse\/wp-json\/wp\/v2\/comments?post=63"}],"version-history":[{"count":14,"href":"https:\/\/carreras.uleam.edu.ec\/carrera-trabajo-social-anuatse\/wp-json\/wp\/v2\/pages\/63\/revisions"}],"predecessor-version":[{"id":1108,"href":"https:\/\/carreras.uleam.edu.ec\/carrera-trabajo-social-anuatse\/wp-json\/wp\/v2\/pages\/63\/revisions\/1108"}],"wp:featuredmedia":[{"embeddable":true,"href":"https:\/\/carreras.uleam.edu.ec\/carrera-trabajo-social-anuatse\/wp-json\/wp\/v2\/media\/1069"}],"wp:attachment":[{"href":"https:\/\/carreras.uleam.edu.ec\/carrera-trabajo-social-anuatse\/wp-json\/wp\/v2\/media?parent=63"}],"curies":[{"name":"wp","href":"https:\/\/api.w.org\/{rel}","templated":true}]}}