{"id":753,"date":"2024-05-08T22:05:45","date_gmt":"2024-05-08T20:05:45","guid":{"rendered":"https:\/\/carreras.uleam.edu.ec\/carrera-trabajo-social-anuatse\/?page_id=753"},"modified":"2025-11-15T19:11:12","modified_gmt":"2025-11-15T18:11:12","slug":"historia","status":"publish","type":"page","link":"https:\/\/carreras.uleam.edu.ec\/carrera-trabajo-social-anuatse\/historia\/","title":{"rendered":"Historia"},"content":{"rendered":"\n<p class=\"has-text-align-center has-medium-font-size\"><strong>Primera DIrectiva de ANUATSE 2010<\/strong><\/p>\n\n\n\n<figure class=\"wp-block-image aligncenter size-large is-resized\"><img loading=\"lazy\" decoding=\"async\" width=\"1024\" height=\"576\" src=\"https:\/\/carreras.uleam.edu.ec\/carrera-trabajo-social-anuatse\/wp-content\/uploads\/sites\/91\/2025\/05\/directiva-de-anuatse-2010-1024x576.jpeg\" alt=\"\" class=\"wp-image-1548\" style=\"width:965px;height:auto\" srcset=\"https:\/\/carreras.uleam.edu.ec\/carrera-trabajo-social-anuatse\/wp-content\/uploads\/sites\/91\/2025\/05\/directiva-de-anuatse-2010-1024x576.jpeg 1024w, https:\/\/carreras.uleam.edu.ec\/carrera-trabajo-social-anuatse\/wp-content\/uploads\/sites\/91\/2025\/05\/directiva-de-anuatse-2010-300x169.jpeg 300w, https:\/\/carreras.uleam.edu.ec\/carrera-trabajo-social-anuatse\/wp-content\/uploads\/sites\/91\/2025\/05\/directiva-de-anuatse-2010-768x432.jpeg 768w, https:\/\/carreras.uleam.edu.ec\/carrera-trabajo-social-anuatse\/wp-content\/uploads\/sites\/91\/2025\/05\/directiva-de-anuatse-2010-1536x864.jpeg 1536w, https:\/\/carreras.uleam.edu.ec\/carrera-trabajo-social-anuatse\/wp-content\/uploads\/sites\/91\/2025\/05\/directiva-de-anuatse-2010.jpeg 1600w\" sizes=\"auto, (max-width: 1024px) 100vw, 1024px\" \/><\/figure>\n\n\n\n<p class=\"has-text-align-center\"><strong>12 de julio 2010<\/strong><\/p>\n\n\n\n<p class=\"has-text-align-center\"><strong>Primer Directiva de ANUATSE<\/strong><\/p>\n\n\n\n<figure class=\"wp-block-image aligncenter size-full\"><img loading=\"lazy\" decoding=\"async\" width=\"986\" height=\"396\" src=\"https:\/\/carreras.uleam.edu.ec\/carrera-trabajo-social-anuatse\/wp-content\/uploads\/sites\/91\/2025\/05\/primer-directiva-anuatse.png\" alt=\"\" class=\"wp-image-1594\" srcset=\"https:\/\/carreras.uleam.edu.ec\/carrera-trabajo-social-anuatse\/wp-content\/uploads\/sites\/91\/2025\/05\/primer-directiva-anuatse.png 986w, https:\/\/carreras.uleam.edu.ec\/carrera-trabajo-social-anuatse\/wp-content\/uploads\/sites\/91\/2025\/05\/primer-directiva-anuatse-300x120.png 300w, https:\/\/carreras.uleam.edu.ec\/carrera-trabajo-social-anuatse\/wp-content\/uploads\/sites\/91\/2025\/05\/primer-directiva-anuatse-768x308.png 768w\" sizes=\"auto, (max-width: 986px) 100vw, 986px\" \/><\/figure>\n\n\n\n<p class=\"has-text-align-center\"><strong>De Derecha a Izquierda: Maria Elena Fajardo Directora de Carrera de la Universidad de Machala &#8211; Tesorea; Betariz Vel\u00e9z Directora de la Carrera de la Universidad T\u00e9cnica de Manabi (UTM), Carmita Alvarez, de la Universidad Laica Eloy Alfaro (ULEAM) de Manbi- Presidenta; Rosa LAura Macias de la UTM- Segunda Vice Presidenta: Ketty Saltos y Catalina Garc\u00e9s, Vocales por los Colegios de Trabajo Social de Manab\u00ed y Pichincha; Asunci\u00f3n Barreto, de la ULEAM y Primer Vocal Docente; Jorge Tulcanaza, Delegado por la Universidad Central del Ecuador; Gabriel Romero Torres, y Mar\u00eda Mendoza Rodr\u00edguez Delegados estudiantiles de la UTMACH y la ULEAM.<\/strong><\/p>\n\n\n\n<p><\/p>\n","protected":false},"excerpt":{"rendered":"<p>Primera DIrectiva de ANUATSE 2010 12 de julio 2010 Primer Directiva de ANUATSE De Derecha a Izquierda: Maria Elena Fajardo Directora de Carrera de la Universidad de Machala &#8211; Tesorea; Betariz Vel\u00e9z Directora de la Carrera de la Universidad T\u00e9cnica de Manabi (UTM), Carmita Alvarez, de la Universidad Laica Eloy Alfaro (ULEAM) de Manbi- Presidenta; [&hellip;]<\/p>\n","protected":false},"author":7,"featured_media":0,"parent":0,"menu_order":0,"comment_status":"closed","ping_status":"closed","template":"","meta":{"_acf_changed":false,"footnotes":""},"class_list":["post-753","page","type-page","status-publish","hentry"],"acf":[],"_links":{"self":[{"href":"https:\/\/carreras.uleam.edu.ec\/carrera-trabajo-social-anuatse\/wp-json\/wp\/v2\/pages\/753","targetHints":{"allow":["GET"]}}],"collection":[{"href":"https:\/\/carreras.uleam.edu.ec\/carrera-trabajo-social-anuatse\/wp-json\/wp\/v2\/pages"}],"about":[{"href":"https:\/\/carreras.uleam.edu.ec\/carrera-trabajo-social-anuatse\/wp-json\/wp\/v2\/types\/page"}],"author":[{"embeddable":true,"href":"https:\/\/carreras.uleam.edu.ec\/carrera-trabajo-social-anuatse\/wp-json\/wp\/v2\/users\/7"}],"replies":[{"embeddable":true,"href":"https:\/\/carreras.uleam.edu.ec\/carrera-trabajo-social-anuatse\/wp-json\/wp\/v2\/comments?post=753"}],"version-history":[{"count":8,"href":"https:\/\/carreras.uleam.edu.ec\/carrera-trabajo-social-anuatse\/wp-json\/wp\/v2\/pages\/753\/revisions"}],"predecessor-version":[{"id":1677,"href":"https:\/\/carreras.uleam.edu.ec\/carrera-trabajo-social-anuatse\/wp-json\/wp\/v2\/pages\/753\/revisions\/1677"}],"wp:attachment":[{"href":"https:\/\/carreras.uleam.edu.ec\/carrera-trabajo-social-anuatse\/wp-json\/wp\/v2\/media?parent=753"}],"curies":[{"name":"wp","href":"https:\/\/api.w.org\/{rel}","templated":true}]}}