{"id":937,"date":"2024-05-10T03:50:52","date_gmt":"2024-05-10T01:50:52","guid":{"rendered":"https:\/\/carreras.uleam.edu.ec\/carrera-trabajo-social-anuatse\/?page_id=937"},"modified":"2025-05-16T00:25:22","modified_gmt":"2025-05-15T22:25:22","slug":"foros-y-congresos","status":"publish","type":"page","link":"https:\/\/carreras.uleam.edu.ec\/carrera-trabajo-social-anuatse\/foros-y-congresos\/","title":{"rendered":"Foros y Congresos"},"content":{"rendered":"\n<p class=\"has-text-align-center\">LA ASOCIACI\u00d3N NACIONAL DE UNIDADES ACAD\u00c9MICAS DE TRABAJO SOCIAL DEL ECUADOR (ANUATSE) PRESENTA LOS SIGUIENTES EVENTOS EN NUESTRAS UNIDADES ACADEMICAS<\/p>\n\n\n\n<div style=\"height:81px\" aria-hidden=\"true\" class=\"wp-block-spacer\"><\/div>\n\n\n<ul class=\"wp-block-latest-posts__list is-grid columns-3 wp-block-latest-posts\"><li><div class=\"wp-block-latest-posts__featured-image aligncenter\"><a href=\"https:\/\/carreras.uleam.edu.ec\/carrera-trabajo-social-anuatse\/2025\/04\/29\/viii-congreso-internacional-trabajo-social-2025-practicas-que-fortalecen-la-solidaridad-intergeneracional-aportes-desdelos-campos-ocupacionales-unemi\/\" aria-label=\"VIII CONGRESO INTERNACIONAL- TRABAJO SOCIAL 2025: Pr\u00e1cticas que fortalecen la solidaridad intergeneracional. Aportes desdelos campos ocupacionales.-UNEMI\"><img loading=\"lazy\" decoding=\"async\" width=\"150\" height=\"150\" src=\"https:\/\/carreras.uleam.edu.ec\/carrera-trabajo-social-anuatse\/wp-content\/uploads\/sites\/91\/2025\/04\/congreso-unemi3-150x150.png\" class=\"attachment-thumbnail size-thumbnail wp-post-image\" alt=\"\" style=\"max-width:150px;max-height:150px;\" srcset=\"https:\/\/carreras.uleam.edu.ec\/carrera-trabajo-social-anuatse\/wp-content\/uploads\/sites\/91\/2025\/04\/congreso-unemi3-150x150.png 150w, https:\/\/carreras.uleam.edu.ec\/carrera-trabajo-social-anuatse\/wp-content\/uploads\/sites\/91\/2025\/04\/congreso-unemi3-100x100.png 100w\" sizes=\"auto, (max-width: 150px) 100vw, 150px\" \/><\/a><\/div><a class=\"wp-block-latest-posts__post-title\" href=\"https:\/\/carreras.uleam.edu.ec\/carrera-trabajo-social-anuatse\/2025\/04\/29\/viii-congreso-internacional-trabajo-social-2025-practicas-que-fortalecen-la-solidaridad-intergeneracional-aportes-desdelos-campos-ocupacionales-unemi\/\">VIII CONGRESO INTERNACIONAL- TRABAJO SOCIAL 2025: Pr\u00e1cticas que fortalecen la solidaridad intergeneracional. Aportes desdelos campos ocupacionales.-UNEMI<\/a><\/li>\n<li><div class=\"wp-block-latest-posts__featured-image aligncenter\"><a href=\"https:\/\/carreras.uleam.edu.ec\/carrera-trabajo-social-anuatse\/2025\/04\/29\/conversatorio-voces-profesionales-compartiendo-experiencias-laborales\/\" aria-label=\"CONVERSATORIO: Voces Profesionales: Compartiendo Experiencias Laborales\"><img loading=\"lazy\" decoding=\"async\" width=\"150\" height=\"150\" src=\"https:\/\/carreras.uleam.edu.ec\/carrera-trabajo-social-anuatse\/wp-content\/uploads\/sites\/91\/2025\/04\/conversatorio-unemi2-150x150.png\" class=\"attachment-thumbnail size-thumbnail wp-post-image\" alt=\"\" style=\"max-width:150px;max-height:150px;\" srcset=\"https:\/\/carreras.uleam.edu.ec\/carrera-trabajo-social-anuatse\/wp-content\/uploads\/sites\/91\/2025\/04\/conversatorio-unemi2-150x150.png 150w, https:\/\/carreras.uleam.edu.ec\/carrera-trabajo-social-anuatse\/wp-content\/uploads\/sites\/91\/2025\/04\/conversatorio-unemi2-100x100.png 100w\" sizes=\"auto, (max-width: 150px) 100vw, 150px\" \/><\/a><\/div><a class=\"wp-block-latest-posts__post-title\" href=\"https:\/\/carreras.uleam.edu.ec\/carrera-trabajo-social-anuatse\/2025\/04\/29\/conversatorio-voces-profesionales-compartiendo-experiencias-laborales\/\">CONVERSATORIO: Voces Profesionales: Compartiendo Experiencias Laborales<\/a><\/li>\n<li><div class=\"wp-block-latest-posts__featured-image aligncenter\"><a href=\"https:\/\/carreras.uleam.edu.ec\/carrera-trabajo-social-anuatse\/2025\/04\/11\/sesion-solemne-del-dia-del-trabajador-ecuatoriano-uleam\/\" aria-label=\"Sesion solemne del d\u00eda del Trabajador Ecuatoriano &#8211; ULEAM\"><img loading=\"lazy\" decoding=\"async\" width=\"150\" height=\"150\" src=\"https:\/\/carreras.uleam.edu.ec\/carrera-trabajo-social-anuatse\/wp-content\/uploads\/sites\/91\/2025\/04\/evento-uleam-dia-del-trabajador-150x150.png\" class=\"attachment-thumbnail size-thumbnail wp-post-image\" alt=\"\" style=\"max-width:150px;max-height:150px;\" srcset=\"https:\/\/carreras.uleam.edu.ec\/carrera-trabajo-social-anuatse\/wp-content\/uploads\/sites\/91\/2025\/04\/evento-uleam-dia-del-trabajador-150x150.png 150w, https:\/\/carreras.uleam.edu.ec\/carrera-trabajo-social-anuatse\/wp-content\/uploads\/sites\/91\/2025\/04\/evento-uleam-dia-del-trabajador-100x100.png 100w\" sizes=\"auto, (max-width: 150px) 100vw, 150px\" \/><\/a><\/div><a class=\"wp-block-latest-posts__post-title\" href=\"https:\/\/carreras.uleam.edu.ec\/carrera-trabajo-social-anuatse\/2025\/04\/11\/sesion-solemne-del-dia-del-trabajador-ecuatoriano-uleam\/\">Sesion solemne del d\u00eda del Trabajador Ecuatoriano &#8211; ULEAM<\/a><\/li>\n<li><div class=\"wp-block-latest-posts__featured-image aligncenter\"><a href=\"https:\/\/carreras.uleam.edu.ec\/carrera-trabajo-social-anuatse\/2025\/04\/10\/invitacion-celebracion-del-dia-del-trabajador-socialactividad-academica-en-homenaje-altrabajador-social-y-presentacion-de-video-universidad-catolica-de-cuenca\/\" aria-label=\"INVITACION: Celebraci\u00f3n del D\u00eda del Trabajador Social,Actividad Acad\u00e9mica en Homenaje alTrabajador Social Y presentaci\u00f3n de Video &#8211; Universidad Cat\u00f3lica de Cuenca\"><img loading=\"lazy\" decoding=\"async\" width=\"150\" height=\"150\" src=\"https:\/\/carreras.uleam.edu.ec\/carrera-trabajo-social-anuatse\/wp-content\/uploads\/sites\/91\/2025\/04\/invitacion-universidad-catolica-de-cuenca-150x150.png\" class=\"attachment-thumbnail size-thumbnail wp-post-image\" alt=\"\" style=\"max-width:150px;max-height:150px;\" srcset=\"https:\/\/carreras.uleam.edu.ec\/carrera-trabajo-social-anuatse\/wp-content\/uploads\/sites\/91\/2025\/04\/invitacion-universidad-catolica-de-cuenca-150x150.png 150w, https:\/\/carreras.uleam.edu.ec\/carrera-trabajo-social-anuatse\/wp-content\/uploads\/sites\/91\/2025\/04\/invitacion-universidad-catolica-de-cuenca-100x100.png 100w\" sizes=\"auto, (max-width: 150px) 100vw, 150px\" \/><\/a><\/div><a class=\"wp-block-latest-posts__post-title\" href=\"https:\/\/carreras.uleam.edu.ec\/carrera-trabajo-social-anuatse\/2025\/04\/10\/invitacion-celebracion-del-dia-del-trabajador-socialactividad-academica-en-homenaje-altrabajador-social-y-presentacion-de-video-universidad-catolica-de-cuenca\/\">INVITACION: Celebraci\u00f3n del D\u00eda del Trabajador Social,Actividad Acad\u00e9mica en Homenaje alTrabajador Social Y presentaci\u00f3n de Video &#8211; Universidad Cat\u00f3lica de Cuenca<\/a><\/li>\n<li><div class=\"wp-block-latest-posts__featured-image aligncenter\"><a href=\"https:\/\/carreras.uleam.edu.ec\/carrera-trabajo-social-anuatse\/2025\/04\/08\/evento-trabajo-social-en-escenarios-emergentes-caso-esmeraldas-universidad-central-del-ecuador\/\" aria-label=\"Evento: Trabajo Social en Escenarios Emergentes, Caso Esmeraldas &#8211; Universidad Central del Ecuador\"><img loading=\"lazy\" decoding=\"async\" width=\"150\" height=\"150\" src=\"https:\/\/carreras.uleam.edu.ec\/carrera-trabajo-social-anuatse\/wp-content\/uploads\/sites\/91\/2025\/04\/universidad-central-del-ecuador-150x150.png\" class=\"attachment-thumbnail size-thumbnail wp-post-image\" alt=\"\" style=\"max-width:150px;max-height:150px;\" srcset=\"https:\/\/carreras.uleam.edu.ec\/carrera-trabajo-social-anuatse\/wp-content\/uploads\/sites\/91\/2025\/04\/universidad-central-del-ecuador-150x150.png 150w, https:\/\/carreras.uleam.edu.ec\/carrera-trabajo-social-anuatse\/wp-content\/uploads\/sites\/91\/2025\/04\/universidad-central-del-ecuador-100x100.png 100w\" sizes=\"auto, (max-width: 150px) 100vw, 150px\" \/><\/a><\/div><a class=\"wp-block-latest-posts__post-title\" href=\"https:\/\/carreras.uleam.edu.ec\/carrera-trabajo-social-anuatse\/2025\/04\/08\/evento-trabajo-social-en-escenarios-emergentes-caso-esmeraldas-universidad-central-del-ecuador\/\">Evento: Trabajo Social en Escenarios Emergentes, Caso Esmeraldas &#8211; Universidad Central del Ecuador<\/a><\/li>\n<li><div class=\"wp-block-latest-posts__featured-image aligncenter\"><a href=\"https:\/\/carreras.uleam.edu.ec\/carrera-trabajo-social-anuatse\/2025\/04\/08\/webinar-el-rol-del-trabajador-social-como-articulador-entre-la-familia-la-comunidad-y-el-estado-universidad-de-milagro\/\" aria-label=\"WEBINAR: El rol del Trabajador Social como articulador entre la Familia, la comunidad y el Estado &#8211; Universidad de Milagro\"><img loading=\"lazy\" decoding=\"async\" width=\"150\" height=\"150\" src=\"https:\/\/carreras.uleam.edu.ec\/carrera-trabajo-social-anuatse\/wp-content\/uploads\/sites\/91\/2025\/04\/universidad-estatal-de-milagro2-150x150.png\" class=\"attachment-thumbnail size-thumbnail wp-post-image\" alt=\"\" style=\"max-width:150px;max-height:150px;\" srcset=\"https:\/\/carreras.uleam.edu.ec\/carrera-trabajo-social-anuatse\/wp-content\/uploads\/sites\/91\/2025\/04\/universidad-estatal-de-milagro2-150x150.png 150w, https:\/\/carreras.uleam.edu.ec\/carrera-trabajo-social-anuatse\/wp-content\/uploads\/sites\/91\/2025\/04\/universidad-estatal-de-milagro2-100x100.png 100w\" sizes=\"auto, (max-width: 150px) 100vw, 150px\" \/><\/a><\/div><a class=\"wp-block-latest-posts__post-title\" href=\"https:\/\/carreras.uleam.edu.ec\/carrera-trabajo-social-anuatse\/2025\/04\/08\/webinar-el-rol-del-trabajador-social-como-articulador-entre-la-familia-la-comunidad-y-el-estado-universidad-de-milagro\/\">WEBINAR: El rol del Trabajador Social como articulador entre la Familia, la comunidad y el Estado &#8211; Universidad de Milagro<\/a><\/li>\n<li><div class=\"wp-block-latest-posts__featured-image aligncenter\"><a href=\"https:\/\/carreras.uleam.edu.ec\/carrera-trabajo-social-anuatse\/2025\/04\/08\/seminario-internacional-trabajo-social-para-el-bienestar-abordajes-clinicos-y-laborales-universidad-de-cuenca\/\" aria-label=\"Seminario Internacional: Trabajo Social para el Bienestar: Abordajes cl\u00ednicos y laborales &#8211; Universidad de Cuenca\"><img loading=\"lazy\" decoding=\"async\" width=\"150\" height=\"150\" src=\"https:\/\/carreras.uleam.edu.ec\/carrera-trabajo-social-anuatse\/wp-content\/uploads\/sites\/91\/2025\/04\/seminario-universidad-cuenca-150x150.png\" class=\"attachment-thumbnail size-thumbnail wp-post-image\" alt=\"\" style=\"max-width:150px;max-height:150px;\" srcset=\"https:\/\/carreras.uleam.edu.ec\/carrera-trabajo-social-anuatse\/wp-content\/uploads\/sites\/91\/2025\/04\/seminario-universidad-cuenca-150x150.png 150w, https:\/\/carreras.uleam.edu.ec\/carrera-trabajo-social-anuatse\/wp-content\/uploads\/sites\/91\/2025\/04\/seminario-universidad-cuenca-100x100.png 100w\" sizes=\"auto, (max-width: 150px) 100vw, 150px\" \/><\/a><\/div><a class=\"wp-block-latest-posts__post-title\" href=\"https:\/\/carreras.uleam.edu.ec\/carrera-trabajo-social-anuatse\/2025\/04\/08\/seminario-internacional-trabajo-social-para-el-bienestar-abordajes-clinicos-y-laborales-universidad-de-cuenca\/\">Seminario Internacional: Trabajo Social para el Bienestar: Abordajes cl\u00ednicos y laborales &#8211; Universidad de Cuenca<\/a><\/li>\n<li><div class=\"wp-block-latest-posts__featured-image aligncenter\"><a href=\"https:\/\/carreras.uleam.edu.ec\/carrera-trabajo-social-anuatse\/2025\/04\/08\/conversatorio-el-rol-del-trabajador-social-desde-los-campos-de-intervencion-universidad-luis-vargas-torres\/\" aria-label=\"Conversatorio: El rol del Trabajador Social desde los campos de intervenci\u00f3n &#8211; Universidad Luis Vargas Torres\"><img loading=\"lazy\" decoding=\"async\" width=\"150\" height=\"150\" src=\"https:\/\/carreras.uleam.edu.ec\/carrera-trabajo-social-anuatse\/wp-content\/uploads\/sites\/91\/2025\/04\/conversatorio-luis-vargas-torres-150x150.png\" class=\"attachment-thumbnail size-thumbnail wp-post-image\" alt=\"\" style=\"max-width:150px;max-height:150px;\" srcset=\"https:\/\/carreras.uleam.edu.ec\/carrera-trabajo-social-anuatse\/wp-content\/uploads\/sites\/91\/2025\/04\/conversatorio-luis-vargas-torres-150x150.png 150w, https:\/\/carreras.uleam.edu.ec\/carrera-trabajo-social-anuatse\/wp-content\/uploads\/sites\/91\/2025\/04\/conversatorio-luis-vargas-torres-100x100.png 100w\" sizes=\"auto, (max-width: 150px) 100vw, 150px\" \/><\/a><\/div><a class=\"wp-block-latest-posts__post-title\" href=\"https:\/\/carreras.uleam.edu.ec\/carrera-trabajo-social-anuatse\/2025\/04\/08\/conversatorio-el-rol-del-trabajador-social-desde-los-campos-de-intervencion-universidad-luis-vargas-torres\/\">Conversatorio: El rol del Trabajador Social desde los campos de intervenci\u00f3n &#8211; Universidad Luis Vargas Torres<\/a><\/li>\n<li><div class=\"wp-block-latest-posts__featured-image aligncenter\"><a href=\"https:\/\/carreras.uleam.edu.ec\/carrera-trabajo-social-anuatse\/2025\/04\/08\/webinar-importancia-del-trabajador-social-en-ecuador-universidad-estatal-del-sur-de-manabi\/\" aria-label=\"WEBINAR: Importancia del Trabajador Social en Ecuador &#8211; Universidad Estatal del Sur de Manab\u00ed\"><img loading=\"lazy\" decoding=\"async\" width=\"150\" height=\"150\" src=\"https:\/\/carreras.uleam.edu.ec\/carrera-trabajo-social-anuatse\/wp-content\/uploads\/sites\/91\/2025\/04\/universidad-sur-de-manabi-150x150.png\" class=\"attachment-thumbnail size-thumbnail wp-post-image\" alt=\"\" style=\"max-width:150px;max-height:150px;\" srcset=\"https:\/\/carreras.uleam.edu.ec\/carrera-trabajo-social-anuatse\/wp-content\/uploads\/sites\/91\/2025\/04\/universidad-sur-de-manabi-150x150.png 150w, https:\/\/carreras.uleam.edu.ec\/carrera-trabajo-social-anuatse\/wp-content\/uploads\/sites\/91\/2025\/04\/universidad-sur-de-manabi-100x100.png 100w\" sizes=\"auto, (max-width: 150px) 100vw, 150px\" \/><\/a><\/div><a class=\"wp-block-latest-posts__post-title\" href=\"https:\/\/carreras.uleam.edu.ec\/carrera-trabajo-social-anuatse\/2025\/04\/08\/webinar-importancia-del-trabajador-social-en-ecuador-universidad-estatal-del-sur-de-manabi\/\">WEBINAR: Importancia del Trabajador Social en Ecuador &#8211; Universidad Estatal del Sur de Manab\u00ed<\/a><\/li>\n<li><div class=\"wp-block-latest-posts__featured-image aligncenter\"><a href=\"https:\/\/carreras.uleam.edu.ec\/carrera-trabajo-social-anuatse\/2025\/04\/08\/webinar-nuevas-voces-perspectivas-latinoamericanas-universidad-nacional-de-loja\/\" aria-label=\"WEBINAR &#8211; Nuevas Voces: Perspectivas Latinoamericanas &#8211; Universidad Nacional de Loja\"><img loading=\"lazy\" decoding=\"async\" width=\"150\" height=\"150\" src=\"https:\/\/carreras.uleam.edu.ec\/carrera-trabajo-social-anuatse\/wp-content\/uploads\/sites\/91\/2025\/04\/univerdad-nacional-de-loja-150x150.jpeg\" class=\"attachment-thumbnail size-thumbnail wp-post-image\" alt=\"\" style=\"max-width:150px;max-height:150px;\" srcset=\"https:\/\/carreras.uleam.edu.ec\/carrera-trabajo-social-anuatse\/wp-content\/uploads\/sites\/91\/2025\/04\/univerdad-nacional-de-loja-150x150.jpeg 150w, https:\/\/carreras.uleam.edu.ec\/carrera-trabajo-social-anuatse\/wp-content\/uploads\/sites\/91\/2025\/04\/univerdad-nacional-de-loja-400x400.jpeg 400w, https:\/\/carreras.uleam.edu.ec\/carrera-trabajo-social-anuatse\/wp-content\/uploads\/sites\/91\/2025\/04\/univerdad-nacional-de-loja-100x100.jpeg 100w\" sizes=\"auto, (max-width: 150px) 100vw, 150px\" \/><\/a><\/div><a class=\"wp-block-latest-posts__post-title\" href=\"https:\/\/carreras.uleam.edu.ec\/carrera-trabajo-social-anuatse\/2025\/04\/08\/webinar-nuevas-voces-perspectivas-latinoamericanas-universidad-nacional-de-loja\/\">WEBINAR &#8211; Nuevas Voces: Perspectivas Latinoamericanas &#8211; Universidad Nacional de Loja<\/a><\/li>\n<li><div class=\"wp-block-latest-posts__featured-image aligncenter\"><a href=\"https:\/\/carreras.uleam.edu.ec\/carrera-trabajo-social-anuatse\/2025\/04\/08\/webinar-2025-mesa-de-expertos-universidad-catolica-de-guayaquil\/\" aria-label=\"WEBINAR:  2025 Mesa de Expertos- Universidad Cat\u00f3lica de Guayaquil\"><img loading=\"lazy\" decoding=\"async\" width=\"150\" height=\"150\" src=\"https:\/\/carreras.uleam.edu.ec\/carrera-trabajo-social-anuatse\/wp-content\/uploads\/sites\/91\/2025\/04\/universidad-de-guayaquil-150x150.png\" class=\"attachment-thumbnail size-thumbnail wp-post-image\" alt=\"\" style=\"max-width:150px;max-height:150px;\" srcset=\"https:\/\/carreras.uleam.edu.ec\/carrera-trabajo-social-anuatse\/wp-content\/uploads\/sites\/91\/2025\/04\/universidad-de-guayaquil-150x150.png 150w, https:\/\/carreras.uleam.edu.ec\/carrera-trabajo-social-anuatse\/wp-content\/uploads\/sites\/91\/2025\/04\/universidad-de-guayaquil-100x100.png 100w\" sizes=\"auto, (max-width: 150px) 100vw, 150px\" \/><\/a><\/div><a class=\"wp-block-latest-posts__post-title\" href=\"https:\/\/carreras.uleam.edu.ec\/carrera-trabajo-social-anuatse\/2025\/04\/08\/webinar-2025-mesa-de-expertos-universidad-catolica-de-guayaquil\/\">WEBINAR:  2025 Mesa de Expertos- Universidad Cat\u00f3lica de Guayaquil<\/a><\/li>\n<\/ul>\n\n\n<p><\/p>\n","protected":false},"excerpt":{"rendered":"<p>LA ASOCIACI\u00d3N NACIONAL DE UNIDADES ACAD\u00c9MICAS DE TRABAJO SOCIAL DEL ECUADOR (ANUATSE) PRESENTA LOS SIGUIENTES EVENTOS EN NUESTRAS UNIDADES ACADEMICAS<\/p>\n","protected":false},"author":7,"featured_media":0,"parent":0,"menu_order":0,"comment_status":"closed","ping_status":"closed","template":"","meta":{"_acf_changed":false,"footnotes":""},"class_list":["post-937","page","type-page","status-publish","hentry"],"acf":[],"_links":{"self":[{"href":"https:\/\/carreras.uleam.edu.ec\/carrera-trabajo-social-anuatse\/wp-json\/wp\/v2\/pages\/937","targetHints":{"allow":["GET"]}}],"collection":[{"href":"https:\/\/carreras.uleam.edu.ec\/carrera-trabajo-social-anuatse\/wp-json\/wp\/v2\/pages"}],"about":[{"href":"https:\/\/carreras.uleam.edu.ec\/carrera-trabajo-social-anuatse\/wp-json\/wp\/v2\/types\/page"}],"author":[{"embeddable":true,"href":"https:\/\/carreras.uleam.edu.ec\/carrera-trabajo-social-anuatse\/wp-json\/wp\/v2\/users\/7"}],"replies":[{"embeddable":true,"href":"https:\/\/carreras.uleam.edu.ec\/carrera-trabajo-social-anuatse\/wp-json\/wp\/v2\/comments?post=937"}],"version-history":[{"count":12,"href":"https:\/\/carreras.uleam.edu.ec\/carrera-trabajo-social-anuatse\/wp-json\/wp\/v2\/pages\/937\/revisions"}],"predecessor-version":[{"id":1451,"href":"https:\/\/carreras.uleam.edu.ec\/carrera-trabajo-social-anuatse\/wp-json\/wp\/v2\/pages\/937\/revisions\/1451"}],"wp:attachment":[{"href":"https:\/\/carreras.uleam.edu.ec\/carrera-trabajo-social-anuatse\/wp-json\/wp\/v2\/media?parent=937"}],"curies":[{"name":"wp","href":"https:\/\/api.w.org\/{rel}","templated":true}]}}