{"id":938,"date":"2024-05-10T03:51:06","date_gmt":"2024-05-10T01:51:06","guid":{"rendered":"https:\/\/carreras.uleam.edu.ec\/carrera-trabajo-social-anuatse\/?page_id=938"},"modified":"2025-05-28T00:02:12","modified_gmt":"2025-05-27T22:02:12","slug":"contactos","status":"publish","type":"page","link":"https:\/\/carreras.uleam.edu.ec\/carrera-trabajo-social-anuatse\/contactos\/","title":{"rendered":"Contactos"},"content":{"rendered":"\n<div style=\"height:68px\" aria-hidden=\"true\" class=\"wp-block-spacer\"><\/div>\n\n\n\n<figure class=\"wp-block-image aligncenter size-full is-resized\"><img loading=\"lazy\" decoding=\"async\" width=\"225\" height=\"225\" src=\"https:\/\/carreras.uleam.edu.ec\/carrera-trabajo-social-anuatse\/wp-content\/uploads\/sites\/91\/2024\/04\/anutse.jpg\" alt=\"\" class=\"wp-image-729\" style=\"width:135px;height:auto\" srcset=\"https:\/\/carreras.uleam.edu.ec\/carrera-trabajo-social-anuatse\/wp-content\/uploads\/sites\/91\/2024\/04\/anutse.jpg 225w, https:\/\/carreras.uleam.edu.ec\/carrera-trabajo-social-anuatse\/wp-content\/uploads\/sites\/91\/2024\/04\/anutse-150x150.jpg 150w, https:\/\/carreras.uleam.edu.ec\/carrera-trabajo-social-anuatse\/wp-content\/uploads\/sites\/91\/2024\/04\/anutse-100x100.jpg 100w\" sizes=\"auto, (max-width: 225px) 100vw, 225px\" \/><\/figure>\n\n\n\n<p class=\"has-text-align-center has-medium-font-size\">La Asociaci\u00f3n&nbsp; Nacional de Unidades Acad\u00e9micas de Trabajo Social del Ecuador- ANUATSE, es una&nbsp; red acad\u00e9mica de&nbsp; Trabajo Social, comprometidas en articular, coordinar y facilitar las propuestas acad\u00e9micas, investigativas, de formaci\u00f3n y actualizaci\u00f3n profesional, de vinculaci\u00f3n social de las diversas unidades acad\u00e9micas de Trabajo Social del pa\u00eds, que promueven la gesti\u00f3n social, orientadas a la soluci\u00f3n de los problemas de la sociedad ecuatoriana.<\/p>\n\n\n\n<figure class=\"wp-block-image aligncenter size-full\"><img loading=\"lazy\" decoding=\"async\" width=\"819\" height=\"276\" src=\"https:\/\/carreras.uleam.edu.ec\/carrera-trabajo-social-anuatse\/wp-content\/uploads\/sites\/91\/2025\/05\/anuatse-universidades2.png\" alt=\"\" class=\"wp-image-1557\" srcset=\"https:\/\/carreras.uleam.edu.ec\/carrera-trabajo-social-anuatse\/wp-content\/uploads\/sites\/91\/2025\/05\/anuatse-universidades2.png 819w, https:\/\/carreras.uleam.edu.ec\/carrera-trabajo-social-anuatse\/wp-content\/uploads\/sites\/91\/2025\/05\/anuatse-universidades2-300x101.png 300w, https:\/\/carreras.uleam.edu.ec\/carrera-trabajo-social-anuatse\/wp-content\/uploads\/sites\/91\/2025\/05\/anuatse-universidades2-768x259.png 768w\" sizes=\"auto, (max-width: 819px) 100vw, 819px\" \/><\/figure>\n\n\n\n<div style=\"height:100px\" aria-hidden=\"true\" class=\"wp-block-spacer\"><\/div>\n","protected":false},"excerpt":{"rendered":"<p>La Asociaci\u00f3n&nbsp; Nacional de Unidades Acad\u00e9micas de Trabajo Social del Ecuador- ANUATSE, es una&nbsp; red acad\u00e9mica de&nbsp; Trabajo Social, comprometidas en articular, coordinar y facilitar las propuestas acad\u00e9micas, investigativas, de formaci\u00f3n y actualizaci\u00f3n profesional, de vinculaci\u00f3n social de las diversas unidades acad\u00e9micas de Trabajo Social del pa\u00eds, que promueven la gesti\u00f3n social, orientadas a la [&hellip;]<\/p>\n","protected":false},"author":7,"featured_media":0,"parent":0,"menu_order":0,"comment_status":"closed","ping_status":"closed","template":"","meta":{"_acf_changed":false,"footnotes":""},"class_list":["post-938","page","type-page","status-publish","hentry"],"acf":[],"_links":{"self":[{"href":"https:\/\/carreras.uleam.edu.ec\/carrera-trabajo-social-anuatse\/wp-json\/wp\/v2\/pages\/938","targetHints":{"allow":["GET"]}}],"collection":[{"href":"https:\/\/carreras.uleam.edu.ec\/carrera-trabajo-social-anuatse\/wp-json\/wp\/v2\/pages"}],"about":[{"href":"https:\/\/carreras.uleam.edu.ec\/carrera-trabajo-social-anuatse\/wp-json\/wp\/v2\/types\/page"}],"author":[{"embeddable":true,"href":"https:\/\/carreras.uleam.edu.ec\/carrera-trabajo-social-anuatse\/wp-json\/wp\/v2\/users\/7"}],"replies":[{"embeddable":true,"href":"https:\/\/carreras.uleam.edu.ec\/carrera-trabajo-social-anuatse\/wp-json\/wp\/v2\/comments?post=938"}],"version-history":[{"count":7,"href":"https:\/\/carreras.uleam.edu.ec\/carrera-trabajo-social-anuatse\/wp-json\/wp\/v2\/pages\/938\/revisions"}],"predecessor-version":[{"id":1579,"href":"https:\/\/carreras.uleam.edu.ec\/carrera-trabajo-social-anuatse\/wp-json\/wp\/v2\/pages\/938\/revisions\/1579"}],"wp:attachment":[{"href":"https:\/\/carreras.uleam.edu.ec\/carrera-trabajo-social-anuatse\/wp-json\/wp\/v2\/media?parent=938"}],"curies":[{"name":"wp","href":"https:\/\/api.w.org\/{rel}","templated":true}]}}