{"id":11,"date":"2024-05-01T19:20:57","date_gmt":"2024-05-02T00:20:57","guid":{"rendered":"https:\/\/carreras.uleam.edu.ec\/chone-technology-week\/?page_id=11"},"modified":"2024-07-03T20:21:52","modified_gmt":"2024-07-04T01:21:52","slug":"segunda-convecion-academica-y-tecnologica","status":"publish","type":"page","link":"https:\/\/carreras.uleam.edu.ec\/chone-technology-week\/segunda-convecion-academica-y-tecnologica\/","title":{"rendered":"Segunda Convenci\u00f3n Acad\u00e9mica y Tecnol\u00f3gica"},"content":{"rendered":"\n<div class=\"wp-block-columns is-layout-flex wp-container-core-columns-is-layout-9d6595d7 wp-block-columns-is-layout-flex\">\n<div class=\"wp-block-column is-layout-flow wp-block-column-is-layout-flow\">\n<figure class=\"wp-block-image size-full\"><img loading=\"lazy\" decoding=\"async\" width=\"518\" height=\"342\" src=\"http:\/\/carreras.uleam.edu.ec\/chone-technology-week\/wp-content\/uploads\/sites\/92\/2024\/05\/convencion-1.png\" alt=\"\" class=\"wp-image-33\" srcset=\"https:\/\/carreras.uleam.edu.ec\/chone-technology-week\/wp-content\/uploads\/sites\/92\/2024\/05\/convencion-1.png 518w, https:\/\/carreras.uleam.edu.ec\/chone-technology-week\/wp-content\/uploads\/sites\/92\/2024\/05\/convencion-1-300x198.png 300w\" sizes=\"auto, (max-width: 518px) 100vw, 518px\" \/><\/figure>\n<\/div>\n\n\n\n<div class=\"wp-block-column is-layout-flow wp-block-column-is-layout-flow\">\n<p>\u00abTe damos la bienvenida a la Segunda Convenci\u00f3n Acad\u00e9mica y Tecnol\u00f3gica de nuestra universidad. Este evento interno es una celebraci\u00f3n de la excelencia acad\u00e9mica y la innovaci\u00f3n tecnol\u00f3gica dentro de nuestra comunidad universitaria. Durante esta convenci\u00f3n, estudiantes, profesores e investigadores tendr\u00e1n la oportunidad de compartir sus conocimientos, proyectos y descubrimientos m\u00e1s recientes. Desde presentaciones de investigaci\u00f3n hasta talleres pr\u00e1cticos, la convenci\u00f3n ofrece un espacio \u00fanico para el intercambio de ideas y el fomento del aprendizaje colaborativo. \u00danete a nosotros para explorar el futuro de la educaci\u00f3n y la tecnolog\u00eda en nuestra vibrante comunidad universitaria.\u00bb<\/p>\n<\/div>\n<\/div>\n\n\n\n<figure class=\"wp-block-table is-style-stripes\"><table><tbody><tr><td class=\"has-text-align-left\" data-align=\"left\"><strong>Tem\u00e1tica<\/strong><\/td><td class=\"has-text-align-center\" data-align=\"center\"><strong>Capacitador<\/strong><\/td><td><strong>Docente Responsable<\/strong><\/td><\/tr><tr><td class=\"has-text-align-left\" data-align=\"left\">Auditoria y Seguridad de la Informaci\u00f3n<\/td><td class=\"has-text-align-center\" data-align=\"center\"><img loading=\"lazy\" decoding=\"async\" width=\"133\" height=\"150\" class=\"wp-image-261\" style=\"width: 133px\" src=\"http:\/\/carreras.uleam.edu.ec\/chone-technology-week\/wp-content\/uploads\/sites\/92\/2024\/06\/TARANTO.jpg\" alt=\"\"><br>Ing. Len\u00edn Narv\u00e1ez Taranto<br><a href=\"https:\/\/drive.google.com\/file\/d\/1Ur6op_FQDehg9r4zlEbyPQK3Hs8_TLNO\/view?usp=sharing\" target=\"_blank\" rel=\"noreferrer noopener\">Descargar CV<\/a><\/td><td>\u00bb Ing. Fabricio Rolando<br>Rivadeneira Zambrano<br>\u00bb Ing. Jos\u00e9 Ignacio<br>Santana Moreira<\/td><\/tr><tr><td class=\"has-text-align-left\" data-align=\"left\">Arquitectura del Computador<\/td><td class=\"has-text-align-center\" data-align=\"center\"><img loading=\"lazy\" decoding=\"async\" width=\"133\" height=\"166\" class=\"wp-image-268\" style=\"width: 133px\" src=\"http:\/\/carreras.uleam.edu.ec\/chone-technology-week\/wp-content\/uploads\/sites\/92\/2024\/07\/LI.jpg\" alt=\"\"><br>Ing. Limber Javier Lop\u00e9z Alc\u00edvar<br><a href=\"https:\/\/drive.google.com\/file\/d\/1dnaj3euTlNt6KCBGL9JakKrZjCgrh5RT\/view?usp=sharing\" data-type=\"link\" data-id=\"https:\/\/drive.google.com\/file\/d\/1dnaj3euTlNt6KCBGL9JakKrZjCgrh5RT\/view?usp=sharing\">Descargar CV<\/a><\/td><td>\u00bb Lcda. Yanina Alexandra<br>Viteri Alc\u00edvar<\/td><\/tr><tr><td class=\"has-text-align-left\" data-align=\"left\">Programaci\u00f3n en Python<\/td><td class=\"has-text-align-center\" data-align=\"center\"><img loading=\"lazy\" decoding=\"async\" width=\"130\" height=\"159\" class=\"wp-image-265\" style=\"width: 130px\" src=\"http:\/\/carreras.uleam.edu.ec\/chone-technology-week\/wp-content\/uploads\/sites\/92\/2024\/06\/python.jpg\" alt=\"\"><br>Ing. Milton Moncayo Unda<br><a href=\"https:\/\/drive.google.com\/file\/d\/1Z8sbDKYbVzq2C2Z5JmuWWNtPWJcr-3TV\/view?usp=sharing\" target=\"_blank\" rel=\"noreferrer noopener\">Descargar CV<\/a><\/td><td>\u00bb Ing. Cristhian Marcony<br>Villa Palma<\/td><\/tr><tr><td class=\"has-text-align-left\" data-align=\"left\">Programaci\u00f3n en JavaScript<\/td><td class=\"has-text-align-center\" data-align=\"center\"><img loading=\"lazy\" decoding=\"async\" width=\"129\" height=\"187\" class=\"wp-image-255\" style=\"width: 101px\" src=\"http:\/\/carreras.uleam.edu.ec\/chone-technology-week\/wp-content\/uploads\/sites\/92\/2024\/05\/JAVASCRIPT.jpg\" alt=\"\"><br>Ing. Jandry Anchundia<br><a href=\"https:\/\/drive.google.com\/file\/d\/1fKWsjJcs0eebw-SOV7ZlUxVGpMQm7Wxa\/view?usp=sharing\" target=\"_blank\" rel=\"noreferrer noopener\">Descargar CV<\/a><\/td><td>\u00bb Ing. Cristhian Gustavo<br>Minaya Vera<br>\u00bb Ing. Nilo Walker<br>Andrade Acosta<\/td><\/tr><tr><td class=\"has-text-align-left\" data-align=\"left\">Redes de Telecomunicaciones<\/td><td class=\"has-text-align-center\" data-align=\"center\"><img loading=\"lazy\" decoding=\"async\" width=\"120\" height=\"140\" class=\"wp-image-259\" style=\"width: 120px\" src=\"http:\/\/carreras.uleam.edu.ec\/chone-technology-week\/wp-content\/uploads\/sites\/92\/2024\/06\/aaaaaaaaa.jpg\" alt=\"\"><br>Ing. Oscar Stalin Baque Pinargote<br><a href=\"https:\/\/drive.google.com\/file\/d\/1Uda8cudstVQ_bZr0IG8uSUKTg_IDJ3N9\/view?usp=sharing\" target=\"_blank\" rel=\"noreferrer noopener\">Descargar CV<\/a><\/td><td>\u00bb Ing. Frank Aquino<br>Cornejo Moreira<br>\u00bb Ing. Jorge Luis<br>Mezdoza Loor<\/td><\/tr><tr><td class=\"has-text-align-left\" data-align=\"left\">Industria 4.0<\/td><td class=\"has-text-align-center\" data-align=\"center\"><\/td><td>\u00bb Ing. Orley Teodocio<br>Loor Sol\u00f3rzano<br>\u00bb Ing. Michael Alejandro<br>Zambrano Zambrano<\/td><\/tr><tr><td class=\"has-text-align-left\" data-align=\"left\">Inteligencia Artificial ( IA )<\/td><td class=\"has-text-align-center\" data-align=\"center\"><img loading=\"lazy\" decoding=\"async\" width=\"101\" height=\"115\" class=\"wp-image-197\" style=\"width: 101px\" src=\"http:\/\/carreras.uleam.edu.ec\/chone-technology-week\/wp-content\/uploads\/sites\/92\/2024\/05\/Imagen-de-WhatsApp-2024-05-15-a-las-09.41.15_fc78d319.jpg\" alt=\"\"><br>Ing. Luis Felipe Borja Borja<br><a href=\"https:\/\/drive.google.com\/file\/d\/1u-vZqCJ-DtyAnu9ibG3H0H7yCj9nBhZW\/view?usp=sharing\" target=\"_blank\" rel=\"noreferrer noopener\">Descargar CV<\/a><br><\/td><td>\u00bb Ing. Miguel Fabian<br>Delgado Cede\u00f1o<br>\u00bb Ing. Junior Antonio<br>Briones Mera<\/td><\/tr><\/tbody><\/table><\/figure>\n","protected":false},"excerpt":{"rendered":"<p>\u00abTe damos la bienvenida a la Segunda Convenci\u00f3n Acad\u00e9mica y Tecnol\u00f3gica de nuestra universidad. Este evento interno es una celebraci\u00f3n de la excelencia acad\u00e9mica y la innovaci\u00f3n tecnol\u00f3gica dentro de nuestra comunidad universitaria. Durante esta convenci\u00f3n, estudiantes, profesores e investigadores [&hellip;]<\/p>\n","protected":false},"author":1022,"featured_media":0,"parent":0,"menu_order":0,"comment_status":"closed","ping_status":"closed","template":"","meta":{"_acf_changed":false,"footnotes":""},"class_list":["post-11","page","type-page","status-publish","hentry"],"acf":[],"_links":{"self":[{"href":"https:\/\/carreras.uleam.edu.ec\/chone-technology-week\/wp-json\/wp\/v2\/pages\/11","targetHints":{"allow":["GET"]}}],"collection":[{"href":"https:\/\/carreras.uleam.edu.ec\/chone-technology-week\/wp-json\/wp\/v2\/pages"}],"about":[{"href":"https:\/\/carreras.uleam.edu.ec\/chone-technology-week\/wp-json\/wp\/v2\/types\/page"}],"author":[{"embeddable":true,"href":"https:\/\/carreras.uleam.edu.ec\/chone-technology-week\/wp-json\/wp\/v2\/users\/1022"}],"replies":[{"embeddable":true,"href":"https:\/\/carreras.uleam.edu.ec\/chone-technology-week\/wp-json\/wp\/v2\/comments?post=11"}],"version-history":[{"count":45,"href":"https:\/\/carreras.uleam.edu.ec\/chone-technology-week\/wp-json\/wp\/v2\/pages\/11\/revisions"}],"predecessor-version":[{"id":269,"href":"https:\/\/carreras.uleam.edu.ec\/chone-technology-week\/wp-json\/wp\/v2\/pages\/11\/revisions\/269"}],"wp:attachment":[{"href":"https:\/\/carreras.uleam.edu.ec\/chone-technology-week\/wp-json\/wp\/v2\/media?parent=11"}],"curies":[{"name":"wp","href":"https:\/\/api.w.org\/{rel}","templated":true}]}}