{"id":9,"date":"2024-05-01T19:19:23","date_gmt":"2024-05-02T00:19:23","guid":{"rendered":"https:\/\/carreras.uleam.edu.ec\/chone-technology-week\/?page_id=9"},"modified":"2024-05-15T18:31:04","modified_gmt":"2024-05-15T23:31:04","slug":"primer-feria-tecnologica","status":"publish","type":"page","link":"https:\/\/carreras.uleam.edu.ec\/chone-technology-week\/primer-feria-tecnologica\/","title":{"rendered":"Primera Feria Tecnol\u00f3gica"},"content":{"rendered":"\n<div class=\"wp-block-columns is-layout-flex wp-container-core-columns-is-layout-9d6595d7 wp-block-columns-is-layout-flex\">\n<div class=\"wp-block-column is-layout-flow wp-block-column-is-layout-flow\">\n<figure class=\"wp-block-image size-large\"><img loading=\"lazy\" decoding=\"async\" width=\"1024\" height=\"625\" src=\"http:\/\/carreras.uleam.edu.ec\/chone-technology-week\/wp-content\/uploads\/sites\/92\/2024\/05\/feria-1024x625.png\" alt=\"\" class=\"wp-image-34\" srcset=\"https:\/\/carreras.uleam.edu.ec\/chone-technology-week\/wp-content\/uploads\/sites\/92\/2024\/05\/feria-1024x625.png 1024w, https:\/\/carreras.uleam.edu.ec\/chone-technology-week\/wp-content\/uploads\/sites\/92\/2024\/05\/feria-300x183.png 300w, https:\/\/carreras.uleam.edu.ec\/chone-technology-week\/wp-content\/uploads\/sites\/92\/2024\/05\/feria-768x469.png 768w, https:\/\/carreras.uleam.edu.ec\/chone-technology-week\/wp-content\/uploads\/sites\/92\/2024\/05\/feria-1536x938.png 1536w, https:\/\/carreras.uleam.edu.ec\/chone-technology-week\/wp-content\/uploads\/sites\/92\/2024\/05\/feria-2048x1250.png 2048w\" sizes=\"auto, (max-width: 1024px) 100vw, 1024px\" \/><\/figure>\n<\/div>\n\n\n\n<div class=\"wp-block-column is-layout-flow wp-block-column-is-layout-flow\">\n<p>\u00ab\u00a1Bienvenidos a la Primera Feria de Tecnolog\u00eda!\u00bb Prep\u00e1rate para sumergirte en un mundo de innovaci\u00f3n y descubrimiento en nuestro evento inaugural. Desde los \u00faltimos dispositivos electr\u00f3nicos hasta las tendencias m\u00e1s avanzadas en rob\u00f3tica y inteligencia artificial, la Feria de Tecnolog\u00eda es el lugar donde convergen la creatividad y la tecnolog\u00eda para ofrecerte una experiencia \u00fanica. \u00danete a nosotros para explorar exhibiciones interactivas, participar en demostraciones en vivo y conectarte con los principales expertos de la industria.<\/p>\n<\/div>\n<\/div>\n\n\n\n<p><br><\/p>\n\n\n\n<div class=\"wp-block-buttons is-content-justification-center is-layout-flex wp-container-core-buttons-is-layout-16018d1d wp-block-buttons-is-layout-flex\">\n<div class=\"wp-block-button\"><a class=\"wp-block-button__link wp-element-button\" href=\"https:\/\/forms.gle\/WVdqfz2Q2MXQN4Nk7\" target=\"_blank\" rel=\"noreferrer noopener\">Inscr\u00edbete Aqu\u00ed<\/a><\/div>\n<\/div>\n\n\n\n<div style=\"height:100px\" aria-hidden=\"true\" class=\"wp-block-spacer\"><\/div>\n\n\n\n<figure class=\"wp-block-table is-style-stripes\"><table><tbody><tr><td><strong>UNIVERSIDAD QUE REPRESENTA<\/strong><\/td><td><strong>PROYECTO<\/strong><\/td><\/tr><tr><td>Universidad Laica Eloy Alfaro de Manab\u00ed Ext. Chone<\/td><td>\u00a1Robot Bit Bit! &#8211; Asistente en tiempo real<\/td><\/tr><\/tbody><\/table><\/figure>\n\n\n\n<div class=\"wp-block-file\"><a id=\"wp-block-file--media-c68813f1-4b48-4dd9-b20a-4a94477a888a\" href=\"https:\/\/carreras.uleam.edu.ec\/chone-technology-week\/wp-content\/uploads\/sites\/92\/2024\/05\/BasesConcurso_1era_FeriaTecnologica.docx\">BasesConcurso_1era_FeriaTecnologica<\/a><a href=\"https:\/\/carreras.uleam.edu.ec\/chone-technology-week\/wp-content\/uploads\/sites\/92\/2024\/05\/BasesConcurso_1era_FeriaTecnologica.docx\" class=\"wp-block-file__button wp-element-button\" download aria-describedby=\"wp-block-file--media-c68813f1-4b48-4dd9-b20a-4a94477a888a\">Descarga<\/a><\/div>\n","protected":false},"excerpt":{"rendered":"<p>\u00ab\u00a1Bienvenidos a la Primera Feria de Tecnolog\u00eda!\u00bb Prep\u00e1rate para sumergirte en un mundo de innovaci\u00f3n y descubrimiento en nuestro evento inaugural. Desde los \u00faltimos dispositivos electr\u00f3nicos hasta las tendencias m\u00e1s avanzadas en rob\u00f3tica y inteligencia artificial, la Feria de Tecnolog\u00eda [&hellip;]<\/p>\n","protected":false},"author":1022,"featured_media":0,"parent":0,"menu_order":0,"comment_status":"closed","ping_status":"closed","template":"","meta":{"_acf_changed":false,"footnotes":""},"class_list":["post-9","page","type-page","status-publish","hentry"],"acf":[],"_links":{"self":[{"href":"https:\/\/carreras.uleam.edu.ec\/chone-technology-week\/wp-json\/wp\/v2\/pages\/9","targetHints":{"allow":["GET"]}}],"collection":[{"href":"https:\/\/carreras.uleam.edu.ec\/chone-technology-week\/wp-json\/wp\/v2\/pages"}],"about":[{"href":"https:\/\/carreras.uleam.edu.ec\/chone-technology-week\/wp-json\/wp\/v2\/types\/page"}],"author":[{"embeddable":true,"href":"https:\/\/carreras.uleam.edu.ec\/chone-technology-week\/wp-json\/wp\/v2\/users\/1022"}],"replies":[{"embeddable":true,"href":"https:\/\/carreras.uleam.edu.ec\/chone-technology-week\/wp-json\/wp\/v2\/comments?post=9"}],"version-history":[{"count":26,"href":"https:\/\/carreras.uleam.edu.ec\/chone-technology-week\/wp-json\/wp\/v2\/pages\/9\/revisions"}],"predecessor-version":[{"id":250,"href":"https:\/\/carreras.uleam.edu.ec\/chone-technology-week\/wp-json\/wp\/v2\/pages\/9\/revisions\/250"}],"wp:attachment":[{"href":"https:\/\/carreras.uleam.edu.ec\/chone-technology-week\/wp-json\/wp\/v2\/media?parent=9"}],"curies":[{"name":"wp","href":"https:\/\/api.w.org\/{rel}","templated":true}]}}