{"id":26,"date":"2017-06-20T05:37:13","date_gmt":"2017-06-20T05:37:13","guid":{"rendered":"http:\/\/comisionacademicamedicinauleam.com\/?page_id=26"},"modified":"2020-03-08T10:50:49","modified_gmt":"2020-03-08T15:50:49","slug":"enlaces-academicos","status":"publish","type":"page","link":"https:\/\/carreras.uleam.edu.ec\/cimedicina\/enlaces-academicos\/","title":{"rendered":"ENLACES ACAD\u00c9MICOS"},"content":{"rendered":"<p>Da clic en cualquiera de las im\u00e1genes para ingresar a las paginas oficiales de entidades de educaci\u00f3n superior.<\/p>\n<p><strong>Universidad Laica Eloy Alfaro de Manab\u00ed, ULEAM<\/strong><\/p>\n<p><a href=\"https:\/\/www.uleam.edu.ec\/\"><img loading=\"lazy\" decoding=\"async\" class=\"size-medium wp-image-403 aligncenter\" src=\"https:\/\/carreras.uleam.edu.ec\/cimedicina\/wp-content\/uploads\/sites\/63\/2020\/03\/LOGO-ULEAM-HORIZONTAL-3-300x101.png\" alt=\"\" width=\"300\" height=\"101\" srcset=\"https:\/\/carreras.uleam.edu.ec\/cimedicina\/wp-content\/uploads\/sites\/63\/2020\/03\/LOGO-ULEAM-HORIZONTAL-3-300x101.png 300w, https:\/\/carreras.uleam.edu.ec\/cimedicina\/wp-content\/uploads\/sites\/63\/2020\/03\/LOGO-ULEAM-HORIZONTAL-3-768x258.png 768w, https:\/\/carreras.uleam.edu.ec\/cimedicina\/wp-content\/uploads\/sites\/63\/2020\/03\/LOGO-ULEAM-HORIZONTAL-3-1024x344.png 1024w, https:\/\/carreras.uleam.edu.ec\/cimedicina\/wp-content\/uploads\/sites\/63\/2020\/03\/LOGO-ULEAM-HORIZONTAL-3.png 1638w\" sizes=\"auto, (max-width: 300px) 100vw, 300px\" \/><\/a><\/p>\n<p><strong>\u00a0Consejo de Educaci\u00f3n Superior, CES\u00a0<\/strong><\/p>\n<p><a href=\"http:\/\/www.ces.gob.ec\/index.php?option=com_phocadownload&amp;view=category&amp;id=12&amp;Itemid=303\"><img loading=\"lazy\" decoding=\"async\" class=\"wp-image-275 aligncenter\" src=\"https:\/\/carreras.uleam.edu.ec\/cimedicina\/wp-content\/uploads\/sites\/63\/2017\/06\/CES-1.jpg\" alt=\"\" width=\"167\" height=\"167\" srcset=\"https:\/\/carreras.uleam.edu.ec\/cimedicina\/wp-content\/uploads\/sites\/63\/2017\/06\/CES-1.jpg 400w, https:\/\/carreras.uleam.edu.ec\/cimedicina\/wp-content\/uploads\/sites\/63\/2017\/06\/CES-1-150x150.jpg 150w, https:\/\/carreras.uleam.edu.ec\/cimedicina\/wp-content\/uploads\/sites\/63\/2017\/06\/CES-1-300x300.jpg 300w\" sizes=\"auto, (max-width: 167px) 100vw, 167px\" \/><\/a><\/p>\n<p><strong>Consejo de Aseguramiento de la Calidad de la Educaci\u00f3n Superior, CACES<\/strong><\/p>\n<p><a href=\"https:\/\/www.caces.gob.ec\/\"><img loading=\"lazy\" decoding=\"async\" class=\"wp-image-277 aligncenter\" src=\"https:\/\/carreras.uleam.edu.ec\/cimedicina\/wp-content\/uploads\/sites\/63\/2017\/06\/caces-1.png\" alt=\"\" width=\"256\" height=\"140\" srcset=\"https:\/\/carreras.uleam.edu.ec\/cimedicina\/wp-content\/uploads\/sites\/63\/2017\/06\/caces-1.png 303w, https:\/\/carreras.uleam.edu.ec\/cimedicina\/wp-content\/uploads\/sites\/63\/2017\/06\/caces-1-300x164.png 300w\" sizes=\"auto, (max-width: 256px) 100vw, 256px\" \/><\/a><\/p>\n<p><strong>Secretar\u00eda de Educaci\u00f3n Superior, Ciencia, Tecnolog\u00eda e Innovaci\u00f3n,\u00a0SENESCYT. Consulta de t\u00edtulos registrados<\/strong><\/p>\n<p><a href=\"https:\/\/www.senescyt.gob.ec\/web\/guest\/consultas\"><img loading=\"lazy\" decoding=\"async\" class=\"wp-image-278 aligncenter\" src=\"https:\/\/carreras.uleam.edu.ec\/cimedicina\/wp-content\/uploads\/sites\/63\/2017\/06\/SENESCYT-1.png\" alt=\"\" width=\"215\" height=\"161\" \/><\/a><\/p>\n","protected":false},"excerpt":{"rendered":"<p>Da clic en cualquiera de las im\u00e1genes para ingresar a las paginas oficiales de entidades de educaci\u00f3n superior. Universidad Laica Eloy Alfaro de Manab\u00ed, ULEAM \u00a0Consejo de Educaci\u00f3n Superior, CES\u00a0 Consejo de Aseguramiento de la Calidad de la Educaci\u00f3n Superior, CACES Secretar\u00eda de Educaci\u00f3n Superior, Ciencia, Tecnolog\u00eda e Innovaci\u00f3n,\u00a0SENESCYT. Consulta de t\u00edtulos registrados<\/p>\n","protected":false},"author":1012,"featured_media":0,"parent":0,"menu_order":0,"comment_status":"closed","ping_status":"closed","template":"","meta":{"_acf_changed":false,"footnotes":""},"class_list":["post-26","page","type-page","status-publish",""],"acf":[],"_links":{"self":[{"href":"https:\/\/carreras.uleam.edu.ec\/cimedicina\/wp-json\/wp\/v2\/pages\/26","targetHints":{"allow":["GET"]}}],"collection":[{"href":"https:\/\/carreras.uleam.edu.ec\/cimedicina\/wp-json\/wp\/v2\/pages"}],"about":[{"href":"https:\/\/carreras.uleam.edu.ec\/cimedicina\/wp-json\/wp\/v2\/types\/page"}],"author":[{"embeddable":true,"href":"https:\/\/carreras.uleam.edu.ec\/cimedicina\/wp-json\/wp\/v2\/users\/1012"}],"replies":[{"embeddable":true,"href":"https:\/\/carreras.uleam.edu.ec\/cimedicina\/wp-json\/wp\/v2\/comments?post=26"}],"version-history":[{"count":2,"href":"https:\/\/carreras.uleam.edu.ec\/cimedicina\/wp-json\/wp\/v2\/pages\/26\/revisions"}],"predecessor-version":[{"id":404,"href":"https:\/\/carreras.uleam.edu.ec\/cimedicina\/wp-json\/wp\/v2\/pages\/26\/revisions\/404"}],"wp:attachment":[{"href":"https:\/\/carreras.uleam.edu.ec\/cimedicina\/wp-json\/wp\/v2\/media?parent=26"}],"curies":[{"name":"wp","href":"https:\/\/api.w.org\/{rel}","templated":true}]}}