{"id":284,"date":"2019-09-22T10:19:13","date_gmt":"2019-09-22T10:19:13","guid":{"rendered":"http:\/\/comisionacademicamedicina.carlosgarciaescovar.com\/?page_id=284"},"modified":"2020-07-17T09:24:04","modified_gmt":"2020-07-17T14:24:04","slug":"fisiopatologia-y-diagnostico-medico-revista-digital","status":"publish","type":"page","link":"https:\/\/carreras.uleam.edu.ec\/cimedicina\/fisiopatologia-y-diagnostico-medico-revista-digital\/","title":{"rendered":"REVISTA DIGITAL: Fisiopatolog\u00eda y diagn\u00f3stico m\u00e9dico"},"content":{"rendered":"<p><strong>Fisiopatolog\u00eda y Diagn\u00f3stico M\u00e9dico<\/strong>&nbsp;es una revista digital bimestral que publica en espa\u00f1ol trabajos cient\u00edficos, principalmente, producidos in\u00e9ditamente por&nbsp;los estudiantes de las facultades de ciencias de la salud de la ULEAM (art\u00edculos de revisi\u00f3n, casos cl\u00ednicos, opiniones editoriales, cartas al comit\u00e9 editorial referente a publicaciones). Adem\u00e1s, incluimos publicaciones de estudiantes, docentes y profesionales de la salud en general.<\/p>\n<p><a href=\"http:\/\/revistafdm.uleam.edu.ec\/\"><img loading=\"lazy\" decoding=\"async\" class=\"alignnone size-medium wp-image-383\" src=\"https:\/\/carreras.uleam.edu.ec\/cimedicina\/wp-content\/uploads\/sites\/63\/2020\/03\/RFPyDM2-300x88.jpg\" alt=\"\" width=\"300\" height=\"88\" srcset=\"https:\/\/carreras.uleam.edu.ec\/cimedicina\/wp-content\/uploads\/sites\/63\/2020\/03\/RFPyDM2-300x88.jpg 300w, https:\/\/carreras.uleam.edu.ec\/cimedicina\/wp-content\/uploads\/sites\/63\/2020\/03\/RFPyDM2-768x225.jpg 768w, https:\/\/carreras.uleam.edu.ec\/cimedicina\/wp-content\/uploads\/sites\/63\/2020\/03\/RFPyDM2-1024x300.jpg 1024w, https:\/\/carreras.uleam.edu.ec\/cimedicina\/wp-content\/uploads\/sites\/63\/2020\/03\/RFPyDM2.jpg 1813w\" sizes=\"auto, (max-width: 300px) 100vw, 300px\" \/><\/a><\/p>\n","protected":false},"excerpt":{"rendered":"<p>Fisiopatolog\u00eda y Diagn\u00f3stico M\u00e9dico&nbsp;es una revista digital bimestral que publica en espa\u00f1ol trabajos cient\u00edficos, principalmente, producidos in\u00e9ditamente por&nbsp;los estudiantes de las facultades de ciencias de la salud de la ULEAM (art\u00edculos de revisi\u00f3n, casos cl\u00ednicos, opiniones editoriales, cartas al comit\u00e9 editorial referente a publicaciones). Adem\u00e1s, incluimos publicaciones de estudiantes, docentes y profesionales de la salud &hellip;<\/p>\n","protected":false},"author":1012,"featured_media":0,"parent":0,"menu_order":0,"comment_status":"closed","ping_status":"closed","template":"","meta":{"_acf_changed":false,"footnotes":""},"class_list":["post-284","page","type-page","status-publish",""],"acf":[],"_links":{"self":[{"href":"https:\/\/carreras.uleam.edu.ec\/cimedicina\/wp-json\/wp\/v2\/pages\/284","targetHints":{"allow":["GET"]}}],"collection":[{"href":"https:\/\/carreras.uleam.edu.ec\/cimedicina\/wp-json\/wp\/v2\/pages"}],"about":[{"href":"https:\/\/carreras.uleam.edu.ec\/cimedicina\/wp-json\/wp\/v2\/types\/page"}],"author":[{"embeddable":true,"href":"https:\/\/carreras.uleam.edu.ec\/cimedicina\/wp-json\/wp\/v2\/users\/1012"}],"replies":[{"embeddable":true,"href":"https:\/\/carreras.uleam.edu.ec\/cimedicina\/wp-json\/wp\/v2\/comments?post=284"}],"version-history":[{"count":2,"href":"https:\/\/carreras.uleam.edu.ec\/cimedicina\/wp-json\/wp\/v2\/pages\/284\/revisions"}],"predecessor-version":[{"id":603,"href":"https:\/\/carreras.uleam.edu.ec\/cimedicina\/wp-json\/wp\/v2\/pages\/284\/revisions\/603"}],"wp:attachment":[{"href":"https:\/\/carreras.uleam.edu.ec\/cimedicina\/wp-json\/wp\/v2\/media?parent=284"}],"curies":[{"name":"wp","href":"https:\/\/api.w.org\/{rel}","templated":true}]}}