{"id":325,"date":"2020-02-23T14:29:05","date_gmt":"2020-02-23T19:29:05","guid":{"rendered":"http:\/\/comisionacademicamedicina.carlosgarciaescovar.com\/?page_id=325"},"modified":"2020-02-23T14:29:05","modified_gmt":"2020-02-23T19:29:05","slug":"actividades-de-vinculacion-con-la-comunidad","status":"publish","type":"page","link":"https:\/\/carreras.uleam.edu.ec\/cimedicina\/actividades-de-vinculacion-con-la-comunidad\/","title":{"rendered":"ACTIVIDADES DE VINCULACI\u00d3N CON LA COMUNIDAD"},"content":{"rendered":"<p>La Comisi\u00f3n de Investigaci\u00f3n de la Facultad de Ciencias M\u00e9dicas de la ULEAM tiene una propuesta de ejecuci\u00f3n y vinculaci\u00f3n de sus proyectos en la comunidad en tiempo real, esto es, durante el desarrollo de los trabajos de investigaci\u00f3n y adicionalmente un plan de difusi\u00f3n audiovisual amigable. Todos los proyectos comunitarios deben articularse con el Curr\u00edculo acad\u00e9mico para que garanticen el interaprendizaje en tres v\u00edas: estudiantes, profesores y comunidad. Los procesos son elaborados por docentes y ejecutados por estudiantes durante cada semestre.<\/p>\n<p><img loading=\"lazy\" decoding=\"async\" class=\"alignnone wp-image-327\" src=\"https:\/\/carreras.uleam.edu.ec\/cimedicina\/wp-content\/uploads\/sites\/63\/2020\/02\/Inv-ULEAM-1.png\" alt=\"\" width=\"393\" height=\"89\" \/><\/p>\n","protected":false},"excerpt":{"rendered":"<p>La Comisi\u00f3n de Investigaci\u00f3n de la Facultad de Ciencias M\u00e9dicas de la ULEAM tiene una propuesta de ejecuci\u00f3n y vinculaci\u00f3n de sus proyectos en la comunidad en tiempo real, esto es, durante el desarrollo de los trabajos de investigaci\u00f3n y adicionalmente un plan de difusi\u00f3n audiovisual amigable. Todos los proyectos comunitarios deben articularse con el &hellip;<\/p>\n","protected":false},"author":1012,"featured_media":0,"parent":0,"menu_order":0,"comment_status":"closed","ping_status":"closed","template":"","meta":{"_acf_changed":false,"footnotes":""},"class_list":["post-325","page","type-page","status-publish",""],"acf":[],"_links":{"self":[{"href":"https:\/\/carreras.uleam.edu.ec\/cimedicina\/wp-json\/wp\/v2\/pages\/325","targetHints":{"allow":["GET"]}}],"collection":[{"href":"https:\/\/carreras.uleam.edu.ec\/cimedicina\/wp-json\/wp\/v2\/pages"}],"about":[{"href":"https:\/\/carreras.uleam.edu.ec\/cimedicina\/wp-json\/wp\/v2\/types\/page"}],"author":[{"embeddable":true,"href":"https:\/\/carreras.uleam.edu.ec\/cimedicina\/wp-json\/wp\/v2\/users\/1012"}],"replies":[{"embeddable":true,"href":"https:\/\/carreras.uleam.edu.ec\/cimedicina\/wp-json\/wp\/v2\/comments?post=325"}],"version-history":[{"count":0,"href":"https:\/\/carreras.uleam.edu.ec\/cimedicina\/wp-json\/wp\/v2\/pages\/325\/revisions"}],"wp:attachment":[{"href":"https:\/\/carreras.uleam.edu.ec\/cimedicina\/wp-json\/wp\/v2\/media?parent=325"}],"curies":[{"name":"wp","href":"https:\/\/api.w.org\/{rel}","templated":true}]}}