{"id":330,"date":"2020-02-23T14:55:56","date_gmt":"2020-02-23T19:55:56","guid":{"rendered":"http:\/\/comisionacademicamedicina.carlosgarciaescovar.com\/?page_id=330"},"modified":"2020-03-08T02:39:46","modified_gmt":"2020-03-08T07:39:46","slug":"revistas-digitales","status":"publish","type":"page","link":"https:\/\/carreras.uleam.edu.ec\/cimedicina\/revistas-digitales\/","title":{"rendered":"REVISTAS DIGITALES"},"content":{"rendered":"<p>La Facultad de Ciencias M\u00e9dicas a trav\u00e9s de la Comisi\u00f3n de Investigaci\u00f3n publica dos revistas cient\u00edficas<strong>: <\/strong><strong>1. Salud &amp; Ciencias M\u00e9dicas <\/strong>con una frecuencia cuatrimestral<strong> y 2. <\/strong><strong>Fisiopatolog\u00eda y Diagn\u00f3stico M\u00e9dico<\/strong> bimestralmente; ambas circulan nacional e internacional y se dedican a difundir informaci\u00f3n en los diferentes campos de la salud y de esta manera intercambiar conocimiento para beneficiar a los ciudadanos, principalmente, en el Cuidado de la Salud.<\/p>\n<p><a href=\"http:\/\/revistafdm.uleam.edu.ec\/\"><img loading=\"lazy\" decoding=\"async\" class=\"alignnone wp-image-320\" src=\"http:\/\/comisionacademicamedicina.carlosgarciaescovar.com\/wp-content\/uploads\/2019\/09\/FPyDM-1.png\" alt=\"\" width=\"270\" height=\"76\" \/><\/a>\u00a0 \u00a0 \u00a0 \u00a0 \u00a0 \u00a0 \u00a0 \u00a0 \u00a0 \u00a0 \u00a0<a href=\"https:\/\/saludycienciasmedicas.uleam.edu.ec\/index.php\/SCM\/issue\/current\"><img loading=\"lazy\" decoding=\"async\" class=\"alignnone wp-image-318\" src=\"http:\/\/comisionacademicamedicina.carlosgarciaescovar.com\/wp-content\/uploads\/2020\/02\/pageHeaderLogoImage_es_ES.png\" alt=\"\" width=\"237\" height=\"78\" \/><\/a><\/p>\n","protected":false},"excerpt":{"rendered":"<p>La Facultad de Ciencias M\u00e9dicas a trav\u00e9s de la Comisi\u00f3n de Investigaci\u00f3n publica dos revistas cient\u00edficas: 1. Salud &amp; Ciencias M\u00e9dicas con una frecuencia cuatrimestral y 2. Fisiopatolog\u00eda y Diagn\u00f3stico M\u00e9dico bimestralmente; ambas circulan nacional e internacional y se dedican a difundir informaci\u00f3n en los diferentes campos de la salud y de esta manera intercambiar &hellip;<\/p>\n","protected":false},"author":1012,"featured_media":0,"parent":0,"menu_order":0,"comment_status":"closed","ping_status":"closed","template":"","meta":{"_acf_changed":false,"footnotes":""},"class_list":["post-330","page","type-page","status-publish",""],"acf":[],"_links":{"self":[{"href":"https:\/\/carreras.uleam.edu.ec\/cimedicina\/wp-json\/wp\/v2\/pages\/330","targetHints":{"allow":["GET"]}}],"collection":[{"href":"https:\/\/carreras.uleam.edu.ec\/cimedicina\/wp-json\/wp\/v2\/pages"}],"about":[{"href":"https:\/\/carreras.uleam.edu.ec\/cimedicina\/wp-json\/wp\/v2\/types\/page"}],"author":[{"embeddable":true,"href":"https:\/\/carreras.uleam.edu.ec\/cimedicina\/wp-json\/wp\/v2\/users\/1012"}],"replies":[{"embeddable":true,"href":"https:\/\/carreras.uleam.edu.ec\/cimedicina\/wp-json\/wp\/v2\/comments?post=330"}],"version-history":[{"count":1,"href":"https:\/\/carreras.uleam.edu.ec\/cimedicina\/wp-json\/wp\/v2\/pages\/330\/revisions"}],"predecessor-version":[{"id":376,"href":"https:\/\/carreras.uleam.edu.ec\/cimedicina\/wp-json\/wp\/v2\/pages\/330\/revisions\/376"}],"wp:attachment":[{"href":"https:\/\/carreras.uleam.edu.ec\/cimedicina\/wp-json\/wp\/v2\/media?parent=330"}],"curies":[{"name":"wp","href":"https:\/\/api.w.org\/{rel}","templated":true}]}}