{"id":500,"date":"2020-03-20T00:23:04","date_gmt":"2020-03-20T05:23:04","guid":{"rendered":"https:\/\/carreras.uleam.edu.ec\/cimedicina\/?page_id=500"},"modified":"2020-05-25T06:50:58","modified_gmt":"2020-05-25T11:50:58","slug":"tele-medicina-consulta-medica-virtual","status":"publish","type":"page","link":"https:\/\/carreras.uleam.edu.ec\/cimedicina\/tele-medicina-consulta-medica-virtual\/","title":{"rendered":"Presentaciones acad\u00e9micas"},"content":{"rendered":"\n<figure class=\"wp-block-embed-slideshare wp-block-embed is-type-rich is-provider-slideshare wp-embed-aspect-1-1 wp-has-aspect-ratio\"><div class=\"wp-block-embed__wrapper\">\nhttps:\/\/www.slideshare.net\/servimedgarcia\/01-webinario-edu-virtual\n<\/div><figcaption>01 webinario edu virtual<\/figcaption><\/figure>\n\n\n\n<figure class=\"wp-block-embed-slideshare wp-block-embed is-type-rich is-provider-slideshare wp-embed-aspect-1-1 wp-has-aspect-ratio\"><div class=\"wp-block-embed__wrapper\">\nhttps:\/\/www.slideshare.net\/servimedgarcia\/02-webinario-e-actividades\n<\/div><figcaption>02 webinario e actividades<\/figcaption><\/figure>\n\n\n\n<figure class=\"wp-block-embed-slideshare wp-block-embed is-type-rich is-provider-slideshare wp-embed-aspect-1-1 wp-has-aspect-ratio\"><div class=\"wp-block-embed__wrapper\">\nhttps:\/\/www.slideshare.net\/servimedgarcia\/03-ci-zoom-200420\n<\/div><figcaption>03 ci zoom 200420<\/figcaption><\/figure>\n\n\n\n<figure class=\"wp-block-embed-slideshare wp-block-embed is-type-rich is-provider-slideshare wp-embed-aspect-1-1 wp-has-aspect-ratio\"><div class=\"wp-block-embed__wrapper\">\nhttps:\/\/www.slideshare.net\/servimedgarcia\/04-ci-wiki-230420\n<\/div><figcaption>04 ci wiki 230420<\/figcaption><\/figure>\n\n\n\n<figure class=\"wp-block-embed-slideshare wp-block-embed is-type-rich is-provider-slideshare wp-embed-aspect-1-1 wp-has-aspect-ratio\"><div class=\"wp-block-embed__wrapper\">\nhttps:\/\/www.slideshare.net\/servimedgarcia\/05-ci-foro-240420\n<\/div><figcaption>05 ci foro 240420<\/figcaption><\/figure>\n\n\n\n<figure class=\"wp-block-embed-slideshare wp-block-embed is-type-rich is-provider-slideshare wp-embed-aspect-1-1 wp-has-aspect-ratio\"><div class=\"wp-block-embed__wrapper\">\nhttps:\/\/www.slideshare.net\/servimedgarcia\/09-webinario-classroom-010520\n<\/div><figcaption>09 webinario classroom 010520<\/figcaption><\/figure>\n\n\n\n<figure class=\"wp-block-image size-large\"><a href=\"https:\/\/drive.google.com\/open?id=1tvVRMJnA5LtRoM7HWDSMxraI-X-I5GjCUbfWF93dr_U\"><img loading=\"lazy\" decoding=\"async\" width=\"1024\" height=\"576\" src=\"https:\/\/carreras.uleam.edu.ec\/cimedicina\/wp-content\/uploads\/sites\/63\/2020\/05\/2020-05-25-1024x576.png\" alt=\"\" class=\"wp-image-599\" srcset=\"https:\/\/carreras.uleam.edu.ec\/cimedicina\/wp-content\/uploads\/sites\/63\/2020\/05\/2020-05-25-1024x576.png 1024w, https:\/\/carreras.uleam.edu.ec\/cimedicina\/wp-content\/uploads\/sites\/63\/2020\/05\/2020-05-25-300x169.png 300w, https:\/\/carreras.uleam.edu.ec\/cimedicina\/wp-content\/uploads\/sites\/63\/2020\/05\/2020-05-25-768x432.png 768w, https:\/\/carreras.uleam.edu.ec\/cimedicina\/wp-content\/uploads\/sites\/63\/2020\/05\/2020-05-25.png 1366w\" sizes=\"auto, (max-width: 1024px) 100vw, 1024px\" \/><\/a><figcaption>Compilaci\u00f3n pr\u00e1ctica Educaci\u00f3n Virtual<\/figcaption><\/figure>\n","protected":false},"excerpt":{"rendered":"<p>https:\/\/www.slideshare.net\/servimedgarcia\/01-webinario-edu-virtual 01 webinario edu virtual https:\/\/www.slideshare.net\/servimedgarcia\/02-webinario-e-actividades 02 webinario e actividades https:\/\/www.slideshare.net\/servimedgarcia\/03-ci-zoom-200420 03 ci zoom 200420 https:\/\/www.slideshare.net\/servimedgarcia\/04-ci-wiki-230420 04 ci wiki 230420 https:\/\/www.slideshare.net\/servimedgarcia\/05-ci-foro-240420 05 ci foro 240420 https:\/\/www.slideshare.net\/servimedgarcia\/09-webinario-classroom-010520 09 webinario classroom 010520 Compilaci\u00f3n pr\u00e1ctica Educaci\u00f3n Virtual<\/p>\n","protected":false},"author":1012,"featured_media":0,"parent":0,"menu_order":0,"comment_status":"closed","ping_status":"closed","template":"","meta":{"_acf_changed":false,"footnotes":""},"class_list":["post-500","page","type-page","status-publish",""],"acf":[],"_links":{"self":[{"href":"https:\/\/carreras.uleam.edu.ec\/cimedicina\/wp-json\/wp\/v2\/pages\/500","targetHints":{"allow":["GET"]}}],"collection":[{"href":"https:\/\/carreras.uleam.edu.ec\/cimedicina\/wp-json\/wp\/v2\/pages"}],"about":[{"href":"https:\/\/carreras.uleam.edu.ec\/cimedicina\/wp-json\/wp\/v2\/types\/page"}],"author":[{"embeddable":true,"href":"https:\/\/carreras.uleam.edu.ec\/cimedicina\/wp-json\/wp\/v2\/users\/1012"}],"replies":[{"embeddable":true,"href":"https:\/\/carreras.uleam.edu.ec\/cimedicina\/wp-json\/wp\/v2\/comments?post=500"}],"version-history":[{"count":9,"href":"https:\/\/carreras.uleam.edu.ec\/cimedicina\/wp-json\/wp\/v2\/pages\/500\/revisions"}],"predecessor-version":[{"id":600,"href":"https:\/\/carreras.uleam.edu.ec\/cimedicina\/wp-json\/wp\/v2\/pages\/500\/revisions\/600"}],"wp:attachment":[{"href":"https:\/\/carreras.uleam.edu.ec\/cimedicina\/wp-json\/wp\/v2\/media?parent=500"}],"curies":[{"name":"wp","href":"https:\/\/api.w.org\/{rel}","templated":true}]}}