{"id":518,"date":"2020-04-16T23:13:16","date_gmt":"2020-04-17T04:13:16","guid":{"rendered":"https:\/\/carreras.uleam.edu.ec\/cimedicina\/?page_id=518"},"modified":"2020-04-30T21:19:24","modified_gmt":"2020-05-01T02:19:24","slug":"videoteca","status":"publish","type":"page","link":"https:\/\/carreras.uleam.edu.ec\/cimedicina\/videoteca\/","title":{"rendered":"Videoteca Digital"},"content":{"rendered":"\n<p><strong>Coronavirus: Gu\u00edas ciudadanas<\/strong><\/p>\n\n\n\n<div class=\"wp-block-columns is-layout-flex wp-container-core-columns-is-layout-9d6595d7 wp-block-columns-is-layout-flex\">\n<div class=\"wp-block-column is-layout-flow wp-block-column-is-layout-flow\">\n<figure class=\"wp-block-embed-youtube wp-block-embed is-type-video is-provider-youtube wp-embed-aspect-16-9 wp-has-aspect-ratio\"><div class=\"wp-block-embed__wrapper\">\n<iframe loading=\"lazy\" title=\"Como es la neumon\u00eda del coronavirus\" width=\"618\" height=\"348\" src=\"https:\/\/www.youtube.com\/embed\/5Xa2g8JOcpA?start=19&#038;feature=oembed\" frameborder=\"0\" allow=\"accelerometer; autoplay; clipboard-write; encrypted-media; gyroscope; picture-in-picture; web-share\" referrerpolicy=\"strict-origin-when-cross-origin\" allowfullscreen><\/iframe>\n<\/div><\/figure>\n\n\n\n<figure class=\"wp-block-embed-youtube wp-block-embed is-type-video is-provider-youtube wp-embed-aspect-16-9 wp-has-aspect-ratio\"><div class=\"wp-block-embed__wrapper\">\n<iframe loading=\"lazy\" title=\"El Coronavirus Lo que hay que hacer\" width=\"618\" height=\"348\" src=\"https:\/\/www.youtube.com\/embed\/KZiv6OSC5jk?feature=oembed\" frameborder=\"0\" allow=\"accelerometer; autoplay; clipboard-write; encrypted-media; gyroscope; picture-in-picture; web-share\" referrerpolicy=\"strict-origin-when-cross-origin\" allowfullscreen><\/iframe>\n<\/div><\/figure>\n<\/div>\n\n\n\n<div class=\"wp-block-column is-layout-flow wp-block-column-is-layout-flow\">\n<figure class=\"wp-block-embed-youtube wp-block-embed is-type-video is-provider-youtube wp-embed-aspect-16-9 wp-has-aspect-ratio\"><div class=\"wp-block-embed__wrapper\">\n<iframe loading=\"lazy\" title=\"Los m\u00e1s pobres, el Covid y el Gobierno\" width=\"618\" height=\"348\" src=\"https:\/\/www.youtube.com\/embed\/WN9BYUl3OCc?feature=oembed\" frameborder=\"0\" allow=\"accelerometer; autoplay; clipboard-write; encrypted-media; gyroscope; picture-in-picture; web-share\" referrerpolicy=\"strict-origin-when-cross-origin\" allowfullscreen><\/iframe>\n<\/div><\/figure>\n\n\n\n<figure class=\"wp-block-embed-youtube wp-block-embed is-type-video is-provider-youtube wp-embed-aspect-16-9 wp-has-aspect-ratio\"><div class=\"wp-block-embed__wrapper\">\n<iframe loading=\"lazy\" title=\"Tengo gripe, ser\u00e1 por coronavirus\" width=\"618\" height=\"348\" src=\"https:\/\/www.youtube.com\/embed\/qUzNSUHRDE0?feature=oembed\" frameborder=\"0\" allow=\"accelerometer; autoplay; clipboard-write; encrypted-media; gyroscope; picture-in-picture; web-share\" referrerpolicy=\"strict-origin-when-cross-origin\" allowfullscreen><\/iframe>\n<\/div><\/figure>\n\n\n\n<p><\/p>\n<\/div>\n<\/div>\n\n\n\n<p><strong>Videos acad\u00e9micos<\/strong><\/p>\n\n\n\n<div class=\"wp-block-columns is-layout-flex wp-container-core-columns-is-layout-9d6595d7 wp-block-columns-is-layout-flex\">\n<div class=\"wp-block-column is-layout-flow wp-block-column-is-layout-flow\">\n<figure class=\"wp-block-embed-youtube wp-block-embed is-type-video is-provider-youtube wp-embed-aspect-16-9 wp-has-aspect-ratio\"><div class=\"wp-block-embed__wrapper\">\n<iframe loading=\"lazy\" title=\"Desarrollo del COVID\" width=\"618\" height=\"348\" src=\"https:\/\/www.youtube.com\/embed\/qIre6yP_5i4?feature=oembed\" frameborder=\"0\" allow=\"accelerometer; autoplay; clipboard-write; encrypted-media; gyroscope; picture-in-picture; web-share\" referrerpolicy=\"strict-origin-when-cross-origin\" allowfullscreen><\/iframe>\n<\/div><\/figure>\n<\/div>\n\n\n\n<div class=\"wp-block-column is-layout-flow wp-block-column-is-layout-flow\">\n<figure class=\"wp-block-embed-youtube wp-block-embed is-type-video is-provider-youtube wp-embed-aspect-16-9 wp-has-aspect-ratio\"><div class=\"wp-block-embed__wrapper\">\n<iframe loading=\"lazy\" title=\"01 Comisi\u00f3n de Investigaci\u00f3n El Reinicio\" width=\"618\" height=\"348\" src=\"https:\/\/www.youtube.com\/embed\/w4MOAYUNwQQ?feature=oembed\" frameborder=\"0\" allow=\"accelerometer; autoplay; clipboard-write; encrypted-media; gyroscope; picture-in-picture; web-share\" referrerpolicy=\"strict-origin-when-cross-origin\" allowfullscreen><\/iframe>\n<\/div><\/figure>\n<\/div>\n<\/div>\n\n\n\n<p><strong>Videos acad\u00e9micos externos<\/strong><\/p>\n\n\n\n<figure class=\"wp-block-embed-youtube wp-block-embed is-type-video is-provider-youtube wp-embed-aspect-16-9 wp-has-aspect-ratio\"><div class=\"wp-block-embed__wrapper\">\n<iframe loading=\"lazy\" title=\"Sesi\u00f3n Cl\u00ednica Nuevo Coronavirus HUPHM - Unidad Infecciosas. MIR.\" width=\"618\" height=\"348\" src=\"https:\/\/www.youtube.com\/embed\/An_iA-r4Pv4?feature=oembed\" frameborder=\"0\" allow=\"accelerometer; autoplay; clipboard-write; encrypted-media; gyroscope; picture-in-picture; web-share\" referrerpolicy=\"strict-origin-when-cross-origin\" allowfullscreen><\/iframe>\n<\/div><\/figure>\n\n\n\n<p><strong>Videos tutoriales<\/strong><\/p>\n\n\n\n<div class=\"wp-block-columns is-layout-flex wp-container-core-columns-is-layout-9d6595d7 wp-block-columns-is-layout-flex\">\n<div class=\"wp-block-column is-layout-flow wp-block-column-is-layout-flow\">\n<figure class=\"wp-block-embed-youtube wp-block-embed is-type-video is-provider-youtube wp-embed-aspect-16-9 wp-has-aspect-ratio\"><div class=\"wp-block-embed__wrapper\">\nhttps:\/\/www.youtube.com\/watch?v=jbvxGJdFYdw&#038;feature=emb_logo\n<\/div><\/figure>\n\n\n\n<figure class=\"wp-block-embed-youtube wp-block-embed is-type-video is-provider-youtube wp-embed-aspect-16-9 wp-has-aspect-ratio\"><div class=\"wp-block-embed__wrapper\">\n<iframe loading=\"lazy\" title=\"Tutorial Word y Zotero: bibliograf\u00eda en trabajos de fin de grado y m\u00e1ster\" width=\"618\" height=\"348\" src=\"https:\/\/www.youtube.com\/embed\/7iz0lJLI5L4?feature=oembed\" frameborder=\"0\" allow=\"accelerometer; autoplay; clipboard-write; encrypted-media; gyroscope; picture-in-picture; web-share\" referrerpolicy=\"strict-origin-when-cross-origin\" allowfullscreen><\/iframe>\n<\/div><\/figure>\n<\/div>\n\n\n\n<div class=\"wp-block-column is-layout-flow wp-block-column-is-layout-flow\">\n<figure class=\"wp-block-embed-youtube wp-block-embed is-type-video is-provider-youtube wp-embed-aspect-4-3 wp-has-aspect-ratio wp-embed-aspect-16-9\"><div class=\"wp-block-embed__wrapper\">\n<iframe loading=\"lazy\" title=\"mapas conceptuales y constructivismo pptx\" width=\"618\" height=\"348\" src=\"https:\/\/www.youtube.com\/embed\/a3mMLuTKUPw?feature=oembed\" frameborder=\"0\" allow=\"accelerometer; autoplay; clipboard-write; encrypted-media; gyroscope; picture-in-picture; web-share\" referrerpolicy=\"strict-origin-when-cross-origin\" allowfullscreen><\/iframe>\n<\/div><\/figure>\n\n\n\n<figure class=\"wp-block-embed-youtube wp-block-embed is-type-video is-provider-youtube wp-embed-aspect-16-9 wp-has-aspect-ratio wp-embed-aspect-4-3\"><div class=\"wp-block-embed__wrapper\">\n<iframe loading=\"lazy\" title=\"\u00bfC\u00f3mo utilizar Zotero?\" width=\"618\" height=\"464\" src=\"https:\/\/www.youtube.com\/embed\/MrMdtBEK4K4?feature=oembed\" frameborder=\"0\" allow=\"accelerometer; autoplay; clipboard-write; encrypted-media; gyroscope; picture-in-picture; web-share\" referrerpolicy=\"strict-origin-when-cross-origin\" allowfullscreen><\/iframe>\n<\/div><\/figure>\n<\/div>\n<\/div>\n","protected":false},"excerpt":{"rendered":"<p>Coronavirus: Gu\u00edas ciudadanas Videos acad\u00e9micos Videos acad\u00e9micos externos Videos tutoriales https:\/\/www.youtube.com\/watch?v=jbvxGJdFYdw&#038;feature=emb_logo<\/p>\n","protected":false},"author":1012,"featured_media":0,"parent":0,"menu_order":0,"comment_status":"closed","ping_status":"closed","template":"","meta":{"_acf_changed":false,"footnotes":""},"class_list":["post-518","page","type-page","status-publish",""],"acf":[],"_links":{"self":[{"href":"https:\/\/carreras.uleam.edu.ec\/cimedicina\/wp-json\/wp\/v2\/pages\/518","targetHints":{"allow":["GET"]}}],"collection":[{"href":"https:\/\/carreras.uleam.edu.ec\/cimedicina\/wp-json\/wp\/v2\/pages"}],"about":[{"href":"https:\/\/carreras.uleam.edu.ec\/cimedicina\/wp-json\/wp\/v2\/types\/page"}],"author":[{"embeddable":true,"href":"https:\/\/carreras.uleam.edu.ec\/cimedicina\/wp-json\/wp\/v2\/users\/1012"}],"replies":[{"embeddable":true,"href":"https:\/\/carreras.uleam.edu.ec\/cimedicina\/wp-json\/wp\/v2\/comments?post=518"}],"version-history":[{"count":12,"href":"https:\/\/carreras.uleam.edu.ec\/cimedicina\/wp-json\/wp\/v2\/pages\/518\/revisions"}],"predecessor-version":[{"id":533,"href":"https:\/\/carreras.uleam.edu.ec\/cimedicina\/wp-json\/wp\/v2\/pages\/518\/revisions\/533"}],"wp:attachment":[{"href":"https:\/\/carreras.uleam.edu.ec\/cimedicina\/wp-json\/wp\/v2\/media?parent=518"}],"curies":[{"name":"wp","href":"https:\/\/api.w.org\/{rel}","templated":true}]}}