{"id":1385,"date":"2025-05-14T17:49:27","date_gmt":"2025-05-14T22:49:27","guid":{"rendered":"https:\/\/carreras.uleam.edu.ec\/congreso-internacional-trabajo-social-anuatse\/?page_id=1385"},"modified":"2025-05-14T18:03:14","modified_gmt":"2025-05-14T23:03:14","slug":"ejes-tematicos","status":"publish","type":"page","link":"https:\/\/carreras.uleam.edu.ec\/congreso-internacional-trabajo-social-anuatse\/ejes-tematicos\/","title":{"rendered":"Ejes Tem\u00e1ticos"},"content":{"rendered":"\n<div data-wp-interactive=\"core\/file\" class=\"wp-block-file\"><object data-wp-bind--hidden=\"!state.hasPdfPreview\" hidden class=\"wp-block-file__embed\" data=\"https:\/\/carreras.uleam.edu.ec\/congreso-internacional-trabajo-social-anuatse\/wp-content\/uploads\/sites\/98\/2025\/05\/BROSHURE-UNEMI-CONGRESO_ejes-tematicos.pdf\" type=\"application\/pdf\" style=\"width:100%;height:600px\" aria-label=\"Incrustado de BROSHURE-UNEMI-CONGRESO_ejes tematicos.\"><\/object><a id=\"wp-block-file--media-da088925-c24d-4551-b27e-e36323965977\" href=\"https:\/\/carreras.uleam.edu.ec\/congreso-internacional-trabajo-social-anuatse\/wp-content\/uploads\/sites\/98\/2025\/05\/BROSHURE-UNEMI-CONGRESO_ejes-tematicos.pdf\">BROSHURE-UNEMI-CONGRESO_ejes tematicos<\/a><a href=\"https:\/\/carreras.uleam.edu.ec\/congreso-internacional-trabajo-social-anuatse\/wp-content\/uploads\/sites\/98\/2025\/05\/BROSHURE-UNEMI-CONGRESO_ejes-tematicos.pdf\" class=\"wp-block-file__button wp-element-button\" download aria-describedby=\"wp-block-file--media-da088925-c24d-4551-b27e-e36323965977\">Descarga<\/a><\/div>\n\n\n\n<p><strong>Aportes desde el \u00e1rea de la educaci\u00f3n al fortalecimiento de la solidaridad intergeneracional:<\/strong><\/p>\n\n\n\n<p>Intervenci\u00f3n profesional en unidades educativas<br>urbanas y rurales<br>Mediaci\u00f3n escolar, estrategias educativas para<br>prevenir y atender riesgos psicosociales<br>Educaci\u00f3n Intercultural Biling\u00fce, educaci\u00f3n media<br>y educaci\u00f3n superior<br>Educaci\u00f3n formal y no formal<br>Pol\u00edticas sociales en educaci\u00f3n<\/p>\n\n\n\n<p><strong>Aportes desde el \u00e1rea de la rehabilitaci\u00f3n social al fortalecimiento de la solidaridad intergeneracional:<\/strong><\/p>\n\n\n\n<p>Intervenci\u00f3n profesional en centros de<br>rehabilitaci\u00f3n social<br>Estado, crimen organizado, narcotr\u00e1fico, poder y<br>control social<br>J\u00f3venes infractores, pandillas y mafias<br>Criminalizaci\u00f3n de la protesta social<br>Pol\u00edticas sociales en rehabilitaci\u00f3n social<\/p>\n\n\n\n<p><strong>Aportes desde el \u00e1rea de la protecci\u00f3n social (NNA) al fortalecimiento de la solidaridad intergeneracional:<\/strong><\/p>\n\n\n\n<p>Intervenci\u00f3n profesional en centros de desarrollo infantil<br>Primera infancia, cambios en la adolescencia<br>Prevenci\u00f3n y medidas de protecci\u00f3n contra la violencia<br>a NNA<br>Pol\u00edticas sociales en protecci\u00f3n social de ni\u00f1os, ni\u00f1as y<br>adolescentes<\/p>\n\n\n\n<p><strong>Aportes desde el \u00e1rea de la protecci\u00f3n social (PAM) al fortalecimiento de la solidaridad intergeneracional:<\/strong><\/p>\n\n\n\n<p>Intervenci\u00f3n profesional en centros de atenci\u00f3n y cuidado<br>a personas adultas mayores<br>Envejecimiento activo y positivo<br>Personas adultas mayores en contextos de pueblos y<br>nacionalidades ind\u00edgenas.<br>Pol\u00edticas sociales en protecci\u00f3n social a personas adultas<br>mayores<\/p>\n\n\n\n<p><strong>Aportes desde el \u00e1rea de discapacidades al fortalecimiento de la solidaridad intergeneracional:<\/strong><\/p>\n\n\n\n<p>Intervenci\u00f3n profesional en centros de atenci\u00f3n y cuidado<br>a personas con situaci\u00f3n de discapacidad<br>Diversidades y discapacidades<br>Cuidado al cuidador<\/p>\n\n\n\n<p><strong>Aportes desde el \u00e1rea de la de la movilidad humana al fortalecimiento de la solidaridad intergeneracional:<\/strong><\/p>\n\n\n\n<p>Movilidad interna, desplazamientos forzados<br>Di\u00e1sporas racializadas<br>Migrantes y migraciones<\/p>\n\n\n\n<p><strong>Aportes desde el \u00e1rea de las violencias al fortalecimiento de la solidaridad intergeneracional:<\/strong><\/p>\n\n\n\n<p>De g\u00e9nero<br>Maltrato infantil<br>Invisibilizaci\u00f3n de la violencia<br>Rutas de prevenci\u00f3n de violencia<br>Acoso sexual, acoso sexual en el trabajo<\/p>\n\n\n\n<p><strong>Aportes desde el \u00e1rea socioambiental al fortalecimiento de la solidaridad intergeneracional:<\/strong><\/p>\n\n\n\n<p>Estudios territoriales intergeneracionales<br>La econom\u00eda de materiales<br>Conflictos socioambientales en zonas extractivas<\/p>\n\n\n\n<p><strong>Aportes desde el \u00e1rea del desarrollo local al fortalecimiento de la solidaridad intergeneracional:<\/strong><\/p>\n\n\n\n<p>Intervenci\u00f3n territorial y\/o comunitaria<br>Alternativas al desarrollo<br>Organizaci\u00f3n territorial<\/p>\n\n\n\n<p><strong>Aportes desde el \u00e1rea de luchas colectivas al fortalecimiento de la solidaridad intergeneracional:<\/strong><\/p>\n\n\n\n<p>Construcci\u00f3n de memoria hist\u00f3rica y luchas de<br>reivindicaci\u00f3n<br>Procesos de organizaci\u00f3n<br>Defensa de Derechos<\/p>\n\n\n\n<p><strong>Aportes desde el \u00e1rea de la salud al fortalecimiento de la solidaridad intergeneracional:<\/strong><\/p>\n\n\n\n<p>Intervenci\u00f3n profesional en servicios de atenci\u00f3n primaria<br>de salud, hospitales y centros especializados<br>Enfermedades cr\u00f3nicas, raras, hu\u00e9rfanas y\/o catastr\u00f3ficas<br>Enfermedades de salud mental<br>Programas de prevenci\u00f3n y atenci\u00f3n de consumo de drogas,<br>alcohol, estupefacientes, etc<br>Pol\u00edticas sociales en salud<\/p>\n","protected":false},"excerpt":{"rendered":"<p>Aportes desde el \u00e1rea de la educaci\u00f3n al fortalecimiento de la solidaridad intergeneracional: Intervenci\u00f3n profesional en unidades educativasurbanas y ruralesMediaci\u00f3n escolar, estrategias educativas paraprevenir y atender riesgos psicosocialesEducaci\u00f3n Intercultural Biling\u00fce, educaci\u00f3n mediay educaci\u00f3n superiorEducaci\u00f3n formal y no formalPol\u00edticas sociales en educaci\u00f3n Aportes desde el \u00e1rea de la rehabilitaci\u00f3n social al fortalecimiento de la solidaridad intergeneracional: [&hellip;]<\/p>\n","protected":false},"author":7,"featured_media":0,"parent":0,"menu_order":0,"comment_status":"closed","ping_status":"closed","template":"","meta":{"_acf_changed":false,"footnotes":""},"class_list":["post-1385","page","type-page","status-publish","hentry"],"acf":[],"_links":{"self":[{"href":"https:\/\/carreras.uleam.edu.ec\/congreso-internacional-trabajo-social-anuatse\/wp-json\/wp\/v2\/pages\/1385","targetHints":{"allow":["GET"]}}],"collection":[{"href":"https:\/\/carreras.uleam.edu.ec\/congreso-internacional-trabajo-social-anuatse\/wp-json\/wp\/v2\/pages"}],"about":[{"href":"https:\/\/carreras.uleam.edu.ec\/congreso-internacional-trabajo-social-anuatse\/wp-json\/wp\/v2\/types\/page"}],"author":[{"embeddable":true,"href":"https:\/\/carreras.uleam.edu.ec\/congreso-internacional-trabajo-social-anuatse\/wp-json\/wp\/v2\/users\/7"}],"replies":[{"embeddable":true,"href":"https:\/\/carreras.uleam.edu.ec\/congreso-internacional-trabajo-social-anuatse\/wp-json\/wp\/v2\/comments?post=1385"}],"version-history":[{"count":3,"href":"https:\/\/carreras.uleam.edu.ec\/congreso-internacional-trabajo-social-anuatse\/wp-json\/wp\/v2\/pages\/1385\/revisions"}],"predecessor-version":[{"id":1402,"href":"https:\/\/carreras.uleam.edu.ec\/congreso-internacional-trabajo-social-anuatse\/wp-json\/wp\/v2\/pages\/1385\/revisions\/1402"}],"wp:attachment":[{"href":"https:\/\/carreras.uleam.edu.ec\/congreso-internacional-trabajo-social-anuatse\/wp-json\/wp\/v2\/media?parent=1385"}],"curies":[{"name":"wp","href":"https:\/\/api.w.org\/{rel}","templated":true}]}}