{"id":270,"date":"2024-02-20T15:49:08","date_gmt":"2024-02-20T14:49:08","guid":{"rendered":"https:\/\/carreras.uleam.edu.ec\/derecho\/?page_id=270"},"modified":"2025-01-30T16:30:49","modified_gmt":"2025-01-30T21:30:49","slug":"bienvenido-a-la-carrera-de-derecho","status":"publish","type":"page","link":"https:\/\/carreras.uleam.edu.ec\/derecho\/","title":{"rendered":"Bienvenido a la carrera de Derecho"},"content":{"rendered":"\n<div class=\"wp-block-columns is-layout-flex wp-container-core-columns-is-layout-9d6595d7 wp-block-columns-is-layout-flex\">\n<div class=\"wp-block-column is-layout-flow wp-block-column-is-layout-flow\" style=\"flex-basis:50%\">\n<figure class=\"wp-block-video aligncenter\"><video height=\"480\" style=\"aspect-ratio: 854 \/ 480;\" width=\"854\" autoplay controls loop src=\"http:\/\/carreras.uleam.edu.ec\/derecho\/wp-content\/uploads\/sites\/90\/2024\/02\/SPOT-DERCHO-1.mp4\"><\/video><\/figure>\n<\/div>\n\n\n\n<div class=\"wp-block-column is-layout-flow wp-block-column-is-layout-flow\" style=\"flex-basis:33.3%\">\n<div class=\"wp-block-media-text is-stacked-on-mobile is-vertically-aligned-center\" style=\"grid-template-columns:30% auto\"><figure class=\"wp-block-media-text__media\"><a href=\"https:\/\/carreras.uleam.edu.ec\/derecho\/2024\/02\/20\/talento-humano-de-la-carrera\/\" target=\"_blank\" rel=\"noreferrer noopener\"><img loading=\"lazy\" decoding=\"async\" width=\"640\" height=\"640\" src=\"http:\/\/carreras.uleam.edu.ec\/derecho\/wp-content\/uploads\/sites\/90\/2024\/02\/reclutamiento.gif\" alt=\"\" class=\"wp-image-98 size-full\" \/><\/a><\/figure><div class=\"wp-block-media-text__content\">\n<p class=\"has-black-color has-text-color has-medium-font-size\"><a href=\"https:\/\/carreras.uleam.edu.ec\/derecho\/2024\/02\/20\/talento-humano-de-la-carrera\/\" target=\"_blank\" rel=\"noreferrer noopener\">Talento Humano<\/a><\/p>\n<\/div><\/div>\n\n\n\n<hr class=\"wp-block-separator has-alpha-channel-opacity\" \/>\n\n\n\n<div class=\"wp-block-media-text is-stacked-on-mobile\" style=\"grid-template-columns:30% auto\"><figure class=\"wp-block-media-text__media\"><a href=\"https:\/\/carreras.uleam.edu.ec\/derecho\/2024\/02\/16\/servicios\/\" target=\"_blank\" rel=\"noreferrer noopener\"><img loading=\"lazy\" decoding=\"async\" width=\"640\" height=\"640\" src=\"http:\/\/carreras.uleam.edu.ec\/derecho\/wp-content\/uploads\/sites\/90\/2024\/02\/servicio-al-cliente.gif\" alt=\"\" class=\"wp-image-102 size-full\" \/><\/a><\/figure><div class=\"wp-block-media-text__content\">\n<p class=\"has-black-color has-text-color has-medium-font-size\"><a href=\"https:\/\/carreras.uleam.edu.ec\/derecho\/2024\/02\/16\/servicios\/\" target=\"_blank\" rel=\"noreferrer noopener\">Servicios<\/a><\/p>\n<\/div><\/div>\n\n\n\n<hr class=\"wp-block-separator has-alpha-channel-opacity\" \/>\n\n\n\n<div class=\"wp-block-media-text is-stacked-on-mobile\" style=\"grid-template-columns:30% auto\"><figure class=\"wp-block-media-text__media\"><a href=\"https:\/\/carreras.uleam.edu.ec\/derecho\/2024\/02\/23\/areas-academicas\/\" target=\"_blank\" rel=\"noreferrer noopener\"><img loading=\"lazy\" decoding=\"async\" width=\"640\" height=\"640\" src=\"http:\/\/carreras.uleam.edu.ec\/derecho\/wp-content\/uploads\/sites\/90\/2024\/02\/colegio.gif\" alt=\"\" class=\"wp-image-219 size-full\" \/><\/a><\/figure><div class=\"wp-block-media-text__content\">\n<p class=\"has-black-color has-text-color has-medium-font-size\"><a href=\"https:\/\/carreras.uleam.edu.ec\/derecho\/2024\/02\/23\/areas-academicas\/\" target=\"_blank\" rel=\"noreferrer noopener\">\u00c1reas Acad\u00e9micas<\/a><\/p>\n<\/div><\/div>\n\n\n\n<hr class=\"wp-block-separator has-alpha-channel-opacity\" \/>\n\n\n\n<div class=\"wp-block-media-text is-stacked-on-mobile\" style=\"grid-template-columns:30% auto\"><figure class=\"wp-block-media-text__media\"><a href=\"https:\/\/carreras.uleam.edu.ec\/derecho\/2024\/02\/24\/salas-ludicas\/\" target=\"_blank\" rel=\"noreferrer noopener\"><img loading=\"lazy\" decoding=\"async\" width=\"640\" height=\"640\" src=\"http:\/\/carreras.uleam.edu.ec\/derecho\/wp-content\/uploads\/sites\/90\/2024\/02\/sala-de-conferencias.gif\" alt=\"\" class=\"wp-image-226 size-full\" \/><\/a><\/figure><div class=\"wp-block-media-text__content\">\n<p class=\"has-black-color has-text-color has-medium-font-size\"><a href=\"https:\/\/carreras.uleam.edu.ec\/derecho\/2024\/02\/24\/salas-ludicas\/\" target=\"_blank\" rel=\"noreferrer noopener\">Salas L\u00fadicas y Simulaci\u00f3n<\/a><\/p>\n<\/div><\/div>\n<\/div>\n\n\n\n<div class=\"wp-block-column is-layout-flow wp-block-column-is-layout-flow\" style=\"flex-basis:33.33%\">\n<div class=\"wp-block-media-text is-stacked-on-mobile\" style=\"grid-template-columns:30% auto\"><figure class=\"wp-block-media-text__media\"><a href=\"https:\/\/carreras.uleam.edu.ec\/derecho\/2024\/02\/16\/informacion-de-la-carrera-de-derecho\/\" target=\"_blank\" rel=\"noreferrer noopener\"><img loading=\"lazy\" decoding=\"async\" width=\"640\" height=\"640\" src=\"http:\/\/carreras.uleam.edu.ec\/derecho\/wp-content\/uploads\/sites\/90\/2024\/02\/informacion.gif\" alt=\"\" class=\"wp-image-100 size-full\" \/><\/a><\/figure><div class=\"wp-block-media-text__content\">\n<p class=\"has-black-color has-text-color has-medium-font-size\"><a href=\"https:\/\/carreras.uleam.edu.ec\/derecho\/2024\/02\/16\/informacion-de-la-carrera-de-derecho\/\" target=\"_blank\" rel=\"noreferrer noopener\">Informaci\u00f3n de la Carrera<\/a><\/p>\n<\/div><\/div>\n\n\n\n<hr class=\"wp-block-separator has-alpha-channel-opacity\" \/>\n\n\n\n<div class=\"wp-block-media-text is-stacked-on-mobile is-vertically-aligned-center\" style=\"grid-template-columns:30% auto\"><figure class=\"wp-block-media-text__media\"><a href=\"https:\/\/carreras.uleam.edu.ec\/derecho\/2024\/02\/24\/normativas\/\" target=\"_blank\" rel=\"noreferrer noopener\"><img loading=\"lazy\" decoding=\"async\" width=\"640\" height=\"640\" src=\"http:\/\/carreras.uleam.edu.ec\/derecho\/wp-content\/uploads\/sites\/90\/2024\/02\/documento.gif\" alt=\"\" class=\"wp-image-99 size-full\" \/><\/a><\/figure><div class=\"wp-block-media-text__content\">\n<p class=\"has-black-color has-text-color has-medium-font-size\"><a href=\"https:\/\/carreras.uleam.edu.ec\/derecho\/2024\/02\/24\/normativas\/\" target=\"_blank\" rel=\"noreferrer noopener\">Normativas y Documentos<\/a><\/p>\n<\/div><\/div>\n\n\n\n<hr class=\"wp-block-separator has-alpha-channel-opacity\" \/>\n\n\n\n<div class=\"wp-block-media-text is-vertically-aligned-center\" style=\"grid-template-columns:30% auto\"><figure class=\"wp-block-media-text__media\"><a href=\"https:\/\/carreras.uleam.edu.ec\/derecho\/2024\/02\/24\/medios\/\" target=\"_blank\" rel=\"noreferrer noopener\"><img loading=\"lazy\" decoding=\"async\" width=\"640\" height=\"640\" src=\"http:\/\/carreras.uleam.edu.ec\/derecho\/wp-content\/uploads\/sites\/90\/2024\/02\/video.gif\" alt=\"\" class=\"wp-image-101 size-full\" \/><\/a><\/figure><div class=\"wp-block-media-text__content\">\n<p class=\"has-black-color has-text-color has-medium-font-size\"><a href=\"https:\/\/carreras.uleam.edu.ec\/derecho\/2024\/02\/24\/medios\/\" target=\"_blank\" rel=\"noreferrer noopener\">Medios<\/a><\/p>\n<\/div><\/div>\n\n\n\n<hr class=\"wp-block-separator has-alpha-channel-opacity\" \/>\n\n\n\n<div class=\"wp-block-media-text is-stacked-on-mobile\" style=\"grid-template-columns:30% auto\"><figure class=\"wp-block-media-text__media\"><a href=\"https:\/\/carreras.uleam.edu.ec\/derecho\/2024\/02\/24\/noticias\/\" target=\"_blank\" rel=\"noreferrer noopener\"><img loading=\"lazy\" decoding=\"async\" width=\"640\" height=\"640\" src=\"http:\/\/carreras.uleam.edu.ec\/derecho\/wp-content\/uploads\/sites\/90\/2024\/02\/noticias.gif\" alt=\"\" class=\"wp-image-103 size-full\" \/><\/a><\/figure><div class=\"wp-block-media-text__content\">\n<p class=\"has-black-color has-text-color has-medium-font-size\"><a href=\"https:\/\/carreras.uleam.edu.ec\/derecho\/2024\/02\/24\/noticias\/\" target=\"_blank\" rel=\"noreferrer noopener\">Noticias<\/a><\/p>\n<\/div><\/div>\n<\/div>\n<\/div>\n\n\n\n<hr class=\"wp-block-separator has-alpha-channel-opacity\" \/>\n","protected":false},"excerpt":{"rendered":"<p>Talento Humano Servicios \u00c1reas Acad\u00e9micas Salas L\u00fadicas y Simulaci\u00f3n Informaci\u00f3n de la Carrera Normativas y Documentos Medios Noticias<\/p>\n","protected":false},"author":102,"featured_media":0,"parent":0,"menu_order":0,"comment_status":"closed","ping_status":"closed","template":"","meta":{"_acf_changed":false,"_regular_price":[],"currency_symbol":[],"footnotes":""},"class_list":["post-270","page","type-page","status-publish","hentry"],"acf":[],"post_slider_layout_featured_media_urls":{"thumbnail":"","post_slider_layout_landscape_large":"","post_slider_layout_portrait_large":"","post_slider_layout_square_large":"","post_slider_layout_landscape":"","post_slider_layout_portrait":"","post_slider_layout_square":"","full":""},"_links":{"self":[{"href":"https:\/\/carreras.uleam.edu.ec\/derecho\/wp-json\/wp\/v2\/pages\/270","targetHints":{"allow":["GET"]}}],"collection":[{"href":"https:\/\/carreras.uleam.edu.ec\/derecho\/wp-json\/wp\/v2\/pages"}],"about":[{"href":"https:\/\/carreras.uleam.edu.ec\/derecho\/wp-json\/wp\/v2\/types\/page"}],"author":[{"embeddable":true,"href":"https:\/\/carreras.uleam.edu.ec\/derecho\/wp-json\/wp\/v2\/users\/102"}],"replies":[{"embeddable":true,"href":"https:\/\/carreras.uleam.edu.ec\/derecho\/wp-json\/wp\/v2\/comments?post=270"}],"version-history":[{"count":13,"href":"https:\/\/carreras.uleam.edu.ec\/derecho\/wp-json\/wp\/v2\/pages\/270\/revisions"}],"predecessor-version":[{"id":844,"href":"https:\/\/carreras.uleam.edu.ec\/derecho\/wp-json\/wp\/v2\/pages\/270\/revisions\/844"}],"wp:attachment":[{"href":"https:\/\/carreras.uleam.edu.ec\/derecho\/wp-json\/wp\/v2\/media?parent=270"}],"curies":[{"name":"wp","href":"https:\/\/api.w.org\/{rel}","templated":true}]}}