{"id":23,"date":"2020-02-07T18:16:43","date_gmt":"2020-02-07T17:16:43","guid":{"rendered":"https:\/\/carreras.uleam.edu.ec\/economia-ciespo\/?page_id=23"},"modified":"2020-02-12T18:54:46","modified_gmt":"2020-02-12T17:54:46","slug":"autoridades","status":"publish","type":"page","link":"https:\/\/carreras.uleam.edu.ec\/economia-ciespo\/autoridades\/","title":{"rendered":"Autoridades"},"content":{"rendered":"\n<figure class=\"wp-block-pullquote\" style=\"border-color:#00d084\"><blockquote><p><img loading=\"lazy\" decoding=\"async\" width=\"4032\" height=\"3024\" class=\"wp-image-87\" style=\"width: 350px\" src=\"https:\/\/carreras.uleam.edu.ec\/economia-ciespo\/wp-content\/uploads\/sites\/61\/2020\/02\/B612_20200211_160306_402.jpg\" alt=\"\" srcset=\"https:\/\/carreras.uleam.edu.ec\/economia-ciespo\/wp-content\/uploads\/sites\/61\/2020\/02\/B612_20200211_160306_402.jpg 4032w, https:\/\/carreras.uleam.edu.ec\/economia-ciespo\/wp-content\/uploads\/sites\/61\/2020\/02\/B612_20200211_160306_402-300x225.jpg 300w, https:\/\/carreras.uleam.edu.ec\/economia-ciespo\/wp-content\/uploads\/sites\/61\/2020\/02\/B612_20200211_160306_402-768x576.jpg 768w, https:\/\/carreras.uleam.edu.ec\/economia-ciespo\/wp-content\/uploads\/sites\/61\/2020\/02\/B612_20200211_160306_402-1024x768.jpg 1024w\" sizes=\"auto, (max-width: 4032px) 100vw, 4032px\" \/><\/p><cite><em>Dr. Presley Loor Mu\u00f1oz Mg.<\/em><br><strong><em>PRESIDENTE<\/em><\/strong><br>presley.loor@uleam.edu.ec<\/cite><\/blockquote><\/figure>\n\n\n\n<figure class=\"wp-block-pullquote\" style=\"border-color:#00d084\"><blockquote><p><img loading=\"lazy\" decoding=\"async\" width=\"577\" height=\"500\" class=\"wp-image-59\" style=\"width: 350px\" src=\"https:\/\/carreras.uleam.edu.ec\/economia-ciespo\/wp-content\/uploads\/sites\/61\/2020\/02\/Decano-Econom\u00eda.png\" alt=\"\" srcset=\"https:\/\/carreras.uleam.edu.ec\/economia-ciespo\/wp-content\/uploads\/sites\/61\/2020\/02\/Decano-Econom\u00eda.png 577w, https:\/\/carreras.uleam.edu.ec\/economia-ciespo\/wp-content\/uploads\/sites\/61\/2020\/02\/Decano-Econom\u00eda-300x260.png 300w\" sizes=\"auto, (max-width: 577px) 100vw, 577px\" \/><\/p><cite><em>Ec. Fabi\u00e1n S\u00e1nchez Ramos PhD.<\/em><br><strong><em>DIRECTOR EJECUTIVO<\/em><\/strong><br>fabian.sanchez@uleam.edu.ec<br><\/cite><\/blockquote><\/figure>\n\n\n\n<figure class=\"wp-block-pullquote\" style=\"border-color:#00d084\"><blockquote><p><img loading=\"lazy\" decoding=\"async\" width=\"4032\" height=\"3024\" class=\"wp-image-88\" style=\"width: 350px\" src=\"https:\/\/carreras.uleam.edu.ec\/economia-ciespo\/wp-content\/uploads\/sites\/61\/2020\/02\/B612_20200211_162125_990.jpg\" alt=\"\" srcset=\"https:\/\/carreras.uleam.edu.ec\/economia-ciespo\/wp-content\/uploads\/sites\/61\/2020\/02\/B612_20200211_162125_990.jpg 4032w, https:\/\/carreras.uleam.edu.ec\/economia-ciespo\/wp-content\/uploads\/sites\/61\/2020\/02\/B612_20200211_162125_990-300x225.jpg 300w, https:\/\/carreras.uleam.edu.ec\/economia-ciespo\/wp-content\/uploads\/sites\/61\/2020\/02\/B612_20200211_162125_990-768x576.jpg 768w, https:\/\/carreras.uleam.edu.ec\/economia-ciespo\/wp-content\/uploads\/sites\/61\/2020\/02\/B612_20200211_162125_990-1024x768.jpg 1024w\" sizes=\"auto, (max-width: 4032px) 100vw, 4032px\" \/><\/p><cite><em>Lic. Maria Cecilia Moreira Mg.<\/em><br><strong><em>DELEGADA DEL DECANO<\/em><\/strong><br>maria.moreira@uleam.edu.ec<\/cite><\/blockquote><\/figure>\n\n\n\n<figure class=\"wp-block-pullquote\" style=\"border-color:#00d084\"><blockquote><p><img loading=\"lazy\" decoding=\"async\" width=\"4032\" height=\"3024\" class=\"wp-image-105\" style=\"width: 350px\" src=\"https:\/\/carreras.uleam.edu.ec\/economia-ciespo\/wp-content\/uploads\/sites\/61\/2020\/02\/20200212_092837.jpg\" alt=\"\" srcset=\"https:\/\/carreras.uleam.edu.ec\/economia-ciespo\/wp-content\/uploads\/sites\/61\/2020\/02\/20200212_092837.jpg 4032w, https:\/\/carreras.uleam.edu.ec\/economia-ciespo\/wp-content\/uploads\/sites\/61\/2020\/02\/20200212_092837-300x225.jpg 300w, https:\/\/carreras.uleam.edu.ec\/economia-ciespo\/wp-content\/uploads\/sites\/61\/2020\/02\/20200212_092837-768x576.jpg 768w, https:\/\/carreras.uleam.edu.ec\/economia-ciespo\/wp-content\/uploads\/sites\/61\/2020\/02\/20200212_092837-1024x768.jpg 1024w\" sizes=\"auto, (max-width: 4032px) 100vw, 4032px\" \/><\/p><cite><em>Ing. David Mor\u00e1n G\u00f3nzales MBA.<\/em><br><strong><em>DELEGADO DEL RECTOR<\/em><\/strong><br>david.moran@uleam.edu.ec<\/cite><\/blockquote><\/figure>\n\n\n\n<figure class=\"wp-block-pullquote\" style=\"border-color:#00d084\"><blockquote><p><img loading=\"lazy\" decoding=\"async\" width=\"4032\" height=\"3024\" class=\"wp-image-86\" style=\"width: 350px\" src=\"https:\/\/carreras.uleam.edu.ec\/economia-ciespo\/wp-content\/uploads\/sites\/61\/2020\/02\/B612_20200211_162025_917.jpg\" alt=\"\" srcset=\"https:\/\/carreras.uleam.edu.ec\/economia-ciespo\/wp-content\/uploads\/sites\/61\/2020\/02\/B612_20200211_162025_917.jpg 4032w, https:\/\/carreras.uleam.edu.ec\/economia-ciespo\/wp-content\/uploads\/sites\/61\/2020\/02\/B612_20200211_162025_917-300x225.jpg 300w, https:\/\/carreras.uleam.edu.ec\/economia-ciespo\/wp-content\/uploads\/sites\/61\/2020\/02\/B612_20200211_162025_917-768x576.jpg 768w, https:\/\/carreras.uleam.edu.ec\/economia-ciespo\/wp-content\/uploads\/sites\/61\/2020\/02\/B612_20200211_162025_917-1024x768.jpg 1024w\" sizes=\"auto, (max-width: 4032px) 100vw, 4032px\" \/><\/p><cite><em>Abg. Juan Carlos Anchundia R. Mg.<\/em><br><strong><em>SECRETARIO AD-HOC<\/em><\/strong><br>juan.anchundia@uleam.edu.ec<\/cite><\/blockquote><\/figure>\n\n\n\n<p style=\"text-align:center\"><\/p>\n","protected":false},"excerpt":{"rendered":"<p>Dr. Presley Loor Mu\u00f1oz Mg.PRESIDENTEpresley.loor@uleam.edu.ec Ec. Fabi\u00e1n S\u00e1nchez Ramos PhD.DIRECTOR EJECUTIVOfabian.sanchez@uleam.edu.ec Lic. Maria Cecilia Moreira Mg.DELEGADA DEL DECANOmaria.moreira@uleam.edu.ec Ing. David Mor\u00e1n G\u00f3nzales MBA.DELEGADO DEL RECTORdavid.moran@uleam.edu.ec Abg. Juan Carlos Anchundia R. Mg.SECRETARIO AD-HOCjuan.anchundia@uleam.edu.ec<\/p>\n","protected":false},"author":1006,"featured_media":0,"parent":0,"menu_order":0,"comment_status":"closed","ping_status":"closed","template":"","meta":{"_acf_changed":false,"footnotes":""},"class_list":["post-23","page","type-page","status-publish","hentry"],"acf":[],"_links":{"self":[{"href":"https:\/\/carreras.uleam.edu.ec\/economia-ciespo\/wp-json\/wp\/v2\/pages\/23","targetHints":{"allow":["GET"]}}],"collection":[{"href":"https:\/\/carreras.uleam.edu.ec\/economia-ciespo\/wp-json\/wp\/v2\/pages"}],"about":[{"href":"https:\/\/carreras.uleam.edu.ec\/economia-ciespo\/wp-json\/wp\/v2\/types\/page"}],"author":[{"embeddable":true,"href":"https:\/\/carreras.uleam.edu.ec\/economia-ciespo\/wp-json\/wp\/v2\/users\/1006"}],"replies":[{"embeddable":true,"href":"https:\/\/carreras.uleam.edu.ec\/economia-ciespo\/wp-json\/wp\/v2\/comments?post=23"}],"version-history":[{"count":15,"href":"https:\/\/carreras.uleam.edu.ec\/economia-ciespo\/wp-json\/wp\/v2\/pages\/23\/revisions"}],"predecessor-version":[{"id":114,"href":"https:\/\/carreras.uleam.edu.ec\/economia-ciespo\/wp-json\/wp\/v2\/pages\/23\/revisions\/114"}],"wp:attachment":[{"href":"https:\/\/carreras.uleam.edu.ec\/economia-ciespo\/wp-json\/wp\/v2\/media?parent=23"}],"curies":[{"name":"wp","href":"https:\/\/api.w.org\/{rel}","templated":true}]}}