{"id":24,"date":"2020-02-07T18:16:43","date_gmt":"2020-02-07T17:16:43","guid":{"rendered":"https:\/\/carreras.uleam.edu.ec\/economia-ciespo\/?page_id=24"},"modified":"2020-02-17T14:58:42","modified_gmt":"2020-02-17T13:58:42","slug":"mision-y-vision","status":"publish","type":"page","link":"https:\/\/carreras.uleam.edu.ec\/economia-ciespo\/mision-y-vision\/","title":{"rendered":"Misi\u00f3n y Visi\u00f3n"},"content":{"rendered":"\n<h1 class=\"wp-block-heading\" style=\"text-align:center\">MISI\u00d3N<\/h1>\n\n\n\n<figure class=\"wp-block-pullquote is-style-default\" style=\"border-color:#cf2e2e\"><blockquote class=\"has-text-color has-very-dark-gray-color\"><p><em>El CIESPO es un centro de investigaci\u00f3n interdisciplinario que promueve desde las ciencias<\/em> sociales el fortalecimiento de la investigaci\u00f3n con las funciones de docencia y vinculaci\u00f3n orientadas al desarrollo territorial para brindar alternativas y servicios eficaces a los sectores productivos mediante la generaci\u00f3n del conocimiento.<\/p><\/blockquote><\/figure>\n\n\n\n<h1 class=\"wp-block-heading\" style=\"text-align:center\">VISI\u00d3N<\/h1>\n\n\n\n<figure class=\"wp-block-pullquote\" style=\"border-color:#cf2e2e\"><blockquote class=\"has-text-color has-very-dark-gray-color\"><p><em>Ser un Centro de Investigaci\u00f3n <\/em>que promueva y aporte a las lineas institucionales de investigaci\u00f3n y fomente el desarrollo territorial propiciando proyectos que mejoren el nivel de vida y el desarrollo de la regi\u00f3n y el pa\u00eds.<\/p><\/blockquote><\/figure>\n","protected":false},"excerpt":{"rendered":"<p>MISI\u00d3N El CIESPO es un centro de investigaci\u00f3n interdisciplinario que promueve desde las ciencias sociales el fortalecimiento de la investigaci\u00f3n con las funciones de docencia y vinculaci\u00f3n orientadas al desarrollo territorial para brindar alternativas y servicios eficaces a los sectores [&hellip;]<\/p>\n","protected":false},"author":1006,"featured_media":0,"parent":0,"menu_order":0,"comment_status":"closed","ping_status":"closed","template":"","meta":{"_acf_changed":false,"footnotes":""},"class_list":["post-24","page","type-page","status-publish","hentry"],"acf":[],"_links":{"self":[{"href":"https:\/\/carreras.uleam.edu.ec\/economia-ciespo\/wp-json\/wp\/v2\/pages\/24","targetHints":{"allow":["GET"]}}],"collection":[{"href":"https:\/\/carreras.uleam.edu.ec\/economia-ciespo\/wp-json\/wp\/v2\/pages"}],"about":[{"href":"https:\/\/carreras.uleam.edu.ec\/economia-ciespo\/wp-json\/wp\/v2\/types\/page"}],"author":[{"embeddable":true,"href":"https:\/\/carreras.uleam.edu.ec\/economia-ciespo\/wp-json\/wp\/v2\/users\/1006"}],"replies":[{"embeddable":true,"href":"https:\/\/carreras.uleam.edu.ec\/economia-ciespo\/wp-json\/wp\/v2\/comments?post=24"}],"version-history":[{"count":5,"href":"https:\/\/carreras.uleam.edu.ec\/economia-ciespo\/wp-json\/wp\/v2\/pages\/24\/revisions"}],"predecessor-version":[{"id":123,"href":"https:\/\/carreras.uleam.edu.ec\/economia-ciespo\/wp-json\/wp\/v2\/pages\/24\/revisions\/123"}],"wp:attachment":[{"href":"https:\/\/carreras.uleam.edu.ec\/economia-ciespo\/wp-json\/wp\/v2\/media?parent=24"}],"curies":[{"name":"wp","href":"https:\/\/api.w.org\/{rel}","templated":true}]}}