{"id":10,"date":"2022-09-09T01:50:15","date_gmt":"2022-09-09T01:50:15","guid":{"rendered":"https:\/\/carreras.uleam.edu.ec\/extension-chone\/?page_id=10"},"modified":"2025-03-14T20:44:13","modified_gmt":"2025-03-14T20:44:13","slug":"carrera-de-idiomas-nacionales-y-extranjeros-extension-chone","status":"publish","type":"page","link":"https:\/\/carreras.uleam.edu.ec\/extension-chone\/carrera-de-idiomas-nacionales-y-extranjeros-extension-chone\/","title":{"rendered":"Carrera Pedagog\u00eda de los Idiomas Nacionales y Extranjeros"},"content":{"rendered":"\t\t<div data-elementor-type=\"wp-page\" data-elementor-id=\"10\" class=\"elementor elementor-10\" data-elementor-settings=\"[]\">\n\t\t\t\t\t\t\t<div class=\"elementor-section-wrap\">\n\t\t\t\t\t\t\t<section class=\"elementor-section elementor-top-section elementor-element elementor-element-32eceb2 elementor-section-boxed elementor-section-height-default elementor-section-height-default\" data-id=\"32eceb2\" data-element_type=\"section\">\n\t\t\t\t\t\t<div class=\"elementor-container elementor-column-gap-default\">\n\t\t\t\t\t<div class=\"elementor-column elementor-col-100 elementor-top-column elementor-element elementor-element-73d66fc\" data-id=\"73d66fc\" data-element_type=\"column\">\n\t\t\t<div class=\"elementor-widget-wrap elementor-element-populated\">\n\t\t\t\t\t\t\t\t<div class=\"elementor-element elementor-element-aae967d elementor-tabs-view-horizontal elementor-widget elementor-widget-tabs\" data-id=\"aae967d\" data-element_type=\"widget\" data-widget_type=\"tabs.default\">\n\t\t\t\t<div class=\"elementor-widget-container\">\n\t\t\t\t\t<div class=\"elementor-tabs\">\n\t\t\t<div class=\"elementor-tabs-wrapper\" role=\"tablist\" >\n\t\t\t\t\t\t\t\t\t<div id=\"elementor-tab-title-1791\" class=\"elementor-tab-title elementor-tab-desktop-title\" aria-selected=\"true\" data-tab=\"1\" role=\"tab\" tabindex=\"0\" aria-controls=\"elementor-tab-content-1791\" aria-expanded=\"false\">Bienvenidos<\/div>\n\t\t\t\t\t\t\t\t\t<div id=\"elementor-tab-title-1792\" class=\"elementor-tab-title elementor-tab-desktop-title\" aria-selected=\"false\" data-tab=\"2\" role=\"tab\" tabindex=\"-1\" aria-controls=\"elementor-tab-content-1792\" aria-expanded=\"false\">Misi\u00f3n y Visi\u00f3n<\/div>\n\t\t\t\t\t\t\t\t\t<div id=\"elementor-tab-title-1793\" class=\"elementor-tab-title elementor-tab-desktop-title\" aria-selected=\"false\" data-tab=\"3\" role=\"tab\" tabindex=\"-1\" aria-controls=\"elementor-tab-content-1793\" aria-expanded=\"false\">Descripci\u00f3n General de la Carrera<\/div>\n\t\t\t\t\t\t\t\t\t<div id=\"elementor-tab-title-1794\" class=\"elementor-tab-title elementor-tab-desktop-title\" aria-selected=\"false\" data-tab=\"4\" role=\"tab\" tabindex=\"-1\" aria-controls=\"elementor-tab-content-1794\" aria-expanded=\"false\">Malla Curricular<\/div>\n\t\t\t\t\t\t\t\t\t<div id=\"elementor-tab-title-1795\" class=\"elementor-tab-title elementor-tab-desktop-title\" aria-selected=\"false\" data-tab=\"5\" role=\"tab\" tabindex=\"-1\" aria-controls=\"elementor-tab-content-1795\" aria-expanded=\"false\">Docentes<\/div>\n\t\t\t\t\t\t\t\t\t<div id=\"elementor-tab-title-1796\" class=\"elementor-tab-title elementor-tab-desktop-title\" aria-selected=\"false\" data-tab=\"6\" role=\"tab\" tabindex=\"-1\" aria-controls=\"elementor-tab-content-1796\" aria-expanded=\"false\">Datos Generales<\/div>\n\t\t\t\t\t\t\t\t\t<div id=\"elementor-tab-title-1797\" class=\"elementor-tab-title elementor-tab-desktop-title\" aria-selected=\"false\" data-tab=\"7\" role=\"tab\" tabindex=\"-1\" aria-controls=\"elementor-tab-content-1797\" aria-expanded=\"false\">Gesti\u00f3n y Proceso Estudiantil<\/div>\n\t\t\t\t\t\t\t<\/div>\n\t\t\t<div class=\"elementor-tabs-content-wrapper\" role=\"tablist\" aria-orientation=\"vertical\">\n\t\t\t\t\t\t\t\t\t<div class=\"elementor-tab-title elementor-tab-mobile-title\" aria-selected=\"true\" data-tab=\"1\" role=\"tab\" tabindex=\"0\" aria-controls=\"elementor-tab-content-1791\" aria-expanded=\"false\">Bienvenidos<\/div>\n\t\t\t\t\t<div id=\"elementor-tab-content-1791\" class=\"elementor-tab-content elementor-clearfix\" data-tab=\"1\" role=\"tabpanel\" aria-labelledby=\"elementor-tab-title-1791\" tabindex=\"0\" hidden=\"false\"><p><a href=\"https:\/\/carreras.uleam.edu.ec\/extension-chone\/wp-content\/uploads\/sites\/78\/2025\/03\/BIENVENIDOS-IBGLES.png\" target=\"_blank\" rel=\"noopener\"><img loading=\"lazy\" decoding=\"async\" class=\"alignnone wp-image-1131 size-large\" src=\"https:\/\/carreras.uleam.edu.ec\/extension-chone\/wp-content\/uploads\/sites\/78\/2025\/03\/BIENVENIDOS-IBGLES-1024x782.png\" alt=\"\" width=\"1024\" height=\"782\" srcset=\"https:\/\/carreras.uleam.edu.ec\/extension-chone\/wp-content\/uploads\/sites\/78\/2025\/03\/BIENVENIDOS-IBGLES-1024x782.png 1024w, https:\/\/carreras.uleam.edu.ec\/extension-chone\/wp-content\/uploads\/sites\/78\/2025\/03\/BIENVENIDOS-IBGLES-300x229.png 300w, https:\/\/carreras.uleam.edu.ec\/extension-chone\/wp-content\/uploads\/sites\/78\/2025\/03\/BIENVENIDOS-IBGLES-768x586.png 768w, https:\/\/carreras.uleam.edu.ec\/extension-chone\/wp-content\/uploads\/sites\/78\/2025\/03\/BIENVENIDOS-IBGLES-1536x1173.png 1536w, https:\/\/carreras.uleam.edu.ec\/extension-chone\/wp-content\/uploads\/sites\/78\/2025\/03\/BIENVENIDOS-IBGLES-2048x1564.png 2048w\" sizes=\"auto, (max-width: 1024px) 100vw, 1024px\" \/><\/a><\/p><\/div>\n\t\t\t\t\t\t\t\t\t<div class=\"elementor-tab-title elementor-tab-mobile-title\" aria-selected=\"false\" data-tab=\"2\" role=\"tab\" tabindex=\"-1\" aria-controls=\"elementor-tab-content-1792\" aria-expanded=\"false\">Misi\u00f3n y Visi\u00f3n<\/div>\n\t\t\t\t\t<div id=\"elementor-tab-content-1792\" class=\"elementor-tab-content elementor-clearfix\" data-tab=\"2\" role=\"tabpanel\" aria-labelledby=\"elementor-tab-title-1792\" tabindex=\"0\" hidden=\"hidden\"><p style=\"text-align: justify\"><span style=\"text-decoration: underline\">MISI\u00d3N:<\/span><\/p><p style=\"text-align: justify\">Formar profesionales competentes en la ense\u00f1anza del ingl\u00e9s para hablantes de otras lenguas, con un alto sentido de autoaprendizaje, compromiso y liderazgo en el sistema educativo nacional a trav\u00e9s del desarrollo y fortalecimiento de competencias ling\u00fc\u00edstico-comunicativas, metodol\u00f3gicas, investigativas y actitudinales que les permita contribuir a la transformaci\u00f3n y mejoramiento de la educaci\u00f3n ecuatoriana.<\/p><p style=\"text-align: justify\"><span style=\"text-decoration: underline\">VISI\u00d3N:<\/span><\/p><p style=\"text-align: justify\">Ser l\u00edderes en la formaci\u00f3n de profesionales competentes, critico-reflexivos y propositivos en el campo de la ense\u00f1anza del ingl\u00e9s para hablantes de otras lenguas del sistema de educaci\u00f3n superior, con conciencia del Buen Vivir y comprometidos con el desarrollo socio-econ\u00f3mico de nuestro pa\u00eds.<\/p><\/div>\n\t\t\t\t\t\t\t\t\t<div class=\"elementor-tab-title elementor-tab-mobile-title\" aria-selected=\"false\" data-tab=\"3\" role=\"tab\" tabindex=\"-1\" aria-controls=\"elementor-tab-content-1793\" aria-expanded=\"false\">Descripci\u00f3n General de la Carrera<\/div>\n\t\t\t\t\t<div id=\"elementor-tab-content-1793\" class=\"elementor-tab-content elementor-clearfix\" data-tab=\"3\" role=\"tabpanel\" aria-labelledby=\"elementor-tab-title-1793\" tabindex=\"0\" hidden=\"hidden\"><p style=\"text-align: justify\">Nombre de la Carrera:\u00a0 \u00a0 \u00a0 \u00a0 \u00a0 \u00a0 \u00a0 \u00a0 \u00a0 \u00a0 \u00a0 \u00a0PEDAGOG\u00cdA DE LOS IDIOMAS NACIONALES Y EXTRANJEROS<\/p><p style=\"text-align: justify\">T\u00edtulo que otorga:\u00a0 \u00a0 \u00a0 \u00a0 \u00a0 \u00a0 \u00a0 \u00a0 \u00a0 \u00a0 \u00a0 \u00a0 \u00a0 \u00a0 \u00a0 \u00a0LICENCIADO\/A EN PEDAGOG\u00cdA DEL IDIOMA INGL\u00c9S<\/p><p style=\"text-align: justify\">Modalidad de aprendizaje:\u00a0 \u00a0 \u00a0 \u00a0 \u00a0 \u00a0 \u00a0 \u00a0 Presencial<\/p><p style=\"text-align: justify\">N\u00fameros de periodos ordinarios:\u00a0 \u00a0 9 periodos<\/p><p style=\"text-align: justify\"><span style=\"text-decoration: underline\">OBJETIVO GENERAL.<\/span><\/p><p style=\"padding-left: 40px;text-align: justify\">Formar docentes a nivel de grado, desde el humanismo social que se desempe\u00f1en en el \u00e1rea de ingl\u00e9s en los niveles del sistema educativo formal y no formal, comprometidos con la investigaci\u00f3n, vinculaci\u00f3n, interculturalidad e inclusi\u00f3n; coherentes con los principios del Buen Vivir.<\/p><p style=\"text-align: justify\"><span style=\"text-decoration: underline\">PERFIL DE INGRESO.<\/span><\/p><p style=\"text-align: justify\">El aspirante a esta carrera deber\u00e1:<\/p><ul style=\"text-align: justify\"><li>-Tener conocimientos b\u00e1sicos de las ciencias sociales.<\/li><li>-Comunicarse en la lengua materna, utilizando los diferentes tipos de<\/li><li>-Utilizar de manera eficiente las diferentes formas de pensamiento: anal\u00edtico, sist\u00e9mico, deductivo, argumentativo, cr\u00edtico y creativo en la soluci\u00f3n de problemas.<\/li><li>-Trabajar en equipos con diversidad cultural y social.<\/li><li>-Utilizar la tecnolog\u00eda como soporte de sus procesos de aprendizaje.<\/li><li>-Demostrar inter\u00e9s por su autopreparaci\u00f3n y formaci\u00f3n profesional<\/li><\/ul><p style=\"text-align: justify\"><span style=\"text-decoration: underline\">REQUISITOS DE INGRESO<\/span><\/p><ul><li style=\"text-align: justify\">-Poseer t\u00edtulo de bachiller o su equivalente internacional legalmente reconocido por el Ministerio de Educaci\u00f3n.<\/li><li style=\"text-align: justify\">-Haber aprobado el curso de nivelaci\u00f3n del Sistema Nacional de Nivelaci\u00f3n y Admisi\u00f3n o superar la prueba Exonera.<\/li><li style=\"text-align: justify\">-Copia de c\u00e9dula de ciudadan\u00eda y del certificado de votaci\u00f3n en caso de nacionales o Pasaporte vigente para extranjeros.\u00a0 \u00a0\u00a0<\/li><\/ul><p style=\"text-align: justify\"><span style=\"text-decoration: underline\">REQUISITOS DE GRADUACI\u00d3N<\/span><\/p><ul><li style=\"text-align: justify\">-Haber aprobado los componentes de la malla curricular.<\/li><li style=\"text-align: justify\">-Haber sido aprobado\/a en una modalidad de titulaci\u00f3n de la carrera.<\/li><li style=\"text-align: justify\">-Acreditar suficiencia de dominio a nivel MECRL &#8211; B2 en una lengua extranjera diferente a la menci\u00f3n de la carrera.<\/li><\/ul><p style=\"text-align: justify\"><span style=\"text-decoration: underline\">MODALIDADES DE TITULACI\u00d3N:<\/span><\/p><ul style=\"text-align: justify\"><li>-Modalidad de Integraci\u00f3n Curricular: Sistematizaci\u00f3n de Experiencias<\/li><li>-Modalidad de Integraci\u00f3n Curricular: Art\u00edculos Cient\u00edfico<\/li><li>-Modalidad de Integraci\u00f3n Curricular: Tefl Application Process<\/li><li>-Modalidad de Integraci\u00f3n Curricular: Tefl Inc Community Service<\/li><\/ul><p style=\"text-align: justify\"><span style=\"text-decoration: underline\">CAMPO OCUPACIONAL:<\/span><\/p><ul style=\"text-align: justify\"><li>-Campo amplio: Educaci\u00f3n<\/li><li>-Campo espec\u00edfico: Educaci\u00f3n<\/li><li>-Campo detallado: Formaci\u00f3n para docentes con asignaturas de especializaci\u00f3n.<\/li><\/ul><p style=\"text-align: justify\"><span style=\"text-decoration: underline\">PERFIL DE EGRESO.<\/span><\/p><p style=\"text-align: justify\">\u00bfQu\u00e9 resultados o logros de los aprendizajes posibilitar\u00e1n el desarrollo de las capacidades y actitudes de los futuros profesionales para consolidar sus valores referentes a la pertinencia, la bio-conciencia, la participaci\u00f3n responsable, la honestidad, y otros?<\/p><ul style=\"text-align: justify\"><li>-Reconoce los principios \u00e9ticos, deontol\u00f3gicos y morales del profesional para mantener buenas relaciones con la comunidad educativa, y la pr\u00e1ctica actual en el campo de la ense\u00f1anza de ingl\u00e9s como lengua extranjera.<\/li><li>-Recurre a estrategias de motivaci\u00f3n del aprendizaje en los sujetos que aprenden, evitando su deserci\u00f3n escolar y no promoci\u00f3n<\/li><li>-Promueve un clima social de clase apropiado para el aprendizaje del ingl\u00e9s como lengua extranjera.<\/li><\/ul><p><span style=\"text-decoration: underline\">HORARIO DE CLASES:<\/span><\/p><ul><li>Vespertino \/ Nocturno<\/li><li>13:00 a 17:00<\/li><li>17:00 a 21:00<\/li><\/ul><\/div>\n\t\t\t\t\t\t\t\t\t<div class=\"elementor-tab-title elementor-tab-mobile-title\" aria-selected=\"false\" data-tab=\"4\" role=\"tab\" tabindex=\"-1\" aria-controls=\"elementor-tab-content-1794\" aria-expanded=\"false\">Malla Curricular<\/div>\n\t\t\t\t\t<div id=\"elementor-tab-content-1794\" class=\"elementor-tab-content elementor-clearfix\" data-tab=\"4\" role=\"tabpanel\" aria-labelledby=\"elementor-tab-title-1794\" tabindex=\"0\" hidden=\"hidden\"><p><a href=\"https:\/\/carreras.uleam.edu.ec\/extension-chone\/wp-content\/uploads\/sites\/78\/2025\/03\/MALLA-CURRICULAR-CARRERA-INGLES-2025-1.pdf\" target=\"_blank\" rel=\"noopener\"><img loading=\"lazy\" decoding=\"async\" class=\"alignnone wp-image-1135 size-large\" src=\"https:\/\/carreras.uleam.edu.ec\/extension-chone\/wp-content\/uploads\/sites\/78\/2025\/03\/Malla-Ingles-Chone-1024x717.png\" alt=\"\" width=\"1024\" height=\"717\" srcset=\"https:\/\/carreras.uleam.edu.ec\/extension-chone\/wp-content\/uploads\/sites\/78\/2025\/03\/Malla-Ingles-Chone-1024x717.png 1024w, https:\/\/carreras.uleam.edu.ec\/extension-chone\/wp-content\/uploads\/sites\/78\/2025\/03\/Malla-Ingles-Chone-300x210.png 300w, https:\/\/carreras.uleam.edu.ec\/extension-chone\/wp-content\/uploads\/sites\/78\/2025\/03\/Malla-Ingles-Chone-768x537.png 768w, https:\/\/carreras.uleam.edu.ec\/extension-chone\/wp-content\/uploads\/sites\/78\/2025\/03\/Malla-Ingles-Chone-1536x1075.png 1536w, https:\/\/carreras.uleam.edu.ec\/extension-chone\/wp-content\/uploads\/sites\/78\/2025\/03\/Malla-Ingles-Chone-2048x1433.png 2048w\" sizes=\"auto, (max-width: 1024px) 100vw, 1024px\" \/><\/a><\/p><\/div>\n\t\t\t\t\t\t\t\t\t<div class=\"elementor-tab-title elementor-tab-mobile-title\" aria-selected=\"false\" data-tab=\"5\" role=\"tab\" tabindex=\"-1\" aria-controls=\"elementor-tab-content-1795\" aria-expanded=\"false\">Docentes<\/div>\n\t\t\t\t\t<div id=\"elementor-tab-content-1795\" class=\"elementor-tab-content elementor-clearfix\" data-tab=\"5\" role=\"tabpanel\" aria-labelledby=\"elementor-tab-title-1795\" tabindex=\"0\" hidden=\"hidden\"><ul><li>Lic. V\u00edctor Efr\u00e9n Alc\u00edvar Calder\u00f3n, Mgtr.<\/li><li>Lic. Mar\u00eda Victoria Andrade Torres, Mgtr.<\/li><li>Dr. V\u00edctor Reinaldo Jama Zambrano, Ph.D<\/li><li>Lic. Mar\u00eda Valentina Loor Santos, Mgtr.<\/li><li>Lic. Sera Raisa Macias, Mgtr.<\/li><li>Dra. Aura Mar\u00eda Mantilla Vivas, Mgtr.<\/li><li>Dr. Henry Xavier Mendoza Ponce, Ph.D<\/li><li>Lic. Mar\u00eda Gabriela Mendoza Ponce, Mgtr.<\/li><li>Lic. Rider Eloy Mendoza Saltos, Mgtr.<\/li><li>Lic. Mar\u00eda Lorena Saltos Due\u00f1as Celia, Mgtr.<\/li><li>Lic. Diana Mar\u00eda Rojas Zambrano, Mgtr.<\/li><li>Lic. Genny Elizabeth Zambrano Gallardo, Mgtr.<\/li><li>Lic. Javier Antonio Zambrano Mero, Mgtr.<\/li><\/ul><\/div>\n\t\t\t\t\t\t\t\t\t<div class=\"elementor-tab-title elementor-tab-mobile-title\" aria-selected=\"false\" data-tab=\"6\" role=\"tab\" tabindex=\"-1\" aria-controls=\"elementor-tab-content-1796\" aria-expanded=\"false\">Datos Generales<\/div>\n\t\t\t\t\t<div id=\"elementor-tab-content-1796\" class=\"elementor-tab-content elementor-clearfix\" data-tab=\"6\" role=\"tabpanel\" aria-labelledby=\"elementor-tab-title-1796\" tabindex=\"0\" hidden=\"hidden\"><ul><li style=\"text-align: center\">Lic. Rider Eloy Mendoza Saltos, Mg.<\/li><li style=\"text-align: center\">COORDINADOR DE CARRERA<\/li><li style=\"text-align: center\"><a href=\"mailto:rider.mendoza@uleam.edu.ec\"><strong>rider.mendoza@uleam.edu.ec<\/strong><\/a><\/li><li style=\"text-align: center\"><hr \/><\/li><li style=\"text-align: center\">Lic. Jessenia Dolores Endara Mendoza<\/li><li style=\"text-align: center\"><strong>SECRETARIA<\/strong><\/li><li style=\"text-align: center\"><a href=\"mailto:jessenia.endara@uleam.edu.ec\"><strong>jessenia.endara@uleam.edu.ec<\/strong><\/a><br \/><hr \/><\/li><li style=\"text-align: center\"><strong>Horarios de atenci\u00f3n: <\/strong><\/li><li style=\"text-align: center\">12:00 &#8211; 20:00<\/li><\/ul><\/div>\n\t\t\t\t\t\t\t\t\t<div class=\"elementor-tab-title elementor-tab-mobile-title\" aria-selected=\"false\" data-tab=\"7\" role=\"tab\" tabindex=\"-1\" aria-controls=\"elementor-tab-content-1797\" aria-expanded=\"false\">Gesti\u00f3n y Proceso Estudiantil<\/div>\n\t\t\t\t\t<div id=\"elementor-tab-content-1797\" class=\"elementor-tab-content elementor-clearfix\" data-tab=\"7\" role=\"tabpanel\" aria-labelledby=\"elementor-tab-title-1797\" tabindex=\"0\" hidden=\"hidden\"><ul><li>\u21d2\u00a0<a href=\"https:\/\/carreras.uleam.edu.ec\/extension-chone\/wp-content\/uploads\/sites\/78\/2024\/07\/PRACTICAS-LABORABLES-IDIOMAS.png\" target=\"_blank\" rel=\"noopener\">Pr\u00e1cticas Pre-profesionales<\/a><\/li><li>\u21d2 <a href=\"https:\/\/carreras.uleam.edu.ec\/extension-chone\/wp-content\/uploads\/sites\/78\/2024\/07\/COMISIONES-IDIOMAS.png\" target=\"_blank\" rel=\"noopener\">Comisiones<\/a><\/li><li>\u21d2 <a href=\"https:\/\/departamentos.uleam.edu.ec\/gestion-aseguramiento-calidad\/2019\/04\/08\/matricula\/\">Matr\u00edcula<\/a><\/li><li>\u21d2 <a href=\"https:\/\/departamentos.uleam.edu.ec\/gestion-aseguramiento-calidad\/reingreso-de-estudiantes\/\">Reingreso de estudiantes<\/a><\/li><li>\u21d2 <a href=\"https:\/\/departamentos.uleam.edu.ec\/gestion-aseguramiento-calidad\/homologacion-de-estudios-por-analisis-comparativo-de-contenidos\/\">Homologaci\u00f3n de Estudios por An\u00e1lisis\u00a0 Comparativo de Contenidos<\/a><\/li><\/ul><\/div>\n\t\t\t\t\t\t\t<\/div>\n\t\t<\/div>\n\t\t\t\t<\/div>\n\t\t\t\t<\/div>\n\t\t\t\t\t<\/div>\n\t\t<\/div>\n\t\t\t\t\t\t\t<\/div>\n\t\t<\/section>\n\t\t\t\t\t\t<\/div>\n\t\t\t\t\t<\/div>\n\t\t","protected":false},"excerpt":{"rendered":"<p>Bienvenidos Misi\u00f3n y Visi\u00f3n Descripci\u00f3n General de la Carrera Malla Curricular Docentes Datos Generales Gesti\u00f3n y Proceso Estudiantil Bienvenidos Misi\u00f3n y Visi\u00f3n MISI\u00d3N: Formar profesionales competentes en la ense\u00f1anza del ingl\u00e9s para hablantes de otras lenguas, con un alto sentido [&hellip;]<\/p>\n","protected":false},"author":7,"featured_media":0,"parent":0,"menu_order":0,"comment_status":"closed","ping_status":"closed","template":"","meta":{"_acf_changed":false,"footnotes":""},"class_list":["post-10","page","type-page","status-publish","hentry"],"acf":[],"_links":{"self":[{"href":"https:\/\/carreras.uleam.edu.ec\/extension-chone\/wp-json\/wp\/v2\/pages\/10","targetHints":{"allow":["GET"]}}],"collection":[{"href":"https:\/\/carreras.uleam.edu.ec\/extension-chone\/wp-json\/wp\/v2\/pages"}],"about":[{"href":"https:\/\/carreras.uleam.edu.ec\/extension-chone\/wp-json\/wp\/v2\/types\/page"}],"author":[{"embeddable":true,"href":"https:\/\/carreras.uleam.edu.ec\/extension-chone\/wp-json\/wp\/v2\/users\/7"}],"replies":[{"embeddable":true,"href":"https:\/\/carreras.uleam.edu.ec\/extension-chone\/wp-json\/wp\/v2\/comments?post=10"}],"version-history":[{"count":66,"href":"https:\/\/carreras.uleam.edu.ec\/extension-chone\/wp-json\/wp\/v2\/pages\/10\/revisions"}],"predecessor-version":[{"id":1138,"href":"https:\/\/carreras.uleam.edu.ec\/extension-chone\/wp-json\/wp\/v2\/pages\/10\/revisions\/1138"}],"wp:attachment":[{"href":"https:\/\/carreras.uleam.edu.ec\/extension-chone\/wp-json\/wp\/v2\/media?parent=10"}],"curies":[{"name":"wp","href":"https:\/\/api.w.org\/{rel}","templated":true}]}}