{"id":12,"date":"2022-09-09T01:51:18","date_gmt":"2022-09-09T01:51:18","guid":{"rendered":"https:\/\/carreras.uleam.edu.ec\/extension-chone\/?page_id=12"},"modified":"2025-03-13T15:11:07","modified_gmt":"2025-03-13T15:11:07","slug":"carrera-de-pedagogia-de-las-ciencias-experimentales-extension-chone","status":"publish","type":"page","link":"https:\/\/carreras.uleam.edu.ec\/extension-chone\/carrera-de-pedagogia-de-las-ciencias-experimentales-extension-chone\/","title":{"rendered":"Carrera Pedagog\u00eda de las Ciencias Experimentales"},"content":{"rendered":"\t\t<div data-elementor-type=\"wp-page\" data-elementor-id=\"12\" class=\"elementor elementor-12\" data-elementor-settings=\"[]\">\n\t\t\t\t\t\t\t<div class=\"elementor-section-wrap\">\n\t\t\t\t\t\t\t<section class=\"elementor-section elementor-top-section elementor-element elementor-element-c754fc5 elementor-section-boxed elementor-section-height-default elementor-section-height-default\" data-id=\"c754fc5\" data-element_type=\"section\">\n\t\t\t\t\t\t<div class=\"elementor-container elementor-column-gap-default\">\n\t\t\t\t\t<div class=\"elementor-column elementor-col-100 elementor-top-column elementor-element elementor-element-2c7f527\" data-id=\"2c7f527\" data-element_type=\"column\">\n\t\t\t<div class=\"elementor-widget-wrap elementor-element-populated\">\n\t\t\t\t\t\t\t\t<div class=\"elementor-element elementor-element-7babd12 elementor-tabs-view-horizontal elementor-widget elementor-widget-tabs\" data-id=\"7babd12\" data-element_type=\"widget\" data-widget_type=\"tabs.default\">\n\t\t\t\t<div class=\"elementor-widget-container\">\n\t\t\t\t\t<div class=\"elementor-tabs\">\n\t\t\t<div class=\"elementor-tabs-wrapper\" role=\"tablist\" >\n\t\t\t\t\t\t\t\t\t<div id=\"elementor-tab-title-1291\" class=\"elementor-tab-title elementor-tab-desktop-title\" aria-selected=\"true\" data-tab=\"1\" role=\"tab\" tabindex=\"0\" aria-controls=\"elementor-tab-content-1291\" aria-expanded=\"false\">Bienvenidos<\/div>\n\t\t\t\t\t\t\t\t\t<div id=\"elementor-tab-title-1292\" class=\"elementor-tab-title elementor-tab-desktop-title\" aria-selected=\"false\" data-tab=\"2\" role=\"tab\" tabindex=\"-1\" aria-controls=\"elementor-tab-content-1292\" aria-expanded=\"false\">Misi\u00f3n y Visi\u00f3n<\/div>\n\t\t\t\t\t\t\t\t\t<div id=\"elementor-tab-title-1293\" class=\"elementor-tab-title elementor-tab-desktop-title\" aria-selected=\"false\" data-tab=\"3\" role=\"tab\" tabindex=\"-1\" aria-controls=\"elementor-tab-content-1293\" aria-expanded=\"false\">Descripci\u00f3n General de la Carrera<\/div>\n\t\t\t\t\t\t\t\t\t<div id=\"elementor-tab-title-1294\" class=\"elementor-tab-title elementor-tab-desktop-title\" aria-selected=\"false\" data-tab=\"4\" role=\"tab\" tabindex=\"-1\" aria-controls=\"elementor-tab-content-1294\" aria-expanded=\"false\">Malla Curricular<\/div>\n\t\t\t\t\t\t\t\t\t<div id=\"elementor-tab-title-1295\" class=\"elementor-tab-title elementor-tab-desktop-title\" aria-selected=\"false\" data-tab=\"5\" role=\"tab\" tabindex=\"-1\" aria-controls=\"elementor-tab-content-1295\" aria-expanded=\"false\">Docentes<\/div>\n\t\t\t\t\t\t\t\t\t<div id=\"elementor-tab-title-1296\" class=\"elementor-tab-title elementor-tab-desktop-title\" aria-selected=\"false\" data-tab=\"6\" role=\"tab\" tabindex=\"-1\" aria-controls=\"elementor-tab-content-1296\" aria-expanded=\"false\">Datos Generales<\/div>\n\t\t\t\t\t\t\t\t\t<div id=\"elementor-tab-title-1297\" class=\"elementor-tab-title elementor-tab-desktop-title\" aria-selected=\"false\" data-tab=\"7\" role=\"tab\" tabindex=\"-1\" aria-controls=\"elementor-tab-content-1297\" aria-expanded=\"false\">Gesti\u00f3n y Proceso Estudiantil<\/div>\n\t\t\t\t\t\t\t<\/div>\n\t\t\t<div class=\"elementor-tabs-content-wrapper\" role=\"tablist\" aria-orientation=\"vertical\">\n\t\t\t\t\t\t\t\t\t<div class=\"elementor-tab-title elementor-tab-mobile-title\" aria-selected=\"true\" data-tab=\"1\" role=\"tab\" tabindex=\"0\" aria-controls=\"elementor-tab-content-1291\" aria-expanded=\"false\">Bienvenidos<\/div>\n\t\t\t\t\t<div id=\"elementor-tab-content-1291\" class=\"elementor-tab-content elementor-clearfix\" data-tab=\"1\" role=\"tabpanel\" aria-labelledby=\"elementor-tab-title-1291\" tabindex=\"0\" hidden=\"false\"><p><a href=\"https:\/\/carreras.uleam.edu.ec\/extension-chone\/wp-content\/uploads\/sites\/78\/2025\/03\/BIENVENIDOS.png\" target=\"_blank\" rel=\"noopener\"><img loading=\"lazy\" decoding=\"async\" class=\"alignnone wp-image-985 size-large\" src=\"https:\/\/carreras.uleam.edu.ec\/extension-chone\/wp-content\/uploads\/sites\/78\/2025\/03\/BIENVENIDOS-1024x782.png\" alt=\"\" width=\"1024\" height=\"782\" srcset=\"https:\/\/carreras.uleam.edu.ec\/extension-chone\/wp-content\/uploads\/sites\/78\/2025\/03\/BIENVENIDOS-1024x782.png 1024w, https:\/\/carreras.uleam.edu.ec\/extension-chone\/wp-content\/uploads\/sites\/78\/2025\/03\/BIENVENIDOS-300x229.png 300w, https:\/\/carreras.uleam.edu.ec\/extension-chone\/wp-content\/uploads\/sites\/78\/2025\/03\/BIENVENIDOS-768x586.png 768w, https:\/\/carreras.uleam.edu.ec\/extension-chone\/wp-content\/uploads\/sites\/78\/2025\/03\/BIENVENIDOS-1536x1173.png 1536w, https:\/\/carreras.uleam.edu.ec\/extension-chone\/wp-content\/uploads\/sites\/78\/2025\/03\/BIENVENIDOS-2048x1564.png 2048w\" sizes=\"auto, (max-width: 1024px) 100vw, 1024px\" \/><\/a><\/p><\/div>\n\t\t\t\t\t\t\t\t\t<div class=\"elementor-tab-title elementor-tab-mobile-title\" aria-selected=\"false\" data-tab=\"2\" role=\"tab\" tabindex=\"-1\" aria-controls=\"elementor-tab-content-1292\" aria-expanded=\"false\">Misi\u00f3n y Visi\u00f3n<\/div>\n\t\t\t\t\t<div id=\"elementor-tab-content-1292\" class=\"elementor-tab-content elementor-clearfix\" data-tab=\"2\" role=\"tabpanel\" aria-labelledby=\"elementor-tab-title-1292\" tabindex=\"0\" hidden=\"hidden\"><p style=\"text-align: justify\">MISI\u00d3N<\/p><p style=\"text-align: justify\">La carrera Pedagog\u00eda de las Ciencias Experimentales de la Universidad Laica Eloy Alfaro de Manab\u00ed Extensi\u00f3n Chone forma docentes cr\u00edticos y reflexivos; en lo acad\u00e9mico, la investigaci\u00f3n y vinculaci\u00f3n para mejorar el desarrollo humano y profesional en la sociedad.<\/p><p style=\"text-align: justify\">VISI\u00d3N<\/p><p style=\"text-align: justify\">Liderar la formaci\u00f3n de profesionales en Pedagog\u00eda de las ciencias Experimentales de las Matem\u00e1ticas y la f\u00edsica, comprometidos con los procesos sustantivos, la inclusi\u00f3n e innovaci\u00f3n que aporten a la transformaci\u00f3n de la educaci\u00f3n en el pa\u00eds.<\/p><\/div>\n\t\t\t\t\t\t\t\t\t<div class=\"elementor-tab-title elementor-tab-mobile-title\" aria-selected=\"false\" data-tab=\"3\" role=\"tab\" tabindex=\"-1\" aria-controls=\"elementor-tab-content-1293\" aria-expanded=\"false\">Descripci\u00f3n General de la Carrera<\/div>\n\t\t\t\t\t<div id=\"elementor-tab-content-1293\" class=\"elementor-tab-content elementor-clearfix\" data-tab=\"3\" role=\"tabpanel\" aria-labelledby=\"elementor-tab-title-1293\" tabindex=\"0\" hidden=\"hidden\"><p>T\u00edtulo que otorga:\u00a0\u00a0\u00a0\u00a0\u00a0\u00a0\u00a0\u00a0\u00a0\u00a0\u00a0\u00a0\u00a0\u00a0\u00a0\u00a0\u00a0\u00a0\u00a0\u00a0\u00a0\u00a0\u00a0\u00a0\u00a0\u00a0\u00a0\u00a0 LICENCIADO\/A EN PEDAGOG\u00cdA DE LAS MATEM\u00c1TICAS Y LA F\u00cdSICA<br \/>Modalidad de aprendizaje:\u00a0\u00a0\u00a0\u00a0\u00a0\u00a0\u00a0\u00a0\u00a0\u00a0\u00a0\u00a0 Presencial<br \/>N\u00fameros de periodos ordinarios: 8 periodos<\/p><p><span style=\"text-decoration: underline\">OBJETIVO GENERAL:<\/span><\/p><p>Formar docentes a nivel de grado, desde el humanismo social que se desempe\u00f1en en el \u00e1rea matem\u00e1ticas y f\u00edsicas de la educaci\u00f3n b\u00e1sica superior, bachillerato, los niveles t\u00e9cnicos superior y tecnol\u00f3gico del sistema de educaci\u00f3n superior, comprometidos con la investigaci\u00f3n, vinculaci\u00f3n, interculturalidad e inclusi\u00f3n; coherentes con los principios del Buen Vivir para el desarrollo integral del sujeto que aprendan y sus contextos de desarrollo.<\/p><p><span style=\"text-decoration: underline\">PERFIL DE INGRESO:<\/span><\/p><p>El aspirante a esta carrera deber\u00e1 poseer los siguientes conocimientos y competencias con criterio de desempe\u00f1o:<\/p><ul><li>&#8211; Conocimientos b\u00e1sicos en matem\u00e1ticas y f\u00edsicas.<\/li><li>&#8211; Razonamiento estructurado y l\u00f3gico. Capacidad de abstracci\u00f3n. Capacidad intelectual.<\/li><li>&#8211; Disposici\u00f3n para desarrollar la actividad docente.<\/li><li>&#8211; Utilizar de manera eficiente las diferentes formas de pensamiento: l\u00f3gico, anal\u00edtico, sistem\u00e1tico, deductivo, argumentativo, cr\u00edtico y creativo en la soluci\u00f3n de<\/li><li>&#8211; Personas con actitud de autoaprendizaje y de pensamiento flexible.<\/li><li>&#8211; Habilidades para comunicarse en forma oral y escrita para adaptarse a m\u00e9todos y t\u00e9cnicas de la ense\u00f1anza.<\/li><li>&#8211; Aprovechar las tecnolog\u00edas de la informaci\u00f3n y la comunicaci\u00f3n como herramientas que le permitan aprender a lo largo de toda la vida.<\/li><li>&#8211; Reconocer la diversidad de manifestaciones culturales, e identificar las propias y valorar la interculturalidad y proponer alternativas para una mejor convivencia.<\/li><li>&#8211; Ser un sujeto de manera integral y fortalecer sus competencias para la vida: conocimiento, habilidad, valor y actitud.<\/li><\/ul><p><span style=\"text-decoration: underline\">REQUISITOS DE INGRESO<\/span><\/p><ul><li>&#8211; Copia del t\u00edtulo de bachiller o su equivalente internacional debidamente reconocido por el Ministerio de Educaci\u00f3n.<\/li><li>&#8211; C\u00e9dula de ciudadan\u00eda o pasaporte vigente con las regulaciones para su estancia.<\/li><li>&#8211; Haber aprobado el curso de nivelaci\u00f3n del SNNA o superar la prueba Exonera de acuerdo con la normativa vigente.<\/li><\/ul><p><span style=\"text-decoration: underline\">REQUISITOS DE GRADUACI\u00d3N<\/span><\/p><ul><li>&#8211; Haber aprobado los componentes de la malla curricular<\/li><li>&#8211; Haber sido declarado aprobado\/a en una modalidad de titulaci\u00f3n de la carrera<\/li><li>&#8211; Acreditar suficiencia de dominio a nivel MECRL &#8211; B2, seg\u00fan lo determinado por el Art\u00edculo 31 del reglamento de R\u00e9gimen Acad\u00e9mico (Proceso coordinado por el Centro de Idiomas de la Universidad)<\/li><\/ul><p><span style=\"text-decoration: underline\">MODALIDADES DE TITULACI\u00d3N:<\/span><\/p><ul><li>&#8211; Examen de Grado o de Fin de Carrera<\/li><li>&#8211; Proyectos de Investigaci\u00f3n<\/li><li>&#8211; Sistematizaci\u00f3n de Experiencias pr\u00e1cticas de investigaci\u00f3n y\/o intervenci\u00f3n<\/li><li>&#8211; Art\u00edculo Cient\u00edfico<\/li><li>&#8211; Proyecto Integrador<\/li><\/ul><p><span style=\"text-decoration: underline\">CAMPO OCUPACIONAL:<\/span><\/p><ul><li>&#8211; Campo amplio: Educaci\u00f3n<\/li><li>&#8211; Campo espec\u00edfico: Educaci\u00f3n<\/li><li>&#8211; Campo detallado: Formaci\u00f3n para docentes con asignaturas de especializaci\u00f3n.<\/li><\/ul><p><span style=\"text-decoration: underline\">PERFIL DE EGRESO:<\/span><strong><br \/><\/strong><\/p><p>\u00bfQu\u00e9 resultados o logros de los aprendizajes posibilitar\u00e1n el desarrollo de las capacidades y actitudes de los futuros profesionales para consolidar sus valores referentes a la pertinencia, la bio-conciencia, la participaci\u00f3n responsable, la honestidad, y otros?<\/p><ul><li>&#8211; Atender problemas de aprendizaje y desarrollo del lenguaje l\u00f3gico matem\u00e1tico de adaptaciones del acto educativo y buenas pr\u00e1cticas inclusivas.<\/li><li>&#8211; Liderar procesos educativos mediante su implicaci\u00f3n con los problemas de los sujetos, sistemas, procesos y contextos de aprendizaje objetos del conocimiento pedag\u00f3gico.<\/li><li>&#8211; Construir saberes mediante la aplicaci\u00f3n de procedimientos de interpretaci\u00f3n l\u00f3gica.<\/li><li>&#8211; Desarrollar valores, actitudes y cualidades para el Buen Vivir, que promuevan la \u00e9tica y la responsabilidad ciudadana en la trayectoria profesional.<\/li><li>&#8211; Trabajar en equipos interdisciplinares en busca de fomentar una pr\u00e1ctica docente que garantizan la participaci\u00f3n igualitaria y ejercicio de derechos.<\/li><\/ul><\/div>\n\t\t\t\t\t\t\t\t\t<div class=\"elementor-tab-title elementor-tab-mobile-title\" aria-selected=\"false\" data-tab=\"4\" role=\"tab\" tabindex=\"-1\" aria-controls=\"elementor-tab-content-1294\" aria-expanded=\"false\">Malla Curricular<\/div>\n\t\t\t\t\t<div id=\"elementor-tab-content-1294\" class=\"elementor-tab-content elementor-clearfix\" data-tab=\"4\" role=\"tabpanel\" aria-labelledby=\"elementor-tab-title-1294\" tabindex=\"0\" hidden=\"hidden\"><p>\u200b<a href=\"https:\/\/carreras.uleam.edu.ec\/extension-chone\/wp-content\/uploads\/sites\/78\/2023\/01\/malla-ciencias-experimentales.png\" target=\"_blank\" rel=\"noopener\">Malla 2022\u00a0<\/a> horario es de 13:00 a 17:00<\/p><p><a href=\"https:\/\/carreras.uleam.edu.ec\/extension-chone\/wp-content\/uploads\/sites\/78\/2023\/01\/malla-ciencias-experimentales.png\" target=\"_blank\" rel=\"noopener\">Malla 2024<\/a> horario es de 17:00 a 21:00<\/p><p>\u200b<\/p><\/div>\n\t\t\t\t\t\t\t\t\t<div class=\"elementor-tab-title elementor-tab-mobile-title\" aria-selected=\"false\" data-tab=\"5\" role=\"tab\" tabindex=\"-1\" aria-controls=\"elementor-tab-content-1295\" aria-expanded=\"false\">Docentes<\/div>\n\t\t\t\t\t<div id=\"elementor-tab-content-1295\" class=\"elementor-tab-content elementor-clearfix\" data-tab=\"5\" role=\"tabpanel\" aria-labelledby=\"elementor-tab-title-1295\" tabindex=\"0\" hidden=\"hidden\"><ul><li>Dr. Eddie Jos\u00e9 Alc\u00edvar Castro, Ph.D<\/li><li>Lic. Tatiana Alc\u00edvar Santander, Mgtr.<\/li><li>Dra. Betty Dalinda Margarita Bravo Andrade, Mgtr.<\/li><li>Lic. Eliecer Francisco Castillo Bravo, Mgtr.<\/li><li>Dr. V\u00edctor Reinaldo Jama Zambrano, Ph.D<\/li><li>Lic. Martha Elizabeth Montesdeoca Ch\u00e1vez, Mgtr.<\/li><li>Dr. Joel Antonio Pinargote Jim\u00e9nez, PhD.<\/li><li>Dra. Orley Benedicto Reyes Meza, PhD.<\/li><li>Ing. Eddy Favian Sol\u00f3rzano Sol\u00f3rzano, Mgtr.<\/li><li>Ing. Maydelin Tamayo Batista, Mgtr.<\/li><li>Lic. Yenny Zambrano Villegas, Mgtr.<\/li><\/ul><\/div>\n\t\t\t\t\t\t\t\t\t<div class=\"elementor-tab-title elementor-tab-mobile-title\" aria-selected=\"false\" data-tab=\"6\" role=\"tab\" tabindex=\"-1\" aria-controls=\"elementor-tab-content-1296\" aria-expanded=\"false\">Datos Generales<\/div>\n\t\t\t\t\t<div id=\"elementor-tab-content-1296\" class=\"elementor-tab-content elementor-clearfix\" data-tab=\"6\" role=\"tabpanel\" aria-labelledby=\"elementor-tab-title-1296\" tabindex=\"0\" hidden=\"hidden\"><ul><li style=\"text-align: center\">Dra. Betty Bravo Andrade, Mgtr.<\/li><li style=\"text-align: center\">DIRECTORA DE CARRERA<\/li><li style=\"text-align: center\"><a href=\"mailto:betty.bravo@uleam.edu.ec\">betty.bravo@uleam.edu.ec<\/a><\/li><li style=\"text-align: center\"><hr \/><\/li><li style=\"text-align: center\">Ing. Mar\u00eda Isabel Zambrano Mera<\/li><li style=\"text-align: center\">SECRETARIA\u00a0<\/li><li style=\"text-align: center\"><strong><a href=\"mailto:isabel.zambrano@uleam.edu.ec\">isabel.zambrano@uleam.edu.ec<\/a><\/strong><\/li><li><hr \/><\/li><li style=\"text-align: center\">HORARIO DE ATENCI\u00d3N:<\/li><li style=\"text-align: center\">DE 08:00 A 17:00<\/li><li style=\"text-align: center\">Lunes \u2013 Viernes<\/li><\/ul><\/div>\n\t\t\t\t\t\t\t\t\t<div class=\"elementor-tab-title elementor-tab-mobile-title\" aria-selected=\"false\" data-tab=\"7\" role=\"tab\" tabindex=\"-1\" aria-controls=\"elementor-tab-content-1297\" aria-expanded=\"false\">Gesti\u00f3n y Proceso Estudiantil<\/div>\n\t\t\t\t\t<div id=\"elementor-tab-content-1297\" class=\"elementor-tab-content elementor-clearfix\" data-tab=\"7\" role=\"tabpanel\" aria-labelledby=\"elementor-tab-title-1297\" tabindex=\"0\" hidden=\"hidden\"><ul><li>\u21d2\u00a0<a href=\"https:\/\/carreras.uleam.edu.ec\/extension-chone\/wp-content\/uploads\/sites\/78\/2025\/03\/PRACTICAS-PROFESIONALES.png\" target=\"_blank\" rel=\"noopener\">Pr\u00e1cticas Pre-profesionales<\/a><\/li><li>\u21d2<a href=\"https:\/\/carreras.uleam.edu.ec\/extension-chone\/wp-content\/uploads\/sites\/78\/2025\/03\/COMISIONES-EXPERIMENTALES.png\" target=\"_blank\" rel=\"noopener\"> Comisiones y horarios<\/a><\/li><li>\u21d2 <a href=\"https:\/\/departamentos.uleam.edu.ec\/gestion-aseguramiento-calidad\/2019\/04\/08\/matricula\/\">Matr\u00edcula<\/a><\/li><li>\u21d2 <a href=\"https:\/\/departamentos.uleam.edu.ec\/gestion-aseguramiento-calidad\/reingreso-de-estudiantes\/\">Reingreso de estudiantes<\/a><\/li><li>\u21d2 <a href=\"https:\/\/departamentos.uleam.edu.ec\/gestion-aseguramiento-calidad\/homologacion-de-estudios-por-analisis-comparativo-de-contenidos\/\">Homologaci\u00f3n de Estudios por An\u00e1lisis \u00a0Comparativo de Contenidos<\/a><\/li><\/ul><\/div>\n\t\t\t\t\t\t\t<\/div>\n\t\t<\/div>\n\t\t\t\t<\/div>\n\t\t\t\t<\/div>\n\t\t\t\t\t<\/div>\n\t\t<\/div>\n\t\t\t\t\t\t\t<\/div>\n\t\t<\/section>\n\t\t\t\t\t\t<\/div>\n\t\t\t\t\t<\/div>\n\t\t","protected":false},"excerpt":{"rendered":"<p>Bienvenidos Misi\u00f3n y Visi\u00f3n Descripci\u00f3n General de la Carrera Malla Curricular Docentes Datos Generales Gesti\u00f3n y Proceso Estudiantil Bienvenidos Misi\u00f3n y Visi\u00f3n MISI\u00d3N La carrera Pedagog\u00eda de las Ciencias Experimentales de la Universidad Laica Eloy Alfaro de Manab\u00ed Extensi\u00f3n Chone [&hellip;]<\/p>\n","protected":false},"author":7,"featured_media":0,"parent":0,"menu_order":0,"comment_status":"closed","ping_status":"closed","template":"","meta":{"_acf_changed":false,"footnotes":""},"class_list":["post-12","page","type-page","status-publish","hentry"],"acf":[],"_links":{"self":[{"href":"https:\/\/carreras.uleam.edu.ec\/extension-chone\/wp-json\/wp\/v2\/pages\/12","targetHints":{"allow":["GET"]}}],"collection":[{"href":"https:\/\/carreras.uleam.edu.ec\/extension-chone\/wp-json\/wp\/v2\/pages"}],"about":[{"href":"https:\/\/carreras.uleam.edu.ec\/extension-chone\/wp-json\/wp\/v2\/types\/page"}],"author":[{"embeddable":true,"href":"https:\/\/carreras.uleam.edu.ec\/extension-chone\/wp-json\/wp\/v2\/users\/7"}],"replies":[{"embeddable":true,"href":"https:\/\/carreras.uleam.edu.ec\/extension-chone\/wp-json\/wp\/v2\/comments?post=12"}],"version-history":[{"count":70,"href":"https:\/\/carreras.uleam.edu.ec\/extension-chone\/wp-json\/wp\/v2\/pages\/12\/revisions"}],"predecessor-version":[{"id":995,"href":"https:\/\/carreras.uleam.edu.ec\/extension-chone\/wp-json\/wp\/v2\/pages\/12\/revisions\/995"}],"wp:attachment":[{"href":"https:\/\/carreras.uleam.edu.ec\/extension-chone\/wp-json\/wp\/v2\/media?parent=12"}],"curies":[{"name":"wp","href":"https:\/\/api.w.org\/{rel}","templated":true}]}}