{"id":13,"date":"2022-09-09T01:51:52","date_gmt":"2022-09-09T01:51:52","guid":{"rendered":"https:\/\/carreras.uleam.edu.ec\/extension-chone\/?page_id=13"},"modified":"2025-03-14T15:31:03","modified_gmt":"2025-03-14T15:31:03","slug":"carrera-de-tecnologias-de-la-informacion-extension-chone","status":"publish","type":"page","link":"https:\/\/carreras.uleam.edu.ec\/extension-chone\/carrera-de-tecnologias-de-la-informacion-extension-chone\/","title":{"rendered":"Carrera Tecnolog\u00eda de la Informaci\u00f3n"},"content":{"rendered":"\t\t<div data-elementor-type=\"wp-page\" data-elementor-id=\"13\" class=\"elementor elementor-13\" data-elementor-settings=\"[]\">\n\t\t\t\t\t\t\t<div class=\"elementor-section-wrap\">\n\t\t\t\t\t\t\t<section class=\"elementor-section elementor-top-section elementor-element elementor-element-ed2d8e6 elementor-section-boxed elementor-section-height-default elementor-section-height-default\" data-id=\"ed2d8e6\" data-element_type=\"section\">\n\t\t\t\t\t\t<div class=\"elementor-container elementor-column-gap-default\">\n\t\t\t\t\t<div class=\"elementor-column elementor-col-100 elementor-top-column elementor-element elementor-element-2329a14\" data-id=\"2329a14\" data-element_type=\"column\">\n\t\t\t<div class=\"elementor-widget-wrap elementor-element-populated\">\n\t\t\t\t\t\t\t\t<div class=\"elementor-element elementor-element-2cf3bfc elementor-tabs-view-horizontal elementor-widget elementor-widget-tabs\" data-id=\"2cf3bfc\" data-element_type=\"widget\" data-widget_type=\"tabs.default\">\n\t\t\t\t<div class=\"elementor-widget-container\">\n\t\t\t\t\t<div class=\"elementor-tabs\">\n\t\t\t<div class=\"elementor-tabs-wrapper\" role=\"tablist\" >\n\t\t\t\t\t\t\t\t\t<div id=\"elementor-tab-title-4711\" class=\"elementor-tab-title elementor-tab-desktop-title\" aria-selected=\"true\" data-tab=\"1\" role=\"tab\" tabindex=\"0\" aria-controls=\"elementor-tab-content-4711\" aria-expanded=\"false\">Descripci\u00f3n General de la Carrera<\/div>\n\t\t\t\t\t\t\t\t\t<div id=\"elementor-tab-title-4712\" class=\"elementor-tab-title elementor-tab-desktop-title\" aria-selected=\"false\" data-tab=\"2\" role=\"tab\" tabindex=\"-1\" aria-controls=\"elementor-tab-content-4712\" aria-expanded=\"false\">Malla Curricular<\/div>\n\t\t\t\t\t\t\t\t\t<div id=\"elementor-tab-title-4713\" class=\"elementor-tab-title elementor-tab-desktop-title\" aria-selected=\"false\" data-tab=\"3\" role=\"tab\" tabindex=\"-1\" aria-controls=\"elementor-tab-content-4713\" aria-expanded=\"false\">Docentes<\/div>\n\t\t\t\t\t\t\t\t\t<div id=\"elementor-tab-title-4714\" class=\"elementor-tab-title elementor-tab-desktop-title\" aria-selected=\"false\" data-tab=\"4\" role=\"tab\" tabindex=\"-1\" aria-controls=\"elementor-tab-content-4714\" aria-expanded=\"false\">Datos Generales<\/div>\n\t\t\t\t\t\t\t\t\t<div id=\"elementor-tab-title-4715\" class=\"elementor-tab-title elementor-tab-desktop-title\" aria-selected=\"false\" data-tab=\"5\" role=\"tab\" tabindex=\"-1\" aria-controls=\"elementor-tab-content-4715\" aria-expanded=\"false\">Gesti\u00f3n y Proceso Estudiantil<\/div>\n\t\t\t\t\t\t\t<\/div>\n\t\t\t<div class=\"elementor-tabs-content-wrapper\" role=\"tablist\" aria-orientation=\"vertical\">\n\t\t\t\t\t\t\t\t\t<div class=\"elementor-tab-title elementor-tab-mobile-title\" aria-selected=\"true\" data-tab=\"1\" role=\"tab\" tabindex=\"0\" aria-controls=\"elementor-tab-content-4711\" aria-expanded=\"false\">Descripci\u00f3n General de la Carrera<\/div>\n\t\t\t\t\t<div id=\"elementor-tab-content-4711\" class=\"elementor-tab-content elementor-clearfix\" data-tab=\"1\" role=\"tabpanel\" aria-labelledby=\"elementor-tab-title-4711\" tabindex=\"0\" hidden=\"false\"><ul><li>Nombre de la Carrera:\u00a0 \u00a0 \u00a0 \u00a0 \u00a0 \u00a0 \u00a0 \u00a0 \u00a0 \u00a0 \u00a0 Tecnolog\u00edas de la Informaci\u00f3n<\/li><li>T\u00edtulo que otorga:\u00a0 \u00a0 \u00a0 \u00a0 \u00a0 \u00a0 \u00a0 \u00a0 \u00a0 \u00a0 \u00a0 \u00a0 \u00a0 \u00a0 \u00a0 Ingeniero\/a en Tecnolog\u00edas de la Informaci\u00f3n<\/li><li>Modalidad de Aprendizaje:\u00a0 \u00a0 \u00a0 \u00a0 \u00a0 \u00a0 \u00a0\u00a0<span style=\"color: var( --e-global-color-text );font-family: var( --e-global-typography-text-font-family ), Sans-serif;font-weight: var( --e-global-typography-text-font-weight );font-size: 1rem\">Presencial<\/span><\/li><li>N\u00fameros de periodos ordinarios:\u00a0\u00a0<span style=\"color: var( --e-global-color-text );font-family: var( --e-global-typography-text-font-family ), Sans-serif;font-weight: var( --e-global-typography-text-font-weight );font-size: 1rem\">9<\/span><\/li><\/ul><p><span style=\"text-decoration: underline\">Objetivo General:<\/span><\/p><p style=\"padding-left: 40px\">Formar profesionales capaces de analizar situaciones cotidianas de la usabilidad y aplicabilidad de las Tecnolog\u00edas de la Informaci\u00f3n y brindar soluciones inform\u00e1ticas oportunas en los diferentes sistemas que requieren los usuarios y organizaciones desde de un enfoque cognitivo, sist\u00e9mico, hol\u00edstico e interdisciplinario para garantizar su adaptabilidad y conectividad a las redes de informaci\u00f3n regionales y mundiales.<\/p><p><span style=\"text-decoration: underline\">Perfil de Ingreso:<\/span><\/p><p>El aspirante a esta carrera deber\u00e1 caracterizarse por tener:<\/p><ul><li>&#8211; Pensar rigurosamente<\/li><li>&#8211; Comunicarse efectivamente<\/li><li>&#8211; Razonar num\u00e9ricamente<\/li><li>&#8211; Actuar como ciudadano responsable<\/li><li>&#8211; Emprender<\/li><li>&#8211; Aprender por el resto de su vida<\/li><\/ul><p>Requisitos de Ingreso:<\/p><ul><li>&#8211; Poseer t\u00edtulo de bachiller o su equivalente debidamente reconocido por el Ministerio de Educaci\u00f3n.<\/li><li>&#8211; Haber cumplido los requisitos normados por el Sistema de Nivelaci\u00f3n y Admisi\u00f3n, el mismo que observar\u00e1 los principios de igualdad de oportunidades, m\u00e9rito y capacidad.<\/li><li>&#8211; Cumplir con la entrega de documentaci\u00f3n personal y habilitante en Secretar\u00eda General.<\/li><li>&#8211; En casos especiales, certificados de reconocimiento y homologaci\u00f3n de estudios de otras IES de conformidad con el Art\u00edculo 63 y 64 del Reglamento de R\u00e9gimen Acad\u00e9mico.<\/li><\/ul><p><span style=\"text-decoration: underline\">Requisitos de Graduaci\u00f3n:<\/span><\/p><ul><li>&#8211; Haber aprobado la malla curricular, incluyendo las pr\u00e1cticas preprofesionales y vinculaci\u00f3n con la colectividad.<\/li><li>&#8211; Haber aprobado una modalidad de titulaci\u00f3n dentro de lo establecido el RRA.<\/li><li>&#8211; Acreditar suficiencia en la competencia comunicativa a nivel B2 \u2013 MCER (Ver justificativos en el anexo de gr\u00e1ficos y tablas)<\/li><\/ul><p><span style=\"text-decoration: underline\">Modalidades de Titulaci\u00f3n:<\/span><\/p><ul><li>Examen de grado o de fin de carrera<\/li><li>Proyectos de investigaci\u00f3n<\/li><li>Proyectos integradores<\/li><li>Sistematizaci\u00f3n de Experiencias<\/li><\/ul><p><span style=\"text-decoration: underline\">Campo Ocupacional:<\/span><\/p><ul><li>&#8211; Demostrar capacidad de trabajo en forma efectiva tanto individualmente como en equipo, mostrando habilidades de comunicaci\u00f3n y coordinaci\u00f3n.<\/li><li>&#8211; Demostrar conciencia sobre la responsabilidad de la pr\u00e1ctica de la ingenier\u00eda, el impacto social y medioambiental, y compromiso con la \u00e9tica profesional, y normas de la pr\u00e1ctica de la ingenier\u00eda.<\/li><li>&#8211; Funcionar de forma efectiva tanto de forma individual como en equipo<\/li><li>&#8211; Reconocer la necesidad y tener la capacidad para desarrollar voluntariamente el aprendizaje continuo.<\/li><li>&#8211; Analizar el impacto local y global de la computaci\u00f3n sobre individuos, organizaciones y la sociedad.<\/li><li>&#8211; Manifiesta una actitud \u00e9tica y proactiva, con una visi\u00f3n inclusiva hacia las personas, al demostrar sensibilidad para identificar sus necesidades y brindar alternativas de soluci\u00f3n o direccionamiento, con calidad y calidez, en funci\u00f3n de las normativas y regulaciones vigentes, acorde a su \u00e1rea de competencia.<\/li><li>&#8211; Manifiesta autocontrol y regulaci\u00f3n de sus emociones en las relaciones interpersonales, con flexibilidad, equilibrio emocional, de forma tal que transmita estados de \u00e1nimos positivos, al generar un clima de confianza, promotora de respuestas positivas, ante situaciones cotidianas o inesperadas, fruto de la din\u00e1mica de las relaciones internas o externas que caracterizan el contexto de actuaci\u00f3n.<\/li><\/ul><\/div>\n\t\t\t\t\t\t\t\t\t<div class=\"elementor-tab-title elementor-tab-mobile-title\" aria-selected=\"false\" data-tab=\"2\" role=\"tab\" tabindex=\"-1\" aria-controls=\"elementor-tab-content-4712\" aria-expanded=\"false\">Malla Curricular<\/div>\n\t\t\t\t\t<div id=\"elementor-tab-content-4712\" class=\"elementor-tab-content elementor-clearfix\" data-tab=\"2\" role=\"tabpanel\" aria-labelledby=\"elementor-tab-title-4712\" tabindex=\"0\" hidden=\"hidden\"><p><a href=\"https:\/\/carreras.uleam.edu.ec\/extension-chone\/wp-content\/uploads\/sites\/78\/2023\/01\/ANEXO1.-Malla-de-Tecnologias-de-la-Informacion.pdf\" target=\"_blank\" rel=\"noopener\"><img loading=\"lazy\" decoding=\"async\" class=\"alignnone wp-image-387 size-large\" src=\"https:\/\/carreras.uleam.edu.ec\/extension-chone\/wp-content\/uploads\/sites\/78\/2023\/01\/malla-tecnologia-de-la-informacion-1024x725.png\" alt=\"\" width=\"1024\" height=\"725\" srcset=\"https:\/\/carreras.uleam.edu.ec\/extension-chone\/wp-content\/uploads\/sites\/78\/2023\/01\/malla-tecnologia-de-la-informacion-1024x725.png 1024w, https:\/\/carreras.uleam.edu.ec\/extension-chone\/wp-content\/uploads\/sites\/78\/2023\/01\/malla-tecnologia-de-la-informacion-300x212.png 300w, https:\/\/carreras.uleam.edu.ec\/extension-chone\/wp-content\/uploads\/sites\/78\/2023\/01\/malla-tecnologia-de-la-informacion-768x543.png 768w, https:\/\/carreras.uleam.edu.ec\/extension-chone\/wp-content\/uploads\/sites\/78\/2023\/01\/malla-tecnologia-de-la-informacion-1536x1087.png 1536w, https:\/\/carreras.uleam.edu.ec\/extension-chone\/wp-content\/uploads\/sites\/78\/2023\/01\/malla-tecnologia-de-la-informacion-2048x1449.png 2048w\" sizes=\"auto, (max-width: 1024px) 100vw, 1024px\" \/><\/a><\/p><\/div>\n\t\t\t\t\t\t\t\t\t<div class=\"elementor-tab-title elementor-tab-mobile-title\" aria-selected=\"false\" data-tab=\"3\" role=\"tab\" tabindex=\"-1\" aria-controls=\"elementor-tab-content-4713\" aria-expanded=\"false\">Docentes<\/div>\n\t\t\t\t\t<div id=\"elementor-tab-content-4713\" class=\"elementor-tab-content elementor-clearfix\" data-tab=\"3\" role=\"tabpanel\" aria-labelledby=\"elementor-tab-title-4713\" tabindex=\"0\" hidden=\"hidden\"><ul><li>Andrade Acosta Nilo Walker, Ing.<\/li><li>Briones Mera Junior Antonio, Lic.<\/li><li>Cornejo Moreira Frank Aquino, Ing.<\/li><li>Delgado Cede\u00f1o Miguel Fabi\u00e1n, Ing.<\/li><li>Garc\u00eda Mera Jes\u00fas Alberto, Ing.<\/li><li>Mendoza Loor Jorge Luis, Lic.<\/li><li>Mero Mero Juan Ledher, Arq.<\/li><li>Minaya Vera Cristhian Gustavo, Lic.<\/li><li>Rivadeneira Zambrano Fabricio Rolando, Ing.<\/li><li>Vera V\u00e9lez Daniela, Lic.<\/li><li>Villa Palma Cristhian Marcony, Ing.<\/li><li>Viteri Alc\u00edvar Yanina Alexandra, Lic.<\/li><li>Zambrano V\u00e9lez Jonathan David, Ing.<\/li><li>Zambrano Zambrano Michael Alejandro, Ing.<\/li><\/ul><\/div>\n\t\t\t\t\t\t\t\t\t<div class=\"elementor-tab-title elementor-tab-mobile-title\" aria-selected=\"false\" data-tab=\"4\" role=\"tab\" tabindex=\"-1\" aria-controls=\"elementor-tab-content-4714\" aria-expanded=\"false\">Datos Generales<\/div>\n\t\t\t\t\t<div id=\"elementor-tab-content-4714\" class=\"elementor-tab-content elementor-clearfix\" data-tab=\"4\" role=\"tabpanel\" aria-labelledby=\"elementor-tab-title-4714\" tabindex=\"0\" hidden=\"hidden\"><ul><li style=\"text-align: center\">Lic. Martha Lorena Mendoza Navarrete<\/li><li style=\"text-align: center\">COORDINADORA DE CARRERA<\/li><li style=\"text-align: center\"><a href=\"mailto:martha.mendoza@uleam.edu.ec\">martha.mendoza@uleam.edu.ec<\/a><\/li><li style=\"text-align: center\"><hr \/><\/li><li style=\"text-align: center\">Econ. Martha Alejandra Vera Bravo<\/li><li style=\"text-align: center\">SECRETARIA<\/li><li style=\"text-align: center\"><a href=\"mailto:martha.vera@uleam.edu.ec\">martha.vera@uleam.edu.ec<\/a><\/li><li style=\"text-align: center\"><hr \/><\/li><li style=\"text-align: center\">HORARIO DE ATENCI\u00d3N:<\/li><li style=\"text-align: center\">08:00 a 12:00<\/li><li style=\"text-align: center\">14:00 a 18:00<\/li><\/ul><\/div>\n\t\t\t\t\t\t\t\t\t<div class=\"elementor-tab-title elementor-tab-mobile-title\" aria-selected=\"false\" data-tab=\"5\" role=\"tab\" tabindex=\"-1\" aria-controls=\"elementor-tab-content-4715\" aria-expanded=\"false\">Gesti\u00f3n y Proceso Estudiantil<\/div>\n\t\t\t\t\t<div id=\"elementor-tab-content-4715\" class=\"elementor-tab-content elementor-clearfix\" data-tab=\"5\" role=\"tabpanel\" aria-labelledby=\"elementor-tab-title-4715\" tabindex=\"0\" hidden=\"hidden\"><ul><li>\u21d2\u00a0<a href=\"https:\/\/carreras.uleam.edu.ec\/extension-chone\/wp-content\/uploads\/sites\/78\/2025\/03\/PRACTICAS-TECNOLOGIA.png\" target=\"_blank\" rel=\"noopener\">Pr\u00e1cticas Pre-profesionales<\/a><\/li><li>\u21d2 <a href=\"https:\/\/carreras.uleam.edu.ec\/extension-chone\/wp-content\/uploads\/sites\/78\/2025\/03\/comisiones-TECNOLOGIA.png\" target=\"_blank\" rel=\"noopener\">Comisiones<\/a><\/li><li>\u21d2\u00a0\u21d2 <a href=\"https:\/\/departamentos.uleam.edu.ec\/gestion-aseguramiento-calidad\/2019\/04\/08\/matricula\/\">Matr\u00edcula<\/a><\/li><li>\u21d2 <a href=\"https:\/\/departamentos.uleam.edu.ec\/gestion-aseguramiento-calidad\/reingreso-de-estudiantes\/\">Reingreso de estudiantes<\/a><\/li><li>\u21d2 <a href=\"https:\/\/departamentos.uleam.edu.ec\/gestion-aseguramiento-calidad\/homologacion-de-estudios-por-analisis-comparativo-de-contenidos\/\">Homologaci\u00f3n de Estudios por An\u00e1lisis \u00a0Comparativo de Contenidos<\/a><\/li><\/ul><\/div>\n\t\t\t\t\t\t\t<\/div>\n\t\t<\/div>\n\t\t\t\t<\/div>\n\t\t\t\t<\/div>\n\t\t\t\t\t<\/div>\n\t\t<\/div>\n\t\t\t\t\t\t\t<\/div>\n\t\t<\/section>\n\t\t\t\t\t\t<\/div>\n\t\t\t\t\t<\/div>\n\t\t","protected":false},"excerpt":{"rendered":"<p>Descripci\u00f3n General de la Carrera Malla Curricular Docentes Datos Generales Gesti\u00f3n y Proceso Estudiantil Descripci\u00f3n General de la Carrera Nombre de la Carrera:\u00a0 \u00a0 \u00a0 \u00a0 \u00a0 \u00a0 \u00a0 \u00a0 \u00a0 \u00a0 \u00a0 Tecnolog\u00edas de la Informaci\u00f3n T\u00edtulo que otorga:\u00a0 [&hellip;]<\/p>\n","protected":false},"author":7,"featured_media":0,"parent":0,"menu_order":0,"comment_status":"closed","ping_status":"closed","template":"","meta":{"_acf_changed":false,"footnotes":""},"class_list":["post-13","page","type-page","status-publish","hentry"],"acf":[],"_links":{"self":[{"href":"https:\/\/carreras.uleam.edu.ec\/extension-chone\/wp-json\/wp\/v2\/pages\/13","targetHints":{"allow":["GET"]}}],"collection":[{"href":"https:\/\/carreras.uleam.edu.ec\/extension-chone\/wp-json\/wp\/v2\/pages"}],"about":[{"href":"https:\/\/carreras.uleam.edu.ec\/extension-chone\/wp-json\/wp\/v2\/types\/page"}],"author":[{"embeddable":true,"href":"https:\/\/carreras.uleam.edu.ec\/extension-chone\/wp-json\/wp\/v2\/users\/7"}],"replies":[{"embeddable":true,"href":"https:\/\/carreras.uleam.edu.ec\/extension-chone\/wp-json\/wp\/v2\/comments?post=13"}],"version-history":[{"count":50,"href":"https:\/\/carreras.uleam.edu.ec\/extension-chone\/wp-json\/wp\/v2\/pages\/13\/revisions"}],"predecessor-version":[{"id":1068,"href":"https:\/\/carreras.uleam.edu.ec\/extension-chone\/wp-json\/wp\/v2\/pages\/13\/revisions\/1068"}],"wp:attachment":[{"href":"https:\/\/carreras.uleam.edu.ec\/extension-chone\/wp-json\/wp\/v2\/media?parent=13"}],"curies":[{"name":"wp","href":"https:\/\/api.w.org\/{rel}","templated":true}]}}