{"id":170,"date":"2023-01-12T22:14:36","date_gmt":"2023-01-12T22:14:36","guid":{"rendered":"https:\/\/carreras.uleam.edu.ec\/extension-chone\/?page_id=170"},"modified":"2025-03-14T20:45:34","modified_gmt":"2025-03-14T20:45:34","slug":"carrera-en-psicologia-educativa","status":"publish","type":"page","link":"https:\/\/carreras.uleam.edu.ec\/extension-chone\/carrera-en-psicologia-educativa\/","title":{"rendered":"Carrera Psicolog\u00eda Educativa"},"content":{"rendered":"\t\t<div data-elementor-type=\"wp-page\" data-elementor-id=\"170\" class=\"elementor elementor-170\" data-elementor-settings=\"[]\">\n\t\t\t\t\t\t\t<div class=\"elementor-section-wrap\">\n\t\t\t\t\t\t\t<section class=\"elementor-section elementor-top-section elementor-element elementor-element-d6390d6 elementor-section-boxed elementor-section-height-default elementor-section-height-default\" data-id=\"d6390d6\" data-element_type=\"section\">\n\t\t\t\t\t\t<div class=\"elementor-container elementor-column-gap-default\">\n\t\t\t\t\t<div class=\"elementor-column elementor-col-100 elementor-top-column elementor-element elementor-element-0784914\" data-id=\"0784914\" data-element_type=\"column\">\n\t\t\t<div class=\"elementor-widget-wrap elementor-element-populated\">\n\t\t\t\t\t\t\t\t<div class=\"elementor-element elementor-element-66fda7c elementor-tabs-view-horizontal elementor-widget elementor-widget-tabs\" data-id=\"66fda7c\" data-element_type=\"widget\" data-widget_type=\"tabs.default\">\n\t\t\t\t<div class=\"elementor-widget-container\">\n\t\t\t\t\t<div class=\"elementor-tabs\">\n\t\t\t<div class=\"elementor-tabs-wrapper\" role=\"tablist\" >\n\t\t\t\t\t\t\t\t\t<div id=\"elementor-tab-title-1071\" class=\"elementor-tab-title elementor-tab-desktop-title\" aria-selected=\"true\" data-tab=\"1\" role=\"tab\" tabindex=\"0\" aria-controls=\"elementor-tab-content-1071\" aria-expanded=\"false\">Descripci\u00f3n General de la Carrera<\/div>\n\t\t\t\t\t\t\t\t\t<div id=\"elementor-tab-title-1072\" class=\"elementor-tab-title elementor-tab-desktop-title\" aria-selected=\"false\" data-tab=\"2\" role=\"tab\" tabindex=\"-1\" aria-controls=\"elementor-tab-content-1072\" aria-expanded=\"false\">Malla Curricular<\/div>\n\t\t\t\t\t\t\t\t\t<div id=\"elementor-tab-title-1073\" class=\"elementor-tab-title elementor-tab-desktop-title\" aria-selected=\"false\" data-tab=\"3\" role=\"tab\" tabindex=\"-1\" aria-controls=\"elementor-tab-content-1073\" aria-expanded=\"false\">Docentes<\/div>\n\t\t\t\t\t\t\t\t\t<div id=\"elementor-tab-title-1074\" class=\"elementor-tab-title elementor-tab-desktop-title\" aria-selected=\"false\" data-tab=\"4\" role=\"tab\" tabindex=\"-1\" aria-controls=\"elementor-tab-content-1074\" aria-expanded=\"false\">Datos Generales<\/div>\n\t\t\t\t\t\t\t\t\t<div id=\"elementor-tab-title-1075\" class=\"elementor-tab-title elementor-tab-desktop-title\" aria-selected=\"false\" data-tab=\"5\" role=\"tab\" tabindex=\"-1\" aria-controls=\"elementor-tab-content-1075\" aria-expanded=\"false\">Gesti\u00f3n y Proceso Estudiantil<\/div>\n\t\t\t\t\t\t\t<\/div>\n\t\t\t<div class=\"elementor-tabs-content-wrapper\" role=\"tablist\" aria-orientation=\"vertical\">\n\t\t\t\t\t\t\t\t\t<div class=\"elementor-tab-title elementor-tab-mobile-title\" aria-selected=\"true\" data-tab=\"1\" role=\"tab\" tabindex=\"0\" aria-controls=\"elementor-tab-content-1071\" aria-expanded=\"false\">Descripci\u00f3n General de la Carrera<\/div>\n\t\t\t\t\t<div id=\"elementor-tab-content-1071\" class=\"elementor-tab-content elementor-clearfix\" data-tab=\"1\" role=\"tabpanel\" aria-labelledby=\"elementor-tab-title-1071\" tabindex=\"0\" hidden=\"false\"><p style=\"text-align: justify\">Nombre de la Carrera:\u00a0 \u00a0 \u00a0 \u00a0 \u00a0 \u00a0 \u00a0 \u00a0 \u00a0 \u00a0\u00a0 PSICOLOG\u00cdA EDUCATIVA<\/p><p style=\"text-align: justify\">T\u00edtulo que otorga:\u00a0 \u00a0 \u00a0 \u00a0 \u00a0 \u00a0 \u00a0 \u00a0 \u00a0 \u00a0 \u00a0 \u00a0 \u00a0 \u00a0 \u00a0LICENCIADO\/A EN PSICOLOG\u00cdA EDUCATIVA<\/p><p style=\"text-align: justify\">Modalidad de aprendizaje:\u00a0 \u00a0 \u00a0 \u00a0 \u00a0 \u00a0 \u00a0Presencial<\/p><p style=\"text-align: justify\">N\u00fameros de periodos ordinarios: 8 periodos<\/p><p style=\"text-align: justify\"><span style=\"text-decoration: underline\">OBJETIVO GENERAL.<\/span><\/p><p style=\"padding-left: 40px;text-align: justify\">Formar profesionales en psicolog\u00eda educativa, con compromiso \u00e9tico y competencias para estudiar e intervenir en los procesos de\u00a0aprendizaje y el desarrollo humano en diversos contextos educativos, bajo las premisas del m\u00e9todo cient\u00edfico, con el prop\u00f3sito de\u00a0optimizar y mejorar el rendimiento de los procesos educativos en comunidades de aprendizaje<\/p><p style=\"text-align: justify\"><span style=\"text-decoration: underline\">PERFIL DE INGRESO.<\/span>\u00a0<\/p><ul style=\"text-align: justify\"><li>&#8211; Ser buen observador, capaz de seguir instrucciones, planear y mostrar capacidad de an\u00e1lisis y s\u00edntesis.<\/li><li>&#8211; Tener disposici\u00f3n para el aprendizaje, el desarrollo personal y el trabajo en equipo.<\/li><li>&#8211; Mostrar inter\u00e9s por el proceso de aprendizaje de las personas en sus diferentes entornos.<\/li><li>&#8211; Actitud cr\u00edtica constructiva que le permita tener apertura y respeto a la diversidad.<\/li><li>&#8211; Comunicarse efectivamente<\/li><li>&#8211; Dominar Tecnolog\u00edas de la Informaci\u00f3n y la Comunicaci\u00f3n.<\/li><li>&#8211; Comportamiento \u00e9tico para el ejercicio profesional dentro del marco de la legalidad y los derechos de las personas.<\/li><li>&#8211; Emprender<\/li><li>&#8211; Aprendizaje continuo y auto-dirigido.<\/li><\/ul><p style=\"text-align: justify\"><span style=\"text-decoration: underline\">REQUISITOS DE INGRESO<\/span><\/p><ul style=\"text-align: justify\"><li>&#8211; Poseer t\u00edtulo de bachiller o su equivalente debidamente reconocido por el Ministerio de Educaci\u00f3n<\/li><li>&#8211; Haber cumplido los requisitos normados por el Sistema de Nivelaci\u00f3n y Admisi\u00f3n, el mismo que observar\u00e1 los principios de igualdad de oportunidades, m\u00e9rito y capacidad<\/li><li>&#8211; Cumplir con la entrega de documentaci\u00f3n personal y habilitante en Secretar\u00eda General<\/li><\/ul><p style=\"text-align: justify\"><span style=\"text-decoration: underline\">REQUISITOS DE GRADUACI\u00d3N<\/span><\/p><ul style=\"text-align: justify\"><li>&#8211; Haber aprobado las asignaturas que conforman la malla curricular, incluyendo las practicas preprofesionales y vinculaci\u00f3n con la colectividad, seg\u00fan establece la LOES.<\/li><li>&#8211; Aprobar el trabajo de integraci\u00f3n curricular de conformidad con lo establecido en el Reglamento Interno de r\u00e9gimen Acad\u00e9mico<\/li><li style=\"text-align: justify\">&#8211; Haber aprobado una modalidad de titulaci\u00f3n dentro de lo establecido el\u00a0 Reglamento de r\u00e9gimen vigente.<\/li><li style=\"text-align: justify\">&#8211; Acreditar Suficiencia a nivel MERL-A ABA1 al culminar la carrera conforme a lo dispuesto en Art. 80 del RRA2019 aprobado por el CES: A trav\u00e9s del Instituto de Idiomas ingl\u00e9s, previo a la matr\u00edcula en su \u00faltimo semestre de la carrera. De manera opcional, el estudiante puede asistir a programas de preparaci\u00f3n previa dictados por el propio instituto o a trav\u00e9s de programa online con Instituciones con las que se mantienen convenios vigentes para estos procesos formativos.<\/li><\/ul><p style=\"text-align: justify\"><span style=\"text-decoration: underline\">MODALIDADES DE TITULACI\u00d3N:<\/span><\/p><ul style=\"text-align: justify\"><li>&#8211; Examen de car\u00e1cter Complexivo<\/li><li>&#8211; Desarrollo de un trabajo de Integraci\u00f3n Curricular<\/li><\/ul><p style=\"text-align: justify\"><span style=\"text-decoration: underline\">CAMPO OCUPACIONAL:<\/span><\/p><ul style=\"text-align: justify\"><li>&#8211; Campo amplio: Ciencias Sociales, Periodismo, informaci\u00f3n y Derecho<\/li><li>&#8211; Campo espec\u00edfico: ciencias Sociales y del comportamiento<\/li><li>&#8211; Campo detallado: Psicolog\u00eda<\/li><\/ul><p style=\"text-align: justify\"><span style=\"text-decoration: underline\">PERFIL DE EGRESO.<\/span><\/p><p style=\"text-align: justify\">\u00bfQu\u00e9 resultados de aprendizaje y competencias profesionales son necesarias para el futuro desempe\u00f1o profesional?<\/p><ul><li>&#8211; \u00c9l (la) egresado contar\u00e1 con los conocimientos generales acerca del desarrollo humano, los procesos ps\u00edquicos y procesos de aprendizaje en funci\u00f3n de dise\u00f1ar y desarrollar estrategias, programas o proyectos de prevenci\u00f3n e intervenci\u00f3n psicol\u00f3gica, que fortalezcan el desarrollo aut\u00f3nomo y capacidad de actuaci\u00f3n de las comunidades de aprendizaje en \u00e1mbitos escolares y extraescolares.<\/li><\/ul><\/div>\n\t\t\t\t\t\t\t\t\t<div class=\"elementor-tab-title elementor-tab-mobile-title\" aria-selected=\"false\" data-tab=\"2\" role=\"tab\" tabindex=\"-1\" aria-controls=\"elementor-tab-content-1072\" aria-expanded=\"false\">Malla Curricular<\/div>\n\t\t\t\t\t<div id=\"elementor-tab-content-1072\" class=\"elementor-tab-content elementor-clearfix\" data-tab=\"2\" role=\"tabpanel\" aria-labelledby=\"elementor-tab-title-1072\" tabindex=\"0\" hidden=\"hidden\"><p><a href=\"https:\/\/carreras.uleam.edu.ec\/extension-chone\/wp-content\/uploads\/sites\/78\/2023\/03\/MALLA-PSICOLOGIA-EDUCATIVA.pdf\" target=\"_blank\" rel=\"noopener\"><img loading=\"lazy\" decoding=\"async\" class=\"alignnone wp-image-602 size-large\" src=\"https:\/\/carreras.uleam.edu.ec\/extension-chone\/wp-content\/uploads\/sites\/78\/2023\/03\/MALLA-PSICOLOGIA-EDUCATIVA-CHONE-1024x644.png\" alt=\"\" width=\"1024\" height=\"644\" srcset=\"https:\/\/carreras.uleam.edu.ec\/extension-chone\/wp-content\/uploads\/sites\/78\/2023\/03\/MALLA-PSICOLOGIA-EDUCATIVA-CHONE-1024x644.png 1024w, https:\/\/carreras.uleam.edu.ec\/extension-chone\/wp-content\/uploads\/sites\/78\/2023\/03\/MALLA-PSICOLOGIA-EDUCATIVA-CHONE-300x189.png 300w, https:\/\/carreras.uleam.edu.ec\/extension-chone\/wp-content\/uploads\/sites\/78\/2023\/03\/MALLA-PSICOLOGIA-EDUCATIVA-CHONE-768x483.png 768w, https:\/\/carreras.uleam.edu.ec\/extension-chone\/wp-content\/uploads\/sites\/78\/2023\/03\/MALLA-PSICOLOGIA-EDUCATIVA-CHONE-1536x966.png 1536w, https:\/\/carreras.uleam.edu.ec\/extension-chone\/wp-content\/uploads\/sites\/78\/2023\/03\/MALLA-PSICOLOGIA-EDUCATIVA-CHONE-2048x1288.png 2048w\" sizes=\"auto, (max-width: 1024px) 100vw, 1024px\" \/><\/a><\/p><\/div>\n\t\t\t\t\t\t\t\t\t<div class=\"elementor-tab-title elementor-tab-mobile-title\" aria-selected=\"false\" data-tab=\"3\" role=\"tab\" tabindex=\"-1\" aria-controls=\"elementor-tab-content-1073\" aria-expanded=\"false\">Docentes<\/div>\n\t\t\t\t\t<div id=\"elementor-tab-content-1073\" class=\"elementor-tab-content elementor-clearfix\" data-tab=\"3\" role=\"tabpanel\" aria-labelledby=\"elementor-tab-title-1073\" tabindex=\"0\" hidden=\"hidden\"><ul><li>Lic. Aveiga Alc\u00edvar Cindy Lisssette, Mgtr.<\/li><li>Lic. Berm\u00fadez Alc\u00edvar Lilia del Roc\u00edo, Mgtr.<\/li><li>Lic. Mendoza Mendoza Magaly Yadira, Mgtr.<\/li><li>Lic.D\u00edaz Acu\u00f1a Washington Ernesto, Mgtr.<\/li><li>Lic. Ram\u00edrez Mendoza Marjorie Alexandra, Mgtr.<\/li><\/ul><\/div>\n\t\t\t\t\t\t\t\t\t<div class=\"elementor-tab-title elementor-tab-mobile-title\" aria-selected=\"false\" data-tab=\"4\" role=\"tab\" tabindex=\"-1\" aria-controls=\"elementor-tab-content-1074\" aria-expanded=\"false\">Datos Generales<\/div>\n\t\t\t\t\t<div id=\"elementor-tab-content-1074\" class=\"elementor-tab-content elementor-clearfix\" data-tab=\"4\" role=\"tabpanel\" aria-labelledby=\"elementor-tab-title-1074\" tabindex=\"0\" hidden=\"hidden\"><ul><li style=\"text-align: center\">Dra. Mar\u00eda In\u00e9s Garc\u00eda Loor, Ph.D<\/li><li style=\"text-align: center\">COORDINADORA DE CARRERA<\/li><li style=\"text-align: center\"><a href=\"mailto:mines.garcia@uleam.edu.ec\">mines.garcia@uleam.edu.ec<\/a>\u00a0<\/li><li style=\"text-align: center\"><hr \/><ul><li>Mar\u00eda Isabel Zambrano Mera<\/li><li>SECRETARIA<\/li><li><a href=\"mailto:isabel.zambrano@uleam.edu.ec\">isabel.zambrano@uleam.edu.ec<\/a><\/li><\/ul><\/li><\/ul><hr \/><ul><li style=\"text-align: center\">HORARIO DE ATENCI\u00d3N:<\/li><li style=\"text-align: center\">08:00 A 17:00\u00a0<\/li><li style=\"text-align: center\">Lunes \u2013 Viernes<\/li><\/ul><\/div>\n\t\t\t\t\t\t\t\t\t<div class=\"elementor-tab-title elementor-tab-mobile-title\" aria-selected=\"false\" data-tab=\"5\" role=\"tab\" tabindex=\"-1\" aria-controls=\"elementor-tab-content-1075\" aria-expanded=\"false\">Gesti\u00f3n y Proceso Estudiantil<\/div>\n\t\t\t\t\t<div id=\"elementor-tab-content-1075\" class=\"elementor-tab-content elementor-clearfix\" data-tab=\"5\" role=\"tabpanel\" aria-labelledby=\"elementor-tab-title-1075\" tabindex=\"0\" hidden=\"hidden\"><ul><li>\u21d2\u00a0<a href=\"https:\/\/carreras.uleam.edu.ec\/extension-chone\/wp-content\/uploads\/sites\/78\/2024\/07\/PRACTICA-PRE-PROFEIONALES-PSICOLOGIA.png\" target=\"_blank\" rel=\"noopener\">Pr\u00e1cticas Pre-profesionales<\/a><\/li><li>\u21d2 <a href=\"https:\/\/carreras.uleam.edu.ec\/extension-chone\/wp-content\/uploads\/sites\/78\/2024\/07\/COMISIONES-PSICOLOGIA.png\" target=\"_blank\" rel=\"noopener\">Comisiones<\/a><\/li><li>\u21d2 <a href=\"https:\/\/departamentos.uleam.edu.ec\/gestion-aseguramiento-calidad\/2019\/04\/08\/matricula\/\">Matr\u00edcula<\/a><\/li><li>\u21d2 <a href=\"https:\/\/departamentos.uleam.edu.ec\/gestion-aseguramiento-calidad\/reingreso-de-estudiantes\/\">Reingreso de estudiantes<\/a><\/li><li>\u21d2 <a href=\"https:\/\/departamentos.uleam.edu.ec\/gestion-aseguramiento-calidad\/homologacion-de-estudios-por-analisis-comparativo-de-contenidos\/\">Homologaci\u00f3n de Estudios por An\u00e1lisis Comparativo de Contenidos<\/a><\/li><\/ul><\/div>\n\t\t\t\t\t\t\t<\/div>\n\t\t<\/div>\n\t\t\t\t<\/div>\n\t\t\t\t<\/div>\n\t\t\t\t\t<\/div>\n\t\t<\/div>\n\t\t\t\t\t\t\t<\/div>\n\t\t<\/section>\n\t\t\t\t\t\t<\/div>\n\t\t\t\t\t<\/div>\n\t\t","protected":false},"excerpt":{"rendered":"<p>Descripci\u00f3n General de la Carrera Malla Curricular Docentes Datos Generales Gesti\u00f3n y Proceso Estudiantil Descripci\u00f3n General de la Carrera Nombre de la Carrera:\u00a0 \u00a0 \u00a0 \u00a0 \u00a0 \u00a0 \u00a0 \u00a0 \u00a0 \u00a0\u00a0 PSICOLOG\u00cdA EDUCATIVA T\u00edtulo que otorga:\u00a0 \u00a0 \u00a0 \u00a0 [&hellip;]<\/p>\n","protected":false},"author":7,"featured_media":0,"parent":0,"menu_order":0,"comment_status":"closed","ping_status":"closed","template":"","meta":{"_acf_changed":false,"footnotes":""},"class_list":["post-170","page","type-page","status-publish","hentry"],"acf":[],"_links":{"self":[{"href":"https:\/\/carreras.uleam.edu.ec\/extension-chone\/wp-json\/wp\/v2\/pages\/170","targetHints":{"allow":["GET"]}}],"collection":[{"href":"https:\/\/carreras.uleam.edu.ec\/extension-chone\/wp-json\/wp\/v2\/pages"}],"about":[{"href":"https:\/\/carreras.uleam.edu.ec\/extension-chone\/wp-json\/wp\/v2\/types\/page"}],"author":[{"embeddable":true,"href":"https:\/\/carreras.uleam.edu.ec\/extension-chone\/wp-json\/wp\/v2\/users\/7"}],"replies":[{"embeddable":true,"href":"https:\/\/carreras.uleam.edu.ec\/extension-chone\/wp-json\/wp\/v2\/comments?post=170"}],"version-history":[{"count":57,"href":"https:\/\/carreras.uleam.edu.ec\/extension-chone\/wp-json\/wp\/v2\/pages\/170\/revisions"}],"predecessor-version":[{"id":1139,"href":"https:\/\/carreras.uleam.edu.ec\/extension-chone\/wp-json\/wp\/v2\/pages\/170\/revisions\/1139"}],"wp:attachment":[{"href":"https:\/\/carreras.uleam.edu.ec\/extension-chone\/wp-json\/wp\/v2\/media?parent=170"}],"curies":[{"name":"wp","href":"https:\/\/api.w.org\/{rel}","templated":true}]}}