{"id":22,"date":"2022-09-09T03:42:28","date_gmt":"2022-09-09T03:42:28","guid":{"rendered":"https:\/\/carreras.uleam.edu.ec\/extension-chone\/?page_id=22"},"modified":"2025-02-17T21:56:16","modified_gmt":"2025-02-17T21:56:16","slug":"inicio","status":"publish","type":"page","link":"https:\/\/carreras.uleam.edu.ec\/extension-chone\/","title":{"rendered":"Inicio"},"content":{"rendered":"\t\t<div data-elementor-type=\"wp-page\" data-elementor-id=\"22\" class=\"elementor elementor-22\" data-elementor-settings=\"[]\">\n\t\t\t\t\t\t\t<div class=\"elementor-section-wrap\">\n\t\t\t\t\t\t\t<section class=\"elementor-section elementor-top-section elementor-element elementor-element-581b91b elementor-section-full_width elementor-section-height-default elementor-section-height-default\" data-id=\"581b91b\" data-element_type=\"section\">\n\t\t\t\t\t\t<div class=\"elementor-container elementor-column-gap-default\">\n\t\t\t\t\t<div class=\"elementor-column elementor-col-100 elementor-top-column elementor-element elementor-element-1252dee\" data-id=\"1252dee\" data-element_type=\"column\">\n\t\t\t<div class=\"elementor-widget-wrap elementor-element-populated\">\n\t\t\t\t\t\t\t\t<div class=\"elementor-element elementor-element-4f61c10 elementor-widget elementor-widget-image\" data-id=\"4f61c10\" data-element_type=\"widget\" data-widget_type=\"image.default\">\n\t\t\t\t<div class=\"elementor-widget-container\">\n\t\t\t\t\t\t\t\t\t\t\t\t\t\t\t<img loading=\"lazy\" decoding=\"async\" width=\"3236\" height=\"881\" src=\"https:\/\/carreras.uleam.edu.ec\/extension-chone\/wp-content\/uploads\/sites\/78\/2022\/09\/CABECERA-CHONE.png\" class=\"attachment-full size-full\" alt=\"\" srcset=\"https:\/\/carreras.uleam.edu.ec\/extension-chone\/wp-content\/uploads\/sites\/78\/2022\/09\/CABECERA-CHONE.png 3236w, https:\/\/carreras.uleam.edu.ec\/extension-chone\/wp-content\/uploads\/sites\/78\/2022\/09\/CABECERA-CHONE-300x82.png 300w, https:\/\/carreras.uleam.edu.ec\/extension-chone\/wp-content\/uploads\/sites\/78\/2022\/09\/CABECERA-CHONE-1024x279.png 1024w, https:\/\/carreras.uleam.edu.ec\/extension-chone\/wp-content\/uploads\/sites\/78\/2022\/09\/CABECERA-CHONE-768x209.png 768w, https:\/\/carreras.uleam.edu.ec\/extension-chone\/wp-content\/uploads\/sites\/78\/2022\/09\/CABECERA-CHONE-1536x418.png 1536w, https:\/\/carreras.uleam.edu.ec\/extension-chone\/wp-content\/uploads\/sites\/78\/2022\/09\/CABECERA-CHONE-2048x558.png 2048w\" sizes=\"auto, (max-width: 3236px) 100vw, 3236px\" \/>\t\t\t\t\t\t\t\t\t\t\t\t\t\t\t<\/div>\n\t\t\t\t<\/div>\n\t\t\t\t\t<\/div>\n\t\t<\/div>\n\t\t\t\t\t\t\t<\/div>\n\t\t<\/section>\n\t\t\t\t<section class=\"elementor-section elementor-top-section elementor-element elementor-element-ace327d elementor-section-boxed elementor-section-height-default elementor-section-height-default\" data-id=\"ace327d\" data-element_type=\"section\">\n\t\t\t\t\t\t<div class=\"elementor-container elementor-column-gap-default\">\n\t\t\t\t\t<div class=\"elementor-column elementor-col-100 elementor-top-column elementor-element elementor-element-9ca6d6d\" data-id=\"9ca6d6d\" data-element_type=\"column\">\n\t\t\t<div class=\"elementor-widget-wrap elementor-element-populated\">\n\t\t\t\t\t\t\t\t<div class=\"elementor-element elementor-element-0a94967 elementor-tabs-view-horizontal elementor-widget elementor-widget-tabs\" data-id=\"0a94967\" data-element_type=\"widget\" data-widget_type=\"tabs.default\">\n\t\t\t\t<div class=\"elementor-widget-container\">\n\t\t\t\t\t<div class=\"elementor-tabs\">\n\t\t\t<div class=\"elementor-tabs-wrapper\" role=\"tablist\" >\n\t\t\t\t\t\t\t\t\t<div id=\"elementor-tab-title-1101\" class=\"elementor-tab-title elementor-tab-desktop-title\" aria-selected=\"true\" data-tab=\"1\" role=\"tab\" tabindex=\"0\" aria-controls=\"elementor-tab-content-1101\" aria-expanded=\"false\">Promocional de la Extensi\u00f3n Chone<\/div>\n\t\t\t\t\t\t\t\t\t<div id=\"elementor-tab-title-1102\" class=\"elementor-tab-title elementor-tab-desktop-title\" aria-selected=\"false\" data-tab=\"2\" role=\"tab\" tabindex=\"-1\" aria-controls=\"elementor-tab-content-1102\" aria-expanded=\"false\">Carreras<\/div>\n\t\t\t\t\t\t\t\t\t<div id=\"elementor-tab-title-1103\" class=\"elementor-tab-title elementor-tab-desktop-title\" aria-selected=\"false\" data-tab=\"3\" role=\"tab\" tabindex=\"-1\" aria-controls=\"elementor-tab-content-1103\" aria-expanded=\"false\">Autoridades<\/div>\n\t\t\t\t\t\t\t\t\t<div id=\"elementor-tab-title-1104\" class=\"elementor-tab-title elementor-tab-desktop-title\" aria-selected=\"false\" data-tab=\"4\" role=\"tab\" tabindex=\"-1\" aria-controls=\"elementor-tab-content-1104\" aria-expanded=\"false\">Misi\u00f3n y Visi\u00f3n<\/div>\n\t\t\t\t\t\t\t\t\t<div id=\"elementor-tab-title-1105\" class=\"elementor-tab-title elementor-tab-desktop-title\" aria-selected=\"false\" data-tab=\"5\" role=\"tab\" tabindex=\"-1\" aria-controls=\"elementor-tab-content-1105\" aria-expanded=\"false\">Organigrama<\/div>\n\t\t\t\t\t\t\t\t\t<div id=\"elementor-tab-title-1106\" class=\"elementor-tab-title elementor-tab-desktop-title\" aria-selected=\"false\" data-tab=\"6\" role=\"tab\" tabindex=\"-1\" aria-controls=\"elementor-tab-content-1106\" aria-expanded=\"false\">Convenios<\/div>\n\t\t\t\t\t\t\t<\/div>\n\t\t\t<div class=\"elementor-tabs-content-wrapper\" role=\"tablist\" aria-orientation=\"vertical\">\n\t\t\t\t\t\t\t\t\t<div class=\"elementor-tab-title elementor-tab-mobile-title\" aria-selected=\"true\" data-tab=\"1\" role=\"tab\" tabindex=\"0\" aria-controls=\"elementor-tab-content-1101\" aria-expanded=\"false\">Promocional de la Extensi\u00f3n Chone<\/div>\n\t\t\t\t\t<div id=\"elementor-tab-content-1101\" class=\"elementor-tab-content elementor-clearfix\" data-tab=\"1\" role=\"tabpanel\" aria-labelledby=\"elementor-tab-title-1101\" tabindex=\"0\" hidden=\"false\"><p><iframe loading=\"lazy\" title=\"Extensi\u00f3n Chone \ud83d\udd34EN VIVO EXPO-ULEAM 2024\" width=\"500\" height=\"281\" src=\"https:\/\/www.youtube.com\/embed\/E7jE5B198PE?feature=oembed\" frameborder=\"0\" allow=\"accelerometer; autoplay; clipboard-write; encrypted-media; gyroscope; picture-in-picture; web-share\" referrerpolicy=\"strict-origin-when-cross-origin\" allowfullscreen><\/iframe><\/p><\/div>\n\t\t\t\t\t\t\t\t\t<div class=\"elementor-tab-title elementor-tab-mobile-title\" aria-selected=\"false\" data-tab=\"2\" role=\"tab\" tabindex=\"-1\" aria-controls=\"elementor-tab-content-1102\" aria-expanded=\"false\">Carreras<\/div>\n\t\t\t\t\t<div id=\"elementor-tab-content-1102\" class=\"elementor-tab-content elementor-clearfix\" data-tab=\"2\" role=\"tabpanel\" aria-labelledby=\"elementor-tab-title-1102\" tabindex=\"0\" hidden=\"hidden\"><ul><li><span style=\"color: #000000\"><a style=\"color: #000000\" href=\"https:\/\/carreras.uleam.edu.ec\/extension-chone\/carrera-de-administracion-de-empresas-extension-chone\/\"><strong>Administraci\u00f3n de Empresas<\/strong><\/a>\u00a0<\/span><\/li><li><span style=\"color: #000000\"><strong><a style=\"color: #000000\" href=\"https:\/\/carreras.uleam.edu.ec\/extension-chone\/carrera-de-tecnologias-de-la-informacion-extension-chone\/\">Tecnolog\u00edas de la Informaci\u00f3n\u00a0<\/a><\/strong><\/span><\/li><li><span style=\"color: #000000\"><a style=\"color: #000000\" href=\"https:\/\/carreras.uleam.edu.ec\/extension-chone\/carrera-de-agropecuaria-extension-chone\/\"><strong>Agropecuaria<\/strong><\/a><\/span><\/li><li><span style=\"color: #000000\"><a style=\"color: #000000\" href=\"https:\/\/carreras.uleam.edu.ec\/extension-chone\/carrera-de-idiomas-nacionales-y-extranjeros-extension-chone\/\"><strong>Pedagog\u00eda de los Idiomas Nacionales y Extranjeros<\/strong><\/a>\u00a0<\/span><\/li><li><span style=\"color: #000000\"><a style=\"color: #000000\" href=\"https:\/\/carreras.uleam.edu.ec\/extension-chone\/carrera-de-pedagogia-de-las-ciencias-experimentales-extension-chone\/\"><strong>Pedagog\u00eda de las Ciencias<\/strong><\/a> <a style=\"color: #000000\" href=\"https:\/\/carreras.uleam.edu.ec\/extension-chone\/carrera-de-pedagogia-de-las-ciencias-experimentales-extension-chone\/\"><strong>Experimentales<\/strong><\/a>\u00a0<\/span><\/li><li><span style=\"color: #000000\"><a style=\"color: #000000\" href=\"https:\/\/carreras.uleam.edu.ec\/extension-chone\/carrera-de-artes-plasticas-extension-chone\/\"><strong>Artes Pl\u00e1sticas<\/strong><\/a><\/span><\/li><li><span style=\"color: #000000\"><strong><a style=\"color: #000000\" href=\"https:\/\/carreras.uleam.edu.ec\/extension-chone\/carrera-educacion-inicial\/\">Educaci\u00f3n Inicial<\/a><\/strong><\/span><\/li><li><a href=\"https:\/\/carreras.uleam.edu.ec\/extension-chone\/carrera-enfermeria\/\" target=\"_blank\" rel=\"noopener\"><span style=\"color: #000000\"><b>Enfermer\u00eda<\/b><\/span><\/a><\/li><li><span style=\"color: #000000\"><a style=\"color: #000000\" href=\"https:\/\/carreras.uleam.edu.ec\/extension-chone\/carrera-software\/\"><strong>Software <\/strong><\/a><\/span><\/li><li><span style=\"color: #000000\"><a style=\"color: #000000\" href=\"https:\/\/carreras.uleam.edu.ec\/extension-chone\/carrera-agronegocios\/\"><strong>Agronegocios<\/strong><\/a>\u00a0<\/span><\/li><li><span style=\"color: #000000\"><a style=\"color: #000000\" href=\"https:\/\/carreras.uleam.edu.ec\/extension-chone\/carrera-de-alimentos\/\"><strong>Alimentos<\/strong><\/a> <\/span><\/li><li><span style=\"color: #000000\"><a style=\"color: #000000\" href=\"https:\/\/carreras.uleam.edu.ec\/extension-chone\/carrera-en-psicologia-educativa\/\"><strong>Psicolog\u00eda Educativa<\/strong><\/a><\/span><\/li><li><span style=\"color: #000000\"><strong><a class=\"row-title\" style=\"color: #000000\" href=\"https:\/\/carreras.uleam.edu.ec\/extension-chone\/carrera-ingenieria-electrica\/\" aria-label=\"\u00abCarrera Ingenier\u00eda El\u00e9ctrica\u00bb (Editar)\">Electricidad<\/a><\/strong><\/span><\/li><li><span style=\"color: #000000\"><strong><a class=\"row-title\" style=\"color: #000000\" href=\"https:\/\/carreras.uleam.edu.ec\/extension-chone\/carrera-ingenieria-civil\/\" aria-label=\"\u00abCarrera Ingenier\u00eda Civil\u00bb (Editar)\">Ingenier\u00eda Civil<\/a><\/strong><\/span><\/li><li><span style=\"color: #000000\"><strong><a class=\"row-title\" style=\"color: #000000\" href=\"https:\/\/carreras.uleam.edu.ec\/extension-chone\/carrera-de-derecho\/\" aria-label=\"\u00abCarrera de Derecho\u00bb (Editar)\">Derecho<\/a><\/strong><\/span><\/li><li><span style=\"color: #000000\"><strong><a class=\"row-title\" style=\"color: #000000\" href=\"https:\/\/carreras.uleam.edu.ec\/extension-chone\/carrera-de-educacion-basica\/\" aria-label=\"\u00abCarrera de Educaci\u00f3n B\u00e1sica\u00bb (Editar)\">Educaci\u00f3n B\u00e1sica<\/a><\/strong><\/span><\/li><li><a href=\"https:\/\/carreras.uleam.edu.ec\/extension-chone\/carrera-arquitectura\/\"><strong>Arquitectura<\/strong><\/a><\/li><li><strong><a href=\"https:\/\/carreras.uleam.edu.ec\/extension-chone\/carrera-nutricion-y-dietetica\/\">Nutrici\u00f3n y Diet\u00e9tica<\/a><\/strong><\/li><\/ul><\/div>\n\t\t\t\t\t\t\t\t\t<div class=\"elementor-tab-title elementor-tab-mobile-title\" aria-selected=\"false\" data-tab=\"3\" role=\"tab\" tabindex=\"-1\" aria-controls=\"elementor-tab-content-1103\" aria-expanded=\"false\">Autoridades<\/div>\n\t\t\t\t\t<div id=\"elementor-tab-content-1103\" class=\"elementor-tab-content elementor-clearfix\" data-tab=\"3\" role=\"tabpanel\" aria-labelledby=\"elementor-tab-title-1103\" tabindex=\"0\" hidden=\"hidden\"><p><img loading=\"lazy\" decoding=\"async\" class=\"alignnone wp-image-983 size-large\" src=\"https:\/\/carreras.uleam.edu.ec\/extension-chone\/wp-content\/uploads\/sites\/78\/2025\/02\/FOTOS-PARA-DECANOS-2025-chone-1024x576.png\" alt=\"\" width=\"1024\" height=\"576\" srcset=\"https:\/\/carreras.uleam.edu.ec\/extension-chone\/wp-content\/uploads\/sites\/78\/2025\/02\/FOTOS-PARA-DECANOS-2025-chone-1024x576.png 1024w, https:\/\/carreras.uleam.edu.ec\/extension-chone\/wp-content\/uploads\/sites\/78\/2025\/02\/FOTOS-PARA-DECANOS-2025-chone-300x169.png 300w, https:\/\/carreras.uleam.edu.ec\/extension-chone\/wp-content\/uploads\/sites\/78\/2025\/02\/FOTOS-PARA-DECANOS-2025-chone-768x432.png 768w, https:\/\/carreras.uleam.edu.ec\/extension-chone\/wp-content\/uploads\/sites\/78\/2025\/02\/FOTOS-PARA-DECANOS-2025-chone-1536x864.png 1536w, https:\/\/carreras.uleam.edu.ec\/extension-chone\/wp-content\/uploads\/sites\/78\/2025\/02\/FOTOS-PARA-DECANOS-2025-chone-2048x1152.png 2048w\" sizes=\"auto, (max-width: 1024px) 100vw, 1024px\" \/><\/p><p style=\"text-align: center\">HORARIO DE ATENCI\u00d3N:<\/p><p style=\"text-align: center\">DE 08:00 A 17:00\u00a0<\/p><p style=\"text-align: center\">Lunes \u2013 Viernes<\/p><hr \/><p style=\"text-align: center\">CONSEJO DE EXTENSI\u00d3N<\/p><p style=\"text-align: center\">Ing. Nilo Andrade Acosta. Mg.\u00a0 &#8211;PRIMER VOCAL PRINCIPAL<\/p><p style=\"text-align: center\">Dr. Holger Mu\u00f1oz Ponce, Ph.D\u00a0 &#8211;SEGUNDO VOCAL PRINCIPAL<\/p><p style=\"text-align: center\">Sr. Bryan Mac\u00edas Alc\u00edvar\u00a0 &#8211;REPRESENTANTE DE LOS ESTUDIANTES<\/p><p style=\"text-align: center\">Lic. Biuty Men\u00e9ndez \u00c1lvarez\u00a0 &#8211;REPRESENTANTE DE LOS EMPLEADOS<\/p><\/div>\n\t\t\t\t\t\t\t\t\t<div class=\"elementor-tab-title elementor-tab-mobile-title\" aria-selected=\"false\" data-tab=\"4\" role=\"tab\" tabindex=\"-1\" aria-controls=\"elementor-tab-content-1104\" aria-expanded=\"false\">Misi\u00f3n y Visi\u00f3n<\/div>\n\t\t\t\t\t<div id=\"elementor-tab-content-1104\" class=\"elementor-tab-content elementor-clearfix\" data-tab=\"4\" role=\"tabpanel\" aria-labelledby=\"elementor-tab-title-1104\" tabindex=\"0\" hidden=\"hidden\"><p><strong>Misi\u00f3n<\/strong><\/p><p>Formar profesionales competentes y emprendedores desde lo acad\u00e9mico, la investigaci\u00f3n y la vinculaci\u00f3n, que contribuyan a mejorar la calidad de vida de la sociedad.<\/p><p><strong>Visi\u00f3n<\/strong><\/p><p>Ser referente nacional e internacional de instituci\u00f3n de educaci\u00f3n superior que contribuye al desarrollo social, cultural y productivo con profesionales \u00e9ticos, creativos, cualificados y con sentido de pertinencia<\/p><\/div>\n\t\t\t\t\t\t\t\t\t<div class=\"elementor-tab-title elementor-tab-mobile-title\" aria-selected=\"false\" data-tab=\"5\" role=\"tab\" tabindex=\"-1\" aria-controls=\"elementor-tab-content-1105\" aria-expanded=\"false\">Organigrama<\/div>\n\t\t\t\t\t<div id=\"elementor-tab-content-1105\" class=\"elementor-tab-content elementor-clearfix\" data-tab=\"5\" role=\"tabpanel\" aria-labelledby=\"elementor-tab-title-1105\" tabindex=\"0\" hidden=\"hidden\"><p><img loading=\"lazy\" decoding=\"async\" class=\"alignnone wp-image-67 size-full\" src=\"https:\/\/carreras.uleam.edu.ec\/extension-chone\/wp-content\/uploads\/sites\/78\/2022\/11\/ORGANIGRAMA-ESTRUCTURAL-DE-LA-ULEAM-2012-1024x724-CHONE.jpg\" alt=\"\" width=\"1024\" height=\"724\" srcset=\"https:\/\/carreras.uleam.edu.ec\/extension-chone\/wp-content\/uploads\/sites\/78\/2022\/11\/ORGANIGRAMA-ESTRUCTURAL-DE-LA-ULEAM-2012-1024x724-CHONE.jpg 1024w, https:\/\/carreras.uleam.edu.ec\/extension-chone\/wp-content\/uploads\/sites\/78\/2022\/11\/ORGANIGRAMA-ESTRUCTURAL-DE-LA-ULEAM-2012-1024x724-CHONE-300x212.jpg 300w, https:\/\/carreras.uleam.edu.ec\/extension-chone\/wp-content\/uploads\/sites\/78\/2022\/11\/ORGANIGRAMA-ESTRUCTURAL-DE-LA-ULEAM-2012-1024x724-CHONE-768x543.jpg 768w\" sizes=\"auto, (max-width: 1024px) 100vw, 1024px\" \/><\/p><\/div>\n\t\t\t\t\t\t\t\t\t<div class=\"elementor-tab-title elementor-tab-mobile-title\" aria-selected=\"false\" data-tab=\"6\" role=\"tab\" tabindex=\"-1\" aria-controls=\"elementor-tab-content-1106\" aria-expanded=\"false\">Convenios<\/div>\n\t\t\t\t\t<div id=\"elementor-tab-content-1106\" class=\"elementor-tab-content elementor-clearfix\" data-tab=\"6\" role=\"tabpanel\" aria-labelledby=\"elementor-tab-title-1106\" tabindex=\"0\" hidden=\"hidden\"><p style=\"padding-left: 360px\"><a href=\"https:\/\/departamentos.uleam.edu.ec\/procuraduria\/convenios\/\" target=\"_blank\" rel=\"noopener\"><img loading=\"lazy\" decoding=\"async\" class=\"size-medium wp-image-69 aligncenter\" src=\"https:\/\/carreras.uleam.edu.ec\/extension-chone\/wp-content\/uploads\/sites\/78\/2022\/11\/convenios-300x256.png\" alt=\"\" width=\"300\" height=\"256\" srcset=\"https:\/\/carreras.uleam.edu.ec\/extension-chone\/wp-content\/uploads\/sites\/78\/2022\/11\/convenios-300x256.png 300w, https:\/\/carreras.uleam.edu.ec\/extension-chone\/wp-content\/uploads\/sites\/78\/2022\/11\/convenios-768x656.png 768w, https:\/\/carreras.uleam.edu.ec\/extension-chone\/wp-content\/uploads\/sites\/78\/2022\/11\/convenios.png 854w\" sizes=\"auto, (max-width: 300px) 100vw, 300px\" \/><\/a><\/p><\/div>\n\t\t\t\t\t\t\t<\/div>\n\t\t<\/div>\n\t\t\t\t<\/div>\n\t\t\t\t<\/div>\n\t\t\t\t\t<\/div>\n\t\t<\/div>\n\t\t\t\t\t\t\t<\/div>\n\t\t<\/section>\n\t\t\t\t\t\t<\/div>\n\t\t\t\t\t<\/div>\n\t\t","protected":false},"excerpt":{"rendered":"<p>Promocional de la Extensi\u00f3n Chone Carreras Autoridades Misi\u00f3n y Visi\u00f3n Organigrama Convenios Promocional de la Extensi\u00f3n Chone Carreras Administraci\u00f3n de Empresas\u00a0 Tecnolog\u00edas de la Informaci\u00f3n\u00a0 Agropecuaria Pedagog\u00eda de los Idiomas Nacionales y Extranjeros\u00a0 Pedagog\u00eda de las Ciencias Experimentales\u00a0 Artes Pl\u00e1sticas [&hellip;]<\/p>\n","protected":false},"author":7,"featured_media":0,"parent":0,"menu_order":0,"comment_status":"closed","ping_status":"closed","template":"elementor_canvas","meta":{"_acf_changed":false,"footnotes":""},"class_list":["post-22","page","type-page","status-publish","hentry"],"acf":[],"_links":{"self":[{"href":"https:\/\/carreras.uleam.edu.ec\/extension-chone\/wp-json\/wp\/v2\/pages\/22","targetHints":{"allow":["GET"]}}],"collection":[{"href":"https:\/\/carreras.uleam.edu.ec\/extension-chone\/wp-json\/wp\/v2\/pages"}],"about":[{"href":"https:\/\/carreras.uleam.edu.ec\/extension-chone\/wp-json\/wp\/v2\/types\/page"}],"author":[{"embeddable":true,"href":"https:\/\/carreras.uleam.edu.ec\/extension-chone\/wp-json\/wp\/v2\/users\/7"}],"replies":[{"embeddable":true,"href":"https:\/\/carreras.uleam.edu.ec\/extension-chone\/wp-json\/wp\/v2\/comments?post=22"}],"version-history":[{"count":110,"href":"https:\/\/carreras.uleam.edu.ec\/extension-chone\/wp-json\/wp\/v2\/pages\/22\/revisions"}],"predecessor-version":[{"id":984,"href":"https:\/\/carreras.uleam.edu.ec\/extension-chone\/wp-json\/wp\/v2\/pages\/22\/revisions\/984"}],"wp:attachment":[{"href":"https:\/\/carreras.uleam.edu.ec\/extension-chone\/wp-json\/wp\/v2\/media?parent=22"}],"curies":[{"name":"wp","href":"https:\/\/api.w.org\/{rel}","templated":true}]}}