{"id":306,"date":"2023-01-17T16:02:05","date_gmt":"2023-01-17T16:02:05","guid":{"rendered":"https:\/\/carreras.uleam.edu.ec\/extension-chone\/?page_id=306"},"modified":"2025-03-14T20:27:17","modified_gmt":"2025-03-14T20:27:17","slug":"carrera-enfermeria","status":"publish","type":"page","link":"https:\/\/carreras.uleam.edu.ec\/extension-chone\/carrera-enfermeria\/","title":{"rendered":"Carrera Enfermer\u00eda"},"content":{"rendered":"\t\t<div data-elementor-type=\"wp-page\" data-elementor-id=\"306\" class=\"elementor elementor-306\" data-elementor-settings=\"[]\">\n\t\t\t\t\t\t\t<div class=\"elementor-section-wrap\">\n\t\t\t\t\t\t\t<section class=\"elementor-section elementor-top-section elementor-element elementor-element-e3554d6 elementor-section-boxed elementor-section-height-default elementor-section-height-default\" data-id=\"e3554d6\" data-element_type=\"section\">\n\t\t\t\t\t\t<div class=\"elementor-container elementor-column-gap-default\">\n\t\t\t\t\t<div class=\"elementor-column elementor-col-100 elementor-top-column elementor-element elementor-element-3054062\" data-id=\"3054062\" data-element_type=\"column\">\n\t\t\t<div class=\"elementor-widget-wrap elementor-element-populated\">\n\t\t\t\t\t\t\t\t<div class=\"elementor-element elementor-element-4d49867 elementor-tabs-view-horizontal elementor-widget elementor-widget-tabs\" data-id=\"4d49867\" data-element_type=\"widget\" data-widget_type=\"tabs.default\">\n\t\t\t\t<div class=\"elementor-widget-container\">\n\t\t\t\t\t<div class=\"elementor-tabs\">\n\t\t\t<div class=\"elementor-tabs-wrapper\" role=\"tablist\" >\n\t\t\t\t\t\t\t\t\t<div id=\"elementor-tab-title-8101\" class=\"elementor-tab-title elementor-tab-desktop-title\" aria-selected=\"true\" data-tab=\"1\" role=\"tab\" tabindex=\"0\" aria-controls=\"elementor-tab-content-8101\" aria-expanded=\"false\">Bienvenidos<\/div>\n\t\t\t\t\t\t\t\t\t<div id=\"elementor-tab-title-8102\" class=\"elementor-tab-title elementor-tab-desktop-title\" aria-selected=\"false\" data-tab=\"2\" role=\"tab\" tabindex=\"-1\" aria-controls=\"elementor-tab-content-8102\" aria-expanded=\"false\">Misi\u00f3n y Visi\u00f3n<\/div>\n\t\t\t\t\t\t\t\t\t<div id=\"elementor-tab-title-8103\" class=\"elementor-tab-title elementor-tab-desktop-title\" aria-selected=\"false\" data-tab=\"3\" role=\"tab\" tabindex=\"-1\" aria-controls=\"elementor-tab-content-8103\" aria-expanded=\"false\">Descripci\u00f3n General de la Carrera<\/div>\n\t\t\t\t\t\t\t\t\t<div id=\"elementor-tab-title-8104\" class=\"elementor-tab-title elementor-tab-desktop-title\" aria-selected=\"false\" data-tab=\"4\" role=\"tab\" tabindex=\"-1\" aria-controls=\"elementor-tab-content-8104\" aria-expanded=\"false\">Malla Curricular<\/div>\n\t\t\t\t\t\t\t\t\t<div id=\"elementor-tab-title-8105\" class=\"elementor-tab-title elementor-tab-desktop-title\" aria-selected=\"false\" data-tab=\"5\" role=\"tab\" tabindex=\"-1\" aria-controls=\"elementor-tab-content-8105\" aria-expanded=\"false\">Docentes<\/div>\n\t\t\t\t\t\t\t\t\t<div id=\"elementor-tab-title-8106\" class=\"elementor-tab-title elementor-tab-desktop-title\" aria-selected=\"false\" data-tab=\"6\" role=\"tab\" tabindex=\"-1\" aria-controls=\"elementor-tab-content-8106\" aria-expanded=\"false\">Datos Generales<\/div>\n\t\t\t\t\t\t\t\t\t<div id=\"elementor-tab-title-8107\" class=\"elementor-tab-title elementor-tab-desktop-title\" aria-selected=\"false\" data-tab=\"7\" role=\"tab\" tabindex=\"-1\" aria-controls=\"elementor-tab-content-8107\" aria-expanded=\"false\">Gesti\u00f3n y Proceso Estudiantil<\/div>\n\t\t\t\t\t\t\t<\/div>\n\t\t\t<div class=\"elementor-tabs-content-wrapper\" role=\"tablist\" aria-orientation=\"vertical\">\n\t\t\t\t\t\t\t\t\t<div class=\"elementor-tab-title elementor-tab-mobile-title\" aria-selected=\"true\" data-tab=\"1\" role=\"tab\" tabindex=\"0\" aria-controls=\"elementor-tab-content-8101\" aria-expanded=\"false\">Bienvenidos<\/div>\n\t\t\t\t\t<div id=\"elementor-tab-content-8101\" class=\"elementor-tab-content elementor-clearfix\" data-tab=\"1\" role=\"tabpanel\" aria-labelledby=\"elementor-tab-title-8101\" tabindex=\"0\" hidden=\"false\"><p><a href=\"https:\/\/carreras.uleam.edu.ec\/extension-chone\/wp-content\/uploads\/sites\/78\/2025\/03\/BIENVENIDOS-ENFERMERIA.png\" target=\"_blank\" rel=\"noopener\"><img loading=\"lazy\" decoding=\"async\" class=\"alignnone wp-image-1042 size-large\" src=\"https:\/\/carreras.uleam.edu.ec\/extension-chone\/wp-content\/uploads\/sites\/78\/2025\/03\/BIENVENIDOS-ENFERMERIA-1024x782.png\" alt=\"\" width=\"1024\" height=\"782\" srcset=\"https:\/\/carreras.uleam.edu.ec\/extension-chone\/wp-content\/uploads\/sites\/78\/2025\/03\/BIENVENIDOS-ENFERMERIA-1024x782.png 1024w, https:\/\/carreras.uleam.edu.ec\/extension-chone\/wp-content\/uploads\/sites\/78\/2025\/03\/BIENVENIDOS-ENFERMERIA-300x229.png 300w, https:\/\/carreras.uleam.edu.ec\/extension-chone\/wp-content\/uploads\/sites\/78\/2025\/03\/BIENVENIDOS-ENFERMERIA-768x586.png 768w, https:\/\/carreras.uleam.edu.ec\/extension-chone\/wp-content\/uploads\/sites\/78\/2025\/03\/BIENVENIDOS-ENFERMERIA-1536x1173.png 1536w, https:\/\/carreras.uleam.edu.ec\/extension-chone\/wp-content\/uploads\/sites\/78\/2025\/03\/BIENVENIDOS-ENFERMERIA-2048x1564.png 2048w\" sizes=\"auto, (max-width: 1024px) 100vw, 1024px\" \/><\/a><\/p><\/div>\n\t\t\t\t\t\t\t\t\t<div class=\"elementor-tab-title elementor-tab-mobile-title\" aria-selected=\"false\" data-tab=\"2\" role=\"tab\" tabindex=\"-1\" aria-controls=\"elementor-tab-content-8102\" aria-expanded=\"false\">Misi\u00f3n y Visi\u00f3n<\/div>\n\t\t\t\t\t<div id=\"elementor-tab-content-8102\" class=\"elementor-tab-content elementor-clearfix\" data-tab=\"2\" role=\"tabpanel\" aria-labelledby=\"elementor-tab-title-8102\" tabindex=\"0\" hidden=\"hidden\"><p style=\"text-align: justify\">MISI\u00d3N<\/p><p style=\"text-align: justify\">Formar profesionales competentes y emprendedores desde lo acad\u00e9mico, la investigaci\u00f3n y la vinculaci\u00f3n, que contribuyan a mejorar la calidad de vida de la sociedad.<\/p><p style=\"text-align: justify\">VISI\u00d3N<\/p><p style=\"text-align: justify\">Ser un referente nacional e internacional de Instituci\u00f3n de Educaci\u00f3n Superior que contribuye al desarrollo social, cultural y productivo con profesionales \u00e9ticos, creativos, cualificados y con sentido de pertinencia.<\/p><\/div>\n\t\t\t\t\t\t\t\t\t<div class=\"elementor-tab-title elementor-tab-mobile-title\" aria-selected=\"false\" data-tab=\"3\" role=\"tab\" tabindex=\"-1\" aria-controls=\"elementor-tab-content-8103\" aria-expanded=\"false\">Descripci\u00f3n General de la Carrera<\/div>\n\t\t\t\t\t<div id=\"elementor-tab-content-8103\" class=\"elementor-tab-content elementor-clearfix\" data-tab=\"3\" role=\"tabpanel\" aria-labelledby=\"elementor-tab-title-8103\" tabindex=\"0\" hidden=\"hidden\"><ul><li>NOMBRE DE LA CARRERA:\u00a0 \u00a0 \u00a0 \u00a0 \u00a0 \u00a0 \u00a0 \u00a0 \u00a0 \u00a0 \u00a0 ENFERMER\u00cdA<\/li><li>TITULO QUE OTORGA:\u00a0 \u00a0 \u00a0 \u00a0 \u00a0 \u00a0 \u00a0 \u00a0 \u00a0 \u00a0 \u00a0 \u00a0 \u00a0 \u00a0 \u00a0 \u00a0LIC. EN ENFERMER\u00cdA<\/li><li>MODALIDAD DE APRENDIZAJE:\u00a0 \u00a0 \u00a0 \u00a0 \u00a0 \u00a0 \u00a0 PRESENCIAL<\/li><li>N\u00daMERO DE PERIODOS ORDINARIOS:\u00a0 7 SEMESTRES ACAD\u00c9MICO, 2 SEMESTRES\u00a0INTERNADO.<\/li><\/ul><p style=\"text-align: justify\"><span style=\"text-decoration: underline\">Objetivo General:<\/span><\/p><p style=\"text-align: justify\">Formar profesionales de Enfermer\u00eda a partir de los problemas vinculados al cuidado integral de la persona, la familia, la comunidad y el entorno en los niveles de atenci\u00f3n primaria, secundaria y terciaria de salud desde una visi\u00f3n te\u00f3rico-metodol\u00f3gica, hol\u00edstica y paradigm\u00e1tica, para la transformaci\u00f3n de la calidad de vida de la poblaci\u00f3n aportando al desarrollo de la matriz de servicios del Plan Nacional Creando Oportunidades 2021-2025.<\/p><p style=\"text-align: justify\"><span style=\"text-decoration: underline\">Perfil de Ingreso:<\/span><\/p><p style=\"text-align: justify\">El aspirante a la carrera de Enfermer\u00eda deber\u00e1 caracterizarse por: pensar rigurosamente, utilizar herramientas tecnol\u00f3gicas reflexiva y pragm\u00e1tioamente, actuar como ciudadano responsable, manejar sus emociones en la interrelaci\u00f3n social, cuidar de su salud y bienestar personal, y aprender por el resto de su vida.<\/p><p><span style=\"text-decoration: underline\">Perfil Profesional:<\/span><\/p><p style=\"text-align: justify\">El profesional en Enfermer\u00eda ser\u00e1 capaz de comprender los procesos biol\u00f3gicos, psicol\u00f3gicos, sociales, culturales, comunicativos y educativos, gestionando los procesos de promoci\u00f3n, prevenci\u00f3n, curaci\u00f3n y rehabilitaci\u00f3n dirigido a la persona, el entorno, la salud y el cuidado en los niveles de atenci\u00f3n orientando el desarrollo social y la construcci\u00f3n de la democracia en el marco del Plan Nacional Creando Oportunidades 2021-2025.<\/p><p style=\"text-align: justify\">Para los graduados de la carrera en Enfermer\u00eda de la Universidad Laica Eloy Alfaro de Manab\u00ed ha tenido como objetivo determinar la pertinencia que su perfil profesional, fortalecido por la formaci\u00f3n acad\u00e9mica que recibir\u00e1, atienda a los requerimientos del contexto en funci\u00f3n con las plazas de trabajo que al momento de su graduaci\u00f3n se oferten.<\/p><p style=\"text-align: justify\">Con base a la informaci\u00f3n analizada, el Licenciado\/a en Enfermer\u00eda se puede desempe\u00f1ar en:<\/p><ul style=\"text-align: justify\"><li>-Hospital p\u00fablico o privado y cl\u00ednica<\/li><li>-Centro de salud p\u00fablico<\/li><li>-Centro de salud o consultorio privado<\/li><li>-Subcentro o dispensario p\u00fablico<\/li><li>-Botioa o farmacia<\/li><li>-Enfermero y\/o directivo en instituciones gubernamentales y no gubernamentales (privados, fundaciones u ONG\u2019S) que desarrollen actividades de salud y<\/li><li>-Centros o salas de estimulaci\u00f3n<\/li><li>-Intervenci\u00f3n educativa<\/li><li>-Tambi\u00e9n podr\u00e1 desarrollar actividades como profesional independiente, gestionando proyectos de investigaci\u00f3n en salud, asesor\u00eda para salud o servicios y miembro de equipos transdiciplinarios para instituciones gubernamentales y no gubernamentales (privados, fundaciones u ONG\u2019S).<\/li><\/ul><p style=\"text-align: justify\">Es decir, en cualquier instituci\u00f3n gubernamental o no gubernamental privados, fundaciones u ONG\u2019S) que desarrolle actividades de salud y servicios.<\/p><\/div>\n\t\t\t\t\t\t\t\t\t<div class=\"elementor-tab-title elementor-tab-mobile-title\" aria-selected=\"false\" data-tab=\"4\" role=\"tab\" tabindex=\"-1\" aria-controls=\"elementor-tab-content-8104\" aria-expanded=\"false\">Malla Curricular<\/div>\n\t\t\t\t\t<div id=\"elementor-tab-content-8104\" class=\"elementor-tab-content elementor-clearfix\" data-tab=\"4\" role=\"tabpanel\" aria-labelledby=\"elementor-tab-title-8104\" tabindex=\"0\" hidden=\"hidden\"><p><a href=\"https:\/\/carreras.uleam.edu.ec\/extension-chone\/wp-content\/uploads\/sites\/78\/2023\/01\/MALLA-CURRICULAR-ENFERMERIA.pdf\" target=\"_blank\" rel=\"noopener\"><img loading=\"lazy\" decoding=\"async\" class=\"alignnone wp-image-372 size-large\" src=\"https:\/\/carreras.uleam.edu.ec\/extension-chone\/wp-content\/uploads\/sites\/78\/2023\/01\/malla-enfermeria-chone-1024x688.png\" alt=\"\" width=\"1024\" height=\"688\" srcset=\"https:\/\/carreras.uleam.edu.ec\/extension-chone\/wp-content\/uploads\/sites\/78\/2023\/01\/malla-enfermeria-chone-1024x688.png 1024w, https:\/\/carreras.uleam.edu.ec\/extension-chone\/wp-content\/uploads\/sites\/78\/2023\/01\/malla-enfermeria-chone-300x202.png 300w, https:\/\/carreras.uleam.edu.ec\/extension-chone\/wp-content\/uploads\/sites\/78\/2023\/01\/malla-enfermeria-chone-768x516.png 768w, https:\/\/carreras.uleam.edu.ec\/extension-chone\/wp-content\/uploads\/sites\/78\/2023\/01\/malla-enfermeria-chone-1536x1032.png 1536w, https:\/\/carreras.uleam.edu.ec\/extension-chone\/wp-content\/uploads\/sites\/78\/2023\/01\/malla-enfermeria-chone-2048x1376.png 2048w\" sizes=\"auto, (max-width: 1024px) 100vw, 1024px\" \/><\/a><\/p><\/div>\n\t\t\t\t\t\t\t\t\t<div class=\"elementor-tab-title elementor-tab-mobile-title\" aria-selected=\"false\" data-tab=\"5\" role=\"tab\" tabindex=\"-1\" aria-controls=\"elementor-tab-content-8105\" aria-expanded=\"false\">Docentes<\/div>\n\t\t\t\t\t<div id=\"elementor-tab-content-8105\" class=\"elementor-tab-content elementor-clearfix\" data-tab=\"5\" role=\"tabpanel\" aria-labelledby=\"elementor-tab-title-8105\" tabindex=\"0\" hidden=\"hidden\"><ul><li>Psic. Gema Mar\u00eda Mendoza Garc\u00eda, Mgtr.<\/li><li>Dra. Yaniset Rodr\u00edguez Hern\u00e1ndez, Mgtr.<\/li><li>Ing. Wendy Katherine Pincay Alc\u00edvar, Mgtr.<\/li><li>M\u00e9d. Mar\u00eda Judith Arteaga Veliz, Mgtr.<\/li><li>M\u00e9d. Ariana Lisbeth \u00c1lvarez Reyes, Mgtr.<\/li><li>Lic. Karoline Nicole Lange Garc\u00eda, Mgtr.<\/li><li>Lic. Kelvin Iv\u00e1n Due\u00f1as Zambrano, Mgtr.<\/li><li>Lic. Arnoldo Nicol\u00e1s Farf\u00e1n Astudillo, Mgtr.<\/li><li>Lic. Josselyn Jacqueline Iriarte Vera, Mgtr.<\/li><li>Lic. \u00c1ngela Am\u00e9rica Manzaba Men\u00e9ndez, Mgtr.<\/li><li>Lic. Eddy Rigoberto Mendoza Rodr\u00edguez, Mgtr.<\/li><li>M\u00e9d. Andy Richard Mendoza Cantos, Mgtr.<\/li><li>Lic. Laura Ver\u00f3nica Men\u00e9ndez Arteaga, Mgtr.<\/li><li>Lic. Juan Carlos Mero Vel\u00e1squez, Mgtr.<\/li><li>Lic. Jes\u00fas Orley Reyes \u00c1vila, Mgtr.<\/li><li>Lic. Fabi\u00e1n Ernesto Sol\u00f3rzano Ortiz, Mgtr.<\/li><\/ul><\/div>\n\t\t\t\t\t\t\t\t\t<div class=\"elementor-tab-title elementor-tab-mobile-title\" aria-selected=\"false\" data-tab=\"6\" role=\"tab\" tabindex=\"-1\" aria-controls=\"elementor-tab-content-8106\" aria-expanded=\"false\">Datos Generales<\/div>\n\t\t\t\t\t<div id=\"elementor-tab-content-8106\" class=\"elementor-tab-content elementor-clearfix\" data-tab=\"6\" role=\"tabpanel\" aria-labelledby=\"elementor-tab-title-8106\" tabindex=\"0\" hidden=\"hidden\"><ul><li style=\"text-align: center\">Lic. Eddy Rigoberto Mendoza Rodr\u00edguez, Mg.<\/li><li style=\"text-align: center\">\u00a0COORDINADOR DE CARRERA<\/li><li style=\"text-align: center\"><a href=\"mailto:eddy.mendoza@uleam.edu.ec\">eddy.mendoza@uleam.edu.ec<\/a><br \/><hr \/><\/li><li style=\"text-align: center\">Ing. Martha Cecilia Zambrano Andrade<\/li><li style=\"text-align: center\">SECRETARIA<\/li><li style=\"text-align: center\"><a href=\"mailto:martha.zambrano@uleam.edu.ec\">martha.zambrano@uleam.edu.ec<\/a><br \/><hr \/><\/li><li style=\"text-align: center\">HORARIO DE ATENCI\u00d3N<\/li><li style=\"text-align: center\">08:00 a 17:00<\/li><\/ul><\/div>\n\t\t\t\t\t\t\t\t\t<div class=\"elementor-tab-title elementor-tab-mobile-title\" aria-selected=\"false\" data-tab=\"7\" role=\"tab\" tabindex=\"-1\" aria-controls=\"elementor-tab-content-8107\" aria-expanded=\"false\">Gesti\u00f3n y Proceso Estudiantil<\/div>\n\t\t\t\t\t<div id=\"elementor-tab-content-8107\" class=\"elementor-tab-content elementor-clearfix\" data-tab=\"7\" role=\"tabpanel\" aria-labelledby=\"elementor-tab-title-8107\" tabindex=\"0\" hidden=\"hidden\"><ul><li>\u21d2\u00a0Pr\u00e1cticas Pre-profesionales<\/li><li>\u21d2 <a href=\"https:\/\/carreras.uleam.edu.ec\/extension-chone\/comisiones\/\" target=\"_blank\" rel=\"noopener\">Comisiones<\/a><\/li><li>\u21d2 <a href=\"https:\/\/departamentos.uleam.edu.ec\/gestion-aseguramiento-calidad\/2019\/04\/08\/matricula\/\">Matr\u00edcula<\/a><\/li><li>\u21d2 <a href=\"https:\/\/departamentos.uleam.edu.ec\/gestion-aseguramiento-calidad\/reingreso-de-estudiantes\/\">Reingreso de estudiantes<\/a><\/li><li>\u21d2 <a href=\"https:\/\/departamentos.uleam.edu.ec\/gestion-aseguramiento-calidad\/homologacion-de-estudios-por-analisis-comparativo-de-contenidos\/\">Homologaci\u00f3n de Estudios por An\u00e1lisis \u00a0Comparativo de Contenidos<\/a><\/li><\/ul><\/div>\n\t\t\t\t\t\t\t<\/div>\n\t\t<\/div>\n\t\t\t\t<\/div>\n\t\t\t\t<\/div>\n\t\t\t\t\t<\/div>\n\t\t<\/div>\n\t\t\t\t\t\t\t<\/div>\n\t\t<\/section>\n\t\t\t\t\t\t<\/div>\n\t\t\t\t\t<\/div>\n\t\t","protected":false},"excerpt":{"rendered":"<p>Bienvenidos Misi\u00f3n y Visi\u00f3n Descripci\u00f3n General de la Carrera Malla Curricular Docentes Datos Generales Gesti\u00f3n y Proceso Estudiantil Bienvenidos Misi\u00f3n y Visi\u00f3n MISI\u00d3N Formar profesionales competentes y emprendedores desde lo acad\u00e9mico, la investigaci\u00f3n y la vinculaci\u00f3n, que contribuyan a mejorar [&hellip;]<\/p>\n","protected":false},"author":7,"featured_media":0,"parent":0,"menu_order":0,"comment_status":"closed","ping_status":"closed","template":"","meta":{"_acf_changed":false,"footnotes":""},"class_list":["post-306","page","type-page","status-publish","hentry"],"acf":[],"_links":{"self":[{"href":"https:\/\/carreras.uleam.edu.ec\/extension-chone\/wp-json\/wp\/v2\/pages\/306","targetHints":{"allow":["GET"]}}],"collection":[{"href":"https:\/\/carreras.uleam.edu.ec\/extension-chone\/wp-json\/wp\/v2\/pages"}],"about":[{"href":"https:\/\/carreras.uleam.edu.ec\/extension-chone\/wp-json\/wp\/v2\/types\/page"}],"author":[{"embeddable":true,"href":"https:\/\/carreras.uleam.edu.ec\/extension-chone\/wp-json\/wp\/v2\/users\/7"}],"replies":[{"embeddable":true,"href":"https:\/\/carreras.uleam.edu.ec\/extension-chone\/wp-json\/wp\/v2\/comments?post=306"}],"version-history":[{"count":21,"href":"https:\/\/carreras.uleam.edu.ec\/extension-chone\/wp-json\/wp\/v2\/pages\/306\/revisions"}],"predecessor-version":[{"id":1130,"href":"https:\/\/carreras.uleam.edu.ec\/extension-chone\/wp-json\/wp\/v2\/pages\/306\/revisions\/1130"}],"wp:attachment":[{"href":"https:\/\/carreras.uleam.edu.ec\/extension-chone\/wp-json\/wp\/v2\/media?parent=306"}],"curies":[{"name":"wp","href":"https:\/\/api.w.org\/{rel}","templated":true}]}}