{"id":307,"date":"2023-01-17T16:02:21","date_gmt":"2023-01-17T16:02:21","guid":{"rendered":"https:\/\/carreras.uleam.edu.ec\/extension-chone\/?page_id=307"},"modified":"2025-03-14T20:24:20","modified_gmt":"2025-03-14T20:24:20","slug":"carrera-educacion-inicial","status":"publish","type":"page","link":"https:\/\/carreras.uleam.edu.ec\/extension-chone\/carrera-educacion-inicial\/","title":{"rendered":"Carrera Educaci\u00f3n Inicial"},"content":{"rendered":"\t\t<div data-elementor-type=\"wp-page\" data-elementor-id=\"307\" class=\"elementor elementor-307\" data-elementor-settings=\"[]\">\n\t\t\t\t\t\t\t<div class=\"elementor-section-wrap\">\n\t\t\t\t\t\t\t<section class=\"elementor-section elementor-top-section elementor-element elementor-element-7682b42 elementor-section-boxed elementor-section-height-default elementor-section-height-default\" data-id=\"7682b42\" data-element_type=\"section\">\n\t\t\t\t\t\t<div class=\"elementor-container elementor-column-gap-default\">\n\t\t\t\t\t<div class=\"elementor-column elementor-col-100 elementor-top-column elementor-element elementor-element-2f7bfdb\" data-id=\"2f7bfdb\" data-element_type=\"column\">\n\t\t\t<div class=\"elementor-widget-wrap elementor-element-populated\">\n\t\t\t\t\t\t\t\t<div class=\"elementor-element elementor-element-b23fcab elementor-tabs-view-horizontal elementor-widget elementor-widget-tabs\" data-id=\"b23fcab\" data-element_type=\"widget\" data-widget_type=\"tabs.default\">\n\t\t\t\t<div class=\"elementor-widget-container\">\n\t\t\t\t\t<div class=\"elementor-tabs\">\n\t\t\t<div class=\"elementor-tabs-wrapper\" role=\"tablist\" >\n\t\t\t\t\t\t\t\t\t<div id=\"elementor-tab-title-1861\" class=\"elementor-tab-title elementor-tab-desktop-title\" aria-selected=\"true\" data-tab=\"1\" role=\"tab\" tabindex=\"0\" aria-controls=\"elementor-tab-content-1861\" aria-expanded=\"false\">Bienvenidos<\/div>\n\t\t\t\t\t\t\t\t\t<div id=\"elementor-tab-title-1862\" class=\"elementor-tab-title elementor-tab-desktop-title\" aria-selected=\"false\" data-tab=\"2\" role=\"tab\" tabindex=\"-1\" aria-controls=\"elementor-tab-content-1862\" aria-expanded=\"false\">Misi\u00f3n y Visi\u00f3n<\/div>\n\t\t\t\t\t\t\t\t\t<div id=\"elementor-tab-title-1863\" class=\"elementor-tab-title elementor-tab-desktop-title\" aria-selected=\"false\" data-tab=\"3\" role=\"tab\" tabindex=\"-1\" aria-controls=\"elementor-tab-content-1863\" aria-expanded=\"false\">Descripci\u00f3n General de la Carrera<\/div>\n\t\t\t\t\t\t\t\t\t<div id=\"elementor-tab-title-1864\" class=\"elementor-tab-title elementor-tab-desktop-title\" aria-selected=\"false\" data-tab=\"4\" role=\"tab\" tabindex=\"-1\" aria-controls=\"elementor-tab-content-1864\" aria-expanded=\"false\">Malla Curricular<\/div>\n\t\t\t\t\t\t\t\t\t<div id=\"elementor-tab-title-1865\" class=\"elementor-tab-title elementor-tab-desktop-title\" aria-selected=\"false\" data-tab=\"5\" role=\"tab\" tabindex=\"-1\" aria-controls=\"elementor-tab-content-1865\" aria-expanded=\"false\">Docentes<\/div>\n\t\t\t\t\t\t\t\t\t<div id=\"elementor-tab-title-1866\" class=\"elementor-tab-title elementor-tab-desktop-title\" aria-selected=\"false\" data-tab=\"6\" role=\"tab\" tabindex=\"-1\" aria-controls=\"elementor-tab-content-1866\" aria-expanded=\"false\">Datos Generales<\/div>\n\t\t\t\t\t\t\t\t\t<div id=\"elementor-tab-title-1867\" class=\"elementor-tab-title elementor-tab-desktop-title\" aria-selected=\"false\" data-tab=\"7\" role=\"tab\" tabindex=\"-1\" aria-controls=\"elementor-tab-content-1867\" aria-expanded=\"false\">Gesti\u00f3n y Proceso Estudiantil<\/div>\n\t\t\t\t\t\t\t<\/div>\n\t\t\t<div class=\"elementor-tabs-content-wrapper\" role=\"tablist\" aria-orientation=\"vertical\">\n\t\t\t\t\t\t\t\t\t<div class=\"elementor-tab-title elementor-tab-mobile-title\" aria-selected=\"true\" data-tab=\"1\" role=\"tab\" tabindex=\"0\" aria-controls=\"elementor-tab-content-1861\" aria-expanded=\"false\">Bienvenidos<\/div>\n\t\t\t\t\t<div id=\"elementor-tab-content-1861\" class=\"elementor-tab-content elementor-clearfix\" data-tab=\"1\" role=\"tabpanel\" aria-labelledby=\"elementor-tab-title-1861\" tabindex=\"0\" hidden=\"false\"><p><a href=\"https:\/\/carreras.uleam.edu.ec\/extension-chone\/wp-content\/uploads\/sites\/78\/2025\/03\/BIENVENIDOS-INICIAL-CHONE.png\" target=\"_blank\" rel=\"noopener\"><img loading=\"lazy\" decoding=\"async\" class=\"alignnone wp-image-996 size-large\" src=\"https:\/\/carreras.uleam.edu.ec\/extension-chone\/wp-content\/uploads\/sites\/78\/2025\/03\/BIENVENIDOS-INICIAL-CHONE-1024x782.png\" alt=\"\" width=\"1024\" height=\"782\" srcset=\"https:\/\/carreras.uleam.edu.ec\/extension-chone\/wp-content\/uploads\/sites\/78\/2025\/03\/BIENVENIDOS-INICIAL-CHONE-1024x782.png 1024w, https:\/\/carreras.uleam.edu.ec\/extension-chone\/wp-content\/uploads\/sites\/78\/2025\/03\/BIENVENIDOS-INICIAL-CHONE-300x229.png 300w, https:\/\/carreras.uleam.edu.ec\/extension-chone\/wp-content\/uploads\/sites\/78\/2025\/03\/BIENVENIDOS-INICIAL-CHONE-768x586.png 768w, https:\/\/carreras.uleam.edu.ec\/extension-chone\/wp-content\/uploads\/sites\/78\/2025\/03\/BIENVENIDOS-INICIAL-CHONE-1536x1173.png 1536w, https:\/\/carreras.uleam.edu.ec\/extension-chone\/wp-content\/uploads\/sites\/78\/2025\/03\/BIENVENIDOS-INICIAL-CHONE-2048x1564.png 2048w\" sizes=\"auto, (max-width: 1024px) 100vw, 1024px\" \/><\/a><\/p><\/div>\n\t\t\t\t\t\t\t\t\t<div class=\"elementor-tab-title elementor-tab-mobile-title\" aria-selected=\"false\" data-tab=\"2\" role=\"tab\" tabindex=\"-1\" aria-controls=\"elementor-tab-content-1862\" aria-expanded=\"false\">Misi\u00f3n y Visi\u00f3n<\/div>\n\t\t\t\t\t<div id=\"elementor-tab-content-1862\" class=\"elementor-tab-content elementor-clearfix\" data-tab=\"2\" role=\"tabpanel\" aria-labelledby=\"elementor-tab-title-1862\" tabindex=\"0\" hidden=\"hidden\"><p style=\"text-align: justify\">MISI\u00d3N<br \/>La Carrera de Educaci\u00f3n Inicial forma profesionales humanistas, competentes, y comprometidos con la docencia, investigaci\u00f3n, vinculaci\u00f3n e inclusi\u00f3n, para el desarrollo integral del ni\u00f1o, como respuesta al fortalecimiento de la sociedad ecuatoriana.<\/p><p style=\"text-align: justify\">VISI\u00d3N<br \/>La carrera de Educaci\u00f3n Inicial ser\u00e1 referente en la formaci\u00f3n integral de profesionales de la primera infancia, al servicio de la atenci\u00f3n y educaci\u00f3n al ni\u00f1o, la familia y comunidad, con liderazgo, responsabilidad social y proyecci\u00f3n nacional e internacional.<\/p><\/div>\n\t\t\t\t\t\t\t\t\t<div class=\"elementor-tab-title elementor-tab-mobile-title\" aria-selected=\"false\" data-tab=\"3\" role=\"tab\" tabindex=\"-1\" aria-controls=\"elementor-tab-content-1863\" aria-expanded=\"false\">Descripci\u00f3n General de la Carrera<\/div>\n\t\t\t\t\t<div id=\"elementor-tab-content-1863\" class=\"elementor-tab-content elementor-clearfix\" data-tab=\"3\" role=\"tabpanel\" aria-labelledby=\"elementor-tab-title-1863\" tabindex=\"0\" hidden=\"hidden\"><ul><li>Nombre de la Carrera: \u00a0\u00a0\u00a0\u00a0\u00a0\u00a0\u00a0\u00a0\u00a0\u00a0\u00a0\u00a0\u00a0\u00a0\u00a0\u00a0\u00a0\u00a0\u00a0\u00a0 EDUCACI\u00d3N INICIAL<\/li><li>T\u00edtulo que otorga:\u00a0\u00a0\u00a0\u00a0\u00a0\u00a0\u00a0\u00a0\u00a0\u00a0\u00a0\u00a0\u00a0\u00a0\u00a0\u00a0\u00a0\u00a0\u00a0\u00a0\u00a0\u00a0\u00a0\u00a0\u00a0\u00a0\u00a0\u00a0\u00a0 LICENCIADO\/A EN CIENCIAS DE LA EDUCACI\u00d3N INICIAL<\/li><li>Modalidad de aprendizaje:\u00a0\u00a0\u00a0\u00a0\u00a0\u00a0\u00a0\u00a0\u00a0\u00a0\u00a0\u00a0\u00a0 Presencial<\/li><li>N\u00fameros de periodos ordinarios:\u00a0 8 periodos<\/li><\/ul><p><span style=\"text-decoration: underline\">OBJETIVO GENERAL<\/span><\/p><p>Formar profesionales eficientes y transparentes al servicio de la educaci\u00f3n inicial, garantizando la diversidad, el derecho de una vida libre de violencia, la igualdad de oportunidades, la investigaci\u00f3n e innovaci\u00f3n pedag\u00f3gica y la atenci\u00f3n a las necesidades educativas especiales coherente con el marco global del desarrollo.<\/p><p>PERFIL DE INGRESO<\/p><p>El aspirante de la carrera de Educaci\u00f3n Inicial deber\u00e1 tener conocimientos b\u00e1sicos de las ciencias sociales, comunicarse en la lengua maternal, utilizando los diferentes tipos de lenguaje, utilizando de manera eficiente las diferentes formas de pensamientos: anal\u00edtico, sistem\u00e1tico, deductivo, argumentativo, cr\u00edtico y creativo en la soluci\u00f3n de problemas. De la misma manera trabajar en equipo con diversidad cultural y social utilizando la tecnolog\u00eda con soporte de sus procesos de aprendizaje y demostrando inter\u00e9s por su auto preparaci\u00f3n y formaci\u00f3n profesional; evidenciando equilibrio emocional e higiene mental.<\/p><p>REQUISITOS DE INGRESO<\/p><p style=\"padding-left: 40px\">&#8211; Poseer t\u00edtulo de bachiller o su equivalente, de conformidad con la Ley.<\/p><p style=\"padding-left: 40px\">Haber cumplido los requisitos normados por el Sistema de Nivelaci\u00f3n y Admisi\u00f3n.<\/p><p style=\"padding-left: 40px\">C\u00e9dula de ciudadan\u00eda o pasaporte vigente con las regulaciones para su estancia.<\/p><p style=\"padding-left: 40px\">Para casos de movilidad interna o externa cumplir con los requisitos establecidos en el Art. 96 del Reglamento de R\u00e9gimen Acad\u00e9mico para cambios.<\/p><p style=\"padding-left: 40px\">En caso de ser t\u00edtulo extranjero, deber\u00e1 presentar la resoluci\u00f3n de homologaci\u00f3n del t\u00edtulo y los documentos debidamente apostillados.<\/p><p>REQUISITOS DE GRADUACI\u00d3N<\/p><p style=\"padding-left: 40px\">Aprobar todas las asignaturas de la malla curricular de la carrera, incluyendo las pr\u00e1cticas preprofesionales y la\u00a0 vinculaci\u00f3n con la sociedad.<\/p><p style=\"padding-left: 40px\">Cumplir con las opciones de aprobaci\u00f3n de la unidad de integraci\u00f3n curricular de conformidad con lo que establece el Reglamento Interno de R\u00e9gimen Acad\u00e9mico.<\/p><p style=\"padding-left: 40px\">Demostrar suficiencia de dominio a nivel MCER- B1 en una lengua extranjera al culminar sus estudios por medio del certificado u homologaci\u00f3n por el Instituto de Idiomas de la Universidad.<\/p><p>MODALIDADES DE TITULACI\u00d3N:<\/p><ul><li><p>Examen de car\u00e1cter Complexivo<\/p><\/li><li><p>Desarrollo de un trabajo de Integraci\u00f3n Curricular<\/p><\/li><\/ul><p>CAMPO OCUPACIONAL:<\/p><ul><li><p>Campo amplio: Educaci\u00f3n<\/p><\/li><li><p>Campo espec\u00edfico: Educaci\u00f3n<\/p><\/li><li><p>Campo detallado: Formaci\u00f3n para docentes de Educaci\u00f3n preprimaria.<\/p><\/li><\/ul><\/div>\n\t\t\t\t\t\t\t\t\t<div class=\"elementor-tab-title elementor-tab-mobile-title\" aria-selected=\"false\" data-tab=\"4\" role=\"tab\" tabindex=\"-1\" aria-controls=\"elementor-tab-content-1864\" aria-expanded=\"false\">Malla Curricular<\/div>\n\t\t\t\t\t<div id=\"elementor-tab-content-1864\" class=\"elementor-tab-content elementor-clearfix\" data-tab=\"4\" role=\"tabpanel\" aria-labelledby=\"elementor-tab-title-1864\" tabindex=\"0\" hidden=\"hidden\"><p><a href=\"https:\/\/carreras.uleam.edu.ec\/extension-chone\/wp-content\/uploads\/sites\/78\/2024\/07\/Malla-Inicial.pdf\" target=\"_blank\" rel=\"noopener\"><img loading=\"lazy\" decoding=\"async\" class=\"aligncenter wp-image-811 size-large\" src=\"https:\/\/carreras.uleam.edu.ec\/extension-chone\/wp-content\/uploads\/sites\/78\/2024\/07\/malla-inicial-1024x649.png\" alt=\"\" width=\"1024\" height=\"649\" srcset=\"https:\/\/carreras.uleam.edu.ec\/extension-chone\/wp-content\/uploads\/sites\/78\/2024\/07\/malla-inicial-1024x649.png 1024w, https:\/\/carreras.uleam.edu.ec\/extension-chone\/wp-content\/uploads\/sites\/78\/2024\/07\/malla-inicial-300x190.png 300w, https:\/\/carreras.uleam.edu.ec\/extension-chone\/wp-content\/uploads\/sites\/78\/2024\/07\/malla-inicial-768x487.png 768w, https:\/\/carreras.uleam.edu.ec\/extension-chone\/wp-content\/uploads\/sites\/78\/2024\/07\/malla-inicial-1536x974.png 1536w, https:\/\/carreras.uleam.edu.ec\/extension-chone\/wp-content\/uploads\/sites\/78\/2024\/07\/malla-inicial-2048x1298.png 2048w\" sizes=\"auto, (max-width: 1024px) 100vw, 1024px\" \/><\/a><\/p><\/div>\n\t\t\t\t\t\t\t\t\t<div class=\"elementor-tab-title elementor-tab-mobile-title\" aria-selected=\"false\" data-tab=\"5\" role=\"tab\" tabindex=\"-1\" aria-controls=\"elementor-tab-content-1865\" aria-expanded=\"false\">Docentes<\/div>\n\t\t\t\t\t<div id=\"elementor-tab-content-1865\" class=\"elementor-tab-content elementor-clearfix\" data-tab=\"5\" role=\"tabpanel\" aria-labelledby=\"elementor-tab-title-1865\" tabindex=\"0\" hidden=\"hidden\"><ul><li>Lcda. ARTEAGA MU\u00d1OZ KARINA. Mgtr.<\/li><li>Lcda. AVILA ROSALES MARGARITA. Mgtr.<\/li><li>Lcda. AVELLAN MAYRA CARLINA. Mgtr.<\/li><li>Lcda. BARRETO ZAMBRANO LINDA GABRIELA. Mgtr.<\/li><li>Lcda. BARREIRO VERA BELLA AURORA. Mgtr.<\/li><li>Lcda. BRAVO SANCHEZ YERLIS. Mgtr.<\/li><li>Lcda. CASTILLO BRAVO ELIECER FRANCISCO. Mgtr.<\/li><li>Dra. GARCIA LOOR MARIA INES, Ph.D<\/li><li>Dr. REYES MEZA ORLEY BENEDICTO, Ph.D<\/li><\/ul><\/div>\n\t\t\t\t\t\t\t\t\t<div class=\"elementor-tab-title elementor-tab-mobile-title\" aria-selected=\"false\" data-tab=\"6\" role=\"tab\" tabindex=\"-1\" aria-controls=\"elementor-tab-content-1866\" aria-expanded=\"false\">Datos Generales<\/div>\n\t\t\t\t\t<div id=\"elementor-tab-content-1866\" class=\"elementor-tab-content elementor-clearfix\" data-tab=\"6\" role=\"tabpanel\" aria-labelledby=\"elementor-tab-title-1866\" tabindex=\"0\" hidden=\"hidden\"><ul><li style=\"text-align: center\">Dra. Mar\u00eda In\u00e9s Garc\u00eda Loor, Ph.D<\/li><li style=\"text-align: center\">COORDINADORA DE CARRERA<\/li><li style=\"text-align: center\"><a href=\"mailto:mines.garcia@uleam.edu.ec\">garcia@uleam.edu.ec<\/a><br \/><hr \/><\/li><li style=\"text-align: center\">Lic. Mar\u00eda Isabel Zambrano Mera<\/li><li style=\"text-align: center\">SECRETARIA<\/li><li style=\"text-align: center\"><a href=\"mailto:isabel.zambrano@uleam.edu.ec\">zambrano@uleam.edu.ec<\/a><\/li><li style=\"text-align: center\"><hr \/><p>Horarios de atenci\u00f3n:<\/p><\/li><li style=\"text-align: center\"><p>08:00 \u2013 17:00<\/p><\/li><\/ul><\/div>\n\t\t\t\t\t\t\t\t\t<div class=\"elementor-tab-title elementor-tab-mobile-title\" aria-selected=\"false\" data-tab=\"7\" role=\"tab\" tabindex=\"-1\" aria-controls=\"elementor-tab-content-1867\" aria-expanded=\"false\">Gesti\u00f3n y Proceso Estudiantil<\/div>\n\t\t\t\t\t<div id=\"elementor-tab-content-1867\" class=\"elementor-tab-content elementor-clearfix\" data-tab=\"7\" role=\"tabpanel\" aria-labelledby=\"elementor-tab-title-1867\" tabindex=\"0\" hidden=\"hidden\"><ul><li>\u21d2<a href=\"https:\/\/carreras.uleam.edu.ec\/extension-chone\/wp-content\/uploads\/sites\/78\/2025\/03\/comisiones-inicial-2024-2.png\" target=\"_blank\" rel=\"noopener\">\u00a0Pr\u00e1cticas Pre-profesionales<\/a><\/li><li>\u21d2 <a href=\"https:\/\/carreras.uleam.edu.ec\/extension-chone\/wp-content\/uploads\/sites\/78\/2025\/03\/comisiones-inicial-2024-2.png\" target=\"_blank\" rel=\"noopener\">Comisiones<\/a><\/li><li>\u21d2 <a href=\"https:\/\/departamentos.uleam.edu.ec\/gestion-aseguramiento-calidad\/2019\/04\/08\/matricula\/\">Matr\u00edcula<\/a><\/li><li>\u21d2 <a href=\"https:\/\/departamentos.uleam.edu.ec\/gestion-aseguramiento-calidad\/reingreso-de-estudiantes\/\">Reingreso de estudiantes<\/a><\/li><li>\u21d2 <a href=\"https:\/\/departamentos.uleam.edu.ec\/gestion-aseguramiento-calidad\/homologacion-de-estudios-por-analisis-comparativo-de-contenidos\/\">Homologaci\u00f3n de Estudios por An\u00e1lisis \u00a0Comparativo de Contenidos<\/a><\/li><\/ul><\/div>\n\t\t\t\t\t\t\t<\/div>\n\t\t<\/div>\n\t\t\t\t<\/div>\n\t\t\t\t<\/div>\n\t\t\t\t\t<\/div>\n\t\t<\/div>\n\t\t\t\t\t\t\t<\/div>\n\t\t<\/section>\n\t\t\t\t\t\t<\/div>\n\t\t\t\t\t<\/div>\n\t\t","protected":false},"excerpt":{"rendered":"<p>Bienvenidos Misi\u00f3n y Visi\u00f3n Descripci\u00f3n General de la Carrera Malla Curricular Docentes Datos Generales Gesti\u00f3n y Proceso Estudiantil Bienvenidos Misi\u00f3n y Visi\u00f3n MISI\u00d3NLa Carrera de Educaci\u00f3n Inicial forma profesionales humanistas, competentes, y comprometidos con la docencia, investigaci\u00f3n, vinculaci\u00f3n e inclusi\u00f3n, [&hellip;]<\/p>\n","protected":false},"author":7,"featured_media":0,"parent":0,"menu_order":0,"comment_status":"closed","ping_status":"closed","template":"","meta":{"_acf_changed":false,"footnotes":""},"class_list":["post-307","page","type-page","status-publish","hentry"],"acf":[],"_links":{"self":[{"href":"https:\/\/carreras.uleam.edu.ec\/extension-chone\/wp-json\/wp\/v2\/pages\/307","targetHints":{"allow":["GET"]}}],"collection":[{"href":"https:\/\/carreras.uleam.edu.ec\/extension-chone\/wp-json\/wp\/v2\/pages"}],"about":[{"href":"https:\/\/carreras.uleam.edu.ec\/extension-chone\/wp-json\/wp\/v2\/types\/page"}],"author":[{"embeddable":true,"href":"https:\/\/carreras.uleam.edu.ec\/extension-chone\/wp-json\/wp\/v2\/users\/7"}],"replies":[{"embeddable":true,"href":"https:\/\/carreras.uleam.edu.ec\/extension-chone\/wp-json\/wp\/v2\/comments?post=307"}],"version-history":[{"count":37,"href":"https:\/\/carreras.uleam.edu.ec\/extension-chone\/wp-json\/wp\/v2\/pages\/307\/revisions"}],"predecessor-version":[{"id":1129,"href":"https:\/\/carreras.uleam.edu.ec\/extension-chone\/wp-json\/wp\/v2\/pages\/307\/revisions\/1129"}],"wp:attachment":[{"href":"https:\/\/carreras.uleam.edu.ec\/extension-chone\/wp-json\/wp\/v2\/media?parent=307"}],"curies":[{"name":"wp","href":"https:\/\/api.w.org\/{rel}","templated":true}]}}