{"id":7,"date":"2022-09-09T01:48:46","date_gmt":"2022-09-09T01:48:46","guid":{"rendered":"https:\/\/carreras.uleam.edu.ec\/extension-chone\/?page_id=7"},"modified":"2025-03-14T20:18:10","modified_gmt":"2025-03-14T20:18:10","slug":"carrera-de-administracion-de-empresas-extension-chone","status":"publish","type":"page","link":"https:\/\/carreras.uleam.edu.ec\/extension-chone\/carrera-de-administracion-de-empresas-extension-chone\/","title":{"rendered":"Carrera Administraci\u00f3n de Empresas"},"content":{"rendered":"\t\t<div data-elementor-type=\"wp-page\" data-elementor-id=\"7\" class=\"elementor elementor-7\" data-elementor-settings=\"[]\">\n\t\t\t\t\t\t\t<div class=\"elementor-section-wrap\">\n\t\t\t\t\t\t\t<section class=\"elementor-section elementor-top-section elementor-element elementor-element-2ff3eed elementor-section-boxed elementor-section-height-default elementor-section-height-default\" data-id=\"2ff3eed\" data-element_type=\"section\">\n\t\t\t\t\t\t<div class=\"elementor-container elementor-column-gap-default\">\n\t\t\t\t\t<div class=\"elementor-column elementor-col-100 elementor-top-column elementor-element elementor-element-d84c3e2\" data-id=\"d84c3e2\" data-element_type=\"column\">\n\t\t\t<div class=\"elementor-widget-wrap elementor-element-populated\">\n\t\t\t\t\t\t\t\t<div class=\"elementor-element elementor-element-d9daa45 elementor-tabs-view-horizontal elementor-widget elementor-widget-tabs\" data-id=\"d9daa45\" data-element_type=\"widget\" data-widget_type=\"tabs.default\">\n\t\t\t\t<div class=\"elementor-widget-container\">\n\t\t\t\t\t<div class=\"elementor-tabs\">\n\t\t\t<div class=\"elementor-tabs-wrapper\" role=\"tablist\" >\n\t\t\t\t\t\t\t\t\t<div id=\"elementor-tab-title-2281\" class=\"elementor-tab-title elementor-tab-desktop-title\" aria-selected=\"true\" data-tab=\"1\" role=\"tab\" tabindex=\"0\" aria-controls=\"elementor-tab-content-2281\" aria-expanded=\"false\">Bienvenidos<\/div>\n\t\t\t\t\t\t\t\t\t<div id=\"elementor-tab-title-2282\" class=\"elementor-tab-title elementor-tab-desktop-title\" aria-selected=\"false\" data-tab=\"2\" role=\"tab\" tabindex=\"-1\" aria-controls=\"elementor-tab-content-2282\" aria-expanded=\"false\">Descripci\u00f3n General de la Carrera<\/div>\n\t\t\t\t\t\t\t\t\t<div id=\"elementor-tab-title-2283\" class=\"elementor-tab-title elementor-tab-desktop-title\" aria-selected=\"false\" data-tab=\"3\" role=\"tab\" tabindex=\"-1\" aria-controls=\"elementor-tab-content-2283\" aria-expanded=\"false\">Malla Curricular<\/div>\n\t\t\t\t\t\t\t\t\t<div id=\"elementor-tab-title-2284\" class=\"elementor-tab-title elementor-tab-desktop-title\" aria-selected=\"false\" data-tab=\"4\" role=\"tab\" tabindex=\"-1\" aria-controls=\"elementor-tab-content-2284\" aria-expanded=\"false\">Docentes<\/div>\n\t\t\t\t\t\t\t\t\t<div id=\"elementor-tab-title-2285\" class=\"elementor-tab-title elementor-tab-desktop-title\" aria-selected=\"false\" data-tab=\"5\" role=\"tab\" tabindex=\"-1\" aria-controls=\"elementor-tab-content-2285\" aria-expanded=\"false\">Datos Generales<\/div>\n\t\t\t\t\t\t\t\t\t<div id=\"elementor-tab-title-2286\" class=\"elementor-tab-title elementor-tab-desktop-title\" aria-selected=\"false\" data-tab=\"6\" role=\"tab\" tabindex=\"-1\" aria-controls=\"elementor-tab-content-2286\" aria-expanded=\"false\">Gesti\u00f3n y Proceso Estudiantil<\/div>\n\t\t\t\t\t\t\t<\/div>\n\t\t\t<div class=\"elementor-tabs-content-wrapper\" role=\"tablist\" aria-orientation=\"vertical\">\n\t\t\t\t\t\t\t\t\t<div class=\"elementor-tab-title elementor-tab-mobile-title\" aria-selected=\"true\" data-tab=\"1\" role=\"tab\" tabindex=\"0\" aria-controls=\"elementor-tab-content-2281\" aria-expanded=\"false\">Bienvenidos<\/div>\n\t\t\t\t\t<div id=\"elementor-tab-content-2281\" class=\"elementor-tab-content elementor-clearfix\" data-tab=\"1\" role=\"tabpanel\" aria-labelledby=\"elementor-tab-title-2281\" tabindex=\"0\" hidden=\"false\"><p><a href=\"https:\/\/carreras.uleam.edu.ec\/extension-chone\/wp-content\/uploads\/sites\/78\/2025\/03\/BIENVENIDOS-adminsitracion.png\" target=\"_blank\" rel=\"noopener\"><img loading=\"lazy\" decoding=\"async\" class=\"alignnone wp-image-1069 size-large\" src=\"https:\/\/carreras.uleam.edu.ec\/extension-chone\/wp-content\/uploads\/sites\/78\/2025\/03\/BIENVENIDOS-adminsitracion-1024x782.png\" alt=\"\" width=\"1024\" height=\"782\" srcset=\"https:\/\/carreras.uleam.edu.ec\/extension-chone\/wp-content\/uploads\/sites\/78\/2025\/03\/BIENVENIDOS-adminsitracion-1024x782.png 1024w, https:\/\/carreras.uleam.edu.ec\/extension-chone\/wp-content\/uploads\/sites\/78\/2025\/03\/BIENVENIDOS-adminsitracion-300x229.png 300w, https:\/\/carreras.uleam.edu.ec\/extension-chone\/wp-content\/uploads\/sites\/78\/2025\/03\/BIENVENIDOS-adminsitracion-768x586.png 768w, https:\/\/carreras.uleam.edu.ec\/extension-chone\/wp-content\/uploads\/sites\/78\/2025\/03\/BIENVENIDOS-adminsitracion-1536x1173.png 1536w, https:\/\/carreras.uleam.edu.ec\/extension-chone\/wp-content\/uploads\/sites\/78\/2025\/03\/BIENVENIDOS-adminsitracion-2048x1564.png 2048w\" sizes=\"auto, (max-width: 1024px) 100vw, 1024px\" \/><\/a><\/p><\/div>\n\t\t\t\t\t\t\t\t\t<div class=\"elementor-tab-title elementor-tab-mobile-title\" aria-selected=\"false\" data-tab=\"2\" role=\"tab\" tabindex=\"-1\" aria-controls=\"elementor-tab-content-2282\" aria-expanded=\"false\">Descripci\u00f3n General de la Carrera<\/div>\n\t\t\t\t\t<div id=\"elementor-tab-content-2282\" class=\"elementor-tab-content elementor-clearfix\" data-tab=\"2\" role=\"tabpanel\" aria-labelledby=\"elementor-tab-title-2282\" tabindex=\"0\" hidden=\"hidden\"><p style=\"text-align: justify\">Nombre de la Carrera:\u00a0 \u00a0 \u00a0 \u00a0 \u00a0 \u00a0 \u00a0 \u00a0 \u00a0 \u00a0 \u00a0 \u00a0\u00a0 Administraci\u00f3n de Empresas\u00a0<\/p><p style=\"text-align: justify\">T\u00edtulo que otorga:\u00a0 \u00a0 \u00a0 \u00a0 \u00a0\u00a0 \u00a0 \u00a0 \u00a0 \u00a0 \u00a0 \u00a0 \u00a0 \u00a0 \u00a0 \u00a0\u00a0 Licenciado\/a en Administraci\u00f3n de Empresas<\/p><p style=\"text-align: justify\">Modalidad de aprendizaje:\u00a0 \u00a0 \u00a0 \u00a0 \u00a0 \u00a0 \u00a0 \u00a0 Presencial\u00a0<\/p><p style=\"text-align: justify\">N\u00famero de per\u00edodos ordinarios:\u00a0 \u00a0 \u00a0\u00a0 8<\/p><p style=\"text-align: justify\"><span style=\"text-decoration: underline\">Objetivo general:\u00a0<\/span><\/p><p style=\"text-align: justify\">Formar profesionales competentes para desarrollar soluciones estrat\u00e9gicas adecuadas a problemas organizacionales, de recursos humanos, financieros, de mercadotecnia y de operaciones, a trav\u00e9s de la gesti\u00f3n de nuevos proyectos empresariales orientados desde una visi\u00f3n epistemol\u00f3gica, aplicando conocimientos cient\u00edficos, t\u00e9cnicos y human\u00edsticos; con \u00e9tica y comprometidos con el desarrollo sustentable y tecnol\u00f3gico.<\/p><p style=\"text-align: justify\"><span style=\"text-decoration: underline\">Perfil de ingreso:<\/span>\u00a0<\/p><p style=\"text-align: justify\">El aspirante a la Carrera de Empresas deber\u00e1 cumplir con lo establecido en el art. 82 de la LOES y el Art. 13 del Reglamento del R\u00e9gimen Acad\u00e9mico RPC-SE-10-No.028-2022, para el ingreso al tercer nivel, se requiere:<\/p><ul style=\"text-align: justify\"><li>Poseer t\u00edtulo de bachiller o su equivalente, de conformidad con la Ley;<\/li><li>Haber cumplido los requisitos normados por el Sistema de Nivelaci\u00f3n y Admisi\u00f3n que observar\u00e1 los principios de igualdad de oportunidades, libertad de elecci\u00f3n, de carrera y de m\u00e9ritos.<\/li><li>Para casos de movilidad interna o externa, cumplir con los requisitos establecidos en el Art. 79 del Reglamento de R\u00e9gimen Acad\u00e9mico para cambios.<\/li><li>En caso de ser t\u00edtulo extranjero, deber\u00e1 presentar la resoluci\u00f3n de homologaci\u00f3n del t\u00edtulo y los documentos debidamente apostillados.<\/li><\/ul><p style=\"text-align: justify\">Adicional a ello, debe demostrar aptitudes por la carrera a trav\u00e9s del dominio de los siguientes conocimientos b\u00e1sicos y complementarios:<\/p><ul style=\"text-align: justify\"><li>Conocimientos generales en administraci\u00f3n, gesti\u00f3n y contabilidad.<\/li><li>Habilidad en la comunicaci\u00f3n oral, escrita y digital.<\/li><li>Capacidad de investigaci\u00f3n.<\/li><li>Capacidad de an\u00e1lisis l\u00f3gica y t\u00e9cnica social.<\/li><li>Contar con actitud para el desarrollo humano.<\/li><\/ul><p style=\"text-align: justify\"><span style=\"text-decoration: underline\">Requisitos de ingreso:<\/span><\/p><ul style=\"text-align: justify\"><li>Estar en posici\u00f3n de t\u00edtulo de bachiller o su equivalente debidamente reconocido por el Ministerio de Educaci\u00f3n.<\/li><li>Haber cumplido con los requisitos normados por el Sistema Nacional de Nivelaci\u00f3n y Admisi\u00f3n.<\/li><li>Haber aprobado el curso de nivelaci\u00f3n del SNNA o haber superado la prueba Transformar de acuerdo con el reglamento.<\/li><li>Copia de c\u00e9dula de ciudadan\u00eda o pasaporte vigente para postulantes extranjeros.<\/li><\/ul><p style=\"text-align: justify\"><span style=\"text-decoration: underline\">Requisitos de titulaci\u00f3n:<\/span><\/p><ul style=\"text-align: justify\"><li>Requisitos de titulaci\u00f3n \u2013 administrativos.<\/li><li>Haber cumplido en su totalidad la malla curricular, incluyendo las asignaturas de las unidades b\u00e1sicas y profesionales.<\/li><li>Haber aprobado una modalidad de titulaci\u00f3n de la carrera.<\/li><li>Haber certificado el aprendizaje de una segunda lengua, conforme a lo dispuesto en Art. 64 literal b) del Reglamento de R\u00e9gimen Acad\u00e9mico RPC-SE-10-No.028-2022: \u2013 El aprendizaje de una segunda lengua ser\u00e1 requisito para la graduaci\u00f3n en las carreras de tercer nivel, de acuerdo con los siguientes niveles de suficiencia tomando como referencia el Marco Com\u00fan Europeo, o su equivalente, para lenguas:<br \/>o b) Para el tercer nivel de grado se requerir\u00e1 al menos el nivel B1.<\/li><li>Acreditar el cumplimiento de los requisitos de titulaci\u00f3n establecidos en la LOES: pr\u00e1cticas pre profesionales y las pr\u00e1cticas de servicio comunitario seg\u00fan lo aprobado en el proyecto de carrera.<\/li><li>Aprobar pr\u00e1cticas laborales y servicio comunitario.<\/li><\/ul><p style=\"text-align: justify\"><span style=\"text-decoration: underline\">Modalidades de titulaci\u00f3n:\u00a0<\/span><\/p><ul style=\"text-align: justify\"><li>Proyecto de Emprendimiento<\/li><li>Ensayo o Art\u00edculos Acad\u00e9mico<\/li><li>Sistematizaci\u00f3n de Experiencias<\/li><\/ul><p style=\"text-align: justify\"><span style=\"text-decoration: underline\">Perfil de egreso<\/span><\/p><ol style=\"text-align: justify\"><li>\u00bfQu\u00e9 resultados de aprendizaje y competencias profesionales son necesarias para el futuro desempe\u00f1o profesional?<\/li><\/ol><ul style=\"text-align: justify\"><li>Desarrolla proyectos de investigaci\u00f3n, en el \u00e1mbito de su competencia, para la identificaci\u00f3n, diagn\u00f3stico y\/o soluci\u00f3n de problemas en el campo de actuaci\u00f3n.<\/li><li>Resuelve problemas en el campo de la administraci\u00f3n, aplicando estrategias asertivas en el \u00e1mbito de su profesi\u00f3n con un enfoque socialmente responsable.<\/li><li>Lidera en un mundo competitivo y globalizado; programas y proyectos, aplicando los conocimientos adquiridos para el desarrollo de las funciones empresariales.<\/li><li>Eval\u00faa la estructura organizacional de las empresas ante la necesidad de incorporar los objetivos de desarrollo sostenible.<\/li><li>Utiliza una filosof\u00eda de mejora continua empresarial, que busca optimizar los procesos y los m\u00e9todos de trabajo, apuntando a generar una cultura de cero defectos.<\/li><li>Desarrolla controles administrativos en las organizaciones, contribuyendo al logro de objetivos gerenciales.<\/li><li>Optimiza los recursos humanos, financieros y t\u00e9cnicos, bas\u00e1ndose en el marco jur\u00eddico correspondiente, tomando en consideraci\u00f3n el entorno social, econ\u00f3mico, pol\u00edtico, cultural y ecol\u00f3gico de la organizaci\u00f3n.<\/li><\/ul><ol style=\"text-align: justify\" start=\"2\"><li>\u00bfQu\u00e9 resultados de aprendizaje relacionados con el manejo de m\u00e9todos, metodolog\u00edas, modelos, protocolos, procesos y procedimientos de car\u00e1cter profesional e investigativo se garantizar\u00e1n en la implementaci\u00f3n de la carrera\/programa?<\/li><\/ol><ul style=\"text-align: justify\"><li>Implementa modelos de gesti\u00f3n adecuados para garantizar la calidad, incrementando la eficiencia de la empresa y ampliaci\u00f3n de mercados tanto internos como externos.<\/li><li>Domina herramientas y plataformas de control administrativo para mejorar la competitividad y la sostenibilidad de las empresas.<\/li><li>Propone nuevos criterios para crear valor agregado en las organizaciones y evaluar mediante sistemas de medici\u00f3n de desempe\u00f1o del talento humano a fin de alcanzar los objetivos propuestos.<\/li><li>Proyecta modelos de negocios, identificando necesidades y oportunidades de emprendimiento e innovaci\u00f3n, a trav\u00e9s de la b\u00fasqueda de alternativas y estrategias, que puedan ser eficientes y sostenibles.<\/li><li>Elabora estudios que permitan observar la calidad y confiabilidad de la informaci\u00f3n que se tenga de un proyecto empresarial espec\u00edfico a fin de determinar el \u00e9xito o fracaso de este.<\/li><li>Levanta procesos que permitan analizar las variaciones con criterios acad\u00e9micos y cient\u00edficos.<br \/>-Aplica modelos de administraci\u00f3n que coadyuven a la integraci\u00f3n de conocimientos para formular estrategias competitivas, creatividad, innovaci\u00f3n y gesti\u00f3n organizacional.<\/li><\/ul><ol style=\"text-align: justify\" start=\"3\"><li>\u00bfC\u00f3mo contribuye el futuro profesional al mejoramiento de la calidad de vida, el medio ambiente, el desarrollo productivo y la preservaci\u00f3n, difusi\u00f3n y enriquecimiento de las culturas y saberes?<\/li><\/ol><ul style=\"text-align: justify\"><li>Utiliza recursos TIC para ampliar las fuentes de informaci\u00f3n e interacciones en la generaci\u00f3n de ambientes de aprendizajes abiertos, democr\u00e1ticos, interculturales e inclusivos.<\/li><li>Emplea procedimientos que le permiten crear y dirigir empresas, promoviendo el desarrollo organizacional y sostenible, articulado con las exigencias socioecon\u00f3micas de la zona de influencia y con los recursos reales y potenciales en existencia.<\/li><li>Agrega valor a los productos, servicios y procesos a partir de la gesti\u00f3n y el uso de tecnolog\u00edas que permitan transformar la matriz productiva del Ecuador.<\/li><\/ul><ol style=\"text-align: justify\" start=\"4\"><li>\u00bfCu\u00e1les son los valores y los principios, en el marco de un enfoque de derechos, igualdad e interculturalidad, pensamiento universal, cr\u00edtico y creativo, que se promover\u00e1n en la formaci\u00f3n profesional que ofrece la carrera\/programa?<\/li><\/ol><ul style=\"text-align: justify\"><li>Gestiona los bienes privados y p\u00fablicos con orientaci\u00f3n al buen vivir de la sociedad, identificando necesidades de la comunidad y sus actores.<\/li><\/ul><p style=\"text-align: justify\"><span style=\"text-decoration: underline\">Perfil profesional.<\/span><\/p><p style=\"text-align: justify\">El profesional ejerce de manera individual o asociado en organizaciones de tama\u00f1o micro, peque\u00f1o, mediano o grande, p\u00fablicas o privadas, nacionales y\/o internacionales que se encuentren vinculadas al sector comercial y agroalimentario y de identidad al sistema de producci\u00f3n del sector y del pa\u00eds, tanto en la producci\u00f3n, transformaci\u00f3n y\/o comercializaci\u00f3n de bienes y servicios relacionados con toda actividad de negocio y empresarial. En adici\u00f3n, implementa estrategias que le permitan diagnosticar, planear, administrar, organizar y\/o dirigir unidades de negocios, peque\u00f1as y medianas empresas, teniendo \u00e9nfasis en las actividades de gesti\u00f3n, administraci\u00f3n y comercializaci\u00f3n de bienes y servicios. As\u00ed, su vinculaci\u00f3n efectiva al campo laboral circunda en organizaciones urbanas o rurales, regionales, nacionales y transnacionales que operen en el pa\u00eds en todos los sectores empresariales, tanto a nivel local, regional o nacional, e inclusive podr\u00e1 crear su propia empresa vinculada con las actividades del sector.<\/p><\/div>\n\t\t\t\t\t\t\t\t\t<div class=\"elementor-tab-title elementor-tab-mobile-title\" aria-selected=\"false\" data-tab=\"3\" role=\"tab\" tabindex=\"-1\" aria-controls=\"elementor-tab-content-2283\" aria-expanded=\"false\">Malla Curricular<\/div>\n\t\t\t\t\t<div id=\"elementor-tab-content-2283\" class=\"elementor-tab-content elementor-clearfix\" data-tab=\"3\" role=\"tabpanel\" aria-labelledby=\"elementor-tab-title-2283\" tabindex=\"0\" hidden=\"hidden\"><ul><li><h3><a href=\"https:\/\/carreras.uleam.edu.ec\/extension-chone\/wp-content\/uploads\/sites\/78\/2024\/07\/MALLA-NUEVA-CON-SELLO.pdf\" target=\"_blank\" rel=\"noopener\">Malla 2024<\/a><\/h3><\/li><li><h3><a href=\"https:\/\/carreras.uleam.edu.ec\/extension-chone\/wp-content\/uploads\/sites\/78\/2022\/12\/MALLA-ADMINISTRACION-DE-EMPRESAS-OKOK.pdf\" target=\"_blank\" rel=\"noopener\">Malla 2018<\/a><\/h3><\/li><\/ul><\/div>\n\t\t\t\t\t\t\t\t\t<div class=\"elementor-tab-title elementor-tab-mobile-title\" aria-selected=\"false\" data-tab=\"4\" role=\"tab\" tabindex=\"-1\" aria-controls=\"elementor-tab-content-2284\" aria-expanded=\"false\">Docentes<\/div>\n\t\t\t\t\t<div id=\"elementor-tab-content-2284\" class=\"elementor-tab-content elementor-clearfix\" data-tab=\"4\" role=\"tabpanel\" aria-labelledby=\"elementor-tab-title-2284\" tabindex=\"0\" hidden=\"hidden\"><ul><li>Ing. Jhon Arturo \u00c1lava Intriago, Mgs<\/li><li>Lcda. Lilia del Roc\u00edo Berm\u00fadez Cevallos, Mgs<\/li><li>Ing. Andr\u00e9s Gozoso Andrade Garc\u00eda, Mba<\/li><li>Ing. Martha Cecilia Bravo Cede\u00f1o, Mgs<\/li><li>Abg. Kelvin Iv\u00e1n Due\u00f1as Zambrano, Mgs<\/li><li>Econ. Lenin Fernando Hidalgo Quir\u00f3z, Mgs<\/li><li>Ing. Mar\u00eda Gabriela Lara Cede\u00f1o, Mgs<\/li><li>Dr. Henry Fabricio Mendoza Cede\u00f1o<\/li><li>Dra. Karen Alejandra Mendoza Garc\u00eda<\/li><li>Ing. Kenia Marilu Mendoza Vega, Mgs<\/li><li>Ing Katiuska Maribel Mendoza Rodr\u00edguez, Mgs<\/li><li>Ing. Rita Jaritza Mu\u00f1oz Salgado, Mgs<\/li><li>Dr. Lenin Andr\u00e9s P\u00e1rraga Zambrano<\/li><li>Dra. Katty Gissela Zambrano Alc\u00edvar<\/li><\/ul><\/div>\n\t\t\t\t\t\t\t\t\t<div class=\"elementor-tab-title elementor-tab-mobile-title\" aria-selected=\"false\" data-tab=\"5\" role=\"tab\" tabindex=\"-1\" aria-controls=\"elementor-tab-content-2285\" aria-expanded=\"false\">Datos Generales<\/div>\n\t\t\t\t\t<div id=\"elementor-tab-content-2285\" class=\"elementor-tab-content elementor-clearfix\" data-tab=\"5\" role=\"tabpanel\" aria-labelledby=\"elementor-tab-title-2285\" tabindex=\"0\" hidden=\"hidden\"><ul><li style=\"text-align: center\">Ing. Kenia Maril\u00fa Mendoza Vega<\/li><li style=\"text-align: center\">Coordinadora de Carrera<\/li><li style=\"text-align: center\"><a href=\"mailto:kenia.mendoza@uleam.edu.ec\">kenia.mendoza@uleam.edu.ec<\/a><\/li><\/ul><hr \/><ul><li style=\"text-align: center\">Ing. Martha Cecilia Zambrano Andrade<\/li><li style=\"text-align: center\">Secretaria de la Carrera<\/li><li style=\"text-align: center\"><a href=\"mailto:martha.zambrano@uleam.edu.ec\">martha.zambrano@uleam.edu.ec<\/a><\/li><\/ul><hr \/><ul><li style=\"text-align: center\">Horario de atenci\u00f3n<\/li><li style=\"text-align: center\">08:00 A 12:00 &#8212; 13:00 A 17:00<\/li><\/ul><\/div>\n\t\t\t\t\t\t\t\t\t<div class=\"elementor-tab-title elementor-tab-mobile-title\" aria-selected=\"false\" data-tab=\"6\" role=\"tab\" tabindex=\"-1\" aria-controls=\"elementor-tab-content-2286\" aria-expanded=\"false\">Gesti\u00f3n y Proceso Estudiantil<\/div>\n\t\t\t\t\t<div id=\"elementor-tab-content-2286\" class=\"elementor-tab-content elementor-clearfix\" data-tab=\"6\" role=\"tabpanel\" aria-labelledby=\"elementor-tab-title-2286\" tabindex=\"0\" hidden=\"hidden\"><ul><li>\u21d2\u00a0<a href=\"https:\/\/carreras.uleam.edu.ec\/extension-chone\/wp-content\/uploads\/sites\/78\/2025\/03\/PRACTICAS.png\" target=\"_blank\" rel=\"noopener\">Pr\u00e1cticas Pre-profesionales<\/a><\/li><li>\u21d2 <a href=\"https:\/\/carreras.uleam.edu.ec\/extension-chone\/comisiones\/\" target=\"_blank\" rel=\"noopener\">Comisiones\u00a0<\/a><\/li><li>\u21d2 <a href=\"https:\/\/departamentos.uleam.edu.ec\/gestion-aseguramiento-calidad\/2019\/04\/08\/matricula\/\">Matr\u00edcula<\/a><\/li><li>\u21d2 <a href=\"https:\/\/departamentos.uleam.edu.ec\/gestion-aseguramiento-calidad\/reingreso-de-estudiantes\/\">Reingreso de estudiantes<\/a><\/li><li>\u21d2 <a href=\"https:\/\/departamentos.uleam.edu.ec\/gestion-aseguramiento-calidad\/homologacion-de-estudios-por-analisis-comparativo-de-contenidos\/\">Homologaci\u00f3n de Estudios por An\u00e1lisis Comparativo de Contenidos<\/a><\/li><\/ul><\/div>\n\t\t\t\t\t\t\t<\/div>\n\t\t<\/div>\n\t\t\t\t<\/div>\n\t\t\t\t<\/div>\n\t\t\t\t\t<\/div>\n\t\t<\/div>\n\t\t\t\t\t\t\t<\/div>\n\t\t<\/section>\n\t\t\t\t\t\t<\/div>\n\t\t\t\t\t<\/div>\n\t\t","protected":false},"excerpt":{"rendered":"<p>Bienvenidos Descripci\u00f3n General de la Carrera Malla Curricular Docentes Datos Generales Gesti\u00f3n y Proceso Estudiantil Bienvenidos Descripci\u00f3n General de la Carrera Nombre de la Carrera:\u00a0 \u00a0 \u00a0 \u00a0 \u00a0 \u00a0 \u00a0 \u00a0 \u00a0 \u00a0 \u00a0 \u00a0\u00a0 Administraci\u00f3n de Empresas\u00a0 T\u00edtulo [&hellip;]<\/p>\n","protected":false},"author":7,"featured_media":0,"parent":0,"menu_order":0,"comment_status":"closed","ping_status":"closed","template":"","meta":{"_acf_changed":false,"footnotes":""},"class_list":["post-7","page","type-page","status-publish","hentry"],"acf":[],"_links":{"self":[{"href":"https:\/\/carreras.uleam.edu.ec\/extension-chone\/wp-json\/wp\/v2\/pages\/7","targetHints":{"allow":["GET"]}}],"collection":[{"href":"https:\/\/carreras.uleam.edu.ec\/extension-chone\/wp-json\/wp\/v2\/pages"}],"about":[{"href":"https:\/\/carreras.uleam.edu.ec\/extension-chone\/wp-json\/wp\/v2\/types\/page"}],"author":[{"embeddable":true,"href":"https:\/\/carreras.uleam.edu.ec\/extension-chone\/wp-json\/wp\/v2\/users\/7"}],"replies":[{"embeddable":true,"href":"https:\/\/carreras.uleam.edu.ec\/extension-chone\/wp-json\/wp\/v2\/comments?post=7"}],"version-history":[{"count":60,"href":"https:\/\/carreras.uleam.edu.ec\/extension-chone\/wp-json\/wp\/v2\/pages\/7\/revisions"}],"predecessor-version":[{"id":1125,"href":"https:\/\/carreras.uleam.edu.ec\/extension-chone\/wp-json\/wp\/v2\/pages\/7\/revisions\/1125"}],"wp:attachment":[{"href":"https:\/\/carreras.uleam.edu.ec\/extension-chone\/wp-json\/wp\/v2\/media?parent=7"}],"curies":[{"name":"wp","href":"https:\/\/api.w.org\/{rel}","templated":true}]}}