{"id":705,"date":"2023-09-04T14:48:59","date_gmt":"2023-09-04T14:48:59","guid":{"rendered":"https:\/\/carreras.uleam.edu.ec\/extension-chone\/?page_id=705"},"modified":"2025-03-14T17:04:09","modified_gmt":"2025-03-14T17:04:09","slug":"carrera-ingenieria-civil","status":"publish","type":"page","link":"https:\/\/carreras.uleam.edu.ec\/extension-chone\/carrera-ingenieria-civil\/","title":{"rendered":"Carrera Ingenier\u00eda Civil"},"content":{"rendered":"\t\t<div data-elementor-type=\"wp-page\" data-elementor-id=\"705\" class=\"elementor elementor-705\" data-elementor-settings=\"[]\">\n\t\t\t\t\t\t\t<div class=\"elementor-section-wrap\">\n\t\t\t\t\t\t\t<section class=\"elementor-section elementor-top-section elementor-element elementor-element-27d0885 elementor-section-boxed elementor-section-height-default elementor-section-height-default\" data-id=\"27d0885\" data-element_type=\"section\">\n\t\t\t\t\t\t<div class=\"elementor-container elementor-column-gap-default\">\n\t\t\t\t\t<div class=\"elementor-column elementor-col-100 elementor-top-column elementor-element elementor-element-6310545\" data-id=\"6310545\" data-element_type=\"column\">\n\t\t\t<div class=\"elementor-widget-wrap elementor-element-populated\">\n\t\t\t\t\t\t\t\t<div class=\"elementor-element elementor-element-4e9caa0 elementor-tabs-view-horizontal elementor-widget elementor-widget-tabs\" data-id=\"4e9caa0\" data-element_type=\"widget\" data-widget_type=\"tabs.default\">\n\t\t\t\t<div class=\"elementor-widget-container\">\n\t\t\t\t\t<div class=\"elementor-tabs\">\n\t\t\t<div class=\"elementor-tabs-wrapper\" role=\"tablist\" >\n\t\t\t\t\t\t\t\t\t<div id=\"elementor-tab-title-8241\" class=\"elementor-tab-title elementor-tab-desktop-title\" aria-selected=\"true\" data-tab=\"1\" role=\"tab\" tabindex=\"0\" aria-controls=\"elementor-tab-content-8241\" aria-expanded=\"false\">Misi\u00f3n y Visi\u00f3n<\/div>\n\t\t\t\t\t\t\t\t\t<div id=\"elementor-tab-title-8242\" class=\"elementor-tab-title elementor-tab-desktop-title\" aria-selected=\"false\" data-tab=\"2\" role=\"tab\" tabindex=\"-1\" aria-controls=\"elementor-tab-content-8242\" aria-expanded=\"false\">Descripci\u00f3n General de la Carrera<\/div>\n\t\t\t\t\t\t\t\t\t<div id=\"elementor-tab-title-8243\" class=\"elementor-tab-title elementor-tab-desktop-title\" aria-selected=\"false\" data-tab=\"3\" role=\"tab\" tabindex=\"-1\" aria-controls=\"elementor-tab-content-8243\" aria-expanded=\"false\">Malla Curricular<\/div>\n\t\t\t\t\t\t\t\t\t<div id=\"elementor-tab-title-8244\" class=\"elementor-tab-title elementor-tab-desktop-title\" aria-selected=\"false\" data-tab=\"4\" role=\"tab\" tabindex=\"-1\" aria-controls=\"elementor-tab-content-8244\" aria-expanded=\"false\">Docentes<\/div>\n\t\t\t\t\t\t\t\t\t<div id=\"elementor-tab-title-8245\" class=\"elementor-tab-title elementor-tab-desktop-title\" aria-selected=\"false\" data-tab=\"5\" role=\"tab\" tabindex=\"-1\" aria-controls=\"elementor-tab-content-8245\" aria-expanded=\"false\">Datos Generales<\/div>\n\t\t\t\t\t\t\t\t\t<div id=\"elementor-tab-title-8246\" class=\"elementor-tab-title elementor-tab-desktop-title\" aria-selected=\"false\" data-tab=\"6\" role=\"tab\" tabindex=\"-1\" aria-controls=\"elementor-tab-content-8246\" aria-expanded=\"false\">Gesti\u00f3n y Proceso Estudiantil<\/div>\n\t\t\t\t\t\t\t<\/div>\n\t\t\t<div class=\"elementor-tabs-content-wrapper\" role=\"tablist\" aria-orientation=\"vertical\">\n\t\t\t\t\t\t\t\t\t<div class=\"elementor-tab-title elementor-tab-mobile-title\" aria-selected=\"true\" data-tab=\"1\" role=\"tab\" tabindex=\"0\" aria-controls=\"elementor-tab-content-8241\" aria-expanded=\"false\">Misi\u00f3n y Visi\u00f3n<\/div>\n\t\t\t\t\t<div id=\"elementor-tab-content-8241\" class=\"elementor-tab-content elementor-clearfix\" data-tab=\"1\" role=\"tabpanel\" aria-labelledby=\"elementor-tab-title-8241\" tabindex=\"0\" hidden=\"false\"><p style=\"text-align: justify\"><span style=\"text-decoration: underline\">Misi\u00f3n<\/span><\/p><p style=\"text-align: justify\">La Facultad de Ingenier\u00eda, Industria y Construcci\u00f3n, se centra en el compromiso con la sociedad de formar profesionales creativos, emprendedores y competentes, con s\u00f3lidos conocimientos, en arquitectura y urbanismo, que contribuyan significativamente al mejoramiento de las condiciones de vida de la comunidad, fortaleciendo la identidad cultural de la regi\u00f3n y el pa\u00eds.<\/p><p style=\"text-align: justify\"><span style=\"text-decoration: underline\">Visi\u00f3n<\/span><\/p><p style=\"text-align: justify\">Alcanzar en el a\u00f1o 2019 la excelencia acad\u00e9mica fundamentada en la investigaci\u00f3n, constituy\u00e9ndose en un referente anal\u00edtico, cr\u00edtico y reflexivo en el quehacer urbano-arquitect\u00f3nico, bajo un enfoque bioc\u00e9ntrico, human\u00edstico y pragm\u00e1tico de la regi\u00f3n y del pa\u00eds.<\/p><\/div>\n\t\t\t\t\t\t\t\t\t<div class=\"elementor-tab-title elementor-tab-mobile-title\" aria-selected=\"false\" data-tab=\"2\" role=\"tab\" tabindex=\"-1\" aria-controls=\"elementor-tab-content-8242\" aria-expanded=\"false\">Descripci\u00f3n General de la Carrera<\/div>\n\t\t\t\t\t<div id=\"elementor-tab-content-8242\" class=\"elementor-tab-content elementor-clearfix\" data-tab=\"2\" role=\"tabpanel\" aria-labelledby=\"elementor-tab-title-8242\" tabindex=\"0\" hidden=\"hidden\"><ul><li>T\u00edtulo que otorga:\u00a0\u00a0\u00a0\u00a0\u00a0\u00a0\u00a0\u00a0\u00a0\u00a0\u00a0\u00a0\u00a0\u00a0\u00a0\u00a0\u00a0\u00a0\u00a0\u00a0\u00a0\u00a0\u00a0\u00a0\u00a0\u00a0\u00a0 Ingeniero\/a Civil<\/li><li>Modalidad de Aprendizaje:\u00a0\u00a0\u00a0\u00a0\u00a0\u00a0\u00a0\u00a0\u00a0\u00a0\u00a0 Presencial<\/li><li>N\u00fameros de periodos ordinarios: 9<\/li><\/ul><p><span style=\"text-decoration: underline\">Objetivo General:<\/span><\/p><p style=\"text-align: justify\">Formar profesionales con alto conocimiento en dise\u00f1o estructural y los procesos\u00a0constructivos de obras civiles para la integraci\u00f3n de las normas t\u00e9cnicas y ambientales\u00a0en todos estos procesos desde una visi\u00f3n paradigm\u00e1tica de la construcci\u00f3n con el fin\u00a0de aportar a la transformaci\u00f3n de la vivienda e infraestructura social, industrial y\u00a0productiva como derecho del ciudadano, con la aplicaci\u00f3n de las nuevas visiones del\u00a0dise\u00f1o, los materiales y las tecnolog\u00edas para la construcci\u00f3n.<\/p><p><span style=\"text-decoration: underline\">Perfil de Ingreso<\/span>:<\/p><ul><li>&#8211; Pensar rigurosamente<\/li><li>&#8211; Razonar num\u00e9ricamente<\/li><li>&#8211; Aprender por el resto de su vida<\/li><li>&#8211; Utilizar herramientas tecnol\u00f3gicas reflexiva y pragm\u00e1ticamente<\/li><li>&#8211; Comprender su realidad natural<\/li><li>&#8211; Cuidar de su salud y bienestar personal<\/li><\/ul><p><span style=\"text-decoration: underline\">Requisitos de Ingreso:<\/span><\/p><ul><li>&#8211; Poseer t\u00edtulo de bachiller o su equivalente debidamente reconocido por el Ministerio de Educaci\u00f3n.<\/li><li>&#8211; Haber cumplido con los requisitos normados por el Sistema de Nivelaci\u00f3n y Admisi\u00f3n, el mismo que observara los principios de igualdad de oportunidades, m\u00e9rito y capacidad.<\/li><li>&#8211; Cumplir con la entrega de documentaci\u00f3n personal y habilitante en Secretaria General.<\/li><li>&#8211; En casos especiales, certificados de reconocimiento y homologaci\u00f3n de estudios de otras IES de conformidad con el Art. 63 y 64 del Reglamento de R\u00e9gimen Acad\u00e9mico.<\/li><\/ul><p><span style=\"text-decoration: underline\">Requisitos de Graduaci\u00f3n:<\/span><\/p><ul><li>&#8211; Haber aprobado la Malla Curricular, incluyendo las Practicas Preprofesionales y Vinculaci\u00f3n con la Colectividad.<\/li><li>&#8211; Haber aprobado una modalidad de Titulaci\u00f3n dentro de lo establecido en las Normas Institucionales.<\/li><li>&#8211; Acreditar suficiencia en la competencia comunicativa a Nivel B2 -MCER. (ver justificativo de curso de Ingl\u00e9s en la Uleam).<\/li><li>&#8211; Modalidades de Titulaci\u00f3n:<\/li><li>&#8211; Examen de grado o de fin de carrera<\/li><li>&#8211; Proyectos de investigaci\u00f3n<\/li><li>&#8211; Proyectos integradores<\/li><li>&#8211; Sistematizaci\u00f3n de Experiencias<\/li><\/ul><p><span style=\"text-decoration: underline\">Campo Ocupacional:<\/span><\/p><p style=\"text-align: justify\">La Ingenier\u00eda Civil tiene importancia vital en el desarrollo social y econ\u00f3mico del Ecuador, pues se ha desarrollado con el esfuerzo de muchos profesionales a lo largo de varias d\u00e9cadas. De este modo ha logrado evolucionar a un pa\u00eds, desde un punto en el que las obras se realizaban con tecnolog\u00eda e ingenieros extranjeros, hacia un estado en el cual, pr\u00e1cticamente todas las obras de importancia y trascendencia nacional son el resultado del trabajo y esfuerzo de profesionales en ingenier\u00eda civil que han sido formados en el Ecuador.<\/p><ul><li style=\"text-align: justify\">&#8211; El ingeniero civil puede laborar en:<\/li><li style=\"text-align: justify\">&#8211; Empresas P\u00fablicas: Gobiernos Aut\u00f3nomos Descentralizados (GAD\u2019s) Municipales, Constructoras, Ministerio de Transporte y Obras P\u00fablicas, Universidades, Empresas de Ventas de materiales de obras civiles.<\/li><li style=\"text-align: justify\">&#8211; Empresas Privadas: Empresas constructoras en general, empresas consultoras, organismos no gubernamentales (ONG), universidades privadas, convenios internacionales, etc).<\/li><\/ul><\/div>\n\t\t\t\t\t\t\t\t\t<div class=\"elementor-tab-title elementor-tab-mobile-title\" aria-selected=\"false\" data-tab=\"3\" role=\"tab\" tabindex=\"-1\" aria-controls=\"elementor-tab-content-8243\" aria-expanded=\"false\">Malla Curricular<\/div>\n\t\t\t\t\t<div id=\"elementor-tab-content-8243\" class=\"elementor-tab-content elementor-clearfix\" data-tab=\"3\" role=\"tabpanel\" aria-labelledby=\"elementor-tab-title-8243\" tabindex=\"0\" hidden=\"hidden\"><p><a href=\"https:\/\/carreras.uleam.edu.ec\/extension-chone\/wp-content\/uploads\/sites\/78\/2025\/03\/Ingenieria-Civil-2024-NS.pdf\" target=\"_blank\" rel=\"noopener\"><img loading=\"lazy\" decoding=\"async\" class=\"aligncenter wp-image-860 size-large\" src=\"https:\/\/carreras.uleam.edu.ec\/extension-chone\/wp-content\/uploads\/sites\/78\/2024\/07\/MALLA-INGENIRIA-CIVIL-1024x665.png\" alt=\"\" width=\"1024\" height=\"665\" srcset=\"https:\/\/carreras.uleam.edu.ec\/extension-chone\/wp-content\/uploads\/sites\/78\/2024\/07\/MALLA-INGENIRIA-CIVIL-1024x665.png 1024w, https:\/\/carreras.uleam.edu.ec\/extension-chone\/wp-content\/uploads\/sites\/78\/2024\/07\/MALLA-INGENIRIA-CIVIL-300x195.png 300w, https:\/\/carreras.uleam.edu.ec\/extension-chone\/wp-content\/uploads\/sites\/78\/2024\/07\/MALLA-INGENIRIA-CIVIL-768x498.png 768w, https:\/\/carreras.uleam.edu.ec\/extension-chone\/wp-content\/uploads\/sites\/78\/2024\/07\/MALLA-INGENIRIA-CIVIL-1536x997.png 1536w, https:\/\/carreras.uleam.edu.ec\/extension-chone\/wp-content\/uploads\/sites\/78\/2024\/07\/MALLA-INGENIRIA-CIVIL-2048x1329.png 2048w\" sizes=\"auto, (max-width: 1024px) 100vw, 1024px\" \/><\/a><\/p><\/div>\n\t\t\t\t\t\t\t\t\t<div class=\"elementor-tab-title elementor-tab-mobile-title\" aria-selected=\"false\" data-tab=\"4\" role=\"tab\" tabindex=\"-1\" aria-controls=\"elementor-tab-content-8244\" aria-expanded=\"false\">Docentes<\/div>\n\t\t\t\t\t<div id=\"elementor-tab-content-8244\" class=\"elementor-tab-content elementor-clearfix\" data-tab=\"4\" role=\"tabpanel\" aria-labelledby=\"elementor-tab-title-8244\" tabindex=\"0\" hidden=\"hidden\"><ul><li>Alc\u00edvar Intriago Andr\u00e9s Aladino, Arq.<\/li><li>Alc\u00edvar Meza Mara Shakira, Ing.<\/li><li>\u00c1vila Vera Sim\u00f3n Alberto, Ing.<\/li><li>Due\u00f1as Vera Miguel \u00c1ngel, Ing.<\/li><li>Garc\u00eda Flores De V\u00e1lgaz Galo Roberto, Ing.<\/li><li>Vera Bravo Elke Seydel, Arq.<\/li><li>Zambrano Mendoza D\u00e1maso Eduardo, Ing.<\/li><\/ul><\/div>\n\t\t\t\t\t\t\t\t\t<div class=\"elementor-tab-title elementor-tab-mobile-title\" aria-selected=\"false\" data-tab=\"5\" role=\"tab\" tabindex=\"-1\" aria-controls=\"elementor-tab-content-8245\" aria-expanded=\"false\">Datos Generales<\/div>\n\t\t\t\t\t<div id=\"elementor-tab-content-8245\" class=\"elementor-tab-content elementor-clearfix\" data-tab=\"5\" role=\"tabpanel\" aria-labelledby=\"elementor-tab-title-8245\" tabindex=\"0\" hidden=\"hidden\"><ul><li style=\"text-align: center\">Lic. Martha Lorena Mendoza Navarrete<\/li><li style=\"text-align: center\">COORDINADORA DE CARRERA<\/li><li style=\"text-align: center\"><a href=\"mailto:martha.mendoza@uleam.edu.ec\">martha.mendoza@uleam.edu.ec<\/a><\/li><\/ul><hr \/><ul><li style=\"text-align: center\">Econ. Martha Alejandra Vera Bravo<\/li><li style=\"text-align: center\">SECRETARIA<\/li><li style=\"text-align: center\"><a href=\"mailto:martha.vera@uleam.edu.ec\">martha.vera@uleam.edu.ec<\/a><\/li><li style=\"text-align: center\"><hr \/><\/li><li style=\"text-align: center\"><p><u>Horario de Atenci\u00f3n:<\/u><\/p><p>08:00 a 12:00<\/p><\/li><li style=\"text-align: center\">14:00 a 18:00<\/li><\/ul><\/div>\n\t\t\t\t\t\t\t\t\t<div class=\"elementor-tab-title elementor-tab-mobile-title\" aria-selected=\"false\" data-tab=\"6\" role=\"tab\" tabindex=\"-1\" aria-controls=\"elementor-tab-content-8246\" aria-expanded=\"false\">Gesti\u00f3n y Proceso Estudiantil<\/div>\n\t\t\t\t\t<div id=\"elementor-tab-content-8246\" class=\"elementor-tab-content elementor-clearfix\" data-tab=\"6\" role=\"tabpanel\" aria-labelledby=\"elementor-tab-title-8246\" tabindex=\"0\" hidden=\"hidden\"><ul><li>\u21d2\u00a0<a href=\"https:\/\/carreras.uleam.edu.ec\/extension-chone\/wp-content\/uploads\/sites\/78\/2024\/07\/PRACTICAS-PRE-PROFEIONALES-INGENIERIA.png\" target=\"_blank\" rel=\"noopener\">Pr\u00e1cticas Pre-profesionales<\/a><\/li><li>\u21d2\u00a0<a href=\"https:\/\/carreras.uleam.edu.ec\/extension-chone\/wp-content\/uploads\/sites\/78\/2025\/03\/COMISIONES-CIVIL.png\" target=\"_blank\" rel=\"noopener\">Comisiones<\/a>\u00a0<\/li><li>\u21d2\u00a0<a href=\"https:\/\/departamentos.uleam.edu.ec\/gestion-aseguramiento-calidad\/2019\/04\/08\/matricula\/\">Matr\u00edcula<\/a><\/li><li>\u21d2\u00a0<a href=\"https:\/\/departamentos.uleam.edu.ec\/gestion-aseguramiento-calidad\/reingreso-de-estudiantes\/\">Reingreso de estudiantes<\/a><\/li><li>\u21d2\u00a0<a href=\"https:\/\/departamentos.uleam.edu.ec\/gestion-aseguramiento-calidad\/homologacion-de-estudios-por-analisis-comparativo-de-contenidos\/\">Homologaci\u00f3n de Estudios por An\u00e1lisis Comparativo de Contenidos<\/a><\/li><\/ul><\/div>\n\t\t\t\t\t\t\t<\/div>\n\t\t<\/div>\n\t\t\t\t<\/div>\n\t\t\t\t<\/div>\n\t\t\t\t\t<\/div>\n\t\t<\/div>\n\t\t\t\t\t\t\t<\/div>\n\t\t<\/section>\n\t\t\t\t\t\t<\/div>\n\t\t\t\t\t<\/div>\n\t\t","protected":false},"excerpt":{"rendered":"<p>Misi\u00f3n y Visi\u00f3n Descripci\u00f3n General de la Carrera Malla Curricular Docentes Datos Generales Gesti\u00f3n y Proceso Estudiantil Misi\u00f3n y Visi\u00f3n Misi\u00f3n La Facultad de Ingenier\u00eda, Industria y Construcci\u00f3n, se centra en el compromiso con la sociedad de formar profesionales creativos, [&hellip;]<\/p>\n","protected":false},"author":7,"featured_media":0,"parent":0,"menu_order":0,"comment_status":"closed","ping_status":"closed","template":"","meta":{"_acf_changed":false,"footnotes":""},"class_list":["post-705","page","type-page","status-publish","hentry"],"acf":[],"_links":{"self":[{"href":"https:\/\/carreras.uleam.edu.ec\/extension-chone\/wp-json\/wp\/v2\/pages\/705","targetHints":{"allow":["GET"]}}],"collection":[{"href":"https:\/\/carreras.uleam.edu.ec\/extension-chone\/wp-json\/wp\/v2\/pages"}],"about":[{"href":"https:\/\/carreras.uleam.edu.ec\/extension-chone\/wp-json\/wp\/v2\/types\/page"}],"author":[{"embeddable":true,"href":"https:\/\/carreras.uleam.edu.ec\/extension-chone\/wp-json\/wp\/v2\/users\/7"}],"replies":[{"embeddable":true,"href":"https:\/\/carreras.uleam.edu.ec\/extension-chone\/wp-json\/wp\/v2\/comments?post=705"}],"version-history":[{"count":17,"href":"https:\/\/carreras.uleam.edu.ec\/extension-chone\/wp-json\/wp\/v2\/pages\/705\/revisions"}],"predecessor-version":[{"id":1095,"href":"https:\/\/carreras.uleam.edu.ec\/extension-chone\/wp-json\/wp\/v2\/pages\/705\/revisions\/1095"}],"wp:attachment":[{"href":"https:\/\/carreras.uleam.edu.ec\/extension-chone\/wp-json\/wp\/v2\/media?parent=705"}],"curies":[{"name":"wp","href":"https:\/\/api.w.org\/{rel}","templated":true}]}}