{"id":706,"date":"2023-09-04T14:49:16","date_gmt":"2023-09-04T14:49:16","guid":{"rendered":"https:\/\/carreras.uleam.edu.ec\/extension-chone\/?page_id=706"},"modified":"2025-03-14T20:21:50","modified_gmt":"2025-03-14T20:21:50","slug":"carrera-de-derecho","status":"publish","type":"page","link":"https:\/\/carreras.uleam.edu.ec\/extension-chone\/carrera-de-derecho\/","title":{"rendered":"Carrera de Derecho"},"content":{"rendered":"\t\t<div data-elementor-type=\"wp-page\" data-elementor-id=\"706\" class=\"elementor elementor-706\" data-elementor-settings=\"[]\">\n\t\t\t\t\t\t\t<div class=\"elementor-section-wrap\">\n\t\t\t\t\t\t\t<section class=\"elementor-section elementor-top-section elementor-element elementor-element-eeb5797 elementor-section-boxed elementor-section-height-default elementor-section-height-default\" data-id=\"eeb5797\" data-element_type=\"section\">\n\t\t\t\t\t\t<div class=\"elementor-container elementor-column-gap-default\">\n\t\t\t\t\t<div class=\"elementor-column elementor-col-100 elementor-top-column elementor-element elementor-element-3034773\" data-id=\"3034773\" data-element_type=\"column\">\n\t\t\t<div class=\"elementor-widget-wrap elementor-element-populated\">\n\t\t\t\t\t\t\t\t<div class=\"elementor-element elementor-element-0618fec elementor-tabs-view-horizontal elementor-widget elementor-widget-tabs\" data-id=\"0618fec\" data-element_type=\"widget\" data-widget_type=\"tabs.default\">\n\t\t\t\t<div class=\"elementor-widget-container\">\n\t\t\t\t\t<div class=\"elementor-tabs\">\n\t\t\t<div class=\"elementor-tabs-wrapper\" role=\"tablist\" >\n\t\t\t\t\t\t\t\t\t<div id=\"elementor-tab-title-6391\" class=\"elementor-tab-title elementor-tab-desktop-title\" aria-selected=\"true\" data-tab=\"1\" role=\"tab\" tabindex=\"0\" aria-controls=\"elementor-tab-content-6391\" aria-expanded=\"false\">Bienvenidos<\/div>\n\t\t\t\t\t\t\t\t\t<div id=\"elementor-tab-title-6392\" class=\"elementor-tab-title elementor-tab-desktop-title\" aria-selected=\"false\" data-tab=\"2\" role=\"tab\" tabindex=\"-1\" aria-controls=\"elementor-tab-content-6392\" aria-expanded=\"false\">Misi\u00f3n y Visi\u00f3n<\/div>\n\t\t\t\t\t\t\t\t\t<div id=\"elementor-tab-title-6393\" class=\"elementor-tab-title elementor-tab-desktop-title\" aria-selected=\"false\" data-tab=\"3\" role=\"tab\" tabindex=\"-1\" aria-controls=\"elementor-tab-content-6393\" aria-expanded=\"false\">Descripci\u00f3n General de la Carrera<\/div>\n\t\t\t\t\t\t\t\t\t<div id=\"elementor-tab-title-6394\" class=\"elementor-tab-title elementor-tab-desktop-title\" aria-selected=\"false\" data-tab=\"4\" role=\"tab\" tabindex=\"-1\" aria-controls=\"elementor-tab-content-6394\" aria-expanded=\"false\">Malla Curricular<\/div>\n\t\t\t\t\t\t\t\t\t<div id=\"elementor-tab-title-6395\" class=\"elementor-tab-title elementor-tab-desktop-title\" aria-selected=\"false\" data-tab=\"5\" role=\"tab\" tabindex=\"-1\" aria-controls=\"elementor-tab-content-6395\" aria-expanded=\"false\">Docentes<\/div>\n\t\t\t\t\t\t\t\t\t<div id=\"elementor-tab-title-6396\" class=\"elementor-tab-title elementor-tab-desktop-title\" aria-selected=\"false\" data-tab=\"6\" role=\"tab\" tabindex=\"-1\" aria-controls=\"elementor-tab-content-6396\" aria-expanded=\"false\">Datos Generales<\/div>\n\t\t\t\t\t\t\t\t\t<div id=\"elementor-tab-title-6397\" class=\"elementor-tab-title elementor-tab-desktop-title\" aria-selected=\"false\" data-tab=\"7\" role=\"tab\" tabindex=\"-1\" aria-controls=\"elementor-tab-content-6397\" aria-expanded=\"false\">Gesti\u00f3n y Proceso Estudiantil<\/div>\n\t\t\t\t\t\t\t<\/div>\n\t\t\t<div class=\"elementor-tabs-content-wrapper\" role=\"tablist\" aria-orientation=\"vertical\">\n\t\t\t\t\t\t\t\t\t<div class=\"elementor-tab-title elementor-tab-mobile-title\" aria-selected=\"true\" data-tab=\"1\" role=\"tab\" tabindex=\"0\" aria-controls=\"elementor-tab-content-6391\" aria-expanded=\"false\">Bienvenidos<\/div>\n\t\t\t\t\t<div id=\"elementor-tab-content-6391\" class=\"elementor-tab-content elementor-clearfix\" data-tab=\"1\" role=\"tabpanel\" aria-labelledby=\"elementor-tab-title-6391\" tabindex=\"0\" hidden=\"false\"><p><a href=\"https:\/\/carreras.uleam.edu.ec\/extension-chone\/wp-content\/uploads\/sites\/78\/2025\/03\/BIENVENIDOS-1.png\" target=\"_blank\" rel=\"noopener\"><img loading=\"lazy\" decoding=\"async\" class=\"alignnone wp-image-1033 size-large\" src=\"https:\/\/carreras.uleam.edu.ec\/extension-chone\/wp-content\/uploads\/sites\/78\/2025\/03\/BIENVENIDOS-1-1024x782.png\" alt=\"\" width=\"1024\" height=\"782\" srcset=\"https:\/\/carreras.uleam.edu.ec\/extension-chone\/wp-content\/uploads\/sites\/78\/2025\/03\/BIENVENIDOS-1-1024x782.png 1024w, https:\/\/carreras.uleam.edu.ec\/extension-chone\/wp-content\/uploads\/sites\/78\/2025\/03\/BIENVENIDOS-1-300x229.png 300w, https:\/\/carreras.uleam.edu.ec\/extension-chone\/wp-content\/uploads\/sites\/78\/2025\/03\/BIENVENIDOS-1-768x586.png 768w, https:\/\/carreras.uleam.edu.ec\/extension-chone\/wp-content\/uploads\/sites\/78\/2025\/03\/BIENVENIDOS-1-1536x1173.png 1536w, https:\/\/carreras.uleam.edu.ec\/extension-chone\/wp-content\/uploads\/sites\/78\/2025\/03\/BIENVENIDOS-1-2048x1564.png 2048w\" sizes=\"auto, (max-width: 1024px) 100vw, 1024px\" \/><\/a><\/p><\/div>\n\t\t\t\t\t\t\t\t\t<div class=\"elementor-tab-title elementor-tab-mobile-title\" aria-selected=\"false\" data-tab=\"2\" role=\"tab\" tabindex=\"-1\" aria-controls=\"elementor-tab-content-6392\" aria-expanded=\"false\">Misi\u00f3n y Visi\u00f3n<\/div>\n\t\t\t\t\t<div id=\"elementor-tab-content-6392\" class=\"elementor-tab-content elementor-clearfix\" data-tab=\"2\" role=\"tabpanel\" aria-labelledby=\"elementor-tab-title-6392\" tabindex=\"0\" hidden=\"hidden\"><p>Misi\u00f3n<\/p><p style=\"text-align: justify\">Formar Abogados, Economistas, Trabajadores Sociales y Comunicadores, competentes y emprendedores desde lo acad\u00e9mico, la investigaci\u00f3n, y la vinculaci\u00f3n, que contribuyan a la soluci\u00f3n de los conflictos generados en la sociedad dentro del contexto constitucional del r\u00e9gimen del buen vivir.<\/p><p style=\"text-align: justify\">Visi\u00f3n<\/p><p style=\"text-align: justify\">Ser un referente nacional de las carreras de derecho en la formaci\u00f3n de Abogados Economistas, Trabajadores Sociales y Comunicadores, que se desempe\u00f1en competentemente en el campo jur\u00eddico y contribuyan al desarrollo social, cultural, medioambiental y productivo; en respuesta a las necesidades y problemas de la provincia de Manab\u00ed y el pa\u00eds en general.<\/p><\/div>\n\t\t\t\t\t\t\t\t\t<div class=\"elementor-tab-title elementor-tab-mobile-title\" aria-selected=\"false\" data-tab=\"3\" role=\"tab\" tabindex=\"-1\" aria-controls=\"elementor-tab-content-6393\" aria-expanded=\"false\">Descripci\u00f3n General de la Carrera<\/div>\n\t\t\t\t\t<div id=\"elementor-tab-content-6393\" class=\"elementor-tab-content elementor-clearfix\" data-tab=\"3\" role=\"tabpanel\" aria-labelledby=\"elementor-tab-title-6393\" tabindex=\"0\" hidden=\"hidden\"><ul><li>Nombre de la Carrera:\u00a0 \u00a0 \u00a0 \u00a0 \u00a0 \u00a0 \u00a0 \u00a0 \u00a0\u00a0Derecho<\/li><li>T\u00edtulo que otorga:\u00a0 \u00a0 \u00a0 \u00a0 \u00a0 \u00a0 \u00a0 \u00a0 \u00a0 \u00a0 \u00a0 \u00a0 \u00a0 Abogado\/a<\/li><li>Modalidad de aprendizaje:\u00a0 \u00a0 \u00a0 \u00a0 \u00a0 Presencial<\/li><li>N\u00famero de per\u00edodos ordinarios: 9<\/li><\/ul><p><span style=\"text-decoration: underline\">Objetivo general:<\/span><\/p><p style=\"text-align: justify\">Formar profesionales en Derecho que sean capaces de resolver profesionalmente los diferentes aspectos de la conflictividad social a trav\u00e9s de la generaci\u00f3n de normativa y de la interpretaci\u00f3n, an\u00e1lisis, aplicaci\u00f3n de las leyes y los usos alternativos del Derecho en la localidad, provincia, regi\u00f3n y pa\u00eds.<\/p><p style=\"text-align: justify\"><span style=\"text-decoration: underline\">Perfil de ingreso:<\/span><\/p><p style=\"text-align: justify\">La carrera de Derecho, ubicada en el campo amplio de Ciencias sociales periodismo, informaci\u00f3n y derecho, requiere de sus aspirantes los siguientes conocimientos, habilidades y destrezas b\u00e1sicas del perfil de egreso del Bachillerato General Unificado.<\/p><ul style=\"text-align: justify\"><li>-Pensar rigurosamente<\/li><li>&#8211;Comunicarse efectivamente<\/li><li>Conocer y valorar su historia, y su realidad sociocultural<\/li><li>-Actuar como ciudadano responsable<\/li><li>-Aprender por el resto de su vida<\/li><\/ul><p style=\"text-align: justify\"><span style=\"text-decoration: underline\">Perfil Profesional<\/span><\/p><p style=\"text-align: justify\">El o la Abogado\/a de la Universidad Laica \u201cEloy Alfaro\u201d de Manab\u00ed es un\/a profesional competente, investigador\/a e innovador\/a, con s\u00f3lida formaci\u00f3n en ciencias jur\u00eddicas, human\u00edsticas, organizacionales y tecnol\u00f3gicas, consiente del compromiso social para el desarrollo de la regi\u00f3n y el pa\u00eds, con las siguientes fortalezas:<\/p><ul><li style=\"text-align: justify\">-Capacidad de identificaci\u00f3n, an\u00e1lisis y soluci\u00f3n a problemas propios de la sociedad en el campo del Derecho.<\/li><li style=\"text-align: justify\">-S\u00f3lida formaci\u00f3n cient\u00edfica e investigativa en el campo jur\u00eddico y social, que permitir\u00e1 la participaci\u00f3n en la actualizaci\u00f3n y transformaci\u00f3n del Derecho y del entorno social.<\/li><li style=\"text-align: justify\">-Capacidad para la Planeaci\u00f3n, el Dise\u00f1o e implementaci\u00f3n de proyectos de desarrollo de la comunidad y ambiental.<\/li><li style=\"text-align: justify\">-Alto sentido de trabajo interdisciplinario y liderazgo para conformar, dirigir y gestionar equipos de profesionales o sistemas organizacionales.<\/li><\/ul><\/div>\n\t\t\t\t\t\t\t\t\t<div class=\"elementor-tab-title elementor-tab-mobile-title\" aria-selected=\"false\" data-tab=\"4\" role=\"tab\" tabindex=\"-1\" aria-controls=\"elementor-tab-content-6394\" aria-expanded=\"false\">Malla Curricular<\/div>\n\t\t\t\t\t<div id=\"elementor-tab-content-6394\" class=\"elementor-tab-content elementor-clearfix\" data-tab=\"4\" role=\"tabpanel\" aria-labelledby=\"elementor-tab-title-6394\" tabindex=\"0\" hidden=\"hidden\"><p><a href=\"https:\/\/carreras.uleam.edu.ec\/extension-chone\/wp-content\/uploads\/sites\/78\/2025\/03\/MALLA-DERECHO-CHONE.pdf\" target=\"_blank\" rel=\"noopener\"><img loading=\"lazy\" decoding=\"async\" class=\"alignnone wp-image-1038 size-large\" src=\"https:\/\/carreras.uleam.edu.ec\/extension-chone\/wp-content\/uploads\/sites\/78\/2025\/03\/MALLA-DERECHO-CHONE-1024x724.png\" alt=\"\" width=\"1024\" height=\"724\" srcset=\"https:\/\/carreras.uleam.edu.ec\/extension-chone\/wp-content\/uploads\/sites\/78\/2025\/03\/MALLA-DERECHO-CHONE-1024x724.png 1024w, https:\/\/carreras.uleam.edu.ec\/extension-chone\/wp-content\/uploads\/sites\/78\/2025\/03\/MALLA-DERECHO-CHONE-300x212.png 300w, https:\/\/carreras.uleam.edu.ec\/extension-chone\/wp-content\/uploads\/sites\/78\/2025\/03\/MALLA-DERECHO-CHONE-768x543.png 768w, https:\/\/carreras.uleam.edu.ec\/extension-chone\/wp-content\/uploads\/sites\/78\/2025\/03\/MALLA-DERECHO-CHONE-1536x1086.png 1536w, https:\/\/carreras.uleam.edu.ec\/extension-chone\/wp-content\/uploads\/sites\/78\/2025\/03\/MALLA-DERECHO-CHONE-2048x1449.png 2048w\" sizes=\"auto, (max-width: 1024px) 100vw, 1024px\" \/><\/a><\/p><\/div>\n\t\t\t\t\t\t\t\t\t<div class=\"elementor-tab-title elementor-tab-mobile-title\" aria-selected=\"false\" data-tab=\"5\" role=\"tab\" tabindex=\"-1\" aria-controls=\"elementor-tab-content-6395\" aria-expanded=\"false\">Docentes<\/div>\n\t\t\t\t\t<div id=\"elementor-tab-content-6395\" class=\"elementor-tab-content elementor-clearfix\" data-tab=\"5\" role=\"tabpanel\" aria-labelledby=\"elementor-tab-title-6395\" tabindex=\"0\" hidden=\"hidden\"><ul><li>Abg. Jos\u00e9 Eugenio Zambrano Mendieta<\/li><li>Abg. Besty Elizabeth Molina \u00c1lvarez<\/li><li>Abg. Francisco Daniel Fonseca Cobo<\/li><li>Abg. Jorge Luis Zambrano Caicedo<\/li><li>Abg. Ang\u00e9lica Lagerloff Loor Cornejo<\/li><li>Abg. Luis Armando Kuffo Guillen<\/li><li>Abg. Marcelo El\u00ed Montesdeoca Villavicencio<\/li><li>Abg. Carmen Andrade Zambrano<\/li><li>Abg. Andr\u00e9s Roberto Delgado Castillo<\/li><li>Abg. Jorge Issac Calle Ant\u00f3n<\/li><\/ul><\/div>\n\t\t\t\t\t\t\t\t\t<div class=\"elementor-tab-title elementor-tab-mobile-title\" aria-selected=\"false\" data-tab=\"6\" role=\"tab\" tabindex=\"-1\" aria-controls=\"elementor-tab-content-6396\" aria-expanded=\"false\">Datos Generales<\/div>\n\t\t\t\t\t<div id=\"elementor-tab-content-6396\" class=\"elementor-tab-content elementor-clearfix\" data-tab=\"6\" role=\"tabpanel\" aria-labelledby=\"elementor-tab-title-6396\" tabindex=\"0\" hidden=\"hidden\"><ul><li style=\"text-align: center\">Abg. Jos\u00e9 Eugenio Zambrano Mendieta, Mgs.<\/li><li style=\"text-align: center\">COORDINADOR<\/li><li style=\"text-align: center\"><a href=\"mailto:jose.zambrano@uleam.edu.ec\">jose.zambrano@uleam.edu.ec<\/a><br \/><hr \/><p>Ing. Martha Cecilia Zambrano Andrade<\/p><\/li><li style=\"text-align: center\">SECRETARIA DE LA CARRERA<\/li><li style=\"text-align: center\"><a href=\"mailto:martha.zambrano@uleam.edu.ec\">martha.zambrano@uleam.edu.ec<\/a><\/li><\/ul><\/div>\n\t\t\t\t\t\t\t\t\t<div class=\"elementor-tab-title elementor-tab-mobile-title\" aria-selected=\"false\" data-tab=\"7\" role=\"tab\" tabindex=\"-1\" aria-controls=\"elementor-tab-content-6397\" aria-expanded=\"false\">Gesti\u00f3n y Proceso Estudiantil<\/div>\n\t\t\t\t\t<div id=\"elementor-tab-content-6397\" class=\"elementor-tab-content elementor-clearfix\" data-tab=\"7\" role=\"tabpanel\" aria-labelledby=\"elementor-tab-title-6397\" tabindex=\"0\" hidden=\"hidden\"><ul><li>\u21d2\u00a0Pr\u00e1cticas Pre-profesionales<\/li><li>\u21d2\u00a0Comisiones\u00a0<\/li><li>\u21d2\u00a0<a href=\"https:\/\/departamentos.uleam.edu.ec\/gestion-aseguramiento-calidad\/2019\/04\/08\/matricula\/\">Matr\u00edcula<\/a><\/li><li>\u21d2\u00a0<a href=\"https:\/\/departamentos.uleam.edu.ec\/gestion-aseguramiento-calidad\/reingreso-de-estudiantes\/\">Reingreso de estudiantes<\/a><\/li><li>\u21d2\u00a0<a href=\"https:\/\/departamentos.uleam.edu.ec\/gestion-aseguramiento-calidad\/homologacion-de-estudios-por-analisis-comparativo-de-contenidos\/\">Homologaci\u00f3n de Estudios por An\u00e1lisis Comparativo de Contenidos<\/a><\/li><\/ul><\/div>\n\t\t\t\t\t\t\t<\/div>\n\t\t<\/div>\n\t\t\t\t<\/div>\n\t\t\t\t<\/div>\n\t\t\t\t\t<\/div>\n\t\t<\/div>\n\t\t\t\t\t\t\t<\/div>\n\t\t<\/section>\n\t\t\t\t\t\t<\/div>\n\t\t\t\t\t<\/div>\n\t\t","protected":false},"excerpt":{"rendered":"<p>Bienvenidos Misi\u00f3n y Visi\u00f3n Descripci\u00f3n General de la Carrera Malla Curricular Docentes Datos Generales Gesti\u00f3n y Proceso Estudiantil Bienvenidos Misi\u00f3n y Visi\u00f3n Misi\u00f3n Formar Abogados, Economistas, Trabajadores Sociales y Comunicadores, competentes y emprendedores desde lo acad\u00e9mico, la investigaci\u00f3n, y la [&hellip;]<\/p>\n","protected":false},"author":7,"featured_media":0,"parent":0,"menu_order":0,"comment_status":"closed","ping_status":"closed","template":"","meta":{"_acf_changed":false,"footnotes":""},"class_list":["post-706","page","type-page","status-publish","hentry"],"acf":[],"_links":{"self":[{"href":"https:\/\/carreras.uleam.edu.ec\/extension-chone\/wp-json\/wp\/v2\/pages\/706","targetHints":{"allow":["GET"]}}],"collection":[{"href":"https:\/\/carreras.uleam.edu.ec\/extension-chone\/wp-json\/wp\/v2\/pages"}],"about":[{"href":"https:\/\/carreras.uleam.edu.ec\/extension-chone\/wp-json\/wp\/v2\/types\/page"}],"author":[{"embeddable":true,"href":"https:\/\/carreras.uleam.edu.ec\/extension-chone\/wp-json\/wp\/v2\/users\/7"}],"replies":[{"embeddable":true,"href":"https:\/\/carreras.uleam.edu.ec\/extension-chone\/wp-json\/wp\/v2\/comments?post=706"}],"version-history":[{"count":13,"href":"https:\/\/carreras.uleam.edu.ec\/extension-chone\/wp-json\/wp\/v2\/pages\/706\/revisions"}],"predecessor-version":[{"id":1128,"href":"https:\/\/carreras.uleam.edu.ec\/extension-chone\/wp-json\/wp\/v2\/pages\/706\/revisions\/1128"}],"wp:attachment":[{"href":"https:\/\/carreras.uleam.edu.ec\/extension-chone\/wp-json\/wp\/v2\/media?parent=706"}],"curies":[{"name":"wp","href":"https:\/\/api.w.org\/{rel}","templated":true}]}}