{"id":8,"date":"2022-09-09T01:49:17","date_gmt":"2022-09-09T01:49:17","guid":{"rendered":"https:\/\/carreras.uleam.edu.ec\/extension-chone\/?page_id=8"},"modified":"2025-03-14T17:15:37","modified_gmt":"2025-03-14T17:15:37","slug":"carrera-de-agropecuaria-extension-chone","status":"publish","type":"page","link":"https:\/\/carreras.uleam.edu.ec\/extension-chone\/carrera-de-agropecuaria-extension-chone\/","title":{"rendered":"Carrera Agropecuaria"},"content":{"rendered":"\t\t<div data-elementor-type=\"wp-page\" data-elementor-id=\"8\" class=\"elementor elementor-8\" data-elementor-settings=\"[]\">\n\t\t\t\t\t\t\t<div class=\"elementor-section-wrap\">\n\t\t\t\t\t\t\t<section class=\"elementor-section elementor-top-section elementor-element elementor-element-2dd8254 elementor-section-boxed elementor-section-height-default elementor-section-height-default\" data-id=\"2dd8254\" data-element_type=\"section\">\n\t\t\t\t\t\t<div class=\"elementor-container elementor-column-gap-default\">\n\t\t\t\t\t<div class=\"elementor-column elementor-col-100 elementor-top-column elementor-element elementor-element-be15463\" data-id=\"be15463\" data-element_type=\"column\">\n\t\t\t<div class=\"elementor-widget-wrap elementor-element-populated\">\n\t\t\t\t\t\t\t\t<div class=\"elementor-element elementor-element-937c400 elementor-tabs-view-horizontal elementor-widget elementor-widget-tabs\" data-id=\"937c400\" data-element_type=\"widget\" data-widget_type=\"tabs.default\">\n\t\t\t\t<div class=\"elementor-widget-container\">\n\t\t\t\t\t<div class=\"elementor-tabs\">\n\t\t\t<div class=\"elementor-tabs-wrapper\" role=\"tablist\" >\n\t\t\t\t\t\t\t\t\t<div id=\"elementor-tab-title-1541\" class=\"elementor-tab-title elementor-tab-desktop-title\" aria-selected=\"true\" data-tab=\"1\" role=\"tab\" tabindex=\"0\" aria-controls=\"elementor-tab-content-1541\" aria-expanded=\"false\">Bienvenidos<\/div>\n\t\t\t\t\t\t\t\t\t<div id=\"elementor-tab-title-1542\" class=\"elementor-tab-title elementor-tab-desktop-title\" aria-selected=\"false\" data-tab=\"2\" role=\"tab\" tabindex=\"-1\" aria-controls=\"elementor-tab-content-1542\" aria-expanded=\"false\">Descripci\u00f3n General de la Carrera<\/div>\n\t\t\t\t\t\t\t\t\t<div id=\"elementor-tab-title-1543\" class=\"elementor-tab-title elementor-tab-desktop-title\" aria-selected=\"false\" data-tab=\"3\" role=\"tab\" tabindex=\"-1\" aria-controls=\"elementor-tab-content-1543\" aria-expanded=\"false\">Malla Curricular<\/div>\n\t\t\t\t\t\t\t\t\t<div id=\"elementor-tab-title-1544\" class=\"elementor-tab-title elementor-tab-desktop-title\" aria-selected=\"false\" data-tab=\"4\" role=\"tab\" tabindex=\"-1\" aria-controls=\"elementor-tab-content-1544\" aria-expanded=\"false\">Docentes<\/div>\n\t\t\t\t\t\t\t\t\t<div id=\"elementor-tab-title-1545\" class=\"elementor-tab-title elementor-tab-desktop-title\" aria-selected=\"false\" data-tab=\"5\" role=\"tab\" tabindex=\"-1\" aria-controls=\"elementor-tab-content-1545\" aria-expanded=\"false\">Datos Generales<\/div>\n\t\t\t\t\t\t\t\t\t<div id=\"elementor-tab-title-1546\" class=\"elementor-tab-title elementor-tab-desktop-title\" aria-selected=\"false\" data-tab=\"6\" role=\"tab\" tabindex=\"-1\" aria-controls=\"elementor-tab-content-1546\" aria-expanded=\"false\">Gesti\u00f3n y Proceso Estudiantil<\/div>\n\t\t\t\t\t\t\t<\/div>\n\t\t\t<div class=\"elementor-tabs-content-wrapper\" role=\"tablist\" aria-orientation=\"vertical\">\n\t\t\t\t\t\t\t\t\t<div class=\"elementor-tab-title elementor-tab-mobile-title\" aria-selected=\"true\" data-tab=\"1\" role=\"tab\" tabindex=\"0\" aria-controls=\"elementor-tab-content-1541\" aria-expanded=\"false\">Bienvenidos<\/div>\n\t\t\t\t\t<div id=\"elementor-tab-content-1541\" class=\"elementor-tab-content elementor-clearfix\" data-tab=\"1\" role=\"tabpanel\" aria-labelledby=\"elementor-tab-title-1541\" tabindex=\"0\" hidden=\"false\"><p><a href=\"https:\/\/carreras.uleam.edu.ec\/extension-chone\/wp-content\/uploads\/sites\/78\/2025\/03\/BIENVENIDOS-2.png\" target=\"_blank\" rel=\"noopener\"><img loading=\"lazy\" decoding=\"async\" class=\"alignnone wp-image-1097 size-large\" src=\"https:\/\/carreras.uleam.edu.ec\/extension-chone\/wp-content\/uploads\/sites\/78\/2025\/03\/BIENVENIDOS-2-1024x782.png\" alt=\"\" width=\"1024\" height=\"782\" srcset=\"https:\/\/carreras.uleam.edu.ec\/extension-chone\/wp-content\/uploads\/sites\/78\/2025\/03\/BIENVENIDOS-2-1024x782.png 1024w, https:\/\/carreras.uleam.edu.ec\/extension-chone\/wp-content\/uploads\/sites\/78\/2025\/03\/BIENVENIDOS-2-300x229.png 300w, https:\/\/carreras.uleam.edu.ec\/extension-chone\/wp-content\/uploads\/sites\/78\/2025\/03\/BIENVENIDOS-2-768x586.png 768w, https:\/\/carreras.uleam.edu.ec\/extension-chone\/wp-content\/uploads\/sites\/78\/2025\/03\/BIENVENIDOS-2-1536x1173.png 1536w, https:\/\/carreras.uleam.edu.ec\/extension-chone\/wp-content\/uploads\/sites\/78\/2025\/03\/BIENVENIDOS-2-2048x1564.png 2048w\" sizes=\"auto, (max-width: 1024px) 100vw, 1024px\" \/><\/a><\/p><\/div>\n\t\t\t\t\t\t\t\t\t<div class=\"elementor-tab-title elementor-tab-mobile-title\" aria-selected=\"false\" data-tab=\"2\" role=\"tab\" tabindex=\"-1\" aria-controls=\"elementor-tab-content-1542\" aria-expanded=\"false\">Descripci\u00f3n General de la Carrera<\/div>\n\t\t\t\t\t<div id=\"elementor-tab-content-1542\" class=\"elementor-tab-content elementor-clearfix\" data-tab=\"2\" role=\"tabpanel\" aria-labelledby=\"elementor-tab-title-1542\" tabindex=\"0\" hidden=\"hidden\"><ul><li>T\u00cdTULO QUE OTORGA: \u00a0\u00a0\u00a0\u00a0\u00a0\u00a0 \u00a0 \u00a0 \u00a0\u00a0 \u00a0\u00a0\u00a0\u00a0 INGENIERO\/A EN AGROPECUARIA.<\/li><li>MODALIDAD DE APRENDIZAJE:\u00a0 PRESENCIAL<\/li><li>DURACI\u00d3N DE LA CARRERA: \u00a0\u00a0\u00a0\u00a0\u00a0\u00a0 9 NIVELES ACAD\u00c9MICOS.<\/li><\/ul><p style=\"text-align: justify\"><span style=\"text-decoration: underline\">OBJETIVO GENERAL:<\/span><\/p><p style=\"text-align: justify\">Formar profesionales en la Ingenier\u00eda Agropecuaria competentes para diagnosticar, planificar, organizar y ejecutar acciones que potencien el desarrollo agropecuario y equidad social, en el marco de la soberan\u00eda alimentaria y la matriz productiva del pa\u00eds, con responsabilidad, empat\u00eda y trabajo en equipo, que los hagan agentes de cambio de las condiciones de su entorno laboral, que tributen al desarrollo sostenible a nivel local, regional y nacional.<\/p><p><span style=\"text-decoration: underline\">PERFIL DE INGRESO:<\/span><\/p><p style=\"text-align: justify\">El aspirante a esta carrera deber\u00e1 caracterizarse por tener:<\/p><ul><li style=\"text-align: justify\">&#8211; Pensar rigurosamente.<\/li><li>&#8211; Razonar num\u00e9ricamente.<\/li><li>&#8211; Aprender por el resto de su vida.<\/li><li>&#8211; Utilizar herramientas tecnol\u00f3gicas reflexiva y pragm\u00e1ticamente.<\/li><li>&#8211; Comprender su realidad natural.<\/li><li>&#8211; Actuar como ciudadano responsable.<\/li><li>&#8211; Cuidar de su salud y bienestar personal.<\/li><\/ul><p style=\"text-align: justify\"><span style=\"text-decoration: underline\">REQUISITOS DE INGRESO<\/span><\/p><ul><li><p>&#8211; Poseer t\u00edtulo de bachiller o su equivalente debidamente reconocido por el Ministerio de Educaci\u00f3n.<\/p><\/li><li>&#8211; Haber cumplido los requisitos normados por el Sistema de Nivelaci\u00f3n y Admisi\u00f3n, el mismo que observar\u00e1 los principios de igualdad de oportunidades, m\u00e9rito y capacidad.<\/li><li><p>&#8211; Cumplir con la entrega de documentaci\u00f3n personal y habilitante en Secretar\u00eda General.<\/p><\/li><li>&#8211; En casos especiales, certificados de reconocimiento y homologaci\u00f3n de estudios de otras IES de conformidad con el Art\u00edculo 63 y 64 del Reglamento de R\u00e9gimen Acad\u00e9mico.<\/li><\/ul><p style=\"text-align: justify\"><span style=\"text-decoration: underline\">REQUISITOS DE GRADUACI\u00d3<\/span>N<\/p><ul style=\"text-align: justify\"><li><p>&#8211; Haber aprobado la malla curricular, incluyendo las pr\u00e1cticas preprofesionales y vinculaci\u00f3n con la colectividad.<\/p><\/li><li><p>&#8211; Haber aprobado una modalidad de titulaci\u00f3n dentro de lo establecido en las normativas institucionales.<\/p><\/li><li><p>&#8211; Acreditar suficiencia en la competencia comunicativa a nivel B2 \u2013 MCER. (revisar anexo de responsabilidad institucional).<\/p><\/li><\/ul><p style=\"text-align: justify\"><span style=\"text-decoration: underline\">MODALIDADES DE TITULACI\u00d3N<\/span><\/p><ul><li>&#8211; Examen de grado o de fin de carrera.<\/li><li>&#8211; Proyectos de investigaci\u00f3n.<\/li><li>&#8211; Emprendimientos.<\/li><\/ul><\/div>\n\t\t\t\t\t\t\t\t\t<div class=\"elementor-tab-title elementor-tab-mobile-title\" aria-selected=\"false\" data-tab=\"3\" role=\"tab\" tabindex=\"-1\" aria-controls=\"elementor-tab-content-1543\" aria-expanded=\"false\">Malla Curricular<\/div>\n\t\t\t\t\t<div id=\"elementor-tab-content-1543\" class=\"elementor-tab-content elementor-clearfix\" data-tab=\"3\" role=\"tabpanel\" aria-labelledby=\"elementor-tab-title-1543\" tabindex=\"0\" hidden=\"hidden\"><ul><li><h4><img alt=\"\" \/><img alt=\"\" \/><a href=\"https:\/\/carreras.uleam.edu.ec\/extension-chone\/wp-content\/uploads\/sites\/78\/2024\/07\/Malla-Curricular-Agropecuaria-Pensum-2022.pdf\" target=\"_blank\" rel=\"noopener\">Malla curricular Agropecuaria P\u00e9nsum 2022<\/a><\/h4><\/li><li><h4><a href=\"https:\/\/carreras.uleam.edu.ec\/extension-chone\/wp-content\/uploads\/sites\/78\/2023\/02\/AGROPECUARIA.pdf\" target=\"_blank\" rel=\"noopener\">Malla Agropecuaria<\/a><\/h4><\/li><\/ul><\/div>\n\t\t\t\t\t\t\t\t\t<div class=\"elementor-tab-title elementor-tab-mobile-title\" aria-selected=\"false\" data-tab=\"4\" role=\"tab\" tabindex=\"-1\" aria-controls=\"elementor-tab-content-1544\" aria-expanded=\"false\">Docentes<\/div>\n\t\t\t\t\t<div id=\"elementor-tab-content-1544\" class=\"elementor-tab-content elementor-clearfix\" data-tab=\"4\" role=\"tabpanel\" aria-labelledby=\"elementor-tab-title-1544\" tabindex=\"0\" hidden=\"hidden\"><ul><li>ANDRADE ZAMBRANO CARMEN DOLORES<\/li><li>AVELLAN PE\u00d1AFIEL HUGO JAMPEL<\/li><li>BARRE ZAMBRANO ROY LEONARDO<\/li><li>BRITO JURADO JOSE LUIS<\/li><li>CEVALLOS RIVERA JEFFERSON RAPHAEL<\/li><li>FIGUEROA V\u00c9LEZ JES\u00daS MACARIO<\/li><li>GARC\u00cdA MOREIRA MANUEL ALFREDO<\/li><li>MENDOZA V\u00c9LEZ OSWALDO VICENTE<\/li><li>MOREIRA SALTOS JUAN RAM\u00d3N<\/li><li>RIVERA FERN\u00c1NDEZ RUB\u00c9N DAR\u00cdO<\/li><li>SALAZAR ESPINEL CARLOS JULIO<\/li><li>SCHNABEL DELGADO ODIL\u00d3N ESTUARDO<\/li><li>ZAMBRANO AVEIGA MAR\u00cdA JOHANNA<\/li><li>ZAMBRANO CEDE\u00d1O XIOMARA CECILIA<\/li><\/ul><\/div>\n\t\t\t\t\t\t\t\t\t<div class=\"elementor-tab-title elementor-tab-mobile-title\" aria-selected=\"false\" data-tab=\"5\" role=\"tab\" tabindex=\"-1\" aria-controls=\"elementor-tab-content-1545\" aria-expanded=\"false\">Datos Generales<\/div>\n\t\t\t\t\t<div id=\"elementor-tab-content-1545\" class=\"elementor-tab-content elementor-clearfix\" data-tab=\"5\" role=\"tabpanel\" aria-labelledby=\"elementor-tab-title-1545\" tabindex=\"0\" hidden=\"hidden\"><ul><li style=\"text-align: center\">Lic. Martha Lorena Mendoza Navarrete, Mg.<\/li><li style=\"text-align: center\">COORDINADORA<\/li><li style=\"text-align: center\"><a href=\"mailto:martha.mendoza@uleam.edu.ec\">martha.mendoza@uleam.edu.ec<\/a><\/li><\/ul><hr \/><ul><li style=\"text-align: center\">\u00a0Lic. Rita Ramona Salvatierra Vera, Mg.<\/li><li style=\"text-align: center\">SECRETARIA:<\/li><li style=\"text-align: center\"><a href=\"mailto:rita.salvatierra@uleam.edu.ec\">salvatierra@uleam.edu.ec<\/a><\/li><\/ul><hr \/><ul><li style=\"text-align: center\">HORARIO DE ATENCI\u00d3N<\/li><li style=\"text-align: center\">08:00 a 12:00 (Jornada Matutina).<\/li><li style=\"text-align: center\">13:00 a 17:00 (Jornada Vespertina).<\/li><\/ul><\/div>\n\t\t\t\t\t\t\t\t\t<div class=\"elementor-tab-title elementor-tab-mobile-title\" aria-selected=\"false\" data-tab=\"6\" role=\"tab\" tabindex=\"-1\" aria-controls=\"elementor-tab-content-1546\" aria-expanded=\"false\">Gesti\u00f3n y Proceso Estudiantil<\/div>\n\t\t\t\t\t<div id=\"elementor-tab-content-1546\" class=\"elementor-tab-content elementor-clearfix\" data-tab=\"6\" role=\"tabpanel\" aria-labelledby=\"elementor-tab-title-1546\" tabindex=\"0\" hidden=\"hidden\"><ul><li>\u21d2<a href=\"https:\/\/carreras.uleam.edu.ec\/extension-chone\/wp-content\/uploads\/sites\/78\/2024\/07\/practicas-1.png\" target=\"_blank\" rel=\"noopener\">\u00a0Pr\u00e1cticas Pre-profesionales<\/a><\/li><li>\u21d2 <a href=\"https:\/\/carreras.uleam.edu.ec\/extension-chone\/wp-content\/uploads\/sites\/78\/2024\/07\/comisiones.png\" target=\"_blank\" rel=\"noopener\">Comisiones<\/a><\/li><li>\u21d2 <a href=\"https:\/\/departamentos.uleam.edu.ec\/gestion-aseguramiento-calidad\/2019\/04\/08\/matricula\/\">Matr\u00edcula<\/a><\/li><li>\u21d2 <a href=\"https:\/\/departamentos.uleam.edu.ec\/gestion-aseguramiento-calidad\/reingreso-de-estudiantes\/\">Reingreso de estudiantes<\/a><\/li><li>\u21d2 <a href=\"https:\/\/departamentos.uleam.edu.ec\/gestion-aseguramiento-calidad\/homologacion-de-estudios-por-analisis-comparativo-de-contenidos\/\">Homologaci\u00f3n de Estudios por An\u00e1lisis Comparativo de Contenidos<\/a><\/li><\/ul><\/div>\n\t\t\t\t\t\t\t<\/div>\n\t\t<\/div>\n\t\t\t\t<\/div>\n\t\t\t\t<\/div>\n\t\t\t\t\t<\/div>\n\t\t<\/div>\n\t\t\t\t\t\t\t<\/div>\n\t\t<\/section>\n\t\t\t\t\t\t<\/div>\n\t\t\t\t\t<\/div>\n\t\t","protected":false},"excerpt":{"rendered":"<p>Bienvenidos Descripci\u00f3n General de la Carrera Malla Curricular Docentes Datos Generales Gesti\u00f3n y Proceso Estudiantil Bienvenidos Descripci\u00f3n General de la Carrera T\u00cdTULO QUE OTORGA: \u00a0\u00a0\u00a0\u00a0\u00a0\u00a0 \u00a0 \u00a0 \u00a0\u00a0 \u00a0\u00a0\u00a0\u00a0 INGENIERO\/A EN AGROPECUARIA. MODALIDAD DE APRENDIZAJE:\u00a0 PRESENCIAL DURACI\u00d3N DE LA CARRERA: [&hellip;]<\/p>\n","protected":false},"author":7,"featured_media":0,"parent":0,"menu_order":0,"comment_status":"closed","ping_status":"closed","template":"","meta":{"_acf_changed":false,"footnotes":""},"class_list":["post-8","page","type-page","status-publish","hentry"],"acf":[],"_links":{"self":[{"href":"https:\/\/carreras.uleam.edu.ec\/extension-chone\/wp-json\/wp\/v2\/pages\/8","targetHints":{"allow":["GET"]}}],"collection":[{"href":"https:\/\/carreras.uleam.edu.ec\/extension-chone\/wp-json\/wp\/v2\/pages"}],"about":[{"href":"https:\/\/carreras.uleam.edu.ec\/extension-chone\/wp-json\/wp\/v2\/types\/page"}],"author":[{"embeddable":true,"href":"https:\/\/carreras.uleam.edu.ec\/extension-chone\/wp-json\/wp\/v2\/users\/7"}],"replies":[{"embeddable":true,"href":"https:\/\/carreras.uleam.edu.ec\/extension-chone\/wp-json\/wp\/v2\/comments?post=8"}],"version-history":[{"count":44,"href":"https:\/\/carreras.uleam.edu.ec\/extension-chone\/wp-json\/wp\/v2\/pages\/8\/revisions"}],"predecessor-version":[{"id":1101,"href":"https:\/\/carreras.uleam.edu.ec\/extension-chone\/wp-json\/wp\/v2\/pages\/8\/revisions\/1101"}],"wp:attachment":[{"href":"https:\/\/carreras.uleam.edu.ec\/extension-chone\/wp-json\/wp\/v2\/media?parent=8"}],"curies":[{"name":"wp","href":"https:\/\/api.w.org\/{rel}","templated":true}]}}