{"id":9,"date":"2022-09-09T01:49:48","date_gmt":"2022-09-09T01:49:48","guid":{"rendered":"https:\/\/carreras.uleam.edu.ec\/extension-chone\/?page_id=9"},"modified":"2025-03-14T19:23:45","modified_gmt":"2025-03-14T19:23:45","slug":"carrera-de-artes-plasticas-extension-chone","status":"publish","type":"page","link":"https:\/\/carreras.uleam.edu.ec\/extension-chone\/carrera-de-artes-plasticas-extension-chone\/","title":{"rendered":"Carrera Artes Pl\u00e1sticas"},"content":{"rendered":"\t\t<div data-elementor-type=\"wp-page\" data-elementor-id=\"9\" class=\"elementor elementor-9\" data-elementor-settings=\"[]\">\n\t\t\t\t\t\t\t<div class=\"elementor-section-wrap\">\n\t\t\t\t\t\t\t<section class=\"elementor-section elementor-top-section elementor-element elementor-element-01eb4b6 elementor-section-boxed elementor-section-height-default elementor-section-height-default\" data-id=\"01eb4b6\" data-element_type=\"section\">\n\t\t\t\t\t\t<div class=\"elementor-container elementor-column-gap-default\">\n\t\t\t\t\t<div class=\"elementor-column elementor-col-100 elementor-top-column elementor-element elementor-element-8780f01\" data-id=\"8780f01\" data-element_type=\"column\">\n\t\t\t<div class=\"elementor-widget-wrap elementor-element-populated\">\n\t\t\t\t\t\t\t\t<div class=\"elementor-element elementor-element-f87876f elementor-tabs-view-horizontal elementor-widget elementor-widget-tabs\" data-id=\"f87876f\" data-element_type=\"widget\" data-widget_type=\"tabs.default\">\n\t\t\t\t<div class=\"elementor-widget-container\">\n\t\t\t\t\t<div class=\"elementor-tabs\">\n\t\t\t<div class=\"elementor-tabs-wrapper\" role=\"tablist\" >\n\t\t\t\t\t\t\t\t\t<div id=\"elementor-tab-title-2601\" class=\"elementor-tab-title elementor-tab-desktop-title\" aria-selected=\"true\" data-tab=\"1\" role=\"tab\" tabindex=\"0\" aria-controls=\"elementor-tab-content-2601\" aria-expanded=\"false\">Bienvenidos<\/div>\n\t\t\t\t\t\t\t\t\t<div id=\"elementor-tab-title-2602\" class=\"elementor-tab-title elementor-tab-desktop-title\" aria-selected=\"false\" data-tab=\"2\" role=\"tab\" tabindex=\"-1\" aria-controls=\"elementor-tab-content-2602\" aria-expanded=\"false\">Misi\u00f3n y Visi\u00f3n<\/div>\n\t\t\t\t\t\t\t\t\t<div id=\"elementor-tab-title-2603\" class=\"elementor-tab-title elementor-tab-desktop-title\" aria-selected=\"false\" data-tab=\"3\" role=\"tab\" tabindex=\"-1\" aria-controls=\"elementor-tab-content-2603\" aria-expanded=\"false\">Descripci\u00f3n General de la Carrera<\/div>\n\t\t\t\t\t\t\t\t\t<div id=\"elementor-tab-title-2604\" class=\"elementor-tab-title elementor-tab-desktop-title\" aria-selected=\"false\" data-tab=\"4\" role=\"tab\" tabindex=\"-1\" aria-controls=\"elementor-tab-content-2604\" aria-expanded=\"false\">Malla Curricular<\/div>\n\t\t\t\t\t\t\t\t\t<div id=\"elementor-tab-title-2605\" class=\"elementor-tab-title elementor-tab-desktop-title\" aria-selected=\"false\" data-tab=\"5\" role=\"tab\" tabindex=\"-1\" aria-controls=\"elementor-tab-content-2605\" aria-expanded=\"false\">Docentes<\/div>\n\t\t\t\t\t\t\t\t\t<div id=\"elementor-tab-title-2606\" class=\"elementor-tab-title elementor-tab-desktop-title\" aria-selected=\"false\" data-tab=\"6\" role=\"tab\" tabindex=\"-1\" aria-controls=\"elementor-tab-content-2606\" aria-expanded=\"false\">Datos Generales<\/div>\n\t\t\t\t\t\t\t\t\t<div id=\"elementor-tab-title-2607\" class=\"elementor-tab-title elementor-tab-desktop-title\" aria-selected=\"false\" data-tab=\"7\" role=\"tab\" tabindex=\"-1\" aria-controls=\"elementor-tab-content-2607\" aria-expanded=\"false\">Gesti\u00f3n y Proceso Estudiantil<\/div>\n\t\t\t\t\t\t\t<\/div>\n\t\t\t<div class=\"elementor-tabs-content-wrapper\" role=\"tablist\" aria-orientation=\"vertical\">\n\t\t\t\t\t\t\t\t\t<div class=\"elementor-tab-title elementor-tab-mobile-title\" aria-selected=\"true\" data-tab=\"1\" role=\"tab\" tabindex=\"0\" aria-controls=\"elementor-tab-content-2601\" aria-expanded=\"false\">Bienvenidos<\/div>\n\t\t\t\t\t<div id=\"elementor-tab-content-2601\" class=\"elementor-tab-content elementor-clearfix\" data-tab=\"1\" role=\"tabpanel\" aria-labelledby=\"elementor-tab-title-2601\" tabindex=\"0\" hidden=\"false\"><p><a href=\"https:\/\/carreras.uleam.edu.ec\/extension-chone\/wp-content\/uploads\/sites\/78\/2025\/03\/BIENVENIDOS-ARTES.png\" target=\"_blank\" rel=\"noopener\"><img loading=\"lazy\" decoding=\"async\" class=\"alignnone wp-image-1110 size-large\" src=\"https:\/\/carreras.uleam.edu.ec\/extension-chone\/wp-content\/uploads\/sites\/78\/2025\/03\/BIENVENIDOS-ARTES-1024x782.png\" alt=\"\" width=\"1024\" height=\"782\" srcset=\"https:\/\/carreras.uleam.edu.ec\/extension-chone\/wp-content\/uploads\/sites\/78\/2025\/03\/BIENVENIDOS-ARTES-1024x782.png 1024w, https:\/\/carreras.uleam.edu.ec\/extension-chone\/wp-content\/uploads\/sites\/78\/2025\/03\/BIENVENIDOS-ARTES-300x229.png 300w, https:\/\/carreras.uleam.edu.ec\/extension-chone\/wp-content\/uploads\/sites\/78\/2025\/03\/BIENVENIDOS-ARTES-768x586.png 768w, https:\/\/carreras.uleam.edu.ec\/extension-chone\/wp-content\/uploads\/sites\/78\/2025\/03\/BIENVENIDOS-ARTES-1536x1173.png 1536w, https:\/\/carreras.uleam.edu.ec\/extension-chone\/wp-content\/uploads\/sites\/78\/2025\/03\/BIENVENIDOS-ARTES-2048x1564.png 2048w\" sizes=\"auto, (max-width: 1024px) 100vw, 1024px\" \/><\/a><\/p><\/div>\n\t\t\t\t\t\t\t\t\t<div class=\"elementor-tab-title elementor-tab-mobile-title\" aria-selected=\"false\" data-tab=\"2\" role=\"tab\" tabindex=\"-1\" aria-controls=\"elementor-tab-content-2602\" aria-expanded=\"false\">Misi\u00f3n y Visi\u00f3n<\/div>\n\t\t\t\t\t<div id=\"elementor-tab-content-2602\" class=\"elementor-tab-content elementor-clearfix\" data-tab=\"2\" role=\"tabpanel\" aria-labelledby=\"elementor-tab-title-2602\" tabindex=\"0\" hidden=\"hidden\"><p style=\"text-align: justify\"><span style=\"text-decoration: underline\">VISI\u00d3N<\/span><\/p><p style=\"text-align: justify\">La visi\u00f3n de la carrera de Artes Pl\u00e1sticas de la ULEAM, es logar la Educaci\u00f3n Superior de un profesional creativo que hace uso adecuado de las herramientas y materiales espec\u00edficos de su profesi\u00f3n, con gran sensibilidad para comunicarse a trav\u00e9s de la pr\u00e1ctica art\u00edstica y con bases para transferir conocimientos, profesionista que a trav\u00e9s de distintos materiales trasmite sus ideas de manera creativa y sensible, utilizando para ello los m\u00e9todos y t\u00e9cnicas del arte.<\/p><p style=\"text-align: justify\"><span style=\"text-decoration: underline\">MISI\u00d3N<\/span><\/p><p style=\"text-align: justify\">La misi\u00f3n de la carrera de Artes Pl\u00e1sticas de la ULEAM, es estudiar las manifestaciones art\u00edsticas generadas por la pintura, el dibujo, la arquitectura y la escultura, la forma en la que se relacionan entre ellas y su uso pr\u00e1ctico para el rescate de la sabidur\u00eda ancestrales y las formas de vida locales por medio del an\u00e1lisis performativo de las artes y del uso de tecnolog\u00edas que permitan la automatizaci\u00f3n de estos procesos para impulsar la industria art\u00edstica desde la pr\u00e1ctica propia del arte.<\/p><\/div>\n\t\t\t\t\t\t\t\t\t<div class=\"elementor-tab-title elementor-tab-mobile-title\" aria-selected=\"false\" data-tab=\"3\" role=\"tab\" tabindex=\"-1\" aria-controls=\"elementor-tab-content-2603\" aria-expanded=\"false\">Descripci\u00f3n General de la Carrera<\/div>\n\t\t\t\t\t<div id=\"elementor-tab-content-2603\" class=\"elementor-tab-content elementor-clearfix\" data-tab=\"3\" role=\"tabpanel\" aria-labelledby=\"elementor-tab-title-2603\" tabindex=\"0\" hidden=\"hidden\"><ul><li>Nombre de la Carrera: \u00a0\u00a0\u00a0\u00a0\u00a0\u00a0\u00a0\u00a0\u00a0\u00a0\u00a0\u00a0\u00a0\u00a0\u00a0\u00a0\u00a0\u00a0 \u00a0 \u00a0 ARTES PL\u00c1STICAS<\/li><li>T\u00edtulo que otorga:\u00a0\u00a0\u00a0\u00a0\u00a0\u00a0\u00a0\u00a0\u00a0\u00a0\u00a0\u00a0\u00a0\u00a0\u00a0\u00a0\u00a0\u00a0\u00a0\u00a0\u00a0\u00a0\u00a0\u00a0\u00a0\u00a0\u00a0\u00a0\u00a0\u00a0\u00a0 LICENCIADO\/A EN ARTES PL\u00c1STICAS<\/li><li>\u00a0Modalidad de aprendizaje:\u00a0\u00a0\u00a0\u00a0\u00a0\u00a0\u00a0\u00a0\u00a0\u00a0\u00a0\u00a0\u00a0\u00a0 Presencial<\/li><li>\u00a0N\u00fameros de periodos ordinarios:\u00a0\u00a0 8 periodos<\/li><\/ul><p><span style=\"text-decoration: underline\">OBJETIVO GENERAL<\/span><\/p><p style=\"text-align: justify\">Formar artistas vocacionales y emprendedores con fundamentos te\u00f3ricos anal\u00edticos versados sobre las artes; capacidades pr\u00e1cticas con perspectivas de acci\u00f3n multidisciplinares e interdisciplinares; con preparaci\u00f3n en la investigaci\u00f3n cr\u00edtica dirigida hacia el conocimiento art\u00edstico de la sabidur\u00eda ancestral y mundial, mediante t\u00e9cnicas y metodolog\u00edas de indagaci\u00f3n, exploraci\u00f3n y organizaci\u00f3n; con capacidades sobre los aconteceres art\u00edsticos intelectuales, emocionales y pr\u00e1cticos; y que le permitan ejercer hacia nuevas alternativas culturales sin detrimento de las precedentes.<\/p><p><span style=\"text-decoration: underline\">PERFIL DE INGRESO<\/span><\/p><p>El aspirante a la carrera de Artes Pl\u00e1sticas de la Uleam, deber\u00e1 demostrar en su prueba de aptitud:<\/p><ul><li>Tener iniciativa y vocaci\u00f3n por las artes como profesi\u00f3n y como herramienta para la manifestaci\u00f3n estil\u00edstica de la realidad y la constante variabilidad de la misma en el dise\u00f1o de diferentes producciones art\u00edsticas.<\/li><li>Demostrar gusto por la escultura, la pintura, el video, el cine, entre<\/li><li>Tener alto inter\u00e9s por las formas para crear im\u00e1genes y las ideas que las generan.<\/li><li>Demostrar percepci\u00f3n de cualidades est\u00e9ticas en las experiencias<\/li><li>Tener iniciativa, mente abierta a nuevas ideas, esp\u00edritu cr\u00edtico y<\/li><li>Demostrar predominancia en la capacidad espacial, habilidad manual y sentido de la vista<\/li><\/ul><p><span style=\"text-decoration: underline\">REQUISITOS DE INGRESO<\/span><\/p><p style=\"padding-left: 40px\">\u00a0Poseer t\u00edtulo de bachiller o su equivalente, de conformidad con la Ley.<\/p><p style=\"padding-left: 40px\">Haber cumplido los requisitos normados por el Sistema de Nivelaci\u00f3n y Admisi\u00f3n.<\/p><p style=\"padding-left: 40px\">Cumplir con la entrega de documentaci\u00f3n personal y habilitante en Secretar\u00eda General.<\/p><p style=\"padding-left: 40px\">Para casos de movilidad interna o externa cumplir con los requisitos establecidos en el Art. 96 del Reglamento de R\u00e9gimen Acad\u00e9mico para cambios.<\/p><p style=\"padding-left: 40px\">En casos especiales, certificados de reconocimiento y homologaci\u00f3n de estudios de otras IES de conformidad con el Art\u00edculo 98 y 99 del Reglamento de R\u00e9gimen Acad\u00e9mico<\/p><p style=\"padding-left: 40px\">En caso de ser t\u00edtulo extranjero, deber\u00e1 presentar la resoluci\u00f3n de homologaci\u00f3n del t\u00edtulo y los documentos debidamente apostillados.<\/p><p><span style=\"text-decoration: underline\">REQUISITOS DE GRADUACI\u00d3N<\/span><\/p><ul><li>Haber aprobado las asignaturas de las unidades b\u00e1sica y profesional del plan curricular de la carrera.<\/li><li>Acreditar nivel de suficiencia B1 en un idioma extranjero por medio del certificado emitido u homologado por el Instituto de idiomas de la Universidad en sus diferentes modalidades: Cursos complementarios o Convenio con Institutos acreditados.<\/li><li>Aprobar el trabajo de integraci\u00f3n curricular de conformidad con lo establecido en el Reglamento Interno de R\u00e9gimen Acad\u00e9mico.<\/li><li>Acreditar el cumplimiento de los requisitos de titulaci\u00f3n establecidos en la LOES: pr\u00e1cticas laborales y de servicio comunitario seg\u00fan lo aprobado en el proyecto de carrera.<\/li><\/ul><p>MODALIDADES DE TITULACI\u00d3N:<\/p><ul><li>Desarrollo de un trabajo de integraci\u00f3n curricular<\/li><li>Examen complexivo<\/li><\/ul><p>CAMPO OCUPACIONAL:<\/p><ul><li>Campo amplio: 02 Artes y Humanidades<\/li><li>Campo espec\u00edfico: 1 Artes<\/li><li>Campo detallado: Bellas Artes<\/li><\/ul><p>HORARIO DE CLASES:<\/p><ul><li>Vespertino\/ Nocturno<\/li><li>13:00 hasta las 17:00<\/li><li>17:00 hasta las 21:00<\/li><\/ul><\/div>\n\t\t\t\t\t\t\t\t\t<div class=\"elementor-tab-title elementor-tab-mobile-title\" aria-selected=\"false\" data-tab=\"4\" role=\"tab\" tabindex=\"-1\" aria-controls=\"elementor-tab-content-2604\" aria-expanded=\"false\">Malla Curricular<\/div>\n\t\t\t\t\t<div id=\"elementor-tab-content-2604\" class=\"elementor-tab-content elementor-clearfix\" data-tab=\"4\" role=\"tabpanel\" aria-labelledby=\"elementor-tab-title-2604\" tabindex=\"0\" hidden=\"hidden\"><p><a href=\"https:\/\/carreras.uleam.edu.ec\/extension-chone\/wp-content\/uploads\/sites\/78\/2023\/01\/ANEXO-1-MALLA-CURRICULAR-Artes-plaisticas.pdf\" target=\"_blank\" rel=\"noopener\"><img loading=\"lazy\" decoding=\"async\" class=\"alignnone wp-image-351 size-large\" src=\"https:\/\/carreras.uleam.edu.ec\/extension-chone\/wp-content\/uploads\/sites\/78\/2023\/01\/malla-Artes-Plasticas-Chone-1024x857.png\" alt=\"\" width=\"1024\" height=\"857\" srcset=\"https:\/\/carreras.uleam.edu.ec\/extension-chone\/wp-content\/uploads\/sites\/78\/2023\/01\/malla-Artes-Plasticas-Chone-1024x857.png 1024w, https:\/\/carreras.uleam.edu.ec\/extension-chone\/wp-content\/uploads\/sites\/78\/2023\/01\/malla-Artes-Plasticas-Chone-300x251.png 300w, https:\/\/carreras.uleam.edu.ec\/extension-chone\/wp-content\/uploads\/sites\/78\/2023\/01\/malla-Artes-Plasticas-Chone-768x643.png 768w, https:\/\/carreras.uleam.edu.ec\/extension-chone\/wp-content\/uploads\/sites\/78\/2023\/01\/malla-Artes-Plasticas-Chone-1536x1285.png 1536w, https:\/\/carreras.uleam.edu.ec\/extension-chone\/wp-content\/uploads\/sites\/78\/2023\/01\/malla-Artes-Plasticas-Chone.png 1649w\" sizes=\"auto, (max-width: 1024px) 100vw, 1024px\" \/><\/a><\/p><\/div>\n\t\t\t\t\t\t\t\t\t<div class=\"elementor-tab-title elementor-tab-mobile-title\" aria-selected=\"false\" data-tab=\"5\" role=\"tab\" tabindex=\"-1\" aria-controls=\"elementor-tab-content-2605\" aria-expanded=\"false\">Docentes<\/div>\n\t\t\t\t\t<div id=\"elementor-tab-content-2605\" class=\"elementor-tab-content elementor-clearfix\" data-tab=\"5\" role=\"tabpanel\" aria-labelledby=\"elementor-tab-title-2605\" tabindex=\"0\" hidden=\"hidden\"><table width=\"539\"><tbody><tr><td width=\"312\"><p>APELLIDOS Y NOMBRES<\/p><\/td><td width=\"227\"><p>CORREO INSTITUCIONAL<\/p><\/td><\/tr><tr><td width=\"312\"><p>Avellan Avellan Mayra Carlina, Mgtr.<\/p><\/td><td width=\"227\"><p><a href=\"mailto:jorge.cedeno@uleam.edu.ec\">jorge.cedeno@uleam.edu.ec<\/a><\/p><\/td><\/tr><tr><td width=\"312\"><p>Cede\u00f1o Molina Jorge Isacio, Mgtr.<\/p><\/td><td width=\"227\"><p><a href=\"mailto:jorge.cedeno@uleam.edu.ec\">jorge.cedeno@uleam.edu.ec<\/a><\/p><\/td><\/tr><tr><td width=\"312\"><p>Loor Sol\u00f3rzano Orley Teodocio, Mgtr.<\/p><\/td><td width=\"227\"><p><a href=\"mailto:orley.loor@uleam.edu.ec\">orley.loor@uleam.edu.ec<\/a><\/p><\/td><\/tr><tr><td width=\"312\"><p>Mu\u00f1oz Cede\u00f1o Alfonso Wenceslao, Mgtr.<\/p><\/td><td width=\"227\"><p><a href=\"mailto:alfonso.munoz@uleam.edu.ec\">alfonso.munoz@uleam.edu.ec<\/a><\/p><\/td><\/tr><tr><td width=\"312\"><p>Mu\u00f1oz Ponce Holger Jos\u00e9, Mgtr.<\/p><\/td><td width=\"227\"><p><a href=\"mailto:holger.munoz@uleam.edu.ec\">holger.munoz@uleam.edu.ec<\/a><\/p><\/td><\/tr><tr><td width=\"312\"><p>Pompa De Oca Luis Alberto, Lic.<\/p><\/td><td width=\"227\"><p><a href=\"mailto:luis.pompa@uleam.edu.ec\">luis.pompa@uleam.edu.ec<\/a><\/p><\/td><\/tr><tr><td width=\"312\"><p>Santana Moreira Jos\u00e9 Ignacio, Lic.<\/p><\/td><td width=\"227\"><p><a href=\"mailto:ignacio.santana@uleam.edu.ec\">ignacio.santana@uleam.edu.ec<\/a><\/p><\/td><\/tr><tr><td width=\"312\"><p>Vera Anzules Jimy Javier, Lic.<\/p><\/td><td width=\"227\"><p><a href=\"mailto:jimy.vera@uleam.edu.ec\">jimy.vera@uleam.edu.ec<\/a><\/p><\/td><\/tr><tr><td width=\"312\"><p>Zambrano Zambrano Michael Alejandro, Lic.<\/p><\/td><td width=\"227\"><p><a href=\"mailto:michael.zambrano@uleam.edu.ec\">michael.zambrano@uleam.edu.ec<\/a><\/p><\/td><\/tr><\/tbody><\/table><\/div>\n\t\t\t\t\t\t\t\t\t<div class=\"elementor-tab-title elementor-tab-mobile-title\" aria-selected=\"false\" data-tab=\"6\" role=\"tab\" tabindex=\"-1\" aria-controls=\"elementor-tab-content-2606\" aria-expanded=\"false\">Datos Generales<\/div>\n\t\t\t\t\t<div id=\"elementor-tab-content-2606\" class=\"elementor-tab-content elementor-clearfix\" data-tab=\"6\" role=\"tabpanel\" aria-labelledby=\"elementor-tab-title-2606\" tabindex=\"0\" hidden=\"hidden\"><ul><li style=\"text-align: center\">Lic. Jorge Isacio Cede\u00f1o Molina, Mg.<\/li><li style=\"text-align: center\">COORDINADOR DE CARRERA<\/li><li style=\"text-align: center\"><a href=\"mailto:jorge.cedeno@uleam.edu.ec\">jorge.cedeno@uleam.edu.ec<\/a><\/li><\/ul><hr \/><ul style=\"text-align: center\"><li>\u00a0<\/li><li>Lic. Jessenia Dolores Endara Mendoza<\/li><li>SECRETARIA<\/li><li><a href=\"mailto:jessenia.endara@uleam.edu.ec\">jessenia.endara@uleam.edu.ec<\/a><\/li><\/ul><hr \/><ul><li style=\"text-align: center\">\u00a0<\/li><li style=\"text-align: center\">Horarios de atenci\u00f3n:<\/li><li style=\"text-align: center\">12:00 a 20:00<\/li><\/ul><\/div>\n\t\t\t\t\t\t\t\t\t<div class=\"elementor-tab-title elementor-tab-mobile-title\" aria-selected=\"false\" data-tab=\"7\" role=\"tab\" tabindex=\"-1\" aria-controls=\"elementor-tab-content-2607\" aria-expanded=\"false\">Gesti\u00f3n y Proceso Estudiantil<\/div>\n\t\t\t\t\t<div id=\"elementor-tab-content-2607\" class=\"elementor-tab-content elementor-clearfix\" data-tab=\"7\" role=\"tabpanel\" aria-labelledby=\"elementor-tab-title-2607\" tabindex=\"0\" hidden=\"hidden\"><ul><li>\u21d2<a href=\"https:\/\/carreras.uleam.edu.ec\/extension-chone\/wp-content\/uploads\/sites\/78\/2024\/07\/PRACTICA-ARTES.png\" target=\"_blank\" rel=\"noopener\">\u00a0Pr\u00e1cticas Pre-profesionales<\/a><\/li><li>\u21d2<a href=\"https:\/\/carreras.uleam.edu.ec\/extension-chone\/wp-content\/uploads\/sites\/78\/2024\/07\/COMISIONES-ARTES.png\" target=\"_blank\" rel=\"noopener\"> Comisiones<\/a><\/li><li>\u21d2<a href=\"https:\/\/departamentos.uleam.edu.ec\/gestion-aseguramiento-calidad\/2019\/04\/08\/matricula\/\">Matr\u00edcula<\/a><\/li><li>\u21d2 <a href=\"https:\/\/departamentos.uleam.edu.ec\/gestion-aseguramiento-calidad\/reingreso-de-estudiantes\/\">Reingreso de estudiantes<\/a><\/li><li>\u21d2 <a href=\"https:\/\/departamentos.uleam.edu.ec\/gestion-aseguramiento-calidad\/homologacion-de-estudios-por-analisis-comparativo-de-contenidos\/\">Homologaci\u00f3n de Estudios por An\u00e1lisis \u00a0Comparativo de Contenidos<\/a><\/li><\/ul><\/div>\n\t\t\t\t\t\t\t<\/div>\n\t\t<\/div>\n\t\t\t\t<\/div>\n\t\t\t\t<\/div>\n\t\t\t\t\t<\/div>\n\t\t<\/div>\n\t\t\t\t\t\t\t<\/div>\n\t\t<\/section>\n\t\t\t\t\t\t<\/div>\n\t\t\t\t\t<\/div>\n\t\t","protected":false},"excerpt":{"rendered":"<p>Bienvenidos Misi\u00f3n y Visi\u00f3n Descripci\u00f3n General de la Carrera Malla Curricular Docentes Datos Generales Gesti\u00f3n y Proceso Estudiantil Bienvenidos Misi\u00f3n y Visi\u00f3n VISI\u00d3N La visi\u00f3n de la carrera de Artes Pl\u00e1sticas de la ULEAM, es logar la Educaci\u00f3n Superior de [&hellip;]<\/p>\n","protected":false},"author":7,"featured_media":0,"parent":0,"menu_order":0,"comment_status":"closed","ping_status":"closed","template":"","meta":{"_acf_changed":false,"footnotes":""},"class_list":["post-9","page","type-page","status-publish","hentry"],"acf":[],"_links":{"self":[{"href":"https:\/\/carreras.uleam.edu.ec\/extension-chone\/wp-json\/wp\/v2\/pages\/9","targetHints":{"allow":["GET"]}}],"collection":[{"href":"https:\/\/carreras.uleam.edu.ec\/extension-chone\/wp-json\/wp\/v2\/pages"}],"about":[{"href":"https:\/\/carreras.uleam.edu.ec\/extension-chone\/wp-json\/wp\/v2\/types\/page"}],"author":[{"embeddable":true,"href":"https:\/\/carreras.uleam.edu.ec\/extension-chone\/wp-json\/wp\/v2\/users\/7"}],"replies":[{"embeddable":true,"href":"https:\/\/carreras.uleam.edu.ec\/extension-chone\/wp-json\/wp\/v2\/comments?post=9"}],"version-history":[{"count":49,"href":"https:\/\/carreras.uleam.edu.ec\/extension-chone\/wp-json\/wp\/v2\/pages\/9\/revisions"}],"predecessor-version":[{"id":1114,"href":"https:\/\/carreras.uleam.edu.ec\/extension-chone\/wp-json\/wp\/v2\/pages\/9\/revisions\/1114"}],"wp:attachment":[{"href":"https:\/\/carreras.uleam.edu.ec\/extension-chone\/wp-json\/wp\/v2\/media?parent=9"}],"curies":[{"name":"wp","href":"https:\/\/api.w.org\/{rel}","templated":true}]}}