{"id":946,"date":"2024-07-16T22:28:32","date_gmt":"2024-07-16T22:28:32","guid":{"rendered":"https:\/\/carreras.uleam.edu.ec\/extension-chone\/?page_id=946"},"modified":"2025-03-14T16:25:18","modified_gmt":"2025-03-14T16:25:18","slug":"carrera-arquitectura","status":"publish","type":"page","link":"https:\/\/carreras.uleam.edu.ec\/extension-chone\/carrera-arquitectura\/","title":{"rendered":"Carrera Arquitectura"},"content":{"rendered":"\t\t<div data-elementor-type=\"wp-page\" data-elementor-id=\"946\" class=\"elementor elementor-946\" data-elementor-settings=\"[]\">\n\t\t\t\t\t\t\t<div class=\"elementor-section-wrap\">\n\t\t\t\t\t\t\t<section class=\"elementor-section elementor-top-section elementor-element elementor-element-59e3d7c elementor-section-boxed elementor-section-height-default elementor-section-height-default\" data-id=\"59e3d7c\" data-element_type=\"section\">\n\t\t\t\t\t\t<div class=\"elementor-container elementor-column-gap-default\">\n\t\t\t\t\t<div class=\"elementor-column elementor-col-100 elementor-top-column elementor-element elementor-element-cb394a0\" data-id=\"cb394a0\" data-element_type=\"column\">\n\t\t\t<div class=\"elementor-widget-wrap elementor-element-populated\">\n\t\t\t\t\t\t\t\t<div class=\"elementor-element elementor-element-c6be786 elementor-tabs-view-horizontal elementor-widget elementor-widget-tabs\" data-id=\"c6be786\" data-element_type=\"widget\" data-widget_type=\"tabs.default\">\n\t\t\t\t<div class=\"elementor-widget-container\">\n\t\t\t\t\t<div class=\"elementor-tabs\">\n\t\t\t<div class=\"elementor-tabs-wrapper\" role=\"tablist\" >\n\t\t\t\t\t\t\t\t\t<div id=\"elementor-tab-title-2081\" class=\"elementor-tab-title elementor-tab-desktop-title\" aria-selected=\"true\" data-tab=\"1\" role=\"tab\" tabindex=\"0\" aria-controls=\"elementor-tab-content-2081\" aria-expanded=\"false\">Misi\u00f3n y Visi\u00f3n<\/div>\n\t\t\t\t\t\t\t\t\t<div id=\"elementor-tab-title-2082\" class=\"elementor-tab-title elementor-tab-desktop-title\" aria-selected=\"false\" data-tab=\"2\" role=\"tab\" tabindex=\"-1\" aria-controls=\"elementor-tab-content-2082\" aria-expanded=\"false\">Descripci\u00f3n General de la Carrera<\/div>\n\t\t\t\t\t\t\t\t\t<div id=\"elementor-tab-title-2083\" class=\"elementor-tab-title elementor-tab-desktop-title\" aria-selected=\"false\" data-tab=\"3\" role=\"tab\" tabindex=\"-1\" aria-controls=\"elementor-tab-content-2083\" aria-expanded=\"false\">Malla Curricular<\/div>\n\t\t\t\t\t\t\t\t\t<div id=\"elementor-tab-title-2084\" class=\"elementor-tab-title elementor-tab-desktop-title\" aria-selected=\"false\" data-tab=\"4\" role=\"tab\" tabindex=\"-1\" aria-controls=\"elementor-tab-content-2084\" aria-expanded=\"false\">Docentes<\/div>\n\t\t\t\t\t\t\t\t\t<div id=\"elementor-tab-title-2085\" class=\"elementor-tab-title elementor-tab-desktop-title\" aria-selected=\"false\" data-tab=\"5\" role=\"tab\" tabindex=\"-1\" aria-controls=\"elementor-tab-content-2085\" aria-expanded=\"false\">Datos Generales<\/div>\n\t\t\t\t\t\t\t\t\t<div id=\"elementor-tab-title-2086\" class=\"elementor-tab-title elementor-tab-desktop-title\" aria-selected=\"false\" data-tab=\"6\" role=\"tab\" tabindex=\"-1\" aria-controls=\"elementor-tab-content-2086\" aria-expanded=\"false\">Gesti\u00f3n y Proceso Estudiantil<\/div>\n\t\t\t\t\t\t\t<\/div>\n\t\t\t<div class=\"elementor-tabs-content-wrapper\" role=\"tablist\" aria-orientation=\"vertical\">\n\t\t\t\t\t\t\t\t\t<div class=\"elementor-tab-title elementor-tab-mobile-title\" aria-selected=\"true\" data-tab=\"1\" role=\"tab\" tabindex=\"0\" aria-controls=\"elementor-tab-content-2081\" aria-expanded=\"false\">Misi\u00f3n y Visi\u00f3n<\/div>\n\t\t\t\t\t<div id=\"elementor-tab-content-2081\" class=\"elementor-tab-content elementor-clearfix\" data-tab=\"1\" role=\"tabpanel\" aria-labelledby=\"elementor-tab-title-2081\" tabindex=\"0\" hidden=\"false\"><p style=\"text-align: justify\"><span style=\"text-decoration: underline\">Misi\u00f3n<\/span><\/p><p style=\"text-align: justify\">La Facultad de Ingenier\u00eda, Industria y Construcci\u00f3n, se centra en el compromiso con la sociedad de formar profesionales creativos, emprendedores y competentes, con s\u00f3lidos conocimientos, en arquitectura y urbanismo, que contribuyan significativamente al mejoramiento de las condiciones de vida de la comunidad, fortaleciendo la identidad cultural de la regi\u00f3n y el pa\u00eds.<\/p><p style=\"text-align: justify\"><span style=\"text-decoration: underline\">Visi\u00f3n<\/span><\/p><p style=\"text-align: justify\">Alcanzar en el a\u00f1o 2019 la excelencia acad\u00e9mica fundamentada en la investigaci\u00f3n, constituy\u00e9ndose en un referente anal\u00edtico, cr\u00edtico y reflexivo en el quehacer urbano-arquitect\u00f3nico, bajo un enfoque bioc\u00e9ntrico, human\u00edstico y pragm\u00e1tico de la regi\u00f3n y del pa\u00eds.<\/p><\/div>\n\t\t\t\t\t\t\t\t\t<div class=\"elementor-tab-title elementor-tab-mobile-title\" aria-selected=\"false\" data-tab=\"2\" role=\"tab\" tabindex=\"-1\" aria-controls=\"elementor-tab-content-2082\" aria-expanded=\"false\">Descripci\u00f3n General de la Carrera<\/div>\n\t\t\t\t\t<div id=\"elementor-tab-content-2082\" class=\"elementor-tab-content elementor-clearfix\" data-tab=\"2\" role=\"tabpanel\" aria-labelledby=\"elementor-tab-title-2082\" tabindex=\"0\" hidden=\"hidden\"><ul><li>Nombre de la Carrera:\u00a0\u00a0\u00a0\u00a0\u00a0\u00a0\u00a0\u00a0\u00a0\u00a0\u00a0\u00a0\u00a0\u00a0\u00a0\u00a0\u00a0\u00a0\u00a0\u00a0 Arquitectura<\/li><li>T\u00edtulo que otorga:\u00a0\u00a0\u00a0\u00a0\u00a0\u00a0\u00a0\u00a0\u00a0\u00a0\u00a0\u00a0\u00a0\u00a0\u00a0\u00a0\u00a0\u00a0\u00a0\u00a0\u00a0\u00a0\u00a0\u00a0\u00a0\u00a0\u00a0\u00a0 Arquitecto\/a<\/li><li>Modalidad de Aprendizaje:\u00a0\u00a0\u00a0\u00a0\u00a0\u00a0\u00a0\u00a0\u00a0\u00a0\u00a0\u00a0 Presencial<\/li><li>N\u00fameros de periodos ordinarios: 10<\/li><\/ul><p><span style=\"text-decoration: underline\">Objetivo General:<\/span><\/p><p>La carrera de Arquitectura tiene por objetivo formar arquitectos\u00a0 creativos, emprendedores, competentes y humanistas, mediante el desarrollo de conocimientos, habilidades y destrezas en arquitectura y urbanismo, con valores \u00e9ticos, identificados con el desarrollo sostenible para resolver problemas y necesidades espaciales con \u00e9nfasis en h\u00e1bitat, innovaci\u00f3n, transferencia tecnol\u00f3gica, ambiente y patrimonio que contribuyan al fortaleciendo de la identidad cultural y mejoramiento de la calidad de vida de la poblaci\u00f3n presente y futura bajo un enfoque bioc\u00e9ntrico.<\/p><p><span style=\"text-decoration: underline\">Perfil de Ingreso:<\/span><\/p><p>El estudiante que ingresa a la carrera de arquitectura debe poseer el siguiente perfil que le permitir\u00e1 adaptarse de forma r\u00e1pida al proceso de aprendizaje de la misma:<\/p><ul><li>&#8211; Capacidad de lectura comprensiva<\/li><li>&#8211; Capacidad de razonamiento l\u00f3gico<\/li><li>&#8211; Capacidad de expresi\u00f3n oral y escrita<\/li><li>&#8211; Capacidad de an\u00e1lisis y s\u00edntesis<\/li><li>&#8211; Capacidad para generar nuevas ideas<\/li><li>&#8211; Capacidad cr\u00edtica y autocr\u00edtica<\/li><li>&#8211; Vocaci\u00f3n art\u00edstica y aptitud de expresi\u00f3n conceptual y gr\u00e1fica<\/li><li>&#8211; Habilidades interpersonales y sensibilidad social<\/li><li>&#8211; Actitud de respeto y compromiso con los valores humanos, sociales, culturales, patrimoniales y urbanos.<\/li><li>&#8211; Apreciaci\u00f3n y respeto por la diversidad y la multiculturalidad<\/li><li>&#8211; Compromiso y respeto por el ambiente<\/li><li>&#8211; Habilidad en el manejo de las Tic\u2019s<\/li><li>&#8211; Capacidad de integrar y liderar grupos de trabajo interdisciplinarios<\/li><\/ul><p><span style=\"text-decoration: underline\">Requisitos de Ingreso:<\/span><\/p><ul><li>&#8211; Puntaje acreditado del examen transformar del Senescyt<\/li><li>&#8211; Poseer t\u00edtulo de bachiller o su equivalente debidamente reconocido por el Ministerio de Educaci\u00f3n.<\/li><li>&#8211; Haber cumplido los requisitos normados por el Sistema de Nivelaci\u00f3n y Admisi\u00f3n, el mismo que observar\u00e1 los principios de igualdad de oportunidades, m\u00e9rito y capacidad.<\/li><li>&#8211; Cumplir con la entrega de documentaci\u00f3n personal y habilitante en Secretar\u00eda General.<\/li><li>&#8211; En casos especiales, certificados de reconocimiento y homologaci\u00f3n de estudios de otras IES de conformidad con el Art\u00edculo 63 y 64 del Reglamento de R\u00e9gimen Acad\u00e9mico.<\/li><\/ul><p><span style=\"text-decoration: underline\">Requisitos de Graduaci\u00f3n:<\/span><\/p><ul><li>&#8211; Haber aprobado las 7200 horas de la malla curricular vigente y obtener la suficiencia del idioma ingl\u00e9s del instituto de idiomas de la Uleam<\/li><li>&#8211; Haber aprobado la malla curricular, incluyendo las pr\u00e1cticas preprofesionales y vinculaci\u00f3n con la colectividad.<\/li><li>&#8211; Haber aprobado una modalidad de titulaci\u00f3n dentro de lo establecido el RRA.<\/li><li>&#8211; Acreditar suficiencia en la competencia comunicativa a nivel B2 \u2013 MCER (Ver justificativos en el anexo de gr\u00e1ficos y tablas)<\/li><\/ul><p><span style=\"text-decoration: underline\">Modalidades de Titulaci\u00f3n:<\/span><\/p><ul><li>&#8211; Examen Complexivo<\/li><li>&#8211; Proyecto de Investigaci\u00f3n<\/li><li>&#8211; Proyecto Integrador<\/li><\/ul><p><span style=\"text-decoration: underline\">Campo Ocupacional:<\/span><\/p><ul><li>&#8211; Dise\u00f1o Urbano.<\/li><li>&#8211; Planificaci\u00f3n Territorial.<\/li><li>&#8211; Administraci\u00f3n de empresas constructoras.<\/li><li>&#8211; Investigaci\u00f3n arquitect\u00f3nica, urbana y regional<\/li><\/ul><\/div>\n\t\t\t\t\t\t\t\t\t<div class=\"elementor-tab-title elementor-tab-mobile-title\" aria-selected=\"false\" data-tab=\"3\" role=\"tab\" tabindex=\"-1\" aria-controls=\"elementor-tab-content-2083\" aria-expanded=\"false\">Malla Curricular<\/div>\n\t\t\t\t\t<div id=\"elementor-tab-content-2083\" class=\"elementor-tab-content elementor-clearfix\" data-tab=\"3\" role=\"tabpanel\" aria-labelledby=\"elementor-tab-title-2083\" tabindex=\"0\" hidden=\"hidden\"><p><a href=\"https:\/\/carreras.uleam.edu.ec\/extension-chone\/wp-content\/uploads\/sites\/78\/2025\/03\/MALLA-Arquitectura-Ns-2024.pdf\" target=\"_blank\" rel=\"noopener\"><img loading=\"lazy\" decoding=\"async\" class=\"alignnone wp-image-1080 size-large\" src=\"https:\/\/carreras.uleam.edu.ec\/extension-chone\/wp-content\/uploads\/sites\/78\/2025\/03\/MALLA-ARQUITECTURA-1024x537.png\" alt=\"\" width=\"1024\" height=\"537\" srcset=\"https:\/\/carreras.uleam.edu.ec\/extension-chone\/wp-content\/uploads\/sites\/78\/2025\/03\/MALLA-ARQUITECTURA-1024x537.png 1024w, https:\/\/carreras.uleam.edu.ec\/extension-chone\/wp-content\/uploads\/sites\/78\/2025\/03\/MALLA-ARQUITECTURA-300x157.png 300w, https:\/\/carreras.uleam.edu.ec\/extension-chone\/wp-content\/uploads\/sites\/78\/2025\/03\/MALLA-ARQUITECTURA-768x402.png 768w, https:\/\/carreras.uleam.edu.ec\/extension-chone\/wp-content\/uploads\/sites\/78\/2025\/03\/MALLA-ARQUITECTURA-1536x805.png 1536w, https:\/\/carreras.uleam.edu.ec\/extension-chone\/wp-content\/uploads\/sites\/78\/2025\/03\/MALLA-ARQUITECTURA-2048x1073.png 2048w\" sizes=\"auto, (max-width: 1024px) 100vw, 1024px\" \/><\/a><\/p><\/div>\n\t\t\t\t\t\t\t\t\t<div class=\"elementor-tab-title elementor-tab-mobile-title\" aria-selected=\"false\" data-tab=\"4\" role=\"tab\" tabindex=\"-1\" aria-controls=\"elementor-tab-content-2084\" aria-expanded=\"false\">Docentes<\/div>\n\t\t\t\t\t<div id=\"elementor-tab-content-2084\" class=\"elementor-tab-content elementor-clearfix\" data-tab=\"4\" role=\"tabpanel\" aria-labelledby=\"elementor-tab-title-2084\" tabindex=\"0\" hidden=\"hidden\"><ul><li>Alc\u00edvar Intriago Andres Aladino, Arq.<\/li><li>Alc\u00edvar Meza Mara Shakira, Ing.<\/li><li>\u00c1vila Vera Sim\u00f3n Alberto, Ing.<\/li><li>Mero Mero Juan Ledher, Arq.<\/li><li>Suarez Murillo Ricardo Antonio, Arq.<\/li><li>Vera Bravo Elke Seydel, Arq.<\/li><li>Zanbrano Alc\u00edvar Rossana Elizabeth, Ing.<\/li><li>Zambrano Mendoza D\u00e1maso Eduardo, Ing.<\/li><\/ul><\/div>\n\t\t\t\t\t\t\t\t\t<div class=\"elementor-tab-title elementor-tab-mobile-title\" aria-selected=\"false\" data-tab=\"5\" role=\"tab\" tabindex=\"-1\" aria-controls=\"elementor-tab-content-2085\" aria-expanded=\"false\">Datos Generales<\/div>\n\t\t\t\t\t<div id=\"elementor-tab-content-2085\" class=\"elementor-tab-content elementor-clearfix\" data-tab=\"5\" role=\"tabpanel\" aria-labelledby=\"elementor-tab-title-2085\" tabindex=\"0\" hidden=\"hidden\"><ul><li style=\"text-align: center\">Lic. Martha Lorena Mendoza Navarrete<\/li><li style=\"text-align: center\">Coordinadora<\/li><\/ul><p style=\"text-align: center\"><a href=\"mailto:martha.mendoza@uleam.edu.ec\">martha.mendoza@uleam.edu.ec<\/a><\/p><hr \/><ul><li style=\"text-align: center\">Econ. Martha Alejandra Vera Bravo<\/li><li style=\"text-align: center\">Secretaria<\/li><li style=\"text-align: center\"><a href=\"mailto:martha.vera@uleam.edu.ec\">martha.vera@uleam.edu.ec<\/a><\/li><\/ul><hr \/><ul><li style=\"text-align: center\">Horario de Atenci\u00f3n:<\/li><li style=\"text-align: center\">08:00 a 12:00 14:00 a 18:00<\/li><\/ul><\/div>\n\t\t\t\t\t\t\t\t\t<div class=\"elementor-tab-title elementor-tab-mobile-title\" aria-selected=\"false\" data-tab=\"6\" role=\"tab\" tabindex=\"-1\" aria-controls=\"elementor-tab-content-2086\" aria-expanded=\"false\">Gesti\u00f3n y Proceso Estudiantil<\/div>\n\t\t\t\t\t<div id=\"elementor-tab-content-2086\" class=\"elementor-tab-content elementor-clearfix\" data-tab=\"6\" role=\"tabpanel\" aria-labelledby=\"elementor-tab-title-2086\" tabindex=\"0\" hidden=\"hidden\"><ul><li>\u21d2\u00a0<a href=\"https:\/\/carreras.uleam.edu.ec\/extension-chone\/wp-content\/uploads\/sites\/78\/2024\/07\/precticas-arquitectura.png\" target=\"_blank\" rel=\"noopener\">Pr\u00e1cticas Pre-profesionales<\/a><\/li><li>\u21d2\u00a0<a href=\"https:\/\/carreras.uleam.edu.ec\/extension-chone\/wp-content\/uploads\/sites\/78\/2025\/03\/COMISIONES-ARQUITECTURA.png\" target=\"_blank\" rel=\"noopener\">Comisiones\u00a0<\/a><\/li><li>\u21d2\u00a0<a href=\"https:\/\/departamentos.uleam.edu.ec\/gestion-aseguramiento-calidad\/2019\/04\/08\/matricula\/\">Matr\u00edcula<\/a><\/li><li>\u21d2\u00a0<a href=\"https:\/\/departamentos.uleam.edu.ec\/gestion-aseguramiento-calidad\/reingreso-de-estudiantes\/\">Reingreso de estudiantes<\/a><\/li><li>\u21d2\u00a0<a href=\"https:\/\/departamentos.uleam.edu.ec\/gestion-aseguramiento-calidad\/homologacion-de-estudios-por-analisis-comparativo-de-contenidos\/\">Homologaci\u00f3n de Estudios por An\u00e1lisis Comparativo de Contenidos<\/a><\/li><\/ul><\/div>\n\t\t\t\t\t\t\t<\/div>\n\t\t<\/div>\n\t\t\t\t<\/div>\n\t\t\t\t<\/div>\n\t\t\t\t\t<\/div>\n\t\t<\/div>\n\t\t\t\t\t\t\t<\/div>\n\t\t<\/section>\n\t\t\t\t\t\t<\/div>\n\t\t\t\t\t<\/div>\n\t\t","protected":false},"excerpt":{"rendered":"<p>Misi\u00f3n y Visi\u00f3n Descripci\u00f3n General de la Carrera Malla Curricular Docentes Datos Generales Gesti\u00f3n y Proceso Estudiantil Misi\u00f3n y Visi\u00f3n Misi\u00f3n La Facultad de Ingenier\u00eda, Industria y Construcci\u00f3n, se centra en el compromiso con la sociedad de formar profesionales creativos, [&hellip;]<\/p>\n","protected":false},"author":7,"featured_media":0,"parent":0,"menu_order":0,"comment_status":"closed","ping_status":"closed","template":"","meta":{"_acf_changed":false,"footnotes":""},"class_list":["post-946","page","type-page","status-publish","hentry"],"acf":[],"_links":{"self":[{"href":"https:\/\/carreras.uleam.edu.ec\/extension-chone\/wp-json\/wp\/v2\/pages\/946","targetHints":{"allow":["GET"]}}],"collection":[{"href":"https:\/\/carreras.uleam.edu.ec\/extension-chone\/wp-json\/wp\/v2\/pages"}],"about":[{"href":"https:\/\/carreras.uleam.edu.ec\/extension-chone\/wp-json\/wp\/v2\/types\/page"}],"author":[{"embeddable":true,"href":"https:\/\/carreras.uleam.edu.ec\/extension-chone\/wp-json\/wp\/v2\/users\/7"}],"replies":[{"embeddable":true,"href":"https:\/\/carreras.uleam.edu.ec\/extension-chone\/wp-json\/wp\/v2\/comments?post=946"}],"version-history":[{"count":12,"href":"https:\/\/carreras.uleam.edu.ec\/extension-chone\/wp-json\/wp\/v2\/pages\/946\/revisions"}],"predecessor-version":[{"id":1085,"href":"https:\/\/carreras.uleam.edu.ec\/extension-chone\/wp-json\/wp\/v2\/pages\/946\/revisions\/1085"}],"wp:attachment":[{"href":"https:\/\/carreras.uleam.edu.ec\/extension-chone\/wp-json\/wp\/v2\/media?parent=946"}],"curies":[{"name":"wp","href":"https:\/\/api.w.org\/{rel}","templated":true}]}}