{"id":14,"date":"2022-09-09T01:56:37","date_gmt":"2022-09-09T01:56:37","guid":{"rendered":"https:\/\/carreras.uleam.edu.ec\/extension-el-carmen\/?page_id=14"},"modified":"2025-09-11T13:31:58","modified_gmt":"2025-09-11T13:31:58","slug":"carrera-de-ingenieria-agropecuaria-extension-el-carmen","status":"publish","type":"page","link":"https:\/\/carreras.uleam.edu.ec\/extension-el-carmen\/carrera-de-ingenieria-agropecuaria-extension-el-carmen\/","title":{"rendered":"Carrera Ingenier\u00eda Agropecuaria"},"content":{"rendered":"\t\t<div data-elementor-type=\"wp-page\" data-elementor-id=\"14\" class=\"elementor elementor-14\" data-elementor-settings=\"[]\">\n\t\t\t\t\t\t\t<div class=\"elementor-section-wrap\">\n\t\t\t\t\t\t\t<section class=\"elementor-section elementor-top-section elementor-element elementor-element-82a61d9 elementor-section-boxed elementor-section-height-default elementor-section-height-default\" data-id=\"82a61d9\" data-element_type=\"section\">\n\t\t\t\t\t\t<div class=\"elementor-container elementor-column-gap-default\">\n\t\t\t\t\t<div class=\"elementor-column elementor-col-100 elementor-top-column elementor-element elementor-element-7900426\" data-id=\"7900426\" data-element_type=\"column\">\n\t\t\t<div class=\"elementor-widget-wrap elementor-element-populated\">\n\t\t\t\t\t\t\t\t<div class=\"elementor-element elementor-element-17d87fd elementor-tabs-view-horizontal elementor-widget elementor-widget-tabs\" data-id=\"17d87fd\" data-element_type=\"widget\" data-widget_type=\"tabs.default\">\n\t\t\t\t<div class=\"elementor-widget-container\">\n\t\t\t\t\t<div class=\"elementor-tabs\">\n\t\t\t<div class=\"elementor-tabs-wrapper\" role=\"tablist\" >\n\t\t\t\t\t\t\t\t\t<div id=\"elementor-tab-title-2501\" class=\"elementor-tab-title elementor-tab-desktop-title\" aria-selected=\"true\" data-tab=\"1\" role=\"tab\" tabindex=\"0\" aria-controls=\"elementor-tab-content-2501\" aria-expanded=\"false\">Misi\u00f3n y Visi\u00f3n<\/div>\n\t\t\t\t\t\t\t\t\t<div id=\"elementor-tab-title-2502\" class=\"elementor-tab-title elementor-tab-desktop-title\" aria-selected=\"false\" data-tab=\"2\" role=\"tab\" tabindex=\"-1\" aria-controls=\"elementor-tab-content-2502\" aria-expanded=\"false\">Descripci\u00f3n General de la Carrera<\/div>\n\t\t\t\t\t\t\t\t\t<div id=\"elementor-tab-title-2503\" class=\"elementor-tab-title elementor-tab-desktop-title\" aria-selected=\"false\" data-tab=\"3\" role=\"tab\" tabindex=\"-1\" aria-controls=\"elementor-tab-content-2503\" aria-expanded=\"false\">Malla Curricular<\/div>\n\t\t\t\t\t\t\t\t\t<div id=\"elementor-tab-title-2504\" class=\"elementor-tab-title elementor-tab-desktop-title\" aria-selected=\"false\" data-tab=\"4\" role=\"tab\" tabindex=\"-1\" aria-controls=\"elementor-tab-content-2504\" aria-expanded=\"false\">Docentes<\/div>\n\t\t\t\t\t\t\t\t\t<div id=\"elementor-tab-title-2505\" class=\"elementor-tab-title elementor-tab-desktop-title\" aria-selected=\"false\" data-tab=\"5\" role=\"tab\" tabindex=\"-1\" aria-controls=\"elementor-tab-content-2505\" aria-expanded=\"false\">Datos Generales<\/div>\n\t\t\t\t\t\t\t\t\t<div id=\"elementor-tab-title-2506\" class=\"elementor-tab-title elementor-tab-desktop-title\" aria-selected=\"false\" data-tab=\"6\" role=\"tab\" tabindex=\"-1\" aria-controls=\"elementor-tab-content-2506\" aria-expanded=\"false\">Gesti\u00f3n y Proceso Estudiantil<\/div>\n\t\t\t\t\t\t\t<\/div>\n\t\t\t<div class=\"elementor-tabs-content-wrapper\" role=\"tablist\" aria-orientation=\"vertical\">\n\t\t\t\t\t\t\t\t\t<div class=\"elementor-tab-title elementor-tab-mobile-title\" aria-selected=\"true\" data-tab=\"1\" role=\"tab\" tabindex=\"0\" aria-controls=\"elementor-tab-content-2501\" aria-expanded=\"false\">Misi\u00f3n y Visi\u00f3n<\/div>\n\t\t\t\t\t<div id=\"elementor-tab-content-2501\" class=\"elementor-tab-content elementor-clearfix\" data-tab=\"1\" role=\"tabpanel\" aria-labelledby=\"elementor-tab-title-2501\" tabindex=\"0\" hidden=\"false\"><p style=\"text-align: justify\"><span style=\"text-decoration: underline\">Misi\u00f3n<\/span><\/p><p>La Carrera de Ingenier\u00eda Agropecuaria forma profesionales cr\u00edticos, l\u00edderes competentes, con visi\u00f3n human\u00edstica, a trav\u00e9s de la docencia, investigaci\u00f3n y vinculaci\u00f3n, promoviendo actividades agropecuarias sostenibles y sustentables aplicando normas de inocuidad y seguridad alimentaria para la regi\u00f3n y el pa\u00eds.<\/p><p style=\"text-align: justify\"><span style=\"text-decoration: underline\">Visi\u00f3n<\/span><\/p><p style=\"text-align: justify\">La Carrera de Ingenier\u00eda Agropecuaria de la Universidad Laica Eloy Alfaro de Manab\u00ed, es una Unidad Acad\u00e9mica de Educaci\u00f3n Superior, din\u00e1mica y actualizada, que propende al liderazgo en su \u00e1mbito de acci\u00f3n, contribuyendo con profesionales competitivos que destaquen por sus conocimientos t\u00e9cnicos y cient\u00edficos, valores \u00e9ticos profundamente human\u00edsticos, dispuestos a contribuir al desarrollo social y econ\u00f3mico del sector agropecuario de la provincia y del pa\u00eds.<\/p><\/div>\n\t\t\t\t\t\t\t\t\t<div class=\"elementor-tab-title elementor-tab-mobile-title\" aria-selected=\"false\" data-tab=\"2\" role=\"tab\" tabindex=\"-1\" aria-controls=\"elementor-tab-content-2502\" aria-expanded=\"false\">Descripci\u00f3n General de la Carrera<\/div>\n\t\t\t\t\t<div id=\"elementor-tab-content-2502\" class=\"elementor-tab-content elementor-clearfix\" data-tab=\"2\" role=\"tabpanel\" aria-labelledby=\"elementor-tab-title-2502\" tabindex=\"0\" hidden=\"hidden\"><ul><li>Nombre de las Carreras:\u00a0 \u00a0 \u00a0 \u00a0 \u00a0 \u00a0 \u00a0 \u00a0 \u00a0 \u00a0 \u00a0 Ingenier\u00eda Agropecuaria<\/li><li>T\u00edtulo que otorga:\u00a0 \u00a0 \u00a0 \u00a0 \u00a0 \u00a0 \u00a0 \u00a0 \u00a0 \u00a0 \u00a0 \u00a0 \u00a0 \u00a0 \u00a0 \u00a0 \u00a0 Ingenieros Agropecuario\/a<\/li><li>Modalidad de aprendizaje:\u00a0 \u00a0 \u00a0 \u00a0 \u00a0 \u00a0 \u00a0 \u00a0 \u00a0 \u00a0Presencial<\/li><li>N\u00famero de per\u00edodos ordinarios:\u00a0 \u00a0 \u00a0 \u00a0 \u00a09 nueve semestres<\/li><li>Ubicaci\u00f3n:\u00a0 \u00a0 \u00a0 \u00a0 \u00a0 \u00a0 \u00a0 \u00a0 \u00a0 \u00a0 \u00a0 \u00a0 \u00a0 \u00a0 \u00a0 \u00a0 \u00a0 \u00a0 \u00a0 \u00a0 \u00a0 \u00a0 \u00a0 \u00a0Granja Experimental \u201cR\u00edo Suma\u201d Km 25 v\u00eda Santo Domingo \u2013 Chone\u00a0<\/li><li><a href=\"https:\/\/maps.app.goo.gl\/wkbkQrYPSQMwJtjB9\" target=\"_blank\" rel=\"noopener\">\u00a0 \u00a0 \u00a0 \u00a0 \u00a0 \u00a0 \u00a0 \u00a0 \u00a0 \u00a0 \u00a0 \u00a0 \u00a0 \u00a0 \u00a0 \u00a0 \u00a0 \u00a0 \u00a0 \u00a0 \u00a0 \u00a0 \u00a0 \u00a0 \u00a0 \u00a0 \u00a0 \u00a0 \u00a0 \u00a0 \u00a0 \u00a0 (VER AQU\u00cd)<\/a><\/li><\/ul><p>Objetivo general:\u00a0\u00a0\u00a0\u00a0\u00a0\u00a0\u00a0\u00a0\u00a0\u00a0\u00a0<\/p><ul><li>Aplicar principios y leyes de ingenier\u00eda para la soluci\u00f3n de problemas y el mejoramiento de procesos en la producci\u00f3n de alimentos tanto vegetales y c\u00e1rnicas en el \u00e1rea de su competencia.<\/li><li>Incentivar el compromiso de adquirir conocimientos encaminados a su actualizaci\u00f3n profesional mediante capacitaci\u00f3n e investigaci\u00f3n continua, buscando la innovaci\u00f3n y desarrollo del pa\u00eds.<\/li><li>Desarrollar conciencia ambiental, aplicada al uso de tecnolog\u00edas limpias y desarrollo sustentable que ayuden a mitigar los impactos generados en la producci\u00f3n agropecuaria para lograr la seguridad y soberan\u00eda alimentaria.<\/li><li>Formar profesionales l\u00edderes con altos valores \u00e9ticos y morales, capaces de trabajar en equipo, vinculados a las necesidades de su entorno aplicando principios de responsabilidad social.<\/li><\/ul><p>Perfil de ingreso:\u00a0\u00a0\u00a0\u00a0\u00a0\u00a0\u00a0\u00a0\u00a0\u00a0\u00a0\u00a0<\/p><ul><li>Bachilleres Agropecuarios<\/li><li>Bachilleres Qu\u00edmico \u2013 Bi\u00f3logo<\/li><li>Bachilleres F\u00edsico Matem\u00e1ticos<\/li><li>Bachilleres en Ciencias<\/li><\/ul><p>Requisitos de ingreso:\u00a0\u00a0<\/p><ul><li>T\u00edtulo de bachiller,<\/li><li>examen Transformar,<\/li><li>puntaje requerido<\/li><\/ul><p>Requisitos de graduaci\u00f3n:\u00a0\u00a0\u00a0\u00a0\u00a0\u00a0\u00a0\u00a0\u00a0\u00a0\u00a0<\/p><ul><li>Resultados de investigaci\u00f3n<\/li><\/ul><p>Modalidades de titulaci\u00f3n:\u00a0\u00a0\u00a0\u00a0\u00a0\u00a0\u00a0\u00a0\u00a0<\/p><ul><li>Proyecto de Investigaci\u00f3n,<\/li><li>Examen Complexivo<\/li><\/ul><p>Campo Ocupacional<\/p><ul><li>Empresarios Agropecuarios Propios.<\/li><li>Administraci\u00f3n de empresas agropecuarias privadas.<\/li><li>Funcionarios de instituciones p\u00fablicas del sector agropecuario.<\/li><li>Asesor y consultor de negocio del sector agropecuario.<\/li><li>Educador agropecuario para Escuelas, Institutos, Colegios, Facultades agropecuarias a nivel nacional e internacional.<\/li><li>T\u00e9cnico y\/o socio de organizaciones campesinasE<\/li><\/ul><\/div>\n\t\t\t\t\t\t\t\t\t<div class=\"elementor-tab-title elementor-tab-mobile-title\" aria-selected=\"false\" data-tab=\"3\" role=\"tab\" tabindex=\"-1\" aria-controls=\"elementor-tab-content-2503\" aria-expanded=\"false\">Malla Curricular<\/div>\n\t\t\t\t\t<div id=\"elementor-tab-content-2503\" class=\"elementor-tab-content elementor-clearfix\" data-tab=\"3\" role=\"tabpanel\" aria-labelledby=\"elementor-tab-title-2503\" tabindex=\"0\" hidden=\"hidden\"><p><a href=\"https:\/\/carreras.uleam.edu.ec\/extension-el-carmen\/wp-content\/uploads\/sites\/79\/2023\/01\/Mallas_Ajustadas_2022-2-carrera-Agropecuaria-1.pdf\" target=\"_blank\" rel=\"noopener\"><img loading=\"lazy\" decoding=\"async\" class=\"alignnone wp-image-474 size-large\" src=\"https:\/\/carreras.uleam.edu.ec\/extension-el-carmen\/wp-content\/uploads\/sites\/79\/2023\/02\/malla-agropecuaria-El-Carmen-626x1024.png\" alt=\"\" width=\"626\" height=\"1024\" srcset=\"https:\/\/carreras.uleam.edu.ec\/extension-el-carmen\/wp-content\/uploads\/sites\/79\/2023\/02\/malla-agropecuaria-El-Carmen-626x1024.png 626w, https:\/\/carreras.uleam.edu.ec\/extension-el-carmen\/wp-content\/uploads\/sites\/79\/2023\/02\/malla-agropecuaria-El-Carmen-183x300.png 183w, https:\/\/carreras.uleam.edu.ec\/extension-el-carmen\/wp-content\/uploads\/sites\/79\/2023\/02\/malla-agropecuaria-El-Carmen-768x1257.png 768w, https:\/\/carreras.uleam.edu.ec\/extension-el-carmen\/wp-content\/uploads\/sites\/79\/2023\/02\/malla-agropecuaria-El-Carmen-939x1536.png 939w, https:\/\/carreras.uleam.edu.ec\/extension-el-carmen\/wp-content\/uploads\/sites\/79\/2023\/02\/malla-agropecuaria-El-Carmen-1251x2048.png 1251w, https:\/\/carreras.uleam.edu.ec\/extension-el-carmen\/wp-content\/uploads\/sites\/79\/2023\/02\/malla-agropecuaria-El-Carmen.png 1728w\" sizes=\"auto, (max-width: 626px) 100vw, 626px\" \/><\/a><\/p><\/div>\n\t\t\t\t\t\t\t\t\t<div class=\"elementor-tab-title elementor-tab-mobile-title\" aria-selected=\"false\" data-tab=\"4\" role=\"tab\" tabindex=\"-1\" aria-controls=\"elementor-tab-content-2504\" aria-expanded=\"false\">Docentes<\/div>\n\t\t\t\t\t<div id=\"elementor-tab-content-2504\" class=\"elementor-tab-content elementor-clearfix\" data-tab=\"4\" role=\"tabpanel\" aria-labelledby=\"elementor-tab-title-2504\" tabindex=\"0\" hidden=\"hidden\"><ul><li>Ing. Avellan V\u00e1squez Leonardo Enrique, Mg.<\/li><li>Ing. \u00c1lava Cruz Diana Alexandra, Mg<\/li><li>Mv. Acosta J\u00e1come Marco Vinicio, Mg<\/li><li>Ing. De La Cruz Chicaiza Marco Vinicio, Mg<\/li><li>Ing. Campos Vera Roberto Jacinto, Mg<\/li><li>Ing. Cede\u00f1o Zambrano Randy Jos\u00e9, Mg<\/li><li>Ing. Cobe\u00f1a Llor Nexar Vismar, Mg<\/li><li>Ing. Gonzales D\u00e1vila Pa\u00fal Ricardo, Mg<\/li><li>Lic. Gonzalez Ram\u00edrez Ignacio, Mg<\/li><li>Ing. Intriago Vera Janeth Virginia, Mg<\/li><li>Ing. J\u00e1come Gom\u00e9z Janeth Roc\u00edo, Mg<\/li><li>Mv. Jumbo Romero Manuel Del Jes\u00fas, Mg<\/li><li>Ing. L\u00f3pez Mej\u00eda Francel Xavier, Mg<\/li><li>Ing. Macay Anchundia Miguel Angel, Mg<\/li><li>Ing. Mej\u00eda Chanaluisa Kleber Fernando, Mg<\/li><li>Ing. Nivela Morante Pedro, Mg<\/li><li>Ec. Palacios Alc\u00edvar Elva Elizabeth, Mg<\/li><li>Ing. Tacuri Troya Elizabeth Telli, Mg<\/li><li>Mv. Vera Bravo David Napole\u00f3n, Mg<\/li><li>Ing. Vivas Cede\u00f1o Jorge Sifrido, Mg<\/li><li>Ing. Zambrano Mendoza Myriam Elizabeth, Mg<\/li><\/ul><\/div>\n\t\t\t\t\t\t\t\t\t<div class=\"elementor-tab-title elementor-tab-mobile-title\" aria-selected=\"false\" data-tab=\"5\" role=\"tab\" tabindex=\"-1\" aria-controls=\"elementor-tab-content-2505\" aria-expanded=\"false\">Datos Generales<\/div>\n\t\t\t\t\t<div id=\"elementor-tab-content-2505\" class=\"elementor-tab-content elementor-clearfix\" data-tab=\"5\" role=\"tabpanel\" aria-labelledby=\"elementor-tab-title-2505\" tabindex=\"0\" hidden=\"hidden\"><ul><li style=\"text-align: center\">\u00a0Mg. Jorge Vivas Cede\u00f1o<\/li><li style=\"text-align: center\">COORDINADOR DE CARRERA<\/li><li style=\"text-align: center\"><a href=\"mailto:Jorge.vivas@uleam.edu.ec\">jorge.vivas@uleam.edu.ec<\/a><br \/><hr \/><\/li><li style=\"text-align: center\">Olga Patricia Pinargote Zambrano<\/li><li style=\"text-align: center\">SECRETARIA<\/li><li style=\"text-align: center\"><a href=\"mailto:patricia.pinargote@uleam.edu.ec\">patricia.pinargote@uleam.edu.ec<\/a><br \/><hr \/><\/li><li style=\"text-align: center\">HORARIO DE ATENCI\u00d3N:<\/li><li style=\"text-align: center\">8H00 a 12H00 y 13H00 a 17H00<\/li><li style=\"text-align: center\"><hr \/><\/li><\/ul><\/div>\n\t\t\t\t\t\t\t\t\t<div class=\"elementor-tab-title elementor-tab-mobile-title\" aria-selected=\"false\" data-tab=\"6\" role=\"tab\" tabindex=\"-1\" aria-controls=\"elementor-tab-content-2506\" aria-expanded=\"false\">Gesti\u00f3n y Proceso Estudiantil<\/div>\n\t\t\t\t\t<div id=\"elementor-tab-content-2506\" class=\"elementor-tab-content elementor-clearfix\" data-tab=\"6\" role=\"tabpanel\" aria-labelledby=\"elementor-tab-title-2506\" tabindex=\"0\" hidden=\"hidden\"><ul><li>\u21d2\u00a0Pr\u00e1cticas Pre-profesionales<\/li><li>\u21d2 <a href=\"https:\/\/departamentos.uleam.edu.ec\/gestion-aseguramiento-calidad\/2019\/04\/08\/matricula\/\">Matr\u00edcula<\/a><\/li><li>\u21d2 <a href=\"https:\/\/departamentos.uleam.edu.ec\/gestion-aseguramiento-calidad\/reingreso-de-estudiantes\/\">Reingreso de estudiantes<\/a><\/li><li>\u21d2 <a href=\"https:\/\/departamentos.uleam.edu.ec\/gestion-aseguramiento-calidad\/homologacion-de-estudios-por-analisis-comparativo-de-contenidos\/\">Homologaci\u00f3n de Estudios por An\u00e1lisis Comparativo de Contenidos<\/a><\/li><\/ul><\/div>\n\t\t\t\t\t\t\t<\/div>\n\t\t<\/div>\n\t\t\t\t<\/div>\n\t\t\t\t<\/div>\n\t\t\t\t\t<\/div>\n\t\t<\/div>\n\t\t\t\t\t\t\t<\/div>\n\t\t<\/section>\n\t\t\t\t\t\t<\/div>\n\t\t\t\t\t<\/div>\n\t\t","protected":false},"excerpt":{"rendered":"<p>Misi\u00f3n y Visi\u00f3n Descripci\u00f3n General de la Carrera Malla Curricular Docentes Datos Generales Gesti\u00f3n y Proceso Estudiantil Misi\u00f3n y Visi\u00f3n Misi\u00f3n La Carrera de Ingenier\u00eda Agropecuaria forma profesionales cr\u00edticos, l\u00edderes competentes, con visi\u00f3n human\u00edstica, a trav\u00e9s de la docencia, investigaci\u00f3n [&hellip;]<\/p>\n","protected":false},"author":7,"featured_media":0,"parent":0,"menu_order":0,"comment_status":"closed","ping_status":"closed","template":"","meta":{"_acf_changed":false,"footnotes":""},"class_list":["post-14","page","type-page","status-publish","hentry"],"acf":[],"_links":{"self":[{"href":"https:\/\/carreras.uleam.edu.ec\/extension-el-carmen\/wp-json\/wp\/v2\/pages\/14","targetHints":{"allow":["GET"]}}],"collection":[{"href":"https:\/\/carreras.uleam.edu.ec\/extension-el-carmen\/wp-json\/wp\/v2\/pages"}],"about":[{"href":"https:\/\/carreras.uleam.edu.ec\/extension-el-carmen\/wp-json\/wp\/v2\/types\/page"}],"author":[{"embeddable":true,"href":"https:\/\/carreras.uleam.edu.ec\/extension-el-carmen\/wp-json\/wp\/v2\/users\/7"}],"replies":[{"embeddable":true,"href":"https:\/\/carreras.uleam.edu.ec\/extension-el-carmen\/wp-json\/wp\/v2\/comments?post=14"}],"version-history":[{"count":52,"href":"https:\/\/carreras.uleam.edu.ec\/extension-el-carmen\/wp-json\/wp\/v2\/pages\/14\/revisions"}],"predecessor-version":[{"id":573,"href":"https:\/\/carreras.uleam.edu.ec\/extension-el-carmen\/wp-json\/wp\/v2\/pages\/14\/revisions\/573"}],"wp:attachment":[{"href":"https:\/\/carreras.uleam.edu.ec\/extension-el-carmen\/wp-json\/wp\/v2\/media?parent=14"}],"curies":[{"name":"wp","href":"https:\/\/api.w.org\/{rel}","templated":true}]}}