{"id":218,"date":"2023-01-09T21:25:44","date_gmt":"2023-01-09T21:25:44","guid":{"rendered":"https:\/\/carreras.uleam.edu.ec\/extension-el-carmen\/?page_id=218"},"modified":"2025-03-14T21:25:45","modified_gmt":"2025-03-14T21:25:45","slug":"carrera-de-agronegocios","status":"publish","type":"page","link":"https:\/\/carreras.uleam.edu.ec\/extension-el-carmen\/carrera-de-agronegocios\/","title":{"rendered":"Carrera de Agronegocios"},"content":{"rendered":"\t\t<div data-elementor-type=\"wp-page\" data-elementor-id=\"218\" class=\"elementor elementor-218\" data-elementor-settings=\"[]\">\n\t\t\t\t\t\t\t<div class=\"elementor-section-wrap\">\n\t\t\t\t\t\t\t<section class=\"elementor-section elementor-top-section elementor-element elementor-element-fe65e0f elementor-section-boxed elementor-section-height-default elementor-section-height-default\" data-id=\"fe65e0f\" data-element_type=\"section\">\n\t\t\t\t\t\t<div class=\"elementor-container elementor-column-gap-default\">\n\t\t\t\t\t<div class=\"elementor-column elementor-col-100 elementor-top-column elementor-element elementor-element-d153fff\" data-id=\"d153fff\" data-element_type=\"column\">\n\t\t\t<div class=\"elementor-widget-wrap elementor-element-populated\">\n\t\t\t\t\t\t\t\t<div class=\"elementor-element elementor-element-cfc5c7d elementor-tabs-view-horizontal elementor-widget elementor-widget-tabs\" data-id=\"cfc5c7d\" data-element_type=\"widget\" data-widget_type=\"tabs.default\">\n\t\t\t\t<div class=\"elementor-widget-container\">\n\t\t\t\t\t<div class=\"elementor-tabs\">\n\t\t\t<div class=\"elementor-tabs-wrapper\" role=\"tablist\" >\n\t\t\t\t\t\t\t\t\t<div id=\"elementor-tab-title-2171\" class=\"elementor-tab-title elementor-tab-desktop-title\" aria-selected=\"true\" data-tab=\"1\" role=\"tab\" tabindex=\"0\" aria-controls=\"elementor-tab-content-2171\" aria-expanded=\"false\">Descripci\u00f3n General de la Carrera<\/div>\n\t\t\t\t\t\t\t\t\t<div id=\"elementor-tab-title-2172\" class=\"elementor-tab-title elementor-tab-desktop-title\" aria-selected=\"false\" data-tab=\"2\" role=\"tab\" tabindex=\"-1\" aria-controls=\"elementor-tab-content-2172\" aria-expanded=\"false\">Malla Curricular<\/div>\n\t\t\t\t\t\t\t\t\t<div id=\"elementor-tab-title-2173\" class=\"elementor-tab-title elementor-tab-desktop-title\" aria-selected=\"false\" data-tab=\"3\" role=\"tab\" tabindex=\"-1\" aria-controls=\"elementor-tab-content-2173\" aria-expanded=\"false\">Docentes<\/div>\n\t\t\t\t\t\t\t\t\t<div id=\"elementor-tab-title-2174\" class=\"elementor-tab-title elementor-tab-desktop-title\" aria-selected=\"false\" data-tab=\"4\" role=\"tab\" tabindex=\"-1\" aria-controls=\"elementor-tab-content-2174\" aria-expanded=\"false\">Datos Generales<\/div>\n\t\t\t\t\t\t\t\t\t<div id=\"elementor-tab-title-2175\" class=\"elementor-tab-title elementor-tab-desktop-title\" aria-selected=\"false\" data-tab=\"5\" role=\"tab\" tabindex=\"-1\" aria-controls=\"elementor-tab-content-2175\" aria-expanded=\"false\">Gesti\u00f3n y Proceso Estudiantil<\/div>\n\t\t\t\t\t\t\t<\/div>\n\t\t\t<div class=\"elementor-tabs-content-wrapper\" role=\"tablist\" aria-orientation=\"vertical\">\n\t\t\t\t\t\t\t\t\t<div class=\"elementor-tab-title elementor-tab-mobile-title\" aria-selected=\"true\" data-tab=\"1\" role=\"tab\" tabindex=\"0\" aria-controls=\"elementor-tab-content-2171\" aria-expanded=\"false\">Descripci\u00f3n General de la Carrera<\/div>\n\t\t\t\t\t<div id=\"elementor-tab-content-2171\" class=\"elementor-tab-content elementor-clearfix\" data-tab=\"1\" role=\"tabpanel\" aria-labelledby=\"elementor-tab-title-2171\" tabindex=\"0\" hidden=\"false\"><p>NOMBRE DE LA CARRERA:\u00a0 \u00a0 \u00a0 \u00a0 \u00a0 \u00a0 \u00a0 \u00a0Agronegocios<\/p><p>T\u00cdTULO QUE OTORGA:\u00a0 \u00a0 \u00a0 \u00a0 \u00a0 \u00a0 \u00a0 \u00a0 \u00a0 \u00a0 \u00a0 \u00a0Licenciado\/a en Agronegocios<\/p><p>MODALIDAD DE APRENDIZAJE:\u00a0 \u00a0 \u00a0 Presencial<\/p><p>Descripci\u00f3n de la ejecuci\u00f3n de la\u00a0Modalidad:<\/p><p>En concordancia con el Art. 71 del RRA La modalidad presencial es aquella en la que el\u00a0Componente de aprendizaje en contacto con el profesor y de aprendizaje pr\u00e1ctico experimental de las horas y\/o cr\u00e9ditos asignados para la carrera o programas se desarrollan en interacci\u00f3n directa y personal estudiante-profesor en tiempo real en al menos el setenta y cinco por ciento (75%) de las horas y \/o cr\u00e9ditos de la carrera o programa.<\/p><p>N\u00daMEROS DE PERIODOS ORDINARIOS:\u00a0 \u00a08<\/p><p>OBJETIVO GENERAL<\/p><p>Formar profesionales con conocimientos t\u00e9cnicos capaces de gestionar e innovar procesos y estrategias vinculadas a la comercializaci\u00f3n de bienes y servicios agroalimentarios, as\u00ed como en la administraci\u00f3n de recursos tangibles, intangibles y humanos, en concordancia con la demanda nacional e internacional.<\/p><p>PERFIL DE INGRESO<\/p><p>\u00a0El aspirante a esta carrera deber\u00e1 garantizar poseer las siguientes competencias y habilidades:<\/p><ul><li>Vocaci\u00f3n de servicio, solidaridad, autorreflexi\u00f3n y humanismo<\/li><li>Tener sentido de responsabilidad social<\/li><li>Capacidad de trabajo en equipo<\/li><li>Comprender su realidad natural<\/li><li>Comportamiento \u00e9tico e \u00edntegro.<\/li><li>An\u00e1lisis, s\u00edntesis y abstracci\u00f3n.<\/li><li>Razonamiento, fluidez y comprensi\u00f3n verbal.<\/li><li>Comunicaci\u00f3n efectiva<\/li><li>Ser creativo, innovador y proactivo<\/li><li>Inform\u00e1tica a nivel de usuario<\/li><\/ul><p>Dichas competencias y habilidades evaluadas a trav\u00e9s del Sistema Nacional de Nivelaci\u00f3n y Admisi\u00f3n en el examen integrado Ser Bachiller o el mecanismo que a futuro se considere para el proceso.<\/p><p>REQUISITOS DE INGRESO:<\/p><p>Descripci\u00f3n<\/p><p>Poseer t\u00edtulo de bachiller o su equivalente, de conformidad con la Ley.<\/p><ul><li>Haber cumplido los requisitos normados por el Sistema de Nivelaci\u00f3n y Admisi\u00f3n, el mismo que observar\u00e1 los principios de igualdad de oportunidades, m\u00e9rito y capacidad.<\/li><li>Cumplir con la entrega de documentaci\u00f3n personal y habilitante en Secretar\u00eda General.<\/li><li>En casos especiales, certificados de reconocimiento y homologaci\u00f3n de estudios de otras IES de conformidad con el Art\u00edculo 98 y 99 del Reglamento de R\u00e9gimen Acad\u00e9mico.<\/li><\/ul><p>REQUISITOS PARA TITULACI\u00d3N<\/p><p>Descripci\u00f3n<\/p><p>Haber aprobado las asignaturas de las unidades b\u00e1sica y profesional del plan curricular de la carrera.<\/p><ul><li>Acreditar suficiencia a nivel MERL-B1 al culminar la carrera conforme a lo dispuesto en Art. 80 del RRA aprobado por el CES: A trav\u00e9s del Instituto de Idiomas la universidad eval\u00faa a sus estudiantes para garantizar que tienen el nivel B1 en el idioma ingl\u00e9s, previo a la matriculaci\u00f3n en su \u00faltimo semestre de carrera. De manera opcional el estudiante puede asistir a programas de preparaci\u00f3n previa dictados por el propio instituto o a trav\u00e9s de programas online con instituciones con las que se mantienen convenios vigentes para estos procesos formativos.<\/li><li>Aprobar el trabajo de integraci\u00f3n curricular de conformidad con lo establecido en el Reglamento Interno de R\u00e9gimen Acad\u00e9mico.<\/li><li>Acreditar el cumplimiento de los requisitos de titulaci\u00f3n establecidos en la LOES: pr\u00e1cticas laborales y de servicio comunitario seg\u00fan lo aprobado en el proyecto de carrera.<\/li><\/ul><p>MODALIDAD DE TITULACI\u00d3N<\/p><p>Trabajos de titulaci\u00f3n<\/p><ul><li>Desarrollo de un trabajo de integraci\u00f3n curricular<\/li><\/ul><p>CAMPO OCUPACIONAL<\/p><ul><li>Campo amplio: Administraci\u00f3n<\/li><li>Campo espec\u00edfico: Educaci\u00f3n comercial y administraci\u00f3n<\/li><li>Campo detallado: Administraci\u00f3n<\/li><\/ul><\/div>\n\t\t\t\t\t\t\t\t\t<div class=\"elementor-tab-title elementor-tab-mobile-title\" aria-selected=\"false\" data-tab=\"2\" role=\"tab\" tabindex=\"-1\" aria-controls=\"elementor-tab-content-2172\" aria-expanded=\"false\">Malla Curricular<\/div>\n\t\t\t\t\t<div id=\"elementor-tab-content-2172\" class=\"elementor-tab-content elementor-clearfix\" data-tab=\"2\" role=\"tabpanel\" aria-labelledby=\"elementor-tab-title-2172\" tabindex=\"0\" hidden=\"hidden\"><p><a href=\"https:\/\/carreras.uleam.edu.ec\/extension-el-carmen\/wp-content\/uploads\/sites\/79\/2023\/01\/malla_curricular-AGRONEGOCIOS-2.pdf\" target=\"_blank\" rel=\"noopener\"><img loading=\"lazy\" decoding=\"async\" class=\"alignnone wp-image-261 size-large\" src=\"https:\/\/carreras.uleam.edu.ec\/extension-el-carmen\/wp-content\/uploads\/sites\/79\/2023\/01\/malla-agronegocios-1024x536.png\" alt=\"\" width=\"1024\" height=\"536\" srcset=\"https:\/\/carreras.uleam.edu.ec\/extension-el-carmen\/wp-content\/uploads\/sites\/79\/2023\/01\/malla-agronegocios-1024x536.png 1024w, https:\/\/carreras.uleam.edu.ec\/extension-el-carmen\/wp-content\/uploads\/sites\/79\/2023\/01\/malla-agronegocios-300x157.png 300w, https:\/\/carreras.uleam.edu.ec\/extension-el-carmen\/wp-content\/uploads\/sites\/79\/2023\/01\/malla-agronegocios-768x402.png 768w, https:\/\/carreras.uleam.edu.ec\/extension-el-carmen\/wp-content\/uploads\/sites\/79\/2023\/01\/malla-agronegocios-1536x804.png 1536w, https:\/\/carreras.uleam.edu.ec\/extension-el-carmen\/wp-content\/uploads\/sites\/79\/2023\/01\/malla-agronegocios-2048x1072.png 2048w\" sizes=\"auto, (max-width: 1024px) 100vw, 1024px\" \/><\/a><\/p><\/div>\n\t\t\t\t\t\t\t\t\t<div class=\"elementor-tab-title elementor-tab-mobile-title\" aria-selected=\"false\" data-tab=\"3\" role=\"tab\" tabindex=\"-1\" aria-controls=\"elementor-tab-content-2173\" aria-expanded=\"false\">Docentes<\/div>\n\t\t\t\t\t<div id=\"elementor-tab-content-2173\" class=\"elementor-tab-content elementor-clearfix\" data-tab=\"3\" role=\"tabpanel\" aria-labelledby=\"elementor-tab-title-2173\" tabindex=\"0\" hidden=\"hidden\"><ul><li>Ing. Janeth Intriago, Mg<\/li><li>Ing. Henrry Pinargote, Mg<\/li><li>Ing. Marlon Serrano, Mg<\/li><li>Ing. Elizabeth Tacuri, Mg<\/li><li>Dr. Fernando Mej\u00eda, Mg<\/li><\/ul><\/div>\n\t\t\t\t\t\t\t\t\t<div class=\"elementor-tab-title elementor-tab-mobile-title\" aria-selected=\"false\" data-tab=\"4\" role=\"tab\" tabindex=\"-1\" aria-controls=\"elementor-tab-content-2174\" aria-expanded=\"false\">Datos Generales<\/div>\n\t\t\t\t\t<div id=\"elementor-tab-content-2174\" class=\"elementor-tab-content elementor-clearfix\" data-tab=\"4\" role=\"tabpanel\" aria-labelledby=\"elementor-tab-title-2174\" tabindex=\"0\" hidden=\"hidden\"><ul><li style=\"text-align: center\">Mg. Gina Gabriela Loor Moreira\u00a0<\/li><li style=\"text-align: center\">COORDINADORA DE CARRERA<\/li><li style=\"text-align: center\"><a href=\"mailto:gina.loor@uleam.edu.ec\">gina.loor@uleam.edu.ec<\/a><\/li><\/ul><hr \/><ul style=\"text-align: center\"><li>Llano V\u00e9lez Cisne Mar\u00eda<\/li><li>SECRETARIA<\/li><li><a href=\"mailto:cisne.llano@uleam.edu.ec\">cisne.llano@uleam.edu.ec<\/a><\/li><\/ul><hr \/><ul><li style=\"text-align: center\">Horarios de atenci\u00f3n<\/li><li style=\"text-align: center\">Lunes a viernes de 08:00\u00a0 a 17:00<\/li><\/ul><\/div>\n\t\t\t\t\t\t\t\t\t<div class=\"elementor-tab-title elementor-tab-mobile-title\" aria-selected=\"false\" data-tab=\"5\" role=\"tab\" tabindex=\"-1\" aria-controls=\"elementor-tab-content-2175\" aria-expanded=\"false\">Gesti\u00f3n y Proceso Estudiantil<\/div>\n\t\t\t\t\t<div id=\"elementor-tab-content-2175\" class=\"elementor-tab-content elementor-clearfix\" data-tab=\"5\" role=\"tabpanel\" aria-labelledby=\"elementor-tab-title-2175\" tabindex=\"0\" hidden=\"hidden\"><ul><li>\u21d2\u00a0Pr\u00e1cticas Pre-profesionales<\/li><li>\u21d2 <a href=\"https:\/\/departamentos.uleam.edu.ec\/gestion-aseguramiento-calidad\/2019\/04\/08\/matricula\/\">Matr\u00edcula<\/a><\/li><li>\u21d2 <a href=\"https:\/\/departamentos.uleam.edu.ec\/gestion-aseguramiento-calidad\/reingreso-de-estudiantes\/\">Reingreso de estudiantes<\/a><\/li><li>\u21d2 <a href=\"https:\/\/departamentos.uleam.edu.ec\/gestion-aseguramiento-calidad\/homologacion-de-estudios-por-analisis-comparativo-de-contenidos\/\">Homologaci\u00f3n de Estudios por An\u00e1lisis Comparativo de Contenidos<\/a><\/li><\/ul><\/div>\n\t\t\t\t\t\t\t<\/div>\n\t\t<\/div>\n\t\t\t\t<\/div>\n\t\t\t\t<\/div>\n\t\t\t\t\t<\/div>\n\t\t<\/div>\n\t\t\t\t\t\t\t<\/div>\n\t\t<\/section>\n\t\t\t\t\t\t<\/div>\n\t\t\t\t\t<\/div>\n\t\t","protected":false},"excerpt":{"rendered":"<p>Descripci\u00f3n General de la Carrera Malla Curricular Docentes Datos Generales Gesti\u00f3n y Proceso Estudiantil Descripci\u00f3n General de la Carrera NOMBRE DE LA CARRERA:\u00a0 \u00a0 \u00a0 \u00a0 \u00a0 \u00a0 \u00a0 \u00a0Agronegocios T\u00cdTULO QUE OTORGA:\u00a0 \u00a0 \u00a0 \u00a0 \u00a0 \u00a0 \u00a0 \u00a0 [&hellip;]<\/p>\n","protected":false},"author":7,"featured_media":0,"parent":0,"menu_order":0,"comment_status":"closed","ping_status":"closed","template":"","meta":{"_acf_changed":false,"footnotes":""},"class_list":["post-218","page","type-page","status-publish","hentry"],"acf":[],"_links":{"self":[{"href":"https:\/\/carreras.uleam.edu.ec\/extension-el-carmen\/wp-json\/wp\/v2\/pages\/218","targetHints":{"allow":["GET"]}}],"collection":[{"href":"https:\/\/carreras.uleam.edu.ec\/extension-el-carmen\/wp-json\/wp\/v2\/pages"}],"about":[{"href":"https:\/\/carreras.uleam.edu.ec\/extension-el-carmen\/wp-json\/wp\/v2\/types\/page"}],"author":[{"embeddable":true,"href":"https:\/\/carreras.uleam.edu.ec\/extension-el-carmen\/wp-json\/wp\/v2\/users\/7"}],"replies":[{"embeddable":true,"href":"https:\/\/carreras.uleam.edu.ec\/extension-el-carmen\/wp-json\/wp\/v2\/comments?post=218"}],"version-history":[{"count":20,"href":"https:\/\/carreras.uleam.edu.ec\/extension-el-carmen\/wp-json\/wp\/v2\/pages\/218\/revisions"}],"predecessor-version":[{"id":541,"href":"https:\/\/carreras.uleam.edu.ec\/extension-el-carmen\/wp-json\/wp\/v2\/pages\/218\/revisions\/541"}],"wp:attachment":[{"href":"https:\/\/carreras.uleam.edu.ec\/extension-el-carmen\/wp-json\/wp\/v2\/media?parent=218"}],"curies":[{"name":"wp","href":"https:\/\/api.w.org\/{rel}","templated":true}]}}