{"id":25,"date":"2022-09-09T03:44:16","date_gmt":"2022-09-09T03:44:16","guid":{"rendered":"https:\/\/carreras.uleam.edu.ec\/extension-el-carmen\/?page_id=25"},"modified":"2024-01-30T14:05:52","modified_gmt":"2024-01-30T14:05:52","slug":"inicio","status":"publish","type":"page","link":"https:\/\/carreras.uleam.edu.ec\/extension-el-carmen\/","title":{"rendered":"Inicio"},"content":{"rendered":"\t\t<div data-elementor-type=\"wp-page\" data-elementor-id=\"25\" class=\"elementor elementor-25\" data-elementor-settings=\"[]\">\n\t\t\t\t\t\t\t<div class=\"elementor-section-wrap\">\n\t\t\t\t\t\t\t<section class=\"elementor-section elementor-top-section elementor-element elementor-element-97b0e65 elementor-section-full_width elementor-section-height-default elementor-section-height-default\" data-id=\"97b0e65\" data-element_type=\"section\">\n\t\t\t\t\t\t<div class=\"elementor-container elementor-column-gap-default\">\n\t\t\t\t\t<div class=\"elementor-column elementor-col-100 elementor-top-column elementor-element elementor-element-bdb9921\" data-id=\"bdb9921\" data-element_type=\"column\">\n\t\t\t<div class=\"elementor-widget-wrap elementor-element-populated\">\n\t\t\t\t\t\t\t\t<div class=\"elementor-element elementor-element-51f062f elementor-widget elementor-widget-image\" data-id=\"51f062f\" data-element_type=\"widget\" data-widget_type=\"image.default\">\n\t\t\t\t<div class=\"elementor-widget-container\">\n\t\t\t\t\t\t\t\t\t\t\t\t\t\t\t<img loading=\"lazy\" decoding=\"async\" width=\"3236\" height=\"881\" src=\"https:\/\/carreras.uleam.edu.ec\/extension-el-carmen\/wp-content\/uploads\/sites\/79\/2022\/09\/CABECERA-EL-CARMEN.png\" class=\"attachment-full size-full\" alt=\"\" srcset=\"https:\/\/carreras.uleam.edu.ec\/extension-el-carmen\/wp-content\/uploads\/sites\/79\/2022\/09\/CABECERA-EL-CARMEN.png 3236w, https:\/\/carreras.uleam.edu.ec\/extension-el-carmen\/wp-content\/uploads\/sites\/79\/2022\/09\/CABECERA-EL-CARMEN-300x82.png 300w, https:\/\/carreras.uleam.edu.ec\/extension-el-carmen\/wp-content\/uploads\/sites\/79\/2022\/09\/CABECERA-EL-CARMEN-1024x279.png 1024w, https:\/\/carreras.uleam.edu.ec\/extension-el-carmen\/wp-content\/uploads\/sites\/79\/2022\/09\/CABECERA-EL-CARMEN-768x209.png 768w, https:\/\/carreras.uleam.edu.ec\/extension-el-carmen\/wp-content\/uploads\/sites\/79\/2022\/09\/CABECERA-EL-CARMEN-1536x418.png 1536w, https:\/\/carreras.uleam.edu.ec\/extension-el-carmen\/wp-content\/uploads\/sites\/79\/2022\/09\/CABECERA-EL-CARMEN-2048x558.png 2048w\" sizes=\"auto, (max-width: 3236px) 100vw, 3236px\" \/>\t\t\t\t\t\t\t\t\t\t\t\t\t\t\t<\/div>\n\t\t\t\t<\/div>\n\t\t\t\t\t<\/div>\n\t\t<\/div>\n\t\t\t\t\t\t\t<\/div>\n\t\t<\/section>\n\t\t\t\t<section class=\"elementor-section elementor-top-section elementor-element elementor-element-52106c0 elementor-section-boxed elementor-section-height-default elementor-section-height-default\" data-id=\"52106c0\" data-element_type=\"section\">\n\t\t\t\t\t\t<div class=\"elementor-container elementor-column-gap-default\">\n\t\t\t\t\t<div class=\"elementor-column elementor-col-100 elementor-top-column elementor-element elementor-element-22877d8\" data-id=\"22877d8\" data-element_type=\"column\">\n\t\t\t<div class=\"elementor-widget-wrap elementor-element-populated\">\n\t\t\t\t\t\t\t\t<div class=\"elementor-element elementor-element-a9099db elementor-tabs-view-horizontal elementor-widget elementor-widget-tabs\" data-id=\"a9099db\" data-element_type=\"widget\" data-widget_type=\"tabs.default\">\n\t\t\t\t<div class=\"elementor-widget-container\">\n\t\t\t\t\t<div class=\"elementor-tabs\">\n\t\t\t<div class=\"elementor-tabs-wrapper\" role=\"tablist\" >\n\t\t\t\t\t\t\t\t\t<div id=\"elementor-tab-title-1771\" class=\"elementor-tab-title elementor-tab-desktop-title\" aria-selected=\"true\" data-tab=\"1\" role=\"tab\" tabindex=\"0\" aria-controls=\"elementor-tab-content-1771\" aria-expanded=\"false\">Promocional de la Extensi\u00f3n<\/div>\n\t\t\t\t\t\t\t\t\t<div id=\"elementor-tab-title-1772\" class=\"elementor-tab-title elementor-tab-desktop-title\" aria-selected=\"false\" data-tab=\"2\" role=\"tab\" tabindex=\"-1\" aria-controls=\"elementor-tab-content-1772\" aria-expanded=\"false\">Carreras<\/div>\n\t\t\t\t\t\t\t\t\t<div id=\"elementor-tab-title-1773\" class=\"elementor-tab-title elementor-tab-desktop-title\" aria-selected=\"false\" data-tab=\"3\" role=\"tab\" tabindex=\"-1\" aria-controls=\"elementor-tab-content-1773\" aria-expanded=\"false\">Misi\u00f3n y Visi\u00f3n<\/div>\n\t\t\t\t\t\t\t\t\t<div id=\"elementor-tab-title-1774\" class=\"elementor-tab-title elementor-tab-desktop-title\" aria-selected=\"false\" data-tab=\"4\" role=\"tab\" tabindex=\"-1\" aria-controls=\"elementor-tab-content-1774\" aria-expanded=\"false\">Autoridades<\/div>\n\t\t\t\t\t\t\t\t\t<div id=\"elementor-tab-title-1775\" class=\"elementor-tab-title elementor-tab-desktop-title\" aria-selected=\"false\" data-tab=\"5\" role=\"tab\" tabindex=\"-1\" aria-controls=\"elementor-tab-content-1775\" aria-expanded=\"false\">Organigrama<\/div>\n\t\t\t\t\t\t\t\t\t<div id=\"elementor-tab-title-1776\" class=\"elementor-tab-title elementor-tab-desktop-title\" aria-selected=\"false\" data-tab=\"6\" role=\"tab\" tabindex=\"-1\" aria-controls=\"elementor-tab-content-1776\" aria-expanded=\"false\">Convenios<\/div>\n\t\t\t\t\t\t\t<\/div>\n\t\t\t<div class=\"elementor-tabs-content-wrapper\" role=\"tablist\" aria-orientation=\"vertical\">\n\t\t\t\t\t\t\t\t\t<div class=\"elementor-tab-title elementor-tab-mobile-title\" aria-selected=\"true\" data-tab=\"1\" role=\"tab\" tabindex=\"0\" aria-controls=\"elementor-tab-content-1771\" aria-expanded=\"false\">Promocional de la Extensi\u00f3n<\/div>\n\t\t\t\t\t<div id=\"elementor-tab-content-1771\" class=\"elementor-tab-content elementor-clearfix\" data-tab=\"1\" role=\"tabpanel\" aria-labelledby=\"elementor-tab-title-1771\" tabindex=\"0\" hidden=\"false\"><p><iframe loading=\"lazy\" title=\"\ud835\udc6c\ud835\udc99\ud835\udc95\ud835\udc86\ud835\udc8f\ud835\udc94\ud835\udc8a\ud835\udc90\u0301\ud835\udc8f \ud835\udc6c\ud835\udc8d \ud835\udc6a\ud835\udc82\ud835\udc93\ud835\udc8e\ud835\udc86\ud835\udc8f\ud83d\udd34EN VIVOEXPO-ULEAM 2024\" width=\"500\" height=\"281\" src=\"https:\/\/www.youtube.com\/embed\/hgrti6df4Us?feature=oembed\" frameborder=\"0\" allow=\"accelerometer; autoplay; clipboard-write; encrypted-media; gyroscope; picture-in-picture; web-share\" referrerpolicy=\"strict-origin-when-cross-origin\" allowfullscreen><\/iframe><\/p><\/div>\n\t\t\t\t\t\t\t\t\t<div class=\"elementor-tab-title elementor-tab-mobile-title\" aria-selected=\"false\" data-tab=\"2\" role=\"tab\" tabindex=\"-1\" aria-controls=\"elementor-tab-content-1772\" aria-expanded=\"false\">Carreras<\/div>\n\t\t\t\t\t<div id=\"elementor-tab-content-1772\" class=\"elementor-tab-content elementor-clearfix\" data-tab=\"2\" role=\"tabpanel\" aria-labelledby=\"elementor-tab-title-1772\" tabindex=\"0\" hidden=\"hidden\"><ul><li><span style=\"color: #000000\"><strong><a style=\"color: #000000\" role=\"link\" href=\"https:\/\/carreras.uleam.edu.ec\/extension-el-carmen\/carrera-de-licenciatura-en-administracion-de-empresas-extension-el-carmen\/\">Administraci\u00f3n de Empresas<\/a><\/strong><\/span><\/li><li><span style=\"color: #000000\"><strong><a style=\"color: #000000\" href=\"https:\/\/carreras.uleam.edu.ec\/extension-el-carmen\/carrera-de-agronegocios\/\" target=\"_blank\" rel=\"noopener\">Agronegocios<\/a><\/strong><\/span><\/li><li><span style=\"color: #000000\"><strong><a style=\"color: #000000\" role=\"link\" href=\"https:\/\/carreras.uleam.edu.ec\/extension-el-carmen\/carrera-de-ingenieria-agropecuaria-extension-el-carmen\/\">Agropecuaria<\/a><\/strong><\/span><\/li><li><span style=\"color: #000000\"><strong><a style=\"color: #000000\" role=\"link\" href=\"https:\/\/carreras.uleam.edu.ec\/extension-el-carmen\/carrera-de-licenciatura-en-auditoria-y-control-de-gestion-extension-el-carmen\/\">Auditor\u00eda y<\/a> <a style=\"color: #000000\" role=\"link\" href=\"https:\/\/carreras.uleam.edu.ec\/extension-el-carmen\/carrera-de-licenciatura-en-auditoria-y-control-de-gestion-extension-el-carmen\/\">Control de Gesti\u00f3n<\/a><\/strong><\/span><\/li><li><span style=\"color: #000000\"><strong><a style=\"color: #000000\" role=\"link\" href=\"https:\/\/carreras.uleam.edu.ec\/extension-el-carmen\/carrera-de-educacion-basica-extension-el-carmen\/\">Educaci\u00f3n B\u00e1sica<\/a><\/strong><\/span><\/li><li><span style=\"color: #000000\"><strong><a style=\"color: #000000\" role=\"link\" href=\"https:\/\/carreras.uleam.edu.ec\/extension-el-carmen\/carrera-de-educacion-inicial-extension-el-carmen\/\">Educaci\u00f3n Inicial<\/a><\/strong><\/span><\/li><li><a href=\"https:\/\/carreras.uleam.edu.ec\/extension-el-carmen\/carrera-electromecanica\/\" target=\"_blank\" rel=\"noopener\"><span style=\"color: #000000\"><strong>Electromec\u00e1nica\u00a0<\/strong><\/span><\/a><\/li><li><span style=\"color: #000000\"><strong><a style=\"color: #000000\" href=\"https:\/\/carreras.uleam.edu.ec\/extension-el-carmen\/carrera-enfermeria\/\" target=\"_blank\" rel=\"noopener\">Enfermer\u00eda\u00a0<\/a><\/strong><\/span><\/li><li><span style=\"color: #000000\"><strong><a style=\"color: #000000\" href=\"https:\/\/carreras.uleam.edu.ec\/extension-el-carmen\/carrera-de-finanzas\/\" target=\"_blank\" rel=\"noopener\">Finanzas<\/a><\/strong><\/span><\/li><li><span style=\"color: #000000\"><strong><a style=\"color: #000000\" role=\"link\" href=\"https:\/\/carreras.uleam.edu.ec\/extension-el-carmen\/carrera-de-lngenieria-en-software-extension-el-carmen\/\">Software<\/a><\/strong><\/span><\/li><li><span style=\"color: #000000\"><a style=\"color: #000000\" href=\"https:\/\/carreras.uleam.edu.ec\/extension-el-carmen\/carrera-psicologia-educativa\/\" target=\"_blank\" rel=\"noopener\"><strong>Psicolog\u00eda Educativa<\/strong><\/a><\/span><\/li><li><span style=\"color: #000000\"><strong><a class=\"row-title\" style=\"color: #000000\" href=\"https:\/\/carreras.uleam.edu.ec\/extension-el-carmen\/carrera-de-derecho\/\" aria-label=\"\u00abCarrera de Derecho\u00bb (Editar)\">Derecho<\/a><\/strong><\/span><\/li><li><span style=\"color: #000000\"><strong><a class=\"row-title\" style=\"color: #000000\" href=\"https:\/\/carreras.uleam.edu.ec\/extension-el-carmen\/carrera-en-ingenieria-en-alimentos\/\" aria-label=\"\u00abCarrera en Ingenier\u00eda en Alimentos\u00bb (Editar)\">Ingenier\u00eda en Alimentos<\/a><\/strong><\/span><\/li><\/ul><\/div>\n\t\t\t\t\t\t\t\t\t<div class=\"elementor-tab-title elementor-tab-mobile-title\" aria-selected=\"false\" data-tab=\"3\" role=\"tab\" tabindex=\"-1\" aria-controls=\"elementor-tab-content-1773\" aria-expanded=\"false\">Misi\u00f3n y Visi\u00f3n<\/div>\n\t\t\t\t\t<div id=\"elementor-tab-content-1773\" class=\"elementor-tab-content elementor-clearfix\" data-tab=\"3\" role=\"tabpanel\" aria-labelledby=\"elementor-tab-title-1773\" tabindex=\"0\" hidden=\"hidden\"><p><strong><u>MISI\u00d3N<\/u><\/strong><\/p><p>Formar profesionales competentes y emprendedores desde lo acad\u00e9mico, la investigaci\u00f3n, y la vinculaci\u00f3n, que contribuyan a mejorar la calidad de vida de la sociedad.<\/p><p><strong><u>VISI\u00d3N<\/u><\/strong><\/p><p>Ser un referente nacional e internacional de Instituci\u00f3n de Educaci\u00f3n Superior que contribuye al desarrollo social, cultural y productivo con profesionales \u00e9ticos, creativos, cualificados y con sentido de pertinencia.<\/p><\/div>\n\t\t\t\t\t\t\t\t\t<div class=\"elementor-tab-title elementor-tab-mobile-title\" aria-selected=\"false\" data-tab=\"4\" role=\"tab\" tabindex=\"-1\" aria-controls=\"elementor-tab-content-1774\" aria-expanded=\"false\">Autoridades<\/div>\n\t\t\t\t\t<div id=\"elementor-tab-content-1774\" class=\"elementor-tab-content elementor-clearfix\" data-tab=\"4\" role=\"tabpanel\" aria-labelledby=\"elementor-tab-title-1774\" tabindex=\"0\" hidden=\"hidden\"><p><img loading=\"lazy\" decoding=\"async\" class=\"alignnone wp-image-102 size-large\" src=\"https:\/\/carreras.uleam.edu.ec\/extension-el-carmen\/wp-content\/uploads\/sites\/79\/2023\/01\/FOTOS-PARA-DECANOS-EXTENSIONES-1-1024x576.png\" alt=\"\" width=\"1024\" height=\"576\" srcset=\"https:\/\/carreras.uleam.edu.ec\/extension-el-carmen\/wp-content\/uploads\/sites\/79\/2023\/01\/FOTOS-PARA-DECANOS-EXTENSIONES-1-1024x576.png 1024w, https:\/\/carreras.uleam.edu.ec\/extension-el-carmen\/wp-content\/uploads\/sites\/79\/2023\/01\/FOTOS-PARA-DECANOS-EXTENSIONES-1-300x169.png 300w, https:\/\/carreras.uleam.edu.ec\/extension-el-carmen\/wp-content\/uploads\/sites\/79\/2023\/01\/FOTOS-PARA-DECANOS-EXTENSIONES-1-768x432.png 768w, https:\/\/carreras.uleam.edu.ec\/extension-el-carmen\/wp-content\/uploads\/sites\/79\/2023\/01\/FOTOS-PARA-DECANOS-EXTENSIONES-1-1536x864.png 1536w, https:\/\/carreras.uleam.edu.ec\/extension-el-carmen\/wp-content\/uploads\/sites\/79\/2023\/01\/FOTOS-PARA-DECANOS-EXTENSIONES-1-2048x1152.png 2048w\" sizes=\"auto, (max-width: 1024px) 100vw, 1024px\" \/><\/p><p style=\"text-align: center\">HORARIO DE ATENCI\u00d3N:<\/p><p style=\"text-align: center\">DE 08:00 A 17:00\u00a0<\/p><p style=\"text-align: center\">Lunes \u2013 Viernes<\/p><hr \/><p style=\"text-align: center\">Secretaria:<\/p><p style=\"text-align: center\">Email:<\/p><p>\u00a0<\/p><\/div>\n\t\t\t\t\t\t\t\t\t<div class=\"elementor-tab-title elementor-tab-mobile-title\" aria-selected=\"false\" data-tab=\"5\" role=\"tab\" tabindex=\"-1\" aria-controls=\"elementor-tab-content-1775\" aria-expanded=\"false\">Organigrama<\/div>\n\t\t\t\t\t<div id=\"elementor-tab-content-1775\" class=\"elementor-tab-content elementor-clearfix\" data-tab=\"5\" role=\"tabpanel\" aria-labelledby=\"elementor-tab-title-1775\" tabindex=\"0\" hidden=\"hidden\">Contenido de la pesta\u00f1a<\/div>\n\t\t\t\t\t\t\t\t\t<div class=\"elementor-tab-title elementor-tab-mobile-title\" aria-selected=\"false\" data-tab=\"6\" role=\"tab\" tabindex=\"-1\" aria-controls=\"elementor-tab-content-1776\" aria-expanded=\"false\">Convenios<\/div>\n\t\t\t\t\t<div id=\"elementor-tab-content-1776\" class=\"elementor-tab-content elementor-clearfix\" data-tab=\"6\" role=\"tabpanel\" aria-labelledby=\"elementor-tab-title-1776\" tabindex=\"0\" hidden=\"hidden\"><p style=\"text-align: center\"><a href=\"https:\/\/departamentos.uleam.edu.ec\/procuraduria\/convenios\/\" target=\"_blank\" rel=\"noopener\"><img loading=\"lazy\" decoding=\"async\" class=\"alignnone size-medium wp-image-109\" src=\"https:\/\/carreras.uleam.edu.ec\/extension-el-carmen\/wp-content\/uploads\/sites\/79\/2023\/01\/convenios-300x256.png\" alt=\"\" width=\"300\" height=\"256\" srcset=\"https:\/\/carreras.uleam.edu.ec\/extension-el-carmen\/wp-content\/uploads\/sites\/79\/2023\/01\/convenios-300x256.png 300w, https:\/\/carreras.uleam.edu.ec\/extension-el-carmen\/wp-content\/uploads\/sites\/79\/2023\/01\/convenios-768x656.png 768w, https:\/\/carreras.uleam.edu.ec\/extension-el-carmen\/wp-content\/uploads\/sites\/79\/2023\/01\/convenios.png 854w\" sizes=\"auto, (max-width: 300px) 100vw, 300px\" \/><\/a><\/p><\/div>\n\t\t\t\t\t\t\t<\/div>\n\t\t<\/div>\n\t\t\t\t<\/div>\n\t\t\t\t<\/div>\n\t\t\t\t\t<\/div>\n\t\t<\/div>\n\t\t\t\t\t\t\t<\/div>\n\t\t<\/section>\n\t\t\t\t\t\t<\/div>\n\t\t\t\t\t<\/div>\n\t\t","protected":false},"excerpt":{"rendered":"<p>Promocional de la Extensi\u00f3n Carreras Misi\u00f3n y Visi\u00f3n Autoridades Organigrama Convenios Promocional de la Extensi\u00f3n Carreras Administraci\u00f3n de Empresas Agronegocios Agropecuaria Auditor\u00eda y Control de Gesti\u00f3n Educaci\u00f3n B\u00e1sica Educaci\u00f3n Inicial Electromec\u00e1nica\u00a0 Enfermer\u00eda\u00a0 Finanzas Software Psicolog\u00eda Educativa Derecho Ingenier\u00eda en Alimentos [&hellip;]<\/p>\n","protected":false},"author":7,"featured_media":0,"parent":0,"menu_order":0,"comment_status":"closed","ping_status":"closed","template":"elementor_canvas","meta":{"_acf_changed":false,"footnotes":""},"class_list":["post-25","page","type-page","status-publish","hentry"],"acf":[],"_links":{"self":[{"href":"https:\/\/carreras.uleam.edu.ec\/extension-el-carmen\/wp-json\/wp\/v2\/pages\/25","targetHints":{"allow":["GET"]}}],"collection":[{"href":"https:\/\/carreras.uleam.edu.ec\/extension-el-carmen\/wp-json\/wp\/v2\/pages"}],"about":[{"href":"https:\/\/carreras.uleam.edu.ec\/extension-el-carmen\/wp-json\/wp\/v2\/types\/page"}],"author":[{"embeddable":true,"href":"https:\/\/carreras.uleam.edu.ec\/extension-el-carmen\/wp-json\/wp\/v2\/users\/7"}],"replies":[{"embeddable":true,"href":"https:\/\/carreras.uleam.edu.ec\/extension-el-carmen\/wp-json\/wp\/v2\/comments?post=25"}],"version-history":[{"count":59,"href":"https:\/\/carreras.uleam.edu.ec\/extension-el-carmen\/wp-json\/wp\/v2\/pages\/25\/revisions"}],"predecessor-version":[{"id":518,"href":"https:\/\/carreras.uleam.edu.ec\/extension-el-carmen\/wp-json\/wp\/v2\/pages\/25\/revisions\/518"}],"wp:attachment":[{"href":"https:\/\/carreras.uleam.edu.ec\/extension-el-carmen\/wp-json\/wp\/v2\/media?parent=25"}],"curies":[{"name":"wp","href":"https:\/\/api.w.org\/{rel}","templated":true}]}}