{"id":268,"date":"2023-01-10T16:28:46","date_gmt":"2023-01-10T16:28:46","guid":{"rendered":"https:\/\/carreras.uleam.edu.ec\/extension-el-carmen\/?page_id=268"},"modified":"2025-03-14T21:33:15","modified_gmt":"2025-03-14T21:33:15","slug":"carrera-enfermeria","status":"publish","type":"page","link":"https:\/\/carreras.uleam.edu.ec\/extension-el-carmen\/carrera-enfermeria\/","title":{"rendered":"Carrera Enfermer\u00eda"},"content":{"rendered":"\t\t<div data-elementor-type=\"wp-page\" data-elementor-id=\"268\" class=\"elementor elementor-268\" data-elementor-settings=\"[]\">\n\t\t\t\t\t\t\t<div class=\"elementor-section-wrap\">\n\t\t\t\t\t\t\t<section class=\"elementor-section elementor-top-section elementor-element elementor-element-9c145ee elementor-section-boxed elementor-section-height-default elementor-section-height-default\" data-id=\"9c145ee\" data-element_type=\"section\">\n\t\t\t\t\t\t<div class=\"elementor-container elementor-column-gap-default\">\n\t\t\t\t\t<div class=\"elementor-column elementor-col-100 elementor-top-column elementor-element elementor-element-9035fdd\" data-id=\"9035fdd\" data-element_type=\"column\">\n\t\t\t<div class=\"elementor-widget-wrap elementor-element-populated\">\n\t\t\t\t\t\t\t\t<div class=\"elementor-element elementor-element-747ad94 elementor-tabs-view-horizontal elementor-widget elementor-widget-tabs\" data-id=\"747ad94\" data-element_type=\"widget\" data-widget_type=\"tabs.default\">\n\t\t\t\t<div class=\"elementor-widget-container\">\n\t\t\t\t\t<div class=\"elementor-tabs\">\n\t\t\t<div class=\"elementor-tabs-wrapper\" role=\"tablist\" >\n\t\t\t\t\t\t\t\t\t<div id=\"elementor-tab-title-1221\" class=\"elementor-tab-title elementor-tab-desktop-title\" aria-selected=\"true\" data-tab=\"1\" role=\"tab\" tabindex=\"0\" aria-controls=\"elementor-tab-content-1221\" aria-expanded=\"false\">Descripci\u00f3n General de la Carrera<\/div>\n\t\t\t\t\t\t\t\t\t<div id=\"elementor-tab-title-1222\" class=\"elementor-tab-title elementor-tab-desktop-title\" aria-selected=\"false\" data-tab=\"2\" role=\"tab\" tabindex=\"-1\" aria-controls=\"elementor-tab-content-1222\" aria-expanded=\"false\">Malla Curricular<\/div>\n\t\t\t\t\t\t\t\t\t<div id=\"elementor-tab-title-1223\" class=\"elementor-tab-title elementor-tab-desktop-title\" aria-selected=\"false\" data-tab=\"3\" role=\"tab\" tabindex=\"-1\" aria-controls=\"elementor-tab-content-1223\" aria-expanded=\"false\">Docentes<\/div>\n\t\t\t\t\t\t\t\t\t<div id=\"elementor-tab-title-1224\" class=\"elementor-tab-title elementor-tab-desktop-title\" aria-selected=\"false\" data-tab=\"4\" role=\"tab\" tabindex=\"-1\" aria-controls=\"elementor-tab-content-1224\" aria-expanded=\"false\">Datos Generales<\/div>\n\t\t\t\t\t\t\t\t\t<div id=\"elementor-tab-title-1225\" class=\"elementor-tab-title elementor-tab-desktop-title\" aria-selected=\"false\" data-tab=\"5\" role=\"tab\" tabindex=\"-1\" aria-controls=\"elementor-tab-content-1225\" aria-expanded=\"false\">Gesti\u00f3n y Proceso Estudiantil<\/div>\n\t\t\t\t\t\t\t<\/div>\n\t\t\t<div class=\"elementor-tabs-content-wrapper\" role=\"tablist\" aria-orientation=\"vertical\">\n\t\t\t\t\t\t\t\t\t<div class=\"elementor-tab-title elementor-tab-mobile-title\" aria-selected=\"true\" data-tab=\"1\" role=\"tab\" tabindex=\"0\" aria-controls=\"elementor-tab-content-1221\" aria-expanded=\"false\">Descripci\u00f3n General de la Carrera<\/div>\n\t\t\t\t\t<div id=\"elementor-tab-content-1221\" class=\"elementor-tab-content elementor-clearfix\" data-tab=\"1\" role=\"tabpanel\" aria-labelledby=\"elementor-tab-title-1221\" tabindex=\"0\" hidden=\"false\"><p>NOMBRE DE LA CARRERA:\u00a0 \u00a0 \u00a0 \u00a0 \u00a0 \u00a0 Enfermer\u00eda<\/p><p>T\u00cdTULO QUE OTORGA:\u00a0 \u00a0 \u00a0 \u00a0 \u00a0 \u00a0 \u00a0 \u00a0 \u00a0 \u00a0 Licenciado\/ a en Enfermer\u00eda<\/p><p>MODALIDAD DE APRENDIZAJE:\u00a0 \u00a0Presencial<\/p><p>Descripci\u00f3n de la ejecuci\u00f3n de la Modalidad:<\/p><ul><li>La modalidad de la carrera Enfermer\u00eda tiene base en el Art. 71 del Reglamento de R\u00e9gimen Acad\u00e9mico; es decir, por ser una modalidad presencial el proceso de aprendizaje, pr\u00e1cticas y experimentaci\u00f3n se desarrolla en interacci\u00f3n directa entre el estudiante y el profesor, de manera personal y en tiempo real en las mismas instalaciones de la matriz, sede o extensi\u00f3n que oferta la carrera.<\/li><\/ul><p>N\u00daMEROS DE PERIODOS ORDINARIOS:\u00a0 \u00a07<\/p><p>OBJETIVO GENERAL<\/p><ul><li>Formar profesionales de Enfermer\u00eda a partir de los problemas vinculados al cuidado integral de la persona, la familia, la comunidad y el entorno en los niveles de atenci\u00f3n primaria, secundaria y terciaria de salud desde una visi\u00f3n te\u00f3rico-metodol\u00f3gica, hol\u00edstica y paradigm\u00e1tica, para la transformaci\u00f3n de la calidad de vida de la poblaci\u00f3n aportando al desarrollo de la matriz de servicios del Plan Nacional Creando Oportunidades 2021-2025<\/li><\/ul><p>PERFIL DE INGRESO<\/p><ul><li>El aspirante a la carrera de Enfermer\u00eda deber\u00e1 caracterizarse por: pensar rigurosamente, utilizar herramientas tecnol\u00f3gicas reflexiva y pragm\u00e1ticamente, actuar como ciudadano responsable, manejar sus emociones en la interrelaci\u00f3n social, cuidar de su salud y bienestar personal, y aprender por el resto de su vida<\/li><\/ul><p>REQUISITOS DE INGRESO:<\/p><p>Descripci\u00f3n<\/p><ul><li>Poseer t\u00edtulo de bachiller o su equivalente, de conformidad con la Ley.<\/li><li>Haber cumplido los requisitos normados por el Sistema de Nivelaci\u00f3n y Admisi\u00f3n.<\/li><li>Presentar c\u00e9dula de ciudadan\u00eda o pasaporte vigente con las regulaciones para su estancia.<\/li><li>Cumplir con los requisitos establecidos en el Art. 96 del Reglamento de R\u00e9gimen Acad\u00e9mico para casos de movilidad interna o externa.<\/li><\/ul><p>REQUISITOS PARA TITULACI\u00d3N:<\/p><p>Descripci\u00f3n<\/p><ul><li>Aprobar todas las asignaturas de la malla curricular de la carrera incluyendo las pr\u00e1cticas preprofesionales.<\/li><li>Aprobar el trabajo de la unidad de integraci\u00f3n curricular de conformidad con lo que establece el Reglamento de R\u00e9gimen Acad\u00e9mico de la ULEAM.<\/li><li>Demostrar suficiencia de dominio a nivel MCER \u2013 B1 en una lengua extranjera al culminar sus estudios por medio del certificado u homologaci\u00f3n por el Instituto de Idiomas de la Universidad.<\/li><\/ul><p>MODALIDAD DE TITULACI\u00d3N:<\/p><p>Trabajos de titulaci\u00f3n<\/p><ul><li>Examen de car\u00e1cter complexivo<\/li><li>Desarrollo de un trabajo de integraci\u00f3n curricular<\/li><\/ul><p>CAMPO OCUPACIONAL<\/p><ul><li>Campo amplio: Salud y bienestar<\/li><li>Campo espec\u00edfico: Salud<\/li><li>Campo detallado: Enfermer\u00eda y obstetricia<\/li><\/ul><\/div>\n\t\t\t\t\t\t\t\t\t<div class=\"elementor-tab-title elementor-tab-mobile-title\" aria-selected=\"false\" data-tab=\"2\" role=\"tab\" tabindex=\"-1\" aria-controls=\"elementor-tab-content-1222\" aria-expanded=\"false\">Malla Curricular<\/div>\n\t\t\t\t\t<div id=\"elementor-tab-content-1222\" class=\"elementor-tab-content elementor-clearfix\" data-tab=\"2\" role=\"tabpanel\" aria-labelledby=\"elementor-tab-title-1222\" tabindex=\"0\" hidden=\"hidden\"><p><a href=\"https:\/\/carreras.uleam.edu.ec\/extension-el-carmen\/wp-content\/uploads\/sites\/79\/2023\/01\/MALLA-ENFERMERIA.pdf\" target=\"_blank\" rel=\"noopener\"><img loading=\"lazy\" decoding=\"async\" class=\"alignnone wp-image-303 size-large\" src=\"https:\/\/carreras.uleam.edu.ec\/extension-el-carmen\/wp-content\/uploads\/sites\/79\/2023\/01\/malla-ENFERMERIA-1024x694.png\" alt=\"\" width=\"1024\" height=\"694\" srcset=\"https:\/\/carreras.uleam.edu.ec\/extension-el-carmen\/wp-content\/uploads\/sites\/79\/2023\/01\/malla-ENFERMERIA-1024x694.png 1024w, https:\/\/carreras.uleam.edu.ec\/extension-el-carmen\/wp-content\/uploads\/sites\/79\/2023\/01\/malla-ENFERMERIA-300x203.png 300w, https:\/\/carreras.uleam.edu.ec\/extension-el-carmen\/wp-content\/uploads\/sites\/79\/2023\/01\/malla-ENFERMERIA-768x520.png 768w, https:\/\/carreras.uleam.edu.ec\/extension-el-carmen\/wp-content\/uploads\/sites\/79\/2023\/01\/malla-ENFERMERIA-1536x1041.png 1536w, https:\/\/carreras.uleam.edu.ec\/extension-el-carmen\/wp-content\/uploads\/sites\/79\/2023\/01\/malla-ENFERMERIA-2048x1388.png 2048w\" sizes=\"auto, (max-width: 1024px) 100vw, 1024px\" \/><\/a><\/p><\/div>\n\t\t\t\t\t\t\t\t\t<div class=\"elementor-tab-title elementor-tab-mobile-title\" aria-selected=\"false\" data-tab=\"3\" role=\"tab\" tabindex=\"-1\" aria-controls=\"elementor-tab-content-1223\" aria-expanded=\"false\">Docentes<\/div>\n\t\t\t\t\t<div id=\"elementor-tab-content-1223\" class=\"elementor-tab-content elementor-clearfix\" data-tab=\"3\" role=\"tabpanel\" aria-labelledby=\"elementor-tab-title-1223\" tabindex=\"0\" hidden=\"hidden\"><ul><li>Mg. Lidia Roxana Verduga Andrade\u00a0<\/li><li>Mg. Karina Estefan\u00eda Zambrano Villaprado\u00a0<\/li><li>Mg. Karina Lisbeth Medranda Garc\u00eda\u00a0<\/li><\/ul><\/div>\n\t\t\t\t\t\t\t\t\t<div class=\"elementor-tab-title elementor-tab-mobile-title\" aria-selected=\"false\" data-tab=\"4\" role=\"tab\" tabindex=\"-1\" aria-controls=\"elementor-tab-content-1224\" aria-expanded=\"false\">Datos Generales<\/div>\n\t\t\t\t\t<div id=\"elementor-tab-content-1224\" class=\"elementor-tab-content elementor-clearfix\" data-tab=\"4\" role=\"tabpanel\" aria-labelledby=\"elementor-tab-title-1224\" tabindex=\"0\" hidden=\"hidden\"><ul><li style=\"text-align: center\">Mg. Lidia Roxana Verduga Andrade<\/li><li style=\"text-align: center\">COORDINADORA DE CARRERA<\/li><li style=\"text-align: center\"><a href=\"mailto:lidia.verduga@uleam.edu.ec\">lidia.verduga@uleam.edu.ec<\/a><\/li><li style=\"text-align: center\">De 18:00 a 22:00<\/li><\/ul><hr \/><ul><li style=\"text-align: center\">Cisne Mar\u00eda Llano V\u00e9lez<\/li><li style=\"text-align: center\"><a href=\"mailto:lidia.verduga@uleam.edu.ec\">lidia.verduga@uleam.edu.ec<\/a><\/li><li style=\"text-align: center\">De 8:00 a 15:00<\/li><\/ul><\/div>\n\t\t\t\t\t\t\t\t\t<div class=\"elementor-tab-title elementor-tab-mobile-title\" aria-selected=\"false\" data-tab=\"5\" role=\"tab\" tabindex=\"-1\" aria-controls=\"elementor-tab-content-1225\" aria-expanded=\"false\">Gesti\u00f3n y Proceso Estudiantil<\/div>\n\t\t\t\t\t<div id=\"elementor-tab-content-1225\" class=\"elementor-tab-content elementor-clearfix\" data-tab=\"5\" role=\"tabpanel\" aria-labelledby=\"elementor-tab-title-1225\" tabindex=\"0\" hidden=\"hidden\"><ul><li>\u21d2\u00a0Pr\u00e1cticas Pre-profesionales<\/li><li>\u21d2 <a href=\"https:\/\/departamentos.uleam.edu.ec\/gestion-aseguramiento-calidad\/2019\/04\/08\/matricula\/\">Matr\u00edcula<\/a><\/li><li>\u21d2 <a href=\"https:\/\/departamentos.uleam.edu.ec\/gestion-aseguramiento-calidad\/reingreso-de-estudiantes\/\">Reingreso de estudiantes<\/a><\/li><li>\u21d2 <a href=\"https:\/\/departamentos.uleam.edu.ec\/gestion-aseguramiento-calidad\/homologacion-de-estudios-por-analisis-comparativo-de-contenidos\/\">Homologaci\u00f3n de Estudios por An\u00e1lisis Comparativo de Contenidos<\/a><\/li><\/ul><\/div>\n\t\t\t\t\t\t\t<\/div>\n\t\t<\/div>\n\t\t\t\t<\/div>\n\t\t\t\t<\/div>\n\t\t\t\t\t<\/div>\n\t\t<\/div>\n\t\t\t\t\t\t\t<\/div>\n\t\t<\/section>\n\t\t\t\t\t\t<\/div>\n\t\t\t\t\t<\/div>\n\t\t","protected":false},"excerpt":{"rendered":"<p>Descripci\u00f3n General de la Carrera Malla Curricular Docentes Datos Generales Gesti\u00f3n y Proceso Estudiantil Descripci\u00f3n General de la Carrera NOMBRE DE LA CARRERA:\u00a0 \u00a0 \u00a0 \u00a0 \u00a0 \u00a0 Enfermer\u00eda T\u00cdTULO QUE OTORGA:\u00a0 \u00a0 \u00a0 \u00a0 \u00a0 \u00a0 \u00a0 \u00a0 \u00a0 [&hellip;]<\/p>\n","protected":false},"author":7,"featured_media":0,"parent":0,"menu_order":0,"comment_status":"closed","ping_status":"closed","template":"","meta":{"_acf_changed":false,"footnotes":""},"class_list":["post-268","page","type-page","status-publish","hentry"],"acf":[],"_links":{"self":[{"href":"https:\/\/carreras.uleam.edu.ec\/extension-el-carmen\/wp-json\/wp\/v2\/pages\/268","targetHints":{"allow":["GET"]}}],"collection":[{"href":"https:\/\/carreras.uleam.edu.ec\/extension-el-carmen\/wp-json\/wp\/v2\/pages"}],"about":[{"href":"https:\/\/carreras.uleam.edu.ec\/extension-el-carmen\/wp-json\/wp\/v2\/types\/page"}],"author":[{"embeddable":true,"href":"https:\/\/carreras.uleam.edu.ec\/extension-el-carmen\/wp-json\/wp\/v2\/users\/7"}],"replies":[{"embeddable":true,"href":"https:\/\/carreras.uleam.edu.ec\/extension-el-carmen\/wp-json\/wp\/v2\/comments?post=268"}],"version-history":[{"count":26,"href":"https:\/\/carreras.uleam.edu.ec\/extension-el-carmen\/wp-json\/wp\/v2\/pages\/268\/revisions"}],"predecessor-version":[{"id":546,"href":"https:\/\/carreras.uleam.edu.ec\/extension-el-carmen\/wp-json\/wp\/v2\/pages\/268\/revisions\/546"}],"wp:attachment":[{"href":"https:\/\/carreras.uleam.edu.ec\/extension-el-carmen\/wp-json\/wp\/v2\/media?parent=268"}],"curies":[{"name":"wp","href":"https:\/\/api.w.org\/{rel}","templated":true}]}}