{"id":269,"date":"2023-01-10T16:29:05","date_gmt":"2023-01-10T16:29:05","guid":{"rendered":"https:\/\/carreras.uleam.edu.ec\/extension-el-carmen\/?page_id=269"},"modified":"2025-03-14T21:37:06","modified_gmt":"2025-03-14T21:37:06","slug":"carrera-psicologia-educativa","status":"publish","type":"page","link":"https:\/\/carreras.uleam.edu.ec\/extension-el-carmen\/carrera-psicologia-educativa\/","title":{"rendered":"Carrera Psicolog\u00eda Educativa"},"content":{"rendered":"\t\t<div data-elementor-type=\"wp-page\" data-elementor-id=\"269\" class=\"elementor elementor-269\" data-elementor-settings=\"[]\">\n\t\t\t\t\t\t\t<div class=\"elementor-section-wrap\">\n\t\t\t\t\t\t\t<section class=\"elementor-section elementor-top-section elementor-element elementor-element-2c918a9 elementor-section-boxed elementor-section-height-default elementor-section-height-default\" data-id=\"2c918a9\" data-element_type=\"section\">\n\t\t\t\t\t\t<div class=\"elementor-container elementor-column-gap-default\">\n\t\t\t\t\t<div class=\"elementor-column elementor-col-100 elementor-top-column elementor-element elementor-element-2c29dae\" data-id=\"2c29dae\" data-element_type=\"column\">\n\t\t\t<div class=\"elementor-widget-wrap elementor-element-populated\">\n\t\t\t\t\t\t\t\t<div class=\"elementor-element elementor-element-62b327f elementor-tabs-view-horizontal elementor-widget elementor-widget-tabs\" data-id=\"62b327f\" data-element_type=\"widget\" data-widget_type=\"tabs.default\">\n\t\t\t\t<div class=\"elementor-widget-container\">\n\t\t\t\t\t<div class=\"elementor-tabs\">\n\t\t\t<div class=\"elementor-tabs-wrapper\" role=\"tablist\" >\n\t\t\t\t\t\t\t\t\t<div id=\"elementor-tab-title-1031\" class=\"elementor-tab-title elementor-tab-desktop-title\" aria-selected=\"true\" data-tab=\"1\" role=\"tab\" tabindex=\"0\" aria-controls=\"elementor-tab-content-1031\" aria-expanded=\"false\">Descripci\u00f3n General de la Carrera<\/div>\n\t\t\t\t\t\t\t\t\t<div id=\"elementor-tab-title-1032\" class=\"elementor-tab-title elementor-tab-desktop-title\" aria-selected=\"false\" data-tab=\"2\" role=\"tab\" tabindex=\"-1\" aria-controls=\"elementor-tab-content-1032\" aria-expanded=\"false\">Malla Curricular<\/div>\n\t\t\t\t\t\t\t\t\t<div id=\"elementor-tab-title-1033\" class=\"elementor-tab-title elementor-tab-desktop-title\" aria-selected=\"false\" data-tab=\"3\" role=\"tab\" tabindex=\"-1\" aria-controls=\"elementor-tab-content-1033\" aria-expanded=\"false\">Docentes<\/div>\n\t\t\t\t\t\t\t\t\t<div id=\"elementor-tab-title-1034\" class=\"elementor-tab-title elementor-tab-desktop-title\" aria-selected=\"false\" data-tab=\"4\" role=\"tab\" tabindex=\"-1\" aria-controls=\"elementor-tab-content-1034\" aria-expanded=\"false\">Datos Generales<\/div>\n\t\t\t\t\t\t\t\t\t<div id=\"elementor-tab-title-1035\" class=\"elementor-tab-title elementor-tab-desktop-title\" aria-selected=\"false\" data-tab=\"5\" role=\"tab\" tabindex=\"-1\" aria-controls=\"elementor-tab-content-1035\" aria-expanded=\"false\">Gesti\u00f3n y Proceso Estudiantil<\/div>\n\t\t\t\t\t\t\t<\/div>\n\t\t\t<div class=\"elementor-tabs-content-wrapper\" role=\"tablist\" aria-orientation=\"vertical\">\n\t\t\t\t\t\t\t\t\t<div class=\"elementor-tab-title elementor-tab-mobile-title\" aria-selected=\"true\" data-tab=\"1\" role=\"tab\" tabindex=\"0\" aria-controls=\"elementor-tab-content-1031\" aria-expanded=\"false\">Descripci\u00f3n General de la Carrera<\/div>\n\t\t\t\t\t<div id=\"elementor-tab-content-1031\" class=\"elementor-tab-content elementor-clearfix\" data-tab=\"1\" role=\"tabpanel\" aria-labelledby=\"elementor-tab-title-1031\" tabindex=\"0\" hidden=\"false\"><p>Nombre de la carrera:\u00a0 \u00a0 \u00a0 \u00a0 \u00a0 \u00a0 \u00a0 \u00a0 \u00a0 \u00a0 \u00a0 \u00a0 \u00a0 \u00a0 \u00a0 \u00a0 \u00a0 \u00a0\u00a0Psicolog\u00eda Educativa<\/p><p>T\u00edtulo que otorga:\u00a0 \u00a0 \u00a0 \u00a0 \u00a0 \u00a0 \u00a0 \u00a0 \u00a0 \u00a0 \u00a0 \u00a0 \u00a0 \u00a0 \u00a0 \u00a0 \u00a0 \u00a0 \u00a0 \u00a0 \u00a0 \u00a0Licenciado\/a en Psicolog\u00eda Educativa<\/p><p>Modalidad de estudio:\u00a0 \u00a0 \u00a0 \u00a0 \u00a0 \u00a0 \u00a0 \u00a0 \u00a0 \u00a0 \u00a0 \u00a0 \u00a0 \u00a0 \u00a0 \u00a0 \u00a0 \u00a0Presencial<\/p><p>No. de per\u00edodos acad\u00e9micos ordinarios:\u00a0 \u00a08<\/p><p>Descripci\u00f3n general de la carrera.<\/p><p>Objetivo general<\/p><ul><li>Formar profesionales en psicolog\u00eda educativa, con compromiso \u00e9tico y competencias para estudiar e intervenir en los procesos de aprendizaje y el desarrollo humano en diversos contextos educativos, bajo las premisas del m\u00e9todo cient\u00edfico, con el prop\u00f3sito de optimizar y mejorar el rendimiento de los procesos educativos en comunidades de aprendizaje.<\/li><\/ul><p>Objeto de estudio<\/p><ul><li>La psicolog\u00eda educativa estudia evaluaci\u00f3n y diagn\u00f3stico de las variables psicol\u00f3gicas que interact\u00faan en las circunstancias educativas, as\u00ed como la implementaci\u00f3n y validaci\u00f3n de intervenciones que garanticen el desarrollo integral individual y social, sustentable y sostenible en comunidades de aprendizaje fomentando la integridad personal y salvaguardando la integridad social, cultural y medioambiental, en los diversos agentes del proceso educativo<\/li><\/ul><p>Requisitos de ingreso<\/p><ul><li>Poseer t\u00edtulo de bachiller o su equivalente debidamente reconocido por el Ministerio de Educaci\u00f3n<\/li><li>Haber cumplido los requisitos normados por el Sistema de Nivelaci\u00f3n y Admisi\u00f3n, el mismo que observar\u00e1 los principios de igualdad de oportunidades, m\u00e9rito y capacidad.<\/li><li>Cumplir con la entrega de documentaci\u00f3n personal y habilitante en Secretar\u00eda General<\/li><li>En casos especiales, certificados de reconocimiento y homologaci\u00f3n de estudios de otras IES de conformidad con el Art\u00edculo 96 y 99 del Reglamento de R\u00e9gimen Acad\u00e9mico<\/li><\/ul><p>Perfil de ingreso<\/p><ul><li>Ser buen observador, capaz de seguir instrucciones, planear y mostrar capacidad de an\u00e1lisis y s\u00edntesis.<\/li><li>Tener disposici\u00f3n para el aprendizaje, el desarrollo personal y el trabajo en equipo.<\/li><li>Mostrar inter\u00e9s por el proceso de aprendizaje de las personas en sus diferentes entornos.<\/li><li>Actitud cr\u00edtica constructiva que le permita tener apertura y respeto a la diversidad.<\/li><li>Comunicarse efectivamente<\/li><li>Dominar Tecnolog\u00edas de la Informaci\u00f3n y la Comunicaci\u00f3n.<\/li><li>Comportamiento \u00e9tico para el ejercicio profesional dentro del marco de la legalidad y los derechos de las personas.<\/li><li>Emprender<\/li><li>Aprendizaje continuo y auto-dirigido.<\/li><\/ul><p>Perfil de egreso<\/p><p>\u00bfQu\u00e9 resultados de aprendizaje y competencias profesionales son necesarias para el futuro desempe\u00f1o profesional?<\/p><ul><li>El (la) egresado contar\u00e1 con los conocimientos generales acerca del desarrollo humano, los procesos ps\u00edquicos y procesos de aprendizaje en funci\u00f3n de dise\u00f1ar y desarrollar estrategias, programas o proyectos de prevenci\u00f3n e intervenci\u00f3n psicol\u00f3gica, que fortalezcan el desarrollo aut\u00f3nomo y capacidad de actuaci\u00f3n de las comunidades de aprendizaje en \u00e1mbitos escolares y extraescolares.<\/li><\/ul><p>Requisitos de titulaci\u00f3n<\/p><ul><li>Acreditar suficiencia a nivel MERL-B1 al culminar la carrera conforme a lo dispuesto en Art. 80 del RRA2019 aprobado por el CES: A trav\u00e9s del Instituto de Idiomas la universidad eval\u00faa a sus estudiantes para garantizar que tienen el nivel B1 en el idioma ingl\u00e9s, previo a la matriculaci\u00f3n en su \u00faltimo semestre de carrera. De manera opcional el estudiante puede asistir a programas de preparaci\u00f3n previa dictados por el propio instituto o a trav\u00e9s de programas online con instituciones con las que se mantienen convenios vigentes para estos procesos formativos.<\/li><li>Haber aprobado una modalidad de titulaci\u00f3n dentro de lo establecido el Reglamento del R\u00e9gimen Acad\u00e9mico vigente.<\/li><li>Aprobar el trabajo de integraci\u00f3n curricular de conformidad con lo establecido en el Reglamento Interno de R\u00e9gimen Acad\u00e9mico.<\/li><li>Haber aprobado las asignaturas que conforman la malla curricular, incluyendo las pr\u00e1cticas pre profesionales y vinculaci\u00f3n con la colectividad, seg\u00fan establece la LOES.<\/li><li>Opciones de aprobaci\u00f3n del trabajo de la unidad de integraci\u00f3n curricular<\/li><li>Examen de car\u00e1cter complexivo<\/li><li>Desarrollo de un trabajo de integraci\u00f3n curricular<\/li><\/ul><\/div>\n\t\t\t\t\t\t\t\t\t<div class=\"elementor-tab-title elementor-tab-mobile-title\" aria-selected=\"false\" data-tab=\"2\" role=\"tab\" tabindex=\"-1\" aria-controls=\"elementor-tab-content-1032\" aria-expanded=\"false\">Malla Curricular<\/div>\n\t\t\t\t\t<div id=\"elementor-tab-content-1032\" class=\"elementor-tab-content elementor-clearfix\" data-tab=\"2\" role=\"tabpanel\" aria-labelledby=\"elementor-tab-title-1032\" tabindex=\"0\" hidden=\"hidden\"><p><a href=\"https:\/\/carreras.uleam.edu.ec\/extension-el-carmen\/wp-content\/uploads\/sites\/79\/2023\/01\/ULEAM_Psicologia_Edu_Presencial.pdf\" target=\"_blank\" rel=\"noopener\"><img loading=\"lazy\" decoding=\"async\" class=\"alignnone wp-image-368 size-large\" src=\"https:\/\/carreras.uleam.edu.ec\/extension-el-carmen\/wp-content\/uploads\/sites\/79\/2023\/01\/malla-psicologia-educativa-1024x641.png\" alt=\"\" width=\"1024\" height=\"641\" srcset=\"https:\/\/carreras.uleam.edu.ec\/extension-el-carmen\/wp-content\/uploads\/sites\/79\/2023\/01\/malla-psicologia-educativa-1024x641.png 1024w, https:\/\/carreras.uleam.edu.ec\/extension-el-carmen\/wp-content\/uploads\/sites\/79\/2023\/01\/malla-psicologia-educativa-300x188.png 300w, https:\/\/carreras.uleam.edu.ec\/extension-el-carmen\/wp-content\/uploads\/sites\/79\/2023\/01\/malla-psicologia-educativa-768x480.png 768w, https:\/\/carreras.uleam.edu.ec\/extension-el-carmen\/wp-content\/uploads\/sites\/79\/2023\/01\/malla-psicologia-educativa-1536x961.png 1536w, https:\/\/carreras.uleam.edu.ec\/extension-el-carmen\/wp-content\/uploads\/sites\/79\/2023\/01\/malla-psicologia-educativa-2048x1281.png 2048w\" sizes=\"auto, (max-width: 1024px) 100vw, 1024px\" \/><\/a><\/p><\/div>\n\t\t\t\t\t\t\t\t\t<div class=\"elementor-tab-title elementor-tab-mobile-title\" aria-selected=\"false\" data-tab=\"3\" role=\"tab\" tabindex=\"-1\" aria-controls=\"elementor-tab-content-1033\" aria-expanded=\"false\">Docentes<\/div>\n\t\t\t\t\t<div id=\"elementor-tab-content-1033\" class=\"elementor-tab-content elementor-clearfix\" data-tab=\"3\" role=\"tabpanel\" aria-labelledby=\"elementor-tab-title-1033\" tabindex=\"0\" hidden=\"hidden\"><\/div>\n\t\t\t\t\t\t\t\t\t<div class=\"elementor-tab-title elementor-tab-mobile-title\" aria-selected=\"false\" data-tab=\"4\" role=\"tab\" tabindex=\"-1\" aria-controls=\"elementor-tab-content-1034\" aria-expanded=\"false\">Datos Generales<\/div>\n\t\t\t\t\t<div id=\"elementor-tab-content-1034\" class=\"elementor-tab-content elementor-clearfix\" data-tab=\"4\" role=\"tabpanel\" aria-labelledby=\"elementor-tab-title-1034\" tabindex=\"0\" hidden=\"hidden\"><ul><li style=\"text-align: center\">Lic. Rub\u00e9n Andrade \u00c1lvarez, Mg.<\/li><li style=\"text-align: center\">COORDINADOR DE CARRERA<\/li><li style=\"text-align: center\"><a href=\"mailto:ruben.andrade@uleam.edu.ec\">ruben.andrade@uleam.edu.ec<\/a><\/li><\/ul><hr \/><ul><li style=\"text-align: center\">Ing. Ang\u00e9lica Hern\u00e1ndez Pati\u00f1o<\/li><li style=\"text-align: center\">SECRETAR\u00cdA<\/li><li style=\"text-align: center\"><a href=\"mailto:angelica.hernandez@uleam.edu.ec\">angelica.hernandez@uleam.edu.ec<\/a><br \/><hr \/><\/li><li style=\"text-align: center\">HORARIOS DE ATENCI\u00d3N:<\/li><li style=\"text-align: center\">08:00 a 13:00 \u2013 14:00 a 17:00<\/li><\/ul><\/div>\n\t\t\t\t\t\t\t\t\t<div class=\"elementor-tab-title elementor-tab-mobile-title\" aria-selected=\"false\" data-tab=\"5\" role=\"tab\" tabindex=\"-1\" aria-controls=\"elementor-tab-content-1035\" aria-expanded=\"false\">Gesti\u00f3n y Proceso Estudiantil<\/div>\n\t\t\t\t\t<div id=\"elementor-tab-content-1035\" class=\"elementor-tab-content elementor-clearfix\" data-tab=\"5\" role=\"tabpanel\" aria-labelledby=\"elementor-tab-title-1035\" tabindex=\"0\" hidden=\"hidden\"><ul><li>\u21d2\u00a0Pr\u00e1cticas Pre-profesionales<\/li><li>\u21d2 <a href=\"https:\/\/departamentos.uleam.edu.ec\/gestion-aseguramiento-calidad\/2019\/04\/08\/matricula\/\">Matr\u00edcula<\/a><\/li><li>\u21d2 <a href=\"https:\/\/departamentos.uleam.edu.ec\/gestion-aseguramiento-calidad\/reingreso-de-estudiantes\/\">Reingreso de estudiantes<\/a><\/li><li>\u21d2 <a href=\"https:\/\/departamentos.uleam.edu.ec\/gestion-aseguramiento-calidad\/homologacion-de-estudios-por-analisis-comparativo-de-contenidos\/\">Homologaci\u00f3n de Estudios por An\u00e1lisis Comparativo de Contenidos<\/a><\/li><\/ul><\/div>\n\t\t\t\t\t\t\t<\/div>\n\t\t<\/div>\n\t\t\t\t<\/div>\n\t\t\t\t<\/div>\n\t\t\t\t\t<\/div>\n\t\t<\/div>\n\t\t\t\t\t\t\t<\/div>\n\t\t<\/section>\n\t\t\t\t\t\t<\/div>\n\t\t\t\t\t<\/div>\n\t\t","protected":false},"excerpt":{"rendered":"<p>Descripci\u00f3n General de la Carrera Malla Curricular Docentes Datos Generales Gesti\u00f3n y Proceso Estudiantil Descripci\u00f3n General de la Carrera Nombre de la carrera:\u00a0 \u00a0 \u00a0 \u00a0 \u00a0 \u00a0 \u00a0 \u00a0 \u00a0 \u00a0 \u00a0 \u00a0 \u00a0 \u00a0 \u00a0 \u00a0 \u00a0 \u00a0\u00a0Psicolog\u00eda [&hellip;]<\/p>\n","protected":false},"author":7,"featured_media":0,"parent":0,"menu_order":0,"comment_status":"closed","ping_status":"closed","template":"","meta":{"_acf_changed":false,"footnotes":""},"class_list":["post-269","page","type-page","status-publish","hentry"],"acf":[],"_links":{"self":[{"href":"https:\/\/carreras.uleam.edu.ec\/extension-el-carmen\/wp-json\/wp\/v2\/pages\/269","targetHints":{"allow":["GET"]}}],"collection":[{"href":"https:\/\/carreras.uleam.edu.ec\/extension-el-carmen\/wp-json\/wp\/v2\/pages"}],"about":[{"href":"https:\/\/carreras.uleam.edu.ec\/extension-el-carmen\/wp-json\/wp\/v2\/types\/page"}],"author":[{"embeddable":true,"href":"https:\/\/carreras.uleam.edu.ec\/extension-el-carmen\/wp-json\/wp\/v2\/users\/7"}],"replies":[{"embeddable":true,"href":"https:\/\/carreras.uleam.edu.ec\/extension-el-carmen\/wp-json\/wp\/v2\/comments?post=269"}],"version-history":[{"count":29,"href":"https:\/\/carreras.uleam.edu.ec\/extension-el-carmen\/wp-json\/wp\/v2\/pages\/269\/revisions"}],"predecessor-version":[{"id":549,"href":"https:\/\/carreras.uleam.edu.ec\/extension-el-carmen\/wp-json\/wp\/v2\/pages\/269\/revisions\/549"}],"wp:attachment":[{"href":"https:\/\/carreras.uleam.edu.ec\/extension-el-carmen\/wp-json\/wp\/v2\/media?parent=269"}],"curies":[{"name":"wp","href":"https:\/\/api.w.org\/{rel}","templated":true}]}}