{"id":8,"date":"2022-09-09T01:54:09","date_gmt":"2022-09-09T01:54:09","guid":{"rendered":"https:\/\/carreras.uleam.edu.ec\/extension-el-carmen\/?page_id=8"},"modified":"2025-03-14T21:27:53","modified_gmt":"2025-03-14T21:27:53","slug":"carrera-de-educacion-basica-extension-el-carmen","status":"publish","type":"page","link":"https:\/\/carreras.uleam.edu.ec\/extension-el-carmen\/carrera-de-educacion-basica-extension-el-carmen\/","title":{"rendered":"Carrera Educaci\u00f3n B\u00e1sica"},"content":{"rendered":"\t\t<div data-elementor-type=\"wp-page\" data-elementor-id=\"8\" class=\"elementor elementor-8\" data-elementor-settings=\"[]\">\n\t\t\t\t\t\t\t<div class=\"elementor-section-wrap\">\n\t\t\t\t\t\t\t<section class=\"elementor-section elementor-top-section elementor-element elementor-element-d61c9e8 elementor-section-boxed elementor-section-height-default elementor-section-height-default\" data-id=\"d61c9e8\" data-element_type=\"section\">\n\t\t\t\t\t\t<div class=\"elementor-container elementor-column-gap-default\">\n\t\t\t\t\t<div class=\"elementor-column elementor-col-100 elementor-top-column elementor-element elementor-element-37830c6\" data-id=\"37830c6\" data-element_type=\"column\">\n\t\t\t<div class=\"elementor-widget-wrap elementor-element-populated\">\n\t\t\t\t\t\t\t\t<div class=\"elementor-element elementor-element-a9f3629 elementor-tabs-view-horizontal elementor-widget elementor-widget-tabs\" data-id=\"a9f3629\" data-element_type=\"widget\" data-widget_type=\"tabs.default\">\n\t\t\t\t<div class=\"elementor-widget-container\">\n\t\t\t\t\t<div class=\"elementor-tabs\">\n\t\t\t<div class=\"elementor-tabs-wrapper\" role=\"tablist\" >\n\t\t\t\t\t\t\t\t\t<div id=\"elementor-tab-title-1781\" class=\"elementor-tab-title elementor-tab-desktop-title\" aria-selected=\"true\" data-tab=\"1\" role=\"tab\" tabindex=\"0\" aria-controls=\"elementor-tab-content-1781\" aria-expanded=\"false\">Descripci\u00f3n General de la Carrera<\/div>\n\t\t\t\t\t\t\t\t\t<div id=\"elementor-tab-title-1782\" class=\"elementor-tab-title elementor-tab-desktop-title\" aria-selected=\"false\" data-tab=\"2\" role=\"tab\" tabindex=\"-1\" aria-controls=\"elementor-tab-content-1782\" aria-expanded=\"false\">Malla Curricular<\/div>\n\t\t\t\t\t\t\t\t\t<div id=\"elementor-tab-title-1783\" class=\"elementor-tab-title elementor-tab-desktop-title\" aria-selected=\"false\" data-tab=\"3\" role=\"tab\" tabindex=\"-1\" aria-controls=\"elementor-tab-content-1783\" aria-expanded=\"false\">Docentes<\/div>\n\t\t\t\t\t\t\t\t\t<div id=\"elementor-tab-title-1784\" class=\"elementor-tab-title elementor-tab-desktop-title\" aria-selected=\"false\" data-tab=\"4\" role=\"tab\" tabindex=\"-1\" aria-controls=\"elementor-tab-content-1784\" aria-expanded=\"false\">Datos Generales<\/div>\n\t\t\t\t\t\t\t\t\t<div id=\"elementor-tab-title-1785\" class=\"elementor-tab-title elementor-tab-desktop-title\" aria-selected=\"false\" data-tab=\"5\" role=\"tab\" tabindex=\"-1\" aria-controls=\"elementor-tab-content-1785\" aria-expanded=\"false\">Gesti\u00f3n y Proceso Estudiantil<\/div>\n\t\t\t\t\t\t\t<\/div>\n\t\t\t<div class=\"elementor-tabs-content-wrapper\" role=\"tablist\" aria-orientation=\"vertical\">\n\t\t\t\t\t\t\t\t\t<div class=\"elementor-tab-title elementor-tab-mobile-title\" aria-selected=\"true\" data-tab=\"1\" role=\"tab\" tabindex=\"0\" aria-controls=\"elementor-tab-content-1781\" aria-expanded=\"false\">Descripci\u00f3n General de la Carrera<\/div>\n\t\t\t\t\t<div id=\"elementor-tab-content-1781\" class=\"elementor-tab-content elementor-clearfix\" data-tab=\"1\" role=\"tabpanel\" aria-labelledby=\"elementor-tab-title-1781\" tabindex=\"0\" hidden=\"false\"><p>Nombre de la Carrera:\u00a0 \u00a0 \u00a0 \u00a0 \u00a0 \u00a0 \u00a0 \u00a0 \u00a0 \u00a0Licenciatura en Educaci\u00f3n B\u00e1sica<\/p><p>T\u00edtulo que otorga:\u00a0 \u00a0 \u00a0 \u00a0 \u00a0 \u00a0 \u00a0 \u00a0 \u00a0 \u00a0 \u00a0 \u00a0 \u00a0 \u00a0Licenciado en Educaci\u00f3n B\u00e1sica<\/p><p>Modalidad de aprendizaje:\u00a0 \u00a0 \u00a0 \u00a0 \u00a0 \u00a0 Presencial<\/p><p>N\u00famero de per\u00edodos ordinarios:\u00a0 \u00a09<\/p><p>Objetivo general:<\/p><ul><li>Formar docentes a nivel de grado, desde el humanismo social que se desempe\u00f1en en la educaci\u00f3n b\u00e1sica elemental e intermedia, comprometidos con la investigaci\u00f3n, vinculaci\u00f3n, interculturalidad e inclusi\u00f3n; coherentes con los principios sociales de la naci\u00f3n.<\/li><\/ul><p>Perfil de ingreso:\u00a0<\/p><ul><li>Comunicarse en la lengua materna, utilizando los diferentes tipos de lenguaje.<\/li><li>Utilizar de manera eficiente las diferentes formas de pensamiento: anal\u00edtico, sist\u00e9mico, deductivo, argumentativo, cr\u00edtico y creativo en la soluci\u00f3n de problemas.<\/li><li>Trabajar en equipos con diversidad cultural y social.<\/li><li>Utilizar la tecnolog\u00eda como soporte de sus procesos de aprendizaje.<\/li><li>Demostrar inter\u00e9s por su auto preparaci\u00f3n y Formaci\u00f3n profesional<\/li><\/ul><p>Requisitos de ingreso:\u00a0\u00a0<\/p><ul><li>Poseer t\u00edtulo de bachiller o su equivalente<\/li><li>Haber cumplido los requisitos normados por el Sistema Nacional de Nivelaci\u00f3n y Admisi\u00f3n<\/li><li>Cumplir con la entrega de documentaci\u00f3n personal y habilitante en Secretaria General.<\/li><li>En casos especiales, certificados de reconocimiento y homologaci\u00f3n de estudios de otras IES de conformidad con el art\u00edculo 63 y 64 del Reglamento de R\u00e9gimen Acad\u00e9mico<\/li><\/ul><p>Requisitos de graduaci\u00f3n:\u00a0<\/p><ul><li>Haber aprobado la malla curricular incluyendo las pr\u00e1cticas preprofesionales y vinculaci\u00f3n con la colectividad.<\/li><li>Haber aprobado una modalidad de titulaci\u00f3n dentro de lo establecido en las normativas institucionales<\/li><li>Acreditar suficiencia en la competencia comunicativa en ingl\u00e9s a nivel B2 \u2013 MCER a trav\u00e9s de la preparaci\u00f3n brindada por el Centro de Idiomas ULEAM para el examen de certificaci\u00f3n comunicativa otorgado por alguna certificadora reconocida.<\/li><\/ul><p>Modalidades de titulaci\u00f3n:\u00a0<\/p><ul><li>Sistematizaci\u00f3n de experiencias pr\u00e1cticas de investigaci\u00f3n y\/o intervenci\u00f3n<\/li><\/ul><p>Campo Ocupacional\u00a0\u00a0<\/p><ul><li>Docencia en la Educaci\u00f3n General B\u00e1sica.<\/li><li>Docencia en v\u00edas no formales.<\/li><\/ul><\/div>\n\t\t\t\t\t\t\t\t\t<div class=\"elementor-tab-title elementor-tab-mobile-title\" aria-selected=\"false\" data-tab=\"2\" role=\"tab\" tabindex=\"-1\" aria-controls=\"elementor-tab-content-1782\" aria-expanded=\"false\">Malla Curricular<\/div>\n\t\t\t\t\t<div id=\"elementor-tab-content-1782\" class=\"elementor-tab-content elementor-clearfix\" data-tab=\"2\" role=\"tabpanel\" aria-labelledby=\"elementor-tab-title-1782\" tabindex=\"0\" hidden=\"hidden\"><p><img loading=\"lazy\" decoding=\"async\" class=\"alignnone wp-image-163 size-large\" src=\"https:\/\/carreras.uleam.edu.ec\/extension-el-carmen\/wp-content\/uploads\/sites\/79\/2023\/01\/malla-basica-1024x725.png\" alt=\"\" width=\"1024\" height=\"725\" srcset=\"https:\/\/carreras.uleam.edu.ec\/extension-el-carmen\/wp-content\/uploads\/sites\/79\/2023\/01\/malla-basica-1024x725.png 1024w, https:\/\/carreras.uleam.edu.ec\/extension-el-carmen\/wp-content\/uploads\/sites\/79\/2023\/01\/malla-basica-300x212.png 300w, https:\/\/carreras.uleam.edu.ec\/extension-el-carmen\/wp-content\/uploads\/sites\/79\/2023\/01\/malla-basica-768x544.png 768w, https:\/\/carreras.uleam.edu.ec\/extension-el-carmen\/wp-content\/uploads\/sites\/79\/2023\/01\/malla-basica-1536x1087.png 1536w, https:\/\/carreras.uleam.edu.ec\/extension-el-carmen\/wp-content\/uploads\/sites\/79\/2023\/01\/malla-basica-2048x1450.png 2048w\" sizes=\"auto, (max-width: 1024px) 100vw, 1024px\" \/><\/p><\/div>\n\t\t\t\t\t\t\t\t\t<div class=\"elementor-tab-title elementor-tab-mobile-title\" aria-selected=\"false\" data-tab=\"3\" role=\"tab\" tabindex=\"-1\" aria-controls=\"elementor-tab-content-1783\" aria-expanded=\"false\">Docentes<\/div>\n\t\t\t\t\t<div id=\"elementor-tab-content-1783\" class=\"elementor-tab-content elementor-clearfix\" data-tab=\"3\" role=\"tabpanel\" aria-labelledby=\"elementor-tab-title-1783\" tabindex=\"0\" hidden=\"hidden\"><ul><li>Dra. Adela Connie Alc\u00edvar Ch\u00e1vez, Mg.<\/li><li>Lic. Oliver Vera Paz, Mg.<\/li><li>Lic. Marlene Alexandra Jaramillo Argando\u00f1a, Mg.<\/li><li>Lic. Blanca Meza, Mg.<\/li><li>Lic. Rafael Loor Almeida, Mg.<\/li><li>Lic. L\u00edder Lanche Obaco, Mg.<\/li><li>Lic. Rub\u00e9n Hern\u00e1n Andrade \u00c1lvarez, Mg.<\/li><li>Lic. Gonzalo Arturo D\u00edaz Troya Ph.D<\/li><li>Prof. Jorge Luis Mendoza Mej\u00eda, Ph.D<\/li><li>Lic. Indira Nataly V\u00e1sconez Rivera, Mg.<\/li><li>Lic. Mairelys Jaciel Torrealba Pe\u00f1a, Ph.D<\/li><li>Lic. Jhonny \u00c1vila, Mg,<\/li><li>Lic. Michael Argenis Rom\u00e1n, Mg.<\/li><\/ul><\/div>\n\t\t\t\t\t\t\t\t\t<div class=\"elementor-tab-title elementor-tab-mobile-title\" aria-selected=\"false\" data-tab=\"4\" role=\"tab\" tabindex=\"-1\" aria-controls=\"elementor-tab-content-1784\" aria-expanded=\"false\">Datos Generales<\/div>\n\t\t\t\t\t<div id=\"elementor-tab-content-1784\" class=\"elementor-tab-content elementor-clearfix\" data-tab=\"4\" role=\"tabpanel\" aria-labelledby=\"elementor-tab-title-1784\" tabindex=\"0\" hidden=\"hidden\"><ul><li style=\"text-align: center\">Prof. Jorge Luis Mendoza Mej\u00eda Ph.D<\/li><li style=\"text-align: center\">COORDINADOR DE CARRERA<\/li><li style=\"text-align: center\"><a href=\"mailto:Jorgelm.mendoza@uleam.edu.ec\">Jorgelm.mendoza@uleam.edu.ec\u00a0<\/a><\/li><\/ul><hr \/><ul><li style=\"text-align: center\">Ing. Ang\u00e9lica Hern\u00e1ndez Pati\u00f1o<\/li><li style=\"text-align: center\">SECRETARIA<\/li><li style=\"text-align: center\"><a href=\"mailto:Angelica.hernandez@uleam.edu.ec\">Angelica.hernandez@uleam.edu.ec<\/a><\/li><\/ul><hr \/><ul><li style=\"text-align: center\">Horarios de atenci\u00f3n<\/li><li style=\"text-align: center\">Lunes a viernes<\/li><li style=\"text-align: center\">08:00 a 12:00 &#8211;\u00a0 13:00 a 17:00<\/li><\/ul><\/div>\n\t\t\t\t\t\t\t\t\t<div class=\"elementor-tab-title elementor-tab-mobile-title\" aria-selected=\"false\" data-tab=\"5\" role=\"tab\" tabindex=\"-1\" aria-controls=\"elementor-tab-content-1785\" aria-expanded=\"false\">Gesti\u00f3n y Proceso Estudiantil<\/div>\n\t\t\t\t\t<div id=\"elementor-tab-content-1785\" class=\"elementor-tab-content elementor-clearfix\" data-tab=\"5\" role=\"tabpanel\" aria-labelledby=\"elementor-tab-title-1785\" tabindex=\"0\" hidden=\"hidden\"><ul><li>\u21d2\u00a0Pr\u00e1cticas Pre-profesionales<\/li><li>\u21d2 <a href=\"https:\/\/departamentos.uleam.edu.ec\/gestion-aseguramiento-calidad\/2019\/04\/08\/matricula\/\">Matr\u00edcula<\/a><\/li><li>\u21d2 <a href=\"https:\/\/departamentos.uleam.edu.ec\/gestion-aseguramiento-calidad\/reingreso-de-estudiantes\/\">Reingreso de estudiantes<\/a><\/li><li>\u21d2 <a href=\"https:\/\/departamentos.uleam.edu.ec\/gestion-aseguramiento-calidad\/homologacion-de-estudios-por-analisis-comparativo-de-contenidos\/\">Homologaci\u00f3n de Estudios por An\u00e1lisis Comparativo de Contenidos<\/a><\/li><\/ul><\/div>\n\t\t\t\t\t\t\t<\/div>\n\t\t<\/div>\n\t\t\t\t<\/div>\n\t\t\t\t<\/div>\n\t\t\t\t\t<\/div>\n\t\t<\/div>\n\t\t\t\t\t\t\t<\/div>\n\t\t<\/section>\n\t\t\t\t\t\t<\/div>\n\t\t\t\t\t<\/div>\n\t\t","protected":false},"excerpt":{"rendered":"<p>Descripci\u00f3n General de la Carrera Malla Curricular Docentes Datos Generales Gesti\u00f3n y Proceso Estudiantil Descripci\u00f3n General de la Carrera Nombre de la Carrera:\u00a0 \u00a0 \u00a0 \u00a0 \u00a0 \u00a0 \u00a0 \u00a0 \u00a0 \u00a0Licenciatura en Educaci\u00f3n B\u00e1sica T\u00edtulo que otorga:\u00a0 \u00a0 \u00a0 [&hellip;]<\/p>\n","protected":false},"author":7,"featured_media":0,"parent":0,"menu_order":0,"comment_status":"closed","ping_status":"closed","template":"","meta":{"_acf_changed":false,"footnotes":""},"class_list":["post-8","page","type-page","status-publish","hentry"],"acf":[],"_links":{"self":[{"href":"https:\/\/carreras.uleam.edu.ec\/extension-el-carmen\/wp-json\/wp\/v2\/pages\/8","targetHints":{"allow":["GET"]}}],"collection":[{"href":"https:\/\/carreras.uleam.edu.ec\/extension-el-carmen\/wp-json\/wp\/v2\/pages"}],"about":[{"href":"https:\/\/carreras.uleam.edu.ec\/extension-el-carmen\/wp-json\/wp\/v2\/types\/page"}],"author":[{"embeddable":true,"href":"https:\/\/carreras.uleam.edu.ec\/extension-el-carmen\/wp-json\/wp\/v2\/users\/7"}],"replies":[{"embeddable":true,"href":"https:\/\/carreras.uleam.edu.ec\/extension-el-carmen\/wp-json\/wp\/v2\/comments?post=8"}],"version-history":[{"count":42,"href":"https:\/\/carreras.uleam.edu.ec\/extension-el-carmen\/wp-json\/wp\/v2\/pages\/8\/revisions"}],"predecessor-version":[{"id":542,"href":"https:\/\/carreras.uleam.edu.ec\/extension-el-carmen\/wp-json\/wp\/v2\/pages\/8\/revisions\/542"}],"wp:attachment":[{"href":"https:\/\/carreras.uleam.edu.ec\/extension-el-carmen\/wp-json\/wp\/v2\/media?parent=8"}],"curies":[{"name":"wp","href":"https:\/\/api.w.org\/{rel}","templated":true}]}}