{"id":10,"date":"2022-09-09T02:01:24","date_gmt":"2022-09-09T02:01:24","guid":{"rendered":"https:\/\/carreras.uleam.edu.ec\/extension-pedernales\/?page_id=10"},"modified":"2025-03-14T21:29:30","modified_gmt":"2025-03-14T21:29:30","slug":"carrera-de-biologia-extension-pedernales","status":"publish","type":"page","link":"https:\/\/carreras.uleam.edu.ec\/extension-pedernales\/carrera-de-biologia-extension-pedernales\/","title":{"rendered":"Carrera Biolog\u00eda"},"content":{"rendered":"\t\t<div data-elementor-type=\"wp-page\" data-elementor-id=\"10\" class=\"elementor elementor-10\" data-elementor-settings=\"[]\">\n\t\t\t\t\t\t\t<div class=\"elementor-section-wrap\">\n\t\t\t\t\t\t\t<section class=\"elementor-section elementor-top-section elementor-element elementor-element-f4ea804 elementor-section-boxed elementor-section-height-default elementor-section-height-default\" data-id=\"f4ea804\" data-element_type=\"section\">\n\t\t\t\t\t\t<div class=\"elementor-container elementor-column-gap-default\">\n\t\t\t\t\t<div class=\"elementor-column elementor-col-100 elementor-top-column elementor-element elementor-element-2a1299a\" data-id=\"2a1299a\" data-element_type=\"column\">\n\t\t\t<div class=\"elementor-widget-wrap elementor-element-populated\">\n\t\t\t\t\t\t\t\t<div class=\"elementor-element elementor-element-705aa15 elementor-tabs-view-horizontal elementor-widget elementor-widget-tabs\" data-id=\"705aa15\" data-element_type=\"widget\" data-widget_type=\"tabs.default\">\n\t\t\t\t<div class=\"elementor-widget-container\">\n\t\t\t\t\t<div class=\"elementor-tabs\">\n\t\t\t<div class=\"elementor-tabs-wrapper\" role=\"tablist\" >\n\t\t\t\t\t\t\t\t\t<div id=\"elementor-tab-title-1171\" class=\"elementor-tab-title elementor-tab-desktop-title\" aria-selected=\"true\" data-tab=\"1\" role=\"tab\" tabindex=\"0\" aria-controls=\"elementor-tab-content-1171\" aria-expanded=\"false\">Descripci\u00f3n General de la Carrera<\/div>\n\t\t\t\t\t\t\t\t\t<div id=\"elementor-tab-title-1172\" class=\"elementor-tab-title elementor-tab-desktop-title\" aria-selected=\"false\" data-tab=\"2\" role=\"tab\" tabindex=\"-1\" aria-controls=\"elementor-tab-content-1172\" aria-expanded=\"false\">Malla Curricular<\/div>\n\t\t\t\t\t\t\t\t\t<div id=\"elementor-tab-title-1173\" class=\"elementor-tab-title elementor-tab-desktop-title\" aria-selected=\"false\" data-tab=\"3\" role=\"tab\" tabindex=\"-1\" aria-controls=\"elementor-tab-content-1173\" aria-expanded=\"false\">Docentes<\/div>\n\t\t\t\t\t\t\t\t\t<div id=\"elementor-tab-title-1174\" class=\"elementor-tab-title elementor-tab-desktop-title\" aria-selected=\"false\" data-tab=\"4\" role=\"tab\" tabindex=\"-1\" aria-controls=\"elementor-tab-content-1174\" aria-expanded=\"false\">Datos Generales<\/div>\n\t\t\t\t\t\t\t\t\t<div id=\"elementor-tab-title-1175\" class=\"elementor-tab-title elementor-tab-desktop-title\" aria-selected=\"false\" data-tab=\"5\" role=\"tab\" tabindex=\"-1\" aria-controls=\"elementor-tab-content-1175\" aria-expanded=\"false\">Gesti\u00f3n y Proceso Estudiantil<\/div>\n\t\t\t\t\t\t\t<\/div>\n\t\t\t<div class=\"elementor-tabs-content-wrapper\" role=\"tablist\" aria-orientation=\"vertical\">\n\t\t\t\t\t\t\t\t\t<div class=\"elementor-tab-title elementor-tab-mobile-title\" aria-selected=\"true\" data-tab=\"1\" role=\"tab\" tabindex=\"0\" aria-controls=\"elementor-tab-content-1171\" aria-expanded=\"false\">Descripci\u00f3n General de la Carrera<\/div>\n\t\t\t\t\t<div id=\"elementor-tab-content-1171\" class=\"elementor-tab-content elementor-clearfix\" data-tab=\"1\" role=\"tabpanel\" aria-labelledby=\"elementor-tab-title-1171\" tabindex=\"0\" hidden=\"false\"><p>Carrera:\u00a0 \u00a0 \u00a0 \u00a0 \u00a0 \u00a0 \u00a0 \u00a0 \u00a0 \u00a0 \u00a0 \u00a0 \u00a0 \u00a0 \u00a0 \u00a0 \u00a0 \u00a0Biolog\u00eda<br \/>T\u00edtulo que otorga:\u00a0 \u00a0 \u00a0 \u00a0 \u00a0 \u00a0 \u00a0 \u00a0 \u00a0 Bi\u00f3logo\/a<br \/>Modalidad de aprendizaje:\u00a0 Presencial<br \/>Duraci\u00f3n de la carrera:\u00a0 \u00a0 \u00a0 \u00a0 \u00a08 semestres<\/p><p>Objetivo general de la carrera<\/p><ul><li>Formar profesionales en biolog\u00eda con visi\u00f3n cr\u00edtica, integral y compleja de los procesos de la vida y las relaciones de la misma con el bienestar animal, desarrollo econ\u00f3mico y ambiental del pa\u00eds con capacidad para desarrollar propuestas viables para la producci\u00f3n y transformaci\u00f3n de la materia prima biol\u00f3gica en productos comercializables que provoquen la transformaci\u00f3n de la matriz productiva.<br \/>Perfil de ingreso<br \/>Actitud e inter\u00e9s por las ciencias biol\u00f3gicas, la investigaci\u00f3n y la pesquer\u00eda, actitud cr\u00edtica frente a situaciones complejas, Habilidad de pensamiento creativo, Habilidad de dominio de lectura y escritura, Habilidades en el manejo de las TIC como soporte de sus procesos de aprendizaje, Capacidad de saber analizar y sintetizar, Capacidad para comunicarse efectivamente, Capacidad de trabajo en equipos con diversidad cultural y social.<\/li><\/ul><p>Perfil Profesional<br \/>Adaptarse y apropiarse de los cambios cient\u00edfico &#8211; tecnol\u00f3gicos, y para promover su transferencia a contextos locales, as\u00ed como para proponer nuevas alternativas de desarrollo.<\/p><p style=\"padding-left: 40px\">&#8211; Formular y desarrollar proyectos de investigaci\u00f3n y desarrollo en el \u00e1rea acu\u00e1tica.<br \/>&#8211; Desarrollar capacidad de gesti\u00f3n ambiental tendiente al mejoramiento de los sistemas acu\u00e1ticos.<br \/>&#8211; Proponer pol\u00edticas de conservaci\u00f3n y manejo de los recursos acu\u00e1ticos y de la biodiversidad.<br \/>&#8211; Identificar las metodolog\u00edas adecuadas a la soluci\u00f3n de problemas de su \u00e1mbito profesional.<br \/>&#8211; Utilizar tecnolog\u00edas de punta para el manejo y la experimentaci\u00f3n biol\u00f3gica en el plano productivo y de conservaci\u00f3n.<\/p><p>En el itinerario de bioconocimiento<\/p><p>&#8211; Reconocer avances del bioconocimiento para el desarrollo de propuestas innovadoras en el campo biol\u00f3gico<br \/>&#8211; Planificar, desarrollar y administrar empresas de recursos marinos, estuarinos y dulceacu\u00edcolas.<br \/>&#8211; Localizar y comparar las fuentes de informaci\u00f3n pertinentes y la utilizaci\u00f3n de los recursos disponibles para el desarrollo de su investigaci\u00f3n.<br \/>En el itinerario de conservaci\u00f3n de ecosistemas<br \/>&#8211; Desarrollar procedimiento bio-ecol\u00f3gicos para la remediaci\u00f3n de ecosistemas marinos y terrestres.<br \/>&#8211; Desarrollar evaluaciones de impacto ambiental desde el enfoque biol\u00f3gico y de conservaci\u00f3n.<br \/>&#8211; Gestionar procesos de manejo ecol\u00f3gico, biol\u00f3gico y ambiental para la conservaci\u00f3n y protecci\u00f3n de especies.<\/p><p>Requisitos de titulaci\u00f3n:<br \/>&#8211; Aprobar la malla curricular y sus componentes<br \/>&#8211; Haber sido declarado aprobado en una modalidad de titulaci\u00f3n<br \/>&#8211; Acreditar suficiencia a nivel MERL-B1 al culminar la carrera conforme a lo dispuesto en Art. 80 del RRA2019 aprobado por el CES: A trav\u00e9s del Instituto de Idiomas la universidad eval\u00faa a sus estudiantes para garantizar que tienen el nivel B1 en el idioma ingl\u00e9s, previo a la matriculaci\u00f3n en su \u00faltimo semestre de carrera. De manera opcional el estudiante puede asistir a programas de preparaci\u00f3n previa dictados por el propio instituto o a trav\u00e9s de programas online con instituciones con las que se mantienen convenios vigentes para estos procesos formativos.<\/p><p>Opciones de aprobaci\u00f3n del trabajo de la unidad de integraci\u00f3n curricular \/ unidad de titulaci\u00f3n<\/p><p>Trabajo de integraci\u00f3n curricular:<\/p><p style=\"padding-left: 40px\">1.Desarrollo de un trabajo de integraci\u00f3n curricular<br \/>2. Examen complexivo<\/p><\/div>\n\t\t\t\t\t\t\t\t\t<div class=\"elementor-tab-title elementor-tab-mobile-title\" aria-selected=\"false\" data-tab=\"2\" role=\"tab\" tabindex=\"-1\" aria-controls=\"elementor-tab-content-1172\" aria-expanded=\"false\">Malla Curricular<\/div>\n\t\t\t\t\t<div id=\"elementor-tab-content-1172\" class=\"elementor-tab-content elementor-clearfix\" data-tab=\"2\" role=\"tabpanel\" aria-labelledby=\"elementor-tab-title-1172\" tabindex=\"0\" hidden=\"hidden\"><p><a href=\"https:\/\/carreras.uleam.edu.ec\/extension-pedernales\/wp-content\/uploads\/sites\/80\/2023\/01\/Malla-Carrera-de-Biologia-2022-20h-VF.pdf\" target=\"_blank\" rel=\"noopener\"><img loading=\"lazy\" decoding=\"async\" class=\"alignnone wp-image-294 size-large\" src=\"https:\/\/carreras.uleam.edu.ec\/extension-pedernales\/wp-content\/uploads\/sites\/80\/2023\/01\/malla-biologia-pedernales-1024x588.png\" alt=\"\" width=\"1024\" height=\"588\" srcset=\"https:\/\/carreras.uleam.edu.ec\/extension-pedernales\/wp-content\/uploads\/sites\/80\/2023\/01\/malla-biologia-pedernales-1024x588.png 1024w, https:\/\/carreras.uleam.edu.ec\/extension-pedernales\/wp-content\/uploads\/sites\/80\/2023\/01\/malla-biologia-pedernales-300x172.png 300w, https:\/\/carreras.uleam.edu.ec\/extension-pedernales\/wp-content\/uploads\/sites\/80\/2023\/01\/malla-biologia-pedernales-768x441.png 768w, https:\/\/carreras.uleam.edu.ec\/extension-pedernales\/wp-content\/uploads\/sites\/80\/2023\/01\/malla-biologia-pedernales-1536x882.png 1536w, https:\/\/carreras.uleam.edu.ec\/extension-pedernales\/wp-content\/uploads\/sites\/80\/2023\/01\/malla-biologia-pedernales-2048x1176.png 2048w\" sizes=\"auto, (max-width: 1024px) 100vw, 1024px\" \/><\/a><\/p><\/div>\n\t\t\t\t\t\t\t\t\t<div class=\"elementor-tab-title elementor-tab-mobile-title\" aria-selected=\"false\" data-tab=\"3\" role=\"tab\" tabindex=\"-1\" aria-controls=\"elementor-tab-content-1173\" aria-expanded=\"false\">Docentes<\/div>\n\t\t\t\t\t<div id=\"elementor-tab-content-1173\" class=\"elementor-tab-content elementor-clearfix\" data-tab=\"3\" role=\"tabpanel\" aria-labelledby=\"elementor-tab-title-1173\" tabindex=\"0\" hidden=\"hidden\"><ul><li>Andrade Almeida Jacinto Atanacio, Mg.<\/li><li>Chalacan Montes Nelly Tatiana, Mg.<\/li><li>Delgado \u00c1lvarez Luis Ignacio, Mg.<\/li><li>Falcones Molina Edison Leonardo, Mg.<\/li><li>Figueroa Mac\u00edas Cristhian Geovanny, Mg.<\/li><li>Intriago Mendoza Henrry Oth\u00f3n, Mg.<\/li><li>Macias Chila Ram\u00f3n Ra\u00fal, Mg.<\/li><li>Madrid Jim\u00e9nez Luis Alberto, Mg.<\/li><li>Men\u00e9ndez Cevallos Carmelo Yoffre, Mg.<\/li><li>Parrales Mendoza Daniel Gustavo, Mg.<\/li><li>Silva Silva Dana Marielba, Mg.<\/li><li>Tenelema Delgado Cecibel Monserrate, Mg.<\/li><li>Zambrano Barcia Tyrone Antonio, Mg.<\/li><\/ul><\/div>\n\t\t\t\t\t\t\t\t\t<div class=\"elementor-tab-title elementor-tab-mobile-title\" aria-selected=\"false\" data-tab=\"4\" role=\"tab\" tabindex=\"-1\" aria-controls=\"elementor-tab-content-1174\" aria-expanded=\"false\">Datos Generales<\/div>\n\t\t\t\t\t<div id=\"elementor-tab-content-1174\" class=\"elementor-tab-content elementor-clearfix\" data-tab=\"4\" role=\"tabpanel\" aria-labelledby=\"elementor-tab-title-1174\" tabindex=\"0\" hidden=\"hidden\"><ul><li style=\"text-align: center\">Mg. Ram\u00f3n Ra\u00fal Mac\u00edas Chila<br \/>COORDINADOR DE CARRERA<\/li><li style=\"text-align: center\"><a href=\"mailto:raul.macias@uleam.edu.ec\">raul.macias@uleam.edu.ec<\/a><br \/><hr \/><\/li><li style=\"text-align: center\">Ing. Valeria Polet Sabando Castillo<\/li><li style=\"text-align: center\">SECRETARIA<\/li><li style=\"text-align: center\"><u><a href=\"mailto:andrea.saldarriaga@uleam.edu.ec\">andrea.saldarriaga@uleam.edu.ec<\/a><\/u><br \/><hr \/><\/li><li style=\"text-align: center\">Horario de atenci\u00f3n:<\/li><li style=\"text-align: center\">12:00 a 20:00<\/li><\/ul><\/div>\n\t\t\t\t\t\t\t\t\t<div class=\"elementor-tab-title elementor-tab-mobile-title\" aria-selected=\"false\" data-tab=\"5\" role=\"tab\" tabindex=\"-1\" aria-controls=\"elementor-tab-content-1175\" aria-expanded=\"false\">Gesti\u00f3n y Proceso Estudiantil<\/div>\n\t\t\t\t\t<div id=\"elementor-tab-content-1175\" class=\"elementor-tab-content elementor-clearfix\" data-tab=\"5\" role=\"tabpanel\" aria-labelledby=\"elementor-tab-title-1175\" tabindex=\"0\" hidden=\"hidden\"><ul><li>\u21d2\u00a0Pr\u00e1cticas Pre-profesionales<\/li><li>\u21d2 <a href=\"https:\/\/departamentos.uleam.edu.ec\/gestion-aseguramiento-calidad\/2019\/04\/08\/matricula\/\">Matr\u00edcula<\/a><\/li><li>\u21d2 <a href=\"https:\/\/departamentos.uleam.edu.ec\/gestion-aseguramiento-calidad\/reingreso-de-estudiantes\/\">Reingreso de estudiantes<\/a><\/li><li>\u21d2 <a href=\"https:\/\/departamentos.uleam.edu.ec\/gestion-aseguramiento-calidad\/homologacion-de-estudios-por-analisis-comparativo-de-contenidos\/\">Homologaci\u00f3n de Estudios por An\u00e1lisis Comparativo de Contenidos<\/a><\/li><\/ul><\/div>\n\t\t\t\t\t\t\t<\/div>\n\t\t<\/div>\n\t\t\t\t<\/div>\n\t\t\t\t<\/div>\n\t\t\t\t\t<\/div>\n\t\t<\/div>\n\t\t\t\t\t\t\t<\/div>\n\t\t<\/section>\n\t\t\t\t\t\t<\/div>\n\t\t\t\t\t<\/div>\n\t\t","protected":false},"excerpt":{"rendered":"<p>Descripci\u00f3n General de la Carrera Malla Curricular Docentes Datos Generales Gesti\u00f3n y Proceso Estudiantil Descripci\u00f3n General de la Carrera Carrera:\u00a0 \u00a0 \u00a0 \u00a0 \u00a0 \u00a0 \u00a0 \u00a0 \u00a0 \u00a0 \u00a0 \u00a0 \u00a0 \u00a0 \u00a0 \u00a0 \u00a0 \u00a0Biolog\u00edaT\u00edtulo que otorga:\u00a0 \u00a0 [&hellip;]<\/p>\n","protected":false},"author":7,"featured_media":0,"parent":0,"menu_order":0,"comment_status":"closed","ping_status":"closed","template":"","meta":{"_acf_changed":false,"footnotes":""},"class_list":["post-10","page","type-page","status-publish","hentry"],"acf":[],"_links":{"self":[{"href":"https:\/\/carreras.uleam.edu.ec\/extension-pedernales\/wp-json\/wp\/v2\/pages\/10","targetHints":{"allow":["GET"]}}],"collection":[{"href":"https:\/\/carreras.uleam.edu.ec\/extension-pedernales\/wp-json\/wp\/v2\/pages"}],"about":[{"href":"https:\/\/carreras.uleam.edu.ec\/extension-pedernales\/wp-json\/wp\/v2\/types\/page"}],"author":[{"embeddable":true,"href":"https:\/\/carreras.uleam.edu.ec\/extension-pedernales\/wp-json\/wp\/v2\/users\/7"}],"replies":[{"embeddable":true,"href":"https:\/\/carreras.uleam.edu.ec\/extension-pedernales\/wp-json\/wp\/v2\/comments?post=10"}],"version-history":[{"count":34,"href":"https:\/\/carreras.uleam.edu.ec\/extension-pedernales\/wp-json\/wp\/v2\/pages\/10\/revisions"}],"predecessor-version":[{"id":435,"href":"https:\/\/carreras.uleam.edu.ec\/extension-pedernales\/wp-json\/wp\/v2\/pages\/10\/revisions\/435"}],"wp:attachment":[{"href":"https:\/\/carreras.uleam.edu.ec\/extension-pedernales\/wp-json\/wp\/v2\/media?parent=10"}],"curies":[{"name":"wp","href":"https:\/\/api.w.org\/{rel}","templated":true}]}}