{"id":11,"date":"2022-09-09T02:01:49","date_gmt":"2022-09-09T02:01:49","guid":{"rendered":"https:\/\/carreras.uleam.edu.ec\/extension-pedernales\/?page_id=11"},"modified":"2025-03-14T21:32:34","modified_gmt":"2025-03-14T21:32:34","slug":"carrera-de-economia-extension-pedernales","status":"publish","type":"page","link":"https:\/\/carreras.uleam.edu.ec\/extension-pedernales\/carrera-de-economia-extension-pedernales\/","title":{"rendered":"Carrera Econom\u00eda"},"content":{"rendered":"\t\t<div data-elementor-type=\"wp-page\" data-elementor-id=\"11\" class=\"elementor elementor-11\" data-elementor-settings=\"[]\">\n\t\t\t\t\t\t\t<div class=\"elementor-section-wrap\">\n\t\t\t\t\t\t\t<section class=\"elementor-section elementor-top-section elementor-element elementor-element-35e83a7 elementor-section-boxed elementor-section-height-default elementor-section-height-default\" data-id=\"35e83a7\" data-element_type=\"section\">\n\t\t\t\t\t\t<div class=\"elementor-container elementor-column-gap-default\">\n\t\t\t\t\t<div class=\"elementor-column elementor-col-100 elementor-top-column elementor-element elementor-element-09c1a63\" data-id=\"09c1a63\" data-element_type=\"column\">\n\t\t\t<div class=\"elementor-widget-wrap elementor-element-populated\">\n\t\t\t\t\t\t\t\t<div class=\"elementor-element elementor-element-24829e3 elementor-tabs-view-horizontal elementor-widget elementor-widget-tabs\" data-id=\"24829e3\" data-element_type=\"widget\" data-widget_type=\"tabs.default\">\n\t\t\t\t<div class=\"elementor-widget-container\">\n\t\t\t\t\t<div class=\"elementor-tabs\">\n\t\t\t<div class=\"elementor-tabs-wrapper\" role=\"tablist\" >\n\t\t\t\t\t\t\t\t\t<div id=\"elementor-tab-title-3821\" class=\"elementor-tab-title elementor-tab-desktop-title\" aria-selected=\"true\" data-tab=\"1\" role=\"tab\" tabindex=\"0\" aria-controls=\"elementor-tab-content-3821\" aria-expanded=\"false\">Descripci\u00f3n General de la Carrera<\/div>\n\t\t\t\t\t\t\t\t\t<div id=\"elementor-tab-title-3822\" class=\"elementor-tab-title elementor-tab-desktop-title\" aria-selected=\"false\" data-tab=\"2\" role=\"tab\" tabindex=\"-1\" aria-controls=\"elementor-tab-content-3822\" aria-expanded=\"false\">Malla Curricular<\/div>\n\t\t\t\t\t\t\t\t\t<div id=\"elementor-tab-title-3823\" class=\"elementor-tab-title elementor-tab-desktop-title\" aria-selected=\"false\" data-tab=\"3\" role=\"tab\" tabindex=\"-1\" aria-controls=\"elementor-tab-content-3823\" aria-expanded=\"false\">Docentes<\/div>\n\t\t\t\t\t\t\t\t\t<div id=\"elementor-tab-title-3824\" class=\"elementor-tab-title elementor-tab-desktop-title\" aria-selected=\"false\" data-tab=\"4\" role=\"tab\" tabindex=\"-1\" aria-controls=\"elementor-tab-content-3824\" aria-expanded=\"false\">Datos Generales<\/div>\n\t\t\t\t\t\t\t\t\t<div id=\"elementor-tab-title-3825\" class=\"elementor-tab-title elementor-tab-desktop-title\" aria-selected=\"false\" data-tab=\"5\" role=\"tab\" tabindex=\"-1\" aria-controls=\"elementor-tab-content-3825\" aria-expanded=\"false\">Gesti\u00f3n y Proceso Estudiantil<\/div>\n\t\t\t\t\t\t\t<\/div>\n\t\t\t<div class=\"elementor-tabs-content-wrapper\" role=\"tablist\" aria-orientation=\"vertical\">\n\t\t\t\t\t\t\t\t\t<div class=\"elementor-tab-title elementor-tab-mobile-title\" aria-selected=\"true\" data-tab=\"1\" role=\"tab\" tabindex=\"0\" aria-controls=\"elementor-tab-content-3821\" aria-expanded=\"false\">Descripci\u00f3n General de la Carrera<\/div>\n\t\t\t\t\t<div id=\"elementor-tab-content-3821\" class=\"elementor-tab-content elementor-clearfix\" data-tab=\"1\" role=\"tabpanel\" aria-labelledby=\"elementor-tab-title-3821\" tabindex=\"0\" hidden=\"false\"><p>Nombre completo de la carrera:\u00a0 \u00a0 \u00a0 \u00a0 \u00a0 \u00a0 \u00a0 \u00a0 \u00a0 Econom\u00eda<\/p><p>T\u00edtulo que otorga la carrera o programa:\u00a0 \u00a0 ECONOMISTA<\/p><p>Modalidad de estudios:\u00a0 \u00a0 \u00a0 \u00a0 \u00a0 \u00a0 \u00a0 \u00a0 \u00a0 \u00a0 \u00a0 \u00a0 \u00a0 \u00a0 \u00a0 \u00a0 \u00a0Por niveles de tipo presencial.<\/p><p>Duraci\u00f3n de la Carrera:\u00a0 \u00a0 \u00a0 \u00a0 \u00a0 \u00a0 \u00a0 \u00a0 \u00a0 \u00a0 \u00a0 \u00a0 \u00a0 \u00a0 \u00a0 \u00a0 \u00a0 9 niveles.<\/p><p>PERFIL PROFESIONAL<\/p><p>El economista graduado en la ULEAM, es un profesional capacitado para actuar en diferentes sectores de la sociedad, para cumplir funciones, donde el campo ocupacional es muy amplio, en donde se puede desempe\u00f1ar en \u00e1reas p\u00fablicas y privadas como:<\/p><ul><li>Analista econ\u00f3mico \u2013 financiero en el sector p\u00fablico y privado.<\/li><li>Consultor y asesor econ\u00f3mico \u2013 financiero en el sector p\u00fablico y privado.<\/li><li>Gerente de empresas del sector p\u00fablico y privado, as\u00ed como en organismos multilaterales.<\/li><li>Investigador econ\u00f3mico, financiero, social y pol\u00edtico.<\/li><li>Docente universitario o capacitador.<\/li><li>Director econ\u00f3mico o financiero de empresas p\u00fablicas y privadas.<\/li><li>Presidente de organismos u organizaciones no gubernamentales de desarrollo.<\/li><li>Gerente de instituciones financieras y empresas burs\u00e1tiles.<\/li><\/ul><p>CAMPO OCUPACIONAL<\/p><ul><li>La carrera de Econom\u00eda tiene por objeto de trabajo,\u00a0el contexto econ\u00f3mico \u2013 financiero y su entorno pol\u00edtico y sociocultural, de manera que contribuya al desarrollo equilibrado y sostenido de la sociedad en su conjunto, en un marco de aprovechamiento racional y sustentable de los recursos disponibles, en su interacci\u00f3n local, regional, nacional e internacional.<\/li><\/ul><p>CAMPOS DE ACCI\u00d3N OCUPACIONAL<\/p><p>Los profesionales graduados de la carrera de Econom\u00eda de la Universidad Laica Eloy Alfaro de Manab\u00ed (ULEAM) estar\u00e1n en capacidad para contribuir con su desempe\u00f1o al desarrollo econ\u00f3mico y social del pa\u00eds, mediante:<\/p><ul><li>El an\u00e1lisis de la situaci\u00f3n econ\u00f3mica nacional e internacional y recomienda la aplicaci\u00f3n de pol\u00edticas econ\u00f3micas.<\/li><li>Formulando planes de desarrollo.<\/li><li>Dirigir y\/o asesorar empresas tanto del sector p\u00fablico como del privado.<\/li><li>Generar proyectos de inversi\u00f3n de \u00edndole privado y social.<\/li><li>Realizar investigaciones.<\/li><li>Asumir el liderazgo en la toma de decisiones econ\u00f3mico \u2013 financieras en los distintos sectores de la econom\u00eda local, regional y nacional.<\/li><li>Organizar, dirigir y evaluar su propia empresa.<\/li><\/ul><p>ESFERAS DE ACTUACI\u00d3N PROFESIONAL<\/p><p>El Economista graduado en la Facultad de Ciencias Econ\u00f3micas de la Universidad Laica Eloy Alfaro de Manab\u00ed, es un profesional preparado para desempe\u00f1arse en una diversidad de funciones y actividades en los escenarios siguientes:<\/p><ul><li>El sector p\u00fablico, privado, organismos no gubernamentales y\/o multilaterales de desarrollo.<\/li><li>Empresas e Instituciones Financieras y Burs\u00e1tiles.<\/li><li>Empresas e instituciones de los sectores primarios, secundarios y de servicios de la econom\u00eda.<\/li><li>Organizaciones no Gubernamentales de Desarrollo.<\/li><li>Empresas e Instituciones de Servicios Acad\u00e9micos, de Investigaci\u00f3n y de Consultor\u00eda.<\/li><li>Empresas o instituciones propias.<\/li><\/ul><p>PROCESOS B\u00c1SICOS EN QUE SE DESEMPE\u00d1A EL ECONOMISTA<\/p><p style=\"padding-left: 40px\">El Economista es un profesional que debe estar preparado para asumir una diversidad de funciones y actividades relacionadas con los procesos b\u00e1sicos que caracterizan su desempe\u00f1o en la profesi\u00f3n.<\/p><p style=\"padding-left: 40px\">Por\u00a0procesos b\u00e1sicos de la profesi\u00f3n\u00a0se entiende, aquellos que caracterizan la esencia de la Econom\u00eda, los que a trav\u00e9s de su l\u00f3gica expresan las etapas, fases y acciones que realizan los profesionales al cumplir actividades inherentes a funciones claves en los contextos laborales de desempe\u00f1o.<\/p><p>LOS PROCESOS B\u00c1SICOS DE LA PROFESI\u00d3N SE CARACTERIZAN POR:<\/p><ul><li>Son inherentes a cada profesi\u00f3n.<\/li><li>Tienen una significaci\u00f3n especial a partir de los problemas y situaciones m\u00e1s frecuentes en la profesi\u00f3n.<\/li><li>Se constituyen en v\u00edas que hacen posible el desempe\u00f1o exitoso de los profesionales.<\/li><li>Son una premisa formativa en el contexto universitario para favorecer los niveles de desempe\u00f1o e idoneidad en los egresados universitarios.<\/li><li>Se perfeccionan en la misma medida que los profesionales en ejercicio e investigadores, se desempe\u00f1an e innovan.<\/li><li>Se constituyen en una gu\u00eda para cada carrera desde la perspectiva de que exista congruencia entre lo que se ense\u00f1a en el contexto universitario y lo que se hace en el mundo laboral\u2013profesional.<\/li><\/ul><p>Tienen car\u00e1cter mutable, porque se pueden fusionar, a partir de su contextualizaci\u00f3n en escenarios de la profesi\u00f3n y a los avances en el campo cient\u00edfico, t\u00e9cnico o tecnol\u00f3gico<\/p><\/div>\n\t\t\t\t\t\t\t\t\t<div class=\"elementor-tab-title elementor-tab-mobile-title\" aria-selected=\"false\" data-tab=\"2\" role=\"tab\" tabindex=\"-1\" aria-controls=\"elementor-tab-content-3822\" aria-expanded=\"false\">Malla Curricular<\/div>\n\t\t\t\t\t<div id=\"elementor-tab-content-3822\" class=\"elementor-tab-content elementor-clearfix\" data-tab=\"2\" role=\"tabpanel\" aria-labelledby=\"elementor-tab-title-3822\" tabindex=\"0\" hidden=\"hidden\"><p><a href=\"https:\/\/carreras.uleam.edu.ec\/extension-pedernales\/wp-content\/uploads\/sites\/80\/2023\/01\/3.-MALLA-REAJUSTADA-CARRERA-ECONOMIA-2022-2.pdf\" target=\"_blank\" rel=\"noopener\"><img loading=\"lazy\" decoding=\"async\" class=\"alignnone wp-image-295 size-large\" src=\"https:\/\/carreras.uleam.edu.ec\/extension-pedernales\/wp-content\/uploads\/sites\/80\/2023\/01\/malla-economia-pedernales-1024x667.png\" alt=\"\" width=\"1024\" height=\"667\" srcset=\"https:\/\/carreras.uleam.edu.ec\/extension-pedernales\/wp-content\/uploads\/sites\/80\/2023\/01\/malla-economia-pedernales-1024x667.png 1024w, https:\/\/carreras.uleam.edu.ec\/extension-pedernales\/wp-content\/uploads\/sites\/80\/2023\/01\/malla-economia-pedernales-300x195.png 300w, https:\/\/carreras.uleam.edu.ec\/extension-pedernales\/wp-content\/uploads\/sites\/80\/2023\/01\/malla-economia-pedernales-768x500.png 768w, https:\/\/carreras.uleam.edu.ec\/extension-pedernales\/wp-content\/uploads\/sites\/80\/2023\/01\/malla-economia-pedernales-1536x1001.png 1536w, https:\/\/carreras.uleam.edu.ec\/extension-pedernales\/wp-content\/uploads\/sites\/80\/2023\/01\/malla-economia-pedernales-2048x1334.png 2048w\" sizes=\"auto, (max-width: 1024px) 100vw, 1024px\" \/><\/a><\/p><\/div>\n\t\t\t\t\t\t\t\t\t<div class=\"elementor-tab-title elementor-tab-mobile-title\" aria-selected=\"false\" data-tab=\"3\" role=\"tab\" tabindex=\"-1\" aria-controls=\"elementor-tab-content-3823\" aria-expanded=\"false\">Docentes<\/div>\n\t\t\t\t\t<div id=\"elementor-tab-content-3823\" class=\"elementor-tab-content elementor-clearfix\" data-tab=\"3\" role=\"tabpanel\" aria-labelledby=\"elementor-tab-title-3823\" tabindex=\"0\" hidden=\"hidden\"><ul><li>Aguilar M\u00e9ndez Denisse Loreth, Mg.<\/li><li>Castro Cede\u00f1o Diana Patricia, Mg.<\/li><li>Giler Macias Sintia Monserrate, Mg.<\/li><li>Mendoza Zambrano Mar\u00eda Guadalupe, Mg.<\/li><li>Palacios L\u00f3pez Aura Mariana, Mg.<\/li><li>Salazar Olives Gladys Germania, Mg.<\/li><li>Santana Sornoza Johnny Willian, Mg.<\/li><li>Toapanta Benavidez Nahin Omar, Mg.<\/li><li>V\u00e9lez Falcones Ana Cecilia, Mg.<\/li><li>V\u00e9lez L\u00f3pez Lorena Monserrate, Mg.<\/li><li>Vera Calder\u00f3n Tatiana Aracely, Mg.<\/li><li>Vera Loor Rosa Yessenia, Mg.<\/li><li>Viteri Rade Layla Yasmina, Mg.<\/li><\/ul><\/div>\n\t\t\t\t\t\t\t\t\t<div class=\"elementor-tab-title elementor-tab-mobile-title\" aria-selected=\"false\" data-tab=\"4\" role=\"tab\" tabindex=\"-1\" aria-controls=\"elementor-tab-content-3824\" aria-expanded=\"false\">Datos Generales<\/div>\n\t\t\t\t\t<div id=\"elementor-tab-content-3824\" class=\"elementor-tab-content elementor-clearfix\" data-tab=\"4\" role=\"tabpanel\" aria-labelledby=\"elementor-tab-title-3824\" tabindex=\"0\" hidden=\"hidden\"><ul><li style=\"text-align: center\">Mg. Gladys Germania Salazar Olives<\/li><li style=\"text-align: center\">COORDINADORA DE CARRERA<\/li><li style=\"text-align: center\"><a href=\"mailto:gladys.salazar@uleam.edu.ec\">gladys.salazar@uleam.edu.ec<\/a><\/li><\/ul><hr \/><ul><li style=\"text-align: center\">Ing. Diana Carolina Cruz Berm\u00fadez<\/li><li style=\"text-align: center\">SECRETARIA<\/li><li style=\"text-align: center\"><a href=\"mailto:diana.cruz@uleam.edu.ec\">diana.cruz@uleam.edu.ec<\/a><\/li><li style=\"text-align: center\">Horario de atenci\u00f3n:<\/li><li style=\"text-align: center\">08:00 a 13:00<\/li><li style=\"text-align: center\">14:00 a 17:00<\/li><\/ul><\/div>\n\t\t\t\t\t\t\t\t\t<div class=\"elementor-tab-title elementor-tab-mobile-title\" aria-selected=\"false\" data-tab=\"5\" role=\"tab\" tabindex=\"-1\" aria-controls=\"elementor-tab-content-3825\" aria-expanded=\"false\">Gesti\u00f3n y Proceso Estudiantil<\/div>\n\t\t\t\t\t<div id=\"elementor-tab-content-3825\" class=\"elementor-tab-content elementor-clearfix\" data-tab=\"5\" role=\"tabpanel\" aria-labelledby=\"elementor-tab-title-3825\" tabindex=\"0\" hidden=\"hidden\"><ul><li>\u21d2\u00a0Pr\u00e1cticas Pre-profesionales<\/li><li>\u21d2 <a href=\"https:\/\/departamentos.uleam.edu.ec\/gestion-aseguramiento-calidad\/2019\/04\/08\/matricula\/\">Matr\u00edcula<\/a><\/li><li>\u21d2 <a href=\"https:\/\/departamentos.uleam.edu.ec\/gestion-aseguramiento-calidad\/reingreso-de-estudiantes\/\">Reingreso de estudiantes<\/a><\/li><li>\u21d2 <a href=\"https:\/\/departamentos.uleam.edu.ec\/gestion-aseguramiento-calidad\/homologacion-de-estudios-por-analisis-comparativo-de-contenidos\/\">Homologaci\u00f3n de Estudios por An\u00e1lisis Comparativo de Contenidos<\/a><\/li><\/ul><\/div>\n\t\t\t\t\t\t\t<\/div>\n\t\t<\/div>\n\t\t\t\t<\/div>\n\t\t\t\t<\/div>\n\t\t\t\t\t<\/div>\n\t\t<\/div>\n\t\t\t\t\t\t\t<\/div>\n\t\t<\/section>\n\t\t\t\t\t\t<\/div>\n\t\t\t\t\t<\/div>\n\t\t","protected":false},"excerpt":{"rendered":"<p>Descripci\u00f3n General de la Carrera Malla Curricular Docentes Datos Generales Gesti\u00f3n y Proceso Estudiantil Descripci\u00f3n General de la Carrera Nombre completo de la carrera:\u00a0 \u00a0 \u00a0 \u00a0 \u00a0 \u00a0 \u00a0 \u00a0 \u00a0 Econom\u00eda T\u00edtulo que otorga la carrera o programa:\u00a0 [&hellip;]<\/p>\n","protected":false},"author":7,"featured_media":0,"parent":0,"menu_order":0,"comment_status":"closed","ping_status":"closed","template":"","meta":{"_acf_changed":false,"footnotes":""},"class_list":["post-11","page","type-page","status-publish","hentry"],"acf":[],"_links":{"self":[{"href":"https:\/\/carreras.uleam.edu.ec\/extension-pedernales\/wp-json\/wp\/v2\/pages\/11","targetHints":{"allow":["GET"]}}],"collection":[{"href":"https:\/\/carreras.uleam.edu.ec\/extension-pedernales\/wp-json\/wp\/v2\/pages"}],"about":[{"href":"https:\/\/carreras.uleam.edu.ec\/extension-pedernales\/wp-json\/wp\/v2\/types\/page"}],"author":[{"embeddable":true,"href":"https:\/\/carreras.uleam.edu.ec\/extension-pedernales\/wp-json\/wp\/v2\/users\/7"}],"replies":[{"embeddable":true,"href":"https:\/\/carreras.uleam.edu.ec\/extension-pedernales\/wp-json\/wp\/v2\/comments?post=11"}],"version-history":[{"count":32,"href":"https:\/\/carreras.uleam.edu.ec\/extension-pedernales\/wp-json\/wp\/v2\/pages\/11\/revisions"}],"predecessor-version":[{"id":436,"href":"https:\/\/carreras.uleam.edu.ec\/extension-pedernales\/wp-json\/wp\/v2\/pages\/11\/revisions\/436"}],"wp:attachment":[{"href":"https:\/\/carreras.uleam.edu.ec\/extension-pedernales\/wp-json\/wp\/v2\/media?parent=11"}],"curies":[{"name":"wp","href":"https:\/\/api.w.org\/{rel}","templated":true}]}}