{"id":112,"date":"2023-01-12T16:01:04","date_gmt":"2023-01-12T16:01:04","guid":{"rendered":"https:\/\/carreras.uleam.edu.ec\/extension-pedernales\/?page_id=112"},"modified":"2025-03-14T21:26:14","modified_gmt":"2025-03-14T21:26:14","slug":"carrera-agronegocios","status":"publish","type":"page","link":"https:\/\/carreras.uleam.edu.ec\/extension-pedernales\/carrera-agronegocios\/","title":{"rendered":"Carrera Agronegocios"},"content":{"rendered":"\t\t<div data-elementor-type=\"wp-page\" data-elementor-id=\"112\" class=\"elementor elementor-112\" data-elementor-settings=\"[]\">\n\t\t\t\t\t\t\t<div class=\"elementor-section-wrap\">\n\t\t\t\t\t\t\t<section class=\"elementor-section elementor-top-section elementor-element elementor-element-1216876 elementor-section-boxed elementor-section-height-default elementor-section-height-default\" data-id=\"1216876\" data-element_type=\"section\">\n\t\t\t\t\t\t<div class=\"elementor-container elementor-column-gap-default\">\n\t\t\t\t\t<div class=\"elementor-column elementor-col-100 elementor-top-column elementor-element elementor-element-b637bb9\" data-id=\"b637bb9\" data-element_type=\"column\">\n\t\t\t<div class=\"elementor-widget-wrap elementor-element-populated\">\n\t\t\t\t\t\t\t\t<div class=\"elementor-element elementor-element-8c75fdd elementor-tabs-view-horizontal elementor-widget elementor-widget-tabs\" data-id=\"8c75fdd\" data-element_type=\"widget\" data-widget_type=\"tabs.default\">\n\t\t\t\t<div class=\"elementor-widget-container\">\n\t\t\t\t\t<div class=\"elementor-tabs\">\n\t\t\t<div class=\"elementor-tabs-wrapper\" role=\"tablist\" >\n\t\t\t\t\t\t\t\t\t<div id=\"elementor-tab-title-1471\" class=\"elementor-tab-title elementor-tab-desktop-title\" aria-selected=\"true\" data-tab=\"1\" role=\"tab\" tabindex=\"0\" aria-controls=\"elementor-tab-content-1471\" aria-expanded=\"false\">Descripci\u00f3n General de la Carrera<\/div>\n\t\t\t\t\t\t\t\t\t<div id=\"elementor-tab-title-1472\" class=\"elementor-tab-title elementor-tab-desktop-title\" aria-selected=\"false\" data-tab=\"2\" role=\"tab\" tabindex=\"-1\" aria-controls=\"elementor-tab-content-1472\" aria-expanded=\"false\">Malla Curricular<\/div>\n\t\t\t\t\t\t\t\t\t<div id=\"elementor-tab-title-1473\" class=\"elementor-tab-title elementor-tab-desktop-title\" aria-selected=\"false\" data-tab=\"3\" role=\"tab\" tabindex=\"-1\" aria-controls=\"elementor-tab-content-1473\" aria-expanded=\"false\">Docentes<\/div>\n\t\t\t\t\t\t\t\t\t<div id=\"elementor-tab-title-1474\" class=\"elementor-tab-title elementor-tab-desktop-title\" aria-selected=\"false\" data-tab=\"4\" role=\"tab\" tabindex=\"-1\" aria-controls=\"elementor-tab-content-1474\" aria-expanded=\"false\">Datos Generales<\/div>\n\t\t\t\t\t\t\t\t\t<div id=\"elementor-tab-title-1475\" class=\"elementor-tab-title elementor-tab-desktop-title\" aria-selected=\"false\" data-tab=\"5\" role=\"tab\" tabindex=\"-1\" aria-controls=\"elementor-tab-content-1475\" aria-expanded=\"false\">Gesti\u00f3n y Proceso Estudiantil<\/div>\n\t\t\t\t\t\t\t<\/div>\n\t\t\t<div class=\"elementor-tabs-content-wrapper\" role=\"tablist\" aria-orientation=\"vertical\">\n\t\t\t\t\t\t\t\t\t<div class=\"elementor-tab-title elementor-tab-mobile-title\" aria-selected=\"true\" data-tab=\"1\" role=\"tab\" tabindex=\"0\" aria-controls=\"elementor-tab-content-1471\" aria-expanded=\"false\">Descripci\u00f3n General de la Carrera<\/div>\n\t\t\t\t\t<div id=\"elementor-tab-content-1471\" class=\"elementor-tab-content elementor-clearfix\" data-tab=\"1\" role=\"tabpanel\" aria-labelledby=\"elementor-tab-title-1471\" tabindex=\"0\" hidden=\"false\"><p>DATOS GENERALES<\/p><p>NOMBRE DE LA CARRERA: AGRONEGOCIOS<\/p><p>RESOLUCION: RPC-SO-39-N. 705-2019<\/p><p>TITULO QUE OTORGA: \u00a0Licenciado<\/p><p>MODALIDAD DE APRENDISAJE: Presencial<\/p><p>LUGAR DE CLASES: Uleam Extensi\u00f3n Pedernales<\/p><p>DURACION: 8 semestres (4 a\u00f1os)<\/p><p>DESCRIPCION GENERAL DE LA CARRERA DE AGRONEGOCIOS<\/p><ul><li>Formar profesionales con conocimientos t\u00e9cnicos capaces de gestionar e innovar procesos y estrategias vinculadas a la comercializaci\u00f3n de bienes y servicios agroalimentarios, as\u00ed como en la administraci\u00f3n de recursos tangibles, intangibles y humanos, en concordancia con la demanda nacional e internacional.<\/li><\/ul><\/div>\n\t\t\t\t\t\t\t\t\t<div class=\"elementor-tab-title elementor-tab-mobile-title\" aria-selected=\"false\" data-tab=\"2\" role=\"tab\" tabindex=\"-1\" aria-controls=\"elementor-tab-content-1472\" aria-expanded=\"false\">Malla Curricular<\/div>\n\t\t\t\t\t<div id=\"elementor-tab-content-1472\" class=\"elementor-tab-content elementor-clearfix\" data-tab=\"2\" role=\"tabpanel\" aria-labelledby=\"elementor-tab-title-1472\" tabindex=\"0\" hidden=\"hidden\"><p><a href=\"https:\/\/carreras.uleam.edu.ec\/extension-pedernales\/wp-content\/uploads\/sites\/80\/2023\/01\/Malla-Curricular-Agronegocios.pdf\" target=\"_blank\" rel=\"noopener\"><img loading=\"lazy\" decoding=\"async\" class=\"alignnone wp-image-291 size-large\" src=\"https:\/\/carreras.uleam.edu.ec\/extension-pedernales\/wp-content\/uploads\/sites\/80\/2023\/01\/malla-agronegocios-pedernales-1024x555.png\" alt=\"\" width=\"1024\" height=\"555\" srcset=\"https:\/\/carreras.uleam.edu.ec\/extension-pedernales\/wp-content\/uploads\/sites\/80\/2023\/01\/malla-agronegocios-pedernales-1024x555.png 1024w, https:\/\/carreras.uleam.edu.ec\/extension-pedernales\/wp-content\/uploads\/sites\/80\/2023\/01\/malla-agronegocios-pedernales-300x163.png 300w, https:\/\/carreras.uleam.edu.ec\/extension-pedernales\/wp-content\/uploads\/sites\/80\/2023\/01\/malla-agronegocios-pedernales-768x416.png 768w, https:\/\/carreras.uleam.edu.ec\/extension-pedernales\/wp-content\/uploads\/sites\/80\/2023\/01\/malla-agronegocios-pedernales-1536x832.png 1536w, https:\/\/carreras.uleam.edu.ec\/extension-pedernales\/wp-content\/uploads\/sites\/80\/2023\/01\/malla-agronegocios-pedernales-2048x1109.png 2048w\" sizes=\"auto, (max-width: 1024px) 100vw, 1024px\" \/><\/a><\/p><\/div>\n\t\t\t\t\t\t\t\t\t<div class=\"elementor-tab-title elementor-tab-mobile-title\" aria-selected=\"false\" data-tab=\"3\" role=\"tab\" tabindex=\"-1\" aria-controls=\"elementor-tab-content-1473\" aria-expanded=\"false\">Docentes<\/div>\n\t\t\t\t\t<div id=\"elementor-tab-content-1473\" class=\"elementor-tab-content elementor-clearfix\" data-tab=\"3\" role=\"tabpanel\" aria-labelledby=\"elementor-tab-title-1473\" tabindex=\"0\" hidden=\"hidden\"><ul><li>Alvarado Parrales Paola Marlene, Mg.<\/li><li>Chalacan Montes Nelly Tatiana, Mg.<\/li><li>Delgado \u00c1lvarez Luis Ignacio, Mg.<\/li><li>Giler Macias Sintia Monserrate, Mg.<\/li><li>Macias Chila Ramon Ra\u00fal, Mg.<\/li><li>Mendieta Vivas Renato Jonnatan, Mg.<\/li><li>Mendoza Zambrano Mar\u00eda Guadalupe, Mg.<\/li><li>Men\u00e9ndez Cevallos Carmelo Yoffre, Mg.<\/li><li>Su\u00e1rez Villa Amador Javier, Mg.<\/li><li>V\u00e9lez L\u00f3pez Lorena Monserrate, Mg.<\/li><li>Viteri Rade Layla Yasmina, Mg.<\/li><li>Zambrano Barcia Tyrone Antonio, Mg.<\/li><li>Zamora Mac\u00edas Segundo Pablo, Mg.<\/li><\/ul><\/div>\n\t\t\t\t\t\t\t\t\t<div class=\"elementor-tab-title elementor-tab-mobile-title\" aria-selected=\"false\" data-tab=\"4\" role=\"tab\" tabindex=\"-1\" aria-controls=\"elementor-tab-content-1474\" aria-expanded=\"false\">Datos Generales<\/div>\n\t\t\t\t\t<div id=\"elementor-tab-content-1474\" class=\"elementor-tab-content elementor-clearfix\" data-tab=\"4\" role=\"tabpanel\" aria-labelledby=\"elementor-tab-title-1474\" tabindex=\"0\" hidden=\"hidden\"><ul><li style=\"text-align: center\">Ing. Ram\u00f3n Ra\u00fal Macias Chila<\/li><li style=\"text-align: center\">COORDINADOR DE CARRERA<\/li><li style=\"text-align: center\"><p><u><a href=\"mailto:raul.macias@uleam.edu.ec\">raul.macias@uleam.edu.ec<\/a> <\/u><\/p><hr \/><\/li><li style=\"text-align: center\">Ing. Valeria Polet Sabando Castillo.<\/li><li style=\"text-align: center\">SECRETARIA<\/li><li style=\"text-align: center\"><p><u><a href=\"mailto:valeria.sabando@uleam.edu.ec\">valeria.sabando@uleam.edu.ec<\/a><\/u><\/p><hr \/><\/li><li style=\"text-align: center\">Horario de atenci\u00f3n: 12:00 a 20:00<\/li><\/ul><\/div>\n\t\t\t\t\t\t\t\t\t<div class=\"elementor-tab-title elementor-tab-mobile-title\" aria-selected=\"false\" data-tab=\"5\" role=\"tab\" tabindex=\"-1\" aria-controls=\"elementor-tab-content-1475\" aria-expanded=\"false\">Gesti\u00f3n y Proceso Estudiantil<\/div>\n\t\t\t\t\t<div id=\"elementor-tab-content-1475\" class=\"elementor-tab-content elementor-clearfix\" data-tab=\"5\" role=\"tabpanel\" aria-labelledby=\"elementor-tab-title-1475\" tabindex=\"0\" hidden=\"hidden\"><ul><li>\u21d2\u00a0Pr\u00e1cticas Pre-profesionales<\/li><li>\u21d2 <a href=\"https:\/\/departamentos.uleam.edu.ec\/gestion-aseguramiento-calidad\/2019\/04\/08\/matricula\/\">Matr\u00edcula<\/a><\/li><li>\u21d2 <a href=\"https:\/\/departamentos.uleam.edu.ec\/gestion-aseguramiento-calidad\/reingreso-de-estudiantes\/\">Reingreso de estudiantes<\/a><\/li><li>\u21d2 <a href=\"https:\/\/departamentos.uleam.edu.ec\/gestion-aseguramiento-calidad\/homologacion-de-estudios-por-analisis-comparativo-de-contenidos\/\">Homologaci\u00f3n de Estudios por An\u00e1lisis Comparativo de Contenidos<\/a><\/li><\/ul><\/div>\n\t\t\t\t\t\t\t<\/div>\n\t\t<\/div>\n\t\t\t\t<\/div>\n\t\t\t\t<\/div>\n\t\t\t\t\t<\/div>\n\t\t<\/div>\n\t\t\t\t\t\t\t<\/div>\n\t\t<\/section>\n\t\t\t\t\t\t<\/div>\n\t\t\t\t\t<\/div>\n\t\t","protected":false},"excerpt":{"rendered":"<p>Descripci\u00f3n General de la Carrera Malla Curricular Docentes Datos Generales Gesti\u00f3n y Proceso Estudiantil Descripci\u00f3n General de la Carrera DATOS GENERALES NOMBRE DE LA CARRERA: AGRONEGOCIOS RESOLUCION: RPC-SO-39-N. 705-2019 TITULO QUE OTORGA: \u00a0Licenciado MODALIDAD DE APRENDISAJE: Presencial LUGAR DE CLASES: [&hellip;]<\/p>\n","protected":false},"author":7,"featured_media":0,"parent":0,"menu_order":0,"comment_status":"closed","ping_status":"closed","template":"","meta":{"_acf_changed":false,"footnotes":""},"class_list":["post-112","page","type-page","status-publish","hentry"],"acf":[],"_links":{"self":[{"href":"https:\/\/carreras.uleam.edu.ec\/extension-pedernales\/wp-json\/wp\/v2\/pages\/112","targetHints":{"allow":["GET"]}}],"collection":[{"href":"https:\/\/carreras.uleam.edu.ec\/extension-pedernales\/wp-json\/wp\/v2\/pages"}],"about":[{"href":"https:\/\/carreras.uleam.edu.ec\/extension-pedernales\/wp-json\/wp\/v2\/types\/page"}],"author":[{"embeddable":true,"href":"https:\/\/carreras.uleam.edu.ec\/extension-pedernales\/wp-json\/wp\/v2\/users\/7"}],"replies":[{"embeddable":true,"href":"https:\/\/carreras.uleam.edu.ec\/extension-pedernales\/wp-json\/wp\/v2\/comments?post=112"}],"version-history":[{"count":24,"href":"https:\/\/carreras.uleam.edu.ec\/extension-pedernales\/wp-json\/wp\/v2\/pages\/112\/revisions"}],"predecessor-version":[{"id":432,"href":"https:\/\/carreras.uleam.edu.ec\/extension-pedernales\/wp-json\/wp\/v2\/pages\/112\/revisions\/432"}],"wp:attachment":[{"href":"https:\/\/carreras.uleam.edu.ec\/extension-pedernales\/wp-json\/wp\/v2\/media?parent=112"}],"curies":[{"name":"wp","href":"https:\/\/api.w.org\/{rel}","templated":true}]}}