{"id":12,"date":"2022-09-09T02:02:17","date_gmt":"2022-09-09T02:02:17","guid":{"rendered":"https:\/\/carreras.uleam.edu.ec\/extension-pedernales\/?page_id=12"},"modified":"2025-03-14T21:35:21","modified_gmt":"2025-03-14T21:35:21","slug":"carrera-de-electromecanica-extension-pedernales","status":"publish","type":"page","link":"https:\/\/carreras.uleam.edu.ec\/extension-pedernales\/carrera-de-electromecanica-extension-pedernales\/","title":{"rendered":"Carrera Electromec\u00e1nica"},"content":{"rendered":"\t\t<div data-elementor-type=\"wp-page\" data-elementor-id=\"12\" class=\"elementor elementor-12\" data-elementor-settings=\"[]\">\n\t\t\t\t\t\t\t<div class=\"elementor-section-wrap\">\n\t\t\t\t\t\t\t<section class=\"elementor-section elementor-top-section elementor-element elementor-element-84b9a0f elementor-section-boxed elementor-section-height-default elementor-section-height-default\" data-id=\"84b9a0f\" data-element_type=\"section\">\n\t\t\t\t\t\t<div class=\"elementor-container elementor-column-gap-default\">\n\t\t\t\t\t<div class=\"elementor-column elementor-col-100 elementor-top-column elementor-element elementor-element-c02d56b\" data-id=\"c02d56b\" data-element_type=\"column\">\n\t\t\t<div class=\"elementor-widget-wrap elementor-element-populated\">\n\t\t\t\t\t\t\t\t<div class=\"elementor-element elementor-element-88c7099 elementor-tabs-view-horizontal elementor-widget elementor-widget-tabs\" data-id=\"88c7099\" data-element_type=\"widget\" data-widget_type=\"tabs.default\">\n\t\t\t\t<div class=\"elementor-widget-container\">\n\t\t\t\t\t<div class=\"elementor-tabs\">\n\t\t\t<div class=\"elementor-tabs-wrapper\" role=\"tablist\" >\n\t\t\t\t\t\t\t\t\t<div id=\"elementor-tab-title-1431\" class=\"elementor-tab-title elementor-tab-desktop-title\" aria-selected=\"true\" data-tab=\"1\" role=\"tab\" tabindex=\"0\" aria-controls=\"elementor-tab-content-1431\" aria-expanded=\"false\">Descripci\u00f3n General de la Carrera<\/div>\n\t\t\t\t\t\t\t\t\t<div id=\"elementor-tab-title-1432\" class=\"elementor-tab-title elementor-tab-desktop-title\" aria-selected=\"false\" data-tab=\"2\" role=\"tab\" tabindex=\"-1\" aria-controls=\"elementor-tab-content-1432\" aria-expanded=\"false\">Malla Curricular<\/div>\n\t\t\t\t\t\t\t\t\t<div id=\"elementor-tab-title-1433\" class=\"elementor-tab-title elementor-tab-desktop-title\" aria-selected=\"false\" data-tab=\"3\" role=\"tab\" tabindex=\"-1\" aria-controls=\"elementor-tab-content-1433\" aria-expanded=\"false\">Docentes<\/div>\n\t\t\t\t\t\t\t\t\t<div id=\"elementor-tab-title-1434\" class=\"elementor-tab-title elementor-tab-desktop-title\" aria-selected=\"false\" data-tab=\"4\" role=\"tab\" tabindex=\"-1\" aria-controls=\"elementor-tab-content-1434\" aria-expanded=\"false\">Datos Generales<\/div>\n\t\t\t\t\t\t\t\t\t<div id=\"elementor-tab-title-1435\" class=\"elementor-tab-title elementor-tab-desktop-title\" aria-selected=\"false\" data-tab=\"5\" role=\"tab\" tabindex=\"-1\" aria-controls=\"elementor-tab-content-1435\" aria-expanded=\"false\">Gesti\u00f3n y Proceso Estudiantil<\/div>\n\t\t\t\t\t\t\t<\/div>\n\t\t\t<div class=\"elementor-tabs-content-wrapper\" role=\"tablist\" aria-orientation=\"vertical\">\n\t\t\t\t\t\t\t\t\t<div class=\"elementor-tab-title elementor-tab-mobile-title\" aria-selected=\"true\" data-tab=\"1\" role=\"tab\" tabindex=\"0\" aria-controls=\"elementor-tab-content-1431\" aria-expanded=\"false\">Descripci\u00f3n General de la Carrera<\/div>\n\t\t\t\t\t<div id=\"elementor-tab-content-1431\" class=\"elementor-tab-content elementor-clearfix\" data-tab=\"1\" role=\"tabpanel\" aria-labelledby=\"elementor-tab-title-1431\" tabindex=\"0\" hidden=\"false\"><p>Nombre de la Carrera:\u00a0 \u00a0 \u00a0 \u00a0 \u00a0 \u00a0 \u00a0 \u00a0 \u00a0 \u00a0 TECNOLOG\u00cdA SUPERIOR EN ELECTROMEC\u00c1NICA<\/p><p>T\u00edtulo que otorga:\u00a0 \u00a0 \u00a0 \u00a0 \u00a0 \u00a0 \u00a0 \u00a0 \u00a0 \u00a0 \u00a0 \u00a0 \u00a0 \u00a0 TECN\u00d3LOGO SUPERIOR EN ELECTROMEC\u00c1NICA<\/p><p>Modalidad de aprendizaje:\u00a0 \u00a0 \u00a0 \u00a0 \u00a0 \u00a0 \u00a0INTENSIVO<\/p><p>N\u00famero de per\u00edodos ordinarios:\u00a0 \u00a0 4<\/p><p>Objetivo general:<\/p><ul><li>Formar al Tecn\u00f3logo Superior en Electromec\u00e1nica en el dise\u00f1o e implementaci\u00f3n de sistemas electromec\u00e1nicos y de accionamiento el\u00e9ctrico, sistemas t\u00e9rmicos e hidr\u00e1ulicos, sistemas el\u00e9ctricos y equipos mec\u00e1nicos aplicando normas de mantenimiento y seguridad industrial, contribuyendo al desarrollo productivo, industrial y econ\u00f3mico del pa\u00eds<\/li><\/ul><p>Perfil de ingreso:<\/p><ul><li>El aspirante a la carrera de Tecnolog\u00eda Superior en Electromec\u00e1nica de la Uleam deber\u00e1 demostrar en su prueba de aptitud vocaci\u00f3n por la electromec\u00e1nica como profesi\u00f3n, la misma que coadyube a una mejor comprensi\u00f3n de los temas inherentes a las tecnolog\u00edas el\u00e9ctricas, tecnolog\u00edas mec\u00e1nicas y las tecnolog\u00edas de automatizaci\u00f3n; donde su creatividad, habilidad y su pasi\u00f3n le permita integrar el control de tecnolog\u00edas el\u00e9ctricas, el manejo de tecnolog\u00edas mec\u00e1nicas y la implementaci\u00f3n de automatismos para su incorporaci\u00f3n en diversas actividades<\/li><\/ul><p>\u00a0Requisitos de ingreso:<\/p><ul><li>Poseer t\u00edtulo de bachiller o su equivalente, de conformidad con la Ley.<\/li><li>Haber cumplido los requisitos normados por el Sistema de Nivelaci\u00f3n y Admisi\u00f3n.<\/li><li>Para casos de movilidad interna o externa cumplir con los requisitos establecidos en el Art. 96 del Reglamento de R\u00e9gimen Acad\u00e9mico para cambios<\/li><li>En caso de ser t\u00edtulo extranjero, deber\u00e1 presentar la resoluci\u00f3n de homologaci\u00f3n del t\u00edtulo y los documentos debidamente apostillados<\/li><\/ul><p>\u00a0 Requisitos de graduaci\u00f3n:<\/p><ul><li>Haber aprobado todas las asignaturas del plan curricular de la carrera.<\/li><li>Aprobaci\u00f3n de la suficiencia de la lengua extranjera seg\u00fan lo que indica el Reglamento de R\u00e9gimen Acad\u00e9mico (Nivel A2 del Marco Com\u00fan Europeo, como\u00a0requisito para la matriculaci\u00f3n \u00faltimo ciclo). Para la formaci\u00f3n tecnol\u00f3gica superior, el estudiante debe aprobar el nivel A2, lo que representa aprobar cursos\u00a0correspondientes al nivel A2. Tambi\u00e9n puede optar por un examen de suficiencia. El estudiante debe matricularse para los cursos acerc\u00e1ndose al Centro de\u00a0Idiomas que funciona de acuerdo con la normativa institucional.<\/li><li>Cumplir con las opciones de aprobaci\u00f3n de la unidad de integraci\u00f3n curricular de conformidad con lo que establece el Reglamento Interno de R\u00e9gimen Acad\u00e9mico<\/li><li>Acreditar el cumplimiento de los requisitos establecidos en la Ley Org\u00e1nica de Educaci\u00f3n Superior en lo referente a pr\u00e1cticas laborales y de servicio comunitario de acuerdo con lo aprobado en el proyecto de carrera<\/li><\/ul><p>Modalidades de titulaci\u00f3n:<\/p><ul><li>Examen de car\u00e1cter complexivo<\/li><li>Desarrollo de un trabajo de integraci\u00f3n curricular<\/li><\/ul><p>\u00a0Campo Ocupacional<\/p><ul><li>En lo referente a la demanda ocupacional, de acuerdo con la informaci\u00f3n obtenida y detallada en el Anexo 4.1, la carrera Tecnolog\u00eda Superior en Electromec\u00e1nica est\u00e1 orientada a la formaci\u00f3n de profesionales que puedan actuar en los siguientes escenarios laborales:<\/li><li>Fortalecimiento de la cadena productiva pesquera y acu\u00edcola, mediante el mantenimiento preventivo y correctivo de los equipos e implementos con componentes electromec\u00e1nicos utilizados en estas actividades; tales como: bombas, equipos de aireaci\u00f3n de agua, retro excavadoras, volquetes, tractores, entre otros.<\/li><li>Soporte a las actividades tur\u00edsticas y dem\u00e1s, que empleen buses de transporte, busetas, lanchas, barcos, motos acu\u00e1ticas, motocicletas de diferente tipo, entre otros, que cuentan con componentes electromec\u00e1nicos y que necesitan de un mantenimiento apropiado y planificado para brindar seguridad y calidad de servicio al usuario.<\/li><li>Potenciamiento, mantenimiento e innovaci\u00f3n de los equipos y m\u00e1quinas utilizadas para la producci\u00f3n y tambi\u00e9n para agregar valor a los diversos productos primarios, y brindar servicios de calidad, tanto en el \u00e1mbito privado como p\u00fablico, desde el mantenimiento de un veh\u00edculo particular hasta el potenciamiento de maquinarias que sirvan para la producci\u00f3n y la industria, priorizando la calidad del servicio y la sostenibilidad ambiental en sus actividades.<\/li><\/ul><p>Perfil profesional<\/p><ul><li>El tecn\u00f3logo superior en electromec\u00e1nica es un profesional capaz de dise\u00f1ar e implementar sistemas electromec\u00e1nicos y de accionamiento el\u00e9ctrico; sistemas t\u00e9rmicos e hidr\u00e1ulicos, sistemas el\u00e9ctricos y equipos mec\u00e1nicos aplicando normas de mantenimiento y seguridad industrial contribuyendo al desarrollo productivo, industrial y econ\u00f3mico del pa\u00eds. Este profesional se distingue por sus principios \u00e9ticos y capacidad creativa e innovadora en sus actividades laborales.<\/li><\/ul><\/div>\n\t\t\t\t\t\t\t\t\t<div class=\"elementor-tab-title elementor-tab-mobile-title\" aria-selected=\"false\" data-tab=\"2\" role=\"tab\" tabindex=\"-1\" aria-controls=\"elementor-tab-content-1432\" aria-expanded=\"false\">Malla Curricular<\/div>\n\t\t\t\t\t<div id=\"elementor-tab-content-1432\" class=\"elementor-tab-content elementor-clearfix\" data-tab=\"2\" role=\"tabpanel\" aria-labelledby=\"elementor-tab-title-1432\" tabindex=\"0\" hidden=\"hidden\"><p><a href=\"https:\/\/carreras.uleam.edu.ec\/extension-pedernales\/wp-content\/uploads\/sites\/80\/2023\/01\/1016_27329_malla_curricular_f.pdf\" target=\"_blank\" rel=\"noopener\"><img loading=\"lazy\" decoding=\"async\" class=\"alignnone wp-image-297 size-large\" src=\"https:\/\/carreras.uleam.edu.ec\/extension-pedernales\/wp-content\/uploads\/sites\/80\/2023\/01\/MALLA-ELECTROMECACINA-PEDERNALES-740x1024.png\" alt=\"\" width=\"740\" height=\"1024\" srcset=\"https:\/\/carreras.uleam.edu.ec\/extension-pedernales\/wp-content\/uploads\/sites\/80\/2023\/01\/MALLA-ELECTROMECACINA-PEDERNALES-740x1024.png 740w, https:\/\/carreras.uleam.edu.ec\/extension-pedernales\/wp-content\/uploads\/sites\/80\/2023\/01\/MALLA-ELECTROMECACINA-PEDERNALES-217x300.png 217w, https:\/\/carreras.uleam.edu.ec\/extension-pedernales\/wp-content\/uploads\/sites\/80\/2023\/01\/MALLA-ELECTROMECACINA-PEDERNALES-768x1063.png 768w, https:\/\/carreras.uleam.edu.ec\/extension-pedernales\/wp-content\/uploads\/sites\/80\/2023\/01\/MALLA-ELECTROMECACINA-PEDERNALES-1110x1536.png 1110w, https:\/\/carreras.uleam.edu.ec\/extension-pedernales\/wp-content\/uploads\/sites\/80\/2023\/01\/MALLA-ELECTROMECACINA-PEDERNALES-1480x2048.png 1480w\" sizes=\"auto, (max-width: 740px) 100vw, 740px\" \/><\/a><\/p><\/div>\n\t\t\t\t\t\t\t\t\t<div class=\"elementor-tab-title elementor-tab-mobile-title\" aria-selected=\"false\" data-tab=\"3\" role=\"tab\" tabindex=\"-1\" aria-controls=\"elementor-tab-content-1433\" aria-expanded=\"false\">Docentes<\/div>\n\t\t\t\t\t<div id=\"elementor-tab-content-1433\" class=\"elementor-tab-content elementor-clearfix\" data-tab=\"3\" role=\"tabpanel\" aria-labelledby=\"elementor-tab-title-1433\" tabindex=\"0\" hidden=\"hidden\"><ul><li>Ing. Patricio Medranda<\/li><li>Ing. Nicol\u00e1s Giler<\/li><li>Ing. Jos\u00e9 Ulloa<\/li><\/ul><\/div>\n\t\t\t\t\t\t\t\t\t<div class=\"elementor-tab-title elementor-tab-mobile-title\" aria-selected=\"false\" data-tab=\"4\" role=\"tab\" tabindex=\"-1\" aria-controls=\"elementor-tab-content-1434\" aria-expanded=\"false\">Datos Generales<\/div>\n\t\t\t\t\t<div id=\"elementor-tab-content-1434\" class=\"elementor-tab-content elementor-clearfix\" data-tab=\"4\" role=\"tabpanel\" aria-labelledby=\"elementor-tab-title-1434\" tabindex=\"0\" hidden=\"hidden\"><ul><li style=\"text-align: center\">Ing. Luis Delgado \u00c1lvarez.<\/li><li style=\"text-align: center\">Coordinador de la carrera<\/li><li style=\"text-align: center\"><a href=\"mailto:luisi.delgado@uleam.edu.ec\">luisi.delgado@uleam.edu.ec<\/a><br \/><hr \/><p>SECRETARIA<\/p><\/li><li style=\"text-align: center\">Email:<br \/><hr \/><p>Lunes a Viernes<\/p><\/li><li style=\"text-align: center\">08:00 &#8211; 13:00 &#8211; 14:00 &#8211; 17:00<\/li><\/ul><\/div>\n\t\t\t\t\t\t\t\t\t<div class=\"elementor-tab-title elementor-tab-mobile-title\" aria-selected=\"false\" data-tab=\"5\" role=\"tab\" tabindex=\"-1\" aria-controls=\"elementor-tab-content-1435\" aria-expanded=\"false\">Gesti\u00f3n y Proceso Estudiantil<\/div>\n\t\t\t\t\t<div id=\"elementor-tab-content-1435\" class=\"elementor-tab-content elementor-clearfix\" data-tab=\"5\" role=\"tabpanel\" aria-labelledby=\"elementor-tab-title-1435\" tabindex=\"0\" hidden=\"hidden\"><ul><li>\u21d2\u00a0Pr\u00e1cticas Pre-profesionales<\/li><li>\u21d2 <a href=\"https:\/\/departamentos.uleam.edu.ec\/gestion-aseguramiento-calidad\/2019\/04\/08\/matricula\/\">Matr\u00edcula<\/a><\/li><li>\u21d2 <a href=\"https:\/\/departamentos.uleam.edu.ec\/gestion-aseguramiento-calidad\/reingreso-de-estudiantes\/\">Reingreso de estudiantes<\/a><\/li><li>\u21d2 <a href=\"https:\/\/departamentos.uleam.edu.ec\/gestion-aseguramiento-calidad\/homologacion-de-estudios-por-analisis-comparativo-de-contenidos\/\">Homologaci\u00f3n de Estudios por An\u00e1lisis Comparativo de Contenidos<\/a><\/li><\/ul><\/div>\n\t\t\t\t\t\t\t<\/div>\n\t\t<\/div>\n\t\t\t\t<\/div>\n\t\t\t\t<\/div>\n\t\t\t\t\t<\/div>\n\t\t<\/div>\n\t\t\t\t\t\t\t<\/div>\n\t\t<\/section>\n\t\t\t\t\t\t<\/div>\n\t\t\t\t\t<\/div>\n\t\t","protected":false},"excerpt":{"rendered":"<p>Descripci\u00f3n General de la Carrera Malla Curricular Docentes Datos Generales Gesti\u00f3n y Proceso Estudiantil Descripci\u00f3n General de la Carrera Nombre de la Carrera:\u00a0 \u00a0 \u00a0 \u00a0 \u00a0 \u00a0 \u00a0 \u00a0 \u00a0 \u00a0 TECNOLOG\u00cdA SUPERIOR EN ELECTROMEC\u00c1NICA T\u00edtulo que otorga:\u00a0 \u00a0 [&hellip;]<\/p>\n","protected":false},"author":7,"featured_media":0,"parent":0,"menu_order":0,"comment_status":"closed","ping_status":"closed","template":"","meta":{"_acf_changed":false,"footnotes":""},"class_list":["post-12","page","type-page","status-publish","hentry"],"acf":[],"_links":{"self":[{"href":"https:\/\/carreras.uleam.edu.ec\/extension-pedernales\/wp-json\/wp\/v2\/pages\/12","targetHints":{"allow":["GET"]}}],"collection":[{"href":"https:\/\/carreras.uleam.edu.ec\/extension-pedernales\/wp-json\/wp\/v2\/pages"}],"about":[{"href":"https:\/\/carreras.uleam.edu.ec\/extension-pedernales\/wp-json\/wp\/v2\/types\/page"}],"author":[{"embeddable":true,"href":"https:\/\/carreras.uleam.edu.ec\/extension-pedernales\/wp-json\/wp\/v2\/users\/7"}],"replies":[{"embeddable":true,"href":"https:\/\/carreras.uleam.edu.ec\/extension-pedernales\/wp-json\/wp\/v2\/comments?post=12"}],"version-history":[{"count":19,"href":"https:\/\/carreras.uleam.edu.ec\/extension-pedernales\/wp-json\/wp\/v2\/pages\/12\/revisions"}],"predecessor-version":[{"id":438,"href":"https:\/\/carreras.uleam.edu.ec\/extension-pedernales\/wp-json\/wp\/v2\/pages\/12\/revisions\/438"}],"wp:attachment":[{"href":"https:\/\/carreras.uleam.edu.ec\/extension-pedernales\/wp-json\/wp\/v2\/media?parent=12"}],"curies":[{"name":"wp","href":"https:\/\/api.w.org\/{rel}","templated":true}]}}