{"id":13,"date":"2022-09-09T02:02:39","date_gmt":"2022-09-09T02:02:39","guid":{"rendered":"https:\/\/carreras.uleam.edu.ec\/extension-pedernales\/?page_id=13"},"modified":"2025-03-14T21:38:41","modified_gmt":"2025-03-14T21:38:41","slug":"carrera-de-turismo-extension-pedernales","status":"publish","type":"page","link":"https:\/\/carreras.uleam.edu.ec\/extension-pedernales\/carrera-de-turismo-extension-pedernales\/","title":{"rendered":"Carrera Turismo"},"content":{"rendered":"\t\t<div data-elementor-type=\"wp-page\" data-elementor-id=\"13\" class=\"elementor elementor-13\" data-elementor-settings=\"[]\">\n\t\t\t\t\t\t\t<div class=\"elementor-section-wrap\">\n\t\t\t\t\t\t\t<section class=\"elementor-section elementor-top-section elementor-element elementor-element-2db428b elementor-section-boxed elementor-section-height-default elementor-section-height-default\" data-id=\"2db428b\" data-element_type=\"section\">\n\t\t\t\t\t\t<div class=\"elementor-container elementor-column-gap-default\">\n\t\t\t\t\t<div class=\"elementor-column elementor-col-100 elementor-top-column elementor-element elementor-element-2de3432\" data-id=\"2de3432\" data-element_type=\"column\">\n\t\t\t<div class=\"elementor-widget-wrap elementor-element-populated\">\n\t\t\t\t\t\t\t\t<div class=\"elementor-element elementor-element-0db3e01 elementor-tabs-view-horizontal elementor-widget elementor-widget-tabs\" data-id=\"0db3e01\" data-element_type=\"widget\" data-widget_type=\"tabs.default\">\n\t\t\t\t<div class=\"elementor-widget-container\">\n\t\t\t\t\t<div class=\"elementor-tabs\">\n\t\t\t<div class=\"elementor-tabs-wrapper\" role=\"tablist\" >\n\t\t\t\t\t\t\t\t\t<div id=\"elementor-tab-title-1431\" class=\"elementor-tab-title elementor-tab-desktop-title\" aria-selected=\"true\" data-tab=\"1\" role=\"tab\" tabindex=\"0\" aria-controls=\"elementor-tab-content-1431\" aria-expanded=\"false\">Descripci\u00f3n General de la Carrera<\/div>\n\t\t\t\t\t\t\t\t\t<div id=\"elementor-tab-title-1432\" class=\"elementor-tab-title elementor-tab-desktop-title\" aria-selected=\"false\" data-tab=\"2\" role=\"tab\" tabindex=\"-1\" aria-controls=\"elementor-tab-content-1432\" aria-expanded=\"false\">Malla Curricular<\/div>\n\t\t\t\t\t\t\t\t\t<div id=\"elementor-tab-title-1433\" class=\"elementor-tab-title elementor-tab-desktop-title\" aria-selected=\"false\" data-tab=\"3\" role=\"tab\" tabindex=\"-1\" aria-controls=\"elementor-tab-content-1433\" aria-expanded=\"false\">Docentes<\/div>\n\t\t\t\t\t\t\t\t\t<div id=\"elementor-tab-title-1434\" class=\"elementor-tab-title elementor-tab-desktop-title\" aria-selected=\"false\" data-tab=\"4\" role=\"tab\" tabindex=\"-1\" aria-controls=\"elementor-tab-content-1434\" aria-expanded=\"false\">Datos Generales<\/div>\n\t\t\t\t\t\t\t\t\t<div id=\"elementor-tab-title-1435\" class=\"elementor-tab-title elementor-tab-desktop-title\" aria-selected=\"false\" data-tab=\"5\" role=\"tab\" tabindex=\"-1\" aria-controls=\"elementor-tab-content-1435\" aria-expanded=\"false\">Gesti\u00f3n y Proceso Estudiantil<\/div>\n\t\t\t\t\t\t\t<\/div>\n\t\t\t<div class=\"elementor-tabs-content-wrapper\" role=\"tablist\" aria-orientation=\"vertical\">\n\t\t\t\t\t\t\t\t\t<div class=\"elementor-tab-title elementor-tab-mobile-title\" aria-selected=\"true\" data-tab=\"1\" role=\"tab\" tabindex=\"0\" aria-controls=\"elementor-tab-content-1431\" aria-expanded=\"false\">Descripci\u00f3n General de la Carrera<\/div>\n\t\t\t\t\t<div id=\"elementor-tab-content-1431\" class=\"elementor-tab-content elementor-clearfix\" data-tab=\"1\" role=\"tabpanel\" aria-labelledby=\"elementor-tab-title-1431\" tabindex=\"0\" hidden=\"false\"><p>Nombre de la Carrera:\u00a0 Turismo<\/p><p>Titulaci\u00f3n: Licenciado\/a en Turismo<\/p><p>Modalidad de estudios\/aprendizaje: Presencial<\/p><p>N\u00famero de per\u00edodos acad\u00e9micos ordinarios: 8<\/p><p>Objetivo general<\/p><ul><li>Formar profesionales conscientes y responsables, capaces de gestionar productos tur\u00edsticos a trav\u00e9s de un proceso formativo integral, que respondan a las necesidades de los diversos contextos sociales, econ\u00f3micos, culturales y medioambientales, con el fin de aportar estrategias innovadoras para la consecuci\u00f3n del desarrollo sostenible, basados en las pol\u00edticas establecidas en el Plan Nacional de Desarrollo toda una vida.<\/li><\/ul><p>Objetivos espec\u00edficos<\/p><ul><li>Profesionalizar al estudiante de la carrera de Turismo direccionando su aprendizaje a la materia tur\u00edstica, en lengua extranjera (ingl\u00e9s) y el conocimiento cient\u00edfico, que posibiliten desarrollar su capacidad de emprendimiento y proyecci\u00f3n.<\/li><li>Dise\u00f1ar e innovar propuestas de organizaciones, servicios y productos tur\u00edsticos que permitan mejorar el desarrollo del mercado tur\u00edstico y su entorno a trav\u00e9s del emprendimiento.<\/li><li>Formar profesionales capaces e involucrados con el desarrollo sustentable y sostenible del sector tur\u00edstico y entorno social con criterio de pertinencia, bio-conciencia, participaci\u00f3n responsable y honestidad.<\/li><li>Desarrollar en el profesional la capacidad de emitir criterios t\u00e9cnicos sobre territorio y recursos tur\u00edsticos con la aplicaci\u00f3n de herramientas tecnol\u00f3gicas, con el fin de aprovechar y mejorar el patrimonio tur\u00edstico del espacio.<\/li><li>Egresar profesionales con fundamentaci\u00f3n \u00e9tica, comprometidos con el desarrollo humano, ecol\u00f3gico, con respeto a la naturaleza y el fomento de la interculturalidad, equidad, inclusi\u00f3n y diversidad.<\/li><\/ul><p>Requisitos y perfil de ingreso<\/p><p>Perfil de ingreso<\/p><p>Aquellos estudiantes que opten por esta profesi\u00f3n, deben poseer el siguiente perfil de ingreso:<\/p><ul><li>Conocimientos b\u00e1sicos de geograf\u00eda y biodiversidad.<\/li><li>Conocimientos generales en administraci\u00f3n, contabilidad y econom\u00eda.<\/li><li>Habilidad en la comunicaci\u00f3n oral, escrita y digital.<\/li><li>Capacidad de investigaci\u00f3n.<\/li><li>Capacidad de an\u00e1lisis l\u00f3gico y matem\u00e1tico.<\/li><li>Manejo de Tics. &#8211; Conocimiento b\u00e1sico de ingl\u00e9s.<\/li><li>Demostrar inter\u00e9s por su auto-preparaci\u00f3n y formaci\u00f3n profesional.<\/li><li>Trabajar en equipos con diversidad cultural y social<\/li><\/ul><p>Estas habilidades se eval\u00faan a trav\u00e9s del Sistema Nacional de Nivelaci\u00f3n y Admisi\u00f3n en el examen integrado EAES o el mecanismo que a futuro se considere para el proceso<\/p><p>Requisitos de ingreso<\/p><p>Descripci\u00f3n<\/p><ul><li>Poseer t\u00edtulo de bachiller o su equivalente, de conformidad con la Ley.<\/li><li>Haber cumplido los requisitos normados por el Sistema de Nivelaci\u00f3n y Admisi\u00f3n, el mismo que observar\u00e1 los principios de igualdad de oportunidades, m\u00e9rito y capacidad.<\/li><li>Adjuntar dos fotos tama\u00f1o carn\u00e9 a color.<\/li><li>Adjuntar copia de c\u00e9dula de ciudadan\u00eda para estudiantes nacionales; Pasaporte y documentos que autorizan la permanencia en el pa\u00eds, para estudiantes extranjeros.<\/li><li>De ser el caso, haber cumplido con los tr\u00e1mites determinados para el reconocimiento y homologaci\u00f3n de estudios en una universidad o escuela polit\u00e9cnica en el pa\u00eds o el extranjero.<\/li><li>Adjuntar solicitud de matr\u00edcula.<\/li><li>Cumplir con la entrega de documentaci\u00f3n personal y habilitante en Secretar\u00eda General<\/li><\/ul><p>En casos especiales, adjuntar certificados de reconocimiento y homologaci\u00f3n de estudios de otras IES de conformidad con el Art\u00edculo 98 y 99 del Reglamento de R\u00e9gimen Acad\u00e9mico<\/p><p>Perfil de egreso y profesional<\/p><p>\u00bfQu\u00e9 resultados de aprendizaje y competencias profesionales son necesarias para el futuro desempe\u00f1o profesional?<\/p><p>El egresado de la carrera de Turismo de la ULEAM ser\u00e1 un profesional resiliente con capacidad de desarrollar competencias que le permita desenvolverse en m\u00e1s de una esfera de actuaci\u00f3n, desde las empresas privadas o p\u00fablicas que se especializan en la planificaci\u00f3n, desarrollo y comercializaci\u00f3n de destinos tur\u00edsticos, en los cuales su participaci\u00f3n y consolidaci\u00f3n de conocimientos, habilidades, destrezas y valores se traduce en el desempe\u00f1o de actividades de manera integral dando respuestas a los mercados nacionales e internacionales con propuestas e ideas innovadoras<\/p><p>\u00bfQu\u00e9 resultados de aprendizaje relacionados con el manejo de m\u00e9todos, metodolog\u00edas, modelos, protocolos, procesos y procedimientos de car\u00e1cter profesional e investigativo se garantizar\u00e1n en la implementaci\u00f3n de la carrera\/programa?<\/p><p>El egresado de la carrera ser\u00e1 capaz de promover el desarrollo integral de herramientas te\u00f3ricas y metodol\u00f3gicas que le permitan implementar proyectos de innovaci\u00f3n, investigaci\u00f3n y emprendimiento en el \u00e1mbito de la cadena de valor del turismo, donde se podr\u00e1n realizar investigaciones exploratoria, descriptiva, explicativa y correlacional, que aporten al desarrollo de nuevos productos tur\u00edsticos, la recuperaci\u00f3n de destinos tur\u00edsticos en declive, la creaci\u00f3n de nuevas empresas tur\u00edsticas, todo esto enmarcado dentro del paradigma de la sostenibilidad.<\/p><p>\u00bfC\u00f3mo contribuir\u00e1 el futuro profesional al mejoramiento de la calidad de vida, el medio ambiente, el desarrollo productivo y la preservaci\u00f3n, difusi\u00f3n y enriquecimiento de las culturas y saberes?<\/p><p>El egresado de la carrera de Turismo tendr\u00e1 la capacidad de generar acciones de compromiso social conscientes y responsables con la regi\u00f3n y el pa\u00eds, para promover el desarrollo local y nacional del turismo en todas sus aristas con sentido de preservaci\u00f3n del patrimonio, saberes ancestrales propios de cada uno de los rincones del pa\u00eds, y en base a ellos se propicie la generaci\u00f3n de proyectos innovadores sostenibles enmarcados en el respeto a la biodiversidad, la revaloraci\u00f3n de los recursos, a trav\u00e9s de procesos de integralidad social, cultural, sostenible y econ\u00f3mica con resultados que contribuyan al desarrollo humano \u2013 natural \u2013 productivo \u2013 territorial \u2013 sostenibles.<\/p><p>\u00bfCu\u00e1les son los valores y los principios, en el marco de un enfoque de derechos, igualdad e interculturalidad y pensamiento universal, cr\u00edtico y creativo, que se promover\u00e1n en la formaci\u00f3n profesional que ofrece la carrera?<\/p><p>El egresado de la carrera de Turismo actuar\u00e1 dentro de valores y principios ligados al compromiso social, consciente y responsable con las realidades de la regi\u00f3n y el pa\u00eds, es decir, profesionales honestos, solidarios, responsables, \u00e9ticos, respetuosos, impulsando una actitud reflexiva, cr\u00edtica y anal\u00edtica apegada a principios que fortalezcan el desarrollo personal y profesional<\/p><p>Perfil profesional<\/p><p>El profesional estar\u00e1 formado y capacitado para la gesti\u00f3n, administraci\u00f3n y direcci\u00f3n de instituciones y empresas tur\u00edsticas, as\u00ed como en el desarrollo, comercializaci\u00f3n y promoci\u00f3n de productos y servicios tur\u00edsticos tanto en el \u00e1mbito p\u00fablico como privado. Todo esto, aplicado a la sostenibilidad y orientado a la creaci\u00f3n de nuevas empresas destinadas al \u00e1mbito tur\u00edstico. En ese orden de ideas, el profesional en turismo podr\u00e1 insertarse laboralmente en escenarios urbanos y rurales consciente de su aporte significativo al desarrollo de estos territorios<\/p><p>Requisitos de titulaci\u00f3n<\/p><p>Descripci\u00f3n<\/p><ul><li>Aprobar la malla curricular.<\/li><li>Aprobar las horas de pr\u00e1cticas pre-profesionales y vinculaci\u00f3n con la sociedad<\/li><li>Aprobar el nivel de suficiencia del idioma ingl\u00e9s correspondiente al nivel B1 del marco com\u00fan europeo<\/li><li>Acreditar el cumplimiento de los requisitos de titulaci\u00f3n establecidos en la LOES: pr\u00e1cticas laborales y de servicio comunitario seg\u00fan lo aprobado en el proyecto de carrera<\/li><\/ul><p>Trabajos de titulaci\u00f3n<\/p><ul><li>Opciones de aprobaci\u00f3n de la unidad de integraci\u00f3n curricular<\/li><li>Desarrollo de un trabajo de integraci\u00f3n curricular<\/li><\/ul><p>Breve descripci\u00f3n de las opciones de la unidad de integraci\u00f3n curricular (\u00bfqu\u00e9?, \u00bfc\u00f3mo? y duraci\u00f3n)<\/p><p>Examen complexivo, esta modalidad es considerada dentro del Reglamento de R\u00e9gimen Acad\u00e9mico de la Universidad Laica Eloy Alfaro de Manab\u00ed como parte del eslab\u00f3n final en el Proceso de titulaci\u00f3n. El t\u00e9rmino complexivo hace referencia a la complejidad que debe implicar una ruta de salida a los procesos de formaci\u00f3n. Es un examen te\u00f3rico-pr\u00e1ctico que debe guardar correspondencia con los resultados de aprendizaje definidos en el perfil de egreso de los estudiantes<\/p><\/div>\n\t\t\t\t\t\t\t\t\t<div class=\"elementor-tab-title elementor-tab-mobile-title\" aria-selected=\"false\" data-tab=\"2\" role=\"tab\" tabindex=\"-1\" aria-controls=\"elementor-tab-content-1432\" aria-expanded=\"false\">Malla Curricular<\/div>\n\t\t\t\t\t<div id=\"elementor-tab-content-1432\" class=\"elementor-tab-content elementor-clearfix\" data-tab=\"2\" role=\"tabpanel\" aria-labelledby=\"elementor-tab-title-1432\" tabindex=\"0\" hidden=\"hidden\"><p><a href=\"https:\/\/carreras.uleam.edu.ec\/extension-pedernales\/wp-content\/uploads\/sites\/80\/2023\/01\/Malla-Turismo-N.pdf\" target=\"_blank\" rel=\"noopener\"><img loading=\"lazy\" decoding=\"async\" class=\"alignnone wp-image-300 size-large\" src=\"https:\/\/carreras.uleam.edu.ec\/extension-pedernales\/wp-content\/uploads\/sites\/80\/2023\/01\/malla-turismo-pedernales-1024x695.png\" alt=\"\" width=\"1024\" height=\"695\" srcset=\"https:\/\/carreras.uleam.edu.ec\/extension-pedernales\/wp-content\/uploads\/sites\/80\/2023\/01\/malla-turismo-pedernales-1024x695.png 1024w, https:\/\/carreras.uleam.edu.ec\/extension-pedernales\/wp-content\/uploads\/sites\/80\/2023\/01\/malla-turismo-pedernales-300x203.png 300w, https:\/\/carreras.uleam.edu.ec\/extension-pedernales\/wp-content\/uploads\/sites\/80\/2023\/01\/malla-turismo-pedernales-768x521.png 768w, https:\/\/carreras.uleam.edu.ec\/extension-pedernales\/wp-content\/uploads\/sites\/80\/2023\/01\/malla-turismo-pedernales-1536x1042.png 1536w, https:\/\/carreras.uleam.edu.ec\/extension-pedernales\/wp-content\/uploads\/sites\/80\/2023\/01\/malla-turismo-pedernales-2048x1389.png 2048w\" sizes=\"auto, (max-width: 1024px) 100vw, 1024px\" \/><\/a><\/p><\/div>\n\t\t\t\t\t\t\t\t\t<div class=\"elementor-tab-title elementor-tab-mobile-title\" aria-selected=\"false\" data-tab=\"3\" role=\"tab\" tabindex=\"-1\" aria-controls=\"elementor-tab-content-1433\" aria-expanded=\"false\">Docentes<\/div>\n\t\t\t\t\t<div id=\"elementor-tab-content-1433\" class=\"elementor-tab-content elementor-clearfix\" data-tab=\"3\" role=\"tabpanel\" aria-labelledby=\"elementor-tab-title-1433\" tabindex=\"0\" hidden=\"hidden\"><ul><li>Alc\u00edvar Vera Isidro Ignacio, Mg.<\/li><li>Delgado \u00c1lvarez Luis Ignacio, Mg.<\/li><li>Espinel Espinel Luis Eduardo, Mg.<\/li><li>Llorente Zambrano Edwin Alejandro, Mg.<\/li><li>Mera Bravo Eliana Pilar, Mg.<\/li><li>Pastran Calles F\u00e9lix Reinaldo, Ph.D<\/li><li>Salazar Olives Gladys Germania, Mg.<\/li><li>Vera Calder\u00f3n Tatiana Aracely, Mg.<\/li><\/ul><\/div>\n\t\t\t\t\t\t\t\t\t<div class=\"elementor-tab-title elementor-tab-mobile-title\" aria-selected=\"false\" data-tab=\"4\" role=\"tab\" tabindex=\"-1\" aria-controls=\"elementor-tab-content-1434\" aria-expanded=\"false\">Datos Generales<\/div>\n\t\t\t\t\t<div id=\"elementor-tab-content-1434\" class=\"elementor-tab-content elementor-clearfix\" data-tab=\"4\" role=\"tabpanel\" aria-labelledby=\"elementor-tab-title-1434\" tabindex=\"0\" hidden=\"hidden\"><ul><li style=\"text-align: center\">Mg. Isidro Ignacio Alc\u00edvar Vera<\/li><li style=\"text-align: center\">COORDINADOR DE CARRERA<\/li><li style=\"text-align: center\"><a href=\"mailto:isidro.alcivar@uleam.edu.ec\">isidro.alcivar@uleam.edu.ec<\/a>\u00a0<\/li><\/ul><hr \/><ul><li style=\"text-align: center\">Ing. Diana Carolina Cruz Berm\u00fadez<\/li><li style=\"text-align: center\">SECRETARIA<\/li><li style=\"text-align: center\"><a href=\"mailto:diana.cruz@uleam.edu.ec\">diana.cruz@uleam.edu.ec<\/a><\/li><\/ul><hr \/><ul><li style=\"text-align: center\">Horario de atenci\u00f3n:<\/li><li style=\"text-align: center\">08:00 a 13:00<\/li><li style=\"text-align: center\">14:00 a 17:00<\/li><\/ul><\/div>\n\t\t\t\t\t\t\t\t\t<div class=\"elementor-tab-title elementor-tab-mobile-title\" aria-selected=\"false\" data-tab=\"5\" role=\"tab\" tabindex=\"-1\" aria-controls=\"elementor-tab-content-1435\" aria-expanded=\"false\">Gesti\u00f3n y Proceso Estudiantil<\/div>\n\t\t\t\t\t<div id=\"elementor-tab-content-1435\" class=\"elementor-tab-content elementor-clearfix\" data-tab=\"5\" role=\"tabpanel\" aria-labelledby=\"elementor-tab-title-1435\" tabindex=\"0\" hidden=\"hidden\"><ul><li>\u21d2\u00a0Pr\u00e1cticas Pre-profesionales<\/li><li>\u21d2 <a href=\"https:\/\/departamentos.uleam.edu.ec\/gestion-aseguramiento-calidad\/2019\/04\/08\/matricula\/\">Matr\u00edcula<\/a><\/li><li>\u21d2 <a href=\"https:\/\/departamentos.uleam.edu.ec\/gestion-aseguramiento-calidad\/reingreso-de-estudiantes\/\">Reingreso de estudiantes<\/a><\/li><li>\u21d2 <a href=\"https:\/\/departamentos.uleam.edu.ec\/gestion-aseguramiento-calidad\/homologacion-de-estudios-por-analisis-comparativo-de-contenidos\/\">Homologaci\u00f3n de Estudios por An\u00e1lisis Comparativo de Contenidos<\/a><\/li><\/ul><\/div>\n\t\t\t\t\t\t\t<\/div>\n\t\t<\/div>\n\t\t\t\t<\/div>\n\t\t\t\t<\/div>\n\t\t\t\t\t<\/div>\n\t\t<\/div>\n\t\t\t\t\t\t\t<\/div>\n\t\t<\/section>\n\t\t\t\t\t\t<\/div>\n\t\t\t\t\t<\/div>\n\t\t","protected":false},"excerpt":{"rendered":"<p>Descripci\u00f3n General de la Carrera Malla Curricular Docentes Datos Generales Gesti\u00f3n y Proceso Estudiantil Descripci\u00f3n General de la Carrera Nombre de la Carrera:\u00a0 Turismo Titulaci\u00f3n: Licenciado\/a en Turismo Modalidad de estudios\/aprendizaje: Presencial N\u00famero de per\u00edodos acad\u00e9micos ordinarios: 8 Objetivo general [&hellip;]<\/p>\n","protected":false},"author":7,"featured_media":0,"parent":0,"menu_order":0,"comment_status":"closed","ping_status":"closed","template":"","meta":{"_acf_changed":false,"footnotes":""},"class_list":["post-13","page","type-page","status-publish","hentry"],"acf":[],"_links":{"self":[{"href":"https:\/\/carreras.uleam.edu.ec\/extension-pedernales\/wp-json\/wp\/v2\/pages\/13","targetHints":{"allow":["GET"]}}],"collection":[{"href":"https:\/\/carreras.uleam.edu.ec\/extension-pedernales\/wp-json\/wp\/v2\/pages"}],"about":[{"href":"https:\/\/carreras.uleam.edu.ec\/extension-pedernales\/wp-json\/wp\/v2\/types\/page"}],"author":[{"embeddable":true,"href":"https:\/\/carreras.uleam.edu.ec\/extension-pedernales\/wp-json\/wp\/v2\/users\/7"}],"replies":[{"embeddable":true,"href":"https:\/\/carreras.uleam.edu.ec\/extension-pedernales\/wp-json\/wp\/v2\/comments?post=13"}],"version-history":[{"count":23,"href":"https:\/\/carreras.uleam.edu.ec\/extension-pedernales\/wp-json\/wp\/v2\/pages\/13\/revisions"}],"predecessor-version":[{"id":441,"href":"https:\/\/carreras.uleam.edu.ec\/extension-pedernales\/wp-json\/wp\/v2\/pages\/13\/revisions\/441"}],"wp:attachment":[{"href":"https:\/\/carreras.uleam.edu.ec\/extension-pedernales\/wp-json\/wp\/v2\/media?parent=13"}],"curies":[{"name":"wp","href":"https:\/\/api.w.org\/{rel}","templated":true}]}}