{"id":208,"date":"2023-01-12T21:42:39","date_gmt":"2023-01-12T21:42:39","guid":{"rendered":"https:\/\/carreras.uleam.edu.ec\/extension-pedernales\/?page_id=208"},"modified":"2025-03-14T21:33:54","modified_gmt":"2025-03-14T21:33:54","slug":"carrera-educacion-inicial","status":"publish","type":"page","link":"https:\/\/carreras.uleam.edu.ec\/extension-pedernales\/carrera-educacion-inicial\/","title":{"rendered":"Carrera Educaci\u00f3n Inicial"},"content":{"rendered":"\t\t<div data-elementor-type=\"wp-page\" data-elementor-id=\"208\" class=\"elementor elementor-208\" data-elementor-settings=\"[]\">\n\t\t\t\t\t\t\t<div class=\"elementor-section-wrap\">\n\t\t\t\t\t\t\t<section class=\"elementor-section elementor-top-section elementor-element elementor-element-6ab5d88 elementor-section-boxed elementor-section-height-default elementor-section-height-default\" data-id=\"6ab5d88\" data-element_type=\"section\">\n\t\t\t\t\t\t<div class=\"elementor-container elementor-column-gap-default\">\n\t\t\t\t\t<div class=\"elementor-column elementor-col-100 elementor-top-column elementor-element elementor-element-21c3eab\" data-id=\"21c3eab\" data-element_type=\"column\">\n\t\t\t<div class=\"elementor-widget-wrap elementor-element-populated\">\n\t\t\t\t\t\t\t\t<div class=\"elementor-element elementor-element-43ad642 elementor-tabs-view-horizontal elementor-widget elementor-widget-tabs\" data-id=\"43ad642\" data-element_type=\"widget\" data-widget_type=\"tabs.default\">\n\t\t\t\t<div class=\"elementor-widget-container\">\n\t\t\t\t\t<div class=\"elementor-tabs\">\n\t\t\t<div class=\"elementor-tabs-wrapper\" role=\"tablist\" >\n\t\t\t\t\t\t\t\t\t<div id=\"elementor-tab-title-7091\" class=\"elementor-tab-title elementor-tab-desktop-title\" aria-selected=\"true\" data-tab=\"1\" role=\"tab\" tabindex=\"0\" aria-controls=\"elementor-tab-content-7091\" aria-expanded=\"false\">Descripci\u00f3n General de la Carrera<\/div>\n\t\t\t\t\t\t\t\t\t<div id=\"elementor-tab-title-7092\" class=\"elementor-tab-title elementor-tab-desktop-title\" aria-selected=\"false\" data-tab=\"2\" role=\"tab\" tabindex=\"-1\" aria-controls=\"elementor-tab-content-7092\" aria-expanded=\"false\">Malla Curricular<\/div>\n\t\t\t\t\t\t\t\t\t<div id=\"elementor-tab-title-7093\" class=\"elementor-tab-title elementor-tab-desktop-title\" aria-selected=\"false\" data-tab=\"3\" role=\"tab\" tabindex=\"-1\" aria-controls=\"elementor-tab-content-7093\" aria-expanded=\"false\">Docentes<\/div>\n\t\t\t\t\t\t\t\t\t<div id=\"elementor-tab-title-7094\" class=\"elementor-tab-title elementor-tab-desktop-title\" aria-selected=\"false\" data-tab=\"4\" role=\"tab\" tabindex=\"-1\" aria-controls=\"elementor-tab-content-7094\" aria-expanded=\"false\">Datos Generales<\/div>\n\t\t\t\t\t\t\t\t\t<div id=\"elementor-tab-title-7095\" class=\"elementor-tab-title elementor-tab-desktop-title\" aria-selected=\"false\" data-tab=\"5\" role=\"tab\" tabindex=\"-1\" aria-controls=\"elementor-tab-content-7095\" aria-expanded=\"false\">Gesti\u00f3n y Proceso Estudiantil<\/div>\n\t\t\t\t\t\t\t<\/div>\n\t\t\t<div class=\"elementor-tabs-content-wrapper\" role=\"tablist\" aria-orientation=\"vertical\">\n\t\t\t\t\t\t\t\t\t<div class=\"elementor-tab-title elementor-tab-mobile-title\" aria-selected=\"true\" data-tab=\"1\" role=\"tab\" tabindex=\"0\" aria-controls=\"elementor-tab-content-7091\" aria-expanded=\"false\">Descripci\u00f3n General de la Carrera<\/div>\n\t\t\t\t\t<div id=\"elementor-tab-content-7091\" class=\"elementor-tab-content elementor-clearfix\" data-tab=\"1\" role=\"tabpanel\" aria-labelledby=\"elementor-tab-title-7091\" tabindex=\"0\" hidden=\"false\"><p>Carrera: Educaci\u00f3n Inicial<\/p><p>Titulaci\u00f3n: Licenciado\/a en Ciencias de la Educaci\u00f3n Inicial<\/p><p>Modalidad de estudios\/aprendizaje: Presencial<\/p><p>N\u00famero de per\u00edodos acad\u00e9micos ordinarios: 8<\/p><p>Descripci\u00f3n General de la carrera.<\/p><p style=\"padding-left: 40px\">La modalidad de la carrera Educaci\u00f3n Inicial tiene base desde la base en el Art. 71 del Reglamento de R\u00e9gimen Acad\u00e9mico; es decir, la carrera ser\u00e1 de manera presencial donde el proceso de aprendizaje se desarrolle en interacci\u00f3n directa entre el estudiante y el docente, en ambientes de aprendizaje te\u00f3ricos \u2013 pr\u00e1cticos en las mismas instalaciones de la sede, extensi\u00f3n o campus, complementado con plataformas tecnol\u00f3gicas que den soporte al proceso.<\/p><\/div>\n\t\t\t\t\t\t\t\t\t<div class=\"elementor-tab-title elementor-tab-mobile-title\" aria-selected=\"false\" data-tab=\"2\" role=\"tab\" tabindex=\"-1\" aria-controls=\"elementor-tab-content-7092\" aria-expanded=\"false\">Malla Curricular<\/div>\n\t\t\t\t\t<div id=\"elementor-tab-content-7092\" class=\"elementor-tab-content elementor-clearfix\" data-tab=\"2\" role=\"tabpanel\" aria-labelledby=\"elementor-tab-title-7092\" tabindex=\"0\" hidden=\"hidden\"><p><a href=\"https:\/\/carreras.uleam.edu.ec\/extension-pedernales\/wp-content\/uploads\/sites\/80\/2023\/01\/MALLA-NUEVA-EDUCACION.pdf\" target=\"_blank\" rel=\"noopener\"><img loading=\"lazy\" decoding=\"async\" class=\"alignnone wp-image-296 size-large\" src=\"https:\/\/carreras.uleam.edu.ec\/extension-pedernales\/wp-content\/uploads\/sites\/80\/2023\/01\/malla-educacion-inicial-pedernales-1024x634.png\" alt=\"\" width=\"1024\" height=\"634\" srcset=\"https:\/\/carreras.uleam.edu.ec\/extension-pedernales\/wp-content\/uploads\/sites\/80\/2023\/01\/malla-educacion-inicial-pedernales-1024x634.png 1024w, https:\/\/carreras.uleam.edu.ec\/extension-pedernales\/wp-content\/uploads\/sites\/80\/2023\/01\/malla-educacion-inicial-pedernales-300x186.png 300w, https:\/\/carreras.uleam.edu.ec\/extension-pedernales\/wp-content\/uploads\/sites\/80\/2023\/01\/malla-educacion-inicial-pedernales-768x475.png 768w, https:\/\/carreras.uleam.edu.ec\/extension-pedernales\/wp-content\/uploads\/sites\/80\/2023\/01\/malla-educacion-inicial-pedernales-1536x951.png 1536w, https:\/\/carreras.uleam.edu.ec\/extension-pedernales\/wp-content\/uploads\/sites\/80\/2023\/01\/malla-educacion-inicial-pedernales-2048x1267.png 2048w\" sizes=\"auto, (max-width: 1024px) 100vw, 1024px\" \/><\/a><\/p><\/div>\n\t\t\t\t\t\t\t\t\t<div class=\"elementor-tab-title elementor-tab-mobile-title\" aria-selected=\"false\" data-tab=\"3\" role=\"tab\" tabindex=\"-1\" aria-controls=\"elementor-tab-content-7093\" aria-expanded=\"false\">Docentes<\/div>\n\t\t\t\t\t<div id=\"elementor-tab-content-7093\" class=\"elementor-tab-content elementor-clearfix\" data-tab=\"3\" role=\"tabpanel\" aria-labelledby=\"elementor-tab-title-7093\" tabindex=\"0\" hidden=\"hidden\"><ul><li>Avellan Avellan Mayra Carlina, Mg.<\/li><li>Cobe\u00f1a Napa Miguel \u00c1ngel, Mg.<\/li><li>Espinel Espinel Luis Eduardo, Mg.<\/li><li>Pastran Calles F\u00e9lix Reinaldo, Ph.D<\/li><\/ul><\/div>\n\t\t\t\t\t\t\t\t\t<div class=\"elementor-tab-title elementor-tab-mobile-title\" aria-selected=\"false\" data-tab=\"4\" role=\"tab\" tabindex=\"-1\" aria-controls=\"elementor-tab-content-7094\" aria-expanded=\"false\">Datos Generales<\/div>\n\t\t\t\t\t<div id=\"elementor-tab-content-7094\" class=\"elementor-tab-content elementor-clearfix\" data-tab=\"4\" role=\"tabpanel\" aria-labelledby=\"elementor-tab-title-7094\" tabindex=\"0\" hidden=\"hidden\"><div id=\"elementor-tab-content-1434\" class=\"elementor-tab-content elementor-clearfix elementor-active\" role=\"tabpanel\" data-tab=\"4\" aria-labelledby=\"elementor-tab-title-1434\"><p>\u00a0<\/p><ul><li style=\"text-align: center\">Mg. Isidro Ignacio Alc\u00edvar Vera<\/li><li style=\"text-align: center\">COORDINADOR DE CARRERA<\/li><li style=\"text-align: center\"><a href=\"mailto:isidro.alcivar@uleam.edu.ec\">isidro.alcivar@uleam.edu.ec<\/a><\/li><\/ul><hr \/><ul><li style=\"text-align: center\">Ing. Diana Carolina Cruz Berm\u00fadez<\/li><li style=\"text-align: center\">SECRETARIA<\/li><li style=\"text-align: center\"><a href=\"mailto:diana.cruz@uleam.edu.ec\">diana.cruz@uleam.edu.ec<\/a><\/li><\/ul><hr \/><ul><li style=\"text-align: center\">Horario de atenci\u00f3n:<\/li><li style=\"text-align: center\">08:00 a 13:00<\/li><li style=\"text-align: center\">14:00 a 17:00<\/li><\/ul><\/div><\/div>\n\t\t\t\t\t\t\t\t\t<div class=\"elementor-tab-title elementor-tab-mobile-title\" aria-selected=\"false\" data-tab=\"5\" role=\"tab\" tabindex=\"-1\" aria-controls=\"elementor-tab-content-7095\" aria-expanded=\"false\">Gesti\u00f3n y Proceso Estudiantil<\/div>\n\t\t\t\t\t<div id=\"elementor-tab-content-7095\" class=\"elementor-tab-content elementor-clearfix\" data-tab=\"5\" role=\"tabpanel\" aria-labelledby=\"elementor-tab-title-7095\" tabindex=\"0\" hidden=\"hidden\"><ul><li>\u21d2\u00a0Pr\u00e1cticas Pre-profesionales<\/li><li>\u21d2 <a href=\"https:\/\/departamentos.uleam.edu.ec\/gestion-aseguramiento-calidad\/2019\/04\/08\/matricula\/\">Matr\u00edcula<\/a><\/li><li>\u21d2 <a href=\"https:\/\/departamentos.uleam.edu.ec\/gestion-aseguramiento-calidad\/reingreso-de-estudiantes\/\">Reingreso de estudiantes<\/a><\/li><li>\u21d2 <a href=\"https:\/\/departamentos.uleam.edu.ec\/gestion-aseguramiento-calidad\/homologacion-de-estudios-por-analisis-comparativo-de-contenidos\/\">Homologaci\u00f3n de Estudios por An\u00e1lisis Comparativo de Contenidos<\/a><\/li><\/ul><\/div>\n\t\t\t\t\t\t\t<\/div>\n\t\t<\/div>\n\t\t\t\t<\/div>\n\t\t\t\t<\/div>\n\t\t\t\t\t<\/div>\n\t\t<\/div>\n\t\t\t\t\t\t\t<\/div>\n\t\t<\/section>\n\t\t\t\t\t\t<\/div>\n\t\t\t\t\t<\/div>\n\t\t","protected":false},"excerpt":{"rendered":"<p>Descripci\u00f3n General de la Carrera Malla Curricular Docentes Datos Generales Gesti\u00f3n y Proceso Estudiantil Descripci\u00f3n General de la Carrera Carrera: Educaci\u00f3n Inicial Titulaci\u00f3n: Licenciado\/a en Ciencias de la Educaci\u00f3n Inicial Modalidad de estudios\/aprendizaje: Presencial N\u00famero de per\u00edodos acad\u00e9micos ordinarios: 8 [&hellip;]<\/p>\n","protected":false},"author":7,"featured_media":0,"parent":0,"menu_order":0,"comment_status":"closed","ping_status":"closed","template":"","meta":{"_acf_changed":false,"footnotes":""},"class_list":["post-208","page","type-page","status-publish","hentry"],"acf":[],"_links":{"self":[{"href":"https:\/\/carreras.uleam.edu.ec\/extension-pedernales\/wp-json\/wp\/v2\/pages\/208","targetHints":{"allow":["GET"]}}],"collection":[{"href":"https:\/\/carreras.uleam.edu.ec\/extension-pedernales\/wp-json\/wp\/v2\/pages"}],"about":[{"href":"https:\/\/carreras.uleam.edu.ec\/extension-pedernales\/wp-json\/wp\/v2\/types\/page"}],"author":[{"embeddable":true,"href":"https:\/\/carreras.uleam.edu.ec\/extension-pedernales\/wp-json\/wp\/v2\/users\/7"}],"replies":[{"embeddable":true,"href":"https:\/\/carreras.uleam.edu.ec\/extension-pedernales\/wp-json\/wp\/v2\/comments?post=208"}],"version-history":[{"count":16,"href":"https:\/\/carreras.uleam.edu.ec\/extension-pedernales\/wp-json\/wp\/v2\/pages\/208\/revisions"}],"predecessor-version":[{"id":437,"href":"https:\/\/carreras.uleam.edu.ec\/extension-pedernales\/wp-json\/wp\/v2\/pages\/208\/revisions\/437"}],"wp:attachment":[{"href":"https:\/\/carreras.uleam.edu.ec\/extension-pedernales\/wp-json\/wp\/v2\/media?parent=208"}],"curies":[{"name":"wp","href":"https:\/\/api.w.org\/{rel}","templated":true}]}}