{"id":7,"date":"2022-09-09T02:00:02","date_gmt":"2022-09-09T02:00:02","guid":{"rendered":"https:\/\/carreras.uleam.edu.ec\/extension-pedernales\/?page_id=7"},"modified":"2025-03-14T21:24:57","modified_gmt":"2025-03-14T21:24:57","slug":"carrera-de-administracion-de-empresas-extension-pedernales","status":"publish","type":"page","link":"https:\/\/carreras.uleam.edu.ec\/extension-pedernales\/carrera-de-administracion-de-empresas-extension-pedernales\/","title":{"rendered":"Carrera Administraci\u00f3n de Empresas"},"content":{"rendered":"\t\t<div data-elementor-type=\"wp-page\" data-elementor-id=\"7\" class=\"elementor elementor-7\" data-elementor-settings=\"[]\">\n\t\t\t\t\t\t\t<div class=\"elementor-section-wrap\">\n\t\t\t\t\t\t\t<section class=\"elementor-section elementor-top-section elementor-element elementor-element-4825383 elementor-section-boxed elementor-section-height-default elementor-section-height-default\" data-id=\"4825383\" data-element_type=\"section\">\n\t\t\t\t\t\t<div class=\"elementor-container elementor-column-gap-default\">\n\t\t\t\t\t<div class=\"elementor-column elementor-col-100 elementor-top-column elementor-element elementor-element-84acb17\" data-id=\"84acb17\" data-element_type=\"column\">\n\t\t\t<div class=\"elementor-widget-wrap elementor-element-populated\">\n\t\t\t\t\t\t\t\t<div class=\"elementor-element elementor-element-8aaac88 elementor-tabs-view-horizontal elementor-widget elementor-widget-tabs\" data-id=\"8aaac88\" data-element_type=\"widget\" data-widget_type=\"tabs.default\">\n\t\t\t\t<div class=\"elementor-widget-container\">\n\t\t\t\t\t<div class=\"elementor-tabs\">\n\t\t\t<div class=\"elementor-tabs-wrapper\" role=\"tablist\" >\n\t\t\t\t\t\t\t\t\t<div id=\"elementor-tab-title-1451\" class=\"elementor-tab-title elementor-tab-desktop-title\" aria-selected=\"true\" data-tab=\"1\" role=\"tab\" tabindex=\"0\" aria-controls=\"elementor-tab-content-1451\" aria-expanded=\"false\">Descripci\u00f3n General de la Carrera<\/div>\n\t\t\t\t\t\t\t\t\t<div id=\"elementor-tab-title-1452\" class=\"elementor-tab-title elementor-tab-desktop-title\" aria-selected=\"false\" data-tab=\"2\" role=\"tab\" tabindex=\"-1\" aria-controls=\"elementor-tab-content-1452\" aria-expanded=\"false\">Malla Curricular<\/div>\n\t\t\t\t\t\t\t\t\t<div id=\"elementor-tab-title-1453\" class=\"elementor-tab-title elementor-tab-desktop-title\" aria-selected=\"false\" data-tab=\"3\" role=\"tab\" tabindex=\"-1\" aria-controls=\"elementor-tab-content-1453\" aria-expanded=\"false\">Docentes<\/div>\n\t\t\t\t\t\t\t\t\t<div id=\"elementor-tab-title-1454\" class=\"elementor-tab-title elementor-tab-desktop-title\" aria-selected=\"false\" data-tab=\"4\" role=\"tab\" tabindex=\"-1\" aria-controls=\"elementor-tab-content-1454\" aria-expanded=\"false\">Datos Generales<\/div>\n\t\t\t\t\t\t\t\t\t<div id=\"elementor-tab-title-1455\" class=\"elementor-tab-title elementor-tab-desktop-title\" aria-selected=\"false\" data-tab=\"5\" role=\"tab\" tabindex=\"-1\" aria-controls=\"elementor-tab-content-1455\" aria-expanded=\"false\">Gesti\u00f3n y Proceso Estudiantil<\/div>\n\t\t\t\t\t\t\t<\/div>\n\t\t\t<div class=\"elementor-tabs-content-wrapper\" role=\"tablist\" aria-orientation=\"vertical\">\n\t\t\t\t\t\t\t\t\t<div class=\"elementor-tab-title elementor-tab-mobile-title\" aria-selected=\"true\" data-tab=\"1\" role=\"tab\" tabindex=\"0\" aria-controls=\"elementor-tab-content-1451\" aria-expanded=\"false\">Descripci\u00f3n General de la Carrera<\/div>\n\t\t\t\t\t<div id=\"elementor-tab-content-1451\" class=\"elementor-tab-content elementor-clearfix\" data-tab=\"1\" role=\"tabpanel\" aria-labelledby=\"elementor-tab-title-1451\" tabindex=\"0\" hidden=\"false\"><p>Nombre de la carrera:\u00a0 \u00a0 \u00a0 \u00a0 \u00a0 \u00a0 \u00a0 \u00a0 \u00a0 \u00a0 \u00a0 Administraci\u00f3n de Empresas<\/p><p>T\u00edtulo que otorga:\u00a0 \u00a0 \u00a0 \u00a0 \u00a0 \u00a0 \u00a0 \u00a0 \u00a0 \u00a0 \u00a0 \u00a0 \u00a0 \u00a0 \u00a0Licenciado\/a en Administraci\u00f3n de Empresas<\/p><p>Modalidad de aprendizaje:\u00a0 \u00a0 \u00a0 \u00a0 \u00a0 \u00a0 \u00a0 Presencial<\/p><p>N\u00famero de periodos ordinarios:\u00a0 \u00a0semestres \u00a0(8)<\/p><p style=\"text-align: justify\"><span style=\"text-decoration: underline\">Objetivo general:<\/span> Formar profesionales competentes para desarrollar soluciones estrat\u00e9gicas adecuadas a problemas organizacionales, de recursos humanos, financieros, de mercadotecnia y de operaciones, a trav\u00e9s de la gesti\u00f3n de nuevos proyectos empresariales orientados desde una visi\u00f3n epistemol\u00f3gica, aplicando conocimientos cient\u00edficos, t\u00e9cnicos y human\u00edsticos; con \u00e9tica y comprometidos con el desarrollo sustentable y tecnol\u00f3gico de la zona 4 de la Rep\u00fablica del Ecuador.<\/p><p style=\"text-align: justify\"><span style=\"text-decoration: underline\">Objetivos espec\u00edficos: <\/span><\/p><p style=\"text-align: justify\"><span style=\"text-decoration: underline\">A.-<\/span> Desarrollar planteamientos estrat\u00e9gicos, t\u00e1cticos y operativos a partir de diagn\u00f3sticos organizacionales integrales, aplicaci\u00f3n de los avances cient\u00edficos y tecnol\u00f3gicos, y evaluaci\u00f3n del entorno econ\u00f3mico, financiero y social, a la vez que se gestionan sistemas de control administrativo y de talento humano como garant\u00eda de calidad, con sustento en el marco jur\u00eddico aplicado a la din\u00e1mica empresarial, y en una planeaci\u00f3n objetiva y oportuna para la toma de decisiones.<\/p><p style=\"text-align: justify\"><span style=\"text-decoration: underline\">B.-<\/span>\u00a0 Aportar a la transformaci\u00f3n de la matriz productiva y de servicios del pa\u00eds, con la localizaci\u00f3n de oportunidades para nuevos negocios, el est\u00edmulo a la diversificaci\u00f3n e implicaci\u00f3n de talento humano competente, en l\u00ednea con las agendas locales de desarrollo, contribuyendo al perfeccionamiento continuo del sector empresarial y a la inserci\u00f3n de la zona 4 y del Ecuador en la econom\u00eda internacional.<\/p><p style=\"text-align: justify\"><span style=\"text-decoration: underline\">C.-<\/span>\u00a0 Integrar metodolog\u00edas para la gesti\u00f3n de proyectos que estimulen la voluntad profesional de indagar, dilucidar y solucionar incertidumbres en el campo de la administraci\u00f3n de empresas en la diversidad de problemas que se presentan en las organizaciones con un sistem\u00e1tico acercamiento a los contextos laborales y la apropiaci\u00f3n de la \u00e9tica de la profesi\u00f3n.<\/p><p style=\"text-align: justify\"><span style=\"text-decoration: underline\">D.-<\/span>\u00a0 Garantizar actuaciones profesionales dignas, que vinculen la atenci\u00f3n de excelencia a los sujetos de las acciones de gerencia con el respeto a la complejidad de la sociedad y la cultura del buen vivir que incida en el bienestar de la ciudadan\u00eda a partir del enriquecimiento de la matriz cognitiva para la innovaci\u00f3n como base de la diversificaci\u00f3n de la matriz productiva.<\/p><p style=\"text-align: justify\"><span style=\"text-decoration: underline\">Requisitos y perfil de ingreso: <\/span><\/p><p style=\"text-align: justify\"><span style=\"text-decoration: underline\">Perfil de ingreso:<\/span><\/p><p style=\"text-align: justify\">El aspirante a esta carrera deber\u00e1 caracterizarse por tener que:<\/p><ul><li>&#8211; Actuar como ciudadano responsable y coherente con el desarrollo del pa\u00eds<\/li><li>&#8211; Manejar sus emociones en la interrelaci\u00f3n social actual<\/li><li>&#8211; Emprender de acuerdo con las necesidades y oportunidades de la zona 4<\/li><li>&#8211; Aprender el desarrollo de responsabilidades empresariales<\/li><li>&#8211; Comunicarse efectivamente con el entorno social, pol\u00edtico y econ\u00f3mico<\/li><li>&#8211; Utilizar herramientas tecnol\u00f3gicas reflexiva y pragm\u00e1ticamente cuidando el medioambiente<\/li><li>&#8211; Actuar como ciudadano responsable<\/li><li>&#8211; Cuidar de su salud y bienestar personal<\/li><\/ul><p style=\"text-align: justify\">Estas habilidades se eval\u00faan a trav\u00e9s del Sistema Nacional de Nivelaci\u00f3n y Admisi\u00f3n en el examen integrado Ser Bachiller o el mecanismo que a futuro se considere para el proceso.<\/p><p style=\"text-align: justify\"><span style=\"text-decoration: underline\">Requisitos de ingreso:<\/span><\/p><p style=\"text-align: justify\">1) Poseer t\u00edtulo de bachiller o su equivalente debidamente reconocido por el Ministerio de Educaci\u00f3n<\/p><p style=\"text-align: justify\">2) Haber cumplido los requisitos normados por el Sistema de Nivelaci\u00f3n y Admisi\u00f3n, el mismo que observar\u00e1 los principios de igualdad de oportunidades, m\u00e9rito y capacidad.<\/p><p style=\"text-align: justify\">3) Cumplir con la entrega de documentaci\u00f3n personal y habilitante en Secretar\u00eda General<\/p><p style=\"text-align: justify\">4) En casos especiales, certificados de reconocimiento y homologaci\u00f3n de estudios de otras IES de conformidad con el Art\u00edculo 63 y 64 del Reglamento de R\u00e9gimen Acad\u00e9mico<\/p><p style=\"text-align: justify\"><span style=\"text-decoration: underline\">Perfil de egreso:<\/span><\/p><p style=\"text-align: justify\"><em>\u00bfQu\u00e9 resultados de aprendizaje y competencias profesionales son necesarios para el futuro desempe\u00f1o profesional?<\/em><\/p><p style=\"text-align: justify\">El egresado de la carrera de Administraci\u00f3n de Empresas ser\u00e1 un profesional capaz de desarrollar procesos metodol\u00f3gicos que posibiliten la organizaci\u00f3n y aplicaci\u00f3n de estrategias para la formulaci\u00f3n y gesti\u00f3n de proyectos empresariales, modelos de negocios y emprendimientos.<\/p><p style=\"text-align: justify\"><em>\u00bfQu\u00e9 resultados de aprendizaje relacionados con el manejo de m\u00e9todos metodolog\u00edas, modelo protocolos procesos y procedimientos de car\u00e1cter profesional e investigativo se garantizan en la implementaci\u00f3n de la carrera\/programa?<\/em><\/p><p style=\"text-align: justify\">El egresado de la carrera de Administraci\u00f3n de Empresas ser\u00e1 capaz de promover el desarrollo integral de herramientas te\u00f3ricas y metodol\u00f3gicas que le permitan implementar proyectos de innovaci\u00f3n y de investigaci\u00f3n en el \u00e1mbito del mejoramiento de la cadena administrativa de las peque\u00f1as y medianas empresas, realizando investigaci\u00f3n descriptiva y correlacionando dentro del campo de la administraci\u00f3n para el mejoramiento de las empresas familiares, peque\u00f1as y medianas de la regi\u00f3n, sin descuidar la seguridad alimentaria como eje de la transformaci\u00f3n regional y nacional.<\/p><p style=\"text-align: justify\"><em>\u00bfC\u00f3mo contribuir\u00e1 el futuro profesional al mejoramiento de la calidad de vida, el medio ambiente, el desarrollo productivo y la preservaci\u00f3n, difusi\u00f3n y enriquecimiento de las culturas y saberes?<\/em><\/p><p style=\"text-align: justify\">El egresado de la carrera de Administraci\u00f3n de Empresas tendr\u00e1 la capacidad de generar acciones de compromiso social conscientes y responsables con la regi\u00f3n y el pa\u00eds, para promover el desarrollo local y nacional productivo con sentido de preservaci\u00f3n de los saberes ancestrales propios de cada uno de los rincones del pa\u00eds, y en base a ellos, se propicie la generaci\u00f3n de proyectos innovadores sostenibles enmarcados en el respeto a la biodiversidad, el fomento de la equidad, a trav\u00e9s de procesos de integralidad social, pol\u00edtica y econ\u00f3mica con resultados que contribuyan al desarrollo de los territorios a trav\u00e9s del perfeccionamiento de las unidades de negocios donde se desarrolle la actividad econ\u00f3mica familiar y empresarial.<\/p><p style=\"text-align: justify\"><em>\u00bfCu\u00e1les son los valores y los principios, en el marco de un enfoque de derechos, igualdad, interculturalidad y pensamiento universal cr\u00edtico y creativo que se promueven en la formaci\u00f3n profesional que ofrece la cerrera\/programa?<\/em><\/p><p style=\"text-align: justify\">El egresado de la carrera de Administraci\u00f3n de Empresas podr\u00e1 generar acciones con compromiso social conscientes y responsables con la regi\u00f3n y el pa\u00eds, con valores como honestidad, responsabilidad, justicia, disciplina, respeto y \u00e9tica, impulsando una actitud cr\u00edtica apegada a principios regidos por la comunidad y el estado.<\/p><p style=\"text-align: justify\"><em>Perfil Profesional<\/em><\/p><p style=\"text-align: justify\">El profesional ejerce de manera individual o asociado en organizaciones de tama\u00f1o micro, peque\u00f1o, mediano o grande, p\u00fablicas o privadas, nacionales y\/o internacionales que se encuentren vinculadas al sector comercial y agroalimentario y de identidad al sistema de producci\u00f3n del sector y del pa\u00eds, tanto en la producci\u00f3n, transformaci\u00f3n y\/o comercializaci\u00f3n de bienes y servicios relacionados con toda actividad de negocio y empresarial. En adici\u00f3n, implementa estrategias que le permitan diagnosticar, planear, administrar, organizar y\/o dirigir Unidades de negocios, peque\u00f1as y medianas empresas, teniendo \u00e9nfasis en las actividades de gesti\u00f3n, administraci\u00f3n y comercializaci\u00f3n de bienes y servicios. As\u00ed, su vinculaci\u00f3n efectiva al campo laboral circunda en organizaciones urbanas o rurales, regionales, nacionales y transnacionales que aperen en el pa\u00eds en todos los sectores empresariales, tanto a nivel local, regional o nacional, e inclusive podr\u00e1 crear su propia empresa vinculada con las actividades del sector.<\/p><p style=\"text-align: justify\"><span style=\"text-decoration: underline\">Unidad de integraci\u00f3n curricular \/ unidad de titulaci\u00f3n<\/span><\/p><ul><li style=\"text-align: justify\">&#8211; Haber aprobado la malla curricular incluyendo las pr\u00e1cticas preprofesionales y vinculaci\u00f3n con la colectividad.<\/li><li style=\"text-align: justify\">&#8211; Haber aprobado una modalidad de titulaci\u00f3n dentro de lo establecido en las normativas institucionales.<\/li><li style=\"text-align: justify\">&#8211; Acreditar suficiencia en la competencia comunicativa a nivel B1 \u2013 MCER. (revisar anexo de responsabilidad institucional)<\/li><\/ul><\/div>\n\t\t\t\t\t\t\t\t\t<div class=\"elementor-tab-title elementor-tab-mobile-title\" aria-selected=\"false\" data-tab=\"2\" role=\"tab\" tabindex=\"-1\" aria-controls=\"elementor-tab-content-1452\" aria-expanded=\"false\">Malla Curricular<\/div>\n\t\t\t\t\t<div id=\"elementor-tab-content-1452\" class=\"elementor-tab-content elementor-clearfix\" data-tab=\"2\" role=\"tabpanel\" aria-labelledby=\"elementor-tab-title-1452\" tabindex=\"0\" hidden=\"hidden\"><h4 style=\"text-align: left\"><a href=\"https:\/\/carreras.uleam.edu.ec\/extension-pedernales\/wp-content\/uploads\/sites\/80\/2025\/02\/Malla-de-ocho-periodos-Administracion.pdf\" target=\"_blank\" rel=\"noopener\"><img loading=\"lazy\" decoding=\"async\" class=\"alignnone wp-image-423 size-large\" src=\"https:\/\/carreras.uleam.edu.ec\/extension-pedernales\/wp-content\/uploads\/sites\/80\/2025\/02\/malla-adm.-empresas-1024x521.png\" alt=\"\" width=\"1024\" height=\"521\" srcset=\"https:\/\/carreras.uleam.edu.ec\/extension-pedernales\/wp-content\/uploads\/sites\/80\/2025\/02\/malla-adm.-empresas-1024x521.png 1024w, https:\/\/carreras.uleam.edu.ec\/extension-pedernales\/wp-content\/uploads\/sites\/80\/2025\/02\/malla-adm.-empresas-300x153.png 300w, https:\/\/carreras.uleam.edu.ec\/extension-pedernales\/wp-content\/uploads\/sites\/80\/2025\/02\/malla-adm.-empresas-768x391.png 768w, https:\/\/carreras.uleam.edu.ec\/extension-pedernales\/wp-content\/uploads\/sites\/80\/2025\/02\/malla-adm.-empresas-1536x782.png 1536w, https:\/\/carreras.uleam.edu.ec\/extension-pedernales\/wp-content\/uploads\/sites\/80\/2025\/02\/malla-adm.-empresas-2048x1043.png 2048w\" sizes=\"auto, (max-width: 1024px) 100vw, 1024px\" \/><\/a><\/h4><\/div>\n\t\t\t\t\t\t\t\t\t<div class=\"elementor-tab-title elementor-tab-mobile-title\" aria-selected=\"false\" data-tab=\"3\" role=\"tab\" tabindex=\"-1\" aria-controls=\"elementor-tab-content-1453\" aria-expanded=\"false\">Docentes<\/div>\n\t\t\t\t\t<div id=\"elementor-tab-content-1453\" class=\"elementor-tab-content elementor-clearfix\" data-tab=\"3\" role=\"tabpanel\" aria-labelledby=\"elementor-tab-title-1453\" tabindex=\"0\" hidden=\"hidden\"><ul><li>ING. AGUILAR M\u00c9NDEZ DENISSE<\/li><li>ING. CASTRO CEDE\u00d1O DIANA PATRICIA<\/li><li>LCDA. MERA BRAVO ELIANA PILAR<\/li><li>ING. PALACIOS DUE\u00d1AS ANA KATERINE<\/li><li>ING. SANTANA SORNOZA WILLIAN JOHNNY<\/li><li>ING. SALAZAR OLIVES GLADYS GERMANIA<\/li><li>LCDA. VERA LOOR ROSA YESSENIA<\/li><li>ING. VERA CALDERO TATIANA ARACELY<\/li><li>ING. V\u00c9LEZ FALCONES ANA CECILIA<\/li><\/ul><\/div>\n\t\t\t\t\t\t\t\t\t<div class=\"elementor-tab-title elementor-tab-mobile-title\" aria-selected=\"false\" data-tab=\"4\" role=\"tab\" tabindex=\"-1\" aria-controls=\"elementor-tab-content-1454\" aria-expanded=\"false\">Datos Generales<\/div>\n\t\t\t\t\t<div id=\"elementor-tab-content-1454\" class=\"elementor-tab-content elementor-clearfix\" data-tab=\"4\" role=\"tabpanel\" aria-labelledby=\"elementor-tab-title-1454\" tabindex=\"0\" hidden=\"hidden\"><ul><li style=\"text-align: center\">Ing. Gladys Germania Salazar Olives, M.Sc.<\/li><li style=\"text-align: center\">Coordinadora de la Carrera<\/li><li style=\"text-align: center\"><a href=\"mailto:gladys.salazar@uleam.edu.ec\">gladys.salazar@uleam.edu.ec<\/a><\/li><\/ul><hr \/><ul><li style=\"text-align: center\"><ul><li>Lic. Andrea Carolina Saldarriaga Olmedo<\/li><li>SECRETARIA<\/li><li><p><u><a href=\"mailto:andrea.saldarriaga@uleam.edu.ec\">andrea.saldarriaga@uleam.edu.ec<\/a><\/u><\/p><\/li><\/ul><hr \/><ul><li>HORARIO DE ATENCI\u00d3N:<\/li><li>\u00a0Lunes a Viernes<\/li><li>12:00 a 20:00<\/li><\/ul><\/li><\/ul><\/div>\n\t\t\t\t\t\t\t\t\t<div class=\"elementor-tab-title elementor-tab-mobile-title\" aria-selected=\"false\" data-tab=\"5\" role=\"tab\" tabindex=\"-1\" aria-controls=\"elementor-tab-content-1455\" aria-expanded=\"false\">Gesti\u00f3n y Proceso Estudiantil<\/div>\n\t\t\t\t\t<div id=\"elementor-tab-content-1455\" class=\"elementor-tab-content elementor-clearfix\" data-tab=\"5\" role=\"tabpanel\" aria-labelledby=\"elementor-tab-title-1455\" tabindex=\"0\" hidden=\"hidden\"><ul><li>\u21d2\u00a0Pr\u00e1cticas Pre-profesionales<\/li><li>\u21d2 <a href=\"https:\/\/departamentos.uleam.edu.ec\/gestion-aseguramiento-calidad\/2019\/04\/08\/matricula\/\">Matr\u00edcula<\/a><\/li><li>\u21d2 <a href=\"https:\/\/departamentos.uleam.edu.ec\/gestion-aseguramiento-calidad\/reingreso-de-estudiantes\/\">Reingreso de estudiantes<\/a><\/li><li>\u21d2 <a href=\"https:\/\/departamentos.uleam.edu.ec\/gestion-aseguramiento-calidad\/homologacion-de-estudios-por-analisis-comparativo-de-contenidos\/\">Homologaci\u00f3n de Estudios por An\u00e1lisis Comparativo de Contenidos<\/a><\/li><\/ul><\/div>\n\t\t\t\t\t\t\t<\/div>\n\t\t<\/div>\n\t\t\t\t<\/div>\n\t\t\t\t<\/div>\n\t\t\t\t\t<\/div>\n\t\t<\/div>\n\t\t\t\t\t\t\t<\/div>\n\t\t<\/section>\n\t\t\t\t\t\t<\/div>\n\t\t\t\t\t<\/div>\n\t\t","protected":false},"excerpt":{"rendered":"<p>Descripci\u00f3n General de la Carrera Malla Curricular Docentes Datos Generales Gesti\u00f3n y Proceso Estudiantil Descripci\u00f3n General de la Carrera Nombre de la carrera:\u00a0 \u00a0 \u00a0 \u00a0 \u00a0 \u00a0 \u00a0 \u00a0 \u00a0 \u00a0 \u00a0 Administraci\u00f3n de Empresas T\u00edtulo que otorga:\u00a0 \u00a0 [&hellip;]<\/p>\n","protected":false},"author":7,"featured_media":0,"parent":0,"menu_order":0,"comment_status":"closed","ping_status":"closed","template":"","meta":{"_acf_changed":false,"footnotes":""},"class_list":["post-7","page","type-page","status-publish","hentry"],"acf":[],"_links":{"self":[{"href":"https:\/\/carreras.uleam.edu.ec\/extension-pedernales\/wp-json\/wp\/v2\/pages\/7","targetHints":{"allow":["GET"]}}],"collection":[{"href":"https:\/\/carreras.uleam.edu.ec\/extension-pedernales\/wp-json\/wp\/v2\/pages"}],"about":[{"href":"https:\/\/carreras.uleam.edu.ec\/extension-pedernales\/wp-json\/wp\/v2\/types\/page"}],"author":[{"embeddable":true,"href":"https:\/\/carreras.uleam.edu.ec\/extension-pedernales\/wp-json\/wp\/v2\/users\/7"}],"replies":[{"embeddable":true,"href":"https:\/\/carreras.uleam.edu.ec\/extension-pedernales\/wp-json\/wp\/v2\/comments?post=7"}],"version-history":[{"count":44,"href":"https:\/\/carreras.uleam.edu.ec\/extension-pedernales\/wp-json\/wp\/v2\/pages\/7\/revisions"}],"predecessor-version":[{"id":431,"href":"https:\/\/carreras.uleam.edu.ec\/extension-pedernales\/wp-json\/wp\/v2\/pages\/7\/revisions\/431"}],"wp:attachment":[{"href":"https:\/\/carreras.uleam.edu.ec\/extension-pedernales\/wp-json\/wp\/v2\/media?parent=7"}],"curies":[{"name":"wp","href":"https:\/\/api.w.org\/{rel}","templated":true}]}}