{"id":10,"date":"2022-09-09T01:46:12","date_gmt":"2022-09-09T01:46:12","guid":{"rendered":"https:\/\/carreras.uleam.edu.ec\/extension-sucre\/?page_id=10"},"modified":"2025-03-14T21:19:28","modified_gmt":"2025-03-14T21:19:28","slug":"carrera-de-hospitalidad-y-hoteleria-extension-sucre","status":"publish","type":"page","link":"https:\/\/carreras.uleam.edu.ec\/extension-sucre\/carrera-de-hospitalidad-y-hoteleria-extension-sucre\/","title":{"rendered":"Carrera Hospitalidad y Hoteler\u00eda"},"content":{"rendered":"\t\t<div data-elementor-type=\"wp-page\" data-elementor-id=\"10\" class=\"elementor elementor-10\" data-elementor-settings=\"[]\">\n\t\t\t\t\t\t\t<div class=\"elementor-section-wrap\">\n\t\t\t\t\t\t\t<section class=\"elementor-section elementor-top-section elementor-element elementor-element-0d7bc78 elementor-section-boxed elementor-section-height-default elementor-section-height-default\" data-id=\"0d7bc78\" data-element_type=\"section\">\n\t\t\t\t\t\t<div class=\"elementor-container elementor-column-gap-default\">\n\t\t\t\t\t<div class=\"elementor-column elementor-col-100 elementor-top-column elementor-element elementor-element-faecd08\" data-id=\"faecd08\" data-element_type=\"column\">\n\t\t\t<div class=\"elementor-widget-wrap elementor-element-populated\">\n\t\t\t\t\t\t\t\t<div class=\"elementor-element elementor-element-3e94cf9 elementor-tabs-view-horizontal elementor-widget elementor-widget-tabs\" data-id=\"3e94cf9\" data-element_type=\"widget\" data-widget_type=\"tabs.default\">\n\t\t\t\t<div class=\"elementor-widget-container\">\n\t\t\t\t\t<div class=\"elementor-tabs\">\n\t\t\t<div class=\"elementor-tabs-wrapper\" role=\"tablist\" >\n\t\t\t\t\t\t\t\t\t<div id=\"elementor-tab-title-6561\" class=\"elementor-tab-title elementor-tab-desktop-title\" aria-selected=\"true\" data-tab=\"1\" role=\"tab\" tabindex=\"0\" aria-controls=\"elementor-tab-content-6561\" aria-expanded=\"false\">Descripci\u00f3n General de la Carrera<\/div>\n\t\t\t\t\t\t\t\t\t<div id=\"elementor-tab-title-6562\" class=\"elementor-tab-title elementor-tab-desktop-title\" aria-selected=\"false\" data-tab=\"2\" role=\"tab\" tabindex=\"-1\" aria-controls=\"elementor-tab-content-6562\" aria-expanded=\"false\">Malla Curricular<\/div>\n\t\t\t\t\t\t\t\t\t<div id=\"elementor-tab-title-6563\" class=\"elementor-tab-title elementor-tab-desktop-title\" aria-selected=\"false\" data-tab=\"3\" role=\"tab\" tabindex=\"-1\" aria-controls=\"elementor-tab-content-6563\" aria-expanded=\"false\">Docentes<\/div>\n\t\t\t\t\t\t\t\t\t<div id=\"elementor-tab-title-6564\" class=\"elementor-tab-title elementor-tab-desktop-title\" aria-selected=\"false\" data-tab=\"4\" role=\"tab\" tabindex=\"-1\" aria-controls=\"elementor-tab-content-6564\" aria-expanded=\"false\">Datos Generales<\/div>\n\t\t\t\t\t\t\t\t\t<div id=\"elementor-tab-title-6565\" class=\"elementor-tab-title elementor-tab-desktop-title\" aria-selected=\"false\" data-tab=\"5\" role=\"tab\" tabindex=\"-1\" aria-controls=\"elementor-tab-content-6565\" aria-expanded=\"false\">Gesti\u00f3n y Proceso Estudiantil<\/div>\n\t\t\t\t\t\t\t<\/div>\n\t\t\t<div class=\"elementor-tabs-content-wrapper\" role=\"tablist\" aria-orientation=\"vertical\">\n\t\t\t\t\t\t\t\t\t<div class=\"elementor-tab-title elementor-tab-mobile-title\" aria-selected=\"true\" data-tab=\"1\" role=\"tab\" tabindex=\"0\" aria-controls=\"elementor-tab-content-6561\" aria-expanded=\"false\">Descripci\u00f3n General de la Carrera<\/div>\n\t\t\t\t\t<div id=\"elementor-tab-content-6561\" class=\"elementor-tab-content elementor-clearfix\" data-tab=\"1\" role=\"tabpanel\" aria-labelledby=\"elementor-tab-title-6561\" tabindex=\"0\" hidden=\"false\"><p>Nombre de la Carrera:\u00a0 \u00a0 \u00a0 \u00a0 \u00a0 \u00a0 \u00a0 \u00a0 \u00a0 \u00a0HOSPITALIDAD Y HOTELER\u00cdA.<\/p><p>T\u00edtulo que otorga:\u00a0 \u00a0 \u00a0 \u00a0 \u00a0 \u00a0 \u00a0 \u00a0 \u00a0 \u00a0 \u00a0 \u00a0 \u00a0 LICENCIADOS EN HOSPITALIDAD Y HOTELER\u00cdA<\/p><p>Modalidad de aprendizaje:\u00a0 \u00a0 \u00a0 \u00a0 \u00a0 \u00a0PRESENCIAL.<\/p><p>N\u00famero de per\u00edodos ordinarios: 8.<\/p><p>Objetivo general:<\/p><p style=\"padding-left: 40px;text-align: justify\">Formar profesionales con s\u00f3lidos conocimientos, valores \u00e9ticos y humanos, con vocaci\u00f3n de servicio, que les permitan desempe\u00f1arse como gestores de alojamiento y restauraci\u00f3n; con \u00e9nfasis en la hospitalidad, eficiencia y eficacia; emprendedores en la creaci\u00f3n, desarrollo, ejecuci\u00f3n, administraci\u00f3n de iniciativas que contribuyan con el progreso socio econ\u00f3mico de la provincia y el pa\u00eds para lograr consolidar la posici\u00f3n de potencia tur\u00edstica<\/p><p>Perfil de ingreso:<\/p><p style=\"text-align: justify\">El postulante a estudiante de la Carrera de Hospitalidad y Hoteler\u00eda de la Facultad de Educaci\u00f3n, Turismo, Artes y Humanidades debe ser una persona con el siguiente perfil:<\/p><ul><li>&#8211; Ser afable y comunicador<\/li><li>&#8211; Tener aptitud de ajuste intercultural<\/li><li>&#8211; Tener disposici\u00f3n de servicio y empat\u00eda<\/li><li>&#8211; Habilidad para la planificaci\u00f3n de actividades<\/li><li>&#8211; Tener sentido de compromiso social<\/li><li>&#8211; Ser transformador y proactivo<\/li><li>&#8211; Poseer cualidades \u00e9ticas y morales<\/li><li>&#8211; Tener destreza para el uso de nuevas tecnolog\u00edas<\/li><li>&#8211; Habilidad para el idioma ingl\u00e9s<\/li><\/ul><p>Requisitos de ingreso:<\/p><ul><li>&#8211; Poseer t\u00edtulo de bachiller o su equivalente.<\/li><li>&#8211; Haber cumplido los requisitos normados por el Sistema Nacional de Nivelaci\u00f3n y Admisi\u00f3n.<\/li><li>&#8211; Dos fotos tama\u00f1o carnet a color.<\/li><li>&#8211; Copia de c\u00e9dula de ciudadan\u00eda y del certificado de votaci\u00f3n para estudiantes nacionales; Pasaporte y documentos que autoriza a la permanencia en el pa\u00eds, para estudiantes extranjeros.<\/li><li>&#8211; De ser el caso, haber cumplido con los tr\u00e1mites determinados para el reconocimiento y homologaci\u00f3n de estudios en una universidad o escuela polit\u00e9cnica en el pa\u00eds o el extranjero.<\/li><li>&#8211; Solicitud de matr\u00edcula.<\/li><\/ul><p>Requisitos de graduaci\u00f3n:<\/p><ul><li>&#8211; Aprobar la totalidad de la malla curricular de la carrera de Hospitalidad y Hoteler\u00eda<\/li><li>&#8211; Aprobar las horas de pr\u00e1cticas preprofesionales y vinculaci\u00f3n con la sociedad<\/li><li>&#8211; Certificado de Aprobado la suficiencia en ingl\u00e9s, correspondiente al menos en el nivel B1 del Marco Com\u00fan Europeo de referencia para las lenguas.<\/li><li>&#8211; Aprobar una de las modalidades de titulaci\u00f3n.<\/li><\/ul><p>\u00a0Modalidades de titulaci\u00f3n:<\/p><ul><li>&#8211; Examen de grado con car\u00e1cter complexivo o de fin de carrera<\/li><li>&#8211; Proyecto de investigaci\u00f3n<\/li><li>&#8211; Proyecto de Emprendimiento<\/li><\/ul><p>Campo Ocupacional:<\/p><ul><li>&#8211; Establecimientos hoteleros (independientes y de cadenas nacionales e internacionales)<\/li><li>&#8211; Restaurantes<\/li><li>&#8211; Bares y discotecas<\/li><li>&#8211; Organizaci\u00f3n y log\u00edstica de eventos, congresos y convenciones.<\/li><li>&#8211; Servicio de protocolo<\/li><li>&#8211; Servicio de catering<\/li><li>&#8211; Instituciones p\u00fablicas: Ministerio de Turismo, Direcciones de Turismo\/Cultura de los GAD provinciales y cantonales.<\/li><li>&#8211; Consultores externos en los establecimientos antes mencionados.\u00a0<\/li><\/ul><\/div>\n\t\t\t\t\t\t\t\t\t<div class=\"elementor-tab-title elementor-tab-mobile-title\" aria-selected=\"false\" data-tab=\"2\" role=\"tab\" tabindex=\"-1\" aria-controls=\"elementor-tab-content-6562\" aria-expanded=\"false\">Malla Curricular<\/div>\n\t\t\t\t\t<div id=\"elementor-tab-content-6562\" class=\"elementor-tab-content elementor-clearfix\" data-tab=\"2\" role=\"tabpanel\" aria-labelledby=\"elementor-tab-title-6562\" tabindex=\"0\" hidden=\"hidden\"><p><a href=\"https:\/\/carreras.uleam.edu.ec\/extension-sucre\/wp-content\/uploads\/sites\/77\/2023\/02\/Malla_Hospitalidad_Ajuste-2022_Ajuste-2022-2.pdf\" target=\"_blank\" rel=\"noopener\"><img loading=\"lazy\" decoding=\"async\" class=\"alignnone wp-image-119 size-large\" src=\"https:\/\/carreras.uleam.edu.ec\/extension-sucre\/wp-content\/uploads\/sites\/77\/2023\/02\/malla-Hospitalidad-1024x682.png\" alt=\"\" width=\"1024\" height=\"682\" srcset=\"https:\/\/carreras.uleam.edu.ec\/extension-sucre\/wp-content\/uploads\/sites\/77\/2023\/02\/malla-Hospitalidad-1024x682.png 1024w, https:\/\/carreras.uleam.edu.ec\/extension-sucre\/wp-content\/uploads\/sites\/77\/2023\/02\/malla-Hospitalidad-300x200.png 300w, https:\/\/carreras.uleam.edu.ec\/extension-sucre\/wp-content\/uploads\/sites\/77\/2023\/02\/malla-Hospitalidad-768x512.png 768w, https:\/\/carreras.uleam.edu.ec\/extension-sucre\/wp-content\/uploads\/sites\/77\/2023\/02\/malla-Hospitalidad-1536x1024.png 1536w, https:\/\/carreras.uleam.edu.ec\/extension-sucre\/wp-content\/uploads\/sites\/77\/2023\/02\/malla-Hospitalidad-2048x1365.png 2048w\" sizes=\"auto, (max-width: 1024px) 100vw, 1024px\" \/><\/a><\/p><\/div>\n\t\t\t\t\t\t\t\t\t<div class=\"elementor-tab-title elementor-tab-mobile-title\" aria-selected=\"false\" data-tab=\"3\" role=\"tab\" tabindex=\"-1\" aria-controls=\"elementor-tab-content-6563\" aria-expanded=\"false\">Docentes<\/div>\n\t\t\t\t\t<div id=\"elementor-tab-content-6563\" class=\"elementor-tab-content elementor-clearfix\" data-tab=\"3\" role=\"tabpanel\" aria-labelledby=\"elementor-tab-title-6563\" tabindex=\"0\" hidden=\"hidden\"><ul><li>Mg. Ericka Vanessa Almeida Lino<\/li><li>Dr. Vladimir \u00c1lvarez Ojeda, PhD.<\/li><li>Mg. Valeria Cecilia Bravo G\u00f3mez<\/li><li>Mg. Jimmy Alberto Caicedo Coello<\/li><li>Mg. C\u00e9sar Arturo Carbache Mora<\/li><li>Mg. Carlos Enrique Chica Medranda<\/li><li>Mg. Dar\u00edo Javier Espinoza Bravo<\/li><li>Mg. Jairo Enrique Intriago Torres<\/li><li>Mg. Leyla Vanezza J\u00e1come Villacres<\/li><li>Mg. William Ren\u00e1n Meneses Pantoja<\/li><li>Mg. V\u00edctor Aurelio Mero Marcillo<\/li><li>Mg. Mariela Fernanda Navas Moscoso<\/li><li>Mg. Mar\u00eda Carmen Pati\u00f1o L\u00f3pez<\/li><li>Mg. Trajano Gonzalo Velastegui Cede\u00f1o<\/li><li>Mg. Daniel Armando Vergara Cevallos<\/li><li>Dra. Jessica Mariela Zambrano Cede\u00f1o, Ph.D<\/li><\/ul><\/div>\n\t\t\t\t\t\t\t\t\t<div class=\"elementor-tab-title elementor-tab-mobile-title\" aria-selected=\"false\" data-tab=\"4\" role=\"tab\" tabindex=\"-1\" aria-controls=\"elementor-tab-content-6564\" aria-expanded=\"false\">Datos Generales<\/div>\n\t\t\t\t\t<div id=\"elementor-tab-content-6564\" class=\"elementor-tab-content elementor-clearfix\" data-tab=\"4\" role=\"tabpanel\" aria-labelledby=\"elementor-tab-title-6564\" tabindex=\"0\" hidden=\"hidden\"><ul><li style=\"text-align: center\">Lic. Carlos Chica Medranda, Mg.<\/li><li style=\"text-align: center\">COORDINADOR DE CARRERA<\/li><li style=\"text-align: center\"><a href=\"mailto:carlos.chica@uleam.edu.ec\">carlos.chica@uleam.edu.ec<\/a><br \/><hr \/><\/li><li style=\"text-align: center\">Lic. Viviana Franco Lucas<\/li><li style=\"text-align: center\">SECRETARIA<\/li><li style=\"text-align: center\"><a href=\"mailto:laura.franco@uleam.edu.ec\">laura.franco@uleam.edu.ec<\/a><br \/><hr \/><\/li><li style=\"text-align: center\">Horario de atenci\u00f3n<\/li><li style=\"text-align: center\">\u00a008:00 a 16:30<\/li><\/ul><\/div>\n\t\t\t\t\t\t\t\t\t<div class=\"elementor-tab-title elementor-tab-mobile-title\" aria-selected=\"false\" data-tab=\"5\" role=\"tab\" tabindex=\"-1\" aria-controls=\"elementor-tab-content-6565\" aria-expanded=\"false\">Gesti\u00f3n y Proceso Estudiantil<\/div>\n\t\t\t\t\t<div id=\"elementor-tab-content-6565\" class=\"elementor-tab-content elementor-clearfix\" data-tab=\"5\" role=\"tabpanel\" aria-labelledby=\"elementor-tab-title-6565\" tabindex=\"0\" hidden=\"hidden\"><ul><li>\u21d2\u00a0Pr\u00e1cticas Pre-profesionales<\/li><li>\u21d2 <a href=\"https:\/\/departamentos.uleam.edu.ec\/gestion-aseguramiento-calidad\/2019\/04\/08\/matricula\/\">Matr\u00edcula<\/a><\/li><li>\u21d2 <a href=\"https:\/\/departamentos.uleam.edu.ec\/gestion-aseguramiento-calidad\/reingreso-de-estudiantes\/\">Reingreso de estudiantes<\/a><\/li><li>\u21d2 <a href=\"https:\/\/departamentos.uleam.edu.ec\/gestion-aseguramiento-calidad\/homologacion-de-estudios-por-analisis-comparativo-de-contenidos\/\">Homologaci\u00f3n de Estudios por An\u00e1lisis Comparativo de Contenidos<\/a><\/li><\/ul><\/div>\n\t\t\t\t\t\t\t<\/div>\n\t\t<\/div>\n\t\t\t\t<\/div>\n\t\t\t\t<\/div>\n\t\t\t\t\t<\/div>\n\t\t<\/div>\n\t\t\t\t\t\t\t<\/div>\n\t\t<\/section>\n\t\t\t\t\t\t<\/div>\n\t\t\t\t\t<\/div>\n\t\t","protected":false},"excerpt":{"rendered":"<p>Descripci\u00f3n General de la Carrera Malla Curricular Docentes Datos Generales Gesti\u00f3n y Proceso Estudiantil Descripci\u00f3n General de la Carrera Nombre de la Carrera:\u00a0 \u00a0 \u00a0 \u00a0 \u00a0 \u00a0 \u00a0 \u00a0 \u00a0 \u00a0HOSPITALIDAD Y HOTELER\u00cdA. T\u00edtulo que otorga:\u00a0 \u00a0 \u00a0 \u00a0 [&hellip;]<\/p>\n","protected":false},"author":7,"featured_media":0,"parent":0,"menu_order":0,"comment_status":"closed","ping_status":"closed","template":"","meta":{"_acf_changed":false,"footnotes":""},"class_list":["post-10","page","type-page","status-publish","hentry"],"acf":[],"_links":{"self":[{"href":"https:\/\/carreras.uleam.edu.ec\/extension-sucre\/wp-json\/wp\/v2\/pages\/10","targetHints":{"allow":["GET"]}}],"collection":[{"href":"https:\/\/carreras.uleam.edu.ec\/extension-sucre\/wp-json\/wp\/v2\/pages"}],"about":[{"href":"https:\/\/carreras.uleam.edu.ec\/extension-sucre\/wp-json\/wp\/v2\/types\/page"}],"author":[{"embeddable":true,"href":"https:\/\/carreras.uleam.edu.ec\/extension-sucre\/wp-json\/wp\/v2\/users\/7"}],"replies":[{"embeddable":true,"href":"https:\/\/carreras.uleam.edu.ec\/extension-sucre\/wp-json\/wp\/v2\/comments?post=10"}],"version-history":[{"count":27,"href":"https:\/\/carreras.uleam.edu.ec\/extension-sucre\/wp-json\/wp\/v2\/pages\/10\/revisions"}],"predecessor-version":[{"id":278,"href":"https:\/\/carreras.uleam.edu.ec\/extension-sucre\/wp-json\/wp\/v2\/pages\/10\/revisions\/278"}],"wp:attachment":[{"href":"https:\/\/carreras.uleam.edu.ec\/extension-sucre\/wp-json\/wp\/v2\/media?parent=10"}],"curies":[{"name":"wp","href":"https:\/\/api.w.org\/{rel}","templated":true}]}}