{"id":11,"date":"2022-09-09T01:46:39","date_gmt":"2022-09-09T01:46:39","guid":{"rendered":"https:\/\/carreras.uleam.edu.ec\/extension-sucre\/?page_id=11"},"modified":"2025-03-14T21:20:34","modified_gmt":"2025-03-14T21:20:34","slug":"carrera-de-mercadotecnia-extension-sucre","status":"publish","type":"page","link":"https:\/\/carreras.uleam.edu.ec\/extension-sucre\/carrera-de-mercadotecnia-extension-sucre\/","title":{"rendered":"Carrera Mercadotecnia"},"content":{"rendered":"\t\t<div data-elementor-type=\"wp-page\" data-elementor-id=\"11\" class=\"elementor elementor-11\" data-elementor-settings=\"[]\">\n\t\t\t\t\t\t\t<div class=\"elementor-section-wrap\">\n\t\t\t\t\t\t\t<section class=\"elementor-section elementor-top-section elementor-element elementor-element-1eacec2 elementor-section-boxed elementor-section-height-default elementor-section-height-default\" data-id=\"1eacec2\" data-element_type=\"section\">\n\t\t\t\t\t\t<div class=\"elementor-container elementor-column-gap-default\">\n\t\t\t\t\t<div class=\"elementor-column elementor-col-100 elementor-top-column elementor-element elementor-element-13db0a1\" data-id=\"13db0a1\" data-element_type=\"column\">\n\t\t\t<div class=\"elementor-widget-wrap elementor-element-populated\">\n\t\t\t\t\t\t\t\t<div class=\"elementor-element elementor-element-ebce21c elementor-tabs-view-horizontal elementor-widget elementor-widget-tabs\" data-id=\"ebce21c\" data-element_type=\"widget\" data-widget_type=\"tabs.default\">\n\t\t\t\t<div class=\"elementor-widget-container\">\n\t\t\t\t\t<div class=\"elementor-tabs\">\n\t\t\t<div class=\"elementor-tabs-wrapper\" role=\"tablist\" >\n\t\t\t\t\t\t\t\t\t<div id=\"elementor-tab-title-2471\" class=\"elementor-tab-title elementor-tab-desktop-title\" aria-selected=\"true\" data-tab=\"1\" role=\"tab\" tabindex=\"0\" aria-controls=\"elementor-tab-content-2471\" aria-expanded=\"false\">Descripci\u00f3n General de la Carrera<\/div>\n\t\t\t\t\t\t\t\t\t<div id=\"elementor-tab-title-2472\" class=\"elementor-tab-title elementor-tab-desktop-title\" aria-selected=\"false\" data-tab=\"2\" role=\"tab\" tabindex=\"-1\" aria-controls=\"elementor-tab-content-2472\" aria-expanded=\"false\">Malla Curricular<\/div>\n\t\t\t\t\t\t\t\t\t<div id=\"elementor-tab-title-2473\" class=\"elementor-tab-title elementor-tab-desktop-title\" aria-selected=\"false\" data-tab=\"3\" role=\"tab\" tabindex=\"-1\" aria-controls=\"elementor-tab-content-2473\" aria-expanded=\"false\">Docentes<\/div>\n\t\t\t\t\t\t\t\t\t<div id=\"elementor-tab-title-2474\" class=\"elementor-tab-title elementor-tab-desktop-title\" aria-selected=\"false\" data-tab=\"4\" role=\"tab\" tabindex=\"-1\" aria-controls=\"elementor-tab-content-2474\" aria-expanded=\"false\">Datos Generales<\/div>\n\t\t\t\t\t\t\t\t\t<div id=\"elementor-tab-title-2475\" class=\"elementor-tab-title elementor-tab-desktop-title\" aria-selected=\"false\" data-tab=\"5\" role=\"tab\" tabindex=\"-1\" aria-controls=\"elementor-tab-content-2475\" aria-expanded=\"false\">Gesti\u00f3n y Proceso Estudiantil<\/div>\n\t\t\t\t\t\t\t<\/div>\n\t\t\t<div class=\"elementor-tabs-content-wrapper\" role=\"tablist\" aria-orientation=\"vertical\">\n\t\t\t\t\t\t\t\t\t<div class=\"elementor-tab-title elementor-tab-mobile-title\" aria-selected=\"true\" data-tab=\"1\" role=\"tab\" tabindex=\"0\" aria-controls=\"elementor-tab-content-2471\" aria-expanded=\"false\">Descripci\u00f3n General de la Carrera<\/div>\n\t\t\t\t\t<div id=\"elementor-tab-content-2471\" class=\"elementor-tab-content elementor-clearfix\" data-tab=\"1\" role=\"tabpanel\" aria-labelledby=\"elementor-tab-title-2471\" tabindex=\"0\" hidden=\"false\"><p>Carrera:\u00a0 \u00a0 \u00a0 \u00a0 \u00a0 \u00a0 \u00a0 \u00a0 \u00a0 \u00a0 \u00a0 \u00a0 \u00a0 \u00a0 \u00a0 \u00a0 \u00a0 \u00a0MERCADOTECNIA<\/p><p>T\u00edtulo que otorga:\u00a0 \u00a0 \u00a0 \u00a0 \u00a0 \u00a0 \u00a0 \u00a0 \u00a0 LICENCIADO\/A EN MERCADOTECNIA<\/p><p>Modalidad de aprendizaje:\u00a0 \u00a0Presencial<\/p><p>N\u00famero de per\u00edodos\u00a0 \u00a0 \u00a0 \u00a0 \u00a0 \u00a0 \u00a0 9<\/p><p>Objetivo general<\/p><p style=\"padding-left: 40px\">Formar profesionales competentes en mercadotecnia con responsabilidad social,\u00a0 comprometidos con el desarrollo local, regional, nacional y global, en concordancia con la planificaci\u00f3n nacional y la matriz productiva, aplicando metodolog\u00edas activas que combinan la teor\u00eda y la pr\u00e1ctica, en la creaci\u00f3n de estrategias innovadoras para resolver problemas de mercadeo de bienes y servicios, que contribuyan al crecimiento sostenible y sustentable de la sociedad, en concordancia con la Planificaci\u00f3n Nacional y la matriz productiva.<\/p><p>Perfil de ingreso<\/p><p style=\"padding-left: 40px\">Los aspirantes a la Carrera de Mercadotecnia deber\u00e1n haber culminado el nivel de educaci\u00f3n media o t\u00e9cnico superior y demostrar inclinaci\u00f3n por la carrera a trav\u00e9s del dominio de los siguientes conocimientos b\u00e1sicos y complementarios:<\/p><ul><li style=\"list-style-type: none\"><ul><li>Conocimientos b\u00e1sicos<\/li><li>Conocimientos generales en administraci\u00f3n, contabilidad y econom\u00eda<\/li><li>Habilidad en la comunicaci\u00f3n oral, escrita y digital<\/li><li>Capacidad de investigaci\u00f3n<\/li><li>Capacidad de an\u00e1lisis l\u00f3gico y matem\u00e1tico<\/li><li>Manejo de Tics<\/li><li>Conocimiento b\u00e1sico de ingl\u00e9s<\/li><\/ul><\/li><\/ul><p>Requisitos de ingreso<\/p><ul><li>Poseer t\u00edtulo de bachiller o su equivalente debidamente reconocido por el Ministerio de Educaci\u00f3n.<\/li><li>Haber cumplido los requisitos normados por el Sistema Nacional de Nivelaci\u00f3n y Admisi\u00f3n<\/li><li>Haber aprobado el curso de nivelaci\u00f3n del SNNA o haber superado la prueba Exonera de acuerdo al reglamento establecido.<\/li><li>Copia de c\u00e9dula de ciudadan\u00eda y del certificado de votaci\u00f3n en caso de nacionales o Pasaporte vigente para extranjeros.<\/li><\/ul><p>Requisitos de graduaci\u00f3n<\/p><ul><li>Haber cumplido en su totalidad la malla curricular.<\/li><li>Haber sido aprobado\/a en una modalidad de titulaci\u00f3n de la carrera.<\/li><li>Demostrar suficiencia de dominio a nivel MCERL &#8211; B2 en un idioma extranjero al culminar sus estudios (Proceso coordinado por el Centro de Idiomas de la Universidad).<\/li><\/ul><p>Modalidades de titulaci\u00f3n<\/p><ul><li>&#8211; Examen de grado o de fin de carrera<\/li><li>&#8211; Proyectos de investigaci\u00f3n<\/li><li>&#8211; Ensayos o art\u00edculos acad\u00e9micos<\/li><li>&#8211; Emprendimientos<\/li><\/ul><p>Campo amplio:\u00a0 \u00a0 \u00a0 \u00a0 Administraci\u00f3n<\/p><p>Campo espec\u00edfico:\u00a0 Educaci\u00f3n comercial y administraci\u00f3n<\/p><p>Campo detallado:\u00a0 \u00a0 Mercadotecnia<\/p><\/div>\n\t\t\t\t\t\t\t\t\t<div class=\"elementor-tab-title elementor-tab-mobile-title\" aria-selected=\"false\" data-tab=\"2\" role=\"tab\" tabindex=\"-1\" aria-controls=\"elementor-tab-content-2472\" aria-expanded=\"false\">Malla Curricular<\/div>\n\t\t\t\t\t<div id=\"elementor-tab-content-2472\" class=\"elementor-tab-content elementor-clearfix\" data-tab=\"2\" role=\"tabpanel\" aria-labelledby=\"elementor-tab-title-2472\" tabindex=\"0\" hidden=\"hidden\"><p><a href=\"https:\/\/carreras.uleam.edu.ec\/extension-sucre\/wp-content\/uploads\/sites\/77\/2023\/02\/Malla-Mercadotecnia-TRANS.-PRIMERA-1-Cambio.pdf\" target=\"_blank\" rel=\"noopener\"><img loading=\"lazy\" decoding=\"async\" class=\"alignnone wp-image-114 size-large\" src=\"https:\/\/carreras.uleam.edu.ec\/extension-sucre\/wp-content\/uploads\/sites\/77\/2023\/02\/malla-Mercadotecnia-1024x651.png\" alt=\"\" width=\"1024\" height=\"651\" srcset=\"https:\/\/carreras.uleam.edu.ec\/extension-sucre\/wp-content\/uploads\/sites\/77\/2023\/02\/malla-Mercadotecnia-1024x651.png 1024w, https:\/\/carreras.uleam.edu.ec\/extension-sucre\/wp-content\/uploads\/sites\/77\/2023\/02\/malla-Mercadotecnia-300x191.png 300w, https:\/\/carreras.uleam.edu.ec\/extension-sucre\/wp-content\/uploads\/sites\/77\/2023\/02\/malla-Mercadotecnia-768x488.png 768w, https:\/\/carreras.uleam.edu.ec\/extension-sucre\/wp-content\/uploads\/sites\/77\/2023\/02\/malla-Mercadotecnia-1536x977.png 1536w, https:\/\/carreras.uleam.edu.ec\/extension-sucre\/wp-content\/uploads\/sites\/77\/2023\/02\/malla-Mercadotecnia-2048x1302.png 2048w\" sizes=\"auto, (max-width: 1024px) 100vw, 1024px\" \/><\/a><\/p><\/div>\n\t\t\t\t\t\t\t\t\t<div class=\"elementor-tab-title elementor-tab-mobile-title\" aria-selected=\"false\" data-tab=\"3\" role=\"tab\" tabindex=\"-1\" aria-controls=\"elementor-tab-content-2473\" aria-expanded=\"false\">Docentes<\/div>\n\t\t\t\t\t<div id=\"elementor-tab-content-2473\" class=\"elementor-tab-content elementor-clearfix\" data-tab=\"3\" role=\"tabpanel\" aria-labelledby=\"elementor-tab-title-2473\" tabindex=\"0\" hidden=\"hidden\"><ul><li>ABG. LUCIANO FARIAS QUIROZ<\/li><li>DRA. LILIA VILLAC\u00cdS ZAMBRANO<\/li><li>ECON. DAVID MORAN GONZ\u00c1LEZ<\/li><li>ING. ANA CECILIA V\u00c9LEZ FALCONES<\/li><li>ING. CARLINA ZAMBRANO ARAUZ<\/li><li>ING. CAROLINA HERRERA BARTOLOM\u00c9<\/li><li>ING. DANIEL ZAMBRANO MOLINA<\/li><li>ING. EDISON IRIARTE VERA<\/li><li>ING. ELIZABETH ORMAZA ESMERALDAS<\/li><li>ING. EMILIA GAUTHEROT HERN\u00c1NDEZ<\/li><li>ING. ERIKA ALMEIDA LINO<\/li><li>ING. FRANK LEMOINE QUINTERO<\/li><li>ING. LUIS MIGUEL MEJ\u00cdA RUPERTI<\/li><li>ING. RICARDO CHICA CEPEDA<\/li><li>ING. V\u00cdCTOR ROM\u00c1N V\u00c9LEZ<\/li><li>ING. VIVIANA CARVAJAL ZAMBRANO<\/li><li>LIC. CESAR CARBACHE MORA<\/li><li>LIC. DANIEL VERGARA CEVALLOS<\/li><li>LIC. ESTRELLA FERR\u00cdN DELGADO<\/li><li>LIC. FERNANDO V\u00c1SCONEZ ALVARADO<\/li><li>LIC. MAR\u00cdA ESTHER GARC\u00cdA MONTES<\/li><li>LIC. MAR\u00cdA PATI\u00d1O L\u00d3PEZ<\/li><li>LIC. VALERIA BRAVO G\u00d3MEZ<\/li><\/ul><\/div>\n\t\t\t\t\t\t\t\t\t<div class=\"elementor-tab-title elementor-tab-mobile-title\" aria-selected=\"false\" data-tab=\"4\" role=\"tab\" tabindex=\"-1\" aria-controls=\"elementor-tab-content-2474\" aria-expanded=\"false\">Datos Generales<\/div>\n\t\t\t\t\t<div id=\"elementor-tab-content-2474\" class=\"elementor-tab-content elementor-clearfix\" data-tab=\"4\" role=\"tabpanel\" aria-labelledby=\"elementor-tab-title-2474\" tabindex=\"0\" hidden=\"hidden\"><ul><li style=\"text-align: center\">Ing. Daniel Zambrano Molina, Mg.<\/li><li style=\"text-align: center\">COODINADOR DE CARRERA<\/li><li style=\"text-align: center\"><a href=\"mailto:luis.zambrano@uleam.edu.ec\">luis.zambrano@uleam.edu.ec<\/a><br \/><hr \/><\/li><li style=\"text-align: center\">Ec. Jenifer Pisco Garc\u00eda<\/li><li style=\"text-align: center\">SECRETARIA<\/li><li style=\"text-align: center\"><a href=\"mailto:jenifer.pisco@uleam.edu.ec\">jenifer.pisco@uleam.edu.ec<\/a><br \/><hr \/><\/li><li style=\"text-align: center\">Horario de atenci\u00f3n<\/li><li style=\"text-align: center\">08:00 a 16:30<\/li><\/ul><\/div>\n\t\t\t\t\t\t\t\t\t<div class=\"elementor-tab-title elementor-tab-mobile-title\" aria-selected=\"false\" data-tab=\"5\" role=\"tab\" tabindex=\"-1\" aria-controls=\"elementor-tab-content-2475\" aria-expanded=\"false\">Gesti\u00f3n y Proceso Estudiantil<\/div>\n\t\t\t\t\t<div id=\"elementor-tab-content-2475\" class=\"elementor-tab-content elementor-clearfix\" data-tab=\"5\" role=\"tabpanel\" aria-labelledby=\"elementor-tab-title-2475\" tabindex=\"0\" hidden=\"hidden\"><ul><li><strong>\u21d2<\/strong><strong>\u00a0<\/strong><strong>Pr<\/strong><strong>\u00e1<\/strong><strong>cticas Pre-profesionales<\/strong><\/li><li><strong>\u21d2<\/strong><strong> <a href=\"https:\/\/departamentos.uleam.edu.ec\/gestion-aseguramiento-calidad\/2019\/04\/08\/matricula\/\">Matr\u00edcula<\/a><\/strong><\/li><li><strong>\u21d2<\/strong><strong> <a href=\"https:\/\/departamentos.uleam.edu.ec\/gestion-aseguramiento-calidad\/reingreso-de-estudiantes\/\">Reingreso de estudiantes<\/a><\/strong><\/li><li><strong>\u21d2<\/strong><strong> <a href=\"https:\/\/departamentos.uleam.edu.ec\/gestion-aseguramiento-calidad\/homologacion-de-estudios-por-analisis-comparativo-de-contenidos\/\">Homologaci\u00f3n de Estudios por An\u00e1lisis Comparativo de Contenidos<\/a><\/strong><\/li><\/ul><\/div>\n\t\t\t\t\t\t\t<\/div>\n\t\t<\/div>\n\t\t\t\t<\/div>\n\t\t\t\t<\/div>\n\t\t\t\t\t<\/div>\n\t\t<\/div>\n\t\t\t\t\t\t\t<\/div>\n\t\t<\/section>\n\t\t\t\t\t\t<\/div>\n\t\t\t\t\t<\/div>\n\t\t","protected":false},"excerpt":{"rendered":"<p>Descripci\u00f3n General de la Carrera Malla Curricular Docentes Datos Generales Gesti\u00f3n y Proceso Estudiantil Descripci\u00f3n General de la Carrera Carrera:\u00a0 \u00a0 \u00a0 \u00a0 \u00a0 \u00a0 \u00a0 \u00a0 \u00a0 \u00a0 \u00a0 \u00a0 \u00a0 \u00a0 \u00a0 \u00a0 \u00a0 \u00a0MERCADOTECNIA T\u00edtulo que otorga:\u00a0 [&hellip;]<\/p>\n","protected":false},"author":7,"featured_media":0,"parent":0,"menu_order":0,"comment_status":"closed","ping_status":"closed","template":"","meta":{"_acf_changed":false,"footnotes":""},"class_list":["post-11","page","type-page","status-publish","hentry"],"acf":[],"_links":{"self":[{"href":"https:\/\/carreras.uleam.edu.ec\/extension-sucre\/wp-json\/wp\/v2\/pages\/11","targetHints":{"allow":["GET"]}}],"collection":[{"href":"https:\/\/carreras.uleam.edu.ec\/extension-sucre\/wp-json\/wp\/v2\/pages"}],"about":[{"href":"https:\/\/carreras.uleam.edu.ec\/extension-sucre\/wp-json\/wp\/v2\/types\/page"}],"author":[{"embeddable":true,"href":"https:\/\/carreras.uleam.edu.ec\/extension-sucre\/wp-json\/wp\/v2\/users\/7"}],"replies":[{"embeddable":true,"href":"https:\/\/carreras.uleam.edu.ec\/extension-sucre\/wp-json\/wp\/v2\/comments?post=11"}],"version-history":[{"count":21,"href":"https:\/\/carreras.uleam.edu.ec\/extension-sucre\/wp-json\/wp\/v2\/pages\/11\/revisions"}],"predecessor-version":[{"id":279,"href":"https:\/\/carreras.uleam.edu.ec\/extension-sucre\/wp-json\/wp\/v2\/pages\/11\/revisions\/279"}],"wp:attachment":[{"href":"https:\/\/carreras.uleam.edu.ec\/extension-sucre\/wp-json\/wp\/v2\/media?parent=11"}],"curies":[{"name":"wp","href":"https:\/\/api.w.org\/{rel}","templated":true}]}}