{"id":126,"date":"2023-02-15T20:44:26","date_gmt":"2023-02-15T20:44:26","guid":{"rendered":"https:\/\/carreras.uleam.edu.ec\/extension-sucre\/?page_id=126"},"modified":"2025-03-14T21:12:19","modified_gmt":"2025-03-14T21:12:19","slug":"carrera-agronegocios","status":"publish","type":"page","link":"https:\/\/carreras.uleam.edu.ec\/extension-sucre\/carrera-agronegocios\/","title":{"rendered":"Carrera Agronegocios"},"content":{"rendered":"\t\t<div data-elementor-type=\"wp-page\" data-elementor-id=\"126\" class=\"elementor elementor-126\" data-elementor-settings=\"[]\">\n\t\t\t\t\t\t\t<div class=\"elementor-section-wrap\">\n\t\t\t\t\t\t\t<section class=\"elementor-section elementor-top-section elementor-element elementor-element-ffe1e49 elementor-section-boxed elementor-section-height-default elementor-section-height-default\" data-id=\"ffe1e49\" data-element_type=\"section\">\n\t\t\t\t\t\t<div class=\"elementor-container elementor-column-gap-default\">\n\t\t\t\t\t<div class=\"elementor-column elementor-col-100 elementor-top-column elementor-element elementor-element-8e0f54c\" data-id=\"8e0f54c\" data-element_type=\"column\">\n\t\t\t<div class=\"elementor-widget-wrap elementor-element-populated\">\n\t\t\t\t\t\t\t\t<div class=\"elementor-element elementor-element-55c6152 elementor-tabs-view-horizontal elementor-widget elementor-widget-tabs\" data-id=\"55c6152\" data-element_type=\"widget\" data-widget_type=\"tabs.default\">\n\t\t\t\t<div class=\"elementor-widget-container\">\n\t\t\t\t\t<div class=\"elementor-tabs\">\n\t\t\t<div class=\"elementor-tabs-wrapper\" role=\"tablist\" >\n\t\t\t\t\t\t\t\t\t<div id=\"elementor-tab-title-8991\" class=\"elementor-tab-title elementor-tab-desktop-title\" aria-selected=\"true\" data-tab=\"1\" role=\"tab\" tabindex=\"0\" aria-controls=\"elementor-tab-content-8991\" aria-expanded=\"false\">Descripci\u00f3n General de la Carrera<\/div>\n\t\t\t\t\t\t\t\t\t<div id=\"elementor-tab-title-8992\" class=\"elementor-tab-title elementor-tab-desktop-title\" aria-selected=\"false\" data-tab=\"2\" role=\"tab\" tabindex=\"-1\" aria-controls=\"elementor-tab-content-8992\" aria-expanded=\"false\">Malla Curricular<\/div>\n\t\t\t\t\t\t\t\t\t<div id=\"elementor-tab-title-8993\" class=\"elementor-tab-title elementor-tab-desktop-title\" aria-selected=\"false\" data-tab=\"3\" role=\"tab\" tabindex=\"-1\" aria-controls=\"elementor-tab-content-8993\" aria-expanded=\"false\">Docentes<\/div>\n\t\t\t\t\t\t\t\t\t<div id=\"elementor-tab-title-8994\" class=\"elementor-tab-title elementor-tab-desktop-title\" aria-selected=\"false\" data-tab=\"4\" role=\"tab\" tabindex=\"-1\" aria-controls=\"elementor-tab-content-8994\" aria-expanded=\"false\">Datos Generales<\/div>\n\t\t\t\t\t\t\t\t\t<div id=\"elementor-tab-title-8995\" class=\"elementor-tab-title elementor-tab-desktop-title\" aria-selected=\"false\" data-tab=\"5\" role=\"tab\" tabindex=\"-1\" aria-controls=\"elementor-tab-content-8995\" aria-expanded=\"false\">Gesti\u00f3n y Proceso Estudiantil<\/div>\n\t\t\t\t\t\t\t<\/div>\n\t\t\t<div class=\"elementor-tabs-content-wrapper\" role=\"tablist\" aria-orientation=\"vertical\">\n\t\t\t\t\t\t\t\t\t<div class=\"elementor-tab-title elementor-tab-mobile-title\" aria-selected=\"true\" data-tab=\"1\" role=\"tab\" tabindex=\"0\" aria-controls=\"elementor-tab-content-8991\" aria-expanded=\"false\">Descripci\u00f3n General de la Carrera<\/div>\n\t\t\t\t\t<div id=\"elementor-tab-content-8991\" class=\"elementor-tab-content elementor-clearfix\" data-tab=\"1\" role=\"tabpanel\" aria-labelledby=\"elementor-tab-title-8991\" tabindex=\"0\" hidden=\"false\"><p style=\"text-align: justify\">Carrera:\u00a0 \u00a0 \u00a0 \u00a0 \u00a0 \u00a0 \u00a0 \u00a0 \u00a0 \u00a0 \u00a0 \u00a0 \u00a0 \u00a0 \u00a0 \u00a0 \u00a0 \u00a0 \u00a0 \u00a0 \u00a0 \u00a0 \u00a0 \u00a0 \u00a0 \u00a0Agronegocios<\/p><p style=\"text-align: justify\">Titulaci\u00f3n:\u00a0 \u00a0 \u00a0 \u00a0 \u00a0 \u00a0 \u00a0 \u00a0 \u00a0 \u00a0 \u00a0 \u00a0 \u00a0 \u00a0 \u00a0 \u00a0 \u00a0 \u00a0 \u00a0 \u00a0 \u00a0 \u00a0 \u00a0 \u00a0Licenciado\/a en Agronegocios<\/p><p style=\"text-align: justify\">N\u00famero de per\u00edodos acad\u00e9micos:\u00a0 \u00a0 \u00a08 periodos<\/p><p style=\"text-align: justify\">Modalidad de estudios\/aprendizaje:\u00a0 Presencial<\/p><p style=\"text-align: justify\">Objetivo general<\/p><p style=\"text-align: justify;padding-left: 40px\">Formar profesionales con conocimientos t\u00e9cnicos capaces de gestionar e innovar procesos y estrategias vinculadas a la comercializaci\u00f3n de bienes y servicios agroalimentarios, as\u00ed como en la administraci\u00f3n de recursos tangibles, intangibles y humanos, en concordancia con la demanda nacional e internacional.<\/p><p style=\"text-align: justify\">Perfil de ingreso<\/p><p style=\"text-align: justify\">El aspirante a esta carrera deber\u00e1 garantizar poseer las siguientes competencias y habilidades:<\/p><ul style=\"text-align: justify\"><li>Vocaci\u00f3n de servicio, solidaridad, autorreflexi\u00f3n y humanismo<\/li><li>Tener sentido de responsabilidad social<\/li><li>Capacidad de trabajo en equipo<\/li><li>Comprender su realidad natural<\/li><li>Comportamiento \u00e9tico e \u00edntegro.<\/li><li>An\u00e1lisis, s\u00edntesis y abstracci\u00f3n.<\/li><li>Razonamiento, fluidez y comprensi\u00f3n verbal.<\/li><li>Comunicaci\u00f3n efectiva<\/li><li>Ser creativo, innovador y proactivo<\/li><li>Inform\u00e1tica a nivel de usuario<\/li><\/ul><p style=\"text-align: justify\">Dichas competencias y habilidades evaluadas a trav\u00e9s del Sistema Nacional de Nivelaci\u00f3n y Admisi\u00f3n en el examen integrado Ser Bachiller o el mecanismo que a futuro se considere para el proceso.<\/p><p style=\"text-align: justify\">Requisitos de ingreso Descripci\u00f3n<\/p><p style=\"text-align: justify;padding-left: 40px\">1) Poseer t\u00edtulo de bachiller o su equivalente, de conformidad con la Ley.<\/p><p style=\"text-align: justify;padding-left: 40px\">2) Haber cumplido los requisitos normados por el Sistema de Nivelaci\u00f3n y Admisi\u00f3n, el mismo que observar\u00e1 los principios de igualdad de oportunidades, m\u00e9rito y capacidad.<\/p><p style=\"text-align: justify;padding-left: 40px\">3) Cumplir con la entrega de documentaci\u00f3n personal y habilitante en Secretar\u00eda General<\/p><p style=\"text-align: justify;padding-left: 40px\">4) En casos especiales, certificados de reconocimiento y homologaci\u00f3n de estudios de otras IES de conformidad con el Art\u00edculo 98 y 99 del Reglamento de R\u00e9gimen Acad\u00e9mico<\/p><p style=\"text-align: justify\">Requisitos de titulaci\u00f3n:<\/p><p style=\"text-align: justify;padding-left: 40px\">&#8211; Haber aprobado las asignaturas de las unidades b\u00e1sica y profesional del plan curricular de la carrera<\/p><p style=\"text-align: justify;padding-left: 40px\">&#8211; Acreditar suficiencia a nivel MERL-B1 al culminar la carrera conforme a lo dispuesto en Art. 80 del RRA aprobado por el CES: A trav\u00e9s del Instituto de Idiomas la universidad eval\u00faa a sus estudiantes para garantizar que tienen el nivel B1 en el idioma ingl\u00e9s, previo a la matriculaci\u00f3n en su \u00faltimo semestre de carrera. De manera opcional el estudiante puede asistir a programas de preparaci\u00f3n previa dictados por el propio instituto o a trav\u00e9s de programas online con instituciones con las que se mantienen convenios vigentes para estos procesos formativos.<\/p><p style=\"text-align: justify;padding-left: 40px\">&#8211; Aprobar el trabajo de integraci\u00f3n curricular de conformidad con lo establecido en el Reglamento Interno de R\u00e9gimen Acad\u00e9mico.<\/p><p style=\"text-align: justify;padding-left: 40px\">&#8211; Acreditar el cumplimiento de los requisitos de titulaci\u00f3n establecidos en la LOES: pr\u00e1cticas laborales y de servicio comunitario seg\u00fan lo aprobado en el proyecto de carrera.<\/p><p style=\"text-align: justify\">Modalidades de titulaci\u00f3n:<\/p><p style=\"text-align: justify;padding-left: 40px\">Desarrollo de un trabajo de integraci\u00f3n curricular<\/p><p style=\"text-align: justify\">Campo ocupacional:<\/p><p style=\"text-align: justify;padding-left: 40px\">El profesional ejerce de manera individual o asociado en organizaciones de tama\u00f1o micro, peque\u00f1o, mediano o grande, p\u00fablicas o privadas, nacionales y\/o internacionales que se encuentren vinculadas al sector agroalimentario y de identidad del productor agropecuario, tanto en la producci\u00f3n, transformaci\u00f3n y\/o comercializaci\u00f3n de bienes y servicios relacionados con el campo, adem\u00e1s implementa estrategias que le permitan diagnosticar, planear, administrar, organizar y\/o dirigir Agronegocios, teniendo \u00e9nfasis en las actividades de gesti\u00f3n, administraci\u00f3n y comercializaci\u00f3n de bienes y servicios agroalimentarios. As\u00ed, su vinculaci\u00f3n efectiva al campo laboral circunda en organizaciones urbanas o rurales que apoyen al sector agroalimentario, tanto a nivel local, regional o nacional, e inclusive podr\u00e1 crear su propia empresa vinculada con las actividades del sector agroalimentario.<\/p><\/div>\n\t\t\t\t\t\t\t\t\t<div class=\"elementor-tab-title elementor-tab-mobile-title\" aria-selected=\"false\" data-tab=\"2\" role=\"tab\" tabindex=\"-1\" aria-controls=\"elementor-tab-content-8992\" aria-expanded=\"false\">Malla Curricular<\/div>\n\t\t\t\t\t<div id=\"elementor-tab-content-8992\" class=\"elementor-tab-content elementor-clearfix\" data-tab=\"2\" role=\"tabpanel\" aria-labelledby=\"elementor-tab-title-8992\" tabindex=\"0\" hidden=\"hidden\"><p><a href=\"https:\/\/carreras.uleam.edu.ec\/extension-sucre\/wp-content\/uploads\/sites\/77\/2023\/02\/MALLA-AGRONEGOCIOS-SUCRE.png\" target=\"_blank\" rel=\"noopener\"><img loading=\"lazy\" decoding=\"async\" class=\"alignnone wp-image-159 size-large\" src=\"https:\/\/carreras.uleam.edu.ec\/extension-sucre\/wp-content\/uploads\/sites\/77\/2023\/02\/MALLA-AGRONEGOCIOS-SUCRE-1024x614.png\" alt=\"\" width=\"1024\" height=\"614\" srcset=\"https:\/\/carreras.uleam.edu.ec\/extension-sucre\/wp-content\/uploads\/sites\/77\/2023\/02\/MALLA-AGRONEGOCIOS-SUCRE-1024x614.png 1024w, https:\/\/carreras.uleam.edu.ec\/extension-sucre\/wp-content\/uploads\/sites\/77\/2023\/02\/MALLA-AGRONEGOCIOS-SUCRE-300x180.png 300w, https:\/\/carreras.uleam.edu.ec\/extension-sucre\/wp-content\/uploads\/sites\/77\/2023\/02\/MALLA-AGRONEGOCIOS-SUCRE-768x461.png 768w, https:\/\/carreras.uleam.edu.ec\/extension-sucre\/wp-content\/uploads\/sites\/77\/2023\/02\/MALLA-AGRONEGOCIOS-SUCRE-1536x922.png 1536w, https:\/\/carreras.uleam.edu.ec\/extension-sucre\/wp-content\/uploads\/sites\/77\/2023\/02\/MALLA-AGRONEGOCIOS-SUCRE-2048x1229.png 2048w, https:\/\/carreras.uleam.edu.ec\/extension-sucre\/wp-content\/uploads\/sites\/77\/2023\/02\/MALLA-AGRONEGOCIOS-SUCRE-2000x1200.png 2000w\" sizes=\"auto, (max-width: 1024px) 100vw, 1024px\" \/><\/a><\/p><\/div>\n\t\t\t\t\t\t\t\t\t<div class=\"elementor-tab-title elementor-tab-mobile-title\" aria-selected=\"false\" data-tab=\"3\" role=\"tab\" tabindex=\"-1\" aria-controls=\"elementor-tab-content-8993\" aria-expanded=\"false\">Docentes<\/div>\n\t\t\t\t\t<div id=\"elementor-tab-content-8993\" class=\"elementor-tab-content elementor-clearfix\" data-tab=\"3\" role=\"tabpanel\" aria-labelledby=\"elementor-tab-title-8993\" tabindex=\"0\" hidden=\"hidden\"><ul><li>LIC. B\u00c9LGICA CUZME<\/li><li>TONNY TOALA VERGARA<\/li><li>ING. FRANK LEMOINE QUINTERO<\/li><li>ING. LUIS MEJ\u00cdA RUPERTI<\/li><li>LIC. V\u00cdCTOR MERO MARCILLO<\/li><\/ul><\/div>\n\t\t\t\t\t\t\t\t\t<div class=\"elementor-tab-title elementor-tab-mobile-title\" aria-selected=\"false\" data-tab=\"4\" role=\"tab\" tabindex=\"-1\" aria-controls=\"elementor-tab-content-8994\" aria-expanded=\"false\">Datos Generales<\/div>\n\t\t\t\t\t<div id=\"elementor-tab-content-8994\" class=\"elementor-tab-content elementor-clearfix\" data-tab=\"4\" role=\"tabpanel\" aria-labelledby=\"elementor-tab-title-8994\" tabindex=\"0\" hidden=\"hidden\"><ul><li style=\"text-align: center\">Ing. Luis Mej\u00eda Ruperti, Mg.<\/li><li style=\"text-align: center\">COORDINADOR DE CARRERA<\/li><li style=\"text-align: center\"><a href=\"mailto:luis.mejia@uleam.edu.ec\">luis.mejia@uleam.edu.ec<\/a><\/li><\/ul><hr \/><ul style=\"text-align: center\"><li>Ec. Jenifer Pisco Garc\u00eda<\/li><li>SECRETARIA<\/li><li><a href=\"mailto:jenifer.pisco@uleam.edu.ec\">jenifer.pisco@uleam.edu.ec<\/a><\/li><\/ul><hr \/><ul><li style=\"text-align: center\">Horario de 08:00 a 16:30<\/li><\/ul><\/div>\n\t\t\t\t\t\t\t\t\t<div class=\"elementor-tab-title elementor-tab-mobile-title\" aria-selected=\"false\" data-tab=\"5\" role=\"tab\" tabindex=\"-1\" aria-controls=\"elementor-tab-content-8995\" aria-expanded=\"false\">Gesti\u00f3n y Proceso Estudiantil<\/div>\n\t\t\t\t\t<div id=\"elementor-tab-content-8995\" class=\"elementor-tab-content elementor-clearfix\" data-tab=\"5\" role=\"tabpanel\" aria-labelledby=\"elementor-tab-title-8995\" tabindex=\"0\" hidden=\"hidden\"><ul><li>\u21d2\u00a0Pr\u00e1cticas Pre-profesionales<\/li><li>\u21d2 <a href=\"https:\/\/departamentos.uleam.edu.ec\/gestion-aseguramiento-calidad\/2019\/04\/08\/matricula\/\">Matr\u00edcula<\/a><\/li><li>\u21d2 <a href=\"https:\/\/departamentos.uleam.edu.ec\/gestion-aseguramiento-calidad\/reingreso-de-estudiantes\/\">Reingreso de estudiantes<\/a><\/li><li>\u21d2 <a href=\"https:\/\/departamentos.uleam.edu.ec\/gestion-aseguramiento-calidad\/homologacion-de-estudios-por-analisis-comparativo-de-contenidos\/\">Homologaci\u00f3n de Estudios por An\u00e1lisis Comparativo de Contenidos<\/a><\/li><\/ul><\/div>\n\t\t\t\t\t\t\t<\/div>\n\t\t<\/div>\n\t\t\t\t<\/div>\n\t\t\t\t<\/div>\n\t\t\t\t\t<\/div>\n\t\t<\/div>\n\t\t\t\t\t\t\t<\/div>\n\t\t<\/section>\n\t\t\t\t\t\t<\/div>\n\t\t\t\t\t<\/div>\n\t\t","protected":false},"excerpt":{"rendered":"<p>Descripci\u00f3n General de la Carrera Malla Curricular Docentes Datos Generales Gesti\u00f3n y Proceso Estudiantil Descripci\u00f3n General de la Carrera Carrera:\u00a0 \u00a0 \u00a0 \u00a0 \u00a0 \u00a0 \u00a0 \u00a0 \u00a0 \u00a0 \u00a0 \u00a0 \u00a0 \u00a0 \u00a0 \u00a0 \u00a0 \u00a0 \u00a0 \u00a0 \u00a0 [&hellip;]<\/p>\n","protected":false},"author":7,"featured_media":0,"parent":0,"menu_order":0,"comment_status":"closed","ping_status":"closed","template":"","meta":{"_acf_changed":false,"footnotes":""},"class_list":["post-126","page","type-page","status-publish","hentry"],"acf":[],"_links":{"self":[{"href":"https:\/\/carreras.uleam.edu.ec\/extension-sucre\/wp-json\/wp\/v2\/pages\/126","targetHints":{"allow":["GET"]}}],"collection":[{"href":"https:\/\/carreras.uleam.edu.ec\/extension-sucre\/wp-json\/wp\/v2\/pages"}],"about":[{"href":"https:\/\/carreras.uleam.edu.ec\/extension-sucre\/wp-json\/wp\/v2\/types\/page"}],"author":[{"embeddable":true,"href":"https:\/\/carreras.uleam.edu.ec\/extension-sucre\/wp-json\/wp\/v2\/users\/7"}],"replies":[{"embeddable":true,"href":"https:\/\/carreras.uleam.edu.ec\/extension-sucre\/wp-json\/wp\/v2\/comments?post=126"}],"version-history":[{"count":14,"href":"https:\/\/carreras.uleam.edu.ec\/extension-sucre\/wp-json\/wp\/v2\/pages\/126\/revisions"}],"predecessor-version":[{"id":273,"href":"https:\/\/carreras.uleam.edu.ec\/extension-sucre\/wp-json\/wp\/v2\/pages\/126\/revisions\/273"}],"wp:attachment":[{"href":"https:\/\/carreras.uleam.edu.ec\/extension-sucre\/wp-json\/wp\/v2\/media?parent=126"}],"curies":[{"name":"wp","href":"https:\/\/api.w.org\/{rel}","templated":true}]}}