{"id":127,"date":"2023-02-15T20:45:00","date_gmt":"2023-02-15T20:45:00","guid":{"rendered":"https:\/\/carreras.uleam.edu.ec\/extension-sucre\/?page_id=127"},"modified":"2025-03-14T21:18:35","modified_gmt":"2025-03-14T21:18:35","slug":"carrera-enfermeria","status":"publish","type":"page","link":"https:\/\/carreras.uleam.edu.ec\/extension-sucre\/carrera-enfermeria\/","title":{"rendered":"Carrera Enfermer\u00eda"},"content":{"rendered":"\t\t<div data-elementor-type=\"wp-page\" data-elementor-id=\"127\" class=\"elementor elementor-127\" data-elementor-settings=\"[]\">\n\t\t\t\t\t\t\t<div class=\"elementor-section-wrap\">\n\t\t\t\t\t\t\t<section class=\"elementor-section elementor-top-section elementor-element elementor-element-6c7ee6d elementor-section-boxed elementor-section-height-default elementor-section-height-default\" data-id=\"6c7ee6d\" data-element_type=\"section\">\n\t\t\t\t\t\t<div class=\"elementor-container elementor-column-gap-default\">\n\t\t\t\t\t<div class=\"elementor-column elementor-col-100 elementor-top-column elementor-element elementor-element-6305bc9\" data-id=\"6305bc9\" data-element_type=\"column\">\n\t\t\t<div class=\"elementor-widget-wrap elementor-element-populated\">\n\t\t\t\t\t\t\t\t<div class=\"elementor-element elementor-element-ffd3e0a elementor-tabs-view-horizontal elementor-widget elementor-widget-tabs\" data-id=\"ffd3e0a\" data-element_type=\"widget\" data-widget_type=\"tabs.default\">\n\t\t\t\t<div class=\"elementor-widget-container\">\n\t\t\t\t\t<div class=\"elementor-tabs\">\n\t\t\t<div class=\"elementor-tabs-wrapper\" role=\"tablist\" >\n\t\t\t\t\t\t\t\t\t<div id=\"elementor-tab-title-2681\" class=\"elementor-tab-title elementor-tab-desktop-title\" aria-selected=\"true\" data-tab=\"1\" role=\"tab\" tabindex=\"0\" aria-controls=\"elementor-tab-content-2681\" aria-expanded=\"false\">Descripci\u00f3n General de la Carrera<\/div>\n\t\t\t\t\t\t\t\t\t<div id=\"elementor-tab-title-2682\" class=\"elementor-tab-title elementor-tab-desktop-title\" aria-selected=\"false\" data-tab=\"2\" role=\"tab\" tabindex=\"-1\" aria-controls=\"elementor-tab-content-2682\" aria-expanded=\"false\">Malla Curricular<\/div>\n\t\t\t\t\t\t\t\t\t<div id=\"elementor-tab-title-2683\" class=\"elementor-tab-title elementor-tab-desktop-title\" aria-selected=\"false\" data-tab=\"3\" role=\"tab\" tabindex=\"-1\" aria-controls=\"elementor-tab-content-2683\" aria-expanded=\"false\">Docentes<\/div>\n\t\t\t\t\t\t\t\t\t<div id=\"elementor-tab-title-2684\" class=\"elementor-tab-title elementor-tab-desktop-title\" aria-selected=\"false\" data-tab=\"4\" role=\"tab\" tabindex=\"-1\" aria-controls=\"elementor-tab-content-2684\" aria-expanded=\"false\">Datos Generales<\/div>\n\t\t\t\t\t\t\t\t\t<div id=\"elementor-tab-title-2685\" class=\"elementor-tab-title elementor-tab-desktop-title\" aria-selected=\"false\" data-tab=\"5\" role=\"tab\" tabindex=\"-1\" aria-controls=\"elementor-tab-content-2685\" aria-expanded=\"false\">Gesti\u00f3n y Proceso Estudiantil<\/div>\n\t\t\t\t\t\t\t<\/div>\n\t\t\t<div class=\"elementor-tabs-content-wrapper\" role=\"tablist\" aria-orientation=\"vertical\">\n\t\t\t\t\t\t\t\t\t<div class=\"elementor-tab-title elementor-tab-mobile-title\" aria-selected=\"true\" data-tab=\"1\" role=\"tab\" tabindex=\"0\" aria-controls=\"elementor-tab-content-2681\" aria-expanded=\"false\">Descripci\u00f3n General de la Carrera<\/div>\n\t\t\t\t\t<div id=\"elementor-tab-content-2681\" class=\"elementor-tab-content elementor-clearfix\" data-tab=\"1\" role=\"tabpanel\" aria-labelledby=\"elementor-tab-title-2681\" tabindex=\"0\" hidden=\"false\"><p>Carrera:\u00a0 \u00a0 \u00a0 \u00a0 \u00a0 \u00a0 \u00a0 \u00a0 \u00a0 \u00a0 \u00a0 \u00a0 \u00a0 \u00a0 \u00a0 \u00a0 \u00a0 \u00a0 \u00a0 \u00a0 \u00a0 \u00a0 \u00a0 \u00a0Enfermer\u00eda<\/p><p>Titulaci\u00f3n:\u00a0 \u00a0 \u00a0 \u00a0 \u00a0 \u00a0 \u00a0 \u00a0 \u00a0 \u00a0 \u00a0 \u00a0 \u00a0 \u00a0 \u00a0 \u00a0 \u00a0 \u00a0 \u00a0 \u00a0 \u00a0 \u00a0Licenciado \/ a en Enfermer\u00eda<\/p><p>N\u00famero de per\u00edodos acad\u00e9micos: 7<\/p><p>\u00a0Modalidad de estudios:\u00a0 \u00a0 \u00a0 \u00a0 \u00a0 \u00a0 \u00a0 \u00a0 \u00a0 \u00a0 Presencial<\/p><p>Objetivo general<\/p><p style=\"padding-left: 40px;text-align: justify\">Formar profesionales de Enfermer\u00eda a partir de los problemas vinculados al cuidado integral de la persona, la familia, la comunidad y el entorno en los niveles de atenci\u00f3n primaria, secundaria y terciaria de salud desde una visi\u00f3n te\u00f3rico-metodol\u00f3gica, hol\u00edstica y paradigm\u00e1tica, para la transformaci\u00f3n de la calidad de vida de la poblaci\u00f3n aportando al desarrollo de la matriz de servicios del Plan Nacional Creando Oportunidades 2021-2025<\/p><p>Perfil de ingreso.<\/p><p style=\"padding-left: 80px;text-align: justify\">El aspirante a la carrera de Enfermer\u00eda deber\u00e1 caracterizarse por: pensar rigurosamente, utilizar herramientas tecnol\u00f3gicas reflexiva y pragm\u00e1ticamente, actuar como ciudadano responsable, manejar sus emociones en la interrelaci\u00f3n social, cuidar de su salud y bienestar personal, y aprender por el resto de su vida 3.2.1.- Requisitos de ingreso<\/p><p>Descripci\u00f3n<\/p><p style=\"padding-left: 40px\">Poseer t\u00edtulo de bachiller o su equivalente, de conformidad con la Ley.<\/p><p style=\"padding-left: 40px\">Haber cumplido los requisitos normados por el Sistema de Nivelaci\u00f3n y Admisi\u00f3n<\/p><p style=\"padding-left: 40px\">Presentar c\u00e9dula de ciudadan\u00eda o pasaporte vigente con las regulaciones para su estancia<\/p><p style=\"padding-left: 40px\">Cumplir con los requisitos establecidos en el Art. 96 del Reglamento de R\u00e9gimen Acad\u00e9mico para casos de movilidad interna o externa<\/p><p>Perfil profesional<\/p><p style=\"padding-left: 40px;text-align: justify\">El profesional en Enfermer\u00eda ser\u00e1 capaz de comprender los procesos biol\u00f3gicos, psicol\u00f3gicos, sociales, culturales, comunicativos y educativos, gestionando los procesos de promoci\u00f3n, prevenci\u00f3n, curaci\u00f3n y rehabilitaci\u00f3n dirigido a la persona, el entorno, la salud y el cuidado en los niveles de atenci\u00f3n orientando el desarrollo social y la construcci\u00f3n de la democracia en el marco del Plan Nacional Creando Oportunidades 2021-2025.<\/p><p>Requisitos de titulaci\u00f3n<\/p><ul><li>Aprobar todas las asignaturas de la malla curricular de la carrera incluyendo las pr\u00e1cticas preprofesionales<\/li><\/ul><p style=\"padding-left: 40px\">Aprobar el trabajo de la unidad de integraci\u00f3n curricular de conformidad con lo que establece el Reglamento de R\u00e9gimen Acad\u00e9mico de la ULEAM<\/p><p style=\"padding-left: 40px\">Demostrar suficiencia de dominio a nivel MCER \u2013 B1 en una lengua extranjera al culminar sus estudios por medio del certificado u homologaci\u00f3n por el Instituto de Idiomas de la Universidad<\/p><p>Trabajos de titulaci\u00f3n Opciones de aprobaci\u00f3n de la unidad de integraci\u00f3n curricular<\/p><ul><li>Examen de car\u00e1cter complexivo<\/li><li>Desarrollo de un trabajo de integraci\u00f3n curricular<\/li><\/ul><p>CAMPO OCUPACIONAL<\/p><ul><li>Campo amplio: Salud y bienestar<\/li><li>Campo espec\u00edfico: Salud<\/li><li>Campo detallado: Enfermer\u00eda y obstetricia<\/li><\/ul><\/div>\n\t\t\t\t\t\t\t\t\t<div class=\"elementor-tab-title elementor-tab-mobile-title\" aria-selected=\"false\" data-tab=\"2\" role=\"tab\" tabindex=\"-1\" aria-controls=\"elementor-tab-content-2682\" aria-expanded=\"false\">Malla Curricular<\/div>\n\t\t\t\t\t<div id=\"elementor-tab-content-2682\" class=\"elementor-tab-content elementor-clearfix\" data-tab=\"2\" role=\"tabpanel\" aria-labelledby=\"elementor-tab-title-2682\" tabindex=\"0\" hidden=\"hidden\"><p><a href=\"https:\/\/carreras.uleam.edu.ec\/extension-sucre\/wp-content\/uploads\/sites\/77\/2023\/02\/MALLA-CURRICULAR-CARRERA-DE-ENFERMERIA-2.pdf\" target=\"_blank\" rel=\"noopener\"><img loading=\"lazy\" decoding=\"async\" class=\"alignnone wp-image-168 size-large\" src=\"https:\/\/carreras.uleam.edu.ec\/extension-sucre\/wp-content\/uploads\/sites\/77\/2023\/02\/MALLA-ENFERMERIA-SUCRE-1024x688.png\" alt=\"\" width=\"1024\" height=\"688\" srcset=\"https:\/\/carreras.uleam.edu.ec\/extension-sucre\/wp-content\/uploads\/sites\/77\/2023\/02\/MALLA-ENFERMERIA-SUCRE-1024x688.png 1024w, https:\/\/carreras.uleam.edu.ec\/extension-sucre\/wp-content\/uploads\/sites\/77\/2023\/02\/MALLA-ENFERMERIA-SUCRE-300x201.png 300w, https:\/\/carreras.uleam.edu.ec\/extension-sucre\/wp-content\/uploads\/sites\/77\/2023\/02\/MALLA-ENFERMERIA-SUCRE-768x516.png 768w, https:\/\/carreras.uleam.edu.ec\/extension-sucre\/wp-content\/uploads\/sites\/77\/2023\/02\/MALLA-ENFERMERIA-SUCRE-1536x1031.png 1536w, https:\/\/carreras.uleam.edu.ec\/extension-sucre\/wp-content\/uploads\/sites\/77\/2023\/02\/MALLA-ENFERMERIA-SUCRE-2048x1375.png 2048w\" sizes=\"auto, (max-width: 1024px) 100vw, 1024px\" \/><\/a><\/p><\/div>\n\t\t\t\t\t\t\t\t\t<div class=\"elementor-tab-title elementor-tab-mobile-title\" aria-selected=\"false\" data-tab=\"3\" role=\"tab\" tabindex=\"-1\" aria-controls=\"elementor-tab-content-2683\" aria-expanded=\"false\">Docentes<\/div>\n\t\t\t\t\t<div id=\"elementor-tab-content-2683\" class=\"elementor-tab-content elementor-clearfix\" data-tab=\"3\" role=\"tabpanel\" aria-labelledby=\"elementor-tab-title-2683\" tabindex=\"0\" hidden=\"hidden\"><ul><li>Toala Vergara Tonny Thomas, Dr.<\/li><li>Cuzme Briones B\u00e9lgica Isabel, Mg.<\/li><li>Paladines Poma Lida Cumand\u00e1, Mg.<\/li><\/ul><\/div>\n\t\t\t\t\t\t\t\t\t<div class=\"elementor-tab-title elementor-tab-mobile-title\" aria-selected=\"false\" data-tab=\"4\" role=\"tab\" tabindex=\"-1\" aria-controls=\"elementor-tab-content-2684\" aria-expanded=\"false\">Datos Generales<\/div>\n\t\t\t\t\t<div id=\"elementor-tab-content-2684\" class=\"elementor-tab-content elementor-clearfix\" data-tab=\"4\" role=\"tabpanel\" aria-labelledby=\"elementor-tab-title-2684\" tabindex=\"0\" hidden=\"hidden\"><ul><li style=\"text-align: center\">Lic. Mar\u00eda Pati\u00f1o L\u00f3pez, Mg.<\/li><li style=\"text-align: center\">COORDINADORA DE CARRERA<\/li><li style=\"text-align: center\"><a href=\"mailto:maria.patino@uleam.edu.ec\">maria.patino@uleam.edu.ec<\/a><\/li><\/ul><hr \/><ul><li style=\"text-align: center\">Sra. Mirna Delgado Baird<\/li><li style=\"text-align: center\">SECRETARIA<\/li><li style=\"text-align: center\"><a href=\"mailto:mirna.delgado@uleam.edu.ec\">mirna.delgado@uleam.edu.ec<\/a><\/li><\/ul><hr \/><ul><li style=\"text-align: center\">Horario de 09:00 a 17:30<\/li><\/ul><\/div>\n\t\t\t\t\t\t\t\t\t<div class=\"elementor-tab-title elementor-tab-mobile-title\" aria-selected=\"false\" data-tab=\"5\" role=\"tab\" tabindex=\"-1\" aria-controls=\"elementor-tab-content-2685\" aria-expanded=\"false\">Gesti\u00f3n y Proceso Estudiantil<\/div>\n\t\t\t\t\t<div id=\"elementor-tab-content-2685\" class=\"elementor-tab-content elementor-clearfix\" data-tab=\"5\" role=\"tabpanel\" aria-labelledby=\"elementor-tab-title-2685\" tabindex=\"0\" hidden=\"hidden\"><ul><li>\u21d2\u00a0Pr\u00e1cticas Pre-profesionales<\/li><li>\u21d2 <a href=\"https:\/\/departamentos.uleam.edu.ec\/gestion-aseguramiento-calidad\/2019\/04\/08\/matricula\/\">Matr\u00edcula<\/a><\/li><li>\u21d2 <a href=\"https:\/\/departamentos.uleam.edu.ec\/gestion-aseguramiento-calidad\/reingreso-de-estudiantes\/\">Reingreso de estudiantes<\/a><\/li><li>\u21d2 <a href=\"https:\/\/departamentos.uleam.edu.ec\/gestion-aseguramiento-calidad\/homologacion-de-estudios-por-analisis-comparativo-de-contenidos\/\">Homologaci\u00f3n de Estudios por An\u00e1lisis Comparativo de Contenidos<\/a><\/li><\/ul><\/div>\n\t\t\t\t\t\t\t<\/div>\n\t\t<\/div>\n\t\t\t\t<\/div>\n\t\t\t\t<\/div>\n\t\t\t\t\t<\/div>\n\t\t<\/div>\n\t\t\t\t\t\t\t<\/div>\n\t\t<\/section>\n\t\t\t\t\t\t<\/div>\n\t\t\t\t\t<\/div>\n\t\t","protected":false},"excerpt":{"rendered":"<p>Descripci\u00f3n General de la Carrera Malla Curricular Docentes Datos Generales Gesti\u00f3n y Proceso Estudiantil Descripci\u00f3n General de la Carrera Carrera:\u00a0 \u00a0 \u00a0 \u00a0 \u00a0 \u00a0 \u00a0 \u00a0 \u00a0 \u00a0 \u00a0 \u00a0 \u00a0 \u00a0 \u00a0 \u00a0 \u00a0 \u00a0 \u00a0 \u00a0 \u00a0 [&hellip;]<\/p>\n","protected":false},"author":7,"featured_media":0,"parent":0,"menu_order":0,"comment_status":"closed","ping_status":"closed","template":"","meta":{"_acf_changed":false,"footnotes":""},"class_list":["post-127","page","type-page","status-publish","hentry"],"acf":[],"_links":{"self":[{"href":"https:\/\/carreras.uleam.edu.ec\/extension-sucre\/wp-json\/wp\/v2\/pages\/127","targetHints":{"allow":["GET"]}}],"collection":[{"href":"https:\/\/carreras.uleam.edu.ec\/extension-sucre\/wp-json\/wp\/v2\/pages"}],"about":[{"href":"https:\/\/carreras.uleam.edu.ec\/extension-sucre\/wp-json\/wp\/v2\/types\/page"}],"author":[{"embeddable":true,"href":"https:\/\/carreras.uleam.edu.ec\/extension-sucre\/wp-json\/wp\/v2\/users\/7"}],"replies":[{"embeddable":true,"href":"https:\/\/carreras.uleam.edu.ec\/extension-sucre\/wp-json\/wp\/v2\/comments?post=127"}],"version-history":[{"count":15,"href":"https:\/\/carreras.uleam.edu.ec\/extension-sucre\/wp-json\/wp\/v2\/pages\/127\/revisions"}],"predecessor-version":[{"id":277,"href":"https:\/\/carreras.uleam.edu.ec\/extension-sucre\/wp-json\/wp\/v2\/pages\/127\/revisions\/277"}],"wp:attachment":[{"href":"https:\/\/carreras.uleam.edu.ec\/extension-sucre\/wp-json\/wp\/v2\/media?parent=127"}],"curies":[{"name":"wp","href":"https:\/\/api.w.org\/{rel}","templated":true}]}}